{"id":4284,"date":"2023-12-06T07:15:53","date_gmt":"2023-12-06T05:15:53","guid":{"rendered":"https:\/\/www.ovidiudragosargesanu.ro\/?post_type=product&#038;p=4284"},"modified":"2025-02-28T21:23:39","modified_gmt":"2025-02-28T19:23:39","slug":"abundenta-si-bunastarea","status":"publish","type":"product","link":"https:\/\/www.ovidiudragosargesanu.ro\/en\/shop\/conferinte-premium\/drept-divin-conferinte-premium\/abundenta-si-bunastarea\/","title":{"rendered":"Conferin\u021b\u0103: Abundenta si bunastarea"},"content":{"rendered":"<p><span style=\"font-weight: 400;\">Abunden\u021ba reprezint\u0103 generozitatea de a \u00eemp\u0103rt\u0103\u0219i cu ceilal\u021bi \u0219i a avea mai mult dec\u00e2t necesarul personal. Distinct\u0103 de bun\u0103stare, abunden\u021ba \u00eenseamn\u0103 a avea un surplus pentru a sprijini pe cei \u00een nevoie. Fiecare nivel spiritual reflect\u0103 o treapt\u0103 distinct\u0103 \u00eentre abunden\u021b\u0103 \u0219i bun\u0103stare, iar echilibrul interior este esen\u021bial pentru a te potrivi cu binele material \u0219i spiritual. Descoper\u0103 semnifica\u021bia profund\u0103 a dreptului divin \u0219i cum karmele influen\u021beaz\u0103 accesul la experien\u021bele \u0219i resursele pe care le avem, urm\u0103rind cursul \u201cAbunden\u021ba \u0219i bun\u0103starea \u00een plan material \u0219i divin\u201c sus\u021binut de Dr. Ovidiu-Drago\u0219 Are\u0219anu.<\/span><\/p>\n<p>&nbsp;<\/p>\n<p>&nbsp;<\/p>\n","protected":false},"excerpt":{"rendered":"<p>ACCES NELIMITAT!<\/p>\n<p>Descoper\u0103 \u00een cadrul cursului \u201cAbunden\u021ba \u0219i bun\u0103starea \u00een plan material \u0219i divin\u201c sus\u021binut de Dr. Ovidiu-Drago\u0219 Are\u0219anu semnifica\u021bia abunden\u021bei \u0219i a bun\u0103st\u0103rii. \u00cenva\u021b\u0103 cum s\u0103 ob\u021bii sau pierzi dreptul divin \u00een privin\u021ba banilor \u0219i cum s\u0103 materializezi aceste concepte prin vizionarea acestei conferin\u021be captivante.<\/p>\n","protected":false},"featured_media":4670,"template":"","meta":{"inline_featured_image":false},"product_brand":[],"product_cat":[604,688],"product_tag":[],"class_list":{"0":"post-4284","1":"product","2":"type-product","3":"status-publish","4":"has-post-thumbnail","6":"product_cat-conferinte-premium","7":"product_cat-drept-divin-conferinte-premium","9":"first","10":"instock","11":"virtual","12":"taxable","13":"purchasable","14":"product-type-simple"},"yoast_head":"<!-- This site is optimized with the Yoast SEO plugin v26.9 - https:\/\/yoast.com\/product\/yoast-seo-wordpress\/ -->\n<title>Conferin\u021b\u0103: Abundenta si bunastarea - Ovidiu Drago\u0219 Arge\u0219anu<\/title>\n<meta name=\"description\" content=\"Descoper\u0103 abunden\u021ba \u0219i bun\u0103starea urm\u0103rind cursul \u201cAbunden\u021ba \u0219i bun\u0103stare \u00een plan material \u0219i divin\u201c sus\u021binut de Dr. Ovidiu-Drago\u0219 Arge\u0219anu,\" \/>\n<meta name=\"robots\" content=\"noindex, follow, max-snippet:-1, max-image-preview:large, max-video-preview:-1\" \/>\n<meta property=\"og:locale\" content=\"en_US\" \/>\n<meta property=\"og:type\" content=\"article\" \/>\n<meta property=\"og:title\" content=\"Conferin\u021b\u0103: Abundenta si bunastarea - Ovidiu Drago\u0219 Arge\u0219anu\" \/>\n<meta property=\"og:description\" content=\"Descoper\u0103 abunden\u021ba \u0219i bun\u0103starea urm\u0103rind cursul \u201cAbunden\u021ba \u0219i bun\u0103stare \u00een plan material \u0219i divin\u201c sus\u021binut de Dr. Ovidiu-Drago\u0219 Arge\u0219anu,\" \/>\n<meta property=\"og:url\" content=\"https:\/\/www.ovidiudragosargesanu.ro\/en\/shop\/conferinte-premium\/drept-divin-conferinte-premium\/abundenta-si-bunastarea\/\" \/>\n<meta property=\"og:site_name\" content=\"Ovidiu Drago\u0219 Arge\u0219anu\" \/>\n<meta property=\"article:modified_time\" content=\"2025-02-28T19:23:39+00:00\" \/>\n<meta property=\"og:image\" content=\"https:\/\/www.ovidiudragosargesanu.ro\/en\/wp-content\/uploads\/2023\/12\/Abundenta-si-bunastarea-Conferinta-1.png\" \/>\n\t<meta property=\"og:image:width\" content=\"600\" \/>\n\t<meta property=\"og:image:height\" content=\"800\" \/>\n\t<meta property=\"og:image:type\" content=\"image\/png\" \/>\n<meta name=\"twitter:card\" content=\"summary_large_image\" \/>\n<meta name=\"twitter:label1\" content=\"Est. reading time\" \/>\n\t<meta name=\"twitter:data1\" content=\"1 minute\" \/>\n<script type=\"application\/ld+json\" class=\"yoast-schema-graph\">{\"@context\":\"https:\/\/schema.org\",\"@graph\":[{\"@type\":\"WebPage\",\"@id\":\"https:\/\/www.ovidiudragosargesanu.ro\/en\/shop\/conferinte-premium\/drept-divin-conferinte-premium\/abundenta-si-bunastarea\/\",\"url\":\"https:\/\/www.ovidiudragosargesanu.ro\/en\/shop\/conferinte-premium\/drept-divin-conferinte-premium\/abundenta-si-bunastarea\/\",\"name\":\"Conferin\u021b\u0103: Abundenta si bunastarea - Ovidiu Drago\u0219 Arge\u0219anu\",\"isPartOf\":{\"@id\":\"https:\/\/www.ovidiudragosargesanu.ro\/en\/#website\"},\"primaryImageOfPage\":{\"@id\":\"https:\/\/www.ovidiudragosargesanu.ro\/en\/shop\/conferinte-premium\/drept-divin-conferinte-premium\/abundenta-si-bunastarea\/#primaryimage\"},\"image\":{\"@id\":\"https:\/\/www.ovidiudragosargesanu.ro\/en\/shop\/conferinte-premium\/drept-divin-conferinte-premium\/abundenta-si-bunastarea\/#primaryimage\"},\"thumbnailUrl\":\"https:\/\/www.ovidiudragosargesanu.ro\/en\/wp-content\/uploads\/2023\/12\/Abundenta-si-bunastarea-Conferinta-1.png\",\"datePublished\":\"2023-12-06T05:15:53+00:00\",\"dateModified\":\"2025-02-28T19:23:39+00:00\",\"description\":\"Descoper\u0103 abunden\u021ba \u0219i bun\u0103starea urm\u0103rind cursul \u201cAbunden\u021ba \u0219i bun\u0103stare \u00een plan material \u0219i divin\u201c sus\u021binut de Dr. Ovidiu-Drago\u0219 Arge\u0219anu,\",\"breadcrumb\":{\"@id\":\"https:\/\/www.ovidiudragosargesanu.ro\/en\/shop\/conferinte-premium\/drept-divin-conferinte-premium\/abundenta-si-bunastarea\/#breadcrumb\"},\"inLanguage\":\"en-US\",\"potentialAction\":[{\"@type\":\"ReadAction\",\"target\":[\"https:\/\/www.ovidiudragosargesanu.ro\/en\/shop\/conferinte-premium\/drept-divin-conferinte-premium\/abundenta-si-bunastarea\/\"]}]},{\"@type\":\"ImageObject\",\"inLanguage\":\"en-US\",\"@id\":\"https:\/\/www.ovidiudragosargesanu.ro\/en\/shop\/conferinte-premium\/drept-divin-conferinte-premium\/abundenta-si-bunastarea\/#primaryimage\",\"url\":\"https:\/\/www.ovidiudragosargesanu.ro\/en\/wp-content\/uploads\/2023\/12\/Abundenta-si-bunastarea-Conferinta-1.png\",\"contentUrl\":\"https:\/\/www.ovidiudragosargesanu.ro\/en\/wp-content\/uploads\/2023\/12\/Abundenta-si-bunastarea-Conferinta-1.png\",\"width\":600,\"height\":800},{\"@type\":\"BreadcrumbList\",\"@id\":\"https:\/\/www.ovidiudragosargesanu.ro\/en\/shop\/conferinte-premium\/drept-divin-conferinte-premium\/abundenta-si-bunastarea\/#breadcrumb\",\"itemListElement\":[{\"@type\":\"ListItem\",\"position\":1,\"name\":\"Prima pagin\u0103\",\"item\":\"https:\/\/www.ovidiudragosargesanu.ro\/en\/\"},{\"@type\":\"ListItem\",\"position\":2,\"name\":\"Shop\",\"item\":\"https:\/\/www.ovidiudragosargesanu.ro\/en\/shop\/\"},{\"@type\":\"ListItem\",\"position\":3,\"name\":\"Conferin\u021b\u0103: Abundenta si bunastarea\"}]},{\"@type\":\"WebSite\",\"@id\":\"https:\/\/www.ovidiudragosargesanu.ro\/en\/#website\",\"url\":\"https:\/\/www.ovidiudragosargesanu.ro\/en\/\",\"name\":\"Ovidiu Drago\u0219 Arge\u0219anu\",\"description\":\"\",\"publisher\":{\"@id\":\"https:\/\/www.ovidiudragosargesanu.ro\/en\/#organization\"},\"potentialAction\":[{\"@type\":\"SearchAction\",\"target\":{\"@type\":\"EntryPoint\",\"urlTemplate\":\"https:\/\/www.ovidiudragosargesanu.ro\/en\/?s={search_term_string}\"},\"query-input\":{\"@type\":\"PropertyValueSpecification\",\"valueRequired\":true,\"valueName\":\"search_term_string\"}}],\"inLanguage\":\"en-US\"},{\"@type\":\"Organization\",\"@id\":\"https:\/\/www.ovidiudragosargesanu.ro\/en\/#organization\",\"name\":\"Ovidiu Drago\u0219 Arge\u0219anu\",\"url\":\"https:\/\/www.ovidiudragosargesanu.ro\/en\/\",\"logo\":{\"@type\":\"ImageObject\",\"inLanguage\":\"en-US\",\"@id\":\"https:\/\/www.ovidiudragosargesanu.ro\/en\/#\/schema\/logo\/image\/\",\"url\":\"https:\/\/www.ovidiudragosargesanu.ro\/en\/wp-content\/uploads\/2018\/03\/dragos-logo-lotus-black-400.svg\",\"contentUrl\":\"https:\/\/www.ovidiudragosargesanu.ro\/en\/wp-content\/uploads\/2018\/03\/dragos-logo-lotus-black-400.svg\",\"width\":300,\"height\":150,\"caption\":\"Ovidiu Drago\u0219 Arge\u0219anu\"},\"image\":{\"@id\":\"https:\/\/www.ovidiudragosargesanu.ro\/en\/#\/schema\/logo\/image\/\"}}]}<\/script>\n<!-- \/ Yoast SEO plugin. -->","yoast_head_json":{"title":"Conferin\u021b\u0103: Abundenta si bunastarea - Ovidiu Drago\u0219 Arge\u0219anu","description":"Descoper\u0103 abunden\u021ba \u0219i bun\u0103starea urm\u0103rind cursul \u201cAbunden\u021ba \u0219i bun\u0103stare \u00een plan material \u0219i divin\u201c sus\u021binut de Dr. Ovidiu-Drago\u0219 Arge\u0219anu,","robots":{"index":"noindex","follow":"follow","max-snippet":"max-snippet:-1","max-image-preview":"max-image-preview:large","max-video-preview":"max-video-preview:-1"},"og_locale":"en_US","og_type":"article","og_title":"Conferin\u021b\u0103: Abundenta si bunastarea - Ovidiu Drago\u0219 Arge\u0219anu","og_description":"Descoper\u0103 abunden\u021ba \u0219i bun\u0103starea urm\u0103rind cursul \u201cAbunden\u021ba \u0219i bun\u0103stare \u00een plan material \u0219i divin\u201c sus\u021binut de Dr. Ovidiu-Drago\u0219 Arge\u0219anu,","og_url":"https:\/\/www.ovidiudragosargesanu.ro\/en\/shop\/conferinte-premium\/drept-divin-conferinte-premium\/abundenta-si-bunastarea\/","og_site_name":"Ovidiu Drago\u0219 Arge\u0219anu","article_modified_time":"2025-02-28T19:23:39+00:00","og_image":[{"width":600,"height":800,"url":"https:\/\/www.ovidiudragosargesanu.ro\/en\/wp-content\/uploads\/2023\/12\/Abundenta-si-bunastarea-Conferinta-1.png","type":"image\/png"}],"twitter_card":"summary_large_image","twitter_misc":{"Est. reading time":"1 minute"},"schema":{"@context":"https:\/\/schema.org","@graph":[{"@type":"WebPage","@id":"https:\/\/www.ovidiudragosargesanu.ro\/en\/shop\/conferinte-premium\/drept-divin-conferinte-premium\/abundenta-si-bunastarea\/","url":"https:\/\/www.ovidiudragosargesanu.ro\/en\/shop\/conferinte-premium\/drept-divin-conferinte-premium\/abundenta-si-bunastarea\/","name":"Conferin\u021b\u0103: Abundenta si bunastarea - Ovidiu Drago\u0219 Arge\u0219anu","isPartOf":{"@id":"https:\/\/www.ovidiudragosargesanu.ro\/en\/#website"},"primaryImageOfPage":{"@id":"https:\/\/www.ovidiudragosargesanu.ro\/en\/shop\/conferinte-premium\/drept-divin-conferinte-premium\/abundenta-si-bunastarea\/#primaryimage"},"image":{"@id":"https:\/\/www.ovidiudragosargesanu.ro\/en\/shop\/conferinte-premium\/drept-divin-conferinte-premium\/abundenta-si-bunastarea\/#primaryimage"},"thumbnailUrl":"https:\/\/www.ovidiudragosargesanu.ro\/en\/wp-content\/uploads\/2023\/12\/Abundenta-si-bunastarea-Conferinta-1.png","datePublished":"2023-12-06T05:15:53+00:00","dateModified":"2025-02-28T19:23:39+00:00","description":"Descoper\u0103 abunden\u021ba \u0219i bun\u0103starea urm\u0103rind cursul \u201cAbunden\u021ba \u0219i bun\u0103stare \u00een plan material \u0219i divin\u201c sus\u021binut de Dr. Ovidiu-Drago\u0219 Arge\u0219anu,","breadcrumb":{"@id":"https:\/\/www.ovidiudragosargesanu.ro\/en\/shop\/conferinte-premium\/drept-divin-conferinte-premium\/abundenta-si-bunastarea\/#breadcrumb"},"inLanguage":"en-US","potentialAction":[{"@type":"ReadAction","target":["https:\/\/www.ovidiudragosargesanu.ro\/en\/shop\/conferinte-premium\/drept-divin-conferinte-premium\/abundenta-si-bunastarea\/"]}]},{"@type":"ImageObject","inLanguage":"en-US","@id":"https:\/\/www.ovidiudragosargesanu.ro\/en\/shop\/conferinte-premium\/drept-divin-conferinte-premium\/abundenta-si-bunastarea\/#primaryimage","url":"https:\/\/www.ovidiudragosargesanu.ro\/en\/wp-content\/uploads\/2023\/12\/Abundenta-si-bunastarea-Conferinta-1.png","contentUrl":"https:\/\/www.ovidiudragosargesanu.ro\/en\/wp-content\/uploads\/2023\/12\/Abundenta-si-bunastarea-Conferinta-1.png","width":600,"height":800},{"@type":"BreadcrumbList","@id":"https:\/\/www.ovidiudragosargesanu.ro\/en\/shop\/conferinte-premium\/drept-divin-conferinte-premium\/abundenta-si-bunastarea\/#breadcrumb","itemListElement":[{"@type":"ListItem","position":1,"name":"Prima pagin\u0103","item":"https:\/\/www.ovidiudragosargesanu.ro\/en\/"},{"@type":"ListItem","position":2,"name":"Shop","item":"https:\/\/www.ovidiudragosargesanu.ro\/en\/shop\/"},{"@type":"ListItem","position":3,"name":"Conferin\u021b\u0103: Abundenta si bunastarea"}]},{"@type":"WebSite","@id":"https:\/\/www.ovidiudragosargesanu.ro\/en\/#website","url":"https:\/\/www.ovidiudragosargesanu.ro\/en\/","name":"Ovidiu Drago\u0219 Arge\u0219anu","description":"","publisher":{"@id":"https:\/\/www.ovidiudragosargesanu.ro\/en\/#organization"},"potentialAction":[{"@type":"SearchAction","target":{"@type":"EntryPoint","urlTemplate":"https:\/\/www.ovidiudragosargesanu.ro\/en\/?s={search_term_string}"},"query-input":{"@type":"PropertyValueSpecification","valueRequired":true,"valueName":"search_term_string"}}],"inLanguage":"en-US"},{"@type":"Organization","@id":"https:\/\/www.ovidiudragosargesanu.ro\/en\/#organization","name":"Ovidiu Drago\u0219 Arge\u0219anu","url":"https:\/\/www.ovidiudragosargesanu.ro\/en\/","logo":{"@type":"ImageObject","inLanguage":"en-US","@id":"https:\/\/www.ovidiudragosargesanu.ro\/en\/#\/schema\/logo\/image\/","url":"https:\/\/www.ovidiudragosargesanu.ro\/en\/wp-content\/uploads\/2018\/03\/dragos-logo-lotus-black-400.svg","contentUrl":"https:\/\/www.ovidiudragosargesanu.ro\/en\/wp-content\/uploads\/2018\/03\/dragos-logo-lotus-black-400.svg","width":300,"height":150,"caption":"Ovidiu Drago\u0219 Arge\u0219anu"},"image":{"@id":"https:\/\/www.ovidiudragosargesanu.ro\/en\/#\/schema\/logo\/image\/"}}]}},"_links":{"self":[{"href":"https:\/\/www.ovidiudragosargesanu.ro\/en\/wp-json\/wp\/v2\/product\/4284","targetHints":{"allow":["GET"]}}],"collection":[{"href":"https:\/\/www.ovidiudragosargesanu.ro\/en\/wp-json\/wp\/v2\/product"}],"about":[{"href":"https:\/\/www.ovidiudragosargesanu.ro\/en\/wp-json\/wp\/v2\/types\/product"}],"version-history":[{"count":8,"href":"https:\/\/www.ovidiudragosargesanu.ro\/en\/wp-json\/wp\/v2\/product\/4284\/revisions"}],"predecessor-version":[{"id":36466,"href":"https:\/\/www.ovidiudragosargesanu.ro\/en\/wp-json\/wp\/v2\/product\/4284\/revisions\/36466"}],"wp:featuredmedia":[{"embeddable":true,"href":"https:\/\/www.ovidiudragosargesanu.ro\/en\/wp-json\/wp\/v2\/media\/4670"}],"wp:attachment":[{"href":"https:\/\/www.ovidiudragosargesanu.ro\/en\/wp-json\/wp\/v2\/media?parent=4284"}],"wp:term":[{"taxonomy":"product_brand","embeddable":true,"href":"https:\/\/www.ovidiudragosargesanu.ro\/en\/wp-json\/wp\/v2\/product_brand?post=4284"},{"taxonomy":"product_cat","embeddable":true,"href":"https:\/\/www.ovidiudragosargesanu.ro\/en\/wp-json\/wp\/v2\/product_cat?post=4284"},{"taxonomy":"product_tag","embeddable":true,"href":"https:\/\/www.ovidiudragosargesanu.ro\/en\/wp-json\/wp\/v2\/product_tag?post=4284"}],"curies":[{"name":"wp","href":"https:\/\/api.w.org\/{rel}","templated":true}]}}