{"id":4297,"date":"2023-12-06T07:26:52","date_gmt":"2023-12-06T05:26:52","guid":{"rendered":"https:\/\/www.ovidiudragosargesanu.ro\/?post_type=product&#038;p=4297"},"modified":"2025-10-04T14:08:32","modified_gmt":"2025-10-04T11:08:32","slug":"evolutia-spirituala-avantaje-si-dezavantaje","status":"publish","type":"product","link":"https:\/\/www.ovidiudragosargesanu.ro\/en\/shop\/cursuri-premium\/liber-arbitru\/evolutia-spirituala-avantaje-si-dezavantaje\/","title":{"rendered":"Curs: Evolu\u021bia spiritual\u0103. Avantaje \u0219i dezavantaje"},"content":{"rendered":"<p><span style=\"font-weight: 400;\">In lumea spiritual\u0103, totul devine posibil. Rug\u0103ciunea devine un instrument salvator, iar karma devine o moned\u0103 de schimb \u00een c\u0103l\u0103toria ta p\u00e2n\u0103 la absolvirea ei. Intrup\u0103rile divinului devin gardieni ai structurilor terestre, \u00een armat\u0103, ministere, asocia\u021bii \u0219i chiar \u00een lumea interlop\u0103. Dumnezeu r\u0103m\u00e2ne ascuns, permi\u021b\u00e2nd anumite evenimente pentru a aduce la suprafa\u021b\u0103 \u00eentregul spectru al naturii umane. Descoper\u0103 urm\u0103rind conferin\u021ba \u201cEvolu\u021bia spiritual\u0103. Avantaje \u0219i dezavantaje\u201c sus\u021binut\u0103 de Dr. Drago\u0219-Ovidiu Arge\u0219anu posibilit\u0103\u021bile f\u0103r\u0103 limite \u00eentr-o lume care \u00ee\u021bi ofer\u0103 liber arbitru s\u0103 cau\u021bi sau s\u0103 sim\u021bi prezen\u021ba divin\u0103.<\/span><\/p>\n","protected":false},"excerpt":{"rendered":"<p>ACCES NELIMITAT!<\/p>\n<p>Descoper\u0103 \u00een conferin\u021ba \u201cEvolu\u021bia spiritual\u0103. Avantaje \u0219i dezavantaje\u201c sus\u021binut\u0103 de Dr. Drago\u0219-Ovidiu Arge\u0219anu semnifica\u021bia evolu\u021biei spirituale \u0219i \u00een\u021belege modul \u00een care Dumnezeu ac\u021bioneaz\u0103 prin intermediul \u00eengerilor, exploreaz\u0103 conceptul de liber arbitru \u0219i afl\u0103 avantajele \u0219i dezavantajele implicate \u00een acest proces de cre\u0219tere spiritual\u0103.<\/p>\n","protected":false},"featured_media":66196,"template":"","meta":{"inline_featured_image":false},"product_brand":[],"product_cat":[602,705],"product_tag":[],"class_list":{"0":"post-4297","1":"product","2":"type-product","3":"status-publish","4":"has-post-thumbnail","6":"product_cat-cursuri-premium","7":"product_cat-liber-arbitru","9":"first","10":"instock","11":"virtual","12":"taxable","13":"purchasable","14":"product-type-simple"},"yoast_head":"<!-- This site is optimized with the Yoast SEO plugin v26.9 - https:\/\/yoast.com\/product\/yoast-seo-wordpress\/ -->\n<title>Curs: Evolu\u021bia spiritual\u0103. Avantaje \u0219i dezavantaje - Ovidiu Drago\u0219 Arge\u0219anu<\/title>\n<meta name=\"description\" content=\"\u00cen lumea spiritual\u0103, se deschid u\u0219i c\u0103tre posibilit\u0103\u021bi nelimitate, unde rug\u0103ciunea devine un instrument salvator, iar karma, o moned\u0103 de\" \/>\n<meta name=\"robots\" content=\"noindex, follow, max-snippet:-1, max-image-preview:large, max-video-preview:-1\" \/>\n<meta property=\"og:locale\" content=\"en_US\" \/>\n<meta property=\"og:type\" content=\"article\" \/>\n<meta property=\"og:title\" content=\"Curs: Evolu\u021bia spiritual\u0103. Avantaje \u0219i dezavantaje - Ovidiu Drago\u0219 Arge\u0219anu\" \/>\n<meta property=\"og:description\" content=\"\u00cen lumea spiritual\u0103, se deschid u\u0219i c\u0103tre posibilit\u0103\u021bi nelimitate, unde rug\u0103ciunea devine un instrument salvator, iar karma, o moned\u0103 de\" \/>\n<meta property=\"og:url\" content=\"https:\/\/www.ovidiudragosargesanu.ro\/en\/shop\/cursuri-premium\/liber-arbitru\/evolutia-spirituala-avantaje-si-dezavantaje\/\" \/>\n<meta property=\"og:site_name\" content=\"Ovidiu Drago\u0219 Arge\u0219anu\" \/>\n<meta property=\"article:modified_time\" content=\"2025-10-04T11:08:32+00:00\" \/>\n<meta property=\"og:image\" content=\"https:\/\/www.ovidiudragosargesanu.ro\/en\/wp-content\/uploads\/2023\/12\/Curs-premium-Evolutia-spirituala.-Avantaje-si-dezavantaje-600X800.png\" \/>\n\t<meta property=\"og:image:width\" content=\"600\" \/>\n\t<meta property=\"og:image:height\" content=\"800\" \/>\n\t<meta property=\"og:image:type\" content=\"image\/png\" \/>\n<meta name=\"twitter:card\" content=\"summary_large_image\" \/>\n<meta name=\"twitter:label1\" content=\"Est. reading time\" \/>\n\t<meta name=\"twitter:data1\" content=\"1 minute\" \/>\n<script type=\"application\/ld+json\" class=\"yoast-schema-graph\">{\"@context\":\"https:\/\/schema.org\",\"@graph\":[{\"@type\":\"WebPage\",\"@id\":\"https:\/\/www.ovidiudragosargesanu.ro\/en\/shop\/cursuri-premium\/liber-arbitru\/evolutia-spirituala-avantaje-si-dezavantaje\/\",\"url\":\"https:\/\/www.ovidiudragosargesanu.ro\/en\/shop\/cursuri-premium\/liber-arbitru\/evolutia-spirituala-avantaje-si-dezavantaje\/\",\"name\":\"Curs: Evolu\u021bia spiritual\u0103. Avantaje \u0219i dezavantaje - Ovidiu Drago\u0219 Arge\u0219anu\",\"isPartOf\":{\"@id\":\"https:\/\/www.ovidiudragosargesanu.ro\/en\/#website\"},\"primaryImageOfPage\":{\"@id\":\"https:\/\/www.ovidiudragosargesanu.ro\/en\/shop\/cursuri-premium\/liber-arbitru\/evolutia-spirituala-avantaje-si-dezavantaje\/#primaryimage\"},\"image\":{\"@id\":\"https:\/\/www.ovidiudragosargesanu.ro\/en\/shop\/cursuri-premium\/liber-arbitru\/evolutia-spirituala-avantaje-si-dezavantaje\/#primaryimage\"},\"thumbnailUrl\":\"https:\/\/www.ovidiudragosargesanu.ro\/en\/wp-content\/uploads\/2023\/12\/Curs-premium-Evolutia-spirituala.-Avantaje-si-dezavantaje-600X800.png\",\"datePublished\":\"2023-12-06T05:26:52+00:00\",\"dateModified\":\"2025-10-04T11:08:32+00:00\",\"description\":\"\u00cen lumea spiritual\u0103, se deschid u\u0219i c\u0103tre posibilit\u0103\u021bi nelimitate, unde rug\u0103ciunea devine un instrument salvator, iar karma, o moned\u0103 de\",\"breadcrumb\":{\"@id\":\"https:\/\/www.ovidiudragosargesanu.ro\/en\/shop\/cursuri-premium\/liber-arbitru\/evolutia-spirituala-avantaje-si-dezavantaje\/#breadcrumb\"},\"inLanguage\":\"en-US\",\"potentialAction\":[{\"@type\":\"ReadAction\",\"target\":[\"https:\/\/www.ovidiudragosargesanu.ro\/en\/shop\/cursuri-premium\/liber-arbitru\/evolutia-spirituala-avantaje-si-dezavantaje\/\"]}]},{\"@type\":\"ImageObject\",\"inLanguage\":\"en-US\",\"@id\":\"https:\/\/www.ovidiudragosargesanu.ro\/en\/shop\/cursuri-premium\/liber-arbitru\/evolutia-spirituala-avantaje-si-dezavantaje\/#primaryimage\",\"url\":\"https:\/\/www.ovidiudragosargesanu.ro\/en\/wp-content\/uploads\/2023\/12\/Curs-premium-Evolutia-spirituala.-Avantaje-si-dezavantaje-600X800.png\",\"contentUrl\":\"https:\/\/www.ovidiudragosargesanu.ro\/en\/wp-content\/uploads\/2023\/12\/Curs-premium-Evolutia-spirituala.-Avantaje-si-dezavantaje-600X800.png\",\"width\":600,\"height\":800},{\"@type\":\"BreadcrumbList\",\"@id\":\"https:\/\/www.ovidiudragosargesanu.ro\/en\/shop\/cursuri-premium\/liber-arbitru\/evolutia-spirituala-avantaje-si-dezavantaje\/#breadcrumb\",\"itemListElement\":[{\"@type\":\"ListItem\",\"position\":1,\"name\":\"Prima pagin\u0103\",\"item\":\"https:\/\/www.ovidiudragosargesanu.ro\/en\/\"},{\"@type\":\"ListItem\",\"position\":2,\"name\":\"Shop\",\"item\":\"https:\/\/www.ovidiudragosargesanu.ro\/en\/shop\/\"},{\"@type\":\"ListItem\",\"position\":3,\"name\":\"Curs: Evolu\u021bia spiritual\u0103. Avantaje \u0219i dezavantaje\"}]},{\"@type\":\"WebSite\",\"@id\":\"https:\/\/www.ovidiudragosargesanu.ro\/en\/#website\",\"url\":\"https:\/\/www.ovidiudragosargesanu.ro\/en\/\",\"name\":\"Ovidiu Drago\u0219 Arge\u0219anu\",\"description\":\"\",\"publisher\":{\"@id\":\"https:\/\/www.ovidiudragosargesanu.ro\/en\/#organization\"},\"potentialAction\":[{\"@type\":\"SearchAction\",\"target\":{\"@type\":\"EntryPoint\",\"urlTemplate\":\"https:\/\/www.ovidiudragosargesanu.ro\/en\/?s={search_term_string}\"},\"query-input\":{\"@type\":\"PropertyValueSpecification\",\"valueRequired\":true,\"valueName\":\"search_term_string\"}}],\"inLanguage\":\"en-US\"},{\"@type\":\"Organization\",\"@id\":\"https:\/\/www.ovidiudragosargesanu.ro\/en\/#organization\",\"name\":\"Ovidiu Drago\u0219 Arge\u0219anu\",\"url\":\"https:\/\/www.ovidiudragosargesanu.ro\/en\/\",\"logo\":{\"@type\":\"ImageObject\",\"inLanguage\":\"en-US\",\"@id\":\"https:\/\/www.ovidiudragosargesanu.ro\/en\/#\/schema\/logo\/image\/\",\"url\":\"https:\/\/www.ovidiudragosargesanu.ro\/en\/wp-content\/uploads\/2018\/03\/dragos-logo-lotus-black-400.svg\",\"contentUrl\":\"https:\/\/www.ovidiudragosargesanu.ro\/en\/wp-content\/uploads\/2018\/03\/dragos-logo-lotus-black-400.svg\",\"width\":300,\"height\":150,\"caption\":\"Ovidiu Drago\u0219 Arge\u0219anu\"},\"image\":{\"@id\":\"https:\/\/www.ovidiudragosargesanu.ro\/en\/#\/schema\/logo\/image\/\"}}]}<\/script>\n<!-- \/ Yoast SEO plugin. -->","yoast_head_json":{"title":"Curs: Evolu\u021bia spiritual\u0103. Avantaje \u0219i dezavantaje - Ovidiu Drago\u0219 Arge\u0219anu","description":"\u00cen lumea spiritual\u0103, se deschid u\u0219i c\u0103tre posibilit\u0103\u021bi nelimitate, unde rug\u0103ciunea devine un instrument salvator, iar karma, o moned\u0103 de","robots":{"index":"noindex","follow":"follow","max-snippet":"max-snippet:-1","max-image-preview":"max-image-preview:large","max-video-preview":"max-video-preview:-1"},"og_locale":"en_US","og_type":"article","og_title":"Curs: Evolu\u021bia spiritual\u0103. Avantaje \u0219i dezavantaje - Ovidiu Drago\u0219 Arge\u0219anu","og_description":"\u00cen lumea spiritual\u0103, se deschid u\u0219i c\u0103tre posibilit\u0103\u021bi nelimitate, unde rug\u0103ciunea devine un instrument salvator, iar karma, o moned\u0103 de","og_url":"https:\/\/www.ovidiudragosargesanu.ro\/en\/shop\/cursuri-premium\/liber-arbitru\/evolutia-spirituala-avantaje-si-dezavantaje\/","og_site_name":"Ovidiu Drago\u0219 Arge\u0219anu","article_modified_time":"2025-10-04T11:08:32+00:00","og_image":[{"width":600,"height":800,"url":"https:\/\/www.ovidiudragosargesanu.ro\/en\/wp-content\/uploads\/2023\/12\/Curs-premium-Evolutia-spirituala.-Avantaje-si-dezavantaje-600X800.png","type":"image\/png"}],"twitter_card":"summary_large_image","twitter_misc":{"Est. reading time":"1 minute"},"schema":{"@context":"https:\/\/schema.org","@graph":[{"@type":"WebPage","@id":"https:\/\/www.ovidiudragosargesanu.ro\/en\/shop\/cursuri-premium\/liber-arbitru\/evolutia-spirituala-avantaje-si-dezavantaje\/","url":"https:\/\/www.ovidiudragosargesanu.ro\/en\/shop\/cursuri-premium\/liber-arbitru\/evolutia-spirituala-avantaje-si-dezavantaje\/","name":"Curs: Evolu\u021bia spiritual\u0103. Avantaje \u0219i dezavantaje - Ovidiu Drago\u0219 Arge\u0219anu","isPartOf":{"@id":"https:\/\/www.ovidiudragosargesanu.ro\/en\/#website"},"primaryImageOfPage":{"@id":"https:\/\/www.ovidiudragosargesanu.ro\/en\/shop\/cursuri-premium\/liber-arbitru\/evolutia-spirituala-avantaje-si-dezavantaje\/#primaryimage"},"image":{"@id":"https:\/\/www.ovidiudragosargesanu.ro\/en\/shop\/cursuri-premium\/liber-arbitru\/evolutia-spirituala-avantaje-si-dezavantaje\/#primaryimage"},"thumbnailUrl":"https:\/\/www.ovidiudragosargesanu.ro\/en\/wp-content\/uploads\/2023\/12\/Curs-premium-Evolutia-spirituala.-Avantaje-si-dezavantaje-600X800.png","datePublished":"2023-12-06T05:26:52+00:00","dateModified":"2025-10-04T11:08:32+00:00","description":"\u00cen lumea spiritual\u0103, se deschid u\u0219i c\u0103tre posibilit\u0103\u021bi nelimitate, unde rug\u0103ciunea devine un instrument salvator, iar karma, o moned\u0103 de","breadcrumb":{"@id":"https:\/\/www.ovidiudragosargesanu.ro\/en\/shop\/cursuri-premium\/liber-arbitru\/evolutia-spirituala-avantaje-si-dezavantaje\/#breadcrumb"},"inLanguage":"en-US","potentialAction":[{"@type":"ReadAction","target":["https:\/\/www.ovidiudragosargesanu.ro\/en\/shop\/cursuri-premium\/liber-arbitru\/evolutia-spirituala-avantaje-si-dezavantaje\/"]}]},{"@type":"ImageObject","inLanguage":"en-US","@id":"https:\/\/www.ovidiudragosargesanu.ro\/en\/shop\/cursuri-premium\/liber-arbitru\/evolutia-spirituala-avantaje-si-dezavantaje\/#primaryimage","url":"https:\/\/www.ovidiudragosargesanu.ro\/en\/wp-content\/uploads\/2023\/12\/Curs-premium-Evolutia-spirituala.-Avantaje-si-dezavantaje-600X800.png","contentUrl":"https:\/\/www.ovidiudragosargesanu.ro\/en\/wp-content\/uploads\/2023\/12\/Curs-premium-Evolutia-spirituala.-Avantaje-si-dezavantaje-600X800.png","width":600,"height":800},{"@type":"BreadcrumbList","@id":"https:\/\/www.ovidiudragosargesanu.ro\/en\/shop\/cursuri-premium\/liber-arbitru\/evolutia-spirituala-avantaje-si-dezavantaje\/#breadcrumb","itemListElement":[{"@type":"ListItem","position":1,"name":"Prima pagin\u0103","item":"https:\/\/www.ovidiudragosargesanu.ro\/en\/"},{"@type":"ListItem","position":2,"name":"Shop","item":"https:\/\/www.ovidiudragosargesanu.ro\/en\/shop\/"},{"@type":"ListItem","position":3,"name":"Curs: Evolu\u021bia spiritual\u0103. Avantaje \u0219i dezavantaje"}]},{"@type":"WebSite","@id":"https:\/\/www.ovidiudragosargesanu.ro\/en\/#website","url":"https:\/\/www.ovidiudragosargesanu.ro\/en\/","name":"Ovidiu Drago\u0219 Arge\u0219anu","description":"","publisher":{"@id":"https:\/\/www.ovidiudragosargesanu.ro\/en\/#organization"},"potentialAction":[{"@type":"SearchAction","target":{"@type":"EntryPoint","urlTemplate":"https:\/\/www.ovidiudragosargesanu.ro\/en\/?s={search_term_string}"},"query-input":{"@type":"PropertyValueSpecification","valueRequired":true,"valueName":"search_term_string"}}],"inLanguage":"en-US"},{"@type":"Organization","@id":"https:\/\/www.ovidiudragosargesanu.ro\/en\/#organization","name":"Ovidiu Drago\u0219 Arge\u0219anu","url":"https:\/\/www.ovidiudragosargesanu.ro\/en\/","logo":{"@type":"ImageObject","inLanguage":"en-US","@id":"https:\/\/www.ovidiudragosargesanu.ro\/en\/#\/schema\/logo\/image\/","url":"https:\/\/www.ovidiudragosargesanu.ro\/en\/wp-content\/uploads\/2018\/03\/dragos-logo-lotus-black-400.svg","contentUrl":"https:\/\/www.ovidiudragosargesanu.ro\/en\/wp-content\/uploads\/2018\/03\/dragos-logo-lotus-black-400.svg","width":300,"height":150,"caption":"Ovidiu Drago\u0219 Arge\u0219anu"},"image":{"@id":"https:\/\/www.ovidiudragosargesanu.ro\/en\/#\/schema\/logo\/image\/"}}]}},"_links":{"self":[{"href":"https:\/\/www.ovidiudragosargesanu.ro\/en\/wp-json\/wp\/v2\/product\/4297","targetHints":{"allow":["GET"]}}],"collection":[{"href":"https:\/\/www.ovidiudragosargesanu.ro\/en\/wp-json\/wp\/v2\/product"}],"about":[{"href":"https:\/\/www.ovidiudragosargesanu.ro\/en\/wp-json\/wp\/v2\/types\/product"}],"version-history":[{"count":5,"href":"https:\/\/www.ovidiudragosargesanu.ro\/en\/wp-json\/wp\/v2\/product\/4297\/revisions"}],"predecessor-version":[{"id":26553,"href":"https:\/\/www.ovidiudragosargesanu.ro\/en\/wp-json\/wp\/v2\/product\/4297\/revisions\/26553"}],"wp:featuredmedia":[{"embeddable":true,"href":"https:\/\/www.ovidiudragosargesanu.ro\/en\/wp-json\/wp\/v2\/media\/66196"}],"wp:attachment":[{"href":"https:\/\/www.ovidiudragosargesanu.ro\/en\/wp-json\/wp\/v2\/media?parent=4297"}],"wp:term":[{"taxonomy":"product_brand","embeddable":true,"href":"https:\/\/www.ovidiudragosargesanu.ro\/en\/wp-json\/wp\/v2\/product_brand?post=4297"},{"taxonomy":"product_cat","embeddable":true,"href":"https:\/\/www.ovidiudragosargesanu.ro\/en\/wp-json\/wp\/v2\/product_cat?post=4297"},{"taxonomy":"product_tag","embeddable":true,"href":"https:\/\/www.ovidiudragosargesanu.ro\/en\/wp-json\/wp\/v2\/product_tag?post=4297"}],"curies":[{"name":"wp","href":"https:\/\/api.w.org\/{rel}","templated":true}]}}