{"id":4304,"date":"2023-12-06T07:34:17","date_gmt":"2023-12-06T05:34:17","guid":{"rendered":"https:\/\/www.ovidiudragosargesanu.ro\/?post_type=product&#038;p=4304"},"modified":"2025-02-28T21:22:56","modified_gmt":"2025-02-28T19:22:56","slug":"eliminarea-fricilor-si-identificarea-manipularii-emotionale","status":"publish","type":"product","link":"https:\/\/www.ovidiudragosargesanu.ro\/en\/shop\/conferinte-premium\/vindecarea-ranilor-emotionale-conferinte-premium\/eliminarea-fricilor-si-identificarea-manipularii-emotionale\/","title":{"rendered":"Conferin\u021b\u0103: Eliminarea fricilor \u0219i identificarea manipul\u0103rii emo\u021bionale"},"content":{"rendered":"<p><span style=\"font-weight: 400;\">Vorbim despre frici, emo\u021bii \u0219i manipularea emo\u021bional\u0103. Manipularea este prezent\u0103 \u00een diverse aspecte ale vie\u021bii, fie \u00een afaceri, terapie, educa\u021bie sau rela\u021bii de cuplu. Exist\u0103 manipul\u0103ri pozitive, care aduc beneficii reciproc, \u0219i manipul\u0103ri negative, care implic\u0103 presiuni sau amenin\u021b\u0103ri. Manipularea emo\u021bional\u0103 poate s\u0103 apar\u0103 \u0219i \u00een rela\u021biile sexuale, fiind o form\u0103 de influen\u021b\u0103 pozitiv\u0103. Este esen\u021bial s\u0103 gestion\u0103m fricile, deoarece rezolvarea acestora poate contribui la cre\u0219terea noastr\u0103 spiritual\u0103 \u0219i atingerea obiectivelor personale. Afl\u0103 urm\u0103rind conferin\u021ba \u201cEliminarea fricilor \u0219i identificarea manipul\u0103rii emo\u021bionale\u201c cum s\u0103 gestionezi friciile, emo\u021biile \u0219i manipul\u0103rile emo\u021bionale \u0219i s\u0103-\u021bi urmezi evolu\u021bia spiritual\u0103 \u0219i atingi obiectivele personale.\u00a0<\/span><\/p>\n","protected":false},"excerpt":{"rendered":"<p>ACCES NELIMITAT!<\/p>\n<p>Descoper\u0103 \u00een cadrul conferin\u021bei Eliminarea fricilor \u0219i identificarea manipul\u0103rii emo\u021bionale sus\u021binut\u0103 de Ovidiu-Drago\u0219 Arge\u0219anu modul \u00een care fricile, emo\u021biile \u0219i manipularea joac\u0103 un rol esen\u021bial \u00een evolu\u021bia spiritual\u0103, \u0219i afl\u0103 de ce aceste aspecte sunt \u00eeng\u0103duite \u0219i chiar \u00eencurajate de c\u0103tre Dumnezeu.<br \/>\nVizioneaz\u0103 aceast\u0103 conferin\u021b\u0103 pentru a \u00een\u021belege beneficiile profunde ale acestor elemente \u00een parcursul t\u0103u spiritual.<\/p>\n","protected":false},"featured_media":4686,"template":"","meta":{"inline_featured_image":false},"product_brand":[],"product_cat":[604,707],"product_tag":[],"class_list":{"0":"post-4304","1":"product","2":"type-product","3":"status-publish","4":"has-post-thumbnail","6":"product_cat-conferinte-premium","7":"product_cat-vindecarea-ranilor-emotionale-conferinte-premium","9":"first","10":"instock","11":"virtual","12":"sold-individually","13":"taxable","14":"purchasable","15":"product-type-simple"},"yoast_head":"<!-- This site is optimized with the Yoast SEO plugin v26.9 - https:\/\/yoast.com\/product\/yoast-seo-wordpress\/ -->\n<title>Conferin\u021b\u0103: Eliminarea fricilor \u0219i identificarea manipul\u0103rii emo\u021bionale - Ovidiu Drago\u0219 Arge\u0219anu<\/title>\n<meta name=\"description\" content=\"\u00cen\u021belege friciile, emo\u021biile \u0219i manipul\u0103riile emo\u021bionale cu ajutorul conferin\u021bei sus\u021binute de Dr. Ovidiu-Drago\u0219 Arge\u0219anu. Descoper\u0103 modul \u00een\" \/>\n<meta name=\"robots\" content=\"noindex, follow, max-snippet:-1, max-image-preview:large, max-video-preview:-1\" \/>\n<meta property=\"og:locale\" content=\"en_US\" \/>\n<meta property=\"og:type\" content=\"article\" \/>\n<meta property=\"og:title\" content=\"Conferin\u021b\u0103: Eliminarea fricilor \u0219i identificarea manipul\u0103rii emo\u021bionale - Ovidiu Drago\u0219 Arge\u0219anu\" \/>\n<meta property=\"og:description\" content=\"\u00cen\u021belege friciile, emo\u021biile \u0219i manipul\u0103riile emo\u021bionale cu ajutorul conferin\u021bei sus\u021binute de Dr. Ovidiu-Drago\u0219 Arge\u0219anu. Descoper\u0103 modul \u00een\" \/>\n<meta property=\"og:url\" content=\"https:\/\/www.ovidiudragosargesanu.ro\/en\/shop\/conferinte-premium\/vindecarea-ranilor-emotionale-conferinte-premium\/eliminarea-fricilor-si-identificarea-manipularii-emotionale\/\" \/>\n<meta property=\"og:site_name\" content=\"Ovidiu Drago\u0219 Arge\u0219anu\" \/>\n<meta property=\"article:modified_time\" content=\"2025-02-28T19:22:56+00:00\" \/>\n<meta property=\"og:image\" content=\"https:\/\/www.ovidiudragosargesanu.ro\/en\/wp-content\/uploads\/2023\/12\/Eliminarea-fricilor-si-identificarea-manipularii-emotionale-Conferinta.png\" \/>\n\t<meta property=\"og:image:width\" content=\"600\" \/>\n\t<meta property=\"og:image:height\" content=\"800\" \/>\n\t<meta property=\"og:image:type\" content=\"image\/png\" \/>\n<meta name=\"twitter:card\" content=\"summary_large_image\" \/>\n<meta name=\"twitter:label1\" content=\"Est. reading time\" \/>\n\t<meta name=\"twitter:data1\" content=\"1 minute\" \/>\n<script type=\"application\/ld+json\" class=\"yoast-schema-graph\">{\"@context\":\"https:\/\/schema.org\",\"@graph\":[{\"@type\":\"WebPage\",\"@id\":\"https:\/\/www.ovidiudragosargesanu.ro\/en\/shop\/conferinte-premium\/vindecarea-ranilor-emotionale-conferinte-premium\/eliminarea-fricilor-si-identificarea-manipularii-emotionale\/\",\"url\":\"https:\/\/www.ovidiudragosargesanu.ro\/en\/shop\/conferinte-premium\/vindecarea-ranilor-emotionale-conferinte-premium\/eliminarea-fricilor-si-identificarea-manipularii-emotionale\/\",\"name\":\"Conferin\u021b\u0103: Eliminarea fricilor \u0219i identificarea manipul\u0103rii emo\u021bionale - Ovidiu Drago\u0219 Arge\u0219anu\",\"isPartOf\":{\"@id\":\"https:\/\/www.ovidiudragosargesanu.ro\/en\/#website\"},\"primaryImageOfPage\":{\"@id\":\"https:\/\/www.ovidiudragosargesanu.ro\/en\/shop\/conferinte-premium\/vindecarea-ranilor-emotionale-conferinte-premium\/eliminarea-fricilor-si-identificarea-manipularii-emotionale\/#primaryimage\"},\"image\":{\"@id\":\"https:\/\/www.ovidiudragosargesanu.ro\/en\/shop\/conferinte-premium\/vindecarea-ranilor-emotionale-conferinte-premium\/eliminarea-fricilor-si-identificarea-manipularii-emotionale\/#primaryimage\"},\"thumbnailUrl\":\"https:\/\/www.ovidiudragosargesanu.ro\/en\/wp-content\/uploads\/2023\/12\/Eliminarea-fricilor-si-identificarea-manipularii-emotionale-Conferinta.png\",\"datePublished\":\"2023-12-06T05:34:17+00:00\",\"dateModified\":\"2025-02-28T19:22:56+00:00\",\"description\":\"\u00cen\u021belege friciile, emo\u021biile \u0219i manipul\u0103riile emo\u021bionale cu ajutorul conferin\u021bei sus\u021binute de Dr. Ovidiu-Drago\u0219 Arge\u0219anu. Descoper\u0103 modul \u00een\",\"breadcrumb\":{\"@id\":\"https:\/\/www.ovidiudragosargesanu.ro\/en\/shop\/conferinte-premium\/vindecarea-ranilor-emotionale-conferinte-premium\/eliminarea-fricilor-si-identificarea-manipularii-emotionale\/#breadcrumb\"},\"inLanguage\":\"en-US\",\"potentialAction\":[{\"@type\":\"ReadAction\",\"target\":[\"https:\/\/www.ovidiudragosargesanu.ro\/en\/shop\/conferinte-premium\/vindecarea-ranilor-emotionale-conferinte-premium\/eliminarea-fricilor-si-identificarea-manipularii-emotionale\/\"]}]},{\"@type\":\"ImageObject\",\"inLanguage\":\"en-US\",\"@id\":\"https:\/\/www.ovidiudragosargesanu.ro\/en\/shop\/conferinte-premium\/vindecarea-ranilor-emotionale-conferinte-premium\/eliminarea-fricilor-si-identificarea-manipularii-emotionale\/#primaryimage\",\"url\":\"https:\/\/www.ovidiudragosargesanu.ro\/en\/wp-content\/uploads\/2023\/12\/Eliminarea-fricilor-si-identificarea-manipularii-emotionale-Conferinta.png\",\"contentUrl\":\"https:\/\/www.ovidiudragosargesanu.ro\/en\/wp-content\/uploads\/2023\/12\/Eliminarea-fricilor-si-identificarea-manipularii-emotionale-Conferinta.png\",\"width\":600,\"height\":800},{\"@type\":\"BreadcrumbList\",\"@id\":\"https:\/\/www.ovidiudragosargesanu.ro\/en\/shop\/conferinte-premium\/vindecarea-ranilor-emotionale-conferinte-premium\/eliminarea-fricilor-si-identificarea-manipularii-emotionale\/#breadcrumb\",\"itemListElement\":[{\"@type\":\"ListItem\",\"position\":1,\"name\":\"Prima pagin\u0103\",\"item\":\"https:\/\/www.ovidiudragosargesanu.ro\/en\/\"},{\"@type\":\"ListItem\",\"position\":2,\"name\":\"Shop\",\"item\":\"https:\/\/www.ovidiudragosargesanu.ro\/en\/shop\/\"},{\"@type\":\"ListItem\",\"position\":3,\"name\":\"Conferin\u021b\u0103: Eliminarea fricilor \u0219i identificarea manipul\u0103rii emo\u021bionale\"}]},{\"@type\":\"WebSite\",\"@id\":\"https:\/\/www.ovidiudragosargesanu.ro\/en\/#website\",\"url\":\"https:\/\/www.ovidiudragosargesanu.ro\/en\/\",\"name\":\"Ovidiu Drago\u0219 Arge\u0219anu\",\"description\":\"\",\"publisher\":{\"@id\":\"https:\/\/www.ovidiudragosargesanu.ro\/en\/#organization\"},\"potentialAction\":[{\"@type\":\"SearchAction\",\"target\":{\"@type\":\"EntryPoint\",\"urlTemplate\":\"https:\/\/www.ovidiudragosargesanu.ro\/en\/?s={search_term_string}\"},\"query-input\":{\"@type\":\"PropertyValueSpecification\",\"valueRequired\":true,\"valueName\":\"search_term_string\"}}],\"inLanguage\":\"en-US\"},{\"@type\":\"Organization\",\"@id\":\"https:\/\/www.ovidiudragosargesanu.ro\/en\/#organization\",\"name\":\"Ovidiu Drago\u0219 Arge\u0219anu\",\"url\":\"https:\/\/www.ovidiudragosargesanu.ro\/en\/\",\"logo\":{\"@type\":\"ImageObject\",\"inLanguage\":\"en-US\",\"@id\":\"https:\/\/www.ovidiudragosargesanu.ro\/en\/#\/schema\/logo\/image\/\",\"url\":\"https:\/\/www.ovidiudragosargesanu.ro\/en\/wp-content\/uploads\/2018\/03\/dragos-logo-lotus-black-400.svg\",\"contentUrl\":\"https:\/\/www.ovidiudragosargesanu.ro\/en\/wp-content\/uploads\/2018\/03\/dragos-logo-lotus-black-400.svg\",\"width\":300,\"height\":150,\"caption\":\"Ovidiu Drago\u0219 Arge\u0219anu\"},\"image\":{\"@id\":\"https:\/\/www.ovidiudragosargesanu.ro\/en\/#\/schema\/logo\/image\/\"}}]}<\/script>\n<!-- \/ Yoast SEO plugin. -->","yoast_head_json":{"title":"Conferin\u021b\u0103: Eliminarea fricilor \u0219i identificarea manipul\u0103rii emo\u021bionale - Ovidiu Drago\u0219 Arge\u0219anu","description":"\u00cen\u021belege friciile, emo\u021biile \u0219i manipul\u0103riile emo\u021bionale cu ajutorul conferin\u021bei sus\u021binute de Dr. Ovidiu-Drago\u0219 Arge\u0219anu. Descoper\u0103 modul \u00een","robots":{"index":"noindex","follow":"follow","max-snippet":"max-snippet:-1","max-image-preview":"max-image-preview:large","max-video-preview":"max-video-preview:-1"},"og_locale":"en_US","og_type":"article","og_title":"Conferin\u021b\u0103: Eliminarea fricilor \u0219i identificarea manipul\u0103rii emo\u021bionale - Ovidiu Drago\u0219 Arge\u0219anu","og_description":"\u00cen\u021belege friciile, emo\u021biile \u0219i manipul\u0103riile emo\u021bionale cu ajutorul conferin\u021bei sus\u021binute de Dr. Ovidiu-Drago\u0219 Arge\u0219anu. Descoper\u0103 modul \u00een","og_url":"https:\/\/www.ovidiudragosargesanu.ro\/en\/shop\/conferinte-premium\/vindecarea-ranilor-emotionale-conferinte-premium\/eliminarea-fricilor-si-identificarea-manipularii-emotionale\/","og_site_name":"Ovidiu Drago\u0219 Arge\u0219anu","article_modified_time":"2025-02-28T19:22:56+00:00","og_image":[{"width":600,"height":800,"url":"https:\/\/www.ovidiudragosargesanu.ro\/en\/wp-content\/uploads\/2023\/12\/Eliminarea-fricilor-si-identificarea-manipularii-emotionale-Conferinta.png","type":"image\/png"}],"twitter_card":"summary_large_image","twitter_misc":{"Est. reading time":"1 minute"},"schema":{"@context":"https:\/\/schema.org","@graph":[{"@type":"WebPage","@id":"https:\/\/www.ovidiudragosargesanu.ro\/en\/shop\/conferinte-premium\/vindecarea-ranilor-emotionale-conferinte-premium\/eliminarea-fricilor-si-identificarea-manipularii-emotionale\/","url":"https:\/\/www.ovidiudragosargesanu.ro\/en\/shop\/conferinte-premium\/vindecarea-ranilor-emotionale-conferinte-premium\/eliminarea-fricilor-si-identificarea-manipularii-emotionale\/","name":"Conferin\u021b\u0103: Eliminarea fricilor \u0219i identificarea manipul\u0103rii emo\u021bionale - Ovidiu Drago\u0219 Arge\u0219anu","isPartOf":{"@id":"https:\/\/www.ovidiudragosargesanu.ro\/en\/#website"},"primaryImageOfPage":{"@id":"https:\/\/www.ovidiudragosargesanu.ro\/en\/shop\/conferinte-premium\/vindecarea-ranilor-emotionale-conferinte-premium\/eliminarea-fricilor-si-identificarea-manipularii-emotionale\/#primaryimage"},"image":{"@id":"https:\/\/www.ovidiudragosargesanu.ro\/en\/shop\/conferinte-premium\/vindecarea-ranilor-emotionale-conferinte-premium\/eliminarea-fricilor-si-identificarea-manipularii-emotionale\/#primaryimage"},"thumbnailUrl":"https:\/\/www.ovidiudragosargesanu.ro\/en\/wp-content\/uploads\/2023\/12\/Eliminarea-fricilor-si-identificarea-manipularii-emotionale-Conferinta.png","datePublished":"2023-12-06T05:34:17+00:00","dateModified":"2025-02-28T19:22:56+00:00","description":"\u00cen\u021belege friciile, emo\u021biile \u0219i manipul\u0103riile emo\u021bionale cu ajutorul conferin\u021bei sus\u021binute de Dr. Ovidiu-Drago\u0219 Arge\u0219anu. Descoper\u0103 modul \u00een","breadcrumb":{"@id":"https:\/\/www.ovidiudragosargesanu.ro\/en\/shop\/conferinte-premium\/vindecarea-ranilor-emotionale-conferinte-premium\/eliminarea-fricilor-si-identificarea-manipularii-emotionale\/#breadcrumb"},"inLanguage":"en-US","potentialAction":[{"@type":"ReadAction","target":["https:\/\/www.ovidiudragosargesanu.ro\/en\/shop\/conferinte-premium\/vindecarea-ranilor-emotionale-conferinte-premium\/eliminarea-fricilor-si-identificarea-manipularii-emotionale\/"]}]},{"@type":"ImageObject","inLanguage":"en-US","@id":"https:\/\/www.ovidiudragosargesanu.ro\/en\/shop\/conferinte-premium\/vindecarea-ranilor-emotionale-conferinte-premium\/eliminarea-fricilor-si-identificarea-manipularii-emotionale\/#primaryimage","url":"https:\/\/www.ovidiudragosargesanu.ro\/en\/wp-content\/uploads\/2023\/12\/Eliminarea-fricilor-si-identificarea-manipularii-emotionale-Conferinta.png","contentUrl":"https:\/\/www.ovidiudragosargesanu.ro\/en\/wp-content\/uploads\/2023\/12\/Eliminarea-fricilor-si-identificarea-manipularii-emotionale-Conferinta.png","width":600,"height":800},{"@type":"BreadcrumbList","@id":"https:\/\/www.ovidiudragosargesanu.ro\/en\/shop\/conferinte-premium\/vindecarea-ranilor-emotionale-conferinte-premium\/eliminarea-fricilor-si-identificarea-manipularii-emotionale\/#breadcrumb","itemListElement":[{"@type":"ListItem","position":1,"name":"Prima pagin\u0103","item":"https:\/\/www.ovidiudragosargesanu.ro\/en\/"},{"@type":"ListItem","position":2,"name":"Shop","item":"https:\/\/www.ovidiudragosargesanu.ro\/en\/shop\/"},{"@type":"ListItem","position":3,"name":"Conferin\u021b\u0103: Eliminarea fricilor \u0219i identificarea manipul\u0103rii emo\u021bionale"}]},{"@type":"WebSite","@id":"https:\/\/www.ovidiudragosargesanu.ro\/en\/#website","url":"https:\/\/www.ovidiudragosargesanu.ro\/en\/","name":"Ovidiu Drago\u0219 Arge\u0219anu","description":"","publisher":{"@id":"https:\/\/www.ovidiudragosargesanu.ro\/en\/#organization"},"potentialAction":[{"@type":"SearchAction","target":{"@type":"EntryPoint","urlTemplate":"https:\/\/www.ovidiudragosargesanu.ro\/en\/?s={search_term_string}"},"query-input":{"@type":"PropertyValueSpecification","valueRequired":true,"valueName":"search_term_string"}}],"inLanguage":"en-US"},{"@type":"Organization","@id":"https:\/\/www.ovidiudragosargesanu.ro\/en\/#organization","name":"Ovidiu Drago\u0219 Arge\u0219anu","url":"https:\/\/www.ovidiudragosargesanu.ro\/en\/","logo":{"@type":"ImageObject","inLanguage":"en-US","@id":"https:\/\/www.ovidiudragosargesanu.ro\/en\/#\/schema\/logo\/image\/","url":"https:\/\/www.ovidiudragosargesanu.ro\/en\/wp-content\/uploads\/2018\/03\/dragos-logo-lotus-black-400.svg","contentUrl":"https:\/\/www.ovidiudragosargesanu.ro\/en\/wp-content\/uploads\/2018\/03\/dragos-logo-lotus-black-400.svg","width":300,"height":150,"caption":"Ovidiu Drago\u0219 Arge\u0219anu"},"image":{"@id":"https:\/\/www.ovidiudragosargesanu.ro\/en\/#\/schema\/logo\/image\/"}}]}},"_links":{"self":[{"href":"https:\/\/www.ovidiudragosargesanu.ro\/en\/wp-json\/wp\/v2\/product\/4304","targetHints":{"allow":["GET"]}}],"collection":[{"href":"https:\/\/www.ovidiudragosargesanu.ro\/en\/wp-json\/wp\/v2\/product"}],"about":[{"href":"https:\/\/www.ovidiudragosargesanu.ro\/en\/wp-json\/wp\/v2\/types\/product"}],"version-history":[{"count":5,"href":"https:\/\/www.ovidiudragosargesanu.ro\/en\/wp-json\/wp\/v2\/product\/4304\/revisions"}],"predecessor-version":[{"id":26550,"href":"https:\/\/www.ovidiudragosargesanu.ro\/en\/wp-json\/wp\/v2\/product\/4304\/revisions\/26550"}],"wp:featuredmedia":[{"embeddable":true,"href":"https:\/\/www.ovidiudragosargesanu.ro\/en\/wp-json\/wp\/v2\/media\/4686"}],"wp:attachment":[{"href":"https:\/\/www.ovidiudragosargesanu.ro\/en\/wp-json\/wp\/v2\/media?parent=4304"}],"wp:term":[{"taxonomy":"product_brand","embeddable":true,"href":"https:\/\/www.ovidiudragosargesanu.ro\/en\/wp-json\/wp\/v2\/product_brand?post=4304"},{"taxonomy":"product_cat","embeddable":true,"href":"https:\/\/www.ovidiudragosargesanu.ro\/en\/wp-json\/wp\/v2\/product_cat?post=4304"},{"taxonomy":"product_tag","embeddable":true,"href":"https:\/\/www.ovidiudragosargesanu.ro\/en\/wp-json\/wp\/v2\/product_tag?post=4304"}],"curies":[{"name":"wp","href":"https:\/\/api.w.org\/{rel}","templated":true}]}}