{"id":4310,"date":"2023-12-06T07:42:48","date_gmt":"2023-12-06T05:42:48","guid":{"rendered":"https:\/\/www.ovidiudragosargesanu.ro\/?post_type=product&#038;p=4310"},"modified":"2025-02-27T18:19:56","modified_gmt":"2025-02-27T16:19:56","slug":"evolutia-spirituala-convingeri-gresite-blocaje","status":"publish","type":"product","link":"https:\/\/www.ovidiudragosargesanu.ro\/en\/shop\/cursuri-premium\/vindecarea-umbrei\/evolutia-spirituala-convingeri-gresite-blocaje\/","title":{"rendered":"Curs: Evolu\u021bia spiritual\u0103 &#8211; convingeri gre\u0219ite, blocaje"},"content":{"rendered":"<p><span style=\"font-weight: 400;\">Porne\u0219te cu prilejul vizion\u0103rii conferin\u021bei \u201cEvolu\u021bia spiritual\u0103 &#8211; convingeri gre\u0219ite, blocaje\u201c sus\u021binut\u0103 de Dr. Ovidiu-Drago\u0219 Arge\u0219anu \u00eentr-o c\u0103l\u0103torie spre evolu\u021bia ta personal\u0103 \u0219i descoper\u0103 c\u0103 obstacolele nu sunt dec\u00e2t trepte spre succes. Fiecare blocaj este o oportunitate de cre\u0219tere \u00een toate aspectele vie\u021bii tale. Nu este doar atingerea scopului final, ci modul \u00een care dep\u0103\u0219e\u0219ti fiecare obstacol, care te dezvolt\u0103 ca individ \u0219i te aduce mai aproape de realizarea visurilor tale. Obstacolele sunt lec\u021bii pozitive care te transform\u0103 \u00eentr-un om mai puternic, mai curajos \u0219i mai \u00een\u021belept, indiferent de scopul t\u0103u, fie c\u0103 este material sau spiritual. Evolu\u021bia te schimb\u0103 \u00een profunzime \u0219i te \u00eendrum\u0103 c\u0103tre tot ceea ce \u00ee\u021bi dore\u0219ti \u00een via\u021b\u0103: iubire, familie, carier\u0103, prosperitate \u0219i mai mult.<\/span><\/p>\n","protected":false},"excerpt":{"rendered":"<p>ACCES NELIMITAT!<\/p>\n<p>Descoper\u0103 vizion\u00e2nd conferin\u021ba \u201cEvolu\u021bia spiritual\u0103 &#8211; convingeri gre\u0219ite, blocaje\u201c sus\u021binut\u0103 de Dr. Ovidiu-Drago\u0219 Arge\u0219anu sensul misiunii tale pe P\u0103m\u00e2nt, efectele benefice ale dep\u0103\u0219irii obstacolelor, precum \u0219i modul \u00een care Dumnezeu permite \u0219i ghidul nostru pentru a \u00een\u021belege convingerile gre\u0219ite \u0219i blocajele din via\u021ba noastr\u0103.<br \/>\nConferin\u021ba Evolu\u021bia spiritual\u0103 &#8211; convingeri gre\u0219ite, blocaje aduce lumin\u0103 asupra scopului nostru \u0219i ofer\u0103 instrumente pentru a dep\u0103\u0219i piedicile \u0219i a ob\u021bine o perspectiv\u0103 mai clar\u0103 asupra direc\u021biei vie\u021bii tale.<\/p>\n","protected":false},"featured_media":4682,"template":"","meta":{"inline_featured_image":false},"product_brand":[],"product_cat":[602,709],"product_tag":[],"class_list":{"0":"post-4310","1":"product","2":"type-product","3":"status-publish","4":"has-post-thumbnail","6":"product_cat-cursuri-premium","7":"product_cat-vindecarea-umbrei","9":"first","10":"instock","11":"virtual","12":"taxable","13":"purchasable","14":"product-type-simple"},"yoast_head":"<!-- This site is optimized with the Yoast SEO plugin v26.9 - https:\/\/yoast.com\/product\/yoast-seo-wordpress\/ -->\n<title>Curs: Evolu\u021bia spiritual\u0103 - convingeri gre\u0219ite, blocaje - Ovidiu Drago\u0219 Arge\u0219anu<\/title>\n<meta name=\"description\" content=\"Vizioneaz\u0103 conferin\u021ba \u201cEvolu\u021bia spiritual\u0103 - convingeri gre\u0219ite, blocaje\u201c sus\u021binut\u0103 de Dr. Ovidiu-Drago\u0219 Arge\u0219anu, \u0219i porne\u0219te \u00eentr-o c\u0103l\u0103torie\" \/>\n<meta name=\"robots\" content=\"noindex, follow, max-snippet:-1, max-image-preview:large, max-video-preview:-1\" \/>\n<meta property=\"og:locale\" content=\"en_US\" \/>\n<meta property=\"og:type\" content=\"article\" \/>\n<meta property=\"og:title\" content=\"Curs: Evolu\u021bia spiritual\u0103 - convingeri gre\u0219ite, blocaje - Ovidiu Drago\u0219 Arge\u0219anu\" \/>\n<meta property=\"og:description\" content=\"Vizioneaz\u0103 conferin\u021ba \u201cEvolu\u021bia spiritual\u0103 - convingeri gre\u0219ite, blocaje\u201c sus\u021binut\u0103 de Dr. Ovidiu-Drago\u0219 Arge\u0219anu, \u0219i porne\u0219te \u00eentr-o c\u0103l\u0103torie\" \/>\n<meta property=\"og:url\" content=\"https:\/\/www.ovidiudragosargesanu.ro\/en\/shop\/cursuri-premium\/vindecarea-umbrei\/evolutia-spirituala-convingeri-gresite-blocaje\/\" \/>\n<meta property=\"og:site_name\" content=\"Ovidiu Drago\u0219 Arge\u0219anu\" \/>\n<meta property=\"article:modified_time\" content=\"2025-02-27T16:19:56+00:00\" \/>\n<meta property=\"og:image\" content=\"https:\/\/www.ovidiudragosargesanu.ro\/en\/wp-content\/uploads\/2023\/12\/Evolutia-spirituala-convingeri-gresite-blocaje-Curs.png\" \/>\n\t<meta property=\"og:image:width\" content=\"600\" \/>\n\t<meta property=\"og:image:height\" content=\"800\" \/>\n\t<meta property=\"og:image:type\" content=\"image\/png\" \/>\n<meta name=\"twitter:card\" content=\"summary_large_image\" \/>\n<meta name=\"twitter:label1\" content=\"Est. reading time\" \/>\n\t<meta name=\"twitter:data1\" content=\"1 minute\" \/>\n<script type=\"application\/ld+json\" class=\"yoast-schema-graph\">{\"@context\":\"https:\/\/schema.org\",\"@graph\":[{\"@type\":\"WebPage\",\"@id\":\"https:\/\/www.ovidiudragosargesanu.ro\/en\/shop\/cursuri-premium\/vindecarea-umbrei\/evolutia-spirituala-convingeri-gresite-blocaje\/\",\"url\":\"https:\/\/www.ovidiudragosargesanu.ro\/en\/shop\/cursuri-premium\/vindecarea-umbrei\/evolutia-spirituala-convingeri-gresite-blocaje\/\",\"name\":\"Curs: Evolu\u021bia spiritual\u0103 - convingeri gre\u0219ite, blocaje - Ovidiu Drago\u0219 Arge\u0219anu\",\"isPartOf\":{\"@id\":\"https:\/\/www.ovidiudragosargesanu.ro\/en\/#website\"},\"primaryImageOfPage\":{\"@id\":\"https:\/\/www.ovidiudragosargesanu.ro\/en\/shop\/cursuri-premium\/vindecarea-umbrei\/evolutia-spirituala-convingeri-gresite-blocaje\/#primaryimage\"},\"image\":{\"@id\":\"https:\/\/www.ovidiudragosargesanu.ro\/en\/shop\/cursuri-premium\/vindecarea-umbrei\/evolutia-spirituala-convingeri-gresite-blocaje\/#primaryimage\"},\"thumbnailUrl\":\"https:\/\/www.ovidiudragosargesanu.ro\/en\/wp-content\/uploads\/2023\/12\/Evolutia-spirituala-convingeri-gresite-blocaje-Curs.png\",\"datePublished\":\"2023-12-06T05:42:48+00:00\",\"dateModified\":\"2025-02-27T16:19:56+00:00\",\"description\":\"Vizioneaz\u0103 conferin\u021ba \u201cEvolu\u021bia spiritual\u0103 - convingeri gre\u0219ite, blocaje\u201c sus\u021binut\u0103 de Dr. Ovidiu-Drago\u0219 Arge\u0219anu, \u0219i porne\u0219te \u00eentr-o c\u0103l\u0103torie\",\"breadcrumb\":{\"@id\":\"https:\/\/www.ovidiudragosargesanu.ro\/en\/shop\/cursuri-premium\/vindecarea-umbrei\/evolutia-spirituala-convingeri-gresite-blocaje\/#breadcrumb\"},\"inLanguage\":\"en-US\",\"potentialAction\":[{\"@type\":\"ReadAction\",\"target\":[\"https:\/\/www.ovidiudragosargesanu.ro\/en\/shop\/cursuri-premium\/vindecarea-umbrei\/evolutia-spirituala-convingeri-gresite-blocaje\/\"]}]},{\"@type\":\"ImageObject\",\"inLanguage\":\"en-US\",\"@id\":\"https:\/\/www.ovidiudragosargesanu.ro\/en\/shop\/cursuri-premium\/vindecarea-umbrei\/evolutia-spirituala-convingeri-gresite-blocaje\/#primaryimage\",\"url\":\"https:\/\/www.ovidiudragosargesanu.ro\/en\/wp-content\/uploads\/2023\/12\/Evolutia-spirituala-convingeri-gresite-blocaje-Curs.png\",\"contentUrl\":\"https:\/\/www.ovidiudragosargesanu.ro\/en\/wp-content\/uploads\/2023\/12\/Evolutia-spirituala-convingeri-gresite-blocaje-Curs.png\",\"width\":600,\"height\":800},{\"@type\":\"BreadcrumbList\",\"@id\":\"https:\/\/www.ovidiudragosargesanu.ro\/en\/shop\/cursuri-premium\/vindecarea-umbrei\/evolutia-spirituala-convingeri-gresite-blocaje\/#breadcrumb\",\"itemListElement\":[{\"@type\":\"ListItem\",\"position\":1,\"name\":\"Prima pagin\u0103\",\"item\":\"https:\/\/www.ovidiudragosargesanu.ro\/en\/\"},{\"@type\":\"ListItem\",\"position\":2,\"name\":\"Shop\",\"item\":\"https:\/\/www.ovidiudragosargesanu.ro\/en\/shop\/\"},{\"@type\":\"ListItem\",\"position\":3,\"name\":\"Curs: Evolu\u021bia spiritual\u0103 &#8211; convingeri gre\u0219ite, blocaje\"}]},{\"@type\":\"WebSite\",\"@id\":\"https:\/\/www.ovidiudragosargesanu.ro\/en\/#website\",\"url\":\"https:\/\/www.ovidiudragosargesanu.ro\/en\/\",\"name\":\"Ovidiu Drago\u0219 Arge\u0219anu\",\"description\":\"\",\"publisher\":{\"@id\":\"https:\/\/www.ovidiudragosargesanu.ro\/en\/#organization\"},\"potentialAction\":[{\"@type\":\"SearchAction\",\"target\":{\"@type\":\"EntryPoint\",\"urlTemplate\":\"https:\/\/www.ovidiudragosargesanu.ro\/en\/?s={search_term_string}\"},\"query-input\":{\"@type\":\"PropertyValueSpecification\",\"valueRequired\":true,\"valueName\":\"search_term_string\"}}],\"inLanguage\":\"en-US\"},{\"@type\":\"Organization\",\"@id\":\"https:\/\/www.ovidiudragosargesanu.ro\/en\/#organization\",\"name\":\"Ovidiu Drago\u0219 Arge\u0219anu\",\"url\":\"https:\/\/www.ovidiudragosargesanu.ro\/en\/\",\"logo\":{\"@type\":\"ImageObject\",\"inLanguage\":\"en-US\",\"@id\":\"https:\/\/www.ovidiudragosargesanu.ro\/en\/#\/schema\/logo\/image\/\",\"url\":\"https:\/\/www.ovidiudragosargesanu.ro\/en\/wp-content\/uploads\/2018\/03\/dragos-logo-lotus-black-400.svg\",\"contentUrl\":\"https:\/\/www.ovidiudragosargesanu.ro\/en\/wp-content\/uploads\/2018\/03\/dragos-logo-lotus-black-400.svg\",\"width\":300,\"height\":150,\"caption\":\"Ovidiu Drago\u0219 Arge\u0219anu\"},\"image\":{\"@id\":\"https:\/\/www.ovidiudragosargesanu.ro\/en\/#\/schema\/logo\/image\/\"}}]}<\/script>\n<!-- \/ Yoast SEO plugin. -->","yoast_head_json":{"title":"Curs: Evolu\u021bia spiritual\u0103 - convingeri gre\u0219ite, blocaje - Ovidiu Drago\u0219 Arge\u0219anu","description":"Vizioneaz\u0103 conferin\u021ba \u201cEvolu\u021bia spiritual\u0103 - convingeri gre\u0219ite, blocaje\u201c sus\u021binut\u0103 de Dr. Ovidiu-Drago\u0219 Arge\u0219anu, \u0219i porne\u0219te \u00eentr-o c\u0103l\u0103torie","robots":{"index":"noindex","follow":"follow","max-snippet":"max-snippet:-1","max-image-preview":"max-image-preview:large","max-video-preview":"max-video-preview:-1"},"og_locale":"en_US","og_type":"article","og_title":"Curs: Evolu\u021bia spiritual\u0103 - convingeri gre\u0219ite, blocaje - Ovidiu Drago\u0219 Arge\u0219anu","og_description":"Vizioneaz\u0103 conferin\u021ba \u201cEvolu\u021bia spiritual\u0103 - convingeri gre\u0219ite, blocaje\u201c sus\u021binut\u0103 de Dr. Ovidiu-Drago\u0219 Arge\u0219anu, \u0219i porne\u0219te \u00eentr-o c\u0103l\u0103torie","og_url":"https:\/\/www.ovidiudragosargesanu.ro\/en\/shop\/cursuri-premium\/vindecarea-umbrei\/evolutia-spirituala-convingeri-gresite-blocaje\/","og_site_name":"Ovidiu Drago\u0219 Arge\u0219anu","article_modified_time":"2025-02-27T16:19:56+00:00","og_image":[{"width":600,"height":800,"url":"https:\/\/www.ovidiudragosargesanu.ro\/en\/wp-content\/uploads\/2023\/12\/Evolutia-spirituala-convingeri-gresite-blocaje-Curs.png","type":"image\/png"}],"twitter_card":"summary_large_image","twitter_misc":{"Est. reading time":"1 minute"},"schema":{"@context":"https:\/\/schema.org","@graph":[{"@type":"WebPage","@id":"https:\/\/www.ovidiudragosargesanu.ro\/en\/shop\/cursuri-premium\/vindecarea-umbrei\/evolutia-spirituala-convingeri-gresite-blocaje\/","url":"https:\/\/www.ovidiudragosargesanu.ro\/en\/shop\/cursuri-premium\/vindecarea-umbrei\/evolutia-spirituala-convingeri-gresite-blocaje\/","name":"Curs: Evolu\u021bia spiritual\u0103 - convingeri gre\u0219ite, blocaje - Ovidiu Drago\u0219 Arge\u0219anu","isPartOf":{"@id":"https:\/\/www.ovidiudragosargesanu.ro\/en\/#website"},"primaryImageOfPage":{"@id":"https:\/\/www.ovidiudragosargesanu.ro\/en\/shop\/cursuri-premium\/vindecarea-umbrei\/evolutia-spirituala-convingeri-gresite-blocaje\/#primaryimage"},"image":{"@id":"https:\/\/www.ovidiudragosargesanu.ro\/en\/shop\/cursuri-premium\/vindecarea-umbrei\/evolutia-spirituala-convingeri-gresite-blocaje\/#primaryimage"},"thumbnailUrl":"https:\/\/www.ovidiudragosargesanu.ro\/en\/wp-content\/uploads\/2023\/12\/Evolutia-spirituala-convingeri-gresite-blocaje-Curs.png","datePublished":"2023-12-06T05:42:48+00:00","dateModified":"2025-02-27T16:19:56+00:00","description":"Vizioneaz\u0103 conferin\u021ba \u201cEvolu\u021bia spiritual\u0103 - convingeri gre\u0219ite, blocaje\u201c sus\u021binut\u0103 de Dr. Ovidiu-Drago\u0219 Arge\u0219anu, \u0219i porne\u0219te \u00eentr-o c\u0103l\u0103torie","breadcrumb":{"@id":"https:\/\/www.ovidiudragosargesanu.ro\/en\/shop\/cursuri-premium\/vindecarea-umbrei\/evolutia-spirituala-convingeri-gresite-blocaje\/#breadcrumb"},"inLanguage":"en-US","potentialAction":[{"@type":"ReadAction","target":["https:\/\/www.ovidiudragosargesanu.ro\/en\/shop\/cursuri-premium\/vindecarea-umbrei\/evolutia-spirituala-convingeri-gresite-blocaje\/"]}]},{"@type":"ImageObject","inLanguage":"en-US","@id":"https:\/\/www.ovidiudragosargesanu.ro\/en\/shop\/cursuri-premium\/vindecarea-umbrei\/evolutia-spirituala-convingeri-gresite-blocaje\/#primaryimage","url":"https:\/\/www.ovidiudragosargesanu.ro\/en\/wp-content\/uploads\/2023\/12\/Evolutia-spirituala-convingeri-gresite-blocaje-Curs.png","contentUrl":"https:\/\/www.ovidiudragosargesanu.ro\/en\/wp-content\/uploads\/2023\/12\/Evolutia-spirituala-convingeri-gresite-blocaje-Curs.png","width":600,"height":800},{"@type":"BreadcrumbList","@id":"https:\/\/www.ovidiudragosargesanu.ro\/en\/shop\/cursuri-premium\/vindecarea-umbrei\/evolutia-spirituala-convingeri-gresite-blocaje\/#breadcrumb","itemListElement":[{"@type":"ListItem","position":1,"name":"Prima pagin\u0103","item":"https:\/\/www.ovidiudragosargesanu.ro\/en\/"},{"@type":"ListItem","position":2,"name":"Shop","item":"https:\/\/www.ovidiudragosargesanu.ro\/en\/shop\/"},{"@type":"ListItem","position":3,"name":"Curs: Evolu\u021bia spiritual\u0103 &#8211; convingeri gre\u0219ite, blocaje"}]},{"@type":"WebSite","@id":"https:\/\/www.ovidiudragosargesanu.ro\/en\/#website","url":"https:\/\/www.ovidiudragosargesanu.ro\/en\/","name":"Ovidiu Drago\u0219 Arge\u0219anu","description":"","publisher":{"@id":"https:\/\/www.ovidiudragosargesanu.ro\/en\/#organization"},"potentialAction":[{"@type":"SearchAction","target":{"@type":"EntryPoint","urlTemplate":"https:\/\/www.ovidiudragosargesanu.ro\/en\/?s={search_term_string}"},"query-input":{"@type":"PropertyValueSpecification","valueRequired":true,"valueName":"search_term_string"}}],"inLanguage":"en-US"},{"@type":"Organization","@id":"https:\/\/www.ovidiudragosargesanu.ro\/en\/#organization","name":"Ovidiu Drago\u0219 Arge\u0219anu","url":"https:\/\/www.ovidiudragosargesanu.ro\/en\/","logo":{"@type":"ImageObject","inLanguage":"en-US","@id":"https:\/\/www.ovidiudragosargesanu.ro\/en\/#\/schema\/logo\/image\/","url":"https:\/\/www.ovidiudragosargesanu.ro\/en\/wp-content\/uploads\/2018\/03\/dragos-logo-lotus-black-400.svg","contentUrl":"https:\/\/www.ovidiudragosargesanu.ro\/en\/wp-content\/uploads\/2018\/03\/dragos-logo-lotus-black-400.svg","width":300,"height":150,"caption":"Ovidiu Drago\u0219 Arge\u0219anu"},"image":{"@id":"https:\/\/www.ovidiudragosargesanu.ro\/en\/#\/schema\/logo\/image\/"}}]}},"_links":{"self":[{"href":"https:\/\/www.ovidiudragosargesanu.ro\/en\/wp-json\/wp\/v2\/product\/4310","targetHints":{"allow":["GET"]}}],"collection":[{"href":"https:\/\/www.ovidiudragosargesanu.ro\/en\/wp-json\/wp\/v2\/product"}],"about":[{"href":"https:\/\/www.ovidiudragosargesanu.ro\/en\/wp-json\/wp\/v2\/types\/product"}],"version-history":[{"count":5,"href":"https:\/\/www.ovidiudragosargesanu.ro\/en\/wp-json\/wp\/v2\/product\/4310\/revisions"}],"predecessor-version":[{"id":26547,"href":"https:\/\/www.ovidiudragosargesanu.ro\/en\/wp-json\/wp\/v2\/product\/4310\/revisions\/26547"}],"wp:featuredmedia":[{"embeddable":true,"href":"https:\/\/www.ovidiudragosargesanu.ro\/en\/wp-json\/wp\/v2\/media\/4682"}],"wp:attachment":[{"href":"https:\/\/www.ovidiudragosargesanu.ro\/en\/wp-json\/wp\/v2\/media?parent=4310"}],"wp:term":[{"taxonomy":"product_brand","embeddable":true,"href":"https:\/\/www.ovidiudragosargesanu.ro\/en\/wp-json\/wp\/v2\/product_brand?post=4310"},{"taxonomy":"product_cat","embeddable":true,"href":"https:\/\/www.ovidiudragosargesanu.ro\/en\/wp-json\/wp\/v2\/product_cat?post=4310"},{"taxonomy":"product_tag","embeddable":true,"href":"https:\/\/www.ovidiudragosargesanu.ro\/en\/wp-json\/wp\/v2\/product_tag?post=4310"}],"curies":[{"name":"wp","href":"https:\/\/api.w.org\/{rel}","templated":true}]}}