{"id":4316,"date":"2023-12-06T07:49:10","date_gmt":"2023-12-06T05:49:10","guid":{"rendered":"https:\/\/www.ovidiudragosargesanu.ro\/?post_type=product&#038;p=4316"},"modified":"2025-10-05T13:17:00","modified_gmt":"2025-10-05T10:17:00","slug":"secretele-ingerilor-si-ale-reiki-ului","status":"publish","type":"product","link":"https:\/\/www.ovidiudragosargesanu.ro\/en\/shop\/cursuri-premium\/reiki-cursuri-premium\/secretele-ingerilor-si-ale-reiki-ului\/","title":{"rendered":"Curs: Secretele \u00eengerilor \u0219i ale Reiki-ului"},"content":{"rendered":"<p><span style=\"font-weight: 400;\">Cre\u0219terea fiec\u0103ruie din noi vine din adunarea sufletului. \u00cengerii \u0219i demonii au influen\u021b\u0103. Fiecare om are un \u00eenger la na\u0219tere \u0219i \u00eei prime\u0219ti prin diverse mijloace. Cre\u0219terea \u00eenseamn\u0103 s\u0103 cre\u0219ti \u00een putere pentru a oferi putere \u00eengerilor t\u0103i \u0219i a-\u021bi m\u0103ri num\u0103rul lor. Num\u0103rul de \u00eengeri conteaz\u0103, fiind o form\u0103 de plat\u0103 karmic\u0103 ce produce aur spiritual. Atunci c\u00e2nd oferi\u021bi sau vizita\u021bi locuri specifice, exist\u0103 o schimbare energetic\u0103. Pentru ca dorin\u021bele s\u0103 se \u00eemplineasc\u0103, trebuie s\u0103 fie \u00een acord cu scopul mai larg \u0219i s\u0103 vizeze binele tuturor. Dorin\u021bele personale sunt mai pu\u021bin susceptibile s\u0103 se \u00eendeplineasc\u0103 dec\u00e2t cele care implic\u0103 binele comun. O dorin\u021b\u0103 autentic\u0103, aliniat\u0103 cu binele general, are poten\u021bial divin. Urm\u0103re\u0219te cursul \u201cSecretele \u00eengerilor \u0219i ale Reiki-ului\u201c sus\u021binut de Dr. Ovidiu-Drago\u0219 Arge\u0219an<\/span><span style=\"font-weight: 400;\">u \u0219i descoper\u0103 cum energia \u0219i practica Reiki pot contribui la evolu\u021bia ta spiritual\u0103. Beneficiaz\u0103 de \u00een\u021belegerea profund\u0103 a acestor aspecte pentru a-\u021bi \u00eembun\u0103t\u0103\u021bi starea de bine \u0219i evolu\u021bia personal\u0103.<\/span><\/p>\n","protected":false},"excerpt":{"rendered":"<p>ACCES NELIMITAT!<\/p>\n<p>Descoper\u0103 urm\u0103rind cursul \u201cSecretele \u00eengerilor \u0219i ale Reiki-ului\u201c sus\u021binut\u0103 de Dr. Ovidiu-Drago\u0219 Arge\u0219anu sursa \u00eengerilor \u00een via\u021ba ta, \u00eenva\u021b\u0103 cum s\u0103 multiplici \u0219i s\u0103 fortifici prezen\u021ba lor, \u0219i exploreaz\u0103 impactul energiei \u0219i a practicii Reiki asupra cre\u0219terii \u0219i evolu\u021biei tale spirituale.<br \/>\nBeneficiaz\u0103 de \u00een\u021belegerea profund\u0103 a acestor aspecte pentru a-\u021bi \u00eembun\u0103t\u0103\u021bi starea de bine \u0219i evolu\u021bia personal\u0103.<\/p>\n","protected":false},"featured_media":66282,"template":"","meta":{"inline_featured_image":false},"product_brand":[],"product_cat":[602,711],"product_tag":[],"class_list":{"0":"post-4316","1":"product","2":"type-product","3":"status-publish","4":"has-post-thumbnail","6":"product_cat-cursuri-premium","7":"product_cat-reiki-cursuri-premium","9":"first","10":"instock","11":"virtual","12":"taxable","13":"purchasable","14":"product-type-simple"},"yoast_head":"<!-- This site is optimized with the Yoast SEO plugin v26.9 - https:\/\/yoast.com\/product\/yoast-seo-wordpress\/ -->\n<title>Curs: Secretele \u00eengerilor \u0219i ale Reiki-ului - Ovidiu Drago\u0219 Arge\u0219anu<\/title>\n<meta name=\"description\" content=\"\u00cen\u021belege cre\u0219terea personal\u0103 \u0219i influen\u021ba \u00eengerilor asupra vie\u021bii tale urm\u0103rind cursul Secretele \u00eengerilor \u0219i ale Reiki-ului sus\u021binut de Dr\" \/>\n<meta name=\"robots\" content=\"noindex, follow, max-snippet:-1, max-image-preview:large, max-video-preview:-1\" \/>\n<meta property=\"og:locale\" content=\"en_US\" \/>\n<meta property=\"og:type\" content=\"article\" \/>\n<meta property=\"og:title\" content=\"Curs: Secretele \u00eengerilor \u0219i ale Reiki-ului - Ovidiu Drago\u0219 Arge\u0219anu\" \/>\n<meta property=\"og:description\" content=\"\u00cen\u021belege cre\u0219terea personal\u0103 \u0219i influen\u021ba \u00eengerilor asupra vie\u021bii tale urm\u0103rind cursul Secretele \u00eengerilor \u0219i ale Reiki-ului sus\u021binut de Dr\" \/>\n<meta property=\"og:url\" content=\"https:\/\/www.ovidiudragosargesanu.ro\/en\/shop\/cursuri-premium\/reiki-cursuri-premium\/secretele-ingerilor-si-ale-reiki-ului\/\" \/>\n<meta property=\"og:site_name\" content=\"Ovidiu Drago\u0219 Arge\u0219anu\" \/>\n<meta property=\"article:modified_time\" content=\"2025-10-05T10:17:00+00:00\" \/>\n<meta property=\"og:image\" content=\"https:\/\/www.ovidiudragosargesanu.ro\/en\/wp-content\/uploads\/2023\/12\/Conferinta-premium-Abundenta-si-bunastarea-600X800-2.png\" \/>\n\t<meta property=\"og:image:width\" content=\"600\" \/>\n\t<meta property=\"og:image:height\" content=\"800\" \/>\n\t<meta property=\"og:image:type\" content=\"image\/png\" \/>\n<meta name=\"twitter:card\" content=\"summary_large_image\" \/>\n<meta name=\"twitter:label1\" content=\"Est. reading time\" \/>\n\t<meta name=\"twitter:data1\" content=\"2 minutes\" \/>\n<script type=\"application\/ld+json\" class=\"yoast-schema-graph\">{\"@context\":\"https:\/\/schema.org\",\"@graph\":[{\"@type\":\"WebPage\",\"@id\":\"https:\/\/www.ovidiudragosargesanu.ro\/en\/shop\/cursuri-premium\/reiki-cursuri-premium\/secretele-ingerilor-si-ale-reiki-ului\/\",\"url\":\"https:\/\/www.ovidiudragosargesanu.ro\/en\/shop\/cursuri-premium\/reiki-cursuri-premium\/secretele-ingerilor-si-ale-reiki-ului\/\",\"name\":\"Curs: Secretele \u00eengerilor \u0219i ale Reiki-ului - Ovidiu Drago\u0219 Arge\u0219anu\",\"isPartOf\":{\"@id\":\"https:\/\/www.ovidiudragosargesanu.ro\/en\/#website\"},\"primaryImageOfPage\":{\"@id\":\"https:\/\/www.ovidiudragosargesanu.ro\/en\/shop\/cursuri-premium\/reiki-cursuri-premium\/secretele-ingerilor-si-ale-reiki-ului\/#primaryimage\"},\"image\":{\"@id\":\"https:\/\/www.ovidiudragosargesanu.ro\/en\/shop\/cursuri-premium\/reiki-cursuri-premium\/secretele-ingerilor-si-ale-reiki-ului\/#primaryimage\"},\"thumbnailUrl\":\"https:\/\/www.ovidiudragosargesanu.ro\/en\/wp-content\/uploads\/2023\/12\/Conferinta-premium-Abundenta-si-bunastarea-600X800-2.png\",\"datePublished\":\"2023-12-06T05:49:10+00:00\",\"dateModified\":\"2025-10-05T10:17:00+00:00\",\"description\":\"\u00cen\u021belege cre\u0219terea personal\u0103 \u0219i influen\u021ba \u00eengerilor asupra vie\u021bii tale urm\u0103rind cursul Secretele \u00eengerilor \u0219i ale Reiki-ului sus\u021binut de Dr\",\"breadcrumb\":{\"@id\":\"https:\/\/www.ovidiudragosargesanu.ro\/en\/shop\/cursuri-premium\/reiki-cursuri-premium\/secretele-ingerilor-si-ale-reiki-ului\/#breadcrumb\"},\"inLanguage\":\"en-US\",\"potentialAction\":[{\"@type\":\"ReadAction\",\"target\":[\"https:\/\/www.ovidiudragosargesanu.ro\/en\/shop\/cursuri-premium\/reiki-cursuri-premium\/secretele-ingerilor-si-ale-reiki-ului\/\"]}]},{\"@type\":\"ImageObject\",\"inLanguage\":\"en-US\",\"@id\":\"https:\/\/www.ovidiudragosargesanu.ro\/en\/shop\/cursuri-premium\/reiki-cursuri-premium\/secretele-ingerilor-si-ale-reiki-ului\/#primaryimage\",\"url\":\"https:\/\/www.ovidiudragosargesanu.ro\/en\/wp-content\/uploads\/2023\/12\/Conferinta-premium-Abundenta-si-bunastarea-600X800-2.png\",\"contentUrl\":\"https:\/\/www.ovidiudragosargesanu.ro\/en\/wp-content\/uploads\/2023\/12\/Conferinta-premium-Abundenta-si-bunastarea-600X800-2.png\",\"width\":600,\"height\":800},{\"@type\":\"BreadcrumbList\",\"@id\":\"https:\/\/www.ovidiudragosargesanu.ro\/en\/shop\/cursuri-premium\/reiki-cursuri-premium\/secretele-ingerilor-si-ale-reiki-ului\/#breadcrumb\",\"itemListElement\":[{\"@type\":\"ListItem\",\"position\":1,\"name\":\"Prima pagin\u0103\",\"item\":\"https:\/\/www.ovidiudragosargesanu.ro\/en\/\"},{\"@type\":\"ListItem\",\"position\":2,\"name\":\"Shop\",\"item\":\"https:\/\/www.ovidiudragosargesanu.ro\/en\/shop\/\"},{\"@type\":\"ListItem\",\"position\":3,\"name\":\"Curs: Secretele \u00eengerilor \u0219i ale Reiki-ului\"}]},{\"@type\":\"WebSite\",\"@id\":\"https:\/\/www.ovidiudragosargesanu.ro\/en\/#website\",\"url\":\"https:\/\/www.ovidiudragosargesanu.ro\/en\/\",\"name\":\"Ovidiu Drago\u0219 Arge\u0219anu\",\"description\":\"\",\"publisher\":{\"@id\":\"https:\/\/www.ovidiudragosargesanu.ro\/en\/#organization\"},\"potentialAction\":[{\"@type\":\"SearchAction\",\"target\":{\"@type\":\"EntryPoint\",\"urlTemplate\":\"https:\/\/www.ovidiudragosargesanu.ro\/en\/?s={search_term_string}\"},\"query-input\":{\"@type\":\"PropertyValueSpecification\",\"valueRequired\":true,\"valueName\":\"search_term_string\"}}],\"inLanguage\":\"en-US\"},{\"@type\":\"Organization\",\"@id\":\"https:\/\/www.ovidiudragosargesanu.ro\/en\/#organization\",\"name\":\"Ovidiu Drago\u0219 Arge\u0219anu\",\"url\":\"https:\/\/www.ovidiudragosargesanu.ro\/en\/\",\"logo\":{\"@type\":\"ImageObject\",\"inLanguage\":\"en-US\",\"@id\":\"https:\/\/www.ovidiudragosargesanu.ro\/en\/#\/schema\/logo\/image\/\",\"url\":\"https:\/\/www.ovidiudragosargesanu.ro\/en\/wp-content\/uploads\/2018\/03\/dragos-logo-lotus-black-400.svg\",\"contentUrl\":\"https:\/\/www.ovidiudragosargesanu.ro\/en\/wp-content\/uploads\/2018\/03\/dragos-logo-lotus-black-400.svg\",\"width\":300,\"height\":150,\"caption\":\"Ovidiu Drago\u0219 Arge\u0219anu\"},\"image\":{\"@id\":\"https:\/\/www.ovidiudragosargesanu.ro\/en\/#\/schema\/logo\/image\/\"}}]}<\/script>\n<!-- \/ Yoast SEO plugin. -->","yoast_head_json":{"title":"Curs: Secretele \u00eengerilor \u0219i ale Reiki-ului - Ovidiu Drago\u0219 Arge\u0219anu","description":"\u00cen\u021belege cre\u0219terea personal\u0103 \u0219i influen\u021ba \u00eengerilor asupra vie\u021bii tale urm\u0103rind cursul Secretele \u00eengerilor \u0219i ale Reiki-ului sus\u021binut de Dr","robots":{"index":"noindex","follow":"follow","max-snippet":"max-snippet:-1","max-image-preview":"max-image-preview:large","max-video-preview":"max-video-preview:-1"},"og_locale":"en_US","og_type":"article","og_title":"Curs: Secretele \u00eengerilor \u0219i ale Reiki-ului - Ovidiu Drago\u0219 Arge\u0219anu","og_description":"\u00cen\u021belege cre\u0219terea personal\u0103 \u0219i influen\u021ba \u00eengerilor asupra vie\u021bii tale urm\u0103rind cursul Secretele \u00eengerilor \u0219i ale Reiki-ului sus\u021binut de Dr","og_url":"https:\/\/www.ovidiudragosargesanu.ro\/en\/shop\/cursuri-premium\/reiki-cursuri-premium\/secretele-ingerilor-si-ale-reiki-ului\/","og_site_name":"Ovidiu Drago\u0219 Arge\u0219anu","article_modified_time":"2025-10-05T10:17:00+00:00","og_image":[{"width":600,"height":800,"url":"https:\/\/www.ovidiudragosargesanu.ro\/en\/wp-content\/uploads\/2023\/12\/Conferinta-premium-Abundenta-si-bunastarea-600X800-2.png","type":"image\/png"}],"twitter_card":"summary_large_image","twitter_misc":{"Est. reading time":"2 minutes"},"schema":{"@context":"https:\/\/schema.org","@graph":[{"@type":"WebPage","@id":"https:\/\/www.ovidiudragosargesanu.ro\/en\/shop\/cursuri-premium\/reiki-cursuri-premium\/secretele-ingerilor-si-ale-reiki-ului\/","url":"https:\/\/www.ovidiudragosargesanu.ro\/en\/shop\/cursuri-premium\/reiki-cursuri-premium\/secretele-ingerilor-si-ale-reiki-ului\/","name":"Curs: Secretele \u00eengerilor \u0219i ale Reiki-ului - Ovidiu Drago\u0219 Arge\u0219anu","isPartOf":{"@id":"https:\/\/www.ovidiudragosargesanu.ro\/en\/#website"},"primaryImageOfPage":{"@id":"https:\/\/www.ovidiudragosargesanu.ro\/en\/shop\/cursuri-premium\/reiki-cursuri-premium\/secretele-ingerilor-si-ale-reiki-ului\/#primaryimage"},"image":{"@id":"https:\/\/www.ovidiudragosargesanu.ro\/en\/shop\/cursuri-premium\/reiki-cursuri-premium\/secretele-ingerilor-si-ale-reiki-ului\/#primaryimage"},"thumbnailUrl":"https:\/\/www.ovidiudragosargesanu.ro\/en\/wp-content\/uploads\/2023\/12\/Conferinta-premium-Abundenta-si-bunastarea-600X800-2.png","datePublished":"2023-12-06T05:49:10+00:00","dateModified":"2025-10-05T10:17:00+00:00","description":"\u00cen\u021belege cre\u0219terea personal\u0103 \u0219i influen\u021ba \u00eengerilor asupra vie\u021bii tale urm\u0103rind cursul Secretele \u00eengerilor \u0219i ale Reiki-ului sus\u021binut de Dr","breadcrumb":{"@id":"https:\/\/www.ovidiudragosargesanu.ro\/en\/shop\/cursuri-premium\/reiki-cursuri-premium\/secretele-ingerilor-si-ale-reiki-ului\/#breadcrumb"},"inLanguage":"en-US","potentialAction":[{"@type":"ReadAction","target":["https:\/\/www.ovidiudragosargesanu.ro\/en\/shop\/cursuri-premium\/reiki-cursuri-premium\/secretele-ingerilor-si-ale-reiki-ului\/"]}]},{"@type":"ImageObject","inLanguage":"en-US","@id":"https:\/\/www.ovidiudragosargesanu.ro\/en\/shop\/cursuri-premium\/reiki-cursuri-premium\/secretele-ingerilor-si-ale-reiki-ului\/#primaryimage","url":"https:\/\/www.ovidiudragosargesanu.ro\/en\/wp-content\/uploads\/2023\/12\/Conferinta-premium-Abundenta-si-bunastarea-600X800-2.png","contentUrl":"https:\/\/www.ovidiudragosargesanu.ro\/en\/wp-content\/uploads\/2023\/12\/Conferinta-premium-Abundenta-si-bunastarea-600X800-2.png","width":600,"height":800},{"@type":"BreadcrumbList","@id":"https:\/\/www.ovidiudragosargesanu.ro\/en\/shop\/cursuri-premium\/reiki-cursuri-premium\/secretele-ingerilor-si-ale-reiki-ului\/#breadcrumb","itemListElement":[{"@type":"ListItem","position":1,"name":"Prima pagin\u0103","item":"https:\/\/www.ovidiudragosargesanu.ro\/en\/"},{"@type":"ListItem","position":2,"name":"Shop","item":"https:\/\/www.ovidiudragosargesanu.ro\/en\/shop\/"},{"@type":"ListItem","position":3,"name":"Curs: Secretele \u00eengerilor \u0219i ale Reiki-ului"}]},{"@type":"WebSite","@id":"https:\/\/www.ovidiudragosargesanu.ro\/en\/#website","url":"https:\/\/www.ovidiudragosargesanu.ro\/en\/","name":"Ovidiu Drago\u0219 Arge\u0219anu","description":"","publisher":{"@id":"https:\/\/www.ovidiudragosargesanu.ro\/en\/#organization"},"potentialAction":[{"@type":"SearchAction","target":{"@type":"EntryPoint","urlTemplate":"https:\/\/www.ovidiudragosargesanu.ro\/en\/?s={search_term_string}"},"query-input":{"@type":"PropertyValueSpecification","valueRequired":true,"valueName":"search_term_string"}}],"inLanguage":"en-US"},{"@type":"Organization","@id":"https:\/\/www.ovidiudragosargesanu.ro\/en\/#organization","name":"Ovidiu Drago\u0219 Arge\u0219anu","url":"https:\/\/www.ovidiudragosargesanu.ro\/en\/","logo":{"@type":"ImageObject","inLanguage":"en-US","@id":"https:\/\/www.ovidiudragosargesanu.ro\/en\/#\/schema\/logo\/image\/","url":"https:\/\/www.ovidiudragosargesanu.ro\/en\/wp-content\/uploads\/2018\/03\/dragos-logo-lotus-black-400.svg","contentUrl":"https:\/\/www.ovidiudragosargesanu.ro\/en\/wp-content\/uploads\/2018\/03\/dragos-logo-lotus-black-400.svg","width":300,"height":150,"caption":"Ovidiu Drago\u0219 Arge\u0219anu"},"image":{"@id":"https:\/\/www.ovidiudragosargesanu.ro\/en\/#\/schema\/logo\/image\/"}}]}},"_links":{"self":[{"href":"https:\/\/www.ovidiudragosargesanu.ro\/en\/wp-json\/wp\/v2\/product\/4316","targetHints":{"allow":["GET"]}}],"collection":[{"href":"https:\/\/www.ovidiudragosargesanu.ro\/en\/wp-json\/wp\/v2\/product"}],"about":[{"href":"https:\/\/www.ovidiudragosargesanu.ro\/en\/wp-json\/wp\/v2\/types\/product"}],"version-history":[{"count":10,"href":"https:\/\/www.ovidiudragosargesanu.ro\/en\/wp-json\/wp\/v2\/product\/4316\/revisions"}],"predecessor-version":[{"id":26544,"href":"https:\/\/www.ovidiudragosargesanu.ro\/en\/wp-json\/wp\/v2\/product\/4316\/revisions\/26544"}],"wp:featuredmedia":[{"embeddable":true,"href":"https:\/\/www.ovidiudragosargesanu.ro\/en\/wp-json\/wp\/v2\/media\/66282"}],"wp:attachment":[{"href":"https:\/\/www.ovidiudragosargesanu.ro\/en\/wp-json\/wp\/v2\/media?parent=4316"}],"wp:term":[{"taxonomy":"product_brand","embeddable":true,"href":"https:\/\/www.ovidiudragosargesanu.ro\/en\/wp-json\/wp\/v2\/product_brand?post=4316"},{"taxonomy":"product_cat","embeddable":true,"href":"https:\/\/www.ovidiudragosargesanu.ro\/en\/wp-json\/wp\/v2\/product_cat?post=4316"},{"taxonomy":"product_tag","embeddable":true,"href":"https:\/\/www.ovidiudragosargesanu.ro\/en\/wp-json\/wp\/v2\/product_tag?post=4316"}],"curies":[{"name":"wp","href":"https:\/\/api.w.org\/{rel}","templated":true}]}}