{"id":44045,"date":"2025-04-07T16:04:43","date_gmt":"2025-04-07T13:04:43","guid":{"rendered":"https:\/\/www.ovidiudragosargesanu.ro\/?post_type=product&#038;p=44045"},"modified":"2025-05-05T17:06:45","modified_gmt":"2025-05-05T14:06:45","slug":"seminar-kombat-2-campuri-si-chakre-bucuresti-acces-online-seniori","status":"publish","type":"product","link":"https:\/\/www.ovidiudragosargesanu.ro\/en\/shop\/seniori\/seminar-kombat-2-campuri-si-chakre-bucuresti-acces-online-seniori\/","title":{"rendered":"Seminar: Kombat 2 &#8211; Campuri si Chakre- Bucuresti &#8211; acces online (Seniori)"},"content":{"rendered":"<p><span style=\"font-weight: 400;\">Te invit s\u0103 vizionezi seminarul meu din 14 aprilie <b>\u201eKOMBAT 2 \u2013 C\u00e2mpuri \u0219i Chakre\u201d<\/b>, organizat \u00een Bucure\u0219ti. Acest eveniment este parte dintr-o serie de seminarii pe care am decis s\u0103 le lansez, pentru c\u0103 am observat un lucru esen\u021bial: teoria e util\u0103, dar <\/span><b>practica face diferen\u021ba<\/b><span style=\"font-weight: 400;\">!<\/span><\/p>\n<p><span style=\"font-weight: 400;\">Am creat acest seminar pentru to\u021bi cei care simt c\u0103 au nevoie de <\/span><b>claritate, protec\u021bie energetic\u0103 \u0219i \u00een\u021belegere profund\u0103<\/b><span style=\"font-weight: 400;\"> asupra modului \u00een care func\u021bioneaz\u0103 c\u00e2mpurile noastre \u0219i chakrele. Este un pas important pentru oricine dore\u0219te s\u0103-\u0219i creasc\u0103 rezilien\u021ba, vitalitatea \u0219i puterea interioar\u0103.<\/span><\/p>\n<p><span style=\"font-weight: 400;\">\ud83d\udca0 <\/span><b>Ce vom aborda \u00eempreun\u0103?<\/b><\/p>\n<p><span style=\"font-weight: 400;\">\u2714\ufe0f<\/span><span style=\"font-weight: 400;\">Ce sunt c\u00e2mpurile energetice \u0219i chakrele<\/span><span style=\"font-weight: 400;\"><br \/>\n<\/span><span style=\"font-weight: 400;\">\u2714\ufe0fCum sunt alc\u0103tuite \u0219i cum func\u021bioneaz\u0103 \u00een via\u021ba noastr\u0103 de zi cu zi<\/span><span style=\"font-weight: 400;\"><br \/>\n<\/span><span style=\"font-weight: 400;\">\u2714\ufe0fLeg\u0103tura subtil\u0103, dar puternic\u0103, dintre c\u00e2mpuri \u0219i chakre<\/span><span style=\"font-weight: 400;\"><br \/>\n<\/span><span style=\"font-weight: 400;\">\u2714\ufe0fCum pot fi afectate de atacul psi \u0219i ce \u00eenseamn\u0103, de fapt, acest tip de agresiune<\/span><span style=\"font-weight: 400;\"><br \/>\n<\/span><span style=\"font-weight: 400;\">\u2714\ufe0fMetode concrete pentru cre\u0219terea c\u00e2mpurilor energetice<\/span><span style=\"font-weight: 400;\"><br \/>\n<\/span><span style=\"font-weight: 400;\">\u2714\ufe0fCre\u0219terea rezisten\u021bei la agresiune<\/span><span style=\"font-weight: 400;\"><br \/>\n<\/span><span style=\"font-weight: 400;\">\u2714\ufe0fLeg\u0103tura dintre c\u00e2mpuri, dezechilibre \u0219i apari\u021bia bolilor<\/span><span style=\"font-weight: 400;\"><br \/>\n<\/span><span style=\"font-weight: 400;\">\u2714\ufe0fCum afecteaz\u0103 campurile \u0219i chakrele magia pe morm\u00e2nt (jertfe de animale sau de oameni)\u00a0<\/span><span style=\"font-weight: 400;\"><br \/>\n<\/span><span style=\"font-weight: 400;\">\u2714\ufe0fMagia ucrainean\u0103 pe cear\u0103 din m\u0103n\u0103stiri (mor\u021bi, morminte, ap\u0103 de mort, p\u0103r, unghii de mort<\/span><span style=\"font-weight: 400;\"><br \/>\n<\/span><span style=\"font-weight: 400;\">\u2714\ufe0fDespre natura tripl\u0103 a c\u00e2mpurilor: particule, energie, informa\u021bie \u0219i spirit<\/span><span style=\"font-weight: 400;\"><br \/>\n<\/span><span style=\"font-weight: 400;\">\u2714\ufe0fC\u00e2mpurile ca \u0219i spirite<\/span><span style=\"font-weight: 400;\"><br \/>\n<\/span><span style=\"font-weight: 400;\">\u2714\ufe0fMagia pe porc &#8211; c\u00e2mpurile lui pentru ingrasare<\/span><span style=\"font-weight: 400;\"><br \/>\n<\/span><span style=\"font-weight: 400;\">\u2714\ufe0fCum foloseste radiestezia fiecare c\u00e2mp \u00een m\u0103sur\u0103tori pentru altceva.<\/span><span style=\"font-weight: 400;\"><br \/>\n<\/span><span style=\"font-weight: 400;\">\u2714\ufe0f<\/span><span style=\"font-weight: 400;\">Blestemele preo\u021be\u0219ti \u0219i psalmul 108<\/span><\/p>\n<p>&nbsp;<\/p>\n","protected":false},"excerpt":{"rendered":"<p><b>ACCES NELIMITAT!<\/b><\/p>\n<p><span style=\"font-weight: 400;\">Te invit s\u0103 vizionezi seminarul meu din 14 aprilie <\/span><b>\u201eKOMBAT 2 \u2013 C\u00e2mpuri \u0219i Chakre\u201d<\/b><span style=\"font-weight: 400;\">, organizat \u00een Bucure\u0219ti. <\/span><\/p>\n","protected":false},"featured_media":45900,"template":"","meta":{"inline_featured_image":false},"product_brand":[],"product_cat":[795],"product_tag":[],"class_list":{"0":"post-44045","1":"product","2":"type-product","3":"status-publish","4":"has-post-thumbnail","6":"product_cat-seniori","8":"first","9":"instock","10":"sale","11":"virtual","12":"sold-individually","13":"taxable","14":"purchasable","15":"product-type-simple"},"yoast_head":"<!-- This site is optimized with the Yoast SEO plugin v26.9 - https:\/\/yoast.com\/product\/yoast-seo-wordpress\/ -->\n<title>Seminar: Kombat 2 - Campuri si Chakre- Bucuresti - acces online (Seniori) - Ovidiu Drago\u0219 Arge\u0219anu<\/title>\n<meta name=\"description\" content=\"Pe 14 aprilie, de la ora 18:00, te invit s\u0103 participi la noul meu seminar \u201eKOMBAT 2 \u2013 C\u00e2mpuri \u0219i Chakre\u201d, organizat \u00een Bucure\u0219ti. Acest eveniment\" \/>\n<meta name=\"robots\" content=\"noindex, follow, max-snippet:-1, max-image-preview:large, max-video-preview:-1\" \/>\n<meta property=\"og:locale\" content=\"en_US\" \/>\n<meta property=\"og:type\" content=\"article\" \/>\n<meta property=\"og:title\" content=\"Seminar: Kombat 2 - Campuri si Chakre- Bucuresti - acces online (Seniori) - Ovidiu Drago\u0219 Arge\u0219anu\" \/>\n<meta property=\"og:description\" content=\"Pe 14 aprilie, de la ora 18:00, te invit s\u0103 participi la noul meu seminar \u201eKOMBAT 2 \u2013 C\u00e2mpuri \u0219i Chakre\u201d, organizat \u00een Bucure\u0219ti. Acest eveniment\" \/>\n<meta property=\"og:url\" content=\"https:\/\/www.ovidiudragosargesanu.ro\/en\/shop\/seniori\/seminar-kombat-2-campuri-si-chakre-bucuresti-acces-online-seniori\/\" \/>\n<meta property=\"og:site_name\" content=\"Ovidiu Drago\u0219 Arge\u0219anu\" \/>\n<meta property=\"article:modified_time\" content=\"2025-05-05T14:06:45+00:00\" \/>\n<meta property=\"og:image\" content=\"https:\/\/www.ovidiudragosargesanu.ro\/en\/wp-content\/uploads\/2025\/04\/seminar-kombat-2-grafica-Premium-600-200.jpg\" \/>\n\t<meta property=\"og:image:width\" content=\"600\" \/>\n\t<meta property=\"og:image:height\" content=\"200\" \/>\n\t<meta property=\"og:image:type\" content=\"image\/jpeg\" \/>\n<meta name=\"twitter:card\" content=\"summary_large_image\" \/>\n<meta name=\"twitter:label1\" content=\"Est. reading time\" \/>\n\t<meta name=\"twitter:data1\" content=\"2 minutes\" \/>\n<script type=\"application\/ld+json\" class=\"yoast-schema-graph\">{\"@context\":\"https:\/\/schema.org\",\"@graph\":[{\"@type\":\"WebPage\",\"@id\":\"https:\/\/www.ovidiudragosargesanu.ro\/en\/shop\/seniori\/seminar-kombat-2-campuri-si-chakre-bucuresti-acces-online-seniori\/\",\"url\":\"https:\/\/www.ovidiudragosargesanu.ro\/en\/shop\/seniori\/seminar-kombat-2-campuri-si-chakre-bucuresti-acces-online-seniori\/\",\"name\":\"Seminar: Kombat 2 - Campuri si Chakre- Bucuresti - acces online (Seniori) - Ovidiu Drago\u0219 Arge\u0219anu\",\"isPartOf\":{\"@id\":\"https:\/\/www.ovidiudragosargesanu.ro\/en\/#website\"},\"primaryImageOfPage\":{\"@id\":\"https:\/\/www.ovidiudragosargesanu.ro\/en\/shop\/seniori\/seminar-kombat-2-campuri-si-chakre-bucuresti-acces-online-seniori\/#primaryimage\"},\"image\":{\"@id\":\"https:\/\/www.ovidiudragosargesanu.ro\/en\/shop\/seniori\/seminar-kombat-2-campuri-si-chakre-bucuresti-acces-online-seniori\/#primaryimage\"},\"thumbnailUrl\":\"https:\/\/www.ovidiudragosargesanu.ro\/en\/wp-content\/uploads\/2025\/04\/seminar-kombat-2-grafica-Premium-600-200.jpg\",\"datePublished\":\"2025-04-07T13:04:43+00:00\",\"dateModified\":\"2025-05-05T14:06:45+00:00\",\"description\":\"Pe 14 aprilie, de la ora 18:00, te invit s\u0103 participi la noul meu seminar \u201eKOMBAT 2 \u2013 C\u00e2mpuri \u0219i Chakre\u201d, organizat \u00een Bucure\u0219ti. Acest eveniment\",\"breadcrumb\":{\"@id\":\"https:\/\/www.ovidiudragosargesanu.ro\/en\/shop\/seniori\/seminar-kombat-2-campuri-si-chakre-bucuresti-acces-online-seniori\/#breadcrumb\"},\"inLanguage\":\"en-US\",\"potentialAction\":[{\"@type\":\"ReadAction\",\"target\":[\"https:\/\/www.ovidiudragosargesanu.ro\/en\/shop\/seniori\/seminar-kombat-2-campuri-si-chakre-bucuresti-acces-online-seniori\/\"]}]},{\"@type\":\"ImageObject\",\"inLanguage\":\"en-US\",\"@id\":\"https:\/\/www.ovidiudragosargesanu.ro\/en\/shop\/seniori\/seminar-kombat-2-campuri-si-chakre-bucuresti-acces-online-seniori\/#primaryimage\",\"url\":\"https:\/\/www.ovidiudragosargesanu.ro\/en\/wp-content\/uploads\/2025\/04\/seminar-kombat-2-grafica-Premium-600-200.jpg\",\"contentUrl\":\"https:\/\/www.ovidiudragosargesanu.ro\/en\/wp-content\/uploads\/2025\/04\/seminar-kombat-2-grafica-Premium-600-200.jpg\",\"width\":600,\"height\":200},{\"@type\":\"BreadcrumbList\",\"@id\":\"https:\/\/www.ovidiudragosargesanu.ro\/en\/shop\/seniori\/seminar-kombat-2-campuri-si-chakre-bucuresti-acces-online-seniori\/#breadcrumb\",\"itemListElement\":[{\"@type\":\"ListItem\",\"position\":1,\"name\":\"Prima pagin\u0103\",\"item\":\"https:\/\/www.ovidiudragosargesanu.ro\/en\/\"},{\"@type\":\"ListItem\",\"position\":2,\"name\":\"Shop\",\"item\":\"https:\/\/www.ovidiudragosargesanu.ro\/en\/shop\/\"},{\"@type\":\"ListItem\",\"position\":3,\"name\":\"Seminar: Kombat 2 &#8211; Campuri si Chakre- Bucuresti &#8211; acces online (Seniori)\"}]},{\"@type\":\"WebSite\",\"@id\":\"https:\/\/www.ovidiudragosargesanu.ro\/en\/#website\",\"url\":\"https:\/\/www.ovidiudragosargesanu.ro\/en\/\",\"name\":\"Ovidiu Drago\u0219 Arge\u0219anu\",\"description\":\"\",\"publisher\":{\"@id\":\"https:\/\/www.ovidiudragosargesanu.ro\/en\/#organization\"},\"potentialAction\":[{\"@type\":\"SearchAction\",\"target\":{\"@type\":\"EntryPoint\",\"urlTemplate\":\"https:\/\/www.ovidiudragosargesanu.ro\/en\/?s={search_term_string}\"},\"query-input\":{\"@type\":\"PropertyValueSpecification\",\"valueRequired\":true,\"valueName\":\"search_term_string\"}}],\"inLanguage\":\"en-US\"},{\"@type\":\"Organization\",\"@id\":\"https:\/\/www.ovidiudragosargesanu.ro\/en\/#organization\",\"name\":\"Ovidiu Drago\u0219 Arge\u0219anu\",\"url\":\"https:\/\/www.ovidiudragosargesanu.ro\/en\/\",\"logo\":{\"@type\":\"ImageObject\",\"inLanguage\":\"en-US\",\"@id\":\"https:\/\/www.ovidiudragosargesanu.ro\/en\/#\/schema\/logo\/image\/\",\"url\":\"https:\/\/www.ovidiudragosargesanu.ro\/en\/wp-content\/uploads\/2018\/03\/dragos-logo-lotus-black-400.svg\",\"contentUrl\":\"https:\/\/www.ovidiudragosargesanu.ro\/en\/wp-content\/uploads\/2018\/03\/dragos-logo-lotus-black-400.svg\",\"width\":300,\"height\":150,\"caption\":\"Ovidiu Drago\u0219 Arge\u0219anu\"},\"image\":{\"@id\":\"https:\/\/www.ovidiudragosargesanu.ro\/en\/#\/schema\/logo\/image\/\"}}]}<\/script>\n<!-- \/ Yoast SEO plugin. -->","yoast_head_json":{"title":"Seminar: Kombat 2 - Campuri si Chakre- Bucuresti - acces online (Seniori) - Ovidiu Drago\u0219 Arge\u0219anu","description":"Pe 14 aprilie, de la ora 18:00, te invit s\u0103 participi la noul meu seminar \u201eKOMBAT 2 \u2013 C\u00e2mpuri \u0219i Chakre\u201d, organizat \u00een Bucure\u0219ti. Acest eveniment","robots":{"index":"noindex","follow":"follow","max-snippet":"max-snippet:-1","max-image-preview":"max-image-preview:large","max-video-preview":"max-video-preview:-1"},"og_locale":"en_US","og_type":"article","og_title":"Seminar: Kombat 2 - Campuri si Chakre- Bucuresti - acces online (Seniori) - Ovidiu Drago\u0219 Arge\u0219anu","og_description":"Pe 14 aprilie, de la ora 18:00, te invit s\u0103 participi la noul meu seminar \u201eKOMBAT 2 \u2013 C\u00e2mpuri \u0219i Chakre\u201d, organizat \u00een Bucure\u0219ti. Acest eveniment","og_url":"https:\/\/www.ovidiudragosargesanu.ro\/en\/shop\/seniori\/seminar-kombat-2-campuri-si-chakre-bucuresti-acces-online-seniori\/","og_site_name":"Ovidiu Drago\u0219 Arge\u0219anu","article_modified_time":"2025-05-05T14:06:45+00:00","og_image":[{"width":600,"height":200,"url":"https:\/\/www.ovidiudragosargesanu.ro\/en\/wp-content\/uploads\/2025\/04\/seminar-kombat-2-grafica-Premium-600-200.jpg","type":"image\/jpeg"}],"twitter_card":"summary_large_image","twitter_misc":{"Est. reading time":"2 minutes"},"schema":{"@context":"https:\/\/schema.org","@graph":[{"@type":"WebPage","@id":"https:\/\/www.ovidiudragosargesanu.ro\/en\/shop\/seniori\/seminar-kombat-2-campuri-si-chakre-bucuresti-acces-online-seniori\/","url":"https:\/\/www.ovidiudragosargesanu.ro\/en\/shop\/seniori\/seminar-kombat-2-campuri-si-chakre-bucuresti-acces-online-seniori\/","name":"Seminar: Kombat 2 - Campuri si Chakre- Bucuresti - acces online (Seniori) - Ovidiu Drago\u0219 Arge\u0219anu","isPartOf":{"@id":"https:\/\/www.ovidiudragosargesanu.ro\/en\/#website"},"primaryImageOfPage":{"@id":"https:\/\/www.ovidiudragosargesanu.ro\/en\/shop\/seniori\/seminar-kombat-2-campuri-si-chakre-bucuresti-acces-online-seniori\/#primaryimage"},"image":{"@id":"https:\/\/www.ovidiudragosargesanu.ro\/en\/shop\/seniori\/seminar-kombat-2-campuri-si-chakre-bucuresti-acces-online-seniori\/#primaryimage"},"thumbnailUrl":"https:\/\/www.ovidiudragosargesanu.ro\/en\/wp-content\/uploads\/2025\/04\/seminar-kombat-2-grafica-Premium-600-200.jpg","datePublished":"2025-04-07T13:04:43+00:00","dateModified":"2025-05-05T14:06:45+00:00","description":"Pe 14 aprilie, de la ora 18:00, te invit s\u0103 participi la noul meu seminar \u201eKOMBAT 2 \u2013 C\u00e2mpuri \u0219i Chakre\u201d, organizat \u00een Bucure\u0219ti. Acest eveniment","breadcrumb":{"@id":"https:\/\/www.ovidiudragosargesanu.ro\/en\/shop\/seniori\/seminar-kombat-2-campuri-si-chakre-bucuresti-acces-online-seniori\/#breadcrumb"},"inLanguage":"en-US","potentialAction":[{"@type":"ReadAction","target":["https:\/\/www.ovidiudragosargesanu.ro\/en\/shop\/seniori\/seminar-kombat-2-campuri-si-chakre-bucuresti-acces-online-seniori\/"]}]},{"@type":"ImageObject","inLanguage":"en-US","@id":"https:\/\/www.ovidiudragosargesanu.ro\/en\/shop\/seniori\/seminar-kombat-2-campuri-si-chakre-bucuresti-acces-online-seniori\/#primaryimage","url":"https:\/\/www.ovidiudragosargesanu.ro\/en\/wp-content\/uploads\/2025\/04\/seminar-kombat-2-grafica-Premium-600-200.jpg","contentUrl":"https:\/\/www.ovidiudragosargesanu.ro\/en\/wp-content\/uploads\/2025\/04\/seminar-kombat-2-grafica-Premium-600-200.jpg","width":600,"height":200},{"@type":"BreadcrumbList","@id":"https:\/\/www.ovidiudragosargesanu.ro\/en\/shop\/seniori\/seminar-kombat-2-campuri-si-chakre-bucuresti-acces-online-seniori\/#breadcrumb","itemListElement":[{"@type":"ListItem","position":1,"name":"Prima pagin\u0103","item":"https:\/\/www.ovidiudragosargesanu.ro\/en\/"},{"@type":"ListItem","position":2,"name":"Shop","item":"https:\/\/www.ovidiudragosargesanu.ro\/en\/shop\/"},{"@type":"ListItem","position":3,"name":"Seminar: Kombat 2 &#8211; Campuri si Chakre- Bucuresti &#8211; acces online (Seniori)"}]},{"@type":"WebSite","@id":"https:\/\/www.ovidiudragosargesanu.ro\/en\/#website","url":"https:\/\/www.ovidiudragosargesanu.ro\/en\/","name":"Ovidiu Drago\u0219 Arge\u0219anu","description":"","publisher":{"@id":"https:\/\/www.ovidiudragosargesanu.ro\/en\/#organization"},"potentialAction":[{"@type":"SearchAction","target":{"@type":"EntryPoint","urlTemplate":"https:\/\/www.ovidiudragosargesanu.ro\/en\/?s={search_term_string}"},"query-input":{"@type":"PropertyValueSpecification","valueRequired":true,"valueName":"search_term_string"}}],"inLanguage":"en-US"},{"@type":"Organization","@id":"https:\/\/www.ovidiudragosargesanu.ro\/en\/#organization","name":"Ovidiu Drago\u0219 Arge\u0219anu","url":"https:\/\/www.ovidiudragosargesanu.ro\/en\/","logo":{"@type":"ImageObject","inLanguage":"en-US","@id":"https:\/\/www.ovidiudragosargesanu.ro\/en\/#\/schema\/logo\/image\/","url":"https:\/\/www.ovidiudragosargesanu.ro\/en\/wp-content\/uploads\/2018\/03\/dragos-logo-lotus-black-400.svg","contentUrl":"https:\/\/www.ovidiudragosargesanu.ro\/en\/wp-content\/uploads\/2018\/03\/dragos-logo-lotus-black-400.svg","width":300,"height":150,"caption":"Ovidiu Drago\u0219 Arge\u0219anu"},"image":{"@id":"https:\/\/www.ovidiudragosargesanu.ro\/en\/#\/schema\/logo\/image\/"}}]}},"_links":{"self":[{"href":"https:\/\/www.ovidiudragosargesanu.ro\/en\/wp-json\/wp\/v2\/product\/44045","targetHints":{"allow":["GET"]}}],"collection":[{"href":"https:\/\/www.ovidiudragosargesanu.ro\/en\/wp-json\/wp\/v2\/product"}],"about":[{"href":"https:\/\/www.ovidiudragosargesanu.ro\/en\/wp-json\/wp\/v2\/types\/product"}],"version-history":[{"count":3,"href":"https:\/\/www.ovidiudragosargesanu.ro\/en\/wp-json\/wp\/v2\/product\/44045\/revisions"}],"predecessor-version":[{"id":44865,"href":"https:\/\/www.ovidiudragosargesanu.ro\/en\/wp-json\/wp\/v2\/product\/44045\/revisions\/44865"}],"wp:featuredmedia":[{"embeddable":true,"href":"https:\/\/www.ovidiudragosargesanu.ro\/en\/wp-json\/wp\/v2\/media\/45900"}],"wp:attachment":[{"href":"https:\/\/www.ovidiudragosargesanu.ro\/en\/wp-json\/wp\/v2\/media?parent=44045"}],"wp:term":[{"taxonomy":"product_brand","embeddable":true,"href":"https:\/\/www.ovidiudragosargesanu.ro\/en\/wp-json\/wp\/v2\/product_brand?post=44045"},{"taxonomy":"product_cat","embeddable":true,"href":"https:\/\/www.ovidiudragosargesanu.ro\/en\/wp-json\/wp\/v2\/product_cat?post=44045"},{"taxonomy":"product_tag","embeddable":true,"href":"https:\/\/www.ovidiudragosargesanu.ro\/en\/wp-json\/wp\/v2\/product_tag?post=44045"}],"curies":[{"name":"wp","href":"https:\/\/api.w.org\/{rel}","templated":true}]}}