{"id":46099,"date":"2025-04-28T22:13:08","date_gmt":"2025-04-28T19:13:08","guid":{"rendered":"https:\/\/www.ovidiudragosargesanu.ro\/?post_type=product&#038;p=46099"},"modified":"2025-05-30T22:34:11","modified_gmt":"2025-05-30T19:34:11","slug":"curs-ingerii-modulul-iii-craiova-acces-online-seniori","status":"publish","type":"product","link":"https:\/\/www.ovidiudragosargesanu.ro\/en\/shop\/seniori\/curs-ingerii-modulul-iii-craiova-acces-online-seniori\/","title":{"rendered":"Curs: Ingerii Modulul III &#8211; Craiova &#8211; acces online (Seniori)"},"content":{"rendered":"<h2><b>Curs: \u00cengerii \u2013 Modulul III &#8211; Craiova<\/b><\/h2>\n<h3><span style=\"font-weight: 400;\">E\u0219ti preg\u0103tit s\u0103 explorezi cele mai \u00eenalte dimensiuni ale spiritualit\u0103\u021bii?<\/span><span style=\"font-weight: 400;\"><br \/>\n<\/span><span style=\"font-weight: 400;\"> Te invit s\u0103 vizionezi<\/span><b>\u00a0\u201e\u00cengerii \u2013 Modulul III\u201d<\/b><span style=\"font-weight: 400;\">, un curs profund \u0219i transformator care \u00eembin\u0103 cunoa\u0219terea mistic\u0103 cu practica spiritual\u0103, oferindu-\u021bi o conexiune real\u0103 cu dimensiunile superioare ale existen\u021bei.<\/span><\/h3>\n<h3><span style=\"font-weight: 400;\">\u2728 <\/span><b>Ce vei descoperi:<\/b><\/h3>\n<ul>\n<li style=\"font-weight: 400;\">\n<h3><span style=\"font-weight: 400;\">Despre dimensiunile spirituale, versuri \u0219i multiversuri<\/span><span style=\"font-weight: 400;\"><br \/>\n<\/span><\/h3>\n<\/li>\n<li style=\"font-weight: 400;\">\n<h3><span style=\"font-weight: 400;\">\u00cengeri de peste 16 miliarde de ani \u0219i rolul lor \u00een evolu\u021bie<\/span><span style=\"font-weight: 400;\"><br \/>\n<\/span><\/h3>\n<\/li>\n<li style=\"font-weight: 400;\">\n<h3><span style=\"font-weight: 400;\">Dumnezei din alte versuri \u0219i interac\u021biunea lor cu planul nostru<\/span><span style=\"font-weight: 400;\"><br \/>\n<\/span><\/h3>\n<\/li>\n<li style=\"font-weight: 400;\">\n<h3><span style=\"font-weight: 400;\">Cum influen\u021beaz\u0103 \u00eengerii realitatea ta cotidian\u0103<\/span><span style=\"font-weight: 400;\"><br \/>\n<\/span><\/h3>\n<\/li>\n<li style=\"font-weight: 400;\">\n<h3><span style=\"font-weight: 400;\">Metode de conectare cu dimensiunile \u00eenalte<\/span><span style=\"font-weight: 400;\"><br \/>\n<\/span><\/h3>\n<\/li>\n<\/ul>\n<h3><\/h3>\n","protected":false},"excerpt":{"rendered":"<p><b>ACCES NELIMITAT!<\/b><\/p>\n<h3><span style=\"font-weight: 400;\">\u00a0Te invit s\u0103 vizionezi noul meu curs<\/span><b> \u201e\u00cengerii \u2013 Modulul III\u201d<\/b><span style=\"font-weight: 400;\">, pe care l-am sus\u021binut \u00een Craiova.<\/span><\/h3>\n","protected":false},"featured_media":48959,"template":"","meta":{"inline_featured_image":false},"product_brand":[],"product_cat":[795],"product_tag":[],"class_list":{"0":"post-46099","1":"product","2":"type-product","3":"status-publish","4":"has-post-thumbnail","6":"product_cat-seniori","8":"first","9":"instock","10":"sale","11":"virtual","12":"sold-individually","13":"taxable","14":"purchasable","15":"product-type-simple"},"yoast_head":"<!-- This site is optimized with the Yoast SEO plugin v26.9 - https:\/\/yoast.com\/product\/yoast-seo-wordpress\/ -->\n<title>Curs: Ingerii Modulul III - Craiova - acces online (Seniori) - Ovidiu Drago\u0219 Arge\u0219anu<\/title>\n<meta name=\"description\" content=\"Te invit la \u201e\u00cengerii \u2013 Modulul III\u201d, un curs profund \u0219i transformator care \u00eembin\u0103 cunoa\u0219terea mistic\u0103 cu practica spiritual\u0103, oferindu-\u021bi o conexiune\" \/>\n<meta name=\"robots\" content=\"noindex, follow, max-snippet:-1, max-image-preview:large, max-video-preview:-1\" \/>\n<meta property=\"og:locale\" content=\"en_US\" \/>\n<meta property=\"og:type\" content=\"article\" \/>\n<meta property=\"og:title\" content=\"Curs: Ingerii Modulul III - Craiova - acces online (Seniori) - Ovidiu Drago\u0219 Arge\u0219anu\" \/>\n<meta property=\"og:description\" content=\"Te invit la \u201e\u00cengerii \u2013 Modulul III\u201d, un curs profund \u0219i transformator care \u00eembin\u0103 cunoa\u0219terea mistic\u0103 cu practica spiritual\u0103, oferindu-\u021bi o conexiune\" \/>\n<meta property=\"og:url\" content=\"https:\/\/www.ovidiudragosargesanu.ro\/en\/shop\/seniori\/curs-ingerii-modulul-iii-craiova-acces-online-seniori\/\" \/>\n<meta property=\"og:site_name\" content=\"Ovidiu Drago\u0219 Arge\u0219anu\" \/>\n<meta property=\"article:modified_time\" content=\"2025-05-30T19:34:11+00:00\" \/>\n<meta property=\"og:image\" content=\"https:\/\/www.ovidiudragosargesanu.ro\/en\/wp-content\/uploads\/2025\/05\/Craiova-ingerii-3-grafica-premium-600-800-1-scaled.jpg\" \/>\n\t<meta property=\"og:image:width\" content=\"1920\" \/>\n\t<meta property=\"og:image:height\" content=\"2560\" \/>\n\t<meta property=\"og:image:type\" content=\"image\/jpeg\" \/>\n<meta name=\"twitter:card\" content=\"summary_large_image\" \/>\n<meta name=\"twitter:label1\" content=\"Est. reading time\" \/>\n\t<meta name=\"twitter:data1\" content=\"1 minute\" \/>\n<script type=\"application\/ld+json\" class=\"yoast-schema-graph\">{\"@context\":\"https:\/\/schema.org\",\"@graph\":[{\"@type\":\"WebPage\",\"@id\":\"https:\/\/www.ovidiudragosargesanu.ro\/en\/shop\/seniori\/curs-ingerii-modulul-iii-craiova-acces-online-seniori\/\",\"url\":\"https:\/\/www.ovidiudragosargesanu.ro\/en\/shop\/seniori\/curs-ingerii-modulul-iii-craiova-acces-online-seniori\/\",\"name\":\"Curs: Ingerii Modulul III - Craiova - acces online (Seniori) - Ovidiu Drago\u0219 Arge\u0219anu\",\"isPartOf\":{\"@id\":\"https:\/\/www.ovidiudragosargesanu.ro\/en\/#website\"},\"primaryImageOfPage\":{\"@id\":\"https:\/\/www.ovidiudragosargesanu.ro\/en\/shop\/seniori\/curs-ingerii-modulul-iii-craiova-acces-online-seniori\/#primaryimage\"},\"image\":{\"@id\":\"https:\/\/www.ovidiudragosargesanu.ro\/en\/shop\/seniori\/curs-ingerii-modulul-iii-craiova-acces-online-seniori\/#primaryimage\"},\"thumbnailUrl\":\"https:\/\/www.ovidiudragosargesanu.ro\/en\/wp-content\/uploads\/2025\/05\/Craiova-ingerii-3-grafica-premium-600-800-1-scaled.jpg\",\"datePublished\":\"2025-04-28T19:13:08+00:00\",\"dateModified\":\"2025-05-30T19:34:11+00:00\",\"description\":\"Te invit la \u201e\u00cengerii \u2013 Modulul III\u201d, un curs profund \u0219i transformator care \u00eembin\u0103 cunoa\u0219terea mistic\u0103 cu practica spiritual\u0103, oferindu-\u021bi o conexiune\",\"breadcrumb\":{\"@id\":\"https:\/\/www.ovidiudragosargesanu.ro\/en\/shop\/seniori\/curs-ingerii-modulul-iii-craiova-acces-online-seniori\/#breadcrumb\"},\"inLanguage\":\"en-US\",\"potentialAction\":[{\"@type\":\"ReadAction\",\"target\":[\"https:\/\/www.ovidiudragosargesanu.ro\/en\/shop\/seniori\/curs-ingerii-modulul-iii-craiova-acces-online-seniori\/\"]}]},{\"@type\":\"ImageObject\",\"inLanguage\":\"en-US\",\"@id\":\"https:\/\/www.ovidiudragosargesanu.ro\/en\/shop\/seniori\/curs-ingerii-modulul-iii-craiova-acces-online-seniori\/#primaryimage\",\"url\":\"https:\/\/www.ovidiudragosargesanu.ro\/en\/wp-content\/uploads\/2025\/05\/Craiova-ingerii-3-grafica-premium-600-800-1-scaled.jpg\",\"contentUrl\":\"https:\/\/www.ovidiudragosargesanu.ro\/en\/wp-content\/uploads\/2025\/05\/Craiova-ingerii-3-grafica-premium-600-800-1-scaled.jpg\",\"width\":1920,\"height\":2560},{\"@type\":\"BreadcrumbList\",\"@id\":\"https:\/\/www.ovidiudragosargesanu.ro\/en\/shop\/seniori\/curs-ingerii-modulul-iii-craiova-acces-online-seniori\/#breadcrumb\",\"itemListElement\":[{\"@type\":\"ListItem\",\"position\":1,\"name\":\"Prima pagin\u0103\",\"item\":\"https:\/\/www.ovidiudragosargesanu.ro\/en\/\"},{\"@type\":\"ListItem\",\"position\":2,\"name\":\"Shop\",\"item\":\"https:\/\/www.ovidiudragosargesanu.ro\/en\/shop\/\"},{\"@type\":\"ListItem\",\"position\":3,\"name\":\"Curs: Ingerii Modulul III &#8211; Craiova &#8211; acces online (Seniori)\"}]},{\"@type\":\"WebSite\",\"@id\":\"https:\/\/www.ovidiudragosargesanu.ro\/en\/#website\",\"url\":\"https:\/\/www.ovidiudragosargesanu.ro\/en\/\",\"name\":\"Ovidiu Drago\u0219 Arge\u0219anu\",\"description\":\"\",\"publisher\":{\"@id\":\"https:\/\/www.ovidiudragosargesanu.ro\/en\/#organization\"},\"potentialAction\":[{\"@type\":\"SearchAction\",\"target\":{\"@type\":\"EntryPoint\",\"urlTemplate\":\"https:\/\/www.ovidiudragosargesanu.ro\/en\/?s={search_term_string}\"},\"query-input\":{\"@type\":\"PropertyValueSpecification\",\"valueRequired\":true,\"valueName\":\"search_term_string\"}}],\"inLanguage\":\"en-US\"},{\"@type\":\"Organization\",\"@id\":\"https:\/\/www.ovidiudragosargesanu.ro\/en\/#organization\",\"name\":\"Ovidiu Drago\u0219 Arge\u0219anu\",\"url\":\"https:\/\/www.ovidiudragosargesanu.ro\/en\/\",\"logo\":{\"@type\":\"ImageObject\",\"inLanguage\":\"en-US\",\"@id\":\"https:\/\/www.ovidiudragosargesanu.ro\/en\/#\/schema\/logo\/image\/\",\"url\":\"https:\/\/www.ovidiudragosargesanu.ro\/en\/wp-content\/uploads\/2018\/03\/dragos-logo-lotus-black-400.svg\",\"contentUrl\":\"https:\/\/www.ovidiudragosargesanu.ro\/en\/wp-content\/uploads\/2018\/03\/dragos-logo-lotus-black-400.svg\",\"width\":300,\"height\":150,\"caption\":\"Ovidiu Drago\u0219 Arge\u0219anu\"},\"image\":{\"@id\":\"https:\/\/www.ovidiudragosargesanu.ro\/en\/#\/schema\/logo\/image\/\"}}]}<\/script>\n<!-- \/ Yoast SEO plugin. -->","yoast_head_json":{"title":"Curs: Ingerii Modulul III - Craiova - acces online (Seniori) - Ovidiu Drago\u0219 Arge\u0219anu","description":"Te invit la \u201e\u00cengerii \u2013 Modulul III\u201d, un curs profund \u0219i transformator care \u00eembin\u0103 cunoa\u0219terea mistic\u0103 cu practica spiritual\u0103, oferindu-\u021bi o conexiune","robots":{"index":"noindex","follow":"follow","max-snippet":"max-snippet:-1","max-image-preview":"max-image-preview:large","max-video-preview":"max-video-preview:-1"},"og_locale":"en_US","og_type":"article","og_title":"Curs: Ingerii Modulul III - Craiova - acces online (Seniori) - Ovidiu Drago\u0219 Arge\u0219anu","og_description":"Te invit la \u201e\u00cengerii \u2013 Modulul III\u201d, un curs profund \u0219i transformator care \u00eembin\u0103 cunoa\u0219terea mistic\u0103 cu practica spiritual\u0103, oferindu-\u021bi o conexiune","og_url":"https:\/\/www.ovidiudragosargesanu.ro\/en\/shop\/seniori\/curs-ingerii-modulul-iii-craiova-acces-online-seniori\/","og_site_name":"Ovidiu Drago\u0219 Arge\u0219anu","article_modified_time":"2025-05-30T19:34:11+00:00","og_image":[{"width":1920,"height":2560,"url":"https:\/\/www.ovidiudragosargesanu.ro\/en\/wp-content\/uploads\/2025\/05\/Craiova-ingerii-3-grafica-premium-600-800-1-scaled.jpg","type":"image\/jpeg"}],"twitter_card":"summary_large_image","twitter_misc":{"Est. reading time":"1 minute"},"schema":{"@context":"https:\/\/schema.org","@graph":[{"@type":"WebPage","@id":"https:\/\/www.ovidiudragosargesanu.ro\/en\/shop\/seniori\/curs-ingerii-modulul-iii-craiova-acces-online-seniori\/","url":"https:\/\/www.ovidiudragosargesanu.ro\/en\/shop\/seniori\/curs-ingerii-modulul-iii-craiova-acces-online-seniori\/","name":"Curs: Ingerii Modulul III - Craiova - acces online (Seniori) - Ovidiu Drago\u0219 Arge\u0219anu","isPartOf":{"@id":"https:\/\/www.ovidiudragosargesanu.ro\/en\/#website"},"primaryImageOfPage":{"@id":"https:\/\/www.ovidiudragosargesanu.ro\/en\/shop\/seniori\/curs-ingerii-modulul-iii-craiova-acces-online-seniori\/#primaryimage"},"image":{"@id":"https:\/\/www.ovidiudragosargesanu.ro\/en\/shop\/seniori\/curs-ingerii-modulul-iii-craiova-acces-online-seniori\/#primaryimage"},"thumbnailUrl":"https:\/\/www.ovidiudragosargesanu.ro\/en\/wp-content\/uploads\/2025\/05\/Craiova-ingerii-3-grafica-premium-600-800-1-scaled.jpg","datePublished":"2025-04-28T19:13:08+00:00","dateModified":"2025-05-30T19:34:11+00:00","description":"Te invit la \u201e\u00cengerii \u2013 Modulul III\u201d, un curs profund \u0219i transformator care \u00eembin\u0103 cunoa\u0219terea mistic\u0103 cu practica spiritual\u0103, oferindu-\u021bi o conexiune","breadcrumb":{"@id":"https:\/\/www.ovidiudragosargesanu.ro\/en\/shop\/seniori\/curs-ingerii-modulul-iii-craiova-acces-online-seniori\/#breadcrumb"},"inLanguage":"en-US","potentialAction":[{"@type":"ReadAction","target":["https:\/\/www.ovidiudragosargesanu.ro\/en\/shop\/seniori\/curs-ingerii-modulul-iii-craiova-acces-online-seniori\/"]}]},{"@type":"ImageObject","inLanguage":"en-US","@id":"https:\/\/www.ovidiudragosargesanu.ro\/en\/shop\/seniori\/curs-ingerii-modulul-iii-craiova-acces-online-seniori\/#primaryimage","url":"https:\/\/www.ovidiudragosargesanu.ro\/en\/wp-content\/uploads\/2025\/05\/Craiova-ingerii-3-grafica-premium-600-800-1-scaled.jpg","contentUrl":"https:\/\/www.ovidiudragosargesanu.ro\/en\/wp-content\/uploads\/2025\/05\/Craiova-ingerii-3-grafica-premium-600-800-1-scaled.jpg","width":1920,"height":2560},{"@type":"BreadcrumbList","@id":"https:\/\/www.ovidiudragosargesanu.ro\/en\/shop\/seniori\/curs-ingerii-modulul-iii-craiova-acces-online-seniori\/#breadcrumb","itemListElement":[{"@type":"ListItem","position":1,"name":"Prima pagin\u0103","item":"https:\/\/www.ovidiudragosargesanu.ro\/en\/"},{"@type":"ListItem","position":2,"name":"Shop","item":"https:\/\/www.ovidiudragosargesanu.ro\/en\/shop\/"},{"@type":"ListItem","position":3,"name":"Curs: Ingerii Modulul III &#8211; Craiova &#8211; acces online (Seniori)"}]},{"@type":"WebSite","@id":"https:\/\/www.ovidiudragosargesanu.ro\/en\/#website","url":"https:\/\/www.ovidiudragosargesanu.ro\/en\/","name":"Ovidiu Drago\u0219 Arge\u0219anu","description":"","publisher":{"@id":"https:\/\/www.ovidiudragosargesanu.ro\/en\/#organization"},"potentialAction":[{"@type":"SearchAction","target":{"@type":"EntryPoint","urlTemplate":"https:\/\/www.ovidiudragosargesanu.ro\/en\/?s={search_term_string}"},"query-input":{"@type":"PropertyValueSpecification","valueRequired":true,"valueName":"search_term_string"}}],"inLanguage":"en-US"},{"@type":"Organization","@id":"https:\/\/www.ovidiudragosargesanu.ro\/en\/#organization","name":"Ovidiu Drago\u0219 Arge\u0219anu","url":"https:\/\/www.ovidiudragosargesanu.ro\/en\/","logo":{"@type":"ImageObject","inLanguage":"en-US","@id":"https:\/\/www.ovidiudragosargesanu.ro\/en\/#\/schema\/logo\/image\/","url":"https:\/\/www.ovidiudragosargesanu.ro\/en\/wp-content\/uploads\/2018\/03\/dragos-logo-lotus-black-400.svg","contentUrl":"https:\/\/www.ovidiudragosargesanu.ro\/en\/wp-content\/uploads\/2018\/03\/dragos-logo-lotus-black-400.svg","width":300,"height":150,"caption":"Ovidiu Drago\u0219 Arge\u0219anu"},"image":{"@id":"https:\/\/www.ovidiudragosargesanu.ro\/en\/#\/schema\/logo\/image\/"}}]}},"_links":{"self":[{"href":"https:\/\/www.ovidiudragosargesanu.ro\/en\/wp-json\/wp\/v2\/product\/46099","targetHints":{"allow":["GET"]}}],"collection":[{"href":"https:\/\/www.ovidiudragosargesanu.ro\/en\/wp-json\/wp\/v2\/product"}],"about":[{"href":"https:\/\/www.ovidiudragosargesanu.ro\/en\/wp-json\/wp\/v2\/types\/product"}],"version-history":[{"count":3,"href":"https:\/\/www.ovidiudragosargesanu.ro\/en\/wp-json\/wp\/v2\/product\/46099\/revisions"}],"predecessor-version":[{"id":48963,"href":"https:\/\/www.ovidiudragosargesanu.ro\/en\/wp-json\/wp\/v2\/product\/46099\/revisions\/48963"}],"wp:featuredmedia":[{"embeddable":true,"href":"https:\/\/www.ovidiudragosargesanu.ro\/en\/wp-json\/wp\/v2\/media\/48959"}],"wp:attachment":[{"href":"https:\/\/www.ovidiudragosargesanu.ro\/en\/wp-json\/wp\/v2\/media?parent=46099"}],"wp:term":[{"taxonomy":"product_brand","embeddable":true,"href":"https:\/\/www.ovidiudragosargesanu.ro\/en\/wp-json\/wp\/v2\/product_brand?post=46099"},{"taxonomy":"product_cat","embeddable":true,"href":"https:\/\/www.ovidiudragosargesanu.ro\/en\/wp-json\/wp\/v2\/product_cat?post=46099"},{"taxonomy":"product_tag","embeddable":true,"href":"https:\/\/www.ovidiudragosargesanu.ro\/en\/wp-json\/wp\/v2\/product_tag?post=46099"}],"curies":[{"name":"wp","href":"https:\/\/api.w.org\/{rel}","templated":true}]}}