{"id":46443,"date":"2025-05-02T17:30:59","date_gmt":"2025-05-02T14:30:59","guid":{"rendered":"https:\/\/www.ovidiudragosargesanu.ro\/?post_type=product&#038;p=46443"},"modified":"2025-05-22T17:31:52","modified_gmt":"2025-05-22T14:31:52","slug":"seminar-kombat-3-despre-sine-bucuresti-acces-online","status":"publish","type":"product","link":"https:\/\/www.ovidiudragosargesanu.ro\/en\/shop\/cursuri-premium\/kombat-ki\/seminar-kombat-3-despre-sine-bucuresti-acces-online\/","title":{"rendered":"Seminar: Kombat 3 &#8211; Despre Sine &#8211; Bucuresti &#8211; acces online"},"content":{"rendered":"<p><b>Seminar KOMBAT 3: Despre Sine \u2013 Bucure\u0219ti, 12 mai 2025<\/b><\/p>\n<p><b>Descoper\u0103 cine e\u0219ti cu adev\u0103rat!<\/b><b><br \/>\n<\/b><span style=\"font-weight: 400;\"> Te invit s\u0103 vizionezi <\/span><b>Seminarul KOMBAT 3: Despre Sine<\/b><span style=\"font-weight: 400;\">, un <\/span><b>seminar PRACTIC<\/b><span style=\"font-weight: 400;\"> ce a avut loc \u00een <\/span><b>Bucure\u0219ti<\/b><span style=\"font-weight: 400;\">, pe data de <\/span><b>12 mai 2025.<\/b><\/p>\n<p><b>Ce vei explora la acest seminar:<\/b><\/p>\n<ul>\n<li style=\"font-weight: 400;\" aria-level=\"1\"><span style=\"font-weight: 400;\">Ce este Sinele omului &#8211; care este diferen\u021ba fundamental\u0103 dintre Sine (Spirit) \u0219i Suflet.<\/span><\/li>\n<li style=\"font-weight: 400;\" aria-level=\"1\"><span style=\"font-weight: 400;\">\u0218arpele Kundalini.<\/span><\/li>\n<li style=\"font-weight: 400;\" aria-level=\"1\"><span style=\"font-weight: 400;\">Loculul Sinelui (\u0219arpele kundalini) \u00een Structura omului.\u00a0<\/span><\/li>\n<li style=\"font-weight: 400;\" aria-level=\"1\"><span style=\"font-weight: 400;\">Trezirea spiritual\u0103 \u0219i rela\u021bia cu Sinele.<\/span><\/li>\n<li style=\"font-weight: 400;\" aria-level=\"1\"><span style=\"font-weight: 400;\">Sinele \u0219i Karma spiritual\u0103.<\/span><\/li>\n<li style=\"font-weight: 400;\" aria-level=\"1\"><span style=\"font-weight: 400;\">Blocaje de la nivelul Sinelui.<\/span><\/li>\n<li style=\"font-weight: 400;\" aria-level=\"1\"><span style=\"font-weight: 400;\">Traumele (r\u0103nile) emo\u021bionale.<\/span><\/li>\n<li style=\"font-weight: 400;\" aria-level=\"1\"><span style=\"font-weight: 400;\">Programele negative de la nivel de Sine.<\/span><\/li>\n<li style=\"font-weight: 400;\" aria-level=\"1\"><span style=\"font-weight: 400;\">Energia Benefic\u0103 (EBF-ul) a Sinelui \u2013 ce \u00eenseamn\u0103, cum evolueaz\u0103 \u0219i cum se reflect\u0103 \u00een via\u021ba ta personal\u0103.<\/span><\/li>\n<li style=\"font-weight: 400;\" aria-level=\"1\"><span style=\"font-weight: 400;\">Cum prime\u0219te Sinele Sufletul pentru \u00eentrup\u0103ri de la Dumnezeu.<\/span><\/li>\n<li style=\"font-weight: 400;\" aria-level=\"1\"><span style=\"font-weight: 400;\">Diferen\u021ba \u00eentre \u0219arpele kundalini (sine), spirit \u0219i suflet.\u00a0<\/span><\/li>\n<li style=\"font-weight: 400;\" aria-level=\"1\"><span style=\"font-weight: 400;\">V\u00e2rsta astral\u0103 a Sinelui \u0219i a Sufletului.<\/span><\/li>\n<li style=\"font-weight: 400;\" aria-level=\"1\"><span style=\"font-weight: 400;\">Autismul cauzat de beneficitate \u0219i v\u00e2rsta astral\u0103 mic\u0103 a Sinelui.<\/span><\/li>\n<li style=\"font-weight: 400;\" aria-level=\"1\"><span style=\"font-weight: 400;\">Cuplul \u0219i v\u00e2rstele astrale de la nivel de Sine a partenerilor.<\/span><\/li>\n<li style=\"font-weight: 400;\" aria-level=\"1\"><span style=\"font-weight: 400;\">Cum afecteaz\u0103 v\u00e2rsta astral\u0103 a Sinelui un cuplu.<\/span><\/li>\n<li style=\"font-weight: 400;\" aria-level=\"1\"><span style=\"font-weight: 400;\">Puterea interioar\u0103 a Sinelui.<\/span><\/li>\n<li style=\"font-weight: 400;\" aria-level=\"1\"><span style=\"font-weight: 400;\">Cum poate cre\u0219te ca putere beneficitatea, lumina interioar\u0103 a sinelui.<\/span><\/li>\n<li style=\"font-weight: 400;\" aria-level=\"1\"><span style=\"font-weight: 400;\">Magia f\u0103cut\u0103 pe sine<\/span><\/li>\n<li style=\"font-weight: 400;\" aria-level=\"1\"><span style=\"font-weight: 400;\">Hipnoza sinelui, farmecele<\/span><\/li>\n<li style=\"font-weight: 400;\" aria-level=\"1\"><span style=\"font-weight: 400;\">Magia pe m\u00e2ncare \u0219i efectul ei asupra Sinelui<\/span><\/li>\n<li style=\"font-weight: 400;\" aria-level=\"1\"><span style=\"font-weight: 400;\">Magia pe sex \u00een manipularea Sinelui<\/span><\/li>\n<li style=\"font-weight: 400;\" aria-level=\"1\"><span style=\"font-weight: 400;\">Legarea, r\u0103nirea, blocarea poten\u021bialelor sinelui<\/span><\/li>\n<\/ul>\n<p>&nbsp;<\/p>\n","protected":false},"excerpt":{"rendered":"<p><b>ACCES NELIMITAT!<\/b><\/p>\n<p><span style=\"font-weight: 400;\">Te invit s\u0103 vizionezi seminarul<\/span><b> ,,KOMBAT 3 &#8211; Despre Sine\u201d<\/b><span style=\"font-weight: 400;\"> din 12 mai, \u00een Bucure\u0219ti.<\/span><\/p>\n<p>&nbsp;<\/p>\n<p>&nbsp;<\/p>\n","protected":false},"featured_media":47490,"template":"","meta":{"inline_featured_image":false},"product_brand":[],"product_cat":[602,762],"product_tag":[],"class_list":{"0":"post-46443","1":"product","2":"type-product","3":"status-publish","4":"has-post-thumbnail","6":"product_cat-cursuri-premium","7":"product_cat-kombat-ki","9":"first","10":"instock","11":"virtual","12":"sold-individually","13":"taxable","14":"purchasable","15":"product-type-simple"},"yoast_head":"<!-- This site is optimized with the Yoast SEO plugin v26.9 - https:\/\/yoast.com\/product\/yoast-seo-wordpress\/ -->\n<title>Seminar: Kombat 3 - Despre Sine - Bucuresti - acces online - Ovidiu Drago\u0219 Arge\u0219anu<\/title>\n<meta name=\"robots\" content=\"noindex, follow, max-snippet:-1, max-image-preview:large, max-video-preview:-1\" \/>\n<meta property=\"og:locale\" content=\"en_US\" \/>\n<meta property=\"og:type\" content=\"article\" \/>\n<meta property=\"og:title\" content=\"Seminar: Kombat 3 - Despre Sine - Bucuresti - acces online - Ovidiu Drago\u0219 Arge\u0219anu\" \/>\n<meta property=\"og:description\" content=\"ACCES NELIMITAT!  Te invit s\u0103 vizionezi seminarul ,,KOMBAT 3 - Despre Sine\u201d din 12 mai, \u00een Bucure\u0219ti.  &nbsp;  &nbsp;\" \/>\n<meta property=\"og:url\" content=\"https:\/\/www.ovidiudragosargesanu.ro\/en\/shop\/cursuri-premium\/kombat-ki\/seminar-kombat-3-despre-sine-bucuresti-acces-online\/\" \/>\n<meta property=\"og:site_name\" content=\"Ovidiu Drago\u0219 Arge\u0219anu\" \/>\n<meta property=\"article:modified_time\" content=\"2025-05-22T14:31:52+00:00\" \/>\n<meta property=\"og:image\" content=\"https:\/\/www.ovidiudragosargesanu.ro\/en\/wp-content\/uploads\/2025\/05\/Seminar-kombat-3-grafica-premium-600-800-scaled.jpg\" \/>\n\t<meta property=\"og:image:width\" content=\"1920\" \/>\n\t<meta property=\"og:image:height\" content=\"2560\" \/>\n\t<meta property=\"og:image:type\" content=\"image\/jpeg\" \/>\n<meta name=\"twitter:card\" content=\"summary_large_image\" \/>\n<meta name=\"twitter:label1\" content=\"Est. reading time\" \/>\n\t<meta name=\"twitter:data1\" content=\"2 minutes\" \/>\n<script type=\"application\/ld+json\" class=\"yoast-schema-graph\">{\"@context\":\"https:\/\/schema.org\",\"@graph\":[{\"@type\":\"WebPage\",\"@id\":\"https:\/\/www.ovidiudragosargesanu.ro\/en\/shop\/cursuri-premium\/kombat-ki\/seminar-kombat-3-despre-sine-bucuresti-acces-online\/\",\"url\":\"https:\/\/www.ovidiudragosargesanu.ro\/en\/shop\/cursuri-premium\/kombat-ki\/seminar-kombat-3-despre-sine-bucuresti-acces-online\/\",\"name\":\"Seminar: Kombat 3 - Despre Sine - Bucuresti - acces online - Ovidiu Drago\u0219 Arge\u0219anu\",\"isPartOf\":{\"@id\":\"https:\/\/www.ovidiudragosargesanu.ro\/en\/#website\"},\"primaryImageOfPage\":{\"@id\":\"https:\/\/www.ovidiudragosargesanu.ro\/en\/shop\/cursuri-premium\/kombat-ki\/seminar-kombat-3-despre-sine-bucuresti-acces-online\/#primaryimage\"},\"image\":{\"@id\":\"https:\/\/www.ovidiudragosargesanu.ro\/en\/shop\/cursuri-premium\/kombat-ki\/seminar-kombat-3-despre-sine-bucuresti-acces-online\/#primaryimage\"},\"thumbnailUrl\":\"https:\/\/www.ovidiudragosargesanu.ro\/en\/wp-content\/uploads\/2025\/05\/Seminar-kombat-3-grafica-premium-600-800-scaled.jpg\",\"datePublished\":\"2025-05-02T14:30:59+00:00\",\"dateModified\":\"2025-05-22T14:31:52+00:00\",\"breadcrumb\":{\"@id\":\"https:\/\/www.ovidiudragosargesanu.ro\/en\/shop\/cursuri-premium\/kombat-ki\/seminar-kombat-3-despre-sine-bucuresti-acces-online\/#breadcrumb\"},\"inLanguage\":\"en-US\",\"potentialAction\":[{\"@type\":\"ReadAction\",\"target\":[\"https:\/\/www.ovidiudragosargesanu.ro\/en\/shop\/cursuri-premium\/kombat-ki\/seminar-kombat-3-despre-sine-bucuresti-acces-online\/\"]}]},{\"@type\":\"ImageObject\",\"inLanguage\":\"en-US\",\"@id\":\"https:\/\/www.ovidiudragosargesanu.ro\/en\/shop\/cursuri-premium\/kombat-ki\/seminar-kombat-3-despre-sine-bucuresti-acces-online\/#primaryimage\",\"url\":\"https:\/\/www.ovidiudragosargesanu.ro\/en\/wp-content\/uploads\/2025\/05\/Seminar-kombat-3-grafica-premium-600-800-scaled.jpg\",\"contentUrl\":\"https:\/\/www.ovidiudragosargesanu.ro\/en\/wp-content\/uploads\/2025\/05\/Seminar-kombat-3-grafica-premium-600-800-scaled.jpg\",\"width\":1920,\"height\":2560},{\"@type\":\"BreadcrumbList\",\"@id\":\"https:\/\/www.ovidiudragosargesanu.ro\/en\/shop\/cursuri-premium\/kombat-ki\/seminar-kombat-3-despre-sine-bucuresti-acces-online\/#breadcrumb\",\"itemListElement\":[{\"@type\":\"ListItem\",\"position\":1,\"name\":\"Prima pagin\u0103\",\"item\":\"https:\/\/www.ovidiudragosargesanu.ro\/en\/\"},{\"@type\":\"ListItem\",\"position\":2,\"name\":\"Shop\",\"item\":\"https:\/\/www.ovidiudragosargesanu.ro\/en\/shop\/\"},{\"@type\":\"ListItem\",\"position\":3,\"name\":\"Seminar: Kombat 3 &#8211; Despre Sine &#8211; Bucuresti &#8211; acces online\"}]},{\"@type\":\"WebSite\",\"@id\":\"https:\/\/www.ovidiudragosargesanu.ro\/en\/#website\",\"url\":\"https:\/\/www.ovidiudragosargesanu.ro\/en\/\",\"name\":\"Ovidiu Drago\u0219 Arge\u0219anu\",\"description\":\"\",\"publisher\":{\"@id\":\"https:\/\/www.ovidiudragosargesanu.ro\/en\/#organization\"},\"potentialAction\":[{\"@type\":\"SearchAction\",\"target\":{\"@type\":\"EntryPoint\",\"urlTemplate\":\"https:\/\/www.ovidiudragosargesanu.ro\/en\/?s={search_term_string}\"},\"query-input\":{\"@type\":\"PropertyValueSpecification\",\"valueRequired\":true,\"valueName\":\"search_term_string\"}}],\"inLanguage\":\"en-US\"},{\"@type\":\"Organization\",\"@id\":\"https:\/\/www.ovidiudragosargesanu.ro\/en\/#organization\",\"name\":\"Ovidiu Drago\u0219 Arge\u0219anu\",\"url\":\"https:\/\/www.ovidiudragosargesanu.ro\/en\/\",\"logo\":{\"@type\":\"ImageObject\",\"inLanguage\":\"en-US\",\"@id\":\"https:\/\/www.ovidiudragosargesanu.ro\/en\/#\/schema\/logo\/image\/\",\"url\":\"https:\/\/www.ovidiudragosargesanu.ro\/en\/wp-content\/uploads\/2018\/03\/dragos-logo-lotus-black-400.svg\",\"contentUrl\":\"https:\/\/www.ovidiudragosargesanu.ro\/en\/wp-content\/uploads\/2018\/03\/dragos-logo-lotus-black-400.svg\",\"width\":300,\"height\":150,\"caption\":\"Ovidiu Drago\u0219 Arge\u0219anu\"},\"image\":{\"@id\":\"https:\/\/www.ovidiudragosargesanu.ro\/en\/#\/schema\/logo\/image\/\"}}]}<\/script>\n<!-- \/ Yoast SEO plugin. -->","yoast_head_json":{"title":"Seminar: Kombat 3 - Despre Sine - Bucuresti - acces online - Ovidiu Drago\u0219 Arge\u0219anu","robots":{"index":"noindex","follow":"follow","max-snippet":"max-snippet:-1","max-image-preview":"max-image-preview:large","max-video-preview":"max-video-preview:-1"},"og_locale":"en_US","og_type":"article","og_title":"Seminar: Kombat 3 - Despre Sine - Bucuresti - acces online - Ovidiu Drago\u0219 Arge\u0219anu","og_description":"ACCES NELIMITAT!  Te invit s\u0103 vizionezi seminarul ,,KOMBAT 3 - Despre Sine\u201d din 12 mai, \u00een Bucure\u0219ti.  &nbsp;  &nbsp;","og_url":"https:\/\/www.ovidiudragosargesanu.ro\/en\/shop\/cursuri-premium\/kombat-ki\/seminar-kombat-3-despre-sine-bucuresti-acces-online\/","og_site_name":"Ovidiu Drago\u0219 Arge\u0219anu","article_modified_time":"2025-05-22T14:31:52+00:00","og_image":[{"width":1920,"height":2560,"url":"https:\/\/www.ovidiudragosargesanu.ro\/en\/wp-content\/uploads\/2025\/05\/Seminar-kombat-3-grafica-premium-600-800-scaled.jpg","type":"image\/jpeg"}],"twitter_card":"summary_large_image","twitter_misc":{"Est. reading time":"2 minutes"},"schema":{"@context":"https:\/\/schema.org","@graph":[{"@type":"WebPage","@id":"https:\/\/www.ovidiudragosargesanu.ro\/en\/shop\/cursuri-premium\/kombat-ki\/seminar-kombat-3-despre-sine-bucuresti-acces-online\/","url":"https:\/\/www.ovidiudragosargesanu.ro\/en\/shop\/cursuri-premium\/kombat-ki\/seminar-kombat-3-despre-sine-bucuresti-acces-online\/","name":"Seminar: Kombat 3 - Despre Sine - Bucuresti - acces online - Ovidiu Drago\u0219 Arge\u0219anu","isPartOf":{"@id":"https:\/\/www.ovidiudragosargesanu.ro\/en\/#website"},"primaryImageOfPage":{"@id":"https:\/\/www.ovidiudragosargesanu.ro\/en\/shop\/cursuri-premium\/kombat-ki\/seminar-kombat-3-despre-sine-bucuresti-acces-online\/#primaryimage"},"image":{"@id":"https:\/\/www.ovidiudragosargesanu.ro\/en\/shop\/cursuri-premium\/kombat-ki\/seminar-kombat-3-despre-sine-bucuresti-acces-online\/#primaryimage"},"thumbnailUrl":"https:\/\/www.ovidiudragosargesanu.ro\/en\/wp-content\/uploads\/2025\/05\/Seminar-kombat-3-grafica-premium-600-800-scaled.jpg","datePublished":"2025-05-02T14:30:59+00:00","dateModified":"2025-05-22T14:31:52+00:00","breadcrumb":{"@id":"https:\/\/www.ovidiudragosargesanu.ro\/en\/shop\/cursuri-premium\/kombat-ki\/seminar-kombat-3-despre-sine-bucuresti-acces-online\/#breadcrumb"},"inLanguage":"en-US","potentialAction":[{"@type":"ReadAction","target":["https:\/\/www.ovidiudragosargesanu.ro\/en\/shop\/cursuri-premium\/kombat-ki\/seminar-kombat-3-despre-sine-bucuresti-acces-online\/"]}]},{"@type":"ImageObject","inLanguage":"en-US","@id":"https:\/\/www.ovidiudragosargesanu.ro\/en\/shop\/cursuri-premium\/kombat-ki\/seminar-kombat-3-despre-sine-bucuresti-acces-online\/#primaryimage","url":"https:\/\/www.ovidiudragosargesanu.ro\/en\/wp-content\/uploads\/2025\/05\/Seminar-kombat-3-grafica-premium-600-800-scaled.jpg","contentUrl":"https:\/\/www.ovidiudragosargesanu.ro\/en\/wp-content\/uploads\/2025\/05\/Seminar-kombat-3-grafica-premium-600-800-scaled.jpg","width":1920,"height":2560},{"@type":"BreadcrumbList","@id":"https:\/\/www.ovidiudragosargesanu.ro\/en\/shop\/cursuri-premium\/kombat-ki\/seminar-kombat-3-despre-sine-bucuresti-acces-online\/#breadcrumb","itemListElement":[{"@type":"ListItem","position":1,"name":"Prima pagin\u0103","item":"https:\/\/www.ovidiudragosargesanu.ro\/en\/"},{"@type":"ListItem","position":2,"name":"Shop","item":"https:\/\/www.ovidiudragosargesanu.ro\/en\/shop\/"},{"@type":"ListItem","position":3,"name":"Seminar: Kombat 3 &#8211; Despre Sine &#8211; Bucuresti &#8211; acces online"}]},{"@type":"WebSite","@id":"https:\/\/www.ovidiudragosargesanu.ro\/en\/#website","url":"https:\/\/www.ovidiudragosargesanu.ro\/en\/","name":"Ovidiu Drago\u0219 Arge\u0219anu","description":"","publisher":{"@id":"https:\/\/www.ovidiudragosargesanu.ro\/en\/#organization"},"potentialAction":[{"@type":"SearchAction","target":{"@type":"EntryPoint","urlTemplate":"https:\/\/www.ovidiudragosargesanu.ro\/en\/?s={search_term_string}"},"query-input":{"@type":"PropertyValueSpecification","valueRequired":true,"valueName":"search_term_string"}}],"inLanguage":"en-US"},{"@type":"Organization","@id":"https:\/\/www.ovidiudragosargesanu.ro\/en\/#organization","name":"Ovidiu Drago\u0219 Arge\u0219anu","url":"https:\/\/www.ovidiudragosargesanu.ro\/en\/","logo":{"@type":"ImageObject","inLanguage":"en-US","@id":"https:\/\/www.ovidiudragosargesanu.ro\/en\/#\/schema\/logo\/image\/","url":"https:\/\/www.ovidiudragosargesanu.ro\/en\/wp-content\/uploads\/2018\/03\/dragos-logo-lotus-black-400.svg","contentUrl":"https:\/\/www.ovidiudragosargesanu.ro\/en\/wp-content\/uploads\/2018\/03\/dragos-logo-lotus-black-400.svg","width":300,"height":150,"caption":"Ovidiu Drago\u0219 Arge\u0219anu"},"image":{"@id":"https:\/\/www.ovidiudragosargesanu.ro\/en\/#\/schema\/logo\/image\/"}}]}},"_links":{"self":[{"href":"https:\/\/www.ovidiudragosargesanu.ro\/en\/wp-json\/wp\/v2\/product\/46443","targetHints":{"allow":["GET"]}}],"collection":[{"href":"https:\/\/www.ovidiudragosargesanu.ro\/en\/wp-json\/wp\/v2\/product"}],"about":[{"href":"https:\/\/www.ovidiudragosargesanu.ro\/en\/wp-json\/wp\/v2\/types\/product"}],"version-history":[{"count":4,"href":"https:\/\/www.ovidiudragosargesanu.ro\/en\/wp-json\/wp\/v2\/product\/46443\/revisions"}],"predecessor-version":[{"id":47486,"href":"https:\/\/www.ovidiudragosargesanu.ro\/en\/wp-json\/wp\/v2\/product\/46443\/revisions\/47486"}],"wp:featuredmedia":[{"embeddable":true,"href":"https:\/\/www.ovidiudragosargesanu.ro\/en\/wp-json\/wp\/v2\/media\/47490"}],"wp:attachment":[{"href":"https:\/\/www.ovidiudragosargesanu.ro\/en\/wp-json\/wp\/v2\/media?parent=46443"}],"wp:term":[{"taxonomy":"product_brand","embeddable":true,"href":"https:\/\/www.ovidiudragosargesanu.ro\/en\/wp-json\/wp\/v2\/product_brand?post=46443"},{"taxonomy":"product_cat","embeddable":true,"href":"https:\/\/www.ovidiudragosargesanu.ro\/en\/wp-json\/wp\/v2\/product_cat?post=46443"},{"taxonomy":"product_tag","embeddable":true,"href":"https:\/\/www.ovidiudragosargesanu.ro\/en\/wp-json\/wp\/v2\/product_tag?post=46443"}],"curies":[{"name":"wp","href":"https:\/\/api.w.org\/{rel}","templated":true}]}}