{"id":46463,"date":"2025-05-02T18:18:32","date_gmt":"2025-05-02T15:18:32","guid":{"rendered":"https:\/\/www.ovidiudragosargesanu.ro\/?post_type=product&#038;p=46463"},"modified":"2025-05-05T10:50:51","modified_gmt":"2025-05-05T07:50:51","slug":"curs-ingerii-3-ploiesti-acces-online","status":"publish","type":"product","link":"https:\/\/www.ovidiudragosargesanu.ro\/en\/shop\/cursuri-premium\/entitati-cursuri-premium\/curs-ingerii-3-ploiesti-acces-online\/","title":{"rendered":"Curs: Ingerii 3 &#8211; Ploiesti &#8211; acces online"},"content":{"rendered":"<p><span style=\"font-weight: 400;\">Este acum disponibil cursul online<\/span><b> ,,\u00cengerii 3\u201d<\/b><span style=\"font-weight: 400;\">, pe care l-am sus\u021binut \u00een Ploie\u0219ti la data de 27 februarie.<\/span><\/p>\n<p><span style=\"font-weight: 400;\">Te-ai \u00eentrebat vreodat\u0103 cine sunt cu adev\u0103rat \u00eengerii, ce for\u021b\u0103 poart\u0103 \u00een univers \u0219i cum po\u021bi lucra con\u0219tient cu ei pentru a transforma energia negativ\u0103 din tine \u0219i din jurul t\u0103u? <\/span><b>Cursul \u201e\u00cengerii 3\u201d<\/b><span style=\"font-weight: 400;\"> \u00ee\u021bi deschide por\u021bile c\u0103tre o cunoa\u0219tere profund\u0103 despre dimensiunile angelice, entit\u0103\u021bi, con\u0219tiin\u021b\u0103 \u0219i alchimia spiritual\u0103 a lumii nev\u0103zute.<\/span><\/p>\n<p><b>Ce vei \u00eenv\u0103\u021ba \u00een acest curs:<\/b><\/p>\n<p><span style=\"font-weight: 400;\">\ud83e\udebd <\/span><b>Ce este un \u00eenger \u0219i ce calit\u0103\u021bi are<\/b><b><br \/>\n<\/b><span style=\"font-weight: 400;\"> Vei \u00een\u021belege natura lor subtil\u0103, rolul lor \u00een planul divin \u0219i cum \u00eengerii intervin \u00een via\u021ba noastr\u0103.<\/span><\/p>\n<p><span style=\"font-weight: 400;\">\ud83e\udebd <\/span><b>Tipuri de \u00eengeri \u0219i ierarhii angelice<\/b><b><br \/>\n<\/b><span style=\"font-weight: 400;\"> Explor\u0103m clasificarea \u00eengerilor, ce este un <\/span><b>Arhistrateg<\/b><span style=\"font-weight: 400;\">, care sunt func\u021biile fiec\u0103rui ordin \u0219i cum se manifest\u0103 energia lor.<\/span><\/p>\n<p><span style=\"font-weight: 400;\">\ud83e\udebd <\/span><b>Ce este o entitate \u0219i ce \u00eenseamn\u0103 o con\u0219tiin\u021b\u0103 de sine<\/b><b><br \/>\n<\/b><span style=\"font-weight: 400;\"> Clarific\u0103m diferen\u021bele dintre entit\u0103\u021bile negative \u0219i pozitive, cum se nasc con\u0219tiin\u021bele \u0219i ce \u00eenseamn\u0103 evolu\u021bia spiritual\u0103.<\/span><\/p>\n<p><span style=\"font-weight: 400;\">\ud83e\udebd <\/span><b>Cum arat\u0103 un \u00eenger?<\/b><b><br \/>\n<\/b><span style=\"font-weight: 400;\"> Analiz\u0103m forma angelic\u0103, tr\u0103s\u0103turile lor esen\u021biale \u0219i cum cresc \u00een lumin\u0103 \u0219i putere.<\/span><\/p>\n<p><span style=\"font-weight: 400;\">\ud83e\udebd <\/span><b>Metode de cre\u0219tere a unui \u00eenger<\/b><b><br \/>\n<\/b><span style=\"font-weight: 400;\"> \u00cenve\u021bi <\/span><b>cum \u00eengerii evolueaz\u0103<\/b><span style=\"font-weight: 400;\">, cum \u00ee\u0219i dezvolt\u0103 sufletul \u0219i ce rol joac\u0103 <\/span><b>educa\u021bia entit\u0103\u021bilor negative<\/b><span style=\"font-weight: 400;\"> \u00een acest proces de transformare.<\/span><\/p>\n<p><span style=\"font-weight: 400;\">\ud83e\udebd <\/span><b>Alchimia spiritual\u0103: transformarea negativului \u00een pozitiv<\/b><b><br \/>\n<\/b><span style=\"font-weight: 400;\"> Descoperi cum func\u021bioneaz\u0103 sublimarea energiilor \u00eentunecate, \u0219i cum putem transforma un SN \u00een <\/span><b>putere angelic\u0103<\/b><span style=\"font-weight: 400;\">.<\/span><\/p>\n<p><span style=\"font-weight: 400;\">\ud83e\udebd <\/span><b>Cine a creat \u00eengerii \u0219i ce suflet au: anima sau animus?<\/b><b><br \/>\n<\/b><span style=\"font-weight: 400;\"> Explor\u0103m natura sufletului angelic \u0219i polaritatea sa feminin\u0103 sau masculin\u0103.<\/span><\/p>\n<p><span style=\"font-weight: 400;\">\ud83e\udebd <\/span><b>V\u00e2rsta astral\u0103 \u0219i originile \u00eengerilor<\/b><b><br \/>\n<\/b><span style=\"font-weight: 400;\"> Afl\u0103 c\u00e2nd \u0219i unde au fost crea\u021bi \u00eengerii, \u0219i cum func\u021bioneaz\u0103 <\/span><b>criteriile de atribuire a \u00eengerului p\u0103zitor<\/b><span style=\"font-weight: 400;\">.<\/span><\/p>\n<p><span style=\"font-weight: 400;\">\ud83e\udebd <\/span><b>Medita\u021bie cu Arborele Sefirotic \u0219i Ini\u021bierea Ascension Metatron<\/b><b><br \/>\n<\/b><span style=\"font-weight: 400;\"> \u00cen cadrul cursului, vei parcurge o <\/span><b>medita\u021bie ghidat\u0103 profund\u0103<\/b><span style=\"font-weight: 400;\">, care \u00ee\u021bi va permite conectarea direct\u0103 cu Dumnezeul Universului nostru prin Arborele Sefirotic. Vei primi ini\u021bierea Ascension Metatron, o cheie energetic\u0103 puternic\u0103 pentru trezirea interioar\u0103.<\/span><\/p>\n<p><b>De ce s\u0103 alegi acest curs?<\/b><\/p>\n<ul>\n<li style=\"font-weight: 400;\" aria-level=\"1\"><span style=\"font-weight: 400;\">Este \u00eenregistrarea integral\u0103 a unui eveniment live, cu energie autentic\u0103 \u0219i vibra\u021bie \u00eenalt\u0103.<\/span>&nbsp;<\/li>\n<li style=\"font-weight: 400;\" aria-level=\"1\"><span style=\"font-weight: 400;\">\u00ce\u021bi ofer\u0103 <\/span><b>instrumente reale<\/b><span style=\"font-weight: 400;\"> pentru evolu\u021bia ta spiritual\u0103.<\/span><span style=\"font-weight: 400;\"><br \/>\n<\/span><\/li>\n<\/ul>\n<p><span style=\"font-weight: 400;\">Accesibil online, oric\u00e2nd, de oriunde \u2013 <\/span><b>\u00een ritmul t\u0103u.<\/b><\/p>\n","protected":false},"excerpt":{"rendered":"<p><b>ACCES NELIMITAT!<\/b><\/p>\n<p><b>Cursul \u201e\u00cengerii 3\u201d<\/b><span style=\"font-weight: 400;\"> \u00ee\u021bi deschide por\u021bile c\u0103tre o cunoa\u0219tere profund\u0103 despre dimensiunile angelice \u0219i poate fi accesat online, oric\u00e2nd, de oriunde &#8211; \u00een ritmul t\u0103u.<\/span><\/p>\n","protected":false},"featured_media":46464,"template":"","meta":{"inline_featured_image":false},"product_brand":[],"product_cat":[602,734],"product_tag":[],"class_list":{"0":"post-46463","1":"product","2":"type-product","3":"status-publish","4":"has-post-thumbnail","6":"product_cat-cursuri-premium","7":"product_cat-entitati-cursuri-premium","9":"first","10":"instock","11":"virtual","12":"sold-individually","13":"taxable","14":"purchasable","15":"product-type-simple"},"yoast_head":"<!-- This site is optimized with the Yoast SEO plugin v26.9 - https:\/\/yoast.com\/product\/yoast-seo-wordpress\/ -->\n<title>Curs: Ingerii 3 - Ploiesti - acces online - Ovidiu Drago\u0219 Arge\u0219anu<\/title>\n<meta name=\"description\" content=\"Este acum disponibil cursul online ,,\u00cengerii 3\u201d, pe care l-am sus\u021binut \u00een Ploie\u0219ti la data de 27 februarie.\" \/>\n<meta name=\"robots\" content=\"noindex, follow, max-snippet:-1, max-image-preview:large, max-video-preview:-1\" \/>\n<meta property=\"og:locale\" content=\"en_US\" \/>\n<meta property=\"og:type\" content=\"article\" \/>\n<meta property=\"og:title\" content=\"Curs: Ingerii 3 - Ploiesti - acces online - Ovidiu Drago\u0219 Arge\u0219anu\" \/>\n<meta property=\"og:description\" content=\"Este acum disponibil cursul online ,,\u00cengerii 3\u201d, pe care l-am sus\u021binut \u00een Ploie\u0219ti la data de 27 februarie.\" \/>\n<meta property=\"og:url\" content=\"https:\/\/www.ovidiudragosargesanu.ro\/en\/shop\/cursuri-premium\/entitati-cursuri-premium\/curs-ingerii-3-ploiesti-acces-online\/\" \/>\n<meta property=\"og:site_name\" content=\"Ovidiu Drago\u0219 Arge\u0219anu\" \/>\n<meta property=\"article:modified_time\" content=\"2025-05-05T07:50:51+00:00\" \/>\n<meta property=\"og:image\" content=\"https:\/\/www.ovidiudragosargesanu.ro\/en\/wp-content\/uploads\/2025\/05\/Curs-Ingerii-Modulul-III-Ploiesti-27.02.2025-600-800.jpg\" \/>\n\t<meta property=\"og:image:width\" content=\"600\" \/>\n\t<meta property=\"og:image:height\" content=\"800\" \/>\n\t<meta property=\"og:image:type\" content=\"image\/jpeg\" \/>\n<meta name=\"twitter:card\" content=\"summary_large_image\" \/>\n<meta name=\"twitter:label1\" content=\"Est. reading time\" \/>\n\t<meta name=\"twitter:data1\" content=\"3 minutes\" \/>\n<script type=\"application\/ld+json\" class=\"yoast-schema-graph\">{\"@context\":\"https:\/\/schema.org\",\"@graph\":[{\"@type\":\"WebPage\",\"@id\":\"https:\/\/www.ovidiudragosargesanu.ro\/en\/shop\/cursuri-premium\/entitati-cursuri-premium\/curs-ingerii-3-ploiesti-acces-online\/\",\"url\":\"https:\/\/www.ovidiudragosargesanu.ro\/en\/shop\/cursuri-premium\/entitati-cursuri-premium\/curs-ingerii-3-ploiesti-acces-online\/\",\"name\":\"Curs: Ingerii 3 - Ploiesti - acces online - Ovidiu Drago\u0219 Arge\u0219anu\",\"isPartOf\":{\"@id\":\"https:\/\/www.ovidiudragosargesanu.ro\/en\/#website\"},\"primaryImageOfPage\":{\"@id\":\"https:\/\/www.ovidiudragosargesanu.ro\/en\/shop\/cursuri-premium\/entitati-cursuri-premium\/curs-ingerii-3-ploiesti-acces-online\/#primaryimage\"},\"image\":{\"@id\":\"https:\/\/www.ovidiudragosargesanu.ro\/en\/shop\/cursuri-premium\/entitati-cursuri-premium\/curs-ingerii-3-ploiesti-acces-online\/#primaryimage\"},\"thumbnailUrl\":\"https:\/\/www.ovidiudragosargesanu.ro\/en\/wp-content\/uploads\/2025\/05\/Curs-Ingerii-Modulul-III-Ploiesti-27.02.2025-600-800.jpg\",\"datePublished\":\"2025-05-02T15:18:32+00:00\",\"dateModified\":\"2025-05-05T07:50:51+00:00\",\"description\":\"Este acum disponibil cursul online ,,\u00cengerii 3\u201d, pe care l-am sus\u021binut \u00een Ploie\u0219ti la data de 27 februarie.\",\"breadcrumb\":{\"@id\":\"https:\/\/www.ovidiudragosargesanu.ro\/en\/shop\/cursuri-premium\/entitati-cursuri-premium\/curs-ingerii-3-ploiesti-acces-online\/#breadcrumb\"},\"inLanguage\":\"en-US\",\"potentialAction\":[{\"@type\":\"ReadAction\",\"target\":[\"https:\/\/www.ovidiudragosargesanu.ro\/en\/shop\/cursuri-premium\/entitati-cursuri-premium\/curs-ingerii-3-ploiesti-acces-online\/\"]}]},{\"@type\":\"ImageObject\",\"inLanguage\":\"en-US\",\"@id\":\"https:\/\/www.ovidiudragosargesanu.ro\/en\/shop\/cursuri-premium\/entitati-cursuri-premium\/curs-ingerii-3-ploiesti-acces-online\/#primaryimage\",\"url\":\"https:\/\/www.ovidiudragosargesanu.ro\/en\/wp-content\/uploads\/2025\/05\/Curs-Ingerii-Modulul-III-Ploiesti-27.02.2025-600-800.jpg\",\"contentUrl\":\"https:\/\/www.ovidiudragosargesanu.ro\/en\/wp-content\/uploads\/2025\/05\/Curs-Ingerii-Modulul-III-Ploiesti-27.02.2025-600-800.jpg\",\"width\":600,\"height\":800,\"caption\":\"Curs-Ingerii Modulul III-Ploiesti-27.02.2025- 600-800\"},{\"@type\":\"BreadcrumbList\",\"@id\":\"https:\/\/www.ovidiudragosargesanu.ro\/en\/shop\/cursuri-premium\/entitati-cursuri-premium\/curs-ingerii-3-ploiesti-acces-online\/#breadcrumb\",\"itemListElement\":[{\"@type\":\"ListItem\",\"position\":1,\"name\":\"Prima pagin\u0103\",\"item\":\"https:\/\/www.ovidiudragosargesanu.ro\/en\/\"},{\"@type\":\"ListItem\",\"position\":2,\"name\":\"Shop\",\"item\":\"https:\/\/www.ovidiudragosargesanu.ro\/en\/shop\/\"},{\"@type\":\"ListItem\",\"position\":3,\"name\":\"Curs: Ingerii 3 &#8211; Ploiesti &#8211; acces online\"}]},{\"@type\":\"WebSite\",\"@id\":\"https:\/\/www.ovidiudragosargesanu.ro\/en\/#website\",\"url\":\"https:\/\/www.ovidiudragosargesanu.ro\/en\/\",\"name\":\"Ovidiu Drago\u0219 Arge\u0219anu\",\"description\":\"\",\"publisher\":{\"@id\":\"https:\/\/www.ovidiudragosargesanu.ro\/en\/#organization\"},\"potentialAction\":[{\"@type\":\"SearchAction\",\"target\":{\"@type\":\"EntryPoint\",\"urlTemplate\":\"https:\/\/www.ovidiudragosargesanu.ro\/en\/?s={search_term_string}\"},\"query-input\":{\"@type\":\"PropertyValueSpecification\",\"valueRequired\":true,\"valueName\":\"search_term_string\"}}],\"inLanguage\":\"en-US\"},{\"@type\":\"Organization\",\"@id\":\"https:\/\/www.ovidiudragosargesanu.ro\/en\/#organization\",\"name\":\"Ovidiu Drago\u0219 Arge\u0219anu\",\"url\":\"https:\/\/www.ovidiudragosargesanu.ro\/en\/\",\"logo\":{\"@type\":\"ImageObject\",\"inLanguage\":\"en-US\",\"@id\":\"https:\/\/www.ovidiudragosargesanu.ro\/en\/#\/schema\/logo\/image\/\",\"url\":\"https:\/\/www.ovidiudragosargesanu.ro\/en\/wp-content\/uploads\/2018\/03\/dragos-logo-lotus-black-400.svg\",\"contentUrl\":\"https:\/\/www.ovidiudragosargesanu.ro\/en\/wp-content\/uploads\/2018\/03\/dragos-logo-lotus-black-400.svg\",\"width\":300,\"height\":150,\"caption\":\"Ovidiu Drago\u0219 Arge\u0219anu\"},\"image\":{\"@id\":\"https:\/\/www.ovidiudragosargesanu.ro\/en\/#\/schema\/logo\/image\/\"}}]}<\/script>\n<!-- \/ Yoast SEO plugin. -->","yoast_head_json":{"title":"Curs: Ingerii 3 - Ploiesti - acces online - Ovidiu Drago\u0219 Arge\u0219anu","description":"Este acum disponibil cursul online ,,\u00cengerii 3\u201d, pe care l-am sus\u021binut \u00een Ploie\u0219ti la data de 27 februarie.","robots":{"index":"noindex","follow":"follow","max-snippet":"max-snippet:-1","max-image-preview":"max-image-preview:large","max-video-preview":"max-video-preview:-1"},"og_locale":"en_US","og_type":"article","og_title":"Curs: Ingerii 3 - Ploiesti - acces online - Ovidiu Drago\u0219 Arge\u0219anu","og_description":"Este acum disponibil cursul online ,,\u00cengerii 3\u201d, pe care l-am sus\u021binut \u00een Ploie\u0219ti la data de 27 februarie.","og_url":"https:\/\/www.ovidiudragosargesanu.ro\/en\/shop\/cursuri-premium\/entitati-cursuri-premium\/curs-ingerii-3-ploiesti-acces-online\/","og_site_name":"Ovidiu Drago\u0219 Arge\u0219anu","article_modified_time":"2025-05-05T07:50:51+00:00","og_image":[{"width":600,"height":800,"url":"https:\/\/www.ovidiudragosargesanu.ro\/en\/wp-content\/uploads\/2025\/05\/Curs-Ingerii-Modulul-III-Ploiesti-27.02.2025-600-800.jpg","type":"image\/jpeg"}],"twitter_card":"summary_large_image","twitter_misc":{"Est. reading time":"3 minutes"},"schema":{"@context":"https:\/\/schema.org","@graph":[{"@type":"WebPage","@id":"https:\/\/www.ovidiudragosargesanu.ro\/en\/shop\/cursuri-premium\/entitati-cursuri-premium\/curs-ingerii-3-ploiesti-acces-online\/","url":"https:\/\/www.ovidiudragosargesanu.ro\/en\/shop\/cursuri-premium\/entitati-cursuri-premium\/curs-ingerii-3-ploiesti-acces-online\/","name":"Curs: Ingerii 3 - Ploiesti - acces online - Ovidiu Drago\u0219 Arge\u0219anu","isPartOf":{"@id":"https:\/\/www.ovidiudragosargesanu.ro\/en\/#website"},"primaryImageOfPage":{"@id":"https:\/\/www.ovidiudragosargesanu.ro\/en\/shop\/cursuri-premium\/entitati-cursuri-premium\/curs-ingerii-3-ploiesti-acces-online\/#primaryimage"},"image":{"@id":"https:\/\/www.ovidiudragosargesanu.ro\/en\/shop\/cursuri-premium\/entitati-cursuri-premium\/curs-ingerii-3-ploiesti-acces-online\/#primaryimage"},"thumbnailUrl":"https:\/\/www.ovidiudragosargesanu.ro\/en\/wp-content\/uploads\/2025\/05\/Curs-Ingerii-Modulul-III-Ploiesti-27.02.2025-600-800.jpg","datePublished":"2025-05-02T15:18:32+00:00","dateModified":"2025-05-05T07:50:51+00:00","description":"Este acum disponibil cursul online ,,\u00cengerii 3\u201d, pe care l-am sus\u021binut \u00een Ploie\u0219ti la data de 27 februarie.","breadcrumb":{"@id":"https:\/\/www.ovidiudragosargesanu.ro\/en\/shop\/cursuri-premium\/entitati-cursuri-premium\/curs-ingerii-3-ploiesti-acces-online\/#breadcrumb"},"inLanguage":"en-US","potentialAction":[{"@type":"ReadAction","target":["https:\/\/www.ovidiudragosargesanu.ro\/en\/shop\/cursuri-premium\/entitati-cursuri-premium\/curs-ingerii-3-ploiesti-acces-online\/"]}]},{"@type":"ImageObject","inLanguage":"en-US","@id":"https:\/\/www.ovidiudragosargesanu.ro\/en\/shop\/cursuri-premium\/entitati-cursuri-premium\/curs-ingerii-3-ploiesti-acces-online\/#primaryimage","url":"https:\/\/www.ovidiudragosargesanu.ro\/en\/wp-content\/uploads\/2025\/05\/Curs-Ingerii-Modulul-III-Ploiesti-27.02.2025-600-800.jpg","contentUrl":"https:\/\/www.ovidiudragosargesanu.ro\/en\/wp-content\/uploads\/2025\/05\/Curs-Ingerii-Modulul-III-Ploiesti-27.02.2025-600-800.jpg","width":600,"height":800,"caption":"Curs-Ingerii Modulul III-Ploiesti-27.02.2025- 600-800"},{"@type":"BreadcrumbList","@id":"https:\/\/www.ovidiudragosargesanu.ro\/en\/shop\/cursuri-premium\/entitati-cursuri-premium\/curs-ingerii-3-ploiesti-acces-online\/#breadcrumb","itemListElement":[{"@type":"ListItem","position":1,"name":"Prima pagin\u0103","item":"https:\/\/www.ovidiudragosargesanu.ro\/en\/"},{"@type":"ListItem","position":2,"name":"Shop","item":"https:\/\/www.ovidiudragosargesanu.ro\/en\/shop\/"},{"@type":"ListItem","position":3,"name":"Curs: Ingerii 3 &#8211; Ploiesti &#8211; acces online"}]},{"@type":"WebSite","@id":"https:\/\/www.ovidiudragosargesanu.ro\/en\/#website","url":"https:\/\/www.ovidiudragosargesanu.ro\/en\/","name":"Ovidiu Drago\u0219 Arge\u0219anu","description":"","publisher":{"@id":"https:\/\/www.ovidiudragosargesanu.ro\/en\/#organization"},"potentialAction":[{"@type":"SearchAction","target":{"@type":"EntryPoint","urlTemplate":"https:\/\/www.ovidiudragosargesanu.ro\/en\/?s={search_term_string}"},"query-input":{"@type":"PropertyValueSpecification","valueRequired":true,"valueName":"search_term_string"}}],"inLanguage":"en-US"},{"@type":"Organization","@id":"https:\/\/www.ovidiudragosargesanu.ro\/en\/#organization","name":"Ovidiu Drago\u0219 Arge\u0219anu","url":"https:\/\/www.ovidiudragosargesanu.ro\/en\/","logo":{"@type":"ImageObject","inLanguage":"en-US","@id":"https:\/\/www.ovidiudragosargesanu.ro\/en\/#\/schema\/logo\/image\/","url":"https:\/\/www.ovidiudragosargesanu.ro\/en\/wp-content\/uploads\/2018\/03\/dragos-logo-lotus-black-400.svg","contentUrl":"https:\/\/www.ovidiudragosargesanu.ro\/en\/wp-content\/uploads\/2018\/03\/dragos-logo-lotus-black-400.svg","width":300,"height":150,"caption":"Ovidiu Drago\u0219 Arge\u0219anu"},"image":{"@id":"https:\/\/www.ovidiudragosargesanu.ro\/en\/#\/schema\/logo\/image\/"}}]}},"_links":{"self":[{"href":"https:\/\/www.ovidiudragosargesanu.ro\/en\/wp-json\/wp\/v2\/product\/46463","targetHints":{"allow":["GET"]}}],"collection":[{"href":"https:\/\/www.ovidiudragosargesanu.ro\/en\/wp-json\/wp\/v2\/product"}],"about":[{"href":"https:\/\/www.ovidiudragosargesanu.ro\/en\/wp-json\/wp\/v2\/types\/product"}],"version-history":[{"count":2,"href":"https:\/\/www.ovidiudragosargesanu.ro\/en\/wp-json\/wp\/v2\/product\/46463\/revisions"}],"predecessor-version":[{"id":46828,"href":"https:\/\/www.ovidiudragosargesanu.ro\/en\/wp-json\/wp\/v2\/product\/46463\/revisions\/46828"}],"wp:featuredmedia":[{"embeddable":true,"href":"https:\/\/www.ovidiudragosargesanu.ro\/en\/wp-json\/wp\/v2\/media\/46464"}],"wp:attachment":[{"href":"https:\/\/www.ovidiudragosargesanu.ro\/en\/wp-json\/wp\/v2\/media?parent=46463"}],"wp:term":[{"taxonomy":"product_brand","embeddable":true,"href":"https:\/\/www.ovidiudragosargesanu.ro\/en\/wp-json\/wp\/v2\/product_brand?post=46463"},{"taxonomy":"product_cat","embeddable":true,"href":"https:\/\/www.ovidiudragosargesanu.ro\/en\/wp-json\/wp\/v2\/product_cat?post=46463"},{"taxonomy":"product_tag","embeddable":true,"href":"https:\/\/www.ovidiudragosargesanu.ro\/en\/wp-json\/wp\/v2\/product_tag?post=46463"}],"curies":[{"name":"wp","href":"https:\/\/api.w.org\/{rel}","templated":true}]}}