{"id":46482,"date":"2025-05-02T19:15:01","date_gmt":"2025-05-02T16:15:01","guid":{"rendered":"https:\/\/www.ovidiudragosargesanu.ro\/?post_type=product&#038;p=46482"},"modified":"2025-05-05T10:51:48","modified_gmt":"2025-05-05T07:51:48","slug":"curs-dragonii-2-arhistrategi-arhoni-hidre-ploiesti-acces-online","status":"publish","type":"product","link":"https:\/\/www.ovidiudragosargesanu.ro\/en\/shop\/cursuri-premium\/entitati-cursuri-premium\/curs-dragonii-2-arhistrategi-arhoni-hidre-ploiesti-acces-online\/","title":{"rendered":"Curs: DRAGONII 2 \u2013 Arhistrategi, Arhoni, Hidre &#8211; Ploiesti &#8211; acces online"},"content":{"rendered":"<h2><b>Curs: DRAGONII 2 \u2013 ARHISTRATEGI, ARHONI, HIDRE<\/b><\/h2>\n<p><b>P\u0103trunde \u00een universul for\u021belor oculte \u0219i descoper\u0103 cum influen\u021beaz\u0103 acestea via\u021ba ta spiritual\u0103 \u0219i evolu\u021bia personal\u0103.<\/b><b><br \/>\n<\/b><span style=\"font-weight: 400;\"> Acest curs \u00ee\u021bi ofer\u0103 o c\u0103l\u0103torie ini\u021biatic\u0103 prin realit\u0103\u021bi invizibile, unde \u00eent\u00e2lne\u0219ti trei dintre cele mai enigmatice entit\u0103\u021bi: <\/span><b>Arhistrategii, Arhonii \u0219i Hidrele<\/b><span style=\"font-weight: 400;\"> \u2013 dar \u0219i <\/span><b>Dragonii<\/b><span style=\"font-weight: 400;\">, for\u021be ale transform\u0103rii interioare.<\/span><\/p>\n<h3><b>\ud83d\udd0d Ce vei \u00eenv\u0103\u021ba \u00een acest curs:<\/b><\/h3>\n<ul>\n<li style=\"font-weight: 400;\" aria-level=\"1\"><b>Ce reprezint\u0103 Dragonii \u00een plan subtil<\/b><span style=\"font-weight: 400;\"> \u0219i cum se manifest\u0103 \u00een realitatea energetic\u0103<\/span>&nbsp;<\/li>\n<li style=\"font-weight: 400;\" aria-level=\"1\"><b>Cum s\u0103 transformi Dragonii<\/b><span style=\"font-weight: 400;\">: \u00een ce se pot transforma \u0219i cum se schimb\u0103 rolul lor odat\u0103 cu evolu\u021bia ta<\/span>&nbsp;<\/li>\n<li style=\"font-weight: 400;\" aria-level=\"1\"><b>Tehnici practice de lucru cu Dragonii<\/b><span style=\"font-weight: 400;\">, pentru alchimizare interioar\u0103 \u0219i cre\u0219terea vibra\u021biei personale<\/span>&nbsp;<\/li>\n<li style=\"font-weight: 400;\" aria-level=\"1\"><b>Cine sunt Arhistrategii, Arhonii \u0219i Hidrele<\/b><span style=\"font-weight: 400;\"> \u0219i ce rol au \u00een structura energetic\u0103 a universului<\/span>&nbsp;<\/li>\n<li style=\"font-weight: 400;\" aria-level=\"1\"><b>Cum func\u021bioneaz\u0103 echilibrul dintre Lumin\u0103 \u0219i \u00centuneric<\/b><span style=\"font-weight: 400;\"> \u0219i cum te po\u021bi armoniza cu acest flux<\/span>&nbsp;<\/li>\n<li style=\"font-weight: 400;\" aria-level=\"1\"><b>Cum recuno\u0219ti influen\u021ba dragonilor<\/b><span style=\"font-weight: 400;\"> \u00een via\u021ba ta de zi cu zi \u0219i \u00een procesele tale interioare \u0219i cum \u00eei po\u021bi ajuta<\/span><\/li>\n<\/ul>\n<h3><b>\ud83d\udd11 Ce prime\u0219ti:<\/b><\/h3>\n<ul>\n<li style=\"font-weight: 400;\" aria-level=\"1\"><span style=\"font-weight: 400;\">Acces 100% online, \u00een ritmul t\u0103u<\/span>&nbsp;<\/li>\n<li style=\"font-weight: 400;\" aria-level=\"1\"><span style=\"font-weight: 400;\">Tehnici aplicate, medita\u021bii ghidate \u0219i exemple de lucru energetic<\/span>&nbsp;<\/li>\n<li style=\"font-weight: 400;\" aria-level=\"1\"><span style=\"font-weight: 400;\">Posibilitatea de a reveni oric\u00e2nd asupra cursului.<\/span><\/li>\n<\/ul>\n","protected":false},"excerpt":{"rendered":"<p><b>ACCES NELIMITAT!<\/b><\/p>\n<p><b>Cursul \u201e DRAGONII 2 \u2013 ARHISTRATEGI, ARHONI, HIDRE\u201d<\/b><span style=\"font-weight: 400;\"> te ajut\u0103 s\u0103 \u00ee\u021bi dezvol\u021bi instrumente interioare, s\u0103 gestionezi prezen\u021ba \u0219i influen\u021ba lor, \u00eentr-un mod clar, aplicabil \u0219i profund transformator.<\/span><\/p>\n","protected":false},"featured_media":46483,"template":"","meta":{"inline_featured_image":false},"product_brand":[],"product_cat":[602,734],"product_tag":[],"class_list":{"0":"post-46482","1":"product","2":"type-product","3":"status-publish","4":"has-post-thumbnail","6":"product_cat-cursuri-premium","7":"product_cat-entitati-cursuri-premium","9":"first","10":"instock","11":"virtual","12":"sold-individually","13":"taxable","14":"purchasable","15":"product-type-simple"},"yoast_head":"<!-- This site is optimized with the Yoast SEO plugin v26.9 - https:\/\/yoast.com\/product\/yoast-seo-wordpress\/ -->\n<title>Curs: DRAGONII 2 \u2013 Arhistrategi, Arhoni, Hidre - Ploiesti - acces online - Ovidiu Drago\u0219 Arge\u0219anu<\/title>\n<meta name=\"description\" content=\"Acest curs \u00ee\u021bi ofer\u0103 o c\u0103l\u0103torie ini\u021biatic\u0103 prin realit\u0103\u021bi invizibile, unde \u00eent\u00e2lne\u0219ti trei dintre cele mai enigmatice entit\u0103\u021bi: Arhistrategii, Arhonii\" \/>\n<meta name=\"robots\" content=\"noindex, follow, max-snippet:-1, max-image-preview:large, max-video-preview:-1\" \/>\n<meta property=\"og:locale\" content=\"en_US\" \/>\n<meta property=\"og:type\" content=\"article\" \/>\n<meta property=\"og:title\" content=\"Curs: DRAGONII 2 \u2013 Arhistrategi, Arhoni, Hidre - Ploiesti - acces online - Ovidiu Drago\u0219 Arge\u0219anu\" \/>\n<meta property=\"og:description\" content=\"Acest curs \u00ee\u021bi ofer\u0103 o c\u0103l\u0103torie ini\u021biatic\u0103 prin realit\u0103\u021bi invizibile, unde \u00eent\u00e2lne\u0219ti trei dintre cele mai enigmatice entit\u0103\u021bi: Arhistrategii, Arhonii\" \/>\n<meta property=\"og:url\" content=\"https:\/\/www.ovidiudragosargesanu.ro\/en\/shop\/cursuri-premium\/entitati-cursuri-premium\/curs-dragonii-2-arhistrategi-arhoni-hidre-ploiesti-acces-online\/\" \/>\n<meta property=\"og:site_name\" content=\"Ovidiu Drago\u0219 Arge\u0219anu\" \/>\n<meta property=\"article:modified_time\" content=\"2025-05-05T07:51:48+00:00\" \/>\n<meta property=\"og:image\" content=\"https:\/\/www.ovidiudragosargesanu.ro\/en\/wp-content\/uploads\/2025\/05\/Curs-Dragonii-2-arhistrategi-arhoni-hidre-Ploiesti-28.02.2025-600-800.jpg\" \/>\n\t<meta property=\"og:image:width\" content=\"600\" \/>\n\t<meta property=\"og:image:height\" content=\"800\" \/>\n\t<meta property=\"og:image:type\" content=\"image\/jpeg\" \/>\n<meta name=\"twitter:card\" content=\"summary_large_image\" \/>\n<meta name=\"twitter:label1\" content=\"Est. reading time\" \/>\n\t<meta name=\"twitter:data1\" content=\"2 minutes\" \/>\n<script type=\"application\/ld+json\" class=\"yoast-schema-graph\">{\"@context\":\"https:\/\/schema.org\",\"@graph\":[{\"@type\":\"WebPage\",\"@id\":\"https:\/\/www.ovidiudragosargesanu.ro\/en\/shop\/cursuri-premium\/entitati-cursuri-premium\/curs-dragonii-2-arhistrategi-arhoni-hidre-ploiesti-acces-online\/\",\"url\":\"https:\/\/www.ovidiudragosargesanu.ro\/en\/shop\/cursuri-premium\/entitati-cursuri-premium\/curs-dragonii-2-arhistrategi-arhoni-hidre-ploiesti-acces-online\/\",\"name\":\"Curs: DRAGONII 2 \u2013 Arhistrategi, Arhoni, Hidre - Ploiesti - acces online - Ovidiu Drago\u0219 Arge\u0219anu\",\"isPartOf\":{\"@id\":\"https:\/\/www.ovidiudragosargesanu.ro\/en\/#website\"},\"primaryImageOfPage\":{\"@id\":\"https:\/\/www.ovidiudragosargesanu.ro\/en\/shop\/cursuri-premium\/entitati-cursuri-premium\/curs-dragonii-2-arhistrategi-arhoni-hidre-ploiesti-acces-online\/#primaryimage\"},\"image\":{\"@id\":\"https:\/\/www.ovidiudragosargesanu.ro\/en\/shop\/cursuri-premium\/entitati-cursuri-premium\/curs-dragonii-2-arhistrategi-arhoni-hidre-ploiesti-acces-online\/#primaryimage\"},\"thumbnailUrl\":\"https:\/\/www.ovidiudragosargesanu.ro\/en\/wp-content\/uploads\/2025\/05\/Curs-Dragonii-2-arhistrategi-arhoni-hidre-Ploiesti-28.02.2025-600-800.jpg\",\"datePublished\":\"2025-05-02T16:15:01+00:00\",\"dateModified\":\"2025-05-05T07:51:48+00:00\",\"description\":\"Acest curs \u00ee\u021bi ofer\u0103 o c\u0103l\u0103torie ini\u021biatic\u0103 prin realit\u0103\u021bi invizibile, unde \u00eent\u00e2lne\u0219ti trei dintre cele mai enigmatice entit\u0103\u021bi: Arhistrategii, Arhonii\",\"breadcrumb\":{\"@id\":\"https:\/\/www.ovidiudragosargesanu.ro\/en\/shop\/cursuri-premium\/entitati-cursuri-premium\/curs-dragonii-2-arhistrategi-arhoni-hidre-ploiesti-acces-online\/#breadcrumb\"},\"inLanguage\":\"en-US\",\"potentialAction\":[{\"@type\":\"ReadAction\",\"target\":[\"https:\/\/www.ovidiudragosargesanu.ro\/en\/shop\/cursuri-premium\/entitati-cursuri-premium\/curs-dragonii-2-arhistrategi-arhoni-hidre-ploiesti-acces-online\/\"]}]},{\"@type\":\"ImageObject\",\"inLanguage\":\"en-US\",\"@id\":\"https:\/\/www.ovidiudragosargesanu.ro\/en\/shop\/cursuri-premium\/entitati-cursuri-premium\/curs-dragonii-2-arhistrategi-arhoni-hidre-ploiesti-acces-online\/#primaryimage\",\"url\":\"https:\/\/www.ovidiudragosargesanu.ro\/en\/wp-content\/uploads\/2025\/05\/Curs-Dragonii-2-arhistrategi-arhoni-hidre-Ploiesti-28.02.2025-600-800.jpg\",\"contentUrl\":\"https:\/\/www.ovidiudragosargesanu.ro\/en\/wp-content\/uploads\/2025\/05\/Curs-Dragonii-2-arhistrategi-arhoni-hidre-Ploiesti-28.02.2025-600-800.jpg\",\"width\":600,\"height\":800,\"caption\":\"Curs Dragonii 2, arhistrategi, arhoni, hidre-Ploiesti-28.02.2025-600-800\"},{\"@type\":\"BreadcrumbList\",\"@id\":\"https:\/\/www.ovidiudragosargesanu.ro\/en\/shop\/cursuri-premium\/entitati-cursuri-premium\/curs-dragonii-2-arhistrategi-arhoni-hidre-ploiesti-acces-online\/#breadcrumb\",\"itemListElement\":[{\"@type\":\"ListItem\",\"position\":1,\"name\":\"Prima pagin\u0103\",\"item\":\"https:\/\/www.ovidiudragosargesanu.ro\/en\/\"},{\"@type\":\"ListItem\",\"position\":2,\"name\":\"Shop\",\"item\":\"https:\/\/www.ovidiudragosargesanu.ro\/en\/shop\/\"},{\"@type\":\"ListItem\",\"position\":3,\"name\":\"Curs: DRAGONII 2 \u2013 Arhistrategi, Arhoni, Hidre &#8211; Ploiesti &#8211; acces online\"}]},{\"@type\":\"WebSite\",\"@id\":\"https:\/\/www.ovidiudragosargesanu.ro\/en\/#website\",\"url\":\"https:\/\/www.ovidiudragosargesanu.ro\/en\/\",\"name\":\"Ovidiu Drago\u0219 Arge\u0219anu\",\"description\":\"\",\"publisher\":{\"@id\":\"https:\/\/www.ovidiudragosargesanu.ro\/en\/#organization\"},\"potentialAction\":[{\"@type\":\"SearchAction\",\"target\":{\"@type\":\"EntryPoint\",\"urlTemplate\":\"https:\/\/www.ovidiudragosargesanu.ro\/en\/?s={search_term_string}\"},\"query-input\":{\"@type\":\"PropertyValueSpecification\",\"valueRequired\":true,\"valueName\":\"search_term_string\"}}],\"inLanguage\":\"en-US\"},{\"@type\":\"Organization\",\"@id\":\"https:\/\/www.ovidiudragosargesanu.ro\/en\/#organization\",\"name\":\"Ovidiu Drago\u0219 Arge\u0219anu\",\"url\":\"https:\/\/www.ovidiudragosargesanu.ro\/en\/\",\"logo\":{\"@type\":\"ImageObject\",\"inLanguage\":\"en-US\",\"@id\":\"https:\/\/www.ovidiudragosargesanu.ro\/en\/#\/schema\/logo\/image\/\",\"url\":\"https:\/\/www.ovidiudragosargesanu.ro\/en\/wp-content\/uploads\/2018\/03\/dragos-logo-lotus-black-400.svg\",\"contentUrl\":\"https:\/\/www.ovidiudragosargesanu.ro\/en\/wp-content\/uploads\/2018\/03\/dragos-logo-lotus-black-400.svg\",\"width\":300,\"height\":150,\"caption\":\"Ovidiu Drago\u0219 Arge\u0219anu\"},\"image\":{\"@id\":\"https:\/\/www.ovidiudragosargesanu.ro\/en\/#\/schema\/logo\/image\/\"}}]}<\/script>\n<!-- \/ Yoast SEO plugin. -->","yoast_head_json":{"title":"Curs: DRAGONII 2 \u2013 Arhistrategi, Arhoni, Hidre - Ploiesti - acces online - Ovidiu Drago\u0219 Arge\u0219anu","description":"Acest curs \u00ee\u021bi ofer\u0103 o c\u0103l\u0103torie ini\u021biatic\u0103 prin realit\u0103\u021bi invizibile, unde \u00eent\u00e2lne\u0219ti trei dintre cele mai enigmatice entit\u0103\u021bi: Arhistrategii, Arhonii","robots":{"index":"noindex","follow":"follow","max-snippet":"max-snippet:-1","max-image-preview":"max-image-preview:large","max-video-preview":"max-video-preview:-1"},"og_locale":"en_US","og_type":"article","og_title":"Curs: DRAGONII 2 \u2013 Arhistrategi, Arhoni, Hidre - Ploiesti - acces online - Ovidiu Drago\u0219 Arge\u0219anu","og_description":"Acest curs \u00ee\u021bi ofer\u0103 o c\u0103l\u0103torie ini\u021biatic\u0103 prin realit\u0103\u021bi invizibile, unde \u00eent\u00e2lne\u0219ti trei dintre cele mai enigmatice entit\u0103\u021bi: Arhistrategii, Arhonii","og_url":"https:\/\/www.ovidiudragosargesanu.ro\/en\/shop\/cursuri-premium\/entitati-cursuri-premium\/curs-dragonii-2-arhistrategi-arhoni-hidre-ploiesti-acces-online\/","og_site_name":"Ovidiu Drago\u0219 Arge\u0219anu","article_modified_time":"2025-05-05T07:51:48+00:00","og_image":[{"width":600,"height":800,"url":"https:\/\/www.ovidiudragosargesanu.ro\/en\/wp-content\/uploads\/2025\/05\/Curs-Dragonii-2-arhistrategi-arhoni-hidre-Ploiesti-28.02.2025-600-800.jpg","type":"image\/jpeg"}],"twitter_card":"summary_large_image","twitter_misc":{"Est. reading time":"2 minutes"},"schema":{"@context":"https:\/\/schema.org","@graph":[{"@type":"WebPage","@id":"https:\/\/www.ovidiudragosargesanu.ro\/en\/shop\/cursuri-premium\/entitati-cursuri-premium\/curs-dragonii-2-arhistrategi-arhoni-hidre-ploiesti-acces-online\/","url":"https:\/\/www.ovidiudragosargesanu.ro\/en\/shop\/cursuri-premium\/entitati-cursuri-premium\/curs-dragonii-2-arhistrategi-arhoni-hidre-ploiesti-acces-online\/","name":"Curs: DRAGONII 2 \u2013 Arhistrategi, Arhoni, Hidre - Ploiesti - acces online - Ovidiu Drago\u0219 Arge\u0219anu","isPartOf":{"@id":"https:\/\/www.ovidiudragosargesanu.ro\/en\/#website"},"primaryImageOfPage":{"@id":"https:\/\/www.ovidiudragosargesanu.ro\/en\/shop\/cursuri-premium\/entitati-cursuri-premium\/curs-dragonii-2-arhistrategi-arhoni-hidre-ploiesti-acces-online\/#primaryimage"},"image":{"@id":"https:\/\/www.ovidiudragosargesanu.ro\/en\/shop\/cursuri-premium\/entitati-cursuri-premium\/curs-dragonii-2-arhistrategi-arhoni-hidre-ploiesti-acces-online\/#primaryimage"},"thumbnailUrl":"https:\/\/www.ovidiudragosargesanu.ro\/en\/wp-content\/uploads\/2025\/05\/Curs-Dragonii-2-arhistrategi-arhoni-hidre-Ploiesti-28.02.2025-600-800.jpg","datePublished":"2025-05-02T16:15:01+00:00","dateModified":"2025-05-05T07:51:48+00:00","description":"Acest curs \u00ee\u021bi ofer\u0103 o c\u0103l\u0103torie ini\u021biatic\u0103 prin realit\u0103\u021bi invizibile, unde \u00eent\u00e2lne\u0219ti trei dintre cele mai enigmatice entit\u0103\u021bi: Arhistrategii, Arhonii","breadcrumb":{"@id":"https:\/\/www.ovidiudragosargesanu.ro\/en\/shop\/cursuri-premium\/entitati-cursuri-premium\/curs-dragonii-2-arhistrategi-arhoni-hidre-ploiesti-acces-online\/#breadcrumb"},"inLanguage":"en-US","potentialAction":[{"@type":"ReadAction","target":["https:\/\/www.ovidiudragosargesanu.ro\/en\/shop\/cursuri-premium\/entitati-cursuri-premium\/curs-dragonii-2-arhistrategi-arhoni-hidre-ploiesti-acces-online\/"]}]},{"@type":"ImageObject","inLanguage":"en-US","@id":"https:\/\/www.ovidiudragosargesanu.ro\/en\/shop\/cursuri-premium\/entitati-cursuri-premium\/curs-dragonii-2-arhistrategi-arhoni-hidre-ploiesti-acces-online\/#primaryimage","url":"https:\/\/www.ovidiudragosargesanu.ro\/en\/wp-content\/uploads\/2025\/05\/Curs-Dragonii-2-arhistrategi-arhoni-hidre-Ploiesti-28.02.2025-600-800.jpg","contentUrl":"https:\/\/www.ovidiudragosargesanu.ro\/en\/wp-content\/uploads\/2025\/05\/Curs-Dragonii-2-arhistrategi-arhoni-hidre-Ploiesti-28.02.2025-600-800.jpg","width":600,"height":800,"caption":"Curs Dragonii 2, arhistrategi, arhoni, hidre-Ploiesti-28.02.2025-600-800"},{"@type":"BreadcrumbList","@id":"https:\/\/www.ovidiudragosargesanu.ro\/en\/shop\/cursuri-premium\/entitati-cursuri-premium\/curs-dragonii-2-arhistrategi-arhoni-hidre-ploiesti-acces-online\/#breadcrumb","itemListElement":[{"@type":"ListItem","position":1,"name":"Prima pagin\u0103","item":"https:\/\/www.ovidiudragosargesanu.ro\/en\/"},{"@type":"ListItem","position":2,"name":"Shop","item":"https:\/\/www.ovidiudragosargesanu.ro\/en\/shop\/"},{"@type":"ListItem","position":3,"name":"Curs: DRAGONII 2 \u2013 Arhistrategi, Arhoni, Hidre &#8211; Ploiesti &#8211; acces online"}]},{"@type":"WebSite","@id":"https:\/\/www.ovidiudragosargesanu.ro\/en\/#website","url":"https:\/\/www.ovidiudragosargesanu.ro\/en\/","name":"Ovidiu Drago\u0219 Arge\u0219anu","description":"","publisher":{"@id":"https:\/\/www.ovidiudragosargesanu.ro\/en\/#organization"},"potentialAction":[{"@type":"SearchAction","target":{"@type":"EntryPoint","urlTemplate":"https:\/\/www.ovidiudragosargesanu.ro\/en\/?s={search_term_string}"},"query-input":{"@type":"PropertyValueSpecification","valueRequired":true,"valueName":"search_term_string"}}],"inLanguage":"en-US"},{"@type":"Organization","@id":"https:\/\/www.ovidiudragosargesanu.ro\/en\/#organization","name":"Ovidiu Drago\u0219 Arge\u0219anu","url":"https:\/\/www.ovidiudragosargesanu.ro\/en\/","logo":{"@type":"ImageObject","inLanguage":"en-US","@id":"https:\/\/www.ovidiudragosargesanu.ro\/en\/#\/schema\/logo\/image\/","url":"https:\/\/www.ovidiudragosargesanu.ro\/en\/wp-content\/uploads\/2018\/03\/dragos-logo-lotus-black-400.svg","contentUrl":"https:\/\/www.ovidiudragosargesanu.ro\/en\/wp-content\/uploads\/2018\/03\/dragos-logo-lotus-black-400.svg","width":300,"height":150,"caption":"Ovidiu Drago\u0219 Arge\u0219anu"},"image":{"@id":"https:\/\/www.ovidiudragosargesanu.ro\/en\/#\/schema\/logo\/image\/"}}]}},"_links":{"self":[{"href":"https:\/\/www.ovidiudragosargesanu.ro\/en\/wp-json\/wp\/v2\/product\/46482","targetHints":{"allow":["GET"]}}],"collection":[{"href":"https:\/\/www.ovidiudragosargesanu.ro\/en\/wp-json\/wp\/v2\/product"}],"about":[{"href":"https:\/\/www.ovidiudragosargesanu.ro\/en\/wp-json\/wp\/v2\/types\/product"}],"version-history":[{"count":3,"href":"https:\/\/www.ovidiudragosargesanu.ro\/en\/wp-json\/wp\/v2\/product\/46482\/revisions"}],"predecessor-version":[{"id":46829,"href":"https:\/\/www.ovidiudragosargesanu.ro\/en\/wp-json\/wp\/v2\/product\/46482\/revisions\/46829"}],"wp:featuredmedia":[{"embeddable":true,"href":"https:\/\/www.ovidiudragosargesanu.ro\/en\/wp-json\/wp\/v2\/media\/46483"}],"wp:attachment":[{"href":"https:\/\/www.ovidiudragosargesanu.ro\/en\/wp-json\/wp\/v2\/media?parent=46482"}],"wp:term":[{"taxonomy":"product_brand","embeddable":true,"href":"https:\/\/www.ovidiudragosargesanu.ro\/en\/wp-json\/wp\/v2\/product_brand?post=46482"},{"taxonomy":"product_cat","embeddable":true,"href":"https:\/\/www.ovidiudragosargesanu.ro\/en\/wp-json\/wp\/v2\/product_cat?post=46482"},{"taxonomy":"product_tag","embeddable":true,"href":"https:\/\/www.ovidiudragosargesanu.ro\/en\/wp-json\/wp\/v2\/product_tag?post=46482"}],"curies":[{"name":"wp","href":"https:\/\/api.w.org\/{rel}","templated":true}]}}