{"id":48437,"date":"2025-05-23T23:44:03","date_gmt":"2025-05-23T20:44:03","guid":{"rendered":"https:\/\/www.ovidiudragosargesanu.ro\/shop\/fara-categorie\/curs-potentarea-drepturilor-divine-sebes-acces-online\/"},"modified":"2025-07-07T12:13:39","modified_gmt":"2025-07-07T09:13:39","slug":"curs-potentarea-drepturilor-divine-sebes-acces-online","status":"publish","type":"product","link":"https:\/\/www.ovidiudragosargesanu.ro\/en\/shop\/cursuri-premium\/drept-divin-cursuri-premium\/curs-potentarea-drepturilor-divine-sebes-acces-online\/","title":{"rendered":"Curs: Potentarea drepturilor divine &#8211; Sebes &#8211; acces online"},"content":{"rendered":"<p><b>Curs \u201ePoten\u021barea drepturilor divine\u201d \u2013 Sebe\u0219, 11 iunie 2025<\/b><\/p>\n<p><span style=\"font-weight: 400;\">Fiecare dintre noi are un <\/span><b>drept divin la iubire, s\u0103n\u0103tate, prosperitate, prieteni, familie, cas\u0103, bani, job, studii sau vacan\u021be<\/b><span style=\"font-weight: 400;\">. Totu\u0219i, aceste drepturi pot fi blocate, pierdute ori limitate de factori karmici sau de jur\u0103minte f\u0103cute \u00een alte vie\u021bi. Dac\u0103 sim\u021bi c\u0103 ceva te \u021bine pe loc, c\u0103 nu \u00ee\u021bi tr\u0103ie\u0219ti via\u021ba la adev\u0103ratul t\u0103u poten\u021bial \u2013 atunci acest curs este pentru tine.<\/span><\/p>\n<p><span style=\"font-weight: 400;\">Te invit s\u0103 vizionezi un nou curs \u00een care \u00eenve\u021bi cum s\u0103-\u021bi <\/span><b>deblochezi, vindeci \u0219i amplifici drepturile divine<\/b><span style=\"font-weight: 400;\">, pentru a \u00eencepe s\u0103 creezi con\u0219tient o via\u021b\u0103 \u00een armonie cu planul divin pe toate planurile.<\/span><\/p>\n<p><b>Teme atinse \u00een cadrul cursului:<\/b><\/p>\n<ul>\n<li style=\"font-weight: 400;\" aria-level=\"1\"><span style=\"font-weight: 400;\">Ce sunt <\/span><b>drepturile divine<\/b><span style=\"font-weight: 400;\"> \u0219i cum pot fi ele blocate, pierdute sau chiar furate;<\/span><\/li>\n<li style=\"font-weight: 400;\" aria-level=\"1\"><b>Importan\u021ba sufletului<\/b><span style=\"font-weight: 400;\"> \u00een poten\u021barea drepturilor divine;<\/span><\/li>\n<li style=\"font-weight: 400;\" aria-level=\"1\"><b>Karma personal\u0103 \u0219i de neam<\/b><span style=\"font-weight: 400;\"> \u2013 cum ne influen\u021beaz\u0103 via\u021ba \u0219i cum o putem echilibra;<\/span><\/li>\n<li style=\"font-weight: 400;\" aria-level=\"1\"><b>Jur\u0103mintele din alte vie\u021bi<\/b><span style=\"font-weight: 400;\"> (castitate, s\u0103r\u0103cie, obedien\u021b\u0103) \u0219i impactul lor \u00een prezent;<\/span><\/li>\n<li style=\"font-weight: 400;\" aria-level=\"1\"><b>Magia \u0219i blestemele<\/b><span style=\"font-weight: 400;\"> \u2013 cum afecteaz\u0103 drepturile divine;<\/span><\/li>\n<li style=\"font-weight: 400;\" aria-level=\"1\"><span style=\"font-weight: 400;\">Modalit\u0103\u021bi concrete de <\/span><b>deblocare \u0219i poten\u021bare a drepturilor divine<\/b><span style=\"font-weight: 400;\"> \u00een s\u0103n\u0103tate, iubire, bani, carier\u0103;<\/span><\/li>\n<\/ul>\n<p><b>De ce s\u0103 urmezi acest curs?<\/b><\/p>\n<ul>\n<li style=\"font-weight: 400;\" aria-level=\"1\"><span style=\"font-weight: 400;\">Prime\u0219ti <\/span><b>instrumente practice<\/b><span style=\"font-weight: 400;\"> pentru dob\u00e2ndirea, activarea \u0219i poten\u021barea drepturilor \u0219i poten\u021bialelor tale divine;<\/span><\/li>\n<li style=\"font-weight: 400;\" aria-level=\"1\"><span style=\"font-weight: 400;\">\u00cenve\u021bi cum s\u0103 \u00ee\u021bi <\/span><b>cre\u0219ti con\u0219tient drepturile divine;<\/b><\/li>\n<li style=\"font-weight: 400;\" aria-level=\"1\"><span style=\"font-weight: 400;\">Descoperi ce te blocheaz\u0103 \u0219i <\/span><b>transformi obstacolele \u00een resurse<\/b><span style=\"font-weight: 400;\"> de cre\u0219tere;<\/span><\/li>\n<li style=\"font-weight: 400;\" aria-level=\"1\"><span style=\"font-weight: 400;\">Faci <\/span><b>trecerea de la via\u021ba tr\u0103it\u0103 pe pilot automat<\/b><span style=\"font-weight: 400;\"> la o realitate creat\u0103 con\u0219tient, \u00een acord cu misiunea ta divin\u0103;<\/span><\/li>\n<li style=\"font-weight: 400;\" aria-level=\"1\"><span style=\"font-weight: 400;\">\u00cencepi un proces de <\/span><b>transformare con\u0219tient\u0103 \u0219i co-creare<\/b><span style=\"font-weight: 400;\"> a unei vie\u021bi \u00een armonie.<\/span><\/li>\n<\/ul>\n<p>&nbsp;<\/p>\n","protected":false},"excerpt":{"rendered":"<p><b>ACCES NELIMITAT!<\/b><\/p>\n<p><span style=\"font-weight: 400;\">\u00a0Te invit s\u0103 vizionezi noul meu curs<\/span><b> ,,Poten\u021barea drepturilor divine\u201d<\/b><span style=\"font-weight: 400;\">, pe care l-am sus\u021binut \u00een Sebe\u0219, \u00een data de 11 iunie 2025.<\/span><\/p>\n<p>&nbsp;<\/p>\n","protected":false},"featured_media":54486,"template":"","meta":{"inline_featured_image":false},"product_brand":[],"product_cat":[602,702],"product_tag":[],"class_list":{"0":"post-48437","1":"product","2":"type-product","3":"status-publish","4":"has-post-thumbnail","6":"product_cat-cursuri-premium","7":"product_cat-drept-divin-cursuri-premium","9":"first","10":"instock","11":"virtual","12":"sold-individually","13":"taxable","14":"purchasable","15":"product-type-simple"},"yoast_head":"<!-- This site is optimized with the Yoast SEO plugin v26.9 - https:\/\/yoast.com\/product\/yoast-seo-wordpress\/ -->\n<title>Curs: Potentarea drepturilor divine - Sebes - acces online - Ovidiu Drago\u0219 Arge\u0219anu<\/title>\n<meta name=\"description\" content=\"Curs \u201ePoten\u021barea drepturilor divine\u201d \u2013 Sebe\u0219, 11 iunie 2025, ora 18:00Fiecare dintre noi are un drept divin la iubire, s\u0103n\u0103tate, prosperitate,\" \/>\n<meta name=\"robots\" content=\"noindex, follow, max-snippet:-1, max-image-preview:large, max-video-preview:-1\" \/>\n<meta property=\"og:locale\" content=\"en_US\" \/>\n<meta property=\"og:type\" content=\"article\" \/>\n<meta property=\"og:title\" content=\"Curs: Potentarea drepturilor divine - Sebes - acces online - Ovidiu Drago\u0219 Arge\u0219anu\" \/>\n<meta property=\"og:description\" content=\"Curs \u201ePoten\u021barea drepturilor divine\u201d \u2013 Sebe\u0219, 11 iunie 2025, ora 18:00Fiecare dintre noi are un drept divin la iubire, s\u0103n\u0103tate, prosperitate,\" \/>\n<meta property=\"og:url\" content=\"https:\/\/www.ovidiudragosargesanu.ro\/en\/shop\/cursuri-premium\/drept-divin-cursuri-premium\/curs-potentarea-drepturilor-divine-sebes-acces-online\/\" \/>\n<meta property=\"og:site_name\" content=\"Ovidiu Drago\u0219 Arge\u0219anu\" \/>\n<meta property=\"article:modified_time\" content=\"2025-07-07T09:13:39+00:00\" \/>\n<meta property=\"og:image\" content=\"https:\/\/www.ovidiudragosargesanu.ro\/en\/wp-content\/uploads\/2025\/05\/Sebes-grafica-premium-600-800.jpg\" \/>\n\t<meta property=\"og:image:width\" content=\"600\" \/>\n\t<meta property=\"og:image:height\" content=\"800\" \/>\n\t<meta property=\"og:image:type\" content=\"image\/jpeg\" \/>\n<meta name=\"twitter:card\" content=\"summary_large_image\" \/>\n<meta name=\"twitter:label1\" content=\"Est. reading time\" \/>\n\t<meta name=\"twitter:data1\" content=\"2 minutes\" \/>\n<script type=\"application\/ld+json\" class=\"yoast-schema-graph\">{\"@context\":\"https:\/\/schema.org\",\"@graph\":[{\"@type\":\"WebPage\",\"@id\":\"https:\/\/www.ovidiudragosargesanu.ro\/en\/shop\/cursuri-premium\/drept-divin-cursuri-premium\/curs-potentarea-drepturilor-divine-sebes-acces-online\/\",\"url\":\"https:\/\/www.ovidiudragosargesanu.ro\/en\/shop\/cursuri-premium\/drept-divin-cursuri-premium\/curs-potentarea-drepturilor-divine-sebes-acces-online\/\",\"name\":\"Curs: Potentarea drepturilor divine - Sebes - acces online - Ovidiu Drago\u0219 Arge\u0219anu\",\"isPartOf\":{\"@id\":\"https:\/\/www.ovidiudragosargesanu.ro\/en\/#website\"},\"primaryImageOfPage\":{\"@id\":\"https:\/\/www.ovidiudragosargesanu.ro\/en\/shop\/cursuri-premium\/drept-divin-cursuri-premium\/curs-potentarea-drepturilor-divine-sebes-acces-online\/#primaryimage\"},\"image\":{\"@id\":\"https:\/\/www.ovidiudragosargesanu.ro\/en\/shop\/cursuri-premium\/drept-divin-cursuri-premium\/curs-potentarea-drepturilor-divine-sebes-acces-online\/#primaryimage\"},\"thumbnailUrl\":\"https:\/\/www.ovidiudragosargesanu.ro\/en\/wp-content\/uploads\/2025\/05\/Sebes-grafica-premium-600-800.jpg\",\"datePublished\":\"2025-05-23T20:44:03+00:00\",\"dateModified\":\"2025-07-07T09:13:39+00:00\",\"description\":\"Curs \u201ePoten\u021barea drepturilor divine\u201d \u2013 Sebe\u0219, 11 iunie 2025, ora 18:00Fiecare dintre noi are un drept divin la iubire, s\u0103n\u0103tate, prosperitate,\",\"breadcrumb\":{\"@id\":\"https:\/\/www.ovidiudragosargesanu.ro\/en\/shop\/cursuri-premium\/drept-divin-cursuri-premium\/curs-potentarea-drepturilor-divine-sebes-acces-online\/#breadcrumb\"},\"inLanguage\":\"en-US\",\"potentialAction\":[{\"@type\":\"ReadAction\",\"target\":[\"https:\/\/www.ovidiudragosargesanu.ro\/en\/shop\/cursuri-premium\/drept-divin-cursuri-premium\/curs-potentarea-drepturilor-divine-sebes-acces-online\/\"]}]},{\"@type\":\"ImageObject\",\"inLanguage\":\"en-US\",\"@id\":\"https:\/\/www.ovidiudragosargesanu.ro\/en\/shop\/cursuri-premium\/drept-divin-cursuri-premium\/curs-potentarea-drepturilor-divine-sebes-acces-online\/#primaryimage\",\"url\":\"https:\/\/www.ovidiudragosargesanu.ro\/en\/wp-content\/uploads\/2025\/05\/Sebes-grafica-premium-600-800.jpg\",\"contentUrl\":\"https:\/\/www.ovidiudragosargesanu.ro\/en\/wp-content\/uploads\/2025\/05\/Sebes-grafica-premium-600-800.jpg\",\"width\":600,\"height\":800,\"caption\":\"Sebes grafica premium 600 800\"},{\"@type\":\"BreadcrumbList\",\"@id\":\"https:\/\/www.ovidiudragosargesanu.ro\/en\/shop\/cursuri-premium\/drept-divin-cursuri-premium\/curs-potentarea-drepturilor-divine-sebes-acces-online\/#breadcrumb\",\"itemListElement\":[{\"@type\":\"ListItem\",\"position\":1,\"name\":\"Prima pagin\u0103\",\"item\":\"https:\/\/www.ovidiudragosargesanu.ro\/en\/\"},{\"@type\":\"ListItem\",\"position\":2,\"name\":\"Shop\",\"item\":\"https:\/\/www.ovidiudragosargesanu.ro\/en\/shop\/\"},{\"@type\":\"ListItem\",\"position\":3,\"name\":\"Curs: Potentarea drepturilor divine &#8211; Sebes &#8211; acces online\"}]},{\"@type\":\"WebSite\",\"@id\":\"https:\/\/www.ovidiudragosargesanu.ro\/en\/#website\",\"url\":\"https:\/\/www.ovidiudragosargesanu.ro\/en\/\",\"name\":\"Ovidiu Drago\u0219 Arge\u0219anu\",\"description\":\"\",\"publisher\":{\"@id\":\"https:\/\/www.ovidiudragosargesanu.ro\/en\/#organization\"},\"potentialAction\":[{\"@type\":\"SearchAction\",\"target\":{\"@type\":\"EntryPoint\",\"urlTemplate\":\"https:\/\/www.ovidiudragosargesanu.ro\/en\/?s={search_term_string}\"},\"query-input\":{\"@type\":\"PropertyValueSpecification\",\"valueRequired\":true,\"valueName\":\"search_term_string\"}}],\"inLanguage\":\"en-US\"},{\"@type\":\"Organization\",\"@id\":\"https:\/\/www.ovidiudragosargesanu.ro\/en\/#organization\",\"name\":\"Ovidiu Drago\u0219 Arge\u0219anu\",\"url\":\"https:\/\/www.ovidiudragosargesanu.ro\/en\/\",\"logo\":{\"@type\":\"ImageObject\",\"inLanguage\":\"en-US\",\"@id\":\"https:\/\/www.ovidiudragosargesanu.ro\/en\/#\/schema\/logo\/image\/\",\"url\":\"https:\/\/www.ovidiudragosargesanu.ro\/en\/wp-content\/uploads\/2018\/03\/dragos-logo-lotus-black-400.svg\",\"contentUrl\":\"https:\/\/www.ovidiudragosargesanu.ro\/en\/wp-content\/uploads\/2018\/03\/dragos-logo-lotus-black-400.svg\",\"width\":300,\"height\":150,\"caption\":\"Ovidiu Drago\u0219 Arge\u0219anu\"},\"image\":{\"@id\":\"https:\/\/www.ovidiudragosargesanu.ro\/en\/#\/schema\/logo\/image\/\"}}]}<\/script>\n<!-- \/ Yoast SEO plugin. -->","yoast_head_json":{"title":"Curs: Potentarea drepturilor divine - Sebes - acces online - Ovidiu Drago\u0219 Arge\u0219anu","description":"Curs \u201ePoten\u021barea drepturilor divine\u201d \u2013 Sebe\u0219, 11 iunie 2025, ora 18:00Fiecare dintre noi are un drept divin la iubire, s\u0103n\u0103tate, prosperitate,","robots":{"index":"noindex","follow":"follow","max-snippet":"max-snippet:-1","max-image-preview":"max-image-preview:large","max-video-preview":"max-video-preview:-1"},"og_locale":"en_US","og_type":"article","og_title":"Curs: Potentarea drepturilor divine - Sebes - acces online - Ovidiu Drago\u0219 Arge\u0219anu","og_description":"Curs \u201ePoten\u021barea drepturilor divine\u201d \u2013 Sebe\u0219, 11 iunie 2025, ora 18:00Fiecare dintre noi are un drept divin la iubire, s\u0103n\u0103tate, prosperitate,","og_url":"https:\/\/www.ovidiudragosargesanu.ro\/en\/shop\/cursuri-premium\/drept-divin-cursuri-premium\/curs-potentarea-drepturilor-divine-sebes-acces-online\/","og_site_name":"Ovidiu Drago\u0219 Arge\u0219anu","article_modified_time":"2025-07-07T09:13:39+00:00","og_image":[{"width":600,"height":800,"url":"https:\/\/www.ovidiudragosargesanu.ro\/en\/wp-content\/uploads\/2025\/05\/Sebes-grafica-premium-600-800.jpg","type":"image\/jpeg"}],"twitter_card":"summary_large_image","twitter_misc":{"Est. reading time":"2 minutes"},"schema":{"@context":"https:\/\/schema.org","@graph":[{"@type":"WebPage","@id":"https:\/\/www.ovidiudragosargesanu.ro\/en\/shop\/cursuri-premium\/drept-divin-cursuri-premium\/curs-potentarea-drepturilor-divine-sebes-acces-online\/","url":"https:\/\/www.ovidiudragosargesanu.ro\/en\/shop\/cursuri-premium\/drept-divin-cursuri-premium\/curs-potentarea-drepturilor-divine-sebes-acces-online\/","name":"Curs: Potentarea drepturilor divine - Sebes - acces online - Ovidiu Drago\u0219 Arge\u0219anu","isPartOf":{"@id":"https:\/\/www.ovidiudragosargesanu.ro\/en\/#website"},"primaryImageOfPage":{"@id":"https:\/\/www.ovidiudragosargesanu.ro\/en\/shop\/cursuri-premium\/drept-divin-cursuri-premium\/curs-potentarea-drepturilor-divine-sebes-acces-online\/#primaryimage"},"image":{"@id":"https:\/\/www.ovidiudragosargesanu.ro\/en\/shop\/cursuri-premium\/drept-divin-cursuri-premium\/curs-potentarea-drepturilor-divine-sebes-acces-online\/#primaryimage"},"thumbnailUrl":"https:\/\/www.ovidiudragosargesanu.ro\/en\/wp-content\/uploads\/2025\/05\/Sebes-grafica-premium-600-800.jpg","datePublished":"2025-05-23T20:44:03+00:00","dateModified":"2025-07-07T09:13:39+00:00","description":"Curs \u201ePoten\u021barea drepturilor divine\u201d \u2013 Sebe\u0219, 11 iunie 2025, ora 18:00Fiecare dintre noi are un drept divin la iubire, s\u0103n\u0103tate, prosperitate,","breadcrumb":{"@id":"https:\/\/www.ovidiudragosargesanu.ro\/en\/shop\/cursuri-premium\/drept-divin-cursuri-premium\/curs-potentarea-drepturilor-divine-sebes-acces-online\/#breadcrumb"},"inLanguage":"en-US","potentialAction":[{"@type":"ReadAction","target":["https:\/\/www.ovidiudragosargesanu.ro\/en\/shop\/cursuri-premium\/drept-divin-cursuri-premium\/curs-potentarea-drepturilor-divine-sebes-acces-online\/"]}]},{"@type":"ImageObject","inLanguage":"en-US","@id":"https:\/\/www.ovidiudragosargesanu.ro\/en\/shop\/cursuri-premium\/drept-divin-cursuri-premium\/curs-potentarea-drepturilor-divine-sebes-acces-online\/#primaryimage","url":"https:\/\/www.ovidiudragosargesanu.ro\/en\/wp-content\/uploads\/2025\/05\/Sebes-grafica-premium-600-800.jpg","contentUrl":"https:\/\/www.ovidiudragosargesanu.ro\/en\/wp-content\/uploads\/2025\/05\/Sebes-grafica-premium-600-800.jpg","width":600,"height":800,"caption":"Sebes grafica premium 600 800"},{"@type":"BreadcrumbList","@id":"https:\/\/www.ovidiudragosargesanu.ro\/en\/shop\/cursuri-premium\/drept-divin-cursuri-premium\/curs-potentarea-drepturilor-divine-sebes-acces-online\/#breadcrumb","itemListElement":[{"@type":"ListItem","position":1,"name":"Prima pagin\u0103","item":"https:\/\/www.ovidiudragosargesanu.ro\/en\/"},{"@type":"ListItem","position":2,"name":"Shop","item":"https:\/\/www.ovidiudragosargesanu.ro\/en\/shop\/"},{"@type":"ListItem","position":3,"name":"Curs: Potentarea drepturilor divine &#8211; Sebes &#8211; acces online"}]},{"@type":"WebSite","@id":"https:\/\/www.ovidiudragosargesanu.ro\/en\/#website","url":"https:\/\/www.ovidiudragosargesanu.ro\/en\/","name":"Ovidiu Drago\u0219 Arge\u0219anu","description":"","publisher":{"@id":"https:\/\/www.ovidiudragosargesanu.ro\/en\/#organization"},"potentialAction":[{"@type":"SearchAction","target":{"@type":"EntryPoint","urlTemplate":"https:\/\/www.ovidiudragosargesanu.ro\/en\/?s={search_term_string}"},"query-input":{"@type":"PropertyValueSpecification","valueRequired":true,"valueName":"search_term_string"}}],"inLanguage":"en-US"},{"@type":"Organization","@id":"https:\/\/www.ovidiudragosargesanu.ro\/en\/#organization","name":"Ovidiu Drago\u0219 Arge\u0219anu","url":"https:\/\/www.ovidiudragosargesanu.ro\/en\/","logo":{"@type":"ImageObject","inLanguage":"en-US","@id":"https:\/\/www.ovidiudragosargesanu.ro\/en\/#\/schema\/logo\/image\/","url":"https:\/\/www.ovidiudragosargesanu.ro\/en\/wp-content\/uploads\/2018\/03\/dragos-logo-lotus-black-400.svg","contentUrl":"https:\/\/www.ovidiudragosargesanu.ro\/en\/wp-content\/uploads\/2018\/03\/dragos-logo-lotus-black-400.svg","width":300,"height":150,"caption":"Ovidiu Drago\u0219 Arge\u0219anu"},"image":{"@id":"https:\/\/www.ovidiudragosargesanu.ro\/en\/#\/schema\/logo\/image\/"}}]}},"_links":{"self":[{"href":"https:\/\/www.ovidiudragosargesanu.ro\/en\/wp-json\/wp\/v2\/product\/48437","targetHints":{"allow":["GET"]}}],"collection":[{"href":"https:\/\/www.ovidiudragosargesanu.ro\/en\/wp-json\/wp\/v2\/product"}],"about":[{"href":"https:\/\/www.ovidiudragosargesanu.ro\/en\/wp-json\/wp\/v2\/types\/product"}],"version-history":[{"count":7,"href":"https:\/\/www.ovidiudragosargesanu.ro\/en\/wp-json\/wp\/v2\/product\/48437\/revisions"}],"predecessor-version":[{"id":54487,"href":"https:\/\/www.ovidiudragosargesanu.ro\/en\/wp-json\/wp\/v2\/product\/48437\/revisions\/54487"}],"wp:featuredmedia":[{"embeddable":true,"href":"https:\/\/www.ovidiudragosargesanu.ro\/en\/wp-json\/wp\/v2\/media\/54486"}],"wp:attachment":[{"href":"https:\/\/www.ovidiudragosargesanu.ro\/en\/wp-json\/wp\/v2\/media?parent=48437"}],"wp:term":[{"taxonomy":"product_brand","embeddable":true,"href":"https:\/\/www.ovidiudragosargesanu.ro\/en\/wp-json\/wp\/v2\/product_brand?post=48437"},{"taxonomy":"product_cat","embeddable":true,"href":"https:\/\/www.ovidiudragosargesanu.ro\/en\/wp-json\/wp\/v2\/product_cat?post=48437"},{"taxonomy":"product_tag","embeddable":true,"href":"https:\/\/www.ovidiudragosargesanu.ro\/en\/wp-json\/wp\/v2\/product_tag?post=48437"}],"curies":[{"name":"wp","href":"https:\/\/api.w.org\/{rel}","templated":true}]}}