{"id":49052,"date":"2025-06-01T13:42:40","date_gmt":"2025-06-01T10:42:40","guid":{"rendered":"https:\/\/www.ovidiudragosargesanu.ro\/shop\/fara-categorie\/curs-ingerii-modulul-1-cum-lucram-cu-ingerii-in-vindecare-umbrei-constanta-acces-online\/"},"modified":"2025-07-07T14:00:55","modified_gmt":"2025-07-07T11:00:55","slug":"curs-ingerii-modulul-1-cum-lucram-cu-ingerii-in-vindecare-umbrei-constanta-acces-online","status":"publish","type":"product","link":"https:\/\/www.ovidiudragosargesanu.ro\/en\/shop\/cursuri-premium\/entitati-cursuri-premium\/curs-ingerii-modulul-1-cum-lucram-cu-ingerii-in-vindecare-umbrei-constanta-acces-online\/","title":{"rendered":"Curs: Ingerii Modulul 1 &#8211; Cum lucram cu ingerii in vindecare umbrei &#8211; Constanta &#8211; acces online"},"content":{"rendered":"<p><b>Curs \u201e\u00cen\u021belegerea, con\u0219tientizarea \u0219i vindecarea umbrei\u201d \u2013\u00a0 Constan\u021ba | 25 iunie<\/b><\/p>\n<p><b>Descoper\u0103-\u021bi puterea interioar\u0103 lucr\u00e2nd cu propria ta umbr\u0103!<\/b><b><br \/>\n<\/b><\/p>\n<h3><b>Ce vei \u00eenv\u0103\u021ba \u00een cadrul cursului:<\/b><\/h3>\n<ul>\n<li style=\"font-weight: 400;\" aria-level=\"1\"><span style=\"font-weight: 400;\">ce este umbra \u0219i cum se formeaz\u0103<\/span><span style=\"font-weight: 400;\"><br \/>\n<\/span><\/li>\n<li style=\"font-weight: 400;\" aria-level=\"1\"><span style=\"font-weight: 400;\">din ce este compus\u0103 umbra<\/span><span style=\"font-weight: 400;\"><br \/>\n<\/span><\/li>\n<li style=\"font-weight: 400;\" aria-level=\"1\"><span style=\"font-weight: 400;\">cum influen\u021beaz\u0103 umbra comportamentele, rela\u021biile \u0219i alegerile tale<\/span><span style=\"font-weight: 400;\"><br \/>\n<\/span><\/li>\n<li style=\"font-weight: 400;\" aria-level=\"1\"><span style=\"font-weight: 400;\">cum identifici aspectele incon\u0219tiente care te saboteaz\u0103<\/span><span style=\"font-weight: 400;\"><br \/>\n<\/span><\/li>\n<li style=\"font-weight: 400;\" aria-level=\"1\"><span style=\"font-weight: 400;\">metode practice de con\u0219tientizare \u0219i lucru cu umbra<\/span><span style=\"font-weight: 400;\"><br \/>\n<\/span><\/li>\n<li style=\"font-weight: 400;\" aria-level=\"1\"><span style=\"font-weight: 400;\">ce \u00eenseamn\u0103 cu adev\u0103rat vindecarea umbrei \u0219i pa\u0219ii concre\u021bi pentru a o atinge<\/span><span style=\"font-weight: 400;\"><br \/>\n<\/span><\/li>\n<li style=\"font-weight: 400;\" aria-level=\"1\"><span style=\"font-weight: 400;\">cum transformi umbra \u00een aliat \u00een procesul t\u0103u de evolu\u021bie spiritual\u0103.<\/span><span style=\"font-weight: 400;\"><br \/>\n<\/span><\/li>\n<\/ul>\n<p><span style=\"font-weight: 400;\">Acest curs este dedicat celor care vor s\u0103 se elibereze de frici, tipare repetitive, autosabotaj \u0219i s\u0103 \u00ee\u0219i descopere poten\u021bialul autentic, printr-un proces profund de <\/span><b>integrare interioar\u0103<\/b><span style=\"font-weight: 400;\">.<\/span><\/p>\n<p>&nbsp;<\/p>\n","protected":false},"excerpt":{"rendered":"<p><b>ACCES NELIMITAT!<\/b><\/p>\n<p><span style=\"font-weight: 400;\">Te invit s\u0103 vizionezi cursul<\/span> <b>\u201e\u00cengerii &#8211; Modulul 1: Cum lucr\u0103m cu \u00eengerii \u00een vindecarea umbrei\u201d<\/b><span style=\"font-weight: 400;\">, pe care l-am sus\u021binut \u00een Constan\u021ba, \u00een data de 26 iunie.<\/span><\/p>\n<p>&nbsp;<\/p>\n","protected":false},"featured_media":54510,"template":"","meta":{"inline_featured_image":false},"product_brand":[],"product_cat":[602,734],"product_tag":[],"class_list":{"0":"post-49052","1":"product","2":"type-product","3":"status-publish","4":"has-post-thumbnail","6":"product_cat-cursuri-premium","7":"product_cat-entitati-cursuri-premium","9":"first","10":"instock","11":"virtual","12":"sold-individually","13":"taxable","14":"purchasable","15":"product-type-simple"},"yoast_head":"<!-- This site is optimized with the Yoast SEO plugin v26.9 - https:\/\/yoast.com\/product\/yoast-seo-wordpress\/ -->\n<title>Curs: Ingerii Modulul 1 - Cum lucram cu ingerii in vindecare umbrei - Constanta - acces online - Ovidiu Drago\u0219 Arge\u0219anu<\/title>\n<meta name=\"description\" content=\"Te invit la un curs profund transformator, sus\u021binut pe 25 iunie, \u00een Constan\u021ba, \u00eencep\u00e2nd cu ora 18:00, at\u00e2t fizic \u00een sal\u0103, c\u00e2t \u0219i live-online, pentru cei\" \/>\n<meta name=\"robots\" content=\"noindex, follow, max-snippet:-1, max-image-preview:large, max-video-preview:-1\" \/>\n<meta property=\"og:locale\" content=\"en_US\" \/>\n<meta property=\"og:type\" content=\"article\" \/>\n<meta property=\"og:title\" content=\"Curs: Ingerii Modulul 1 - Cum lucram cu ingerii in vindecare umbrei - Constanta - acces online - Ovidiu Drago\u0219 Arge\u0219anu\" \/>\n<meta property=\"og:description\" content=\"Te invit la un curs profund transformator, sus\u021binut pe 25 iunie, \u00een Constan\u021ba, \u00eencep\u00e2nd cu ora 18:00, at\u00e2t fizic \u00een sal\u0103, c\u00e2t \u0219i live-online, pentru cei\" \/>\n<meta property=\"og:url\" content=\"https:\/\/www.ovidiudragosargesanu.ro\/en\/shop\/cursuri-premium\/entitati-cursuri-premium\/curs-ingerii-modulul-1-cum-lucram-cu-ingerii-in-vindecare-umbrei-constanta-acces-online\/\" \/>\n<meta property=\"og:site_name\" content=\"Ovidiu Drago\u0219 Arge\u0219anu\" \/>\n<meta property=\"article:modified_time\" content=\"2025-07-07T11:00:55+00:00\" \/>\n<meta property=\"og:image\" content=\"https:\/\/www.ovidiudragosargesanu.ro\/en\/wp-content\/uploads\/2025\/06\/Constanta-26.06-ingerii-grafica-premium-600x800-1.jpg\" \/>\n\t<meta property=\"og:image:width\" content=\"600\" \/>\n\t<meta property=\"og:image:height\" content=\"800\" \/>\n\t<meta property=\"og:image:type\" content=\"image\/jpeg\" \/>\n<meta name=\"twitter:card\" content=\"summary_large_image\" \/>\n<meta name=\"twitter:label1\" content=\"Est. reading time\" \/>\n\t<meta name=\"twitter:data1\" content=\"1 minute\" \/>\n<script type=\"application\/ld+json\" class=\"yoast-schema-graph\">{\"@context\":\"https:\/\/schema.org\",\"@graph\":[{\"@type\":\"WebPage\",\"@id\":\"https:\/\/www.ovidiudragosargesanu.ro\/en\/shop\/cursuri-premium\/entitati-cursuri-premium\/curs-ingerii-modulul-1-cum-lucram-cu-ingerii-in-vindecare-umbrei-constanta-acces-online\/\",\"url\":\"https:\/\/www.ovidiudragosargesanu.ro\/en\/shop\/cursuri-premium\/entitati-cursuri-premium\/curs-ingerii-modulul-1-cum-lucram-cu-ingerii-in-vindecare-umbrei-constanta-acces-online\/\",\"name\":\"Curs: Ingerii Modulul 1 - Cum lucram cu ingerii in vindecare umbrei - Constanta - acces online - Ovidiu Drago\u0219 Arge\u0219anu\",\"isPartOf\":{\"@id\":\"https:\/\/www.ovidiudragosargesanu.ro\/en\/#website\"},\"primaryImageOfPage\":{\"@id\":\"https:\/\/www.ovidiudragosargesanu.ro\/en\/shop\/cursuri-premium\/entitati-cursuri-premium\/curs-ingerii-modulul-1-cum-lucram-cu-ingerii-in-vindecare-umbrei-constanta-acces-online\/#primaryimage\"},\"image\":{\"@id\":\"https:\/\/www.ovidiudragosargesanu.ro\/en\/shop\/cursuri-premium\/entitati-cursuri-premium\/curs-ingerii-modulul-1-cum-lucram-cu-ingerii-in-vindecare-umbrei-constanta-acces-online\/#primaryimage\"},\"thumbnailUrl\":\"https:\/\/www.ovidiudragosargesanu.ro\/en\/wp-content\/uploads\/2025\/06\/Constanta-26.06-ingerii-grafica-premium-600x800-1.jpg\",\"datePublished\":\"2025-06-01T10:42:40+00:00\",\"dateModified\":\"2025-07-07T11:00:55+00:00\",\"description\":\"Te invit la un curs profund transformator, sus\u021binut pe 25 iunie, \u00een Constan\u021ba, \u00eencep\u00e2nd cu ora 18:00, at\u00e2t fizic \u00een sal\u0103, c\u00e2t \u0219i live-online, pentru cei\",\"breadcrumb\":{\"@id\":\"https:\/\/www.ovidiudragosargesanu.ro\/en\/shop\/cursuri-premium\/entitati-cursuri-premium\/curs-ingerii-modulul-1-cum-lucram-cu-ingerii-in-vindecare-umbrei-constanta-acces-online\/#breadcrumb\"},\"inLanguage\":\"en-US\",\"potentialAction\":[{\"@type\":\"ReadAction\",\"target\":[\"https:\/\/www.ovidiudragosargesanu.ro\/en\/shop\/cursuri-premium\/entitati-cursuri-premium\/curs-ingerii-modulul-1-cum-lucram-cu-ingerii-in-vindecare-umbrei-constanta-acces-online\/\"]}]},{\"@type\":\"ImageObject\",\"inLanguage\":\"en-US\",\"@id\":\"https:\/\/www.ovidiudragosargesanu.ro\/en\/shop\/cursuri-premium\/entitati-cursuri-premium\/curs-ingerii-modulul-1-cum-lucram-cu-ingerii-in-vindecare-umbrei-constanta-acces-online\/#primaryimage\",\"url\":\"https:\/\/www.ovidiudragosargesanu.ro\/en\/wp-content\/uploads\/2025\/06\/Constanta-26.06-ingerii-grafica-premium-600x800-1.jpg\",\"contentUrl\":\"https:\/\/www.ovidiudragosargesanu.ro\/en\/wp-content\/uploads\/2025\/06\/Constanta-26.06-ingerii-grafica-premium-600x800-1.jpg\",\"width\":600,\"height\":800,\"caption\":\"Constanta 26.06 \u00eengerii grafica premium (600x800)\"},{\"@type\":\"BreadcrumbList\",\"@id\":\"https:\/\/www.ovidiudragosargesanu.ro\/en\/shop\/cursuri-premium\/entitati-cursuri-premium\/curs-ingerii-modulul-1-cum-lucram-cu-ingerii-in-vindecare-umbrei-constanta-acces-online\/#breadcrumb\",\"itemListElement\":[{\"@type\":\"ListItem\",\"position\":1,\"name\":\"Prima pagin\u0103\",\"item\":\"https:\/\/www.ovidiudragosargesanu.ro\/en\/\"},{\"@type\":\"ListItem\",\"position\":2,\"name\":\"Shop\",\"item\":\"https:\/\/www.ovidiudragosargesanu.ro\/en\/shop\/\"},{\"@type\":\"ListItem\",\"position\":3,\"name\":\"Curs: Ingerii Modulul 1 &#8211; Cum lucram cu ingerii in vindecare umbrei &#8211; Constanta &#8211; acces online\"}]},{\"@type\":\"WebSite\",\"@id\":\"https:\/\/www.ovidiudragosargesanu.ro\/en\/#website\",\"url\":\"https:\/\/www.ovidiudragosargesanu.ro\/en\/\",\"name\":\"Ovidiu Drago\u0219 Arge\u0219anu\",\"description\":\"\",\"publisher\":{\"@id\":\"https:\/\/www.ovidiudragosargesanu.ro\/en\/#organization\"},\"potentialAction\":[{\"@type\":\"SearchAction\",\"target\":{\"@type\":\"EntryPoint\",\"urlTemplate\":\"https:\/\/www.ovidiudragosargesanu.ro\/en\/?s={search_term_string}\"},\"query-input\":{\"@type\":\"PropertyValueSpecification\",\"valueRequired\":true,\"valueName\":\"search_term_string\"}}],\"inLanguage\":\"en-US\"},{\"@type\":\"Organization\",\"@id\":\"https:\/\/www.ovidiudragosargesanu.ro\/en\/#organization\",\"name\":\"Ovidiu Drago\u0219 Arge\u0219anu\",\"url\":\"https:\/\/www.ovidiudragosargesanu.ro\/en\/\",\"logo\":{\"@type\":\"ImageObject\",\"inLanguage\":\"en-US\",\"@id\":\"https:\/\/www.ovidiudragosargesanu.ro\/en\/#\/schema\/logo\/image\/\",\"url\":\"https:\/\/www.ovidiudragosargesanu.ro\/en\/wp-content\/uploads\/2018\/03\/dragos-logo-lotus-black-400.svg\",\"contentUrl\":\"https:\/\/www.ovidiudragosargesanu.ro\/en\/wp-content\/uploads\/2018\/03\/dragos-logo-lotus-black-400.svg\",\"width\":300,\"height\":150,\"caption\":\"Ovidiu Drago\u0219 Arge\u0219anu\"},\"image\":{\"@id\":\"https:\/\/www.ovidiudragosargesanu.ro\/en\/#\/schema\/logo\/image\/\"}}]}<\/script>\n<!-- \/ Yoast SEO plugin. -->","yoast_head_json":{"title":"Curs: Ingerii Modulul 1 - Cum lucram cu ingerii in vindecare umbrei - Constanta - acces online - Ovidiu Drago\u0219 Arge\u0219anu","description":"Te invit la un curs profund transformator, sus\u021binut pe 25 iunie, \u00een Constan\u021ba, \u00eencep\u00e2nd cu ora 18:00, at\u00e2t fizic \u00een sal\u0103, c\u00e2t \u0219i live-online, pentru cei","robots":{"index":"noindex","follow":"follow","max-snippet":"max-snippet:-1","max-image-preview":"max-image-preview:large","max-video-preview":"max-video-preview:-1"},"og_locale":"en_US","og_type":"article","og_title":"Curs: Ingerii Modulul 1 - Cum lucram cu ingerii in vindecare umbrei - Constanta - acces online - Ovidiu Drago\u0219 Arge\u0219anu","og_description":"Te invit la un curs profund transformator, sus\u021binut pe 25 iunie, \u00een Constan\u021ba, \u00eencep\u00e2nd cu ora 18:00, at\u00e2t fizic \u00een sal\u0103, c\u00e2t \u0219i live-online, pentru cei","og_url":"https:\/\/www.ovidiudragosargesanu.ro\/en\/shop\/cursuri-premium\/entitati-cursuri-premium\/curs-ingerii-modulul-1-cum-lucram-cu-ingerii-in-vindecare-umbrei-constanta-acces-online\/","og_site_name":"Ovidiu Drago\u0219 Arge\u0219anu","article_modified_time":"2025-07-07T11:00:55+00:00","og_image":[{"width":600,"height":800,"url":"https:\/\/www.ovidiudragosargesanu.ro\/en\/wp-content\/uploads\/2025\/06\/Constanta-26.06-ingerii-grafica-premium-600x800-1.jpg","type":"image\/jpeg"}],"twitter_card":"summary_large_image","twitter_misc":{"Est. reading time":"1 minute"},"schema":{"@context":"https:\/\/schema.org","@graph":[{"@type":"WebPage","@id":"https:\/\/www.ovidiudragosargesanu.ro\/en\/shop\/cursuri-premium\/entitati-cursuri-premium\/curs-ingerii-modulul-1-cum-lucram-cu-ingerii-in-vindecare-umbrei-constanta-acces-online\/","url":"https:\/\/www.ovidiudragosargesanu.ro\/en\/shop\/cursuri-premium\/entitati-cursuri-premium\/curs-ingerii-modulul-1-cum-lucram-cu-ingerii-in-vindecare-umbrei-constanta-acces-online\/","name":"Curs: Ingerii Modulul 1 - Cum lucram cu ingerii in vindecare umbrei - Constanta - acces online - Ovidiu Drago\u0219 Arge\u0219anu","isPartOf":{"@id":"https:\/\/www.ovidiudragosargesanu.ro\/en\/#website"},"primaryImageOfPage":{"@id":"https:\/\/www.ovidiudragosargesanu.ro\/en\/shop\/cursuri-premium\/entitati-cursuri-premium\/curs-ingerii-modulul-1-cum-lucram-cu-ingerii-in-vindecare-umbrei-constanta-acces-online\/#primaryimage"},"image":{"@id":"https:\/\/www.ovidiudragosargesanu.ro\/en\/shop\/cursuri-premium\/entitati-cursuri-premium\/curs-ingerii-modulul-1-cum-lucram-cu-ingerii-in-vindecare-umbrei-constanta-acces-online\/#primaryimage"},"thumbnailUrl":"https:\/\/www.ovidiudragosargesanu.ro\/en\/wp-content\/uploads\/2025\/06\/Constanta-26.06-ingerii-grafica-premium-600x800-1.jpg","datePublished":"2025-06-01T10:42:40+00:00","dateModified":"2025-07-07T11:00:55+00:00","description":"Te invit la un curs profund transformator, sus\u021binut pe 25 iunie, \u00een Constan\u021ba, \u00eencep\u00e2nd cu ora 18:00, at\u00e2t fizic \u00een sal\u0103, c\u00e2t \u0219i live-online, pentru cei","breadcrumb":{"@id":"https:\/\/www.ovidiudragosargesanu.ro\/en\/shop\/cursuri-premium\/entitati-cursuri-premium\/curs-ingerii-modulul-1-cum-lucram-cu-ingerii-in-vindecare-umbrei-constanta-acces-online\/#breadcrumb"},"inLanguage":"en-US","potentialAction":[{"@type":"ReadAction","target":["https:\/\/www.ovidiudragosargesanu.ro\/en\/shop\/cursuri-premium\/entitati-cursuri-premium\/curs-ingerii-modulul-1-cum-lucram-cu-ingerii-in-vindecare-umbrei-constanta-acces-online\/"]}]},{"@type":"ImageObject","inLanguage":"en-US","@id":"https:\/\/www.ovidiudragosargesanu.ro\/en\/shop\/cursuri-premium\/entitati-cursuri-premium\/curs-ingerii-modulul-1-cum-lucram-cu-ingerii-in-vindecare-umbrei-constanta-acces-online\/#primaryimage","url":"https:\/\/www.ovidiudragosargesanu.ro\/en\/wp-content\/uploads\/2025\/06\/Constanta-26.06-ingerii-grafica-premium-600x800-1.jpg","contentUrl":"https:\/\/www.ovidiudragosargesanu.ro\/en\/wp-content\/uploads\/2025\/06\/Constanta-26.06-ingerii-grafica-premium-600x800-1.jpg","width":600,"height":800,"caption":"Constanta 26.06 \u00eengerii grafica premium (600x800)"},{"@type":"BreadcrumbList","@id":"https:\/\/www.ovidiudragosargesanu.ro\/en\/shop\/cursuri-premium\/entitati-cursuri-premium\/curs-ingerii-modulul-1-cum-lucram-cu-ingerii-in-vindecare-umbrei-constanta-acces-online\/#breadcrumb","itemListElement":[{"@type":"ListItem","position":1,"name":"Prima pagin\u0103","item":"https:\/\/www.ovidiudragosargesanu.ro\/en\/"},{"@type":"ListItem","position":2,"name":"Shop","item":"https:\/\/www.ovidiudragosargesanu.ro\/en\/shop\/"},{"@type":"ListItem","position":3,"name":"Curs: Ingerii Modulul 1 &#8211; Cum lucram cu ingerii in vindecare umbrei &#8211; Constanta &#8211; acces online"}]},{"@type":"WebSite","@id":"https:\/\/www.ovidiudragosargesanu.ro\/en\/#website","url":"https:\/\/www.ovidiudragosargesanu.ro\/en\/","name":"Ovidiu Drago\u0219 Arge\u0219anu","description":"","publisher":{"@id":"https:\/\/www.ovidiudragosargesanu.ro\/en\/#organization"},"potentialAction":[{"@type":"SearchAction","target":{"@type":"EntryPoint","urlTemplate":"https:\/\/www.ovidiudragosargesanu.ro\/en\/?s={search_term_string}"},"query-input":{"@type":"PropertyValueSpecification","valueRequired":true,"valueName":"search_term_string"}}],"inLanguage":"en-US"},{"@type":"Organization","@id":"https:\/\/www.ovidiudragosargesanu.ro\/en\/#organization","name":"Ovidiu Drago\u0219 Arge\u0219anu","url":"https:\/\/www.ovidiudragosargesanu.ro\/en\/","logo":{"@type":"ImageObject","inLanguage":"en-US","@id":"https:\/\/www.ovidiudragosargesanu.ro\/en\/#\/schema\/logo\/image\/","url":"https:\/\/www.ovidiudragosargesanu.ro\/en\/wp-content\/uploads\/2018\/03\/dragos-logo-lotus-black-400.svg","contentUrl":"https:\/\/www.ovidiudragosargesanu.ro\/en\/wp-content\/uploads\/2018\/03\/dragos-logo-lotus-black-400.svg","width":300,"height":150,"caption":"Ovidiu Drago\u0219 Arge\u0219anu"},"image":{"@id":"https:\/\/www.ovidiudragosargesanu.ro\/en\/#\/schema\/logo\/image\/"}}]}},"_links":{"self":[{"href":"https:\/\/www.ovidiudragosargesanu.ro\/en\/wp-json\/wp\/v2\/product\/49052","targetHints":{"allow":["GET"]}}],"collection":[{"href":"https:\/\/www.ovidiudragosargesanu.ro\/en\/wp-json\/wp\/v2\/product"}],"about":[{"href":"https:\/\/www.ovidiudragosargesanu.ro\/en\/wp-json\/wp\/v2\/types\/product"}],"version-history":[{"count":3,"href":"https:\/\/www.ovidiudragosargesanu.ro\/en\/wp-json\/wp\/v2\/product\/49052\/revisions"}],"predecessor-version":[{"id":54506,"href":"https:\/\/www.ovidiudragosargesanu.ro\/en\/wp-json\/wp\/v2\/product\/49052\/revisions\/54506"}],"wp:featuredmedia":[{"embeddable":true,"href":"https:\/\/www.ovidiudragosargesanu.ro\/en\/wp-json\/wp\/v2\/media\/54510"}],"wp:attachment":[{"href":"https:\/\/www.ovidiudragosargesanu.ro\/en\/wp-json\/wp\/v2\/media?parent=49052"}],"wp:term":[{"taxonomy":"product_brand","embeddable":true,"href":"https:\/\/www.ovidiudragosargesanu.ro\/en\/wp-json\/wp\/v2\/product_brand?post=49052"},{"taxonomy":"product_cat","embeddable":true,"href":"https:\/\/www.ovidiudragosargesanu.ro\/en\/wp-json\/wp\/v2\/product_cat?post=49052"},{"taxonomy":"product_tag","embeddable":true,"href":"https:\/\/www.ovidiudragosargesanu.ro\/en\/wp-json\/wp\/v2\/product_tag?post=49052"}],"curies":[{"name":"wp","href":"https:\/\/api.w.org\/{rel}","templated":true}]}}