{"id":49536,"date":"2025-06-05T21:50:53","date_gmt":"2025-06-05T18:50:53","guid":{"rendered":"https:\/\/www.ovidiudragosargesanu.ro\/shop\/fara-categorie\/curs-despre-umbra-intrebari-si-raspunsuri-londra-acces-online\/"},"modified":"2025-07-23T00:07:23","modified_gmt":"2025-07-22T21:07:23","slug":"curs-despre-umbra-intrebari-si-raspunsuri-londra-acces-online","status":"publish","type":"product","link":"https:\/\/www.ovidiudragosargesanu.ro\/en\/shop\/cursuri-premium\/vindecarea-umbrei\/curs-despre-umbra-intrebari-si-raspunsuri-londra-acces-online\/","title":{"rendered":"Curs: Despre umbra. Intrebari si raspunsuri &#8211; Londra &#8211; acces online"},"content":{"rendered":"<p><b>Curs: Despre Umbr\u0103 \u2013 \u00centreb\u0103ri \u0219i R\u0103spunsuri &#8211; Londra, 28 iunie<\/b><\/p>\n<p><b>Te-ai \u00eentrebat vreodat\u0103 de ce repe\u021bi acelea\u0219i gre\u0219eli, atragi rela\u021bii toxice sau sim\u021bi un gol interior inexplicabil?<\/b><b><br \/>\n<\/b><span style=\"font-weight: 400;\"> Ai reac\u021bii emo\u021bionale puternice pe care nu le po\u021bi controla? G\u00e2nduri care te autosaboteaz\u0103? Sau frici care \u00ee\u021bi blocheaz\u0103 poten\u021bialul?<\/span><\/p>\n<p><span style=\"font-weight: 400;\">\u27a1\ufe0f <\/span><b>Atunci e timpul s\u0103 explorezi Umbra \u2013 partea aceea din tine care \u00ee\u021bi influen\u021beaz\u0103 via\u021ba \u00een moduri subtile, dar profunde.<\/b><\/p>\n<p><b>Ce este Umbra?<\/b><\/p>\n<p><span style=\"font-weight: 400;\">Umbra este partea incon\u0219tient\u0103 a fiin\u021bei tale, acele aspecte ale personalit\u0103\u021bii pe care ai fost \u00eenv\u0103\u021bat s\u0103 le respingi, s\u0103 le ignori sau s\u0103 le ascunzi. Poate fi format din frici, traume, dorin\u021be reprimate, emo\u021bii neexprimate sau aspecte pe care nu vrei s\u0103 le recuno\u0219ti despre tine.<\/span><\/p>\n<p><span style=\"font-weight: 400;\">\u00cenc\u0103 din copil\u0103rie, \u021bi-ai spus ce este \u201ebine\u201d \u0219i ce este \u201er\u0103u\u201d. Ai fost \u00eenv\u0103\u021bat s\u0103 te conformezi, s\u0103 ascunzi ceea ce nu era acceptat de ceilal\u021bi. Astfel, ai creat o masc\u0103 social\u0103, dar \u00een spatele ei, Umbra a crescut, devenind o for\u021b\u0103 nev\u0103zut\u0103 care s\u0103 influen\u021beze deciziile, emo\u021biile \u0219i rela\u021biile.<\/span><\/p>\n<p><span style=\"font-weight: 400;\">De\u0219i este ascuns\u0103, Umbra are un impact major asupra:<\/span><\/p>\n<ul>\n<li style=\"font-weight: 400;\" aria-level=\"1\"><span style=\"font-weight: 400;\">reac\u021biilor impulsive (furie, gelozie, frustrare),<\/span><\/li>\n<li style=\"font-weight: 400;\" aria-level=\"1\"><span style=\"font-weight: 400;\">autosabotajului \u00een fa\u021ba succesului,<\/span><\/li>\n<li style=\"font-weight: 400;\" aria-level=\"1\"><span style=\"font-weight: 400;\">atragerii de rela\u021bii dezechilibrate,<\/span><\/li>\n<li style=\"font-weight: 400;\" aria-level=\"1\"><span style=\"font-weight: 400;\">sentimentului de gol \u0219i nemul\u021bumire.<\/span><\/li>\n<\/ul>\n<p><b>Ce vei \u00eenv\u0103\u021ba \u00een acest curs?<\/b><\/p>\n<p><span style=\"font-weight: 400;\">\ud83d\udd0d Cum s\u0103 recuno\u0219ti manifest\u0103rile Umbrei \u00een via\u021ba ta<\/span><span style=\"font-weight: 400;\"><br \/>\n<\/span><span style=\"font-weight: 400;\"> \ud83e\udde0 De ce nu e\u0219ti \u201edefect\u201d, ci doar deconectat de anumite p\u0103r\u021bi din tine<\/span><span style=\"font-weight: 400;\"><br \/>\n<\/span><span style=\"font-weight: 400;\"> \ud83d\udee0 Tehnici practice pentru a integra \u0219i transforma Umbra \u00eentr-o <\/span><b>resurs\u0103 de putere interioar\u0103<\/b><b><br \/>\n<\/b><span style=\"font-weight: 400;\"> \ud83d\udcac Sesiune interactiv\u0103 de <\/span><b>\u00centreb\u0103ri \u0219i R\u0103spunsuri<\/b><span style=\"font-weight: 400;\"> \u2013 clarific\u0103ri aplicate pe situa\u021biile reale ale participan\u021bilor<\/span><\/p>\n<p><b>Cui se adreseaz\u0103 cursul?<\/b><\/p>\n<ul>\n<li style=\"font-weight: 400;\" aria-level=\"1\"><span style=\"font-weight: 400;\">Persoanelor aflate \u00eentr-un proces de autocunoa\u0219tere<\/span><\/li>\n<li style=\"font-weight: 400;\" aria-level=\"1\"><span style=\"font-weight: 400;\">Cei care doresc o perspectiv\u0103 profund\u0103 asupra psihicului uman<\/span><\/li>\n<li style=\"font-weight: 400;\" aria-level=\"1\"><span style=\"font-weight: 400;\">Oricui simte c\u0103 este blocat \u00een tipare repetitive \u0219i caut\u0103 eliberarea interioar\u0103<\/span><\/li>\n<\/ul>\n<p>&nbsp;<\/p>\n","protected":false},"excerpt":{"rendered":"<p><b>ACCES NELIMITAT!<\/b><\/p>\n<p><span style=\"font-weight: 400;\">\u00a0Te invit s\u0103 vizionezi cursul<\/span> <b>\u201eDespre umbr\u0103. \u00centreb\u0103ri \u0219i r\u0103spunsuri\u201d<\/b><span style=\"font-weight: 400;\">, pe care l-am sus\u021binut \u00een Londra, \u00een data de 28 iunie.<\/span><\/p>\n<p>&nbsp;<\/p>\n","protected":false},"featured_media":56810,"template":"","meta":{"inline_featured_image":false},"product_brand":[],"product_cat":[602,709],"product_tag":[],"class_list":{"0":"post-49536","1":"product","2":"type-product","3":"status-publish","4":"has-post-thumbnail","6":"product_cat-cursuri-premium","7":"product_cat-vindecarea-umbrei","9":"first","10":"instock","11":"virtual","12":"sold-individually","13":"taxable","14":"purchasable","15":"product-type-simple"},"yoast_head":"<!-- This site is optimized with the Yoast SEO plugin v26.9 - https:\/\/yoast.com\/product\/yoast-seo-wordpress\/ -->\n<title>Curs: Despre umbra. Intrebari si raspunsuri - Londra - acces online - Ovidiu Drago\u0219 Arge\u0219anu<\/title>\n<meta name=\"description\" content=\"\u00cen Londra \u0219i Live-Online pe Zoom | 28 Iunie 2025, ora 17:00 (ora UK), ora 19:00 (ora Rom\u00e2niei) Te-ai \u00eentrebat vreodat\u0103 de ce\" \/>\n<meta name=\"robots\" content=\"noindex, follow, max-snippet:-1, max-image-preview:large, max-video-preview:-1\" \/>\n<meta property=\"og:locale\" content=\"en_US\" \/>\n<meta property=\"og:type\" content=\"article\" \/>\n<meta property=\"og:title\" content=\"Curs: Despre umbra. Intrebari si raspunsuri - Londra - acces online - Ovidiu Drago\u0219 Arge\u0219anu\" \/>\n<meta property=\"og:description\" content=\"\u00cen Londra \u0219i Live-Online pe Zoom | 28 Iunie 2025, ora 17:00 (ora UK), ora 19:00 (ora Rom\u00e2niei) Te-ai \u00eentrebat vreodat\u0103 de ce\" \/>\n<meta property=\"og:url\" content=\"https:\/\/www.ovidiudragosargesanu.ro\/en\/shop\/cursuri-premium\/vindecarea-umbrei\/curs-despre-umbra-intrebari-si-raspunsuri-londra-acces-online\/\" \/>\n<meta property=\"og:site_name\" content=\"Ovidiu Drago\u0219 Arge\u0219anu\" \/>\n<meta property=\"article:modified_time\" content=\"2025-07-22T21:07:23+00:00\" \/>\n<meta property=\"og:image\" content=\"https:\/\/www.ovidiudragosargesanu.ro\/en\/wp-content\/uploads\/2025\/06\/Curs-umbra-Londra-grafica-premium-600-x-800-px.jpg\" \/>\n\t<meta property=\"og:image:width\" content=\"600\" \/>\n\t<meta property=\"og:image:height\" content=\"800\" \/>\n\t<meta property=\"og:image:type\" content=\"image\/jpeg\" \/>\n<meta name=\"twitter:card\" content=\"summary_large_image\" \/>\n<meta name=\"twitter:label1\" content=\"Est. reading time\" \/>\n\t<meta name=\"twitter:data1\" content=\"2 minutes\" \/>\n<script type=\"application\/ld+json\" class=\"yoast-schema-graph\">{\"@context\":\"https:\/\/schema.org\",\"@graph\":[{\"@type\":\"WebPage\",\"@id\":\"https:\/\/www.ovidiudragosargesanu.ro\/en\/shop\/cursuri-premium\/vindecarea-umbrei\/curs-despre-umbra-intrebari-si-raspunsuri-londra-acces-online\/\",\"url\":\"https:\/\/www.ovidiudragosargesanu.ro\/en\/shop\/cursuri-premium\/vindecarea-umbrei\/curs-despre-umbra-intrebari-si-raspunsuri-londra-acces-online\/\",\"name\":\"Curs: Despre umbra. Intrebari si raspunsuri - Londra - acces online - Ovidiu Drago\u0219 Arge\u0219anu\",\"isPartOf\":{\"@id\":\"https:\/\/www.ovidiudragosargesanu.ro\/en\/#website\"},\"primaryImageOfPage\":{\"@id\":\"https:\/\/www.ovidiudragosargesanu.ro\/en\/shop\/cursuri-premium\/vindecarea-umbrei\/curs-despre-umbra-intrebari-si-raspunsuri-londra-acces-online\/#primaryimage\"},\"image\":{\"@id\":\"https:\/\/www.ovidiudragosargesanu.ro\/en\/shop\/cursuri-premium\/vindecarea-umbrei\/curs-despre-umbra-intrebari-si-raspunsuri-londra-acces-online\/#primaryimage\"},\"thumbnailUrl\":\"https:\/\/www.ovidiudragosargesanu.ro\/en\/wp-content\/uploads\/2025\/06\/Curs-umbra-Londra-grafica-premium-600-x-800-px.jpg\",\"datePublished\":\"2025-06-05T18:50:53+00:00\",\"dateModified\":\"2025-07-22T21:07:23+00:00\",\"description\":\"\u00cen Londra \u0219i Live-Online pe Zoom | 28 Iunie 2025, ora 17:00 (ora UK), ora 19:00 (ora Rom\u00e2niei) Te-ai \u00eentrebat vreodat\u0103 de ce\",\"breadcrumb\":{\"@id\":\"https:\/\/www.ovidiudragosargesanu.ro\/en\/shop\/cursuri-premium\/vindecarea-umbrei\/curs-despre-umbra-intrebari-si-raspunsuri-londra-acces-online\/#breadcrumb\"},\"inLanguage\":\"en-US\",\"potentialAction\":[{\"@type\":\"ReadAction\",\"target\":[\"https:\/\/www.ovidiudragosargesanu.ro\/en\/shop\/cursuri-premium\/vindecarea-umbrei\/curs-despre-umbra-intrebari-si-raspunsuri-londra-acces-online\/\"]}]},{\"@type\":\"ImageObject\",\"inLanguage\":\"en-US\",\"@id\":\"https:\/\/www.ovidiudragosargesanu.ro\/en\/shop\/cursuri-premium\/vindecarea-umbrei\/curs-despre-umbra-intrebari-si-raspunsuri-londra-acces-online\/#primaryimage\",\"url\":\"https:\/\/www.ovidiudragosargesanu.ro\/en\/wp-content\/uploads\/2025\/06\/Curs-umbra-Londra-grafica-premium-600-x-800-px.jpg\",\"contentUrl\":\"https:\/\/www.ovidiudragosargesanu.ro\/en\/wp-content\/uploads\/2025\/06\/Curs-umbra-Londra-grafica-premium-600-x-800-px.jpg\",\"width\":600,\"height\":800},{\"@type\":\"BreadcrumbList\",\"@id\":\"https:\/\/www.ovidiudragosargesanu.ro\/en\/shop\/cursuri-premium\/vindecarea-umbrei\/curs-despre-umbra-intrebari-si-raspunsuri-londra-acces-online\/#breadcrumb\",\"itemListElement\":[{\"@type\":\"ListItem\",\"position\":1,\"name\":\"Prima pagin\u0103\",\"item\":\"https:\/\/www.ovidiudragosargesanu.ro\/en\/\"},{\"@type\":\"ListItem\",\"position\":2,\"name\":\"Shop\",\"item\":\"https:\/\/www.ovidiudragosargesanu.ro\/en\/shop\/\"},{\"@type\":\"ListItem\",\"position\":3,\"name\":\"Curs: Despre umbra. Intrebari si raspunsuri &#8211; Londra &#8211; acces online\"}]},{\"@type\":\"WebSite\",\"@id\":\"https:\/\/www.ovidiudragosargesanu.ro\/en\/#website\",\"url\":\"https:\/\/www.ovidiudragosargesanu.ro\/en\/\",\"name\":\"Ovidiu Drago\u0219 Arge\u0219anu\",\"description\":\"\",\"publisher\":{\"@id\":\"https:\/\/www.ovidiudragosargesanu.ro\/en\/#organization\"},\"potentialAction\":[{\"@type\":\"SearchAction\",\"target\":{\"@type\":\"EntryPoint\",\"urlTemplate\":\"https:\/\/www.ovidiudragosargesanu.ro\/en\/?s={search_term_string}\"},\"query-input\":{\"@type\":\"PropertyValueSpecification\",\"valueRequired\":true,\"valueName\":\"search_term_string\"}}],\"inLanguage\":\"en-US\"},{\"@type\":\"Organization\",\"@id\":\"https:\/\/www.ovidiudragosargesanu.ro\/en\/#organization\",\"name\":\"Ovidiu Drago\u0219 Arge\u0219anu\",\"url\":\"https:\/\/www.ovidiudragosargesanu.ro\/en\/\",\"logo\":{\"@type\":\"ImageObject\",\"inLanguage\":\"en-US\",\"@id\":\"https:\/\/www.ovidiudragosargesanu.ro\/en\/#\/schema\/logo\/image\/\",\"url\":\"https:\/\/www.ovidiudragosargesanu.ro\/en\/wp-content\/uploads\/2018\/03\/dragos-logo-lotus-black-400.svg\",\"contentUrl\":\"https:\/\/www.ovidiudragosargesanu.ro\/en\/wp-content\/uploads\/2018\/03\/dragos-logo-lotus-black-400.svg\",\"width\":300,\"height\":150,\"caption\":\"Ovidiu Drago\u0219 Arge\u0219anu\"},\"image\":{\"@id\":\"https:\/\/www.ovidiudragosargesanu.ro\/en\/#\/schema\/logo\/image\/\"}}]}<\/script>\n<!-- \/ Yoast SEO plugin. -->","yoast_head_json":{"title":"Curs: Despre umbra. Intrebari si raspunsuri - Londra - acces online - Ovidiu Drago\u0219 Arge\u0219anu","description":"\u00cen Londra \u0219i Live-Online pe Zoom | 28 Iunie 2025, ora 17:00 (ora UK), ora 19:00 (ora Rom\u00e2niei) Te-ai \u00eentrebat vreodat\u0103 de ce","robots":{"index":"noindex","follow":"follow","max-snippet":"max-snippet:-1","max-image-preview":"max-image-preview:large","max-video-preview":"max-video-preview:-1"},"og_locale":"en_US","og_type":"article","og_title":"Curs: Despre umbra. Intrebari si raspunsuri - Londra - acces online - Ovidiu Drago\u0219 Arge\u0219anu","og_description":"\u00cen Londra \u0219i Live-Online pe Zoom | 28 Iunie 2025, ora 17:00 (ora UK), ora 19:00 (ora Rom\u00e2niei) Te-ai \u00eentrebat vreodat\u0103 de ce","og_url":"https:\/\/www.ovidiudragosargesanu.ro\/en\/shop\/cursuri-premium\/vindecarea-umbrei\/curs-despre-umbra-intrebari-si-raspunsuri-londra-acces-online\/","og_site_name":"Ovidiu Drago\u0219 Arge\u0219anu","article_modified_time":"2025-07-22T21:07:23+00:00","og_image":[{"width":600,"height":800,"url":"https:\/\/www.ovidiudragosargesanu.ro\/en\/wp-content\/uploads\/2025\/06\/Curs-umbra-Londra-grafica-premium-600-x-800-px.jpg","type":"image\/jpeg"}],"twitter_card":"summary_large_image","twitter_misc":{"Est. reading time":"2 minutes"},"schema":{"@context":"https:\/\/schema.org","@graph":[{"@type":"WebPage","@id":"https:\/\/www.ovidiudragosargesanu.ro\/en\/shop\/cursuri-premium\/vindecarea-umbrei\/curs-despre-umbra-intrebari-si-raspunsuri-londra-acces-online\/","url":"https:\/\/www.ovidiudragosargesanu.ro\/en\/shop\/cursuri-premium\/vindecarea-umbrei\/curs-despre-umbra-intrebari-si-raspunsuri-londra-acces-online\/","name":"Curs: Despre umbra. Intrebari si raspunsuri - Londra - acces online - Ovidiu Drago\u0219 Arge\u0219anu","isPartOf":{"@id":"https:\/\/www.ovidiudragosargesanu.ro\/en\/#website"},"primaryImageOfPage":{"@id":"https:\/\/www.ovidiudragosargesanu.ro\/en\/shop\/cursuri-premium\/vindecarea-umbrei\/curs-despre-umbra-intrebari-si-raspunsuri-londra-acces-online\/#primaryimage"},"image":{"@id":"https:\/\/www.ovidiudragosargesanu.ro\/en\/shop\/cursuri-premium\/vindecarea-umbrei\/curs-despre-umbra-intrebari-si-raspunsuri-londra-acces-online\/#primaryimage"},"thumbnailUrl":"https:\/\/www.ovidiudragosargesanu.ro\/en\/wp-content\/uploads\/2025\/06\/Curs-umbra-Londra-grafica-premium-600-x-800-px.jpg","datePublished":"2025-06-05T18:50:53+00:00","dateModified":"2025-07-22T21:07:23+00:00","description":"\u00cen Londra \u0219i Live-Online pe Zoom | 28 Iunie 2025, ora 17:00 (ora UK), ora 19:00 (ora Rom\u00e2niei) Te-ai \u00eentrebat vreodat\u0103 de ce","breadcrumb":{"@id":"https:\/\/www.ovidiudragosargesanu.ro\/en\/shop\/cursuri-premium\/vindecarea-umbrei\/curs-despre-umbra-intrebari-si-raspunsuri-londra-acces-online\/#breadcrumb"},"inLanguage":"en-US","potentialAction":[{"@type":"ReadAction","target":["https:\/\/www.ovidiudragosargesanu.ro\/en\/shop\/cursuri-premium\/vindecarea-umbrei\/curs-despre-umbra-intrebari-si-raspunsuri-londra-acces-online\/"]}]},{"@type":"ImageObject","inLanguage":"en-US","@id":"https:\/\/www.ovidiudragosargesanu.ro\/en\/shop\/cursuri-premium\/vindecarea-umbrei\/curs-despre-umbra-intrebari-si-raspunsuri-londra-acces-online\/#primaryimage","url":"https:\/\/www.ovidiudragosargesanu.ro\/en\/wp-content\/uploads\/2025\/06\/Curs-umbra-Londra-grafica-premium-600-x-800-px.jpg","contentUrl":"https:\/\/www.ovidiudragosargesanu.ro\/en\/wp-content\/uploads\/2025\/06\/Curs-umbra-Londra-grafica-premium-600-x-800-px.jpg","width":600,"height":800},{"@type":"BreadcrumbList","@id":"https:\/\/www.ovidiudragosargesanu.ro\/en\/shop\/cursuri-premium\/vindecarea-umbrei\/curs-despre-umbra-intrebari-si-raspunsuri-londra-acces-online\/#breadcrumb","itemListElement":[{"@type":"ListItem","position":1,"name":"Prima pagin\u0103","item":"https:\/\/www.ovidiudragosargesanu.ro\/en\/"},{"@type":"ListItem","position":2,"name":"Shop","item":"https:\/\/www.ovidiudragosargesanu.ro\/en\/shop\/"},{"@type":"ListItem","position":3,"name":"Curs: Despre umbra. Intrebari si raspunsuri &#8211; Londra &#8211; acces online"}]},{"@type":"WebSite","@id":"https:\/\/www.ovidiudragosargesanu.ro\/en\/#website","url":"https:\/\/www.ovidiudragosargesanu.ro\/en\/","name":"Ovidiu Drago\u0219 Arge\u0219anu","description":"","publisher":{"@id":"https:\/\/www.ovidiudragosargesanu.ro\/en\/#organization"},"potentialAction":[{"@type":"SearchAction","target":{"@type":"EntryPoint","urlTemplate":"https:\/\/www.ovidiudragosargesanu.ro\/en\/?s={search_term_string}"},"query-input":{"@type":"PropertyValueSpecification","valueRequired":true,"valueName":"search_term_string"}}],"inLanguage":"en-US"},{"@type":"Organization","@id":"https:\/\/www.ovidiudragosargesanu.ro\/en\/#organization","name":"Ovidiu Drago\u0219 Arge\u0219anu","url":"https:\/\/www.ovidiudragosargesanu.ro\/en\/","logo":{"@type":"ImageObject","inLanguage":"en-US","@id":"https:\/\/www.ovidiudragosargesanu.ro\/en\/#\/schema\/logo\/image\/","url":"https:\/\/www.ovidiudragosargesanu.ro\/en\/wp-content\/uploads\/2018\/03\/dragos-logo-lotus-black-400.svg","contentUrl":"https:\/\/www.ovidiudragosargesanu.ro\/en\/wp-content\/uploads\/2018\/03\/dragos-logo-lotus-black-400.svg","width":300,"height":150,"caption":"Ovidiu Drago\u0219 Arge\u0219anu"},"image":{"@id":"https:\/\/www.ovidiudragosargesanu.ro\/en\/#\/schema\/logo\/image\/"}}]}},"_links":{"self":[{"href":"https:\/\/www.ovidiudragosargesanu.ro\/en\/wp-json\/wp\/v2\/product\/49536","targetHints":{"allow":["GET"]}}],"collection":[{"href":"https:\/\/www.ovidiudragosargesanu.ro\/en\/wp-json\/wp\/v2\/product"}],"about":[{"href":"https:\/\/www.ovidiudragosargesanu.ro\/en\/wp-json\/wp\/v2\/types\/product"}],"version-history":[{"count":5,"href":"https:\/\/www.ovidiudragosargesanu.ro\/en\/wp-json\/wp\/v2\/product\/49536\/revisions"}],"predecessor-version":[{"id":54212,"href":"https:\/\/www.ovidiudragosargesanu.ro\/en\/wp-json\/wp\/v2\/product\/49536\/revisions\/54212"}],"wp:featuredmedia":[{"embeddable":true,"href":"https:\/\/www.ovidiudragosargesanu.ro\/en\/wp-json\/wp\/v2\/media\/56810"}],"wp:attachment":[{"href":"https:\/\/www.ovidiudragosargesanu.ro\/en\/wp-json\/wp\/v2\/media?parent=49536"}],"wp:term":[{"taxonomy":"product_brand","embeddable":true,"href":"https:\/\/www.ovidiudragosargesanu.ro\/en\/wp-json\/wp\/v2\/product_brand?post=49536"},{"taxonomy":"product_cat","embeddable":true,"href":"https:\/\/www.ovidiudragosargesanu.ro\/en\/wp-json\/wp\/v2\/product_cat?post=49536"},{"taxonomy":"product_tag","embeddable":true,"href":"https:\/\/www.ovidiudragosargesanu.ro\/en\/wp-json\/wp\/v2\/product_tag?post=49536"}],"curies":[{"name":"wp","href":"https:\/\/api.w.org\/{rel}","templated":true}]}}