{"id":49557,"date":"2025-06-05T22:08:39","date_gmt":"2025-06-05T19:08:39","guid":{"rendered":"https:\/\/www.ovidiudragosargesanu.ro\/shop\/fara-categorie\/curs-despre-suflet-intrebari-si-raspunsuri-londra-acces-online\/"},"modified":"2025-07-23T00:08:19","modified_gmt":"2025-07-22T21:08:19","slug":"curs-despre-suflet-intrebari-si-raspunsuri-londra-acces-online","status":"publish","type":"product","link":"https:\/\/www.ovidiudragosargesanu.ro\/en\/shop\/cursuri-premium\/entitati-cursuri-premium\/curs-despre-suflet-intrebari-si-raspunsuri-londra-acces-online\/","title":{"rendered":"Curs Despre suflet. Intrebari si raspunsuri &#8211; Londra &#8211; acces online"},"content":{"rendered":"<p><b>Curs Esen\u021bial: Despre Suflet \u2013 \u00centreb\u0103ri \u0219i R\u0103spunsuri &#8211; Londra &#8211; 29 iunie<\/b><\/p>\n<p><span style=\"font-weight: 400;\">\u27a1\ufe0f <\/span><b>Poate c\u0103 a venit timpul s\u0103 \u00ee\u021bi ascul\u021bi Sufletul!<\/b><\/p>\n<p><b>Sim\u021bi c\u0103 lipse\u0219te ceva din via\u021ba ta, de\u0219i \u201eai tot ce trebuie\u201d?<\/b><b><br \/>\n<\/b><span style=\"font-weight: 400;\"> Te confrun\u021bi cu o oboseal\u0103 sufleteasc\u0103 inexplicabil\u0103, anxietate sau o triste\u021be profund\u0103 care nu pare s\u0103 dispar\u0103?<\/span><\/p>\n<p><b>Ce este sufletul \u0219i de ce conteaz\u0103 at\u00e2t de mult?<\/b><\/p>\n<p><span style=\"font-weight: 400;\">Sufletul este nucleul fiin\u021bei tale \u2013 sursa energiei, intui\u021biei, iubirii \u0219i sensului profund.<\/span><span style=\"font-weight: 400;\"><br \/>\n<\/span><span style=\"font-weight: 400;\"> Este mai mult dec\u00e2t un concept spiritual: este ceea ce \u00ee\u021bi d\u0103 via\u021b\u0103 cu adev\u0103rat.<\/span><\/p>\n<p><span style=\"font-weight: 400;\">Atunci c\u00e2nd sufletul este uitat, r\u0103nit sau dezechilibrat:<\/span><\/p>\n<ul>\n<li style=\"font-weight: 400;\" aria-level=\"1\"><span style=\"font-weight: 400;\">te sim\u021bi gol \u0219i lipsit de direc\u021bie,<\/span><\/li>\n<li style=\"font-weight: 400;\" aria-level=\"1\"><span style=\"font-weight: 400;\">apar st\u0103ri de confuzie, apatie sau suferin\u021b\u0103 emo\u021bional\u0103,<\/span><\/li>\n<li style=\"font-weight: 400;\" aria-level=\"1\"><span style=\"font-weight: 400;\">pierzi conexiunea cu cine e\u0219ti cu adev\u0103rat.<\/span><\/li>\n<\/ul>\n<p><b>Ce vei descoperi \u00een acest curs?<\/b><\/p>\n<p><span style=\"font-weight: 400;\">\ud83d\udcab Cum recuno\u0219ti semnele unui suflet obosit, r\u0103nit sau fragmentat<\/span><span style=\"font-weight: 400;\"><br \/>\n<\/span><span style=\"font-weight: 400;\"> \ud83d\udee0 Metode de reconectare, vindecare \u0219i \u00eent\u0103rire a sufletului<\/span><span style=\"font-weight: 400;\"><br \/>\n<\/span><span style=\"font-weight: 400;\"> \ud83d\udca1 Cum \u00ee\u021bi influen\u021beaz\u0103 sufletul alegerile, rela\u021biile \u0219i calitatea vie\u021bii<\/span><span style=\"font-weight: 400;\"><br \/>\n<\/span><span style=\"font-weight: 400;\"> \ud83d\udcac Sesiune interactiv\u0103 de <\/span><b>\u00centreb\u0103ri \u0219i R\u0103spunsuri<\/b><span style=\"font-weight: 400;\">, cu exemple aplicate<\/span><\/p>\n<p><b>Beneficiile particip\u0103rii:<\/b><\/p>\n<p><span style=\"font-weight: 400;\">\u2728 Claritate interioar\u0103 \u0219i sens<\/span><span style=\"font-weight: 400;\"><br \/>\n<\/span><span style=\"font-weight: 400;\"> \u2728 Reconectare cu adev\u0103rata ta esen\u021b\u0103<\/span><span style=\"font-weight: 400;\"><br \/>\n<\/span><span style=\"font-weight: 400;\"> \u2728 Mai mult\u0103 iubire de sine, echilibru \u0219i vitalitate<\/span><span style=\"font-weight: 400;\"><br \/>\n<\/span><span style=\"font-weight: 400;\"> \u2728 Instrumente practice pentru a tr\u0103i \u00een acord cu sufletul t\u0103u<\/span><\/p>\n<p>&nbsp;<\/p>\n","protected":false},"excerpt":{"rendered":"<p><b>ACCES NELIMITAT!<\/b><\/p>\n<p><span style=\"font-weight: 400;\">\u00a0Te invit s\u0103 vizionezi cursul meu<\/span> <b>\u201eDespre suflet. \u00centreb\u0103ri \u0219i r\u0103spunsuri\u201d<\/b><span style=\"font-weight: 400;\">, pe care l-am sus\u021binut \u00een Londra, \u00een data de 29 iunie.<\/span><\/p>\n","protected":false},"featured_media":56811,"template":"","meta":{"inline_featured_image":false},"product_brand":[],"product_cat":[602,734],"product_tag":[],"class_list":{"0":"post-49557","1":"product","2":"type-product","3":"status-publish","4":"has-post-thumbnail","6":"product_cat-cursuri-premium","7":"product_cat-entitati-cursuri-premium","9":"first","10":"instock","11":"virtual","12":"sold-individually","13":"taxable","14":"purchasable","15":"product-type-simple"},"yoast_head":"<!-- This site is optimized with the Yoast SEO plugin v26.9 - https:\/\/yoast.com\/product\/yoast-seo-wordpress\/ -->\n<title>Curs Despre suflet. Intrebari si raspunsuri - Londra - acces online - Ovidiu Drago\u0219 Arge\u0219anu<\/title>\n<meta name=\"description\" content=\"Ne vedem la Londra sau Live-Online pe Zoom | 29 Iunie 2025, ora 17:00 (ora UK), ora 19:00 (ora Rom\u00e2niei) sa discutam ce este de fapt sufletul \u0219i de ce\" \/>\n<meta name=\"robots\" content=\"noindex, follow, max-snippet:-1, max-image-preview:large, max-video-preview:-1\" \/>\n<meta property=\"og:locale\" content=\"en_US\" \/>\n<meta property=\"og:type\" content=\"article\" \/>\n<meta property=\"og:title\" content=\"Curs Despre suflet. Intrebari si raspunsuri - Londra - acces online - Ovidiu Drago\u0219 Arge\u0219anu\" \/>\n<meta property=\"og:description\" content=\"Ne vedem la Londra sau Live-Online pe Zoom | 29 Iunie 2025, ora 17:00 (ora UK), ora 19:00 (ora Rom\u00e2niei) sa discutam ce este de fapt sufletul \u0219i de ce\" \/>\n<meta property=\"og:url\" content=\"https:\/\/www.ovidiudragosargesanu.ro\/en\/shop\/cursuri-premium\/entitati-cursuri-premium\/curs-despre-suflet-intrebari-si-raspunsuri-londra-acces-online\/\" \/>\n<meta property=\"og:site_name\" content=\"Ovidiu Drago\u0219 Arge\u0219anu\" \/>\n<meta property=\"article:modified_time\" content=\"2025-07-22T21:08:19+00:00\" \/>\n<meta property=\"og:image\" content=\"https:\/\/www.ovidiudragosargesanu.ro\/en\/wp-content\/uploads\/2025\/06\/Curs-suflet-Londra-grafica-premium-600-x-800-px.jpg\" \/>\n\t<meta property=\"og:image:width\" content=\"600\" \/>\n\t<meta property=\"og:image:height\" content=\"800\" \/>\n\t<meta property=\"og:image:type\" content=\"image\/jpeg\" \/>\n<meta name=\"twitter:card\" content=\"summary_large_image\" \/>\n<meta name=\"twitter:label1\" content=\"Est. reading time\" \/>\n\t<meta name=\"twitter:data1\" content=\"2 minutes\" \/>\n<script type=\"application\/ld+json\" class=\"yoast-schema-graph\">{\"@context\":\"https:\/\/schema.org\",\"@graph\":[{\"@type\":\"WebPage\",\"@id\":\"https:\/\/www.ovidiudragosargesanu.ro\/en\/shop\/cursuri-premium\/entitati-cursuri-premium\/curs-despre-suflet-intrebari-si-raspunsuri-londra-acces-online\/\",\"url\":\"https:\/\/www.ovidiudragosargesanu.ro\/en\/shop\/cursuri-premium\/entitati-cursuri-premium\/curs-despre-suflet-intrebari-si-raspunsuri-londra-acces-online\/\",\"name\":\"Curs Despre suflet. Intrebari si raspunsuri - Londra - acces online - Ovidiu Drago\u0219 Arge\u0219anu\",\"isPartOf\":{\"@id\":\"https:\/\/www.ovidiudragosargesanu.ro\/en\/#website\"},\"primaryImageOfPage\":{\"@id\":\"https:\/\/www.ovidiudragosargesanu.ro\/en\/shop\/cursuri-premium\/entitati-cursuri-premium\/curs-despre-suflet-intrebari-si-raspunsuri-londra-acces-online\/#primaryimage\"},\"image\":{\"@id\":\"https:\/\/www.ovidiudragosargesanu.ro\/en\/shop\/cursuri-premium\/entitati-cursuri-premium\/curs-despre-suflet-intrebari-si-raspunsuri-londra-acces-online\/#primaryimage\"},\"thumbnailUrl\":\"https:\/\/www.ovidiudragosargesanu.ro\/en\/wp-content\/uploads\/2025\/06\/Curs-suflet-Londra-grafica-premium-600-x-800-px.jpg\",\"datePublished\":\"2025-06-05T19:08:39+00:00\",\"dateModified\":\"2025-07-22T21:08:19+00:00\",\"description\":\"Ne vedem la Londra sau Live-Online pe Zoom | 29 Iunie 2025, ora 17:00 (ora UK), ora 19:00 (ora Rom\u00e2niei) sa discutam ce este de fapt sufletul \u0219i de ce\",\"breadcrumb\":{\"@id\":\"https:\/\/www.ovidiudragosargesanu.ro\/en\/shop\/cursuri-premium\/entitati-cursuri-premium\/curs-despre-suflet-intrebari-si-raspunsuri-londra-acces-online\/#breadcrumb\"},\"inLanguage\":\"en-US\",\"potentialAction\":[{\"@type\":\"ReadAction\",\"target\":[\"https:\/\/www.ovidiudragosargesanu.ro\/en\/shop\/cursuri-premium\/entitati-cursuri-premium\/curs-despre-suflet-intrebari-si-raspunsuri-londra-acces-online\/\"]}]},{\"@type\":\"ImageObject\",\"inLanguage\":\"en-US\",\"@id\":\"https:\/\/www.ovidiudragosargesanu.ro\/en\/shop\/cursuri-premium\/entitati-cursuri-premium\/curs-despre-suflet-intrebari-si-raspunsuri-londra-acces-online\/#primaryimage\",\"url\":\"https:\/\/www.ovidiudragosargesanu.ro\/en\/wp-content\/uploads\/2025\/06\/Curs-suflet-Londra-grafica-premium-600-x-800-px.jpg\",\"contentUrl\":\"https:\/\/www.ovidiudragosargesanu.ro\/en\/wp-content\/uploads\/2025\/06\/Curs-suflet-Londra-grafica-premium-600-x-800-px.jpg\",\"width\":600,\"height\":800},{\"@type\":\"BreadcrumbList\",\"@id\":\"https:\/\/www.ovidiudragosargesanu.ro\/en\/shop\/cursuri-premium\/entitati-cursuri-premium\/curs-despre-suflet-intrebari-si-raspunsuri-londra-acces-online\/#breadcrumb\",\"itemListElement\":[{\"@type\":\"ListItem\",\"position\":1,\"name\":\"Prima pagin\u0103\",\"item\":\"https:\/\/www.ovidiudragosargesanu.ro\/en\/\"},{\"@type\":\"ListItem\",\"position\":2,\"name\":\"Shop\",\"item\":\"https:\/\/www.ovidiudragosargesanu.ro\/en\/shop\/\"},{\"@type\":\"ListItem\",\"position\":3,\"name\":\"Curs Despre suflet. Intrebari si raspunsuri &#8211; Londra &#8211; acces online\"}]},{\"@type\":\"WebSite\",\"@id\":\"https:\/\/www.ovidiudragosargesanu.ro\/en\/#website\",\"url\":\"https:\/\/www.ovidiudragosargesanu.ro\/en\/\",\"name\":\"Ovidiu Drago\u0219 Arge\u0219anu\",\"description\":\"\",\"publisher\":{\"@id\":\"https:\/\/www.ovidiudragosargesanu.ro\/en\/#organization\"},\"potentialAction\":[{\"@type\":\"SearchAction\",\"target\":{\"@type\":\"EntryPoint\",\"urlTemplate\":\"https:\/\/www.ovidiudragosargesanu.ro\/en\/?s={search_term_string}\"},\"query-input\":{\"@type\":\"PropertyValueSpecification\",\"valueRequired\":true,\"valueName\":\"search_term_string\"}}],\"inLanguage\":\"en-US\"},{\"@type\":\"Organization\",\"@id\":\"https:\/\/www.ovidiudragosargesanu.ro\/en\/#organization\",\"name\":\"Ovidiu Drago\u0219 Arge\u0219anu\",\"url\":\"https:\/\/www.ovidiudragosargesanu.ro\/en\/\",\"logo\":{\"@type\":\"ImageObject\",\"inLanguage\":\"en-US\",\"@id\":\"https:\/\/www.ovidiudragosargesanu.ro\/en\/#\/schema\/logo\/image\/\",\"url\":\"https:\/\/www.ovidiudragosargesanu.ro\/en\/wp-content\/uploads\/2018\/03\/dragos-logo-lotus-black-400.svg\",\"contentUrl\":\"https:\/\/www.ovidiudragosargesanu.ro\/en\/wp-content\/uploads\/2018\/03\/dragos-logo-lotus-black-400.svg\",\"width\":300,\"height\":150,\"caption\":\"Ovidiu Drago\u0219 Arge\u0219anu\"},\"image\":{\"@id\":\"https:\/\/www.ovidiudragosargesanu.ro\/en\/#\/schema\/logo\/image\/\"}}]}<\/script>\n<!-- \/ Yoast SEO plugin. -->","yoast_head_json":{"title":"Curs Despre suflet. Intrebari si raspunsuri - Londra - acces online - Ovidiu Drago\u0219 Arge\u0219anu","description":"Ne vedem la Londra sau Live-Online pe Zoom | 29 Iunie 2025, ora 17:00 (ora UK), ora 19:00 (ora Rom\u00e2niei) sa discutam ce este de fapt sufletul \u0219i de ce","robots":{"index":"noindex","follow":"follow","max-snippet":"max-snippet:-1","max-image-preview":"max-image-preview:large","max-video-preview":"max-video-preview:-1"},"og_locale":"en_US","og_type":"article","og_title":"Curs Despre suflet. Intrebari si raspunsuri - Londra - acces online - Ovidiu Drago\u0219 Arge\u0219anu","og_description":"Ne vedem la Londra sau Live-Online pe Zoom | 29 Iunie 2025, ora 17:00 (ora UK), ora 19:00 (ora Rom\u00e2niei) sa discutam ce este de fapt sufletul \u0219i de ce","og_url":"https:\/\/www.ovidiudragosargesanu.ro\/en\/shop\/cursuri-premium\/entitati-cursuri-premium\/curs-despre-suflet-intrebari-si-raspunsuri-londra-acces-online\/","og_site_name":"Ovidiu Drago\u0219 Arge\u0219anu","article_modified_time":"2025-07-22T21:08:19+00:00","og_image":[{"width":600,"height":800,"url":"https:\/\/www.ovidiudragosargesanu.ro\/en\/wp-content\/uploads\/2025\/06\/Curs-suflet-Londra-grafica-premium-600-x-800-px.jpg","type":"image\/jpeg"}],"twitter_card":"summary_large_image","twitter_misc":{"Est. reading time":"2 minutes"},"schema":{"@context":"https:\/\/schema.org","@graph":[{"@type":"WebPage","@id":"https:\/\/www.ovidiudragosargesanu.ro\/en\/shop\/cursuri-premium\/entitati-cursuri-premium\/curs-despre-suflet-intrebari-si-raspunsuri-londra-acces-online\/","url":"https:\/\/www.ovidiudragosargesanu.ro\/en\/shop\/cursuri-premium\/entitati-cursuri-premium\/curs-despre-suflet-intrebari-si-raspunsuri-londra-acces-online\/","name":"Curs Despre suflet. Intrebari si raspunsuri - Londra - acces online - Ovidiu Drago\u0219 Arge\u0219anu","isPartOf":{"@id":"https:\/\/www.ovidiudragosargesanu.ro\/en\/#website"},"primaryImageOfPage":{"@id":"https:\/\/www.ovidiudragosargesanu.ro\/en\/shop\/cursuri-premium\/entitati-cursuri-premium\/curs-despre-suflet-intrebari-si-raspunsuri-londra-acces-online\/#primaryimage"},"image":{"@id":"https:\/\/www.ovidiudragosargesanu.ro\/en\/shop\/cursuri-premium\/entitati-cursuri-premium\/curs-despre-suflet-intrebari-si-raspunsuri-londra-acces-online\/#primaryimage"},"thumbnailUrl":"https:\/\/www.ovidiudragosargesanu.ro\/en\/wp-content\/uploads\/2025\/06\/Curs-suflet-Londra-grafica-premium-600-x-800-px.jpg","datePublished":"2025-06-05T19:08:39+00:00","dateModified":"2025-07-22T21:08:19+00:00","description":"Ne vedem la Londra sau Live-Online pe Zoom | 29 Iunie 2025, ora 17:00 (ora UK), ora 19:00 (ora Rom\u00e2niei) sa discutam ce este de fapt sufletul \u0219i de ce","breadcrumb":{"@id":"https:\/\/www.ovidiudragosargesanu.ro\/en\/shop\/cursuri-premium\/entitati-cursuri-premium\/curs-despre-suflet-intrebari-si-raspunsuri-londra-acces-online\/#breadcrumb"},"inLanguage":"en-US","potentialAction":[{"@type":"ReadAction","target":["https:\/\/www.ovidiudragosargesanu.ro\/en\/shop\/cursuri-premium\/entitati-cursuri-premium\/curs-despre-suflet-intrebari-si-raspunsuri-londra-acces-online\/"]}]},{"@type":"ImageObject","inLanguage":"en-US","@id":"https:\/\/www.ovidiudragosargesanu.ro\/en\/shop\/cursuri-premium\/entitati-cursuri-premium\/curs-despre-suflet-intrebari-si-raspunsuri-londra-acces-online\/#primaryimage","url":"https:\/\/www.ovidiudragosargesanu.ro\/en\/wp-content\/uploads\/2025\/06\/Curs-suflet-Londra-grafica-premium-600-x-800-px.jpg","contentUrl":"https:\/\/www.ovidiudragosargesanu.ro\/en\/wp-content\/uploads\/2025\/06\/Curs-suflet-Londra-grafica-premium-600-x-800-px.jpg","width":600,"height":800},{"@type":"BreadcrumbList","@id":"https:\/\/www.ovidiudragosargesanu.ro\/en\/shop\/cursuri-premium\/entitati-cursuri-premium\/curs-despre-suflet-intrebari-si-raspunsuri-londra-acces-online\/#breadcrumb","itemListElement":[{"@type":"ListItem","position":1,"name":"Prima pagin\u0103","item":"https:\/\/www.ovidiudragosargesanu.ro\/en\/"},{"@type":"ListItem","position":2,"name":"Shop","item":"https:\/\/www.ovidiudragosargesanu.ro\/en\/shop\/"},{"@type":"ListItem","position":3,"name":"Curs Despre suflet. Intrebari si raspunsuri &#8211; Londra &#8211; acces online"}]},{"@type":"WebSite","@id":"https:\/\/www.ovidiudragosargesanu.ro\/en\/#website","url":"https:\/\/www.ovidiudragosargesanu.ro\/en\/","name":"Ovidiu Drago\u0219 Arge\u0219anu","description":"","publisher":{"@id":"https:\/\/www.ovidiudragosargesanu.ro\/en\/#organization"},"potentialAction":[{"@type":"SearchAction","target":{"@type":"EntryPoint","urlTemplate":"https:\/\/www.ovidiudragosargesanu.ro\/en\/?s={search_term_string}"},"query-input":{"@type":"PropertyValueSpecification","valueRequired":true,"valueName":"search_term_string"}}],"inLanguage":"en-US"},{"@type":"Organization","@id":"https:\/\/www.ovidiudragosargesanu.ro\/en\/#organization","name":"Ovidiu Drago\u0219 Arge\u0219anu","url":"https:\/\/www.ovidiudragosargesanu.ro\/en\/","logo":{"@type":"ImageObject","inLanguage":"en-US","@id":"https:\/\/www.ovidiudragosargesanu.ro\/en\/#\/schema\/logo\/image\/","url":"https:\/\/www.ovidiudragosargesanu.ro\/en\/wp-content\/uploads\/2018\/03\/dragos-logo-lotus-black-400.svg","contentUrl":"https:\/\/www.ovidiudragosargesanu.ro\/en\/wp-content\/uploads\/2018\/03\/dragos-logo-lotus-black-400.svg","width":300,"height":150,"caption":"Ovidiu Drago\u0219 Arge\u0219anu"},"image":{"@id":"https:\/\/www.ovidiudragosargesanu.ro\/en\/#\/schema\/logo\/image\/"}}]}},"_links":{"self":[{"href":"https:\/\/www.ovidiudragosargesanu.ro\/en\/wp-json\/wp\/v2\/product\/49557","targetHints":{"allow":["GET"]}}],"collection":[{"href":"https:\/\/www.ovidiudragosargesanu.ro\/en\/wp-json\/wp\/v2\/product"}],"about":[{"href":"https:\/\/www.ovidiudragosargesanu.ro\/en\/wp-json\/wp\/v2\/types\/product"}],"version-history":[{"count":6,"href":"https:\/\/www.ovidiudragosargesanu.ro\/en\/wp-json\/wp\/v2\/product\/49557\/revisions"}],"predecessor-version":[{"id":54333,"href":"https:\/\/www.ovidiudragosargesanu.ro\/en\/wp-json\/wp\/v2\/product\/49557\/revisions\/54333"}],"wp:featuredmedia":[{"embeddable":true,"href":"https:\/\/www.ovidiudragosargesanu.ro\/en\/wp-json\/wp\/v2\/media\/56811"}],"wp:attachment":[{"href":"https:\/\/www.ovidiudragosargesanu.ro\/en\/wp-json\/wp\/v2\/media?parent=49557"}],"wp:term":[{"taxonomy":"product_brand","embeddable":true,"href":"https:\/\/www.ovidiudragosargesanu.ro\/en\/wp-json\/wp\/v2\/product_brand?post=49557"},{"taxonomy":"product_cat","embeddable":true,"href":"https:\/\/www.ovidiudragosargesanu.ro\/en\/wp-json\/wp\/v2\/product_cat?post=49557"},{"taxonomy":"product_tag","embeddable":true,"href":"https:\/\/www.ovidiudragosargesanu.ro\/en\/wp-json\/wp\/v2\/product_tag?post=49557"}],"curies":[{"name":"wp","href":"https:\/\/api.w.org\/{rel}","templated":true}]}}