{"id":51108,"date":"2025-06-10T14:09:11","date_gmt":"2025-06-10T11:09:11","guid":{"rendered":"https:\/\/www.ovidiudragosargesanu.ro\/shop\/fara-categorie\/seminar-reiki-usui-grad-1-brasov-acces-online\/"},"modified":"2025-09-19T18:26:29","modified_gmt":"2025-09-19T15:26:29","slug":"seminar-reiki-usui-grad-1-brasov-acces-online","status":"publish","type":"product","link":"https:\/\/www.ovidiudragosargesanu.ro\/en\/shop\/cursuri-premium\/reiki-cursuri-premium\/seminar-reiki-usui-grad-1-brasov-acces-online\/","title":{"rendered":"Seminar Reiki Usui grad 1 &#8211; Brasov &#8211; acces online"},"content":{"rendered":"<p><b>Seminar Practic REIKI USUI grad 1 \u2013 18 iunie<\/b><\/p>\n<p><span style=\"font-weight: 400;\">Te invit s\u0103 vizionezi <\/span><b>Seminarul Reiki Usui grad 1<\/b><span style=\"font-weight: 400;\">, un seminar <\/span><b>PRACTIC <\/b><span style=\"font-weight: 400;\">ce a avut loc \u00een <\/span><b>Bra\u0219ov<\/b><span style=\"font-weight: 400;\">, pe data de 18 iunie.<\/span><\/p>\n<p><b>Teme atinse:<\/b><\/p>\n<p><span style=\"font-weight: 400;\">* Autotratamentul pentru \u00eencep\u0103tori &#8211; cum cum se folose\u0219te autotratamentul :<\/span><\/p>\n<ul>\n<li><span style=\"font-weight: 400;\">&#8211; pentru Karma personal\u0103; pentru karma de neam;<\/span><\/li>\n<li><span style=\"font-weight: 400;\">&#8211; pentru vindecarea traumelor emo\u021bionale;<\/span><\/li>\n<li><span style=\"font-weight: 400;\">&#8211; pentru vindecarea Umbrei;\u00a0<\/span><\/li>\n<li><span style=\"font-weight: 400;\">&#8211; pentru eliminarea blocajelor;\u00a0<\/span><\/li>\n<li><span style=\"font-weight: 400;\">&#8211; pentru cur\u0103\u021barea sufletului;<\/span><\/li>\n<li><span style=\"font-weight: 400;\">&#8211; pentru sublimarea energiei negative;<\/span><\/li>\n<li><span style=\"font-weight: 400;\">&#8211; pentru sublimarea \u00eentunericului \u00een lumin\u0103;<\/span><\/li>\n<li><span style=\"font-weight: 400;\">&#8211; pentru personalit\u0103\u021bile paterne \u0219i materne;<\/span><\/li>\n<\/ul>\n<p><span style=\"font-weight: 400;\">* Autotratamentul \u0219i meridianele energetice pentru armonizarea energiei;<\/span><\/p>\n<p><span style=\"font-weight: 400;\">* Autotratamentul \u0219i neuro\u0219tiin\u021bele;<\/span><\/p>\n<p><span style=\"font-weight: 400;\">* Neuroplasticitatea Reiki \u0219i Chakrele;<\/span><\/p>\n<p><span style=\"font-weight: 400;\">* Autotratamentul rapid &#8211; chakrele 2 \u0219i 6 \u0219i aflarea r\u0103spunsurilor;<\/span><\/p>\n<p><span style=\"font-weight: 400;\">* Autotratamentul \u0219i supracon\u0219tiin\u021ba;<\/span><\/p>\n<p><span style=\"font-weight: 400;\">* Autotratamentul \u0219i cre\u0219terea \u00eengerului p\u0103zitor\u00a0<\/span><\/p>\n<p><span style=\"font-weight: 400;\">* Autotratamentul \u0219i vindecarea organelor;\u00a0<\/span><\/p>\n<p><span style=\"font-weight: 400;\">* Autotratamentul: qigong-ul \u0219i z\u00e2mbetul \u00een interior;<\/span><\/p>\n<p><span style=\"font-weight: 400;\">* Autotratamentul \u0219i unirea dantienelor &#8211; centrele de punere;\u00a0<\/span><\/p>\n<p><span style=\"font-weight: 400;\">* Autotratamentul \u0219i utilizarea raportului yin-yang;<\/span><\/p>\n<p><span style=\"font-weight: 400;\">* Autotratamentul \u0219i cur\u0103\u021barea \u0219i energizarea alimentelor \u0219i a apei;<\/span><\/p>\n<p><span style=\"font-weight: 400;\">* Preg\u0103tirea \u00eenc\u0103perii pentru autotratament: be\u021bi\u0219oare parfumate; t\u0103m\u00e2ie; smirn\u0103; salvie, palo santo etc.;\u00a0<\/span><\/p>\n<p><span style=\"font-weight: 400;\">* Poten\u021barea gradului 1 Reiki cu ajutorul aromoterapiei, aghiazm\u0103, mir, t\u0103m\u00e2ie etc<\/span><\/p>\n<p><span style=\"font-weight: 400;\">* Autotratamentul \u0219i meloterapia; ozonoterapia;<\/span><\/p>\n<p><span style=\"font-weight: 400;\">* Autotratamentul \u0219i cur\u0103\u021barea cristalelor ;<\/span><\/p>\n<p><span style=\"font-weight: 400;\">* Vizualizarea, rug\u0103ciunea, poten\u021barea \u0219i manifestarea \u00een Reiki;<\/span><\/p>\n<p><span style=\"font-weight: 400;\">* Cum s\u0103 fac terapia Reiki pentru cealalt\u0103 persoan\u0103; <\/span><span style=\"font-weight: 400;\">terapia pe plante \u0219i animale;<\/span><\/p>\n<p><span style=\"font-weight: 400;\">* Ini\u021bierea pe gradul 1 \u0219i arhanghelii &#8211; t\u0103ierile din Reiki sunt de fapt t\u0103ierile cu sabia de lumin\u0103;<\/span><\/p>\n<p><span style=\"font-weight: 400;\">* Reiki gradul 1 \u0219i excursiile: ce po\u021bi sa faci?<\/span><\/p>\n<p>&nbsp;<\/p>\n<p>&nbsp;<\/p>\n","protected":false},"excerpt":{"rendered":"<p><b>ACCES NELIMITAT!<\/b><\/p>\n<p><b>Seminar Practic REIKI USUI grad 1,<\/b><span style=\"font-weight: 400;\"> sus\u021binut pe 18 iunie, \u00een Bra\u0219ov.<\/span><\/p>\n<p>&nbsp;<\/p>\n<p>&nbsp;<\/p>\n","protected":false},"featured_media":62943,"template":"","meta":{"inline_featured_image":false},"product_brand":[],"product_cat":[602,711],"product_tag":[],"class_list":{"0":"post-51108","1":"product","2":"type-product","3":"status-publish","4":"has-post-thumbnail","6":"product_cat-cursuri-premium","7":"product_cat-reiki-cursuri-premium","9":"first","10":"instock","11":"virtual","12":"sold-individually","13":"taxable","14":"purchasable","15":"product-type-simple"},"yoast_head":"<!-- This site is optimized with the Yoast SEO plugin v26.9 - https:\/\/yoast.com\/product\/yoast-seo-wordpress\/ -->\n<title>Seminar Reiki Usui grad 1 - Brasov - acces online - Ovidiu Drago\u0219 Arge\u0219anu<\/title>\n<meta name=\"description\" content=\"Te invit la Seminarul Reiki Usui grad 1, un seminar PRACTIC ce va avea loc \u00een Bra\u0219ov, pe data de 18.06.2025, \u00eencep\u00e2nd cu ora 17:30. Po\u021bi participa\" \/>\n<meta name=\"robots\" content=\"noindex, follow, max-snippet:-1, max-image-preview:large, max-video-preview:-1\" \/>\n<meta property=\"og:locale\" content=\"en_US\" \/>\n<meta property=\"og:type\" content=\"article\" \/>\n<meta property=\"og:title\" content=\"Seminar Reiki Usui grad 1 - Brasov - acces online - Ovidiu Drago\u0219 Arge\u0219anu\" \/>\n<meta property=\"og:description\" content=\"Te invit la Seminarul Reiki Usui grad 1, un seminar PRACTIC ce va avea loc \u00een Bra\u0219ov, pe data de 18.06.2025, \u00eencep\u00e2nd cu ora 17:30. Po\u021bi participa\" \/>\n<meta property=\"og:url\" content=\"https:\/\/www.ovidiudragosargesanu.ro\/en\/shop\/cursuri-premium\/reiki-cursuri-premium\/seminar-reiki-usui-grad-1-brasov-acces-online\/\" \/>\n<meta property=\"og:site_name\" content=\"Ovidiu Drago\u0219 Arge\u0219anu\" \/>\n<meta property=\"article:modified_time\" content=\"2025-09-19T15:26:29+00:00\" \/>\n<meta property=\"og:image\" content=\"https:\/\/www.ovidiudragosargesanu.ro\/en\/wp-content\/uploads\/2025\/09\/Curs-premium-Seminar-Reiki-grad-1-1080x566-1.jpg\" \/>\n\t<meta property=\"og:image:width\" content=\"1080\" \/>\n\t<meta property=\"og:image:height\" content=\"566\" \/>\n\t<meta property=\"og:image:type\" content=\"image\/jpeg\" \/>\n<meta name=\"twitter:card\" content=\"summary_large_image\" \/>\n<meta name=\"twitter:label1\" content=\"Est. reading time\" \/>\n\t<meta name=\"twitter:data1\" content=\"2 minutes\" \/>\n<script type=\"application\/ld+json\" class=\"yoast-schema-graph\">{\"@context\":\"https:\/\/schema.org\",\"@graph\":[{\"@type\":\"WebPage\",\"@id\":\"https:\/\/www.ovidiudragosargesanu.ro\/en\/shop\/cursuri-premium\/reiki-cursuri-premium\/seminar-reiki-usui-grad-1-brasov-acces-online\/\",\"url\":\"https:\/\/www.ovidiudragosargesanu.ro\/en\/shop\/cursuri-premium\/reiki-cursuri-premium\/seminar-reiki-usui-grad-1-brasov-acces-online\/\",\"name\":\"Seminar Reiki Usui grad 1 - Brasov - acces online - Ovidiu Drago\u0219 Arge\u0219anu\",\"isPartOf\":{\"@id\":\"https:\/\/www.ovidiudragosargesanu.ro\/en\/#website\"},\"primaryImageOfPage\":{\"@id\":\"https:\/\/www.ovidiudragosargesanu.ro\/en\/shop\/cursuri-premium\/reiki-cursuri-premium\/seminar-reiki-usui-grad-1-brasov-acces-online\/#primaryimage\"},\"image\":{\"@id\":\"https:\/\/www.ovidiudragosargesanu.ro\/en\/shop\/cursuri-premium\/reiki-cursuri-premium\/seminar-reiki-usui-grad-1-brasov-acces-online\/#primaryimage\"},\"thumbnailUrl\":\"https:\/\/www.ovidiudragosargesanu.ro\/en\/wp-content\/uploads\/2025\/09\/Curs-premium-Seminar-Reiki-grad-1-1080x566-1.jpg\",\"datePublished\":\"2025-06-10T11:09:11+00:00\",\"dateModified\":\"2025-09-19T15:26:29+00:00\",\"description\":\"Te invit la Seminarul Reiki Usui grad 1, un seminar PRACTIC ce va avea loc \u00een Bra\u0219ov, pe data de 18.06.2025, \u00eencep\u00e2nd cu ora 17:30. Po\u021bi participa\",\"breadcrumb\":{\"@id\":\"https:\/\/www.ovidiudragosargesanu.ro\/en\/shop\/cursuri-premium\/reiki-cursuri-premium\/seminar-reiki-usui-grad-1-brasov-acces-online\/#breadcrumb\"},\"inLanguage\":\"en-US\",\"potentialAction\":[{\"@type\":\"ReadAction\",\"target\":[\"https:\/\/www.ovidiudragosargesanu.ro\/en\/shop\/cursuri-premium\/reiki-cursuri-premium\/seminar-reiki-usui-grad-1-brasov-acces-online\/\"]}]},{\"@type\":\"ImageObject\",\"inLanguage\":\"en-US\",\"@id\":\"https:\/\/www.ovidiudragosargesanu.ro\/en\/shop\/cursuri-premium\/reiki-cursuri-premium\/seminar-reiki-usui-grad-1-brasov-acces-online\/#primaryimage\",\"url\":\"https:\/\/www.ovidiudragosargesanu.ro\/en\/wp-content\/uploads\/2025\/09\/Curs-premium-Seminar-Reiki-grad-1-1080x566-1.jpg\",\"contentUrl\":\"https:\/\/www.ovidiudragosargesanu.ro\/en\/wp-content\/uploads\/2025\/09\/Curs-premium-Seminar-Reiki-grad-1-1080x566-1.jpg\",\"width\":1080,\"height\":566,\"caption\":\"Curs premium Seminar Reiki grad 1 1080x566\"},{\"@type\":\"BreadcrumbList\",\"@id\":\"https:\/\/www.ovidiudragosargesanu.ro\/en\/shop\/cursuri-premium\/reiki-cursuri-premium\/seminar-reiki-usui-grad-1-brasov-acces-online\/#breadcrumb\",\"itemListElement\":[{\"@type\":\"ListItem\",\"position\":1,\"name\":\"Prima pagin\u0103\",\"item\":\"https:\/\/www.ovidiudragosargesanu.ro\/en\/\"},{\"@type\":\"ListItem\",\"position\":2,\"name\":\"Shop\",\"item\":\"https:\/\/www.ovidiudragosargesanu.ro\/en\/shop\/\"},{\"@type\":\"ListItem\",\"position\":3,\"name\":\"Seminar Reiki Usui grad 1 &#8211; Brasov &#8211; acces online\"}]},{\"@type\":\"WebSite\",\"@id\":\"https:\/\/www.ovidiudragosargesanu.ro\/en\/#website\",\"url\":\"https:\/\/www.ovidiudragosargesanu.ro\/en\/\",\"name\":\"Ovidiu Drago\u0219 Arge\u0219anu\",\"description\":\"\",\"publisher\":{\"@id\":\"https:\/\/www.ovidiudragosargesanu.ro\/en\/#organization\"},\"potentialAction\":[{\"@type\":\"SearchAction\",\"target\":{\"@type\":\"EntryPoint\",\"urlTemplate\":\"https:\/\/www.ovidiudragosargesanu.ro\/en\/?s={search_term_string}\"},\"query-input\":{\"@type\":\"PropertyValueSpecification\",\"valueRequired\":true,\"valueName\":\"search_term_string\"}}],\"inLanguage\":\"en-US\"},{\"@type\":\"Organization\",\"@id\":\"https:\/\/www.ovidiudragosargesanu.ro\/en\/#organization\",\"name\":\"Ovidiu Drago\u0219 Arge\u0219anu\",\"url\":\"https:\/\/www.ovidiudragosargesanu.ro\/en\/\",\"logo\":{\"@type\":\"ImageObject\",\"inLanguage\":\"en-US\",\"@id\":\"https:\/\/www.ovidiudragosargesanu.ro\/en\/#\/schema\/logo\/image\/\",\"url\":\"https:\/\/www.ovidiudragosargesanu.ro\/en\/wp-content\/uploads\/2018\/03\/dragos-logo-lotus-black-400.svg\",\"contentUrl\":\"https:\/\/www.ovidiudragosargesanu.ro\/en\/wp-content\/uploads\/2018\/03\/dragos-logo-lotus-black-400.svg\",\"width\":300,\"height\":150,\"caption\":\"Ovidiu Drago\u0219 Arge\u0219anu\"},\"image\":{\"@id\":\"https:\/\/www.ovidiudragosargesanu.ro\/en\/#\/schema\/logo\/image\/\"}}]}<\/script>\n<!-- \/ Yoast SEO plugin. -->","yoast_head_json":{"title":"Seminar Reiki Usui grad 1 - Brasov - acces online - Ovidiu Drago\u0219 Arge\u0219anu","description":"Te invit la Seminarul Reiki Usui grad 1, un seminar PRACTIC ce va avea loc \u00een Bra\u0219ov, pe data de 18.06.2025, \u00eencep\u00e2nd cu ora 17:30. Po\u021bi participa","robots":{"index":"noindex","follow":"follow","max-snippet":"max-snippet:-1","max-image-preview":"max-image-preview:large","max-video-preview":"max-video-preview:-1"},"og_locale":"en_US","og_type":"article","og_title":"Seminar Reiki Usui grad 1 - Brasov - acces online - Ovidiu Drago\u0219 Arge\u0219anu","og_description":"Te invit la Seminarul Reiki Usui grad 1, un seminar PRACTIC ce va avea loc \u00een Bra\u0219ov, pe data de 18.06.2025, \u00eencep\u00e2nd cu ora 17:30. Po\u021bi participa","og_url":"https:\/\/www.ovidiudragosargesanu.ro\/en\/shop\/cursuri-premium\/reiki-cursuri-premium\/seminar-reiki-usui-grad-1-brasov-acces-online\/","og_site_name":"Ovidiu Drago\u0219 Arge\u0219anu","article_modified_time":"2025-09-19T15:26:29+00:00","og_image":[{"width":1080,"height":566,"url":"https:\/\/www.ovidiudragosargesanu.ro\/en\/wp-content\/uploads\/2025\/09\/Curs-premium-Seminar-Reiki-grad-1-1080x566-1.jpg","type":"image\/jpeg"}],"twitter_card":"summary_large_image","twitter_misc":{"Est. reading time":"2 minutes"},"schema":{"@context":"https:\/\/schema.org","@graph":[{"@type":"WebPage","@id":"https:\/\/www.ovidiudragosargesanu.ro\/en\/shop\/cursuri-premium\/reiki-cursuri-premium\/seminar-reiki-usui-grad-1-brasov-acces-online\/","url":"https:\/\/www.ovidiudragosargesanu.ro\/en\/shop\/cursuri-premium\/reiki-cursuri-premium\/seminar-reiki-usui-grad-1-brasov-acces-online\/","name":"Seminar Reiki Usui grad 1 - Brasov - acces online - Ovidiu Drago\u0219 Arge\u0219anu","isPartOf":{"@id":"https:\/\/www.ovidiudragosargesanu.ro\/en\/#website"},"primaryImageOfPage":{"@id":"https:\/\/www.ovidiudragosargesanu.ro\/en\/shop\/cursuri-premium\/reiki-cursuri-premium\/seminar-reiki-usui-grad-1-brasov-acces-online\/#primaryimage"},"image":{"@id":"https:\/\/www.ovidiudragosargesanu.ro\/en\/shop\/cursuri-premium\/reiki-cursuri-premium\/seminar-reiki-usui-grad-1-brasov-acces-online\/#primaryimage"},"thumbnailUrl":"https:\/\/www.ovidiudragosargesanu.ro\/en\/wp-content\/uploads\/2025\/09\/Curs-premium-Seminar-Reiki-grad-1-1080x566-1.jpg","datePublished":"2025-06-10T11:09:11+00:00","dateModified":"2025-09-19T15:26:29+00:00","description":"Te invit la Seminarul Reiki Usui grad 1, un seminar PRACTIC ce va avea loc \u00een Bra\u0219ov, pe data de 18.06.2025, \u00eencep\u00e2nd cu ora 17:30. Po\u021bi participa","breadcrumb":{"@id":"https:\/\/www.ovidiudragosargesanu.ro\/en\/shop\/cursuri-premium\/reiki-cursuri-premium\/seminar-reiki-usui-grad-1-brasov-acces-online\/#breadcrumb"},"inLanguage":"en-US","potentialAction":[{"@type":"ReadAction","target":["https:\/\/www.ovidiudragosargesanu.ro\/en\/shop\/cursuri-premium\/reiki-cursuri-premium\/seminar-reiki-usui-grad-1-brasov-acces-online\/"]}]},{"@type":"ImageObject","inLanguage":"en-US","@id":"https:\/\/www.ovidiudragosargesanu.ro\/en\/shop\/cursuri-premium\/reiki-cursuri-premium\/seminar-reiki-usui-grad-1-brasov-acces-online\/#primaryimage","url":"https:\/\/www.ovidiudragosargesanu.ro\/en\/wp-content\/uploads\/2025\/09\/Curs-premium-Seminar-Reiki-grad-1-1080x566-1.jpg","contentUrl":"https:\/\/www.ovidiudragosargesanu.ro\/en\/wp-content\/uploads\/2025\/09\/Curs-premium-Seminar-Reiki-grad-1-1080x566-1.jpg","width":1080,"height":566,"caption":"Curs premium Seminar Reiki grad 1 1080x566"},{"@type":"BreadcrumbList","@id":"https:\/\/www.ovidiudragosargesanu.ro\/en\/shop\/cursuri-premium\/reiki-cursuri-premium\/seminar-reiki-usui-grad-1-brasov-acces-online\/#breadcrumb","itemListElement":[{"@type":"ListItem","position":1,"name":"Prima pagin\u0103","item":"https:\/\/www.ovidiudragosargesanu.ro\/en\/"},{"@type":"ListItem","position":2,"name":"Shop","item":"https:\/\/www.ovidiudragosargesanu.ro\/en\/shop\/"},{"@type":"ListItem","position":3,"name":"Seminar Reiki Usui grad 1 &#8211; Brasov &#8211; acces online"}]},{"@type":"WebSite","@id":"https:\/\/www.ovidiudragosargesanu.ro\/en\/#website","url":"https:\/\/www.ovidiudragosargesanu.ro\/en\/","name":"Ovidiu Drago\u0219 Arge\u0219anu","description":"","publisher":{"@id":"https:\/\/www.ovidiudragosargesanu.ro\/en\/#organization"},"potentialAction":[{"@type":"SearchAction","target":{"@type":"EntryPoint","urlTemplate":"https:\/\/www.ovidiudragosargesanu.ro\/en\/?s={search_term_string}"},"query-input":{"@type":"PropertyValueSpecification","valueRequired":true,"valueName":"search_term_string"}}],"inLanguage":"en-US"},{"@type":"Organization","@id":"https:\/\/www.ovidiudragosargesanu.ro\/en\/#organization","name":"Ovidiu Drago\u0219 Arge\u0219anu","url":"https:\/\/www.ovidiudragosargesanu.ro\/en\/","logo":{"@type":"ImageObject","inLanguage":"en-US","@id":"https:\/\/www.ovidiudragosargesanu.ro\/en\/#\/schema\/logo\/image\/","url":"https:\/\/www.ovidiudragosargesanu.ro\/en\/wp-content\/uploads\/2018\/03\/dragos-logo-lotus-black-400.svg","contentUrl":"https:\/\/www.ovidiudragosargesanu.ro\/en\/wp-content\/uploads\/2018\/03\/dragos-logo-lotus-black-400.svg","width":300,"height":150,"caption":"Ovidiu Drago\u0219 Arge\u0219anu"},"image":{"@id":"https:\/\/www.ovidiudragosargesanu.ro\/en\/#\/schema\/logo\/image\/"}}]}},"_links":{"self":[{"href":"https:\/\/www.ovidiudragosargesanu.ro\/en\/wp-json\/wp\/v2\/product\/51108","targetHints":{"allow":["GET"]}}],"collection":[{"href":"https:\/\/www.ovidiudragosargesanu.ro\/en\/wp-json\/wp\/v2\/product"}],"about":[{"href":"https:\/\/www.ovidiudragosargesanu.ro\/en\/wp-json\/wp\/v2\/types\/product"}],"version-history":[{"count":7,"href":"https:\/\/www.ovidiudragosargesanu.ro\/en\/wp-json\/wp\/v2\/product\/51108\/revisions"}],"predecessor-version":[{"id":52997,"href":"https:\/\/www.ovidiudragosargesanu.ro\/en\/wp-json\/wp\/v2\/product\/51108\/revisions\/52997"}],"wp:featuredmedia":[{"embeddable":true,"href":"https:\/\/www.ovidiudragosargesanu.ro\/en\/wp-json\/wp\/v2\/media\/62943"}],"wp:attachment":[{"href":"https:\/\/www.ovidiudragosargesanu.ro\/en\/wp-json\/wp\/v2\/media?parent=51108"}],"wp:term":[{"taxonomy":"product_brand","embeddable":true,"href":"https:\/\/www.ovidiudragosargesanu.ro\/en\/wp-json\/wp\/v2\/product_brand?post=51108"},{"taxonomy":"product_cat","embeddable":true,"href":"https:\/\/www.ovidiudragosargesanu.ro\/en\/wp-json\/wp\/v2\/product_cat?post=51108"},{"taxonomy":"product_tag","embeddable":true,"href":"https:\/\/www.ovidiudragosargesanu.ro\/en\/wp-json\/wp\/v2\/product_tag?post=51108"}],"curies":[{"name":"wp","href":"https:\/\/api.w.org\/{rel}","templated":true}]}}