{"id":5309,"date":"2024-01-26T21:56:20","date_gmt":"2024-01-26T19:56:20","guid":{"rendered":"https:\/\/www.ovidiudragosargesanu.ro\/?post_type=product&#038;p=5309"},"modified":"2024-11-11T16:06:19","modified_gmt":"2024-11-11T14:06:19","slug":"pachetul-psi-i","status":"publish","type":"product","link":"https:\/\/www.ovidiudragosargesanu.ro\/en\/shop\/carti\/oferte-speciale\/pachetul-psi-i\/","title":{"rendered":"Pachetul PSI I"},"content":{"rendered":"<p>Atacul PSI \u00eentre \u0219tiin\u021b\u0103 \u0219i magie aduce dovezile \u0219tiin\u021bifice care sus\u021bin puterea neb\u0103nuit\u0103 a psihicului \u0219i, din p\u0103cate, posibilitatea folosirii lui pentru atacarea, manipularea \u0219i distrugerea altor oameni. Este un avertisment serios asupra folosirii nera\u021bionale a cunoa\u0219terii ezoterice \u0219i de con\u0219tientizare a necesit\u0103\u021bii ca aceast\u0103 for\u021b\u0103 s\u0103 fie controlat\u0103 cumva. Autorul se declar\u0103 doar un reporter care descrie, este adev\u0103rat &#8211; din perspectiva unui Maestru Reiki, un fenomen PSI ce a c\u0103p\u0103tat caracter de mas\u0103. De multe ori devenim prea plini de propriile noastre cuno\u0219tin\u021be \u0219i puteri, \u0219i atunci Dumnezeu ne \u00eeng\u0103duie s\u0103 fim lovi\u021bi de cineva, ca s\u0103 mergem mai departe. Prin tot ceea ce ni se \u00eent\u00e2mpl\u0103, care de multe ori ni se pare ceva r\u0103u, nu facem dec\u00e2t s\u0103 \u00eenv\u0103\u021b\u0103m \u0219i s\u0103 ne descoperim propriile limite \u0219i s\u0103 le dep\u0103\u0219im. Despre aceste tehnici \u0219i limite este vorba \u00een Arta r\u0103zboiului PSI. Lumea a \u00eennebunit \u0219i suntem victimele atacurilor PSI la orice pas. Ca s\u0103 prevenim atacurile sau s\u0103 repar\u0103m psihicul afectat, este necesar s\u0103 \u0219tim cum sunt acestea alc\u0103tuite \u0219i cum func\u021bioneaz\u0103. Toate armele din astral \u0219i cum s\u0103 ne protej\u0103m de ele, \u00een Arta r\u0103zboiului PSI &#8211; Protec\u021bia. Kombat Ki este calea cea mai potrivit\u0103 de evolu\u021bie pentru r\u0103zboinicii luminii. Ceea ce-l cre\u0219te este lupta PSI, antrenamentul zilnic. Este nevoie ca acest antrenament s\u0103 se fac\u0103 \u00een echip\u0103. Pe principiul artelor mar\u021biale. Unul dintre combatan\u021bi este Tori, iar cel\u0103lalt Uke. Mai exact, unul atac\u0103 \u0219i altul r\u0103spunde atacului prin tehnici de ap\u0103rare sau contraatac\u0103. Dincolo de terapie este educa\u021bia spiritual\u0103 a unui om. Ini\u021bial credeam c\u0103 cel mai important lucru este s\u0103 se vindece un om. Apoi am \u00een\u021beles c\u0103 este mai important s\u0103 se schimbe, s\u0103 devin\u0103 mai bun pentru c\u0103 dac\u0103 nu se \u00eent\u00e2mpl\u0103 a\u0219a va bubui pe alt\u0103 parte. Adic\u0103 se va \u00eemboln\u0103vi din nou. \u0218i am \u00een\u021beles c\u0103 este mai important\u0103 evolu\u021bia spiritual\u0103 \u00een perspectiva vindec\u0103rii. Vindecarea sinelui duce, \u00een perspectiv\u0103, la vindecarea trupului. Iar vindecarea sinelui este o art\u0103, pe care o ve\u021bi g\u0103si prezentat\u0103 \u00een Arta terapiei PSI.<\/p>\n","protected":false},"excerpt":{"rendered":"\n<table id=\"tablepress-58\" class=\"tablepress tablepress-id-58\">\n<tbody class=\"row-striping row-hover\">\n<tr class=\"row-1\">\n\t<td class=\"column-1\">SKU<\/td><td class=\"column-2\">Promo PSI<\/td>\n<\/tr>\n<tr class=\"row-2\">\n\t<td class=\"column-1\">Editura<\/td><td class=\"column-2\">PRO DAO<\/td>\n<\/tr>\n<tr class=\"row-3\">\n\t<td class=\"column-1\">ISBN<\/td><td class=\"column-2\">978-606-9721-04-9, 978-606-92732-2-7, 978-606-92997-3-9, 978-606-92732-7-2, 978-606-92732-6-5<\/td>\n<\/tr>\n<tr class=\"row-4\">\n\t<td class=\"column-1\">AUTOR<\/td><td class=\"column-2\">Ovidiu Dragos Argesanu<\/td>\n<\/tr>\n<\/tbody>\n<\/table>\n<!-- #tablepress-58 from cache -->\n<p>Descoper\u0103 ce \u00eenseamn\u0103 puterea neb\u0103nuit\u0103 a psihicului. Folose\u0219te aceast\u0103 putere \u00een sprijinul evolu\u021biei tale. Pachetul include Atacul PSI, Arta r\u0103zboiului PSI, Arta r\u0103zboiului PSI &#8211; Protec\u021bia, Arta terapiei PSI &#8211; din practica terapeutic\u0103 \u0219i Kombat Ki, c\u0103r\u021bi ce reveleaz\u0103 energia \u0219i puterea for\u021bei mentale.<\/p>\n","protected":false},"featured_media":5313,"template":"","meta":{"inline_featured_image":false},"product_brand":[],"product_cat":[527,730],"product_tag":[],"class_list":{"0":"post-5309","1":"product","2":"type-product","3":"status-publish","4":"has-post-thumbnail","6":"product_cat-carti","7":"product_cat-oferte-speciale","9":"first","10":"instock","11":"taxable","12":"shipping-taxable","13":"purchasable","14":"product-type-simple"},"yoast_head":"<!-- This site is optimized with the Yoast SEO plugin v26.9 - https:\/\/yoast.com\/product\/yoast-seo-wordpress\/ -->\n<title>Pachetul PSI I - Ovidiu Drago\u0219 Arge\u0219anu<\/title>\n<meta name=\"robots\" content=\"noindex, follow, max-snippet:-1, max-image-preview:large, max-video-preview:-1\" \/>\n<meta property=\"og:locale\" content=\"en_US\" \/>\n<meta property=\"og:type\" content=\"article\" \/>\n<meta property=\"og:title\" content=\"Pachetul PSI I - Ovidiu Drago\u0219 Arge\u0219anu\" \/>\n<meta property=\"og:description\" content=\"Descoper\u0103 ce \u00eenseamn\u0103 puterea neb\u0103nuit\u0103 a psihicului. Folose\u0219te aceast\u0103 putere \u00een sprijinul evolu\u021biei tale. Pachetul include Atacul PSI, Arta r\u0103zboiului PSI, Arta r\u0103zboiului PSI - Protec\u021bia, Arta terapiei PSI - din practica terapeutic\u0103 \u0219i Kombat Ki, c\u0103r\u021bi ce reveleaz\u0103 energia \u0219i puterea for\u021bei mentale.\" \/>\n<meta property=\"og:url\" content=\"https:\/\/www.ovidiudragosargesanu.ro\/en\/shop\/carti\/oferte-speciale\/pachetul-psi-i\/\" \/>\n<meta property=\"og:site_name\" content=\"Ovidiu Drago\u0219 Arge\u0219anu\" \/>\n<meta property=\"article:modified_time\" content=\"2024-11-11T14:06:19+00:00\" \/>\n<meta property=\"og:image\" content=\"https:\/\/www.ovidiudragosargesanu.ro\/en\/wp-content\/uploads\/2024\/01\/pachetul-psi-i1104.webp\" \/>\n\t<meta property=\"og:image:width\" content=\"444\" \/>\n\t<meta property=\"og:image:height\" content=\"680\" \/>\n\t<meta property=\"og:image:type\" content=\"image\/webp\" \/>\n<meta name=\"twitter:card\" content=\"summary_large_image\" \/>\n<meta name=\"twitter:label1\" content=\"Est. reading time\" \/>\n\t<meta name=\"twitter:data1\" content=\"3 minutes\" \/>\n<script type=\"application\/ld+json\" class=\"yoast-schema-graph\">{\"@context\":\"https:\/\/schema.org\",\"@graph\":[{\"@type\":\"WebPage\",\"@id\":\"https:\/\/www.ovidiudragosargesanu.ro\/en\/shop\/carti\/oferte-speciale\/pachetul-psi-i\/\",\"url\":\"https:\/\/www.ovidiudragosargesanu.ro\/en\/shop\/carti\/oferte-speciale\/pachetul-psi-i\/\",\"name\":\"Pachetul PSI I - Ovidiu Drago\u0219 Arge\u0219anu\",\"isPartOf\":{\"@id\":\"https:\/\/www.ovidiudragosargesanu.ro\/en\/#website\"},\"primaryImageOfPage\":{\"@id\":\"https:\/\/www.ovidiudragosargesanu.ro\/en\/shop\/carti\/oferte-speciale\/pachetul-psi-i\/#primaryimage\"},\"image\":{\"@id\":\"https:\/\/www.ovidiudragosargesanu.ro\/en\/shop\/carti\/oferte-speciale\/pachetul-psi-i\/#primaryimage\"},\"thumbnailUrl\":\"https:\/\/www.ovidiudragosargesanu.ro\/en\/wp-content\/uploads\/2024\/01\/pachetul-psi-i1104.webp\",\"datePublished\":\"2024-01-26T19:56:20+00:00\",\"dateModified\":\"2024-11-11T14:06:19+00:00\",\"breadcrumb\":{\"@id\":\"https:\/\/www.ovidiudragosargesanu.ro\/en\/shop\/carti\/oferte-speciale\/pachetul-psi-i\/#breadcrumb\"},\"inLanguage\":\"en-US\",\"potentialAction\":[{\"@type\":\"ReadAction\",\"target\":[\"https:\/\/www.ovidiudragosargesanu.ro\/en\/shop\/carti\/oferte-speciale\/pachetul-psi-i\/\"]}]},{\"@type\":\"ImageObject\",\"inLanguage\":\"en-US\",\"@id\":\"https:\/\/www.ovidiudragosargesanu.ro\/en\/shop\/carti\/oferte-speciale\/pachetul-psi-i\/#primaryimage\",\"url\":\"https:\/\/www.ovidiudragosargesanu.ro\/en\/wp-content\/uploads\/2024\/01\/pachetul-psi-i1104.webp\",\"contentUrl\":\"https:\/\/www.ovidiudragosargesanu.ro\/en\/wp-content\/uploads\/2024\/01\/pachetul-psi-i1104.webp\",\"width\":444,\"height\":680},{\"@type\":\"BreadcrumbList\",\"@id\":\"https:\/\/www.ovidiudragosargesanu.ro\/en\/shop\/carti\/oferte-speciale\/pachetul-psi-i\/#breadcrumb\",\"itemListElement\":[{\"@type\":\"ListItem\",\"position\":1,\"name\":\"Prima pagin\u0103\",\"item\":\"https:\/\/www.ovidiudragosargesanu.ro\/en\/\"},{\"@type\":\"ListItem\",\"position\":2,\"name\":\"Shop\",\"item\":\"https:\/\/www.ovidiudragosargesanu.ro\/en\/shop\/\"},{\"@type\":\"ListItem\",\"position\":3,\"name\":\"Pachetul PSI I\"}]},{\"@type\":\"WebSite\",\"@id\":\"https:\/\/www.ovidiudragosargesanu.ro\/en\/#website\",\"url\":\"https:\/\/www.ovidiudragosargesanu.ro\/en\/\",\"name\":\"Ovidiu Drago\u0219 Arge\u0219anu\",\"description\":\"\",\"publisher\":{\"@id\":\"https:\/\/www.ovidiudragosargesanu.ro\/en\/#organization\"},\"potentialAction\":[{\"@type\":\"SearchAction\",\"target\":{\"@type\":\"EntryPoint\",\"urlTemplate\":\"https:\/\/www.ovidiudragosargesanu.ro\/en\/?s={search_term_string}\"},\"query-input\":{\"@type\":\"PropertyValueSpecification\",\"valueRequired\":true,\"valueName\":\"search_term_string\"}}],\"inLanguage\":\"en-US\"},{\"@type\":\"Organization\",\"@id\":\"https:\/\/www.ovidiudragosargesanu.ro\/en\/#organization\",\"name\":\"Ovidiu Drago\u0219 Arge\u0219anu\",\"url\":\"https:\/\/www.ovidiudragosargesanu.ro\/en\/\",\"logo\":{\"@type\":\"ImageObject\",\"inLanguage\":\"en-US\",\"@id\":\"https:\/\/www.ovidiudragosargesanu.ro\/en\/#\/schema\/logo\/image\/\",\"url\":\"https:\/\/www.ovidiudragosargesanu.ro\/en\/wp-content\/uploads\/2018\/03\/dragos-logo-lotus-black-400.svg\",\"contentUrl\":\"https:\/\/www.ovidiudragosargesanu.ro\/en\/wp-content\/uploads\/2018\/03\/dragos-logo-lotus-black-400.svg\",\"width\":300,\"height\":150,\"caption\":\"Ovidiu Drago\u0219 Arge\u0219anu\"},\"image\":{\"@id\":\"https:\/\/www.ovidiudragosargesanu.ro\/en\/#\/schema\/logo\/image\/\"}}]}<\/script>\n<!-- \/ Yoast SEO plugin. -->","yoast_head_json":{"title":"Pachetul PSI I - Ovidiu Drago\u0219 Arge\u0219anu","robots":{"index":"noindex","follow":"follow","max-snippet":"max-snippet:-1","max-image-preview":"max-image-preview:large","max-video-preview":"max-video-preview:-1"},"og_locale":"en_US","og_type":"article","og_title":"Pachetul PSI I - Ovidiu Drago\u0219 Arge\u0219anu","og_description":"Descoper\u0103 ce \u00eenseamn\u0103 puterea neb\u0103nuit\u0103 a psihicului. Folose\u0219te aceast\u0103 putere \u00een sprijinul evolu\u021biei tale. Pachetul include Atacul PSI, Arta r\u0103zboiului PSI, Arta r\u0103zboiului PSI - Protec\u021bia, Arta terapiei PSI - din practica terapeutic\u0103 \u0219i Kombat Ki, c\u0103r\u021bi ce reveleaz\u0103 energia \u0219i puterea for\u021bei mentale.","og_url":"https:\/\/www.ovidiudragosargesanu.ro\/en\/shop\/carti\/oferte-speciale\/pachetul-psi-i\/","og_site_name":"Ovidiu Drago\u0219 Arge\u0219anu","article_modified_time":"2024-11-11T14:06:19+00:00","og_image":[{"width":444,"height":680,"url":"https:\/\/www.ovidiudragosargesanu.ro\/en\/wp-content\/uploads\/2024\/01\/pachetul-psi-i1104.webp","type":"image\/webp"}],"twitter_card":"summary_large_image","twitter_misc":{"Est. reading time":"3 minutes"},"schema":{"@context":"https:\/\/schema.org","@graph":[{"@type":"WebPage","@id":"https:\/\/www.ovidiudragosargesanu.ro\/en\/shop\/carti\/oferte-speciale\/pachetul-psi-i\/","url":"https:\/\/www.ovidiudragosargesanu.ro\/en\/shop\/carti\/oferte-speciale\/pachetul-psi-i\/","name":"Pachetul PSI I - Ovidiu Drago\u0219 Arge\u0219anu","isPartOf":{"@id":"https:\/\/www.ovidiudragosargesanu.ro\/en\/#website"},"primaryImageOfPage":{"@id":"https:\/\/www.ovidiudragosargesanu.ro\/en\/shop\/carti\/oferte-speciale\/pachetul-psi-i\/#primaryimage"},"image":{"@id":"https:\/\/www.ovidiudragosargesanu.ro\/en\/shop\/carti\/oferte-speciale\/pachetul-psi-i\/#primaryimage"},"thumbnailUrl":"https:\/\/www.ovidiudragosargesanu.ro\/en\/wp-content\/uploads\/2024\/01\/pachetul-psi-i1104.webp","datePublished":"2024-01-26T19:56:20+00:00","dateModified":"2024-11-11T14:06:19+00:00","breadcrumb":{"@id":"https:\/\/www.ovidiudragosargesanu.ro\/en\/shop\/carti\/oferte-speciale\/pachetul-psi-i\/#breadcrumb"},"inLanguage":"en-US","potentialAction":[{"@type":"ReadAction","target":["https:\/\/www.ovidiudragosargesanu.ro\/en\/shop\/carti\/oferte-speciale\/pachetul-psi-i\/"]}]},{"@type":"ImageObject","inLanguage":"en-US","@id":"https:\/\/www.ovidiudragosargesanu.ro\/en\/shop\/carti\/oferte-speciale\/pachetul-psi-i\/#primaryimage","url":"https:\/\/www.ovidiudragosargesanu.ro\/en\/wp-content\/uploads\/2024\/01\/pachetul-psi-i1104.webp","contentUrl":"https:\/\/www.ovidiudragosargesanu.ro\/en\/wp-content\/uploads\/2024\/01\/pachetul-psi-i1104.webp","width":444,"height":680},{"@type":"BreadcrumbList","@id":"https:\/\/www.ovidiudragosargesanu.ro\/en\/shop\/carti\/oferte-speciale\/pachetul-psi-i\/#breadcrumb","itemListElement":[{"@type":"ListItem","position":1,"name":"Prima pagin\u0103","item":"https:\/\/www.ovidiudragosargesanu.ro\/en\/"},{"@type":"ListItem","position":2,"name":"Shop","item":"https:\/\/www.ovidiudragosargesanu.ro\/en\/shop\/"},{"@type":"ListItem","position":3,"name":"Pachetul PSI I"}]},{"@type":"WebSite","@id":"https:\/\/www.ovidiudragosargesanu.ro\/en\/#website","url":"https:\/\/www.ovidiudragosargesanu.ro\/en\/","name":"Ovidiu Drago\u0219 Arge\u0219anu","description":"","publisher":{"@id":"https:\/\/www.ovidiudragosargesanu.ro\/en\/#organization"},"potentialAction":[{"@type":"SearchAction","target":{"@type":"EntryPoint","urlTemplate":"https:\/\/www.ovidiudragosargesanu.ro\/en\/?s={search_term_string}"},"query-input":{"@type":"PropertyValueSpecification","valueRequired":true,"valueName":"search_term_string"}}],"inLanguage":"en-US"},{"@type":"Organization","@id":"https:\/\/www.ovidiudragosargesanu.ro\/en\/#organization","name":"Ovidiu Drago\u0219 Arge\u0219anu","url":"https:\/\/www.ovidiudragosargesanu.ro\/en\/","logo":{"@type":"ImageObject","inLanguage":"en-US","@id":"https:\/\/www.ovidiudragosargesanu.ro\/en\/#\/schema\/logo\/image\/","url":"https:\/\/www.ovidiudragosargesanu.ro\/en\/wp-content\/uploads\/2018\/03\/dragos-logo-lotus-black-400.svg","contentUrl":"https:\/\/www.ovidiudragosargesanu.ro\/en\/wp-content\/uploads\/2018\/03\/dragos-logo-lotus-black-400.svg","width":300,"height":150,"caption":"Ovidiu Drago\u0219 Arge\u0219anu"},"image":{"@id":"https:\/\/www.ovidiudragosargesanu.ro\/en\/#\/schema\/logo\/image\/"}}]}},"_links":{"self":[{"href":"https:\/\/www.ovidiudragosargesanu.ro\/en\/wp-json\/wp\/v2\/product\/5309","targetHints":{"allow":["GET"]}}],"collection":[{"href":"https:\/\/www.ovidiudragosargesanu.ro\/en\/wp-json\/wp\/v2\/product"}],"about":[{"href":"https:\/\/www.ovidiudragosargesanu.ro\/en\/wp-json\/wp\/v2\/types\/product"}],"version-history":[{"count":3,"href":"https:\/\/www.ovidiudragosargesanu.ro\/en\/wp-json\/wp\/v2\/product\/5309\/revisions"}],"predecessor-version":[{"id":11046,"href":"https:\/\/www.ovidiudragosargesanu.ro\/en\/wp-json\/wp\/v2\/product\/5309\/revisions\/11046"}],"wp:featuredmedia":[{"embeddable":true,"href":"https:\/\/www.ovidiudragosargesanu.ro\/en\/wp-json\/wp\/v2\/media\/5313"}],"wp:attachment":[{"href":"https:\/\/www.ovidiudragosargesanu.ro\/en\/wp-json\/wp\/v2\/media?parent=5309"}],"wp:term":[{"taxonomy":"product_brand","embeddable":true,"href":"https:\/\/www.ovidiudragosargesanu.ro\/en\/wp-json\/wp\/v2\/product_brand?post=5309"},{"taxonomy":"product_cat","embeddable":true,"href":"https:\/\/www.ovidiudragosargesanu.ro\/en\/wp-json\/wp\/v2\/product_cat?post=5309"},{"taxonomy":"product_tag","embeddable":true,"href":"https:\/\/www.ovidiudragosargesanu.ro\/en\/wp-json\/wp\/v2\/product_tag?post=5309"}],"curies":[{"name":"wp","href":"https:\/\/api.w.org\/{rel}","templated":true}]}}