{"id":5324,"date":"2024-01-26T22:39:25","date_gmt":"2024-01-26T20:39:25","guid":{"rendered":"https:\/\/www.ovidiudragosargesanu.ro\/?post_type=product&#038;p=5324"},"modified":"2024-11-11T16:06:19","modified_gmt":"2024-11-11T14:06:19","slug":"pachetul-reiki","status":"publish","type":"product","link":"https:\/\/www.ovidiudragosargesanu.ro\/en\/shop\/carti\/oferte-speciale\/pachetul-reiki\/","title":{"rendered":"Pachetul Reiki"},"content":{"rendered":"<p>Oricine poate face Reiki, pentru c\u0103 acest sistem de terapie este unul intuitiv, nu ra\u021bional, ceea ce-l face larg accesibil. Reiki este terapie prin punerea palmelor. \u0218i at\u00e2t! Mai t\u00e2rziu a evoluat pentru a ajunge a\u0219a cum \u00eel cunoa\u0219tem ast\u0103zi. Iar cartea Reiki, \u00eentre mit \u0219i realitate este un ghid \u00een ajutorul oric\u0103rui practicant Reiki \u2013 util \u00een via\u021ba de zi cu zi. Solu\u021bii simple la problemele care ne \u00eenconjoar\u0103. Cele \u0219apte pece\u021bi este o carte despre cea mai mare Tain\u0103 a Sfintei Scripturi, pe care M\u00e2ntuitorul a deslu\u0219it-o \u0219i care i-au permis acestuia s\u0103 se recunoas\u0103 pe El \u00eensu\u0219i ca Fiu al Lui Dumnezeu, s\u0103 descopere cine este \u0219i care este misiunea Lui personal\u0103, asumat\u0103 de El \u00eensu\u0219i pe acest p\u0103m\u00e2nt. Ce-\u0219i doresc femeile? S\u0103 fie jum\u0103tatea unui \u00eentreg. S\u0103 fie iubite, apreciate, fericite. Dar nu au \u00een\u021beles c\u00e2teva lucruri extrem de simple. Jum\u0103tatea mea, femeia este locul unde te reg\u0103se\u0219ti. Al\u0103turi de Iubirea care conteaz\u0103: cea Divin\u0103.<\/p>\n","protected":false},"excerpt":{"rendered":"\n<table id=\"tablepress-59\" class=\"tablepress tablepress-id-59\">\n<tbody class=\"row-striping row-hover\">\n<tr class=\"row-1\">\n\t<td class=\"column-1\">SKU<\/td><td class=\"column-2\">Promo Reiki<\/td>\n<\/tr>\n<tr class=\"row-2\">\n\t<td class=\"column-1\">Editura<\/td><td class=\"column-2\">PRO DAO<\/td>\n<\/tr>\n<tr class=\"row-3\">\n\t<td class=\"column-1\">ISBN<\/td><td class=\"column-2\">978-606-9721-02-5, 973-606-92732-4-1, 978-606-92997-6-0<\/td>\n<\/tr>\n<tr class=\"row-4\">\n\t<td class=\"column-1\">AUTOR<\/td><td class=\"column-2\">Ovidiu Dragos Argesanu<\/td>\n<\/tr>\n<\/tbody>\n<\/table>\n\n<p>Elementele necesare practicantului Reiki: Ghidul, Taina \u0219i Iubirea. Trei c\u0103r\u021bi care stimuleaz\u0103 dezvoltarea personal\u0103 \u0219i zdruncin\u0103 \u00eencartiruirile. Pachetul con\u021bine titlurile Reiki, \u00eentre mit \u0219i realitate, Cele \u0219apte pece\u021bi ale Bibliei \u0219i Jum\u0103tatea mea, femeia.<\/p>\n","protected":false},"featured_media":5325,"template":"","meta":{"inline_featured_image":false},"product_brand":[],"product_cat":[527,730],"product_tag":[],"class_list":{"0":"post-5324","1":"product","2":"type-product","3":"status-publish","4":"has-post-thumbnail","6":"product_cat-carti","7":"product_cat-oferte-speciale","9":"first","10":"instock","11":"taxable","12":"shipping-taxable","13":"purchasable","14":"product-type-simple"},"yoast_head":"<!-- This site is optimized with the Yoast SEO plugin v26.9 - https:\/\/yoast.com\/product\/yoast-seo-wordpress\/ -->\n<title>Pachetul Reiki - Ovidiu Drago\u0219 Arge\u0219anu<\/title>\n<meta name=\"robots\" content=\"noindex, follow, max-snippet:-1, max-image-preview:large, max-video-preview:-1\" \/>\n<meta property=\"og:locale\" content=\"en_US\" \/>\n<meta property=\"og:type\" content=\"article\" \/>\n<meta property=\"og:title\" content=\"Pachetul Reiki - Ovidiu Drago\u0219 Arge\u0219anu\" \/>\n<meta property=\"og:description\" content=\"Elementele necesare practicantului Reiki: Ghidul, Taina \u0219i Iubirea. Trei c\u0103r\u021bi care stimuleaz\u0103 dezvoltarea personal\u0103 \u0219i zdruncin\u0103 \u00eencartiruirile. Pachetul con\u021bine titlurile Reiki, \u00eentre mit \u0219i realitate, Cele \u0219apte pece\u021bi ale Bibliei \u0219i Jum\u0103tatea mea, femeia.\" \/>\n<meta property=\"og:url\" content=\"https:\/\/www.ovidiudragosargesanu.ro\/en\/shop\/carti\/oferte-speciale\/pachetul-reiki\/\" \/>\n<meta property=\"og:site_name\" content=\"Ovidiu Drago\u0219 Arge\u0219anu\" \/>\n<meta property=\"article:modified_time\" content=\"2024-11-11T14:06:19+00:00\" \/>\n<meta property=\"og:image\" content=\"https:\/\/www.ovidiudragosargesanu.ro\/en\/wp-content\/uploads\/2024\/01\/pachetul-reiki1082.webp\" \/>\n\t<meta property=\"og:image:width\" content=\"468\" \/>\n\t<meta property=\"og:image:height\" content=\"680\" \/>\n\t<meta property=\"og:image:type\" content=\"image\/webp\" \/>\n<meta name=\"twitter:card\" content=\"summary_large_image\" \/>\n<meta name=\"twitter:label1\" content=\"Est. reading time\" \/>\n\t<meta name=\"twitter:data1\" content=\"2 minutes\" \/>\n<script type=\"application\/ld+json\" class=\"yoast-schema-graph\">{\"@context\":\"https:\/\/schema.org\",\"@graph\":[{\"@type\":\"WebPage\",\"@id\":\"https:\/\/www.ovidiudragosargesanu.ro\/en\/shop\/carti\/oferte-speciale\/pachetul-reiki\/\",\"url\":\"https:\/\/www.ovidiudragosargesanu.ro\/en\/shop\/carti\/oferte-speciale\/pachetul-reiki\/\",\"name\":\"Pachetul Reiki - Ovidiu Drago\u0219 Arge\u0219anu\",\"isPartOf\":{\"@id\":\"https:\/\/www.ovidiudragosargesanu.ro\/en\/#website\"},\"primaryImageOfPage\":{\"@id\":\"https:\/\/www.ovidiudragosargesanu.ro\/en\/shop\/carti\/oferte-speciale\/pachetul-reiki\/#primaryimage\"},\"image\":{\"@id\":\"https:\/\/www.ovidiudragosargesanu.ro\/en\/shop\/carti\/oferte-speciale\/pachetul-reiki\/#primaryimage\"},\"thumbnailUrl\":\"https:\/\/www.ovidiudragosargesanu.ro\/en\/wp-content\/uploads\/2024\/01\/pachetul-reiki1082.webp\",\"datePublished\":\"2024-01-26T20:39:25+00:00\",\"dateModified\":\"2024-11-11T14:06:19+00:00\",\"breadcrumb\":{\"@id\":\"https:\/\/www.ovidiudragosargesanu.ro\/en\/shop\/carti\/oferte-speciale\/pachetul-reiki\/#breadcrumb\"},\"inLanguage\":\"en-US\",\"potentialAction\":[{\"@type\":\"ReadAction\",\"target\":[\"https:\/\/www.ovidiudragosargesanu.ro\/en\/shop\/carti\/oferte-speciale\/pachetul-reiki\/\"]}]},{\"@type\":\"ImageObject\",\"inLanguage\":\"en-US\",\"@id\":\"https:\/\/www.ovidiudragosargesanu.ro\/en\/shop\/carti\/oferte-speciale\/pachetul-reiki\/#primaryimage\",\"url\":\"https:\/\/www.ovidiudragosargesanu.ro\/en\/wp-content\/uploads\/2024\/01\/pachetul-reiki1082.webp\",\"contentUrl\":\"https:\/\/www.ovidiudragosargesanu.ro\/en\/wp-content\/uploads\/2024\/01\/pachetul-reiki1082.webp\",\"width\":468,\"height\":680},{\"@type\":\"BreadcrumbList\",\"@id\":\"https:\/\/www.ovidiudragosargesanu.ro\/en\/shop\/carti\/oferte-speciale\/pachetul-reiki\/#breadcrumb\",\"itemListElement\":[{\"@type\":\"ListItem\",\"position\":1,\"name\":\"Prima pagin\u0103\",\"item\":\"https:\/\/www.ovidiudragosargesanu.ro\/en\/\"},{\"@type\":\"ListItem\",\"position\":2,\"name\":\"Shop\",\"item\":\"https:\/\/www.ovidiudragosargesanu.ro\/en\/shop\/\"},{\"@type\":\"ListItem\",\"position\":3,\"name\":\"Pachetul Reiki\"}]},{\"@type\":\"WebSite\",\"@id\":\"https:\/\/www.ovidiudragosargesanu.ro\/en\/#website\",\"url\":\"https:\/\/www.ovidiudragosargesanu.ro\/en\/\",\"name\":\"Ovidiu Drago\u0219 Arge\u0219anu\",\"description\":\"\",\"publisher\":{\"@id\":\"https:\/\/www.ovidiudragosargesanu.ro\/en\/#organization\"},\"potentialAction\":[{\"@type\":\"SearchAction\",\"target\":{\"@type\":\"EntryPoint\",\"urlTemplate\":\"https:\/\/www.ovidiudragosargesanu.ro\/en\/?s={search_term_string}\"},\"query-input\":{\"@type\":\"PropertyValueSpecification\",\"valueRequired\":true,\"valueName\":\"search_term_string\"}}],\"inLanguage\":\"en-US\"},{\"@type\":\"Organization\",\"@id\":\"https:\/\/www.ovidiudragosargesanu.ro\/en\/#organization\",\"name\":\"Ovidiu Drago\u0219 Arge\u0219anu\",\"url\":\"https:\/\/www.ovidiudragosargesanu.ro\/en\/\",\"logo\":{\"@type\":\"ImageObject\",\"inLanguage\":\"en-US\",\"@id\":\"https:\/\/www.ovidiudragosargesanu.ro\/en\/#\/schema\/logo\/image\/\",\"url\":\"https:\/\/www.ovidiudragosargesanu.ro\/en\/wp-content\/uploads\/2018\/03\/dragos-logo-lotus-black-400.svg\",\"contentUrl\":\"https:\/\/www.ovidiudragosargesanu.ro\/en\/wp-content\/uploads\/2018\/03\/dragos-logo-lotus-black-400.svg\",\"width\":300,\"height\":150,\"caption\":\"Ovidiu Drago\u0219 Arge\u0219anu\"},\"image\":{\"@id\":\"https:\/\/www.ovidiudragosargesanu.ro\/en\/#\/schema\/logo\/image\/\"}}]}<\/script>\n<!-- \/ Yoast SEO plugin. -->","yoast_head_json":{"title":"Pachetul Reiki - Ovidiu Drago\u0219 Arge\u0219anu","robots":{"index":"noindex","follow":"follow","max-snippet":"max-snippet:-1","max-image-preview":"max-image-preview:large","max-video-preview":"max-video-preview:-1"},"og_locale":"en_US","og_type":"article","og_title":"Pachetul Reiki - Ovidiu Drago\u0219 Arge\u0219anu","og_description":"Elementele necesare practicantului Reiki: Ghidul, Taina \u0219i Iubirea. Trei c\u0103r\u021bi care stimuleaz\u0103 dezvoltarea personal\u0103 \u0219i zdruncin\u0103 \u00eencartiruirile. Pachetul con\u021bine titlurile Reiki, \u00eentre mit \u0219i realitate, Cele \u0219apte pece\u021bi ale Bibliei \u0219i Jum\u0103tatea mea, femeia.","og_url":"https:\/\/www.ovidiudragosargesanu.ro\/en\/shop\/carti\/oferte-speciale\/pachetul-reiki\/","og_site_name":"Ovidiu Drago\u0219 Arge\u0219anu","article_modified_time":"2024-11-11T14:06:19+00:00","og_image":[{"width":468,"height":680,"url":"https:\/\/www.ovidiudragosargesanu.ro\/en\/wp-content\/uploads\/2024\/01\/pachetul-reiki1082.webp","type":"image\/webp"}],"twitter_card":"summary_large_image","twitter_misc":{"Est. reading time":"2 minutes"},"schema":{"@context":"https:\/\/schema.org","@graph":[{"@type":"WebPage","@id":"https:\/\/www.ovidiudragosargesanu.ro\/en\/shop\/carti\/oferte-speciale\/pachetul-reiki\/","url":"https:\/\/www.ovidiudragosargesanu.ro\/en\/shop\/carti\/oferte-speciale\/pachetul-reiki\/","name":"Pachetul Reiki - Ovidiu Drago\u0219 Arge\u0219anu","isPartOf":{"@id":"https:\/\/www.ovidiudragosargesanu.ro\/en\/#website"},"primaryImageOfPage":{"@id":"https:\/\/www.ovidiudragosargesanu.ro\/en\/shop\/carti\/oferte-speciale\/pachetul-reiki\/#primaryimage"},"image":{"@id":"https:\/\/www.ovidiudragosargesanu.ro\/en\/shop\/carti\/oferte-speciale\/pachetul-reiki\/#primaryimage"},"thumbnailUrl":"https:\/\/www.ovidiudragosargesanu.ro\/en\/wp-content\/uploads\/2024\/01\/pachetul-reiki1082.webp","datePublished":"2024-01-26T20:39:25+00:00","dateModified":"2024-11-11T14:06:19+00:00","breadcrumb":{"@id":"https:\/\/www.ovidiudragosargesanu.ro\/en\/shop\/carti\/oferte-speciale\/pachetul-reiki\/#breadcrumb"},"inLanguage":"en-US","potentialAction":[{"@type":"ReadAction","target":["https:\/\/www.ovidiudragosargesanu.ro\/en\/shop\/carti\/oferte-speciale\/pachetul-reiki\/"]}]},{"@type":"ImageObject","inLanguage":"en-US","@id":"https:\/\/www.ovidiudragosargesanu.ro\/en\/shop\/carti\/oferte-speciale\/pachetul-reiki\/#primaryimage","url":"https:\/\/www.ovidiudragosargesanu.ro\/en\/wp-content\/uploads\/2024\/01\/pachetul-reiki1082.webp","contentUrl":"https:\/\/www.ovidiudragosargesanu.ro\/en\/wp-content\/uploads\/2024\/01\/pachetul-reiki1082.webp","width":468,"height":680},{"@type":"BreadcrumbList","@id":"https:\/\/www.ovidiudragosargesanu.ro\/en\/shop\/carti\/oferte-speciale\/pachetul-reiki\/#breadcrumb","itemListElement":[{"@type":"ListItem","position":1,"name":"Prima pagin\u0103","item":"https:\/\/www.ovidiudragosargesanu.ro\/en\/"},{"@type":"ListItem","position":2,"name":"Shop","item":"https:\/\/www.ovidiudragosargesanu.ro\/en\/shop\/"},{"@type":"ListItem","position":3,"name":"Pachetul Reiki"}]},{"@type":"WebSite","@id":"https:\/\/www.ovidiudragosargesanu.ro\/en\/#website","url":"https:\/\/www.ovidiudragosargesanu.ro\/en\/","name":"Ovidiu Drago\u0219 Arge\u0219anu","description":"","publisher":{"@id":"https:\/\/www.ovidiudragosargesanu.ro\/en\/#organization"},"potentialAction":[{"@type":"SearchAction","target":{"@type":"EntryPoint","urlTemplate":"https:\/\/www.ovidiudragosargesanu.ro\/en\/?s={search_term_string}"},"query-input":{"@type":"PropertyValueSpecification","valueRequired":true,"valueName":"search_term_string"}}],"inLanguage":"en-US"},{"@type":"Organization","@id":"https:\/\/www.ovidiudragosargesanu.ro\/en\/#organization","name":"Ovidiu Drago\u0219 Arge\u0219anu","url":"https:\/\/www.ovidiudragosargesanu.ro\/en\/","logo":{"@type":"ImageObject","inLanguage":"en-US","@id":"https:\/\/www.ovidiudragosargesanu.ro\/en\/#\/schema\/logo\/image\/","url":"https:\/\/www.ovidiudragosargesanu.ro\/en\/wp-content\/uploads\/2018\/03\/dragos-logo-lotus-black-400.svg","contentUrl":"https:\/\/www.ovidiudragosargesanu.ro\/en\/wp-content\/uploads\/2018\/03\/dragos-logo-lotus-black-400.svg","width":300,"height":150,"caption":"Ovidiu Drago\u0219 Arge\u0219anu"},"image":{"@id":"https:\/\/www.ovidiudragosargesanu.ro\/en\/#\/schema\/logo\/image\/"}}]}},"_links":{"self":[{"href":"https:\/\/www.ovidiudragosargesanu.ro\/en\/wp-json\/wp\/v2\/product\/5324","targetHints":{"allow":["GET"]}}],"collection":[{"href":"https:\/\/www.ovidiudragosargesanu.ro\/en\/wp-json\/wp\/v2\/product"}],"about":[{"href":"https:\/\/www.ovidiudragosargesanu.ro\/en\/wp-json\/wp\/v2\/types\/product"}],"version-history":[{"count":1,"href":"https:\/\/www.ovidiudragosargesanu.ro\/en\/wp-json\/wp\/v2\/product\/5324\/revisions"}],"predecessor-version":[{"id":5326,"href":"https:\/\/www.ovidiudragosargesanu.ro\/en\/wp-json\/wp\/v2\/product\/5324\/revisions\/5326"}],"wp:featuredmedia":[{"embeddable":true,"href":"https:\/\/www.ovidiudragosargesanu.ro\/en\/wp-json\/wp\/v2\/media\/5325"}],"wp:attachment":[{"href":"https:\/\/www.ovidiudragosargesanu.ro\/en\/wp-json\/wp\/v2\/media?parent=5324"}],"wp:term":[{"taxonomy":"product_brand","embeddable":true,"href":"https:\/\/www.ovidiudragosargesanu.ro\/en\/wp-json\/wp\/v2\/product_brand?post=5324"},{"taxonomy":"product_cat","embeddable":true,"href":"https:\/\/www.ovidiudragosargesanu.ro\/en\/wp-json\/wp\/v2\/product_cat?post=5324"},{"taxonomy":"product_tag","embeddable":true,"href":"https:\/\/www.ovidiudragosargesanu.ro\/en\/wp-json\/wp\/v2\/product_tag?post=5324"}],"curies":[{"name":"wp","href":"https:\/\/api.w.org\/{rel}","templated":true}]}}