{"id":5328,"date":"2024-01-26T22:56:58","date_gmt":"2024-01-26T20:56:58","guid":{"rendered":"https:\/\/www.ovidiudragosargesanu.ro\/?post_type=product&#038;p=5328"},"modified":"2024-11-11T16:06:19","modified_gmt":"2024-11-11T14:06:19","slug":"pachet-romane-initiatice","status":"publish","type":"product","link":"https:\/\/www.ovidiudragosargesanu.ro\/en\/shop\/carti\/oferte-speciale\/pachet-romane-initiatice\/","title":{"rendered":"Pachet romane ini\u021biatice"},"content":{"rendered":"<p>De m\u00e2n\u0103, pe Camino, cu subtitlul Nimic nu este ceea ce pare, este cartea reg\u0103sirii \u0219i revela\u021biilor, a tr\u0103irilor interioare \u0219i a silogismelor spirituale. O terapie de \u0219oc pe care Dr. Ovidiu Drago\u0219 Arge\u0219anu, Maestru Reiki, o aplic\u0103 propriei con\u0219tiin\u021be \u0219i con\u0219tiin\u021bei cititorului. Un roman ini\u021biatic care va afecta multe suflete \u0219i va crea, probabil, o schism\u0103 printre cursan\u021bi, practican\u021bi \u0219i cunosc\u0103tori. Lectur\u0103 nerecomandat\u0103 minorilor. Devenirea este un roman initiatic profund, cu multe invataturi, marca Ovidiu-Dragos Argesanu. Fusese crud? Analizand la rece, prin prisma rezultatelor, fusese bine. Numai ea putea spune insa cat o costase sufleteste. Maturizarea, chiar si cea spirituala, nu putea veni fara suferinta, intelesese si ca totul reprezenta o etapa a evolutiei ei ca spirit, pe care nu o regreta si care ii lasase un gust amar si atat. Era atat de minunat sa iubesti si sa fii iubita! Adevarul, precum inexistenta lui Mos Craciun, venise poate prea devreme pentru ea, ar mai fi copilarit. Balchis 2000 &#8211; Parola \u201eDumnezeu\u201d prezint\u0103 varianta personal\u0103 a autorului asupra Adev\u0103rului Suprem: Dumnezeu. Un roman plin de \u00een\u021belesuri care vin din ad\u00e2ncul sufletului. \u201eM-am intors si am vazut cerul ca pe un ecran mare de tot, unde toate planetele se vedeau simultan. Era ca un ecran radar, dar toate se vedeau mult mai clar. Pe mii de planete, oamenii se rugau Lui. Era un spectacol impresionant. Undeva se vedeau planetele locuite din apropierea pamantului si casa noastra:Terra! Mii de mii, de mii de oameni se vedeau cu fetele intoarse catre cer, dar aveau ceva in comun: aveau ochii inchisi. Am inteles. Era suparat ca cei care I se inchinau Lui nu puteau sa-L si vada, nu aveau o legatura personala cu El. Erau orbi.\u201d<\/p>\n","protected":false},"excerpt":{"rendered":"\n<table id=\"tablepress-60\" class=\"tablepress tablepress-id-60\">\n<tbody class=\"row-striping row-hover\">\n<tr class=\"row-1\">\n\t<td class=\"column-1\">SKU<\/td><td class=\"column-2\">Promo-romane-initiatice<\/td>\n<\/tr>\n<tr class=\"row-2\">\n\t<td class=\"column-1\">Editura<\/td><td class=\"column-2\">PRO DAO<\/td>\n<\/tr>\n<tr class=\"row-3\">\n\t<td class=\"column-1\">ISBN<\/td><td class=\"column-2\">978-606-8790-13-8, 978-606-93413-0-8, 978-606-93413-1-5<\/td>\n<\/tr>\n<tr class=\"row-4\">\n\t<td class=\"column-1\">AUTOR<\/td><td class=\"column-2\">Ovidiu Dragos Argesanu<\/td>\n<\/tr>\n<\/tbody>\n<\/table>\n<!-- #tablepress-60 from cache -->\n<p>Trei romane care te vor pune pe g\u00e2nduri \u0219i \u00ee\u021bi vor deschide noi perspective. Pachetul con\u021bine cele trei romane ini\u021biatice ale autorului Ovidiu Drago\u0219 Arge\u0219anu: De m\u00e2n\u0103, pe camino &#8211; nimic nu este ceea ce pare, Devenirea, \u00eentre iad \u0219i rai \u0219i Balchis 2000 &#8211; parola \u201eDumnezeu\u201d.<\/p>\n","protected":false},"featured_media":5329,"template":"","meta":{"inline_featured_image":false},"product_brand":[],"product_cat":[527,730],"product_tag":[],"class_list":{"0":"post-5328","1":"product","2":"type-product","3":"status-publish","4":"has-post-thumbnail","6":"product_cat-carti","7":"product_cat-oferte-speciale","9":"first","10":"instock","11":"taxable","12":"shipping-taxable","13":"purchasable","14":"product-type-simple"},"yoast_head":"<!-- This site is optimized with the Yoast SEO plugin v26.9 - https:\/\/yoast.com\/product\/yoast-seo-wordpress\/ -->\n<title>Pachet romane ini\u021biatice - Ovidiu Drago\u0219 Arge\u0219anu<\/title>\n<meta name=\"robots\" content=\"noindex, follow, max-snippet:-1, max-image-preview:large, max-video-preview:-1\" \/>\n<meta property=\"og:locale\" content=\"en_US\" \/>\n<meta property=\"og:type\" content=\"article\" \/>\n<meta property=\"og:title\" content=\"Pachet romane ini\u021biatice - Ovidiu Drago\u0219 Arge\u0219anu\" \/>\n<meta property=\"og:description\" content=\"Trei romane care te vor pune pe g\u00e2nduri \u0219i \u00ee\u021bi vor deschide noi perspective. Pachetul con\u021bine cele trei romane ini\u021biatice ale autorului Ovidiu Drago\u0219 Arge\u0219anu: De m\u00e2n\u0103, pe camino - nimic nu este ceea ce pare, Devenirea, \u00eentre iad \u0219i rai \u0219i Balchis 2000 - parola \u201eDumnezeu\u201d.\" \/>\n<meta property=\"og:url\" content=\"https:\/\/www.ovidiudragosargesanu.ro\/en\/shop\/carti\/oferte-speciale\/pachet-romane-initiatice\/\" \/>\n<meta property=\"og:site_name\" content=\"Ovidiu Drago\u0219 Arge\u0219anu\" \/>\n<meta property=\"article:modified_time\" content=\"2024-11-11T14:06:19+00:00\" \/>\n<meta property=\"og:image\" content=\"https:\/\/www.ovidiudragosargesanu.ro\/en\/wp-content\/uploads\/2024\/01\/pachet-romane-initiatice.webp\" \/>\n\t<meta property=\"og:image:width\" content=\"442\" \/>\n\t<meta property=\"og:image:height\" content=\"680\" \/>\n\t<meta property=\"og:image:type\" content=\"image\/webp\" \/>\n<meta name=\"twitter:card\" content=\"summary_large_image\" \/>\n<meta name=\"twitter:label1\" content=\"Est. reading time\" \/>\n\t<meta name=\"twitter:data1\" content=\"2 minutes\" \/>\n<script type=\"application\/ld+json\" class=\"yoast-schema-graph\">{\"@context\":\"https:\/\/schema.org\",\"@graph\":[{\"@type\":\"WebPage\",\"@id\":\"https:\/\/www.ovidiudragosargesanu.ro\/en\/shop\/carti\/oferte-speciale\/pachet-romane-initiatice\/\",\"url\":\"https:\/\/www.ovidiudragosargesanu.ro\/en\/shop\/carti\/oferte-speciale\/pachet-romane-initiatice\/\",\"name\":\"Pachet romane ini\u021biatice - Ovidiu Drago\u0219 Arge\u0219anu\",\"isPartOf\":{\"@id\":\"https:\/\/www.ovidiudragosargesanu.ro\/en\/#website\"},\"primaryImageOfPage\":{\"@id\":\"https:\/\/www.ovidiudragosargesanu.ro\/en\/shop\/carti\/oferte-speciale\/pachet-romane-initiatice\/#primaryimage\"},\"image\":{\"@id\":\"https:\/\/www.ovidiudragosargesanu.ro\/en\/shop\/carti\/oferte-speciale\/pachet-romane-initiatice\/#primaryimage\"},\"thumbnailUrl\":\"https:\/\/www.ovidiudragosargesanu.ro\/en\/wp-content\/uploads\/2024\/01\/pachet-romane-initiatice.webp\",\"datePublished\":\"2024-01-26T20:56:58+00:00\",\"dateModified\":\"2024-11-11T14:06:19+00:00\",\"breadcrumb\":{\"@id\":\"https:\/\/www.ovidiudragosargesanu.ro\/en\/shop\/carti\/oferte-speciale\/pachet-romane-initiatice\/#breadcrumb\"},\"inLanguage\":\"en-US\",\"potentialAction\":[{\"@type\":\"ReadAction\",\"target\":[\"https:\/\/www.ovidiudragosargesanu.ro\/en\/shop\/carti\/oferte-speciale\/pachet-romane-initiatice\/\"]}]},{\"@type\":\"ImageObject\",\"inLanguage\":\"en-US\",\"@id\":\"https:\/\/www.ovidiudragosargesanu.ro\/en\/shop\/carti\/oferte-speciale\/pachet-romane-initiatice\/#primaryimage\",\"url\":\"https:\/\/www.ovidiudragosargesanu.ro\/en\/wp-content\/uploads\/2024\/01\/pachet-romane-initiatice.webp\",\"contentUrl\":\"https:\/\/www.ovidiudragosargesanu.ro\/en\/wp-content\/uploads\/2024\/01\/pachet-romane-initiatice.webp\",\"width\":442,\"height\":680},{\"@type\":\"BreadcrumbList\",\"@id\":\"https:\/\/www.ovidiudragosargesanu.ro\/en\/shop\/carti\/oferte-speciale\/pachet-romane-initiatice\/#breadcrumb\",\"itemListElement\":[{\"@type\":\"ListItem\",\"position\":1,\"name\":\"Prima pagin\u0103\",\"item\":\"https:\/\/www.ovidiudragosargesanu.ro\/en\/\"},{\"@type\":\"ListItem\",\"position\":2,\"name\":\"Shop\",\"item\":\"https:\/\/www.ovidiudragosargesanu.ro\/en\/shop\/\"},{\"@type\":\"ListItem\",\"position\":3,\"name\":\"Pachet romane ini\u021biatice\"}]},{\"@type\":\"WebSite\",\"@id\":\"https:\/\/www.ovidiudragosargesanu.ro\/en\/#website\",\"url\":\"https:\/\/www.ovidiudragosargesanu.ro\/en\/\",\"name\":\"Ovidiu Drago\u0219 Arge\u0219anu\",\"description\":\"\",\"publisher\":{\"@id\":\"https:\/\/www.ovidiudragosargesanu.ro\/en\/#organization\"},\"potentialAction\":[{\"@type\":\"SearchAction\",\"target\":{\"@type\":\"EntryPoint\",\"urlTemplate\":\"https:\/\/www.ovidiudragosargesanu.ro\/en\/?s={search_term_string}\"},\"query-input\":{\"@type\":\"PropertyValueSpecification\",\"valueRequired\":true,\"valueName\":\"search_term_string\"}}],\"inLanguage\":\"en-US\"},{\"@type\":\"Organization\",\"@id\":\"https:\/\/www.ovidiudragosargesanu.ro\/en\/#organization\",\"name\":\"Ovidiu Drago\u0219 Arge\u0219anu\",\"url\":\"https:\/\/www.ovidiudragosargesanu.ro\/en\/\",\"logo\":{\"@type\":\"ImageObject\",\"inLanguage\":\"en-US\",\"@id\":\"https:\/\/www.ovidiudragosargesanu.ro\/en\/#\/schema\/logo\/image\/\",\"url\":\"https:\/\/www.ovidiudragosargesanu.ro\/en\/wp-content\/uploads\/2018\/03\/dragos-logo-lotus-black-400.svg\",\"contentUrl\":\"https:\/\/www.ovidiudragosargesanu.ro\/en\/wp-content\/uploads\/2018\/03\/dragos-logo-lotus-black-400.svg\",\"width\":300,\"height\":150,\"caption\":\"Ovidiu Drago\u0219 Arge\u0219anu\"},\"image\":{\"@id\":\"https:\/\/www.ovidiudragosargesanu.ro\/en\/#\/schema\/logo\/image\/\"}}]}<\/script>\n<!-- \/ Yoast SEO plugin. -->","yoast_head_json":{"title":"Pachet romane ini\u021biatice - Ovidiu Drago\u0219 Arge\u0219anu","robots":{"index":"noindex","follow":"follow","max-snippet":"max-snippet:-1","max-image-preview":"max-image-preview:large","max-video-preview":"max-video-preview:-1"},"og_locale":"en_US","og_type":"article","og_title":"Pachet romane ini\u021biatice - Ovidiu Drago\u0219 Arge\u0219anu","og_description":"Trei romane care te vor pune pe g\u00e2nduri \u0219i \u00ee\u021bi vor deschide noi perspective. Pachetul con\u021bine cele trei romane ini\u021biatice ale autorului Ovidiu Drago\u0219 Arge\u0219anu: De m\u00e2n\u0103, pe camino - nimic nu este ceea ce pare, Devenirea, \u00eentre iad \u0219i rai \u0219i Balchis 2000 - parola \u201eDumnezeu\u201d.","og_url":"https:\/\/www.ovidiudragosargesanu.ro\/en\/shop\/carti\/oferte-speciale\/pachet-romane-initiatice\/","og_site_name":"Ovidiu Drago\u0219 Arge\u0219anu","article_modified_time":"2024-11-11T14:06:19+00:00","og_image":[{"width":442,"height":680,"url":"https:\/\/www.ovidiudragosargesanu.ro\/en\/wp-content\/uploads\/2024\/01\/pachet-romane-initiatice.webp","type":"image\/webp"}],"twitter_card":"summary_large_image","twitter_misc":{"Est. reading time":"2 minutes"},"schema":{"@context":"https:\/\/schema.org","@graph":[{"@type":"WebPage","@id":"https:\/\/www.ovidiudragosargesanu.ro\/en\/shop\/carti\/oferte-speciale\/pachet-romane-initiatice\/","url":"https:\/\/www.ovidiudragosargesanu.ro\/en\/shop\/carti\/oferte-speciale\/pachet-romane-initiatice\/","name":"Pachet romane ini\u021biatice - Ovidiu Drago\u0219 Arge\u0219anu","isPartOf":{"@id":"https:\/\/www.ovidiudragosargesanu.ro\/en\/#website"},"primaryImageOfPage":{"@id":"https:\/\/www.ovidiudragosargesanu.ro\/en\/shop\/carti\/oferte-speciale\/pachet-romane-initiatice\/#primaryimage"},"image":{"@id":"https:\/\/www.ovidiudragosargesanu.ro\/en\/shop\/carti\/oferte-speciale\/pachet-romane-initiatice\/#primaryimage"},"thumbnailUrl":"https:\/\/www.ovidiudragosargesanu.ro\/en\/wp-content\/uploads\/2024\/01\/pachet-romane-initiatice.webp","datePublished":"2024-01-26T20:56:58+00:00","dateModified":"2024-11-11T14:06:19+00:00","breadcrumb":{"@id":"https:\/\/www.ovidiudragosargesanu.ro\/en\/shop\/carti\/oferte-speciale\/pachet-romane-initiatice\/#breadcrumb"},"inLanguage":"en-US","potentialAction":[{"@type":"ReadAction","target":["https:\/\/www.ovidiudragosargesanu.ro\/en\/shop\/carti\/oferte-speciale\/pachet-romane-initiatice\/"]}]},{"@type":"ImageObject","inLanguage":"en-US","@id":"https:\/\/www.ovidiudragosargesanu.ro\/en\/shop\/carti\/oferte-speciale\/pachet-romane-initiatice\/#primaryimage","url":"https:\/\/www.ovidiudragosargesanu.ro\/en\/wp-content\/uploads\/2024\/01\/pachet-romane-initiatice.webp","contentUrl":"https:\/\/www.ovidiudragosargesanu.ro\/en\/wp-content\/uploads\/2024\/01\/pachet-romane-initiatice.webp","width":442,"height":680},{"@type":"BreadcrumbList","@id":"https:\/\/www.ovidiudragosargesanu.ro\/en\/shop\/carti\/oferte-speciale\/pachet-romane-initiatice\/#breadcrumb","itemListElement":[{"@type":"ListItem","position":1,"name":"Prima pagin\u0103","item":"https:\/\/www.ovidiudragosargesanu.ro\/en\/"},{"@type":"ListItem","position":2,"name":"Shop","item":"https:\/\/www.ovidiudragosargesanu.ro\/en\/shop\/"},{"@type":"ListItem","position":3,"name":"Pachet romane ini\u021biatice"}]},{"@type":"WebSite","@id":"https:\/\/www.ovidiudragosargesanu.ro\/en\/#website","url":"https:\/\/www.ovidiudragosargesanu.ro\/en\/","name":"Ovidiu Drago\u0219 Arge\u0219anu","description":"","publisher":{"@id":"https:\/\/www.ovidiudragosargesanu.ro\/en\/#organization"},"potentialAction":[{"@type":"SearchAction","target":{"@type":"EntryPoint","urlTemplate":"https:\/\/www.ovidiudragosargesanu.ro\/en\/?s={search_term_string}"},"query-input":{"@type":"PropertyValueSpecification","valueRequired":true,"valueName":"search_term_string"}}],"inLanguage":"en-US"},{"@type":"Organization","@id":"https:\/\/www.ovidiudragosargesanu.ro\/en\/#organization","name":"Ovidiu Drago\u0219 Arge\u0219anu","url":"https:\/\/www.ovidiudragosargesanu.ro\/en\/","logo":{"@type":"ImageObject","inLanguage":"en-US","@id":"https:\/\/www.ovidiudragosargesanu.ro\/en\/#\/schema\/logo\/image\/","url":"https:\/\/www.ovidiudragosargesanu.ro\/en\/wp-content\/uploads\/2018\/03\/dragos-logo-lotus-black-400.svg","contentUrl":"https:\/\/www.ovidiudragosargesanu.ro\/en\/wp-content\/uploads\/2018\/03\/dragos-logo-lotus-black-400.svg","width":300,"height":150,"caption":"Ovidiu Drago\u0219 Arge\u0219anu"},"image":{"@id":"https:\/\/www.ovidiudragosargesanu.ro\/en\/#\/schema\/logo\/image\/"}}]}},"_links":{"self":[{"href":"https:\/\/www.ovidiudragosargesanu.ro\/en\/wp-json\/wp\/v2\/product\/5328","targetHints":{"allow":["GET"]}}],"collection":[{"href":"https:\/\/www.ovidiudragosargesanu.ro\/en\/wp-json\/wp\/v2\/product"}],"about":[{"href":"https:\/\/www.ovidiudragosargesanu.ro\/en\/wp-json\/wp\/v2\/types\/product"}],"version-history":[{"count":2,"href":"https:\/\/www.ovidiudragosargesanu.ro\/en\/wp-json\/wp\/v2\/product\/5328\/revisions"}],"predecessor-version":[{"id":5334,"href":"https:\/\/www.ovidiudragosargesanu.ro\/en\/wp-json\/wp\/v2\/product\/5328\/revisions\/5334"}],"wp:featuredmedia":[{"embeddable":true,"href":"https:\/\/www.ovidiudragosargesanu.ro\/en\/wp-json\/wp\/v2\/media\/5329"}],"wp:attachment":[{"href":"https:\/\/www.ovidiudragosargesanu.ro\/en\/wp-json\/wp\/v2\/media?parent=5328"}],"wp:term":[{"taxonomy":"product_brand","embeddable":true,"href":"https:\/\/www.ovidiudragosargesanu.ro\/en\/wp-json\/wp\/v2\/product_brand?post=5328"},{"taxonomy":"product_cat","embeddable":true,"href":"https:\/\/www.ovidiudragosargesanu.ro\/en\/wp-json\/wp\/v2\/product_cat?post=5328"},{"taxonomy":"product_tag","embeddable":true,"href":"https:\/\/www.ovidiudragosargesanu.ro\/en\/wp-json\/wp\/v2\/product_tag?post=5328"}],"curies":[{"name":"wp","href":"https:\/\/api.w.org\/{rel}","templated":true}]}}