{"id":5344,"date":"2024-01-26T23:12:02","date_gmt":"2024-01-26T21:12:02","guid":{"rendered":"https:\/\/www.ovidiudragosargesanu.ro\/?post_type=product&#038;p=5344"},"modified":"2024-11-11T16:06:19","modified_gmt":"2024-11-11T14:06:19","slug":"pachet-atacul-psi-intre-stiinta-si-magie-print-cd","status":"publish","type":"product","link":"https:\/\/www.ovidiudragosargesanu.ro\/en\/shop\/carti\/oferte-speciale\/pachet-atacul-psi-intre-stiinta-si-magie-print-cd\/","title":{"rendered":"Pachet Atacul PSI \u00eentre \u0219tiin\u021b\u0103 \u0219i magie (Print + CD)"},"content":{"rendered":"<p>\u201eCum am ajuns s\u0103 scriu aceast\u0103 carte? A avut un traseu destul de sinuos, \u0219i asta pentru c\u0103 nu eram hot\u0103r\u00e2t s\u0103 o scriu eu. Dup\u0103 un timp, am \u00een\u021beles \u0219i de ce. Voiam s\u0103 fug pu\u021bin de r\u0103spunderea de a publica a\u0219a ceva, pentru c\u0103 deja aveam experien\u021ba primei c\u0103r\u021bi, care produsese ceva v\u00e2lv\u0103 \u0219i \u00een lumea medical\u0103, \u0219i \u00een cea a ortodoxiei. Am \u00eencercat s\u0103 aduc dovezile \u0219tiin\u021bifice care sus\u021bin puterea neb\u0103nuit\u0103 a psihicului \u0219i, din p\u0103cate, posibilitatea folosirii ei pentru atacarea, manipularea \u0219i distrugerea altor oameni. Nu am dorit, a\u0219a cum mi s-a repro\u0219at, s\u0103 produc o psihoz\u0103 \u00een mas\u0103, ci doar s\u0103 avetizez asupra folosirii nera\u021bionale a cunoa\u0219terii ezoterice \u0219i de necesitatea ca aceasta s\u0103 fie controlat\u0103 cumva.\u201d Ovidiu Drago\u0219 Arge\u0219anu<br \/>\nMagia a \u00eenceput s\u0103 se practice la nivel politic, \u00een sport, \u00een afaceri, medicin\u0103, armat\u0103 \u0219i spionaj. Aproape c\u0103 nu exist\u0103 domeniu \u00een care cunoa\u0219terea ezoteric\u0103 s\u0103 nu aib\u0103 aplica\u021bii. \u00cen ce m\u0103sur\u0103 sunt adev\u0103rate aceste informa\u021bii, care sunt principiile de baz\u0103 ale ac\u021biunii lor, cum sunt aplicate \u00een via\u021ba de zi cu zi, \u00een terapiile alternative, asta \u00ee\u0219i propune lucrarea de fa\u021b\u0103 s\u0103 discute, ca o concretizare a experien\u0163ei de foarte mul\u021bi ani a autorului, timp \u00een care acesta a studiat ortodoxia, artele mar\u0163iale, Reiki \u015fi magia poporului rom\u00e2n.<\/p>\n","protected":false},"excerpt":{"rendered":"\n<table id=\"tablepress-62\" class=\"tablepress tablepress-id-62\">\n<tbody class=\"row-striping row-hover\">\n<tr class=\"row-1\">\n\t<td class=\"column-1\">SKU<\/td><td class=\"column-2\">PACHET9786069273258PA+CD<\/td>\n<\/tr>\n<tr class=\"row-2\">\n\t<td class=\"column-1\">Editura<\/td><td class=\"column-2\">PRO DAO<\/td>\n<\/tr>\n<tr class=\"row-3\">\n\t<td class=\"column-1\">ISBN<\/td><td class=\"column-2\">978-606-9721-04-9, 978-606-92732-5-8<\/td>\n<\/tr>\n<tr class=\"row-4\">\n\t<td class=\"column-1\">AUTOR<\/td><td class=\"column-2\">Ovidiu Dragos Argesanu<\/td>\n<\/tr>\n<\/tbody>\n<\/table>\n<!-- #tablepress-62 from cache -->\n<p>Pachetul con\u021bine CD-ul cu cartea audio \u0219i edi\u021bia tip\u0103rit\u0103, edi\u021biile 2020.<\/p>\n","protected":false},"featured_media":5346,"template":"","meta":{"inline_featured_image":false},"product_brand":[],"product_cat":[527,730],"product_tag":[],"class_list":{"0":"post-5344","1":"product","2":"type-product","3":"status-publish","4":"has-post-thumbnail","6":"product_cat-carti","7":"product_cat-oferte-speciale","9":"first","10":"instock","11":"taxable","12":"shipping-taxable","13":"purchasable","14":"product-type-simple"},"yoast_head":"<!-- This site is optimized with the Yoast SEO plugin v26.9 - https:\/\/yoast.com\/product\/yoast-seo-wordpress\/ -->\n<title>Pachet Atacul PSI \u00eentre \u0219tiin\u021b\u0103 \u0219i magie (Print + CD) - Ovidiu Drago\u0219 Arge\u0219anu<\/title>\n<meta name=\"robots\" content=\"noindex, follow, max-snippet:-1, max-image-preview:large, max-video-preview:-1\" \/>\n<meta property=\"og:locale\" content=\"en_US\" \/>\n<meta property=\"og:type\" content=\"article\" \/>\n<meta property=\"og:title\" content=\"Pachet Atacul PSI \u00eentre \u0219tiin\u021b\u0103 \u0219i magie (Print + CD) - Ovidiu Drago\u0219 Arge\u0219anu\" \/>\n<meta property=\"og:description\" content=\"Pachetul con\u021bine CD-ul cu cartea audio \u0219i edi\u021bia tip\u0103rit\u0103, edi\u021biile 2020.\" \/>\n<meta property=\"og:url\" content=\"https:\/\/www.ovidiudragosargesanu.ro\/en\/shop\/carti\/oferte-speciale\/pachet-atacul-psi-intre-stiinta-si-magie-print-cd\/\" \/>\n<meta property=\"og:site_name\" content=\"Ovidiu Drago\u0219 Arge\u0219anu\" \/>\n<meta property=\"article:modified_time\" content=\"2024-11-11T14:06:19+00:00\" \/>\n<meta property=\"og:image\" content=\"https:\/\/www.ovidiudragosargesanu.ro\/en\/wp-content\/uploads\/2024\/01\/pachet-atacul-psi-intre-stiinta-si-magie-print-cd1109.webp\" \/>\n\t<meta property=\"og:image:width\" content=\"510\" \/>\n\t<meta property=\"og:image:height\" content=\"588\" \/>\n\t<meta property=\"og:image:type\" content=\"image\/webp\" \/>\n<meta name=\"twitter:card\" content=\"summary_large_image\" \/>\n<meta name=\"twitter:label1\" content=\"Est. reading time\" \/>\n\t<meta name=\"twitter:data1\" content=\"2 minutes\" \/>\n<script type=\"application\/ld+json\" class=\"yoast-schema-graph\">{\"@context\":\"https:\/\/schema.org\",\"@graph\":[{\"@type\":\"WebPage\",\"@id\":\"https:\/\/www.ovidiudragosargesanu.ro\/en\/shop\/carti\/oferte-speciale\/pachet-atacul-psi-intre-stiinta-si-magie-print-cd\/\",\"url\":\"https:\/\/www.ovidiudragosargesanu.ro\/en\/shop\/carti\/oferte-speciale\/pachet-atacul-psi-intre-stiinta-si-magie-print-cd\/\",\"name\":\"Pachet Atacul PSI \u00eentre \u0219tiin\u021b\u0103 \u0219i magie (Print + CD) - Ovidiu Drago\u0219 Arge\u0219anu\",\"isPartOf\":{\"@id\":\"https:\/\/www.ovidiudragosargesanu.ro\/en\/#website\"},\"primaryImageOfPage\":{\"@id\":\"https:\/\/www.ovidiudragosargesanu.ro\/en\/shop\/carti\/oferte-speciale\/pachet-atacul-psi-intre-stiinta-si-magie-print-cd\/#primaryimage\"},\"image\":{\"@id\":\"https:\/\/www.ovidiudragosargesanu.ro\/en\/shop\/carti\/oferte-speciale\/pachet-atacul-psi-intre-stiinta-si-magie-print-cd\/#primaryimage\"},\"thumbnailUrl\":\"https:\/\/www.ovidiudragosargesanu.ro\/en\/wp-content\/uploads\/2024\/01\/pachet-atacul-psi-intre-stiinta-si-magie-print-cd1109.webp\",\"datePublished\":\"2024-01-26T21:12:02+00:00\",\"dateModified\":\"2024-11-11T14:06:19+00:00\",\"breadcrumb\":{\"@id\":\"https:\/\/www.ovidiudragosargesanu.ro\/en\/shop\/carti\/oferte-speciale\/pachet-atacul-psi-intre-stiinta-si-magie-print-cd\/#breadcrumb\"},\"inLanguage\":\"en-US\",\"potentialAction\":[{\"@type\":\"ReadAction\",\"target\":[\"https:\/\/www.ovidiudragosargesanu.ro\/en\/shop\/carti\/oferte-speciale\/pachet-atacul-psi-intre-stiinta-si-magie-print-cd\/\"]}]},{\"@type\":\"ImageObject\",\"inLanguage\":\"en-US\",\"@id\":\"https:\/\/www.ovidiudragosargesanu.ro\/en\/shop\/carti\/oferte-speciale\/pachet-atacul-psi-intre-stiinta-si-magie-print-cd\/#primaryimage\",\"url\":\"https:\/\/www.ovidiudragosargesanu.ro\/en\/wp-content\/uploads\/2024\/01\/pachet-atacul-psi-intre-stiinta-si-magie-print-cd1109.webp\",\"contentUrl\":\"https:\/\/www.ovidiudragosargesanu.ro\/en\/wp-content\/uploads\/2024\/01\/pachet-atacul-psi-intre-stiinta-si-magie-print-cd1109.webp\",\"width\":510,\"height\":588},{\"@type\":\"BreadcrumbList\",\"@id\":\"https:\/\/www.ovidiudragosargesanu.ro\/en\/shop\/carti\/oferte-speciale\/pachet-atacul-psi-intre-stiinta-si-magie-print-cd\/#breadcrumb\",\"itemListElement\":[{\"@type\":\"ListItem\",\"position\":1,\"name\":\"Prima pagin\u0103\",\"item\":\"https:\/\/www.ovidiudragosargesanu.ro\/en\/\"},{\"@type\":\"ListItem\",\"position\":2,\"name\":\"Shop\",\"item\":\"https:\/\/www.ovidiudragosargesanu.ro\/en\/shop\/\"},{\"@type\":\"ListItem\",\"position\":3,\"name\":\"Pachet Atacul PSI \u00eentre \u0219tiin\u021b\u0103 \u0219i magie (Print + CD)\"}]},{\"@type\":\"WebSite\",\"@id\":\"https:\/\/www.ovidiudragosargesanu.ro\/en\/#website\",\"url\":\"https:\/\/www.ovidiudragosargesanu.ro\/en\/\",\"name\":\"Ovidiu Drago\u0219 Arge\u0219anu\",\"description\":\"\",\"publisher\":{\"@id\":\"https:\/\/www.ovidiudragosargesanu.ro\/en\/#organization\"},\"potentialAction\":[{\"@type\":\"SearchAction\",\"target\":{\"@type\":\"EntryPoint\",\"urlTemplate\":\"https:\/\/www.ovidiudragosargesanu.ro\/en\/?s={search_term_string}\"},\"query-input\":{\"@type\":\"PropertyValueSpecification\",\"valueRequired\":true,\"valueName\":\"search_term_string\"}}],\"inLanguage\":\"en-US\"},{\"@type\":\"Organization\",\"@id\":\"https:\/\/www.ovidiudragosargesanu.ro\/en\/#organization\",\"name\":\"Ovidiu Drago\u0219 Arge\u0219anu\",\"url\":\"https:\/\/www.ovidiudragosargesanu.ro\/en\/\",\"logo\":{\"@type\":\"ImageObject\",\"inLanguage\":\"en-US\",\"@id\":\"https:\/\/www.ovidiudragosargesanu.ro\/en\/#\/schema\/logo\/image\/\",\"url\":\"https:\/\/www.ovidiudragosargesanu.ro\/en\/wp-content\/uploads\/2018\/03\/dragos-logo-lotus-black-400.svg\",\"contentUrl\":\"https:\/\/www.ovidiudragosargesanu.ro\/en\/wp-content\/uploads\/2018\/03\/dragos-logo-lotus-black-400.svg\",\"width\":300,\"height\":150,\"caption\":\"Ovidiu Drago\u0219 Arge\u0219anu\"},\"image\":{\"@id\":\"https:\/\/www.ovidiudragosargesanu.ro\/en\/#\/schema\/logo\/image\/\"}}]}<\/script>\n<!-- \/ Yoast SEO plugin. -->","yoast_head_json":{"title":"Pachet Atacul PSI \u00eentre \u0219tiin\u021b\u0103 \u0219i magie (Print + CD) - Ovidiu Drago\u0219 Arge\u0219anu","robots":{"index":"noindex","follow":"follow","max-snippet":"max-snippet:-1","max-image-preview":"max-image-preview:large","max-video-preview":"max-video-preview:-1"},"og_locale":"en_US","og_type":"article","og_title":"Pachet Atacul PSI \u00eentre \u0219tiin\u021b\u0103 \u0219i magie (Print + CD) - Ovidiu Drago\u0219 Arge\u0219anu","og_description":"Pachetul con\u021bine CD-ul cu cartea audio \u0219i edi\u021bia tip\u0103rit\u0103, edi\u021biile 2020.","og_url":"https:\/\/www.ovidiudragosargesanu.ro\/en\/shop\/carti\/oferte-speciale\/pachet-atacul-psi-intre-stiinta-si-magie-print-cd\/","og_site_name":"Ovidiu Drago\u0219 Arge\u0219anu","article_modified_time":"2024-11-11T14:06:19+00:00","og_image":[{"width":510,"height":588,"url":"https:\/\/www.ovidiudragosargesanu.ro\/en\/wp-content\/uploads\/2024\/01\/pachet-atacul-psi-intre-stiinta-si-magie-print-cd1109.webp","type":"image\/webp"}],"twitter_card":"summary_large_image","twitter_misc":{"Est. reading time":"2 minutes"},"schema":{"@context":"https:\/\/schema.org","@graph":[{"@type":"WebPage","@id":"https:\/\/www.ovidiudragosargesanu.ro\/en\/shop\/carti\/oferte-speciale\/pachet-atacul-psi-intre-stiinta-si-magie-print-cd\/","url":"https:\/\/www.ovidiudragosargesanu.ro\/en\/shop\/carti\/oferte-speciale\/pachet-atacul-psi-intre-stiinta-si-magie-print-cd\/","name":"Pachet Atacul PSI \u00eentre \u0219tiin\u021b\u0103 \u0219i magie (Print + CD) - Ovidiu Drago\u0219 Arge\u0219anu","isPartOf":{"@id":"https:\/\/www.ovidiudragosargesanu.ro\/en\/#website"},"primaryImageOfPage":{"@id":"https:\/\/www.ovidiudragosargesanu.ro\/en\/shop\/carti\/oferte-speciale\/pachet-atacul-psi-intre-stiinta-si-magie-print-cd\/#primaryimage"},"image":{"@id":"https:\/\/www.ovidiudragosargesanu.ro\/en\/shop\/carti\/oferte-speciale\/pachet-atacul-psi-intre-stiinta-si-magie-print-cd\/#primaryimage"},"thumbnailUrl":"https:\/\/www.ovidiudragosargesanu.ro\/en\/wp-content\/uploads\/2024\/01\/pachet-atacul-psi-intre-stiinta-si-magie-print-cd1109.webp","datePublished":"2024-01-26T21:12:02+00:00","dateModified":"2024-11-11T14:06:19+00:00","breadcrumb":{"@id":"https:\/\/www.ovidiudragosargesanu.ro\/en\/shop\/carti\/oferte-speciale\/pachet-atacul-psi-intre-stiinta-si-magie-print-cd\/#breadcrumb"},"inLanguage":"en-US","potentialAction":[{"@type":"ReadAction","target":["https:\/\/www.ovidiudragosargesanu.ro\/en\/shop\/carti\/oferte-speciale\/pachet-atacul-psi-intre-stiinta-si-magie-print-cd\/"]}]},{"@type":"ImageObject","inLanguage":"en-US","@id":"https:\/\/www.ovidiudragosargesanu.ro\/en\/shop\/carti\/oferte-speciale\/pachet-atacul-psi-intre-stiinta-si-magie-print-cd\/#primaryimage","url":"https:\/\/www.ovidiudragosargesanu.ro\/en\/wp-content\/uploads\/2024\/01\/pachet-atacul-psi-intre-stiinta-si-magie-print-cd1109.webp","contentUrl":"https:\/\/www.ovidiudragosargesanu.ro\/en\/wp-content\/uploads\/2024\/01\/pachet-atacul-psi-intre-stiinta-si-magie-print-cd1109.webp","width":510,"height":588},{"@type":"BreadcrumbList","@id":"https:\/\/www.ovidiudragosargesanu.ro\/en\/shop\/carti\/oferte-speciale\/pachet-atacul-psi-intre-stiinta-si-magie-print-cd\/#breadcrumb","itemListElement":[{"@type":"ListItem","position":1,"name":"Prima pagin\u0103","item":"https:\/\/www.ovidiudragosargesanu.ro\/en\/"},{"@type":"ListItem","position":2,"name":"Shop","item":"https:\/\/www.ovidiudragosargesanu.ro\/en\/shop\/"},{"@type":"ListItem","position":3,"name":"Pachet Atacul PSI \u00eentre \u0219tiin\u021b\u0103 \u0219i magie (Print + CD)"}]},{"@type":"WebSite","@id":"https:\/\/www.ovidiudragosargesanu.ro\/en\/#website","url":"https:\/\/www.ovidiudragosargesanu.ro\/en\/","name":"Ovidiu Drago\u0219 Arge\u0219anu","description":"","publisher":{"@id":"https:\/\/www.ovidiudragosargesanu.ro\/en\/#organization"},"potentialAction":[{"@type":"SearchAction","target":{"@type":"EntryPoint","urlTemplate":"https:\/\/www.ovidiudragosargesanu.ro\/en\/?s={search_term_string}"},"query-input":{"@type":"PropertyValueSpecification","valueRequired":true,"valueName":"search_term_string"}}],"inLanguage":"en-US"},{"@type":"Organization","@id":"https:\/\/www.ovidiudragosargesanu.ro\/en\/#organization","name":"Ovidiu Drago\u0219 Arge\u0219anu","url":"https:\/\/www.ovidiudragosargesanu.ro\/en\/","logo":{"@type":"ImageObject","inLanguage":"en-US","@id":"https:\/\/www.ovidiudragosargesanu.ro\/en\/#\/schema\/logo\/image\/","url":"https:\/\/www.ovidiudragosargesanu.ro\/en\/wp-content\/uploads\/2018\/03\/dragos-logo-lotus-black-400.svg","contentUrl":"https:\/\/www.ovidiudragosargesanu.ro\/en\/wp-content\/uploads\/2018\/03\/dragos-logo-lotus-black-400.svg","width":300,"height":150,"caption":"Ovidiu Drago\u0219 Arge\u0219anu"},"image":{"@id":"https:\/\/www.ovidiudragosargesanu.ro\/en\/#\/schema\/logo\/image\/"}}]}},"_links":{"self":[{"href":"https:\/\/www.ovidiudragosargesanu.ro\/en\/wp-json\/wp\/v2\/product\/5344","targetHints":{"allow":["GET"]}}],"collection":[{"href":"https:\/\/www.ovidiudragosargesanu.ro\/en\/wp-json\/wp\/v2\/product"}],"about":[{"href":"https:\/\/www.ovidiudragosargesanu.ro\/en\/wp-json\/wp\/v2\/types\/product"}],"version-history":[{"count":1,"href":"https:\/\/www.ovidiudragosargesanu.ro\/en\/wp-json\/wp\/v2\/product\/5344\/revisions"}],"predecessor-version":[{"id":5347,"href":"https:\/\/www.ovidiudragosargesanu.ro\/en\/wp-json\/wp\/v2\/product\/5344\/revisions\/5347"}],"wp:featuredmedia":[{"embeddable":true,"href":"https:\/\/www.ovidiudragosargesanu.ro\/en\/wp-json\/wp\/v2\/media\/5346"}],"wp:attachment":[{"href":"https:\/\/www.ovidiudragosargesanu.ro\/en\/wp-json\/wp\/v2\/media?parent=5344"}],"wp:term":[{"taxonomy":"product_brand","embeddable":true,"href":"https:\/\/www.ovidiudragosargesanu.ro\/en\/wp-json\/wp\/v2\/product_brand?post=5344"},{"taxonomy":"product_cat","embeddable":true,"href":"https:\/\/www.ovidiudragosargesanu.ro\/en\/wp-json\/wp\/v2\/product_cat?post=5344"},{"taxonomy":"product_tag","embeddable":true,"href":"https:\/\/www.ovidiudragosargesanu.ro\/en\/wp-json\/wp\/v2\/product_tag?post=5344"}],"curies":[{"name":"wp","href":"https:\/\/api.w.org\/{rel}","templated":true}]}}