{"id":54155,"date":"2025-06-26T17:53:49","date_gmt":"2025-06-26T14:53:49","guid":{"rendered":"https:\/\/www.ovidiudragosargesanu.ro\/shop\/fara-categorie\/seminar-practic-kombat-5-bucuresti-acces-online\/"},"modified":"2025-08-11T11:36:58","modified_gmt":"2025-08-11T08:36:58","slug":"seminar-practic-kombat-5-bucuresti-acces-online","status":"publish","type":"product","link":"https:\/\/www.ovidiudragosargesanu.ro\/en\/shop\/cursuri-premium\/kombat-ki\/seminar-practic-kombat-5-bucuresti-acces-online\/","title":{"rendered":"Seminar Practic Kombat 5 Bucuresti &#8211; acces online"},"content":{"rendered":"<p><b>Seminar PRACTIC KOMBAT 5 \u2013 ULTIMA EDI\u021aIE \u00een Bucure\u0219ti | 21 Iulie 2025\u00a0<\/b><\/p>\n<p><b>Ce vei \u00eenv\u0103\u021ba la Seminarul KOMBAT 5?<\/b><\/p>\n<p><b>\u00a01.SPA\u021aIILE:<\/b><\/p>\n<ul>\n<li><span style=\"font-weight: 400;\">\u2060\u00a0 \u2060Ce sunt spa\u021biile \u0219i de c\u00e2te tipuri sunt.<\/span><\/li>\n<li><span style=\"font-weight: 400;\">\u2060\u00a0 \u2060Cum se fac spa\u021biile.<\/span><\/li>\n<li><span style=\"font-weight: 400;\">\u2060\u00a0 \u2060Informa\u021biile dintr-un spa\u021biu.<\/span><\/li>\n<li><span style=\"font-weight: 400;\">\u2060\u00a0 \u2060Anihilarea acestora.<\/span><\/li>\n<li><span style=\"font-weight: 400;\">\u2060\u00a0 \u2060Ce \u0219i cum se m\u0103soar\u0103 radiestezic spa\u021biile.<\/span><\/li>\n<li><span style=\"font-weight: 400;\">\u2060\u00a0 \u2060Cum ne pot influen\u021ba via\u021ba de zi cu zi.<\/span><\/li>\n<li><span style=\"font-weight: 400;\">\u2060\u00a0 \u2060Spa\u021biile speciale.<\/span><\/li>\n<li><span style=\"font-weight: 400;\">\u2060\u00a0 \u2060Blestemele \u0219i jur\u0103mintele.<\/span><\/li>\n<\/ul>\n<p><b>\u00a02.S\u0102BIILE DE LUMIN\u0102:<\/b><\/p>\n<ul>\n<li><span style=\"font-weight: 400;\">\u2060\u00a0 \u2060Con\u0219tientizarea existen\u021bei sabiei de lumin\u0103.<\/span><\/li>\n<li><span style=\"font-weight: 400;\">\u2060\u00a0 \u2060Medita\u021bia dob\u00e2ndirii sabiei de lumina.<\/span><\/li>\n<li><span style=\"font-weight: 400;\">\u2060\u00a0 \u2060Algoritmul de c\u0103utare a sabiei cu ansa.<\/span><\/li>\n<li><span style=\"font-weight: 400;\">\u2060\u00a0 \u2060\u00cenc\u0103rcarea s\u0103biilor voastre \u0219i a arhanghelilor \/ ghizilor.<\/span><\/li>\n<li><span style=\"font-weight: 400;\">\u2060\u00a0 \u2060Ce se poate face cu sabia de lumin\u0103.<\/span><\/li>\n<li><span style=\"font-weight: 400;\">\u2060\u00a0 \u2060Cum po\u021bi fi atacat cu acestea \u0219i metode de ap\u0103rare.<\/span><\/li>\n<li><span style=\"font-weight: 400;\">\u2060\u00a0 \u2060Manifest\u0103rile \u00een planul fizic ale atacurilor cu sabia de lumin\u0103.<\/span><\/li>\n<li><span style=\"font-weight: 400;\">\u2060\u00a0 \u2060Ce se m\u0103soar\u0103 radiestezic pentru identificare, atac \u0219i refacere.<\/span><\/li>\n<li><span style=\"font-weight: 400;\">\u2060\u00a0 \u2060Medita\u021bia dob\u00e2ndirii sabiei de lumin\u0103.<\/span><\/li>\n<\/ul>\n<p><b>3.\u2060 \u2060LEG\u0102TURI:<\/b><\/p>\n<ul>\n<li><span style=\"font-weight: 400;\">\u2060\u00a0 \u2060Ce sunt leg\u0103turile,<\/span><\/li>\n<li><span style=\"font-weight: 400;\">\u2060\u00a0 \u2060Cum te \u00eempiedic\u0103,<\/span><\/li>\n<li><span style=\"font-weight: 400;\">\u2060\u00a0 \u2060Cum se anihileaz\u0103,<\/span><\/li>\n<li><span style=\"font-weight: 400;\">\u2060\u00a0 \u2060Exemple de diverse tipuri de leg\u0103turi f\u0103cute de: chinezi, \u021bigani, 99 preo\u021bi cre\u0219tini, pe diverse structuri, 78 pe arborele vie\u021bii f\u0103cute de cei care \u0219tiu Kabala,<\/span><\/li>\n<li><span style=\"font-weight: 400;\">\u2060\u00a0 \u2060Leg\u0103turi f\u0103cute cu psalmii lui David, pe p\u0103pu\u0219i arse apoi \u00een foc, obiect , organe sexuale, voodoo etc.<\/span><\/li>\n<\/ul>\n<p><b>4 . Microversurile:<\/b><\/p>\n<ul>\n<li><span style=\"font-weight: 400;\">\u2060\u00a0 \u2060Descoper\u0103 cum microlumile pot amplifica energiile.<\/span><\/li>\n<li><span style=\"font-weight: 400;\">\u2060\u00a0 \u2060\u00cenva\u021b\u0103 s\u0103 identifici \u0219i s\u0103 controlezi aceste entit\u0103\u021bi.<\/span><\/li>\n<\/ul>\n<p>&nbsp;<\/p>\n<p>&nbsp;<\/p>\n","protected":false},"excerpt":{"rendered":"<p><b>ACCES NELIMITAT!<\/b><\/p>\n<p>Te invit s\u0103 vizionezi <b>Seminarul Practic KOMBAT 5<\/b><span style=\"font-weight: 400;\"> ce a avut loc pe 21 iulie, \u00een Bucure\u0219ti.<\/span><\/p>\n<p>&nbsp;<\/p>\n","protected":false},"featured_media":56812,"template":"","meta":{"inline_featured_image":false},"product_brand":[],"product_cat":[602,762],"product_tag":[],"class_list":{"0":"post-54155","1":"product","2":"type-product","3":"status-publish","4":"has-post-thumbnail","6":"product_cat-cursuri-premium","7":"product_cat-kombat-ki","9":"first","10":"instock","11":"virtual","12":"sold-individually","13":"taxable","14":"purchasable","15":"product-type-simple"},"yoast_head":"<!-- This site is optimized with the Yoast SEO plugin v26.9 - https:\/\/yoast.com\/product\/yoast-seo-wordpress\/ -->\n<title>Seminar Practic Kombat 5 Bucuresti - acces online - Ovidiu Drago\u0219 Arge\u0219anu<\/title>\n<meta name=\"description\" content=\"Seminar PRACTIC KOMBAT 5 \u2013 ULTIMA EDI\u021aIE \u00een Bucure\u0219ti | 21 Iulie 2025 | Ora 18:00. Ultima \u0219ans\u0103 de a participa la Seminarul KOMBAT 5 \u00een format fizic\" \/>\n<meta name=\"robots\" content=\"noindex, follow, max-snippet:-1, max-image-preview:large, max-video-preview:-1\" \/>\n<meta property=\"og:locale\" content=\"en_US\" \/>\n<meta property=\"og:type\" content=\"article\" \/>\n<meta property=\"og:title\" content=\"Seminar Practic Kombat 5 Bucuresti - acces online - Ovidiu Drago\u0219 Arge\u0219anu\" \/>\n<meta property=\"og:description\" content=\"Seminar PRACTIC KOMBAT 5 \u2013 ULTIMA EDI\u021aIE \u00een Bucure\u0219ti | 21 Iulie 2025 | Ora 18:00. Ultima \u0219ans\u0103 de a participa la Seminarul KOMBAT 5 \u00een format fizic\" \/>\n<meta property=\"og:url\" content=\"https:\/\/www.ovidiudragosargesanu.ro\/en\/shop\/cursuri-premium\/kombat-ki\/seminar-practic-kombat-5-bucuresti-acces-online\/\" \/>\n<meta property=\"og:site_name\" content=\"Ovidiu Drago\u0219 Arge\u0219anu\" \/>\n<meta property=\"article:modified_time\" content=\"2025-08-11T08:36:58+00:00\" \/>\n<meta property=\"og:image\" content=\"https:\/\/www.ovidiudragosargesanu.ro\/en\/wp-content\/uploads\/2025\/06\/Seminar-Kombat-5-grafica-premium-600x800-1.jpg\" \/>\n\t<meta property=\"og:image:width\" content=\"600\" \/>\n\t<meta property=\"og:image:height\" content=\"800\" \/>\n\t<meta property=\"og:image:type\" content=\"image\/jpeg\" \/>\n<meta name=\"twitter:card\" content=\"summary_large_image\" \/>\n<meta name=\"twitter:label1\" content=\"Est. reading time\" \/>\n\t<meta name=\"twitter:data1\" content=\"2 minutes\" \/>\n<script type=\"application\/ld+json\" class=\"yoast-schema-graph\">{\"@context\":\"https:\/\/schema.org\",\"@graph\":[{\"@type\":\"WebPage\",\"@id\":\"https:\/\/www.ovidiudragosargesanu.ro\/en\/shop\/cursuri-premium\/kombat-ki\/seminar-practic-kombat-5-bucuresti-acces-online\/\",\"url\":\"https:\/\/www.ovidiudragosargesanu.ro\/en\/shop\/cursuri-premium\/kombat-ki\/seminar-practic-kombat-5-bucuresti-acces-online\/\",\"name\":\"Seminar Practic Kombat 5 Bucuresti - acces online - Ovidiu Drago\u0219 Arge\u0219anu\",\"isPartOf\":{\"@id\":\"https:\/\/www.ovidiudragosargesanu.ro\/en\/#website\"},\"primaryImageOfPage\":{\"@id\":\"https:\/\/www.ovidiudragosargesanu.ro\/en\/shop\/cursuri-premium\/kombat-ki\/seminar-practic-kombat-5-bucuresti-acces-online\/#primaryimage\"},\"image\":{\"@id\":\"https:\/\/www.ovidiudragosargesanu.ro\/en\/shop\/cursuri-premium\/kombat-ki\/seminar-practic-kombat-5-bucuresti-acces-online\/#primaryimage\"},\"thumbnailUrl\":\"https:\/\/www.ovidiudragosargesanu.ro\/en\/wp-content\/uploads\/2025\/06\/Seminar-Kombat-5-grafica-premium-600x800-1.jpg\",\"datePublished\":\"2025-06-26T14:53:49+00:00\",\"dateModified\":\"2025-08-11T08:36:58+00:00\",\"description\":\"Seminar PRACTIC KOMBAT 5 \u2013 ULTIMA EDI\u021aIE \u00een Bucure\u0219ti | 21 Iulie 2025 | Ora 18:00. Ultima \u0219ans\u0103 de a participa la Seminarul KOMBAT 5 \u00een format fizic\",\"breadcrumb\":{\"@id\":\"https:\/\/www.ovidiudragosargesanu.ro\/en\/shop\/cursuri-premium\/kombat-ki\/seminar-practic-kombat-5-bucuresti-acces-online\/#breadcrumb\"},\"inLanguage\":\"en-US\",\"potentialAction\":[{\"@type\":\"ReadAction\",\"target\":[\"https:\/\/www.ovidiudragosargesanu.ro\/en\/shop\/cursuri-premium\/kombat-ki\/seminar-practic-kombat-5-bucuresti-acces-online\/\"]}]},{\"@type\":\"ImageObject\",\"inLanguage\":\"en-US\",\"@id\":\"https:\/\/www.ovidiudragosargesanu.ro\/en\/shop\/cursuri-premium\/kombat-ki\/seminar-practic-kombat-5-bucuresti-acces-online\/#primaryimage\",\"url\":\"https:\/\/www.ovidiudragosargesanu.ro\/en\/wp-content\/uploads\/2025\/06\/Seminar-Kombat-5-grafica-premium-600x800-1.jpg\",\"contentUrl\":\"https:\/\/www.ovidiudragosargesanu.ro\/en\/wp-content\/uploads\/2025\/06\/Seminar-Kombat-5-grafica-premium-600x800-1.jpg\",\"width\":600,\"height\":800},{\"@type\":\"BreadcrumbList\",\"@id\":\"https:\/\/www.ovidiudragosargesanu.ro\/en\/shop\/cursuri-premium\/kombat-ki\/seminar-practic-kombat-5-bucuresti-acces-online\/#breadcrumb\",\"itemListElement\":[{\"@type\":\"ListItem\",\"position\":1,\"name\":\"Prima pagin\u0103\",\"item\":\"https:\/\/www.ovidiudragosargesanu.ro\/en\/\"},{\"@type\":\"ListItem\",\"position\":2,\"name\":\"Shop\",\"item\":\"https:\/\/www.ovidiudragosargesanu.ro\/en\/shop\/\"},{\"@type\":\"ListItem\",\"position\":3,\"name\":\"Seminar Practic Kombat 5 Bucuresti &#8211; acces online\"}]},{\"@type\":\"WebSite\",\"@id\":\"https:\/\/www.ovidiudragosargesanu.ro\/en\/#website\",\"url\":\"https:\/\/www.ovidiudragosargesanu.ro\/en\/\",\"name\":\"Ovidiu Drago\u0219 Arge\u0219anu\",\"description\":\"\",\"publisher\":{\"@id\":\"https:\/\/www.ovidiudragosargesanu.ro\/en\/#organization\"},\"potentialAction\":[{\"@type\":\"SearchAction\",\"target\":{\"@type\":\"EntryPoint\",\"urlTemplate\":\"https:\/\/www.ovidiudragosargesanu.ro\/en\/?s={search_term_string}\"},\"query-input\":{\"@type\":\"PropertyValueSpecification\",\"valueRequired\":true,\"valueName\":\"search_term_string\"}}],\"inLanguage\":\"en-US\"},{\"@type\":\"Organization\",\"@id\":\"https:\/\/www.ovidiudragosargesanu.ro\/en\/#organization\",\"name\":\"Ovidiu Drago\u0219 Arge\u0219anu\",\"url\":\"https:\/\/www.ovidiudragosargesanu.ro\/en\/\",\"logo\":{\"@type\":\"ImageObject\",\"inLanguage\":\"en-US\",\"@id\":\"https:\/\/www.ovidiudragosargesanu.ro\/en\/#\/schema\/logo\/image\/\",\"url\":\"https:\/\/www.ovidiudragosargesanu.ro\/en\/wp-content\/uploads\/2018\/03\/dragos-logo-lotus-black-400.svg\",\"contentUrl\":\"https:\/\/www.ovidiudragosargesanu.ro\/en\/wp-content\/uploads\/2018\/03\/dragos-logo-lotus-black-400.svg\",\"width\":300,\"height\":150,\"caption\":\"Ovidiu Drago\u0219 Arge\u0219anu\"},\"image\":{\"@id\":\"https:\/\/www.ovidiudragosargesanu.ro\/en\/#\/schema\/logo\/image\/\"}}]}<\/script>\n<!-- \/ Yoast SEO plugin. -->","yoast_head_json":{"title":"Seminar Practic Kombat 5 Bucuresti - acces online - Ovidiu Drago\u0219 Arge\u0219anu","description":"Seminar PRACTIC KOMBAT 5 \u2013 ULTIMA EDI\u021aIE \u00een Bucure\u0219ti | 21 Iulie 2025 | Ora 18:00. Ultima \u0219ans\u0103 de a participa la Seminarul KOMBAT 5 \u00een format fizic","robots":{"index":"noindex","follow":"follow","max-snippet":"max-snippet:-1","max-image-preview":"max-image-preview:large","max-video-preview":"max-video-preview:-1"},"og_locale":"en_US","og_type":"article","og_title":"Seminar Practic Kombat 5 Bucuresti - acces online - Ovidiu Drago\u0219 Arge\u0219anu","og_description":"Seminar PRACTIC KOMBAT 5 \u2013 ULTIMA EDI\u021aIE \u00een Bucure\u0219ti | 21 Iulie 2025 | Ora 18:00. Ultima \u0219ans\u0103 de a participa la Seminarul KOMBAT 5 \u00een format fizic","og_url":"https:\/\/www.ovidiudragosargesanu.ro\/en\/shop\/cursuri-premium\/kombat-ki\/seminar-practic-kombat-5-bucuresti-acces-online\/","og_site_name":"Ovidiu Drago\u0219 Arge\u0219anu","article_modified_time":"2025-08-11T08:36:58+00:00","og_image":[{"width":600,"height":800,"url":"https:\/\/www.ovidiudragosargesanu.ro\/en\/wp-content\/uploads\/2025\/06\/Seminar-Kombat-5-grafica-premium-600x800-1.jpg","type":"image\/jpeg"}],"twitter_card":"summary_large_image","twitter_misc":{"Est. reading time":"2 minutes"},"schema":{"@context":"https:\/\/schema.org","@graph":[{"@type":"WebPage","@id":"https:\/\/www.ovidiudragosargesanu.ro\/en\/shop\/cursuri-premium\/kombat-ki\/seminar-practic-kombat-5-bucuresti-acces-online\/","url":"https:\/\/www.ovidiudragosargesanu.ro\/en\/shop\/cursuri-premium\/kombat-ki\/seminar-practic-kombat-5-bucuresti-acces-online\/","name":"Seminar Practic Kombat 5 Bucuresti - acces online - Ovidiu Drago\u0219 Arge\u0219anu","isPartOf":{"@id":"https:\/\/www.ovidiudragosargesanu.ro\/en\/#website"},"primaryImageOfPage":{"@id":"https:\/\/www.ovidiudragosargesanu.ro\/en\/shop\/cursuri-premium\/kombat-ki\/seminar-practic-kombat-5-bucuresti-acces-online\/#primaryimage"},"image":{"@id":"https:\/\/www.ovidiudragosargesanu.ro\/en\/shop\/cursuri-premium\/kombat-ki\/seminar-practic-kombat-5-bucuresti-acces-online\/#primaryimage"},"thumbnailUrl":"https:\/\/www.ovidiudragosargesanu.ro\/en\/wp-content\/uploads\/2025\/06\/Seminar-Kombat-5-grafica-premium-600x800-1.jpg","datePublished":"2025-06-26T14:53:49+00:00","dateModified":"2025-08-11T08:36:58+00:00","description":"Seminar PRACTIC KOMBAT 5 \u2013 ULTIMA EDI\u021aIE \u00een Bucure\u0219ti | 21 Iulie 2025 | Ora 18:00. Ultima \u0219ans\u0103 de a participa la Seminarul KOMBAT 5 \u00een format fizic","breadcrumb":{"@id":"https:\/\/www.ovidiudragosargesanu.ro\/en\/shop\/cursuri-premium\/kombat-ki\/seminar-practic-kombat-5-bucuresti-acces-online\/#breadcrumb"},"inLanguage":"en-US","potentialAction":[{"@type":"ReadAction","target":["https:\/\/www.ovidiudragosargesanu.ro\/en\/shop\/cursuri-premium\/kombat-ki\/seminar-practic-kombat-5-bucuresti-acces-online\/"]}]},{"@type":"ImageObject","inLanguage":"en-US","@id":"https:\/\/www.ovidiudragosargesanu.ro\/en\/shop\/cursuri-premium\/kombat-ki\/seminar-practic-kombat-5-bucuresti-acces-online\/#primaryimage","url":"https:\/\/www.ovidiudragosargesanu.ro\/en\/wp-content\/uploads\/2025\/06\/Seminar-Kombat-5-grafica-premium-600x800-1.jpg","contentUrl":"https:\/\/www.ovidiudragosargesanu.ro\/en\/wp-content\/uploads\/2025\/06\/Seminar-Kombat-5-grafica-premium-600x800-1.jpg","width":600,"height":800},{"@type":"BreadcrumbList","@id":"https:\/\/www.ovidiudragosargesanu.ro\/en\/shop\/cursuri-premium\/kombat-ki\/seminar-practic-kombat-5-bucuresti-acces-online\/#breadcrumb","itemListElement":[{"@type":"ListItem","position":1,"name":"Prima pagin\u0103","item":"https:\/\/www.ovidiudragosargesanu.ro\/en\/"},{"@type":"ListItem","position":2,"name":"Shop","item":"https:\/\/www.ovidiudragosargesanu.ro\/en\/shop\/"},{"@type":"ListItem","position":3,"name":"Seminar Practic Kombat 5 Bucuresti &#8211; acces online"}]},{"@type":"WebSite","@id":"https:\/\/www.ovidiudragosargesanu.ro\/en\/#website","url":"https:\/\/www.ovidiudragosargesanu.ro\/en\/","name":"Ovidiu Drago\u0219 Arge\u0219anu","description":"","publisher":{"@id":"https:\/\/www.ovidiudragosargesanu.ro\/en\/#organization"},"potentialAction":[{"@type":"SearchAction","target":{"@type":"EntryPoint","urlTemplate":"https:\/\/www.ovidiudragosargesanu.ro\/en\/?s={search_term_string}"},"query-input":{"@type":"PropertyValueSpecification","valueRequired":true,"valueName":"search_term_string"}}],"inLanguage":"en-US"},{"@type":"Organization","@id":"https:\/\/www.ovidiudragosargesanu.ro\/en\/#organization","name":"Ovidiu Drago\u0219 Arge\u0219anu","url":"https:\/\/www.ovidiudragosargesanu.ro\/en\/","logo":{"@type":"ImageObject","inLanguage":"en-US","@id":"https:\/\/www.ovidiudragosargesanu.ro\/en\/#\/schema\/logo\/image\/","url":"https:\/\/www.ovidiudragosargesanu.ro\/en\/wp-content\/uploads\/2018\/03\/dragos-logo-lotus-black-400.svg","contentUrl":"https:\/\/www.ovidiudragosargesanu.ro\/en\/wp-content\/uploads\/2018\/03\/dragos-logo-lotus-black-400.svg","width":300,"height":150,"caption":"Ovidiu Drago\u0219 Arge\u0219anu"},"image":{"@id":"https:\/\/www.ovidiudragosargesanu.ro\/en\/#\/schema\/logo\/image\/"}}]}},"_links":{"self":[{"href":"https:\/\/www.ovidiudragosargesanu.ro\/en\/wp-json\/wp\/v2\/product\/54155","targetHints":{"allow":["GET"]}}],"collection":[{"href":"https:\/\/www.ovidiudragosargesanu.ro\/en\/wp-json\/wp\/v2\/product"}],"about":[{"href":"https:\/\/www.ovidiudragosargesanu.ro\/en\/wp-json\/wp\/v2\/types\/product"}],"version-history":[{"count":4,"href":"https:\/\/www.ovidiudragosargesanu.ro\/en\/wp-json\/wp\/v2\/product\/54155\/revisions"}],"predecessor-version":[{"id":56836,"href":"https:\/\/www.ovidiudragosargesanu.ro\/en\/wp-json\/wp\/v2\/product\/54155\/revisions\/56836"}],"wp:featuredmedia":[{"embeddable":true,"href":"https:\/\/www.ovidiudragosargesanu.ro\/en\/wp-json\/wp\/v2\/media\/56812"}],"wp:attachment":[{"href":"https:\/\/www.ovidiudragosargesanu.ro\/en\/wp-json\/wp\/v2\/media?parent=54155"}],"wp:term":[{"taxonomy":"product_brand","embeddable":true,"href":"https:\/\/www.ovidiudragosargesanu.ro\/en\/wp-json\/wp\/v2\/product_brand?post=54155"},{"taxonomy":"product_cat","embeddable":true,"href":"https:\/\/www.ovidiudragosargesanu.ro\/en\/wp-json\/wp\/v2\/product_cat?post=54155"},{"taxonomy":"product_tag","embeddable":true,"href":"https:\/\/www.ovidiudragosargesanu.ro\/en\/wp-json\/wp\/v2\/product_tag?post=54155"}],"curies":[{"name":"wp","href":"https:\/\/api.w.org\/{rel}","templated":true}]}}