{"id":54384,"date":"2025-07-02T17:13:11","date_gmt":"2025-07-02T14:13:11","guid":{"rendered":"https:\/\/www.ovidiudragosargesanu.ro\/shop\/fara-categorie\/seminar-reiki-usui-grad-2-brasov-acces-online-2\/"},"modified":"2025-08-11T11:38:59","modified_gmt":"2025-08-11T08:38:59","slug":"seminar-reiki-usui-grad-2-brasov-acces-online","status":"publish","type":"product","link":"https:\/\/www.ovidiudragosargesanu.ro\/en\/shop\/cursuri-premium\/reiki-cursuri-premium\/seminar-reiki-usui-grad-2-brasov-acces-online\/","title":{"rendered":"Seminar Reiki Usui grad 2 &#8211; Brasov &#8211; acces online"},"content":{"rendered":"<p><strong>Seminar Reiki Usui &#8211; Grad 2 | Practic\u0103 avansat\u0103 cu simbolurile Cho-Ku-Rei (CKR), Sei-Hei-Ki (SHK), Hon-Sha-Ze-Sho-Nen (HSZN)<\/strong><\/p>\n<p><span style=\"font-weight: 400;\">Redescoper\u0103 puterea vindec\u0103toare a simbolurilor Reiki \u0219i du practica ta la un nou nivel!<\/span><\/p>\n<p><span style=\"font-weight: 400;\">Te invit s[ descoperi <\/span><b>Seminarul Reiki Usui \u2013 Grad 2<\/b><span style=\"font-weight: 400;\">, din <\/span><b>Bra\u0219ov<\/b><span style=\"font-weight: 400;\">, <\/span><b>18 iulie,<\/b><span style=\"font-weight: 400;\">un eveniment dedicat exclusiv celor ini\u021bia\u021bi \u00een acest nivel, care doresc s\u0103 aprofundeze conexiunea cu energia universal\u0103 \u0219i s\u0103 aplice simbolurile \u00eentr-un mod con\u0219tient \u0219i eficient.<\/span><\/p>\n<h4><b>Ce vei experimenta \u00een cadrul seminarului:<\/b><\/h4>\n<ul>\n<li style=\"font-weight: 400;\"><b>Activare profund\u0103 \u0219i lucrul aplicat cu simbolurile Reiki Gradul II:<\/b>\n<ul>\n<li style=\"font-weight: 400;\"><b>CKR<\/b><span style=\"font-weight: 400;\"> \u2013 cur\u0103\u021bare, protec\u021bie energetic\u0103<\/span><\/li>\n<li style=\"font-weight: 400;\"><b>SHK<\/b><span style=\"font-weight: 400;\"> \u2013 echilibrare emo\u021bional\u0103, claritate mental\u0103, armonizarea rela\u021biilor<\/span><\/li>\n<li style=\"font-weight: 400;\"><b>HSZSN<\/b><span style=\"font-weight: 400;\"> \u2013 c\u0103l\u0103torii \u00een timp \u0219i spa\u021biu, vindecare la distan\u021b\u0103, lucrul cu trecutul \u0219i poten\u021bialul viitor<\/span><\/li>\n<\/ul>\n<\/li>\n<\/ul>\n<p><b>Vei avea ocazia s\u0103:\u00a0<\/b><\/p>\n<ul>\n<li style=\"font-weight: 400;\"><span style=\"font-weight: 400;\">Redescoperi for\u021ba simbolurilor prin practici ghidate \u0219i medita\u021bii specifice\u00a0<\/span><\/li>\n<\/ul>\n<ul>\n<li style=\"font-weight: 400;\"><span style=\"font-weight: 400;\">\u00cenve\u021bi tehnici avansate de trimitere Reiki \u00een trecut \u0219i viitor\u00a0<\/span><\/li>\n<li style=\"font-weight: 400;\"><span style=\"font-weight: 400;\">Exersezi scanarea \u0219i cur\u0103\u021barea c\u00e2mpului subtil al altora.<\/span><\/li>\n<\/ul>\n<p><span style=\"font-weight: 400;\">Vei avea ocazia s\u0103:<\/span><\/p>\n<ul>\n<li style=\"font-weight: 400;\"><span style=\"font-weight: 400;\">Redescoperi for\u021ba simbolurilor prin practici ghidate \u0219i medita\u021bii specifice<\/span><\/li>\n<li style=\"font-weight: 400;\"><span style=\"font-weight: 400;\">\u00cenve\u021bi tehnici avansate de trimitere Reiki \u00een trecut \u0219i viitor<\/span><\/li>\n<li style=\"font-weight: 400;\"><span style=\"font-weight: 400;\">Exersezi scanarea \u0219i cur\u0103\u021barea c\u00e2mpului subtil al altora.<\/span><\/li>\n<\/ul>\n<p>&nbsp;<\/p>\n","protected":false},"excerpt":{"rendered":"<p><b>ACCES NELIMITAT!<\/b><\/p>\n<p>Descoper\u0103 <strong>Seminarul<\/strong><b> Practic REIKI USUI grad 2,<\/b><span style=\"font-weight: 400;\"> din Bra\u0219ov, pe care l-am sus\u021binut \u00een data de 18 iulie.<\/span><\/p>\n<p>&nbsp;<\/p>\n","protected":false},"featured_media":56815,"template":"","meta":{"inline_featured_image":false},"product_brand":[],"product_cat":[602,711],"product_tag":[],"class_list":{"0":"post-54384","1":"product","2":"type-product","3":"status-publish","4":"has-post-thumbnail","6":"product_cat-cursuri-premium","7":"product_cat-reiki-cursuri-premium","9":"first","10":"instock","11":"virtual","12":"sold-individually","13":"taxable","14":"purchasable","15":"product-type-simple"},"yoast_head":"<!-- This site is optimized with the Yoast SEO plugin v26.9 - https:\/\/yoast.com\/product\/yoast-seo-wordpress\/ -->\n<title>Seminar Reiki Usui grad 2 - Brasov - acces online - Ovidiu Drago\u0219 Arge\u0219anu<\/title>\n<meta name=\"description\" content=\"Seminar Reiki Usui - Grad 2 | Practic\u0103 avansat\u0103 cu simbolurile Cho-Ku-Rei (CKR), Sei-Hei-Ki (SHK), Hon-Sha-Ze-Sho-Nen (HSZN)\" \/>\n<meta name=\"robots\" content=\"noindex, follow, max-snippet:-1, max-image-preview:large, max-video-preview:-1\" \/>\n<meta property=\"og:locale\" content=\"en_US\" \/>\n<meta property=\"og:type\" content=\"article\" \/>\n<meta property=\"og:title\" content=\"Seminar Reiki Usui grad 2 - Brasov - acces online - Ovidiu Drago\u0219 Arge\u0219anu\" \/>\n<meta property=\"og:description\" content=\"Seminar Reiki Usui - Grad 2 | Practic\u0103 avansat\u0103 cu simbolurile Cho-Ku-Rei (CKR), Sei-Hei-Ki (SHK), Hon-Sha-Ze-Sho-Nen (HSZN)\" \/>\n<meta property=\"og:url\" content=\"https:\/\/www.ovidiudragosargesanu.ro\/en\/shop\/cursuri-premium\/reiki-cursuri-premium\/seminar-reiki-usui-grad-2-brasov-acces-online\/\" \/>\n<meta property=\"og:site_name\" content=\"Ovidiu Drago\u0219 Arge\u0219anu\" \/>\n<meta property=\"article:modified_time\" content=\"2025-08-11T08:38:59+00:00\" \/>\n<meta property=\"og:image\" content=\"https:\/\/www.ovidiudragosargesanu.ro\/en\/wp-content\/uploads\/2025\/07\/Seminar-Reiki-Usui-grad-2-grafica-premium-600x800-1.jpg\" \/>\n\t<meta property=\"og:image:width\" content=\"600\" \/>\n\t<meta property=\"og:image:height\" content=\"800\" \/>\n\t<meta property=\"og:image:type\" content=\"image\/jpeg\" \/>\n<meta name=\"twitter:card\" content=\"summary_large_image\" \/>\n<meta name=\"twitter:label1\" content=\"Est. reading time\" \/>\n\t<meta name=\"twitter:data1\" content=\"2 minutes\" \/>\n<script type=\"application\/ld+json\" class=\"yoast-schema-graph\">{\"@context\":\"https:\/\/schema.org\",\"@graph\":[{\"@type\":\"WebPage\",\"@id\":\"https:\/\/www.ovidiudragosargesanu.ro\/en\/shop\/cursuri-premium\/reiki-cursuri-premium\/seminar-reiki-usui-grad-2-brasov-acces-online\/\",\"url\":\"https:\/\/www.ovidiudragosargesanu.ro\/en\/shop\/cursuri-premium\/reiki-cursuri-premium\/seminar-reiki-usui-grad-2-brasov-acces-online\/\",\"name\":\"Seminar Reiki Usui grad 2 - Brasov - acces online - Ovidiu Drago\u0219 Arge\u0219anu\",\"isPartOf\":{\"@id\":\"https:\/\/www.ovidiudragosargesanu.ro\/en\/#website\"},\"primaryImageOfPage\":{\"@id\":\"https:\/\/www.ovidiudragosargesanu.ro\/en\/shop\/cursuri-premium\/reiki-cursuri-premium\/seminar-reiki-usui-grad-2-brasov-acces-online\/#primaryimage\"},\"image\":{\"@id\":\"https:\/\/www.ovidiudragosargesanu.ro\/en\/shop\/cursuri-premium\/reiki-cursuri-premium\/seminar-reiki-usui-grad-2-brasov-acces-online\/#primaryimage\"},\"thumbnailUrl\":\"https:\/\/www.ovidiudragosargesanu.ro\/en\/wp-content\/uploads\/2025\/07\/Seminar-Reiki-Usui-grad-2-grafica-premium-600x800-1.jpg\",\"datePublished\":\"2025-07-02T14:13:11+00:00\",\"dateModified\":\"2025-08-11T08:38:59+00:00\",\"description\":\"Seminar Reiki Usui - Grad 2 | Practic\u0103 avansat\u0103 cu simbolurile Cho-Ku-Rei (CKR), Sei-Hei-Ki (SHK), Hon-Sha-Ze-Sho-Nen (HSZN)\",\"breadcrumb\":{\"@id\":\"https:\/\/www.ovidiudragosargesanu.ro\/en\/shop\/cursuri-premium\/reiki-cursuri-premium\/seminar-reiki-usui-grad-2-brasov-acces-online\/#breadcrumb\"},\"inLanguage\":\"en-US\",\"potentialAction\":[{\"@type\":\"ReadAction\",\"target\":[\"https:\/\/www.ovidiudragosargesanu.ro\/en\/shop\/cursuri-premium\/reiki-cursuri-premium\/seminar-reiki-usui-grad-2-brasov-acces-online\/\"]}]},{\"@type\":\"ImageObject\",\"inLanguage\":\"en-US\",\"@id\":\"https:\/\/www.ovidiudragosargesanu.ro\/en\/shop\/cursuri-premium\/reiki-cursuri-premium\/seminar-reiki-usui-grad-2-brasov-acces-online\/#primaryimage\",\"url\":\"https:\/\/www.ovidiudragosargesanu.ro\/en\/wp-content\/uploads\/2025\/07\/Seminar-Reiki-Usui-grad-2-grafica-premium-600x800-1.jpg\",\"contentUrl\":\"https:\/\/www.ovidiudragosargesanu.ro\/en\/wp-content\/uploads\/2025\/07\/Seminar-Reiki-Usui-grad-2-grafica-premium-600x800-1.jpg\",\"width\":600,\"height\":800},{\"@type\":\"BreadcrumbList\",\"@id\":\"https:\/\/www.ovidiudragosargesanu.ro\/en\/shop\/cursuri-premium\/reiki-cursuri-premium\/seminar-reiki-usui-grad-2-brasov-acces-online\/#breadcrumb\",\"itemListElement\":[{\"@type\":\"ListItem\",\"position\":1,\"name\":\"Prima pagin\u0103\",\"item\":\"https:\/\/www.ovidiudragosargesanu.ro\/en\/\"},{\"@type\":\"ListItem\",\"position\":2,\"name\":\"Shop\",\"item\":\"https:\/\/www.ovidiudragosargesanu.ro\/en\/shop\/\"},{\"@type\":\"ListItem\",\"position\":3,\"name\":\"Seminar Reiki Usui grad 2 &#8211; Brasov &#8211; acces online\"}]},{\"@type\":\"WebSite\",\"@id\":\"https:\/\/www.ovidiudragosargesanu.ro\/en\/#website\",\"url\":\"https:\/\/www.ovidiudragosargesanu.ro\/en\/\",\"name\":\"Ovidiu Drago\u0219 Arge\u0219anu\",\"description\":\"\",\"publisher\":{\"@id\":\"https:\/\/www.ovidiudragosargesanu.ro\/en\/#organization\"},\"potentialAction\":[{\"@type\":\"SearchAction\",\"target\":{\"@type\":\"EntryPoint\",\"urlTemplate\":\"https:\/\/www.ovidiudragosargesanu.ro\/en\/?s={search_term_string}\"},\"query-input\":{\"@type\":\"PropertyValueSpecification\",\"valueRequired\":true,\"valueName\":\"search_term_string\"}}],\"inLanguage\":\"en-US\"},{\"@type\":\"Organization\",\"@id\":\"https:\/\/www.ovidiudragosargesanu.ro\/en\/#organization\",\"name\":\"Ovidiu Drago\u0219 Arge\u0219anu\",\"url\":\"https:\/\/www.ovidiudragosargesanu.ro\/en\/\",\"logo\":{\"@type\":\"ImageObject\",\"inLanguage\":\"en-US\",\"@id\":\"https:\/\/www.ovidiudragosargesanu.ro\/en\/#\/schema\/logo\/image\/\",\"url\":\"https:\/\/www.ovidiudragosargesanu.ro\/en\/wp-content\/uploads\/2018\/03\/dragos-logo-lotus-black-400.svg\",\"contentUrl\":\"https:\/\/www.ovidiudragosargesanu.ro\/en\/wp-content\/uploads\/2018\/03\/dragos-logo-lotus-black-400.svg\",\"width\":300,\"height\":150,\"caption\":\"Ovidiu Drago\u0219 Arge\u0219anu\"},\"image\":{\"@id\":\"https:\/\/www.ovidiudragosargesanu.ro\/en\/#\/schema\/logo\/image\/\"}}]}<\/script>\n<!-- \/ Yoast SEO plugin. -->","yoast_head_json":{"title":"Seminar Reiki Usui grad 2 - Brasov - acces online - Ovidiu Drago\u0219 Arge\u0219anu","description":"Seminar Reiki Usui - Grad 2 | Practic\u0103 avansat\u0103 cu simbolurile Cho-Ku-Rei (CKR), Sei-Hei-Ki (SHK), Hon-Sha-Ze-Sho-Nen (HSZN)","robots":{"index":"noindex","follow":"follow","max-snippet":"max-snippet:-1","max-image-preview":"max-image-preview:large","max-video-preview":"max-video-preview:-1"},"og_locale":"en_US","og_type":"article","og_title":"Seminar Reiki Usui grad 2 - Brasov - acces online - Ovidiu Drago\u0219 Arge\u0219anu","og_description":"Seminar Reiki Usui - Grad 2 | Practic\u0103 avansat\u0103 cu simbolurile Cho-Ku-Rei (CKR), Sei-Hei-Ki (SHK), Hon-Sha-Ze-Sho-Nen (HSZN)","og_url":"https:\/\/www.ovidiudragosargesanu.ro\/en\/shop\/cursuri-premium\/reiki-cursuri-premium\/seminar-reiki-usui-grad-2-brasov-acces-online\/","og_site_name":"Ovidiu Drago\u0219 Arge\u0219anu","article_modified_time":"2025-08-11T08:38:59+00:00","og_image":[{"width":600,"height":800,"url":"https:\/\/www.ovidiudragosargesanu.ro\/en\/wp-content\/uploads\/2025\/07\/Seminar-Reiki-Usui-grad-2-grafica-premium-600x800-1.jpg","type":"image\/jpeg"}],"twitter_card":"summary_large_image","twitter_misc":{"Est. reading time":"2 minutes"},"schema":{"@context":"https:\/\/schema.org","@graph":[{"@type":"WebPage","@id":"https:\/\/www.ovidiudragosargesanu.ro\/en\/shop\/cursuri-premium\/reiki-cursuri-premium\/seminar-reiki-usui-grad-2-brasov-acces-online\/","url":"https:\/\/www.ovidiudragosargesanu.ro\/en\/shop\/cursuri-premium\/reiki-cursuri-premium\/seminar-reiki-usui-grad-2-brasov-acces-online\/","name":"Seminar Reiki Usui grad 2 - Brasov - acces online - Ovidiu Drago\u0219 Arge\u0219anu","isPartOf":{"@id":"https:\/\/www.ovidiudragosargesanu.ro\/en\/#website"},"primaryImageOfPage":{"@id":"https:\/\/www.ovidiudragosargesanu.ro\/en\/shop\/cursuri-premium\/reiki-cursuri-premium\/seminar-reiki-usui-grad-2-brasov-acces-online\/#primaryimage"},"image":{"@id":"https:\/\/www.ovidiudragosargesanu.ro\/en\/shop\/cursuri-premium\/reiki-cursuri-premium\/seminar-reiki-usui-grad-2-brasov-acces-online\/#primaryimage"},"thumbnailUrl":"https:\/\/www.ovidiudragosargesanu.ro\/en\/wp-content\/uploads\/2025\/07\/Seminar-Reiki-Usui-grad-2-grafica-premium-600x800-1.jpg","datePublished":"2025-07-02T14:13:11+00:00","dateModified":"2025-08-11T08:38:59+00:00","description":"Seminar Reiki Usui - Grad 2 | Practic\u0103 avansat\u0103 cu simbolurile Cho-Ku-Rei (CKR), Sei-Hei-Ki (SHK), Hon-Sha-Ze-Sho-Nen (HSZN)","breadcrumb":{"@id":"https:\/\/www.ovidiudragosargesanu.ro\/en\/shop\/cursuri-premium\/reiki-cursuri-premium\/seminar-reiki-usui-grad-2-brasov-acces-online\/#breadcrumb"},"inLanguage":"en-US","potentialAction":[{"@type":"ReadAction","target":["https:\/\/www.ovidiudragosargesanu.ro\/en\/shop\/cursuri-premium\/reiki-cursuri-premium\/seminar-reiki-usui-grad-2-brasov-acces-online\/"]}]},{"@type":"ImageObject","inLanguage":"en-US","@id":"https:\/\/www.ovidiudragosargesanu.ro\/en\/shop\/cursuri-premium\/reiki-cursuri-premium\/seminar-reiki-usui-grad-2-brasov-acces-online\/#primaryimage","url":"https:\/\/www.ovidiudragosargesanu.ro\/en\/wp-content\/uploads\/2025\/07\/Seminar-Reiki-Usui-grad-2-grafica-premium-600x800-1.jpg","contentUrl":"https:\/\/www.ovidiudragosargesanu.ro\/en\/wp-content\/uploads\/2025\/07\/Seminar-Reiki-Usui-grad-2-grafica-premium-600x800-1.jpg","width":600,"height":800},{"@type":"BreadcrumbList","@id":"https:\/\/www.ovidiudragosargesanu.ro\/en\/shop\/cursuri-premium\/reiki-cursuri-premium\/seminar-reiki-usui-grad-2-brasov-acces-online\/#breadcrumb","itemListElement":[{"@type":"ListItem","position":1,"name":"Prima pagin\u0103","item":"https:\/\/www.ovidiudragosargesanu.ro\/en\/"},{"@type":"ListItem","position":2,"name":"Shop","item":"https:\/\/www.ovidiudragosargesanu.ro\/en\/shop\/"},{"@type":"ListItem","position":3,"name":"Seminar Reiki Usui grad 2 &#8211; Brasov &#8211; acces online"}]},{"@type":"WebSite","@id":"https:\/\/www.ovidiudragosargesanu.ro\/en\/#website","url":"https:\/\/www.ovidiudragosargesanu.ro\/en\/","name":"Ovidiu Drago\u0219 Arge\u0219anu","description":"","publisher":{"@id":"https:\/\/www.ovidiudragosargesanu.ro\/en\/#organization"},"potentialAction":[{"@type":"SearchAction","target":{"@type":"EntryPoint","urlTemplate":"https:\/\/www.ovidiudragosargesanu.ro\/en\/?s={search_term_string}"},"query-input":{"@type":"PropertyValueSpecification","valueRequired":true,"valueName":"search_term_string"}}],"inLanguage":"en-US"},{"@type":"Organization","@id":"https:\/\/www.ovidiudragosargesanu.ro\/en\/#organization","name":"Ovidiu Drago\u0219 Arge\u0219anu","url":"https:\/\/www.ovidiudragosargesanu.ro\/en\/","logo":{"@type":"ImageObject","inLanguage":"en-US","@id":"https:\/\/www.ovidiudragosargesanu.ro\/en\/#\/schema\/logo\/image\/","url":"https:\/\/www.ovidiudragosargesanu.ro\/en\/wp-content\/uploads\/2018\/03\/dragos-logo-lotus-black-400.svg","contentUrl":"https:\/\/www.ovidiudragosargesanu.ro\/en\/wp-content\/uploads\/2018\/03\/dragos-logo-lotus-black-400.svg","width":300,"height":150,"caption":"Ovidiu Drago\u0219 Arge\u0219anu"},"image":{"@id":"https:\/\/www.ovidiudragosargesanu.ro\/en\/#\/schema\/logo\/image\/"}}]}},"_links":{"self":[{"href":"https:\/\/www.ovidiudragosargesanu.ro\/en\/wp-json\/wp\/v2\/product\/54384","targetHints":{"allow":["GET"]}}],"collection":[{"href":"https:\/\/www.ovidiudragosargesanu.ro\/en\/wp-json\/wp\/v2\/product"}],"about":[{"href":"https:\/\/www.ovidiudragosargesanu.ro\/en\/wp-json\/wp\/v2\/types\/product"}],"version-history":[{"count":5,"href":"https:\/\/www.ovidiudragosargesanu.ro\/en\/wp-json\/wp\/v2\/product\/54384\/revisions"}],"predecessor-version":[{"id":56377,"href":"https:\/\/www.ovidiudragosargesanu.ro\/en\/wp-json\/wp\/v2\/product\/54384\/revisions\/56377"}],"wp:featuredmedia":[{"embeddable":true,"href":"https:\/\/www.ovidiudragosargesanu.ro\/en\/wp-json\/wp\/v2\/media\/56815"}],"wp:attachment":[{"href":"https:\/\/www.ovidiudragosargesanu.ro\/en\/wp-json\/wp\/v2\/media?parent=54384"}],"wp:term":[{"taxonomy":"product_brand","embeddable":true,"href":"https:\/\/www.ovidiudragosargesanu.ro\/en\/wp-json\/wp\/v2\/product_brand?post=54384"},{"taxonomy":"product_cat","embeddable":true,"href":"https:\/\/www.ovidiudragosargesanu.ro\/en\/wp-json\/wp\/v2\/product_cat?post=54384"},{"taxonomy":"product_tag","embeddable":true,"href":"https:\/\/www.ovidiudragosargesanu.ro\/en\/wp-json\/wp\/v2\/product_tag?post=54384"}],"curies":[{"name":"wp","href":"https:\/\/api.w.org\/{rel}","templated":true}]}}