{"id":5671,"date":"2024-02-12T21:10:23","date_gmt":"2024-02-12T19:10:23","guid":{"rendered":"https:\/\/www.ovidiudragosargesanu.ro\/?post_type=product&#038;p=5671"},"modified":"2025-02-27T18:21:02","modified_gmt":"2025-02-27T16:21:02","slug":"curs-despre-ingeri","status":"publish","type":"product","link":"https:\/\/www.ovidiudragosargesanu.ro\/en\/shop\/cursuri-premium\/entitati-cursuri-premium\/curs-despre-ingeri\/","title":{"rendered":"Despre \u00eengeri"},"content":{"rendered":"<p><span style=\"font-weight: 400;\">De ce este important s\u0103 citi\u021bi oameni care s\u0103 inspire din via\u021b\u0103? Pentru ca odat\u0103 ce se inspir\u0103 din via\u021b\u0103, orice cale a unui om care se inspir\u0103 din via\u021b\u0103, cum sunt \u0219i eu, devine o cale spiritual\u0103. \u0218i \u00een momentul \u00een care cite\u0219ti tu de fapt parcurgi \u00eentr-o lun\u0103, s\u0103 zicem, toat\u0103 via\u021ba lui, toate fr\u0103m\u00e2nt\u0103rile lui din punct de vedere spiritual. Asta \u00eenseamn\u0103 un om care urm\u0103re\u0219te spiritualitatea. Geometria sacr\u0103 reprezint\u0103 primordialul \u00eengerilor. Ea pleac\u0103 de la cerc, primul \u00eenger, intersec\u021bia a dou\u0103 cercuri, semin\u021bele vie\u021bii, mai multe cercuri creaz\u0103 triunghiuri, etc. Floarea vie\u021bii, cubul lui Metatron sunt niveluri superioare ale apari\u021biei \u00eengerilor.\u00a0<\/span><span style=\"font-weight: 400;\">Cre\u0219terea imunit\u0103\u021bii \u00eenseamn\u0103 de fapt cre\u0219terea puterii \u00eengerului meu p\u0103zitor.\u00a0<\/span><\/p>\n","protected":false},"excerpt":{"rendered":"<p>ACCES NELIMITAT!<\/p>\n<p>Descoper\u0103 \u00een cursul \u201cDespre \u00eengeri\u201c sus\u021binut\u0103 de Dr. Drago\u0219-Ovidiu Arge\u0219anu semnifica\u021bia \u00eengerilor, cum au ap\u0103rut ei \u0219i de c\u00e2te tipuri sunt ace\u0219tia, cum\u00a0 \u00ee\u021bi po\u021bi cre\u0219te puterea cu lumin\u0103, leg\u0103tura dintre \u00eengeri \u0219i aurul spiritual, importan\u021ba cur\u0103\u021b\u0103rii sufletului, a sporului \u0219i metodele pe care le putem folosi \u00een acest sens.<\/p>\n","protected":false},"featured_media":9574,"template":"","meta":{"inline_featured_image":false},"product_brand":[],"product_cat":[602,734],"product_tag":[],"class_list":{"0":"post-5671","1":"product","2":"type-product","3":"status-publish","4":"has-post-thumbnail","6":"product_cat-cursuri-premium","7":"product_cat-entitati-cursuri-premium","9":"first","10":"instock","11":"virtual","12":"sold-individually","13":"taxable","14":"purchasable","15":"product-type-simple"},"yoast_head":"<!-- This site is optimized with the Yoast SEO plugin v26.9 - https:\/\/yoast.com\/product\/yoast-seo-wordpress\/ -->\n<title>Despre \u00eengeri - Ovidiu Drago\u0219 Arge\u0219anu<\/title>\n<meta name=\"description\" content=\"Geometria sacr\u0103 reprezint\u0103 primordialul \u00eengerilor. Ea pleac\u0103 de la cerc, primul \u00eenger, intersec\u021bia a dou\u0103 cercuri, semin\u021bele vie\u021bii, mai multe cercuri\" \/>\n<meta name=\"robots\" content=\"noindex, follow, max-snippet:-1, max-image-preview:large, max-video-preview:-1\" \/>\n<meta property=\"og:locale\" content=\"en_US\" \/>\n<meta property=\"og:type\" content=\"article\" \/>\n<meta property=\"og:title\" content=\"Despre \u00eengeri - Ovidiu Drago\u0219 Arge\u0219anu\" \/>\n<meta property=\"og:description\" content=\"Geometria sacr\u0103 reprezint\u0103 primordialul \u00eengerilor. Ea pleac\u0103 de la cerc, primul \u00eenger, intersec\u021bia a dou\u0103 cercuri, semin\u021bele vie\u021bii, mai multe cercuri\" \/>\n<meta property=\"og:url\" content=\"https:\/\/www.ovidiudragosargesanu.ro\/en\/shop\/cursuri-premium\/entitati-cursuri-premium\/curs-despre-ingeri\/\" \/>\n<meta property=\"og:site_name\" content=\"Ovidiu Drago\u0219 Arge\u0219anu\" \/>\n<meta property=\"article:modified_time\" content=\"2025-02-27T16:21:02+00:00\" \/>\n<meta property=\"og:image\" content=\"https:\/\/www.ovidiudragosargesanu.ro\/en\/wp-content\/uploads\/2024\/02\/despre-ingeri-600x800-1.png\" \/>\n\t<meta property=\"og:image:width\" content=\"2268\" \/>\n\t<meta property=\"og:image:height\" content=\"3024\" \/>\n\t<meta property=\"og:image:type\" content=\"image\/png\" \/>\n<meta name=\"twitter:card\" content=\"summary_large_image\" \/>\n<meta name=\"twitter:label1\" content=\"Est. reading time\" \/>\n\t<meta name=\"twitter:data1\" content=\"1 minute\" \/>\n<script type=\"application\/ld+json\" class=\"yoast-schema-graph\">{\"@context\":\"https:\/\/schema.org\",\"@graph\":[{\"@type\":\"WebPage\",\"@id\":\"https:\/\/www.ovidiudragosargesanu.ro\/en\/shop\/cursuri-premium\/entitati-cursuri-premium\/curs-despre-ingeri\/\",\"url\":\"https:\/\/www.ovidiudragosargesanu.ro\/en\/shop\/cursuri-premium\/entitati-cursuri-premium\/curs-despre-ingeri\/\",\"name\":\"Despre \u00eengeri - Ovidiu Drago\u0219 Arge\u0219anu\",\"isPartOf\":{\"@id\":\"https:\/\/www.ovidiudragosargesanu.ro\/en\/#website\"},\"primaryImageOfPage\":{\"@id\":\"https:\/\/www.ovidiudragosargesanu.ro\/en\/shop\/cursuri-premium\/entitati-cursuri-premium\/curs-despre-ingeri\/#primaryimage\"},\"image\":{\"@id\":\"https:\/\/www.ovidiudragosargesanu.ro\/en\/shop\/cursuri-premium\/entitati-cursuri-premium\/curs-despre-ingeri\/#primaryimage\"},\"thumbnailUrl\":\"https:\/\/www.ovidiudragosargesanu.ro\/en\/wp-content\/uploads\/2024\/02\/despre-ingeri-600x800-1.png\",\"datePublished\":\"2024-02-12T19:10:23+00:00\",\"dateModified\":\"2025-02-27T16:21:02+00:00\",\"description\":\"Geometria sacr\u0103 reprezint\u0103 primordialul \u00eengerilor. Ea pleac\u0103 de la cerc, primul \u00eenger, intersec\u021bia a dou\u0103 cercuri, semin\u021bele vie\u021bii, mai multe cercuri\",\"breadcrumb\":{\"@id\":\"https:\/\/www.ovidiudragosargesanu.ro\/en\/shop\/cursuri-premium\/entitati-cursuri-premium\/curs-despre-ingeri\/#breadcrumb\"},\"inLanguage\":\"en-US\",\"potentialAction\":[{\"@type\":\"ReadAction\",\"target\":[\"https:\/\/www.ovidiudragosargesanu.ro\/en\/shop\/cursuri-premium\/entitati-cursuri-premium\/curs-despre-ingeri\/\"]}]},{\"@type\":\"ImageObject\",\"inLanguage\":\"en-US\",\"@id\":\"https:\/\/www.ovidiudragosargesanu.ro\/en\/shop\/cursuri-premium\/entitati-cursuri-premium\/curs-despre-ingeri\/#primaryimage\",\"url\":\"https:\/\/www.ovidiudragosargesanu.ro\/en\/wp-content\/uploads\/2024\/02\/despre-ingeri-600x800-1.png\",\"contentUrl\":\"https:\/\/www.ovidiudragosargesanu.ro\/en\/wp-content\/uploads\/2024\/02\/despre-ingeri-600x800-1.png\",\"width\":2268,\"height\":3024},{\"@type\":\"BreadcrumbList\",\"@id\":\"https:\/\/www.ovidiudragosargesanu.ro\/en\/shop\/cursuri-premium\/entitati-cursuri-premium\/curs-despre-ingeri\/#breadcrumb\",\"itemListElement\":[{\"@type\":\"ListItem\",\"position\":1,\"name\":\"Prima pagin\u0103\",\"item\":\"https:\/\/www.ovidiudragosargesanu.ro\/en\/\"},{\"@type\":\"ListItem\",\"position\":2,\"name\":\"Shop\",\"item\":\"https:\/\/www.ovidiudragosargesanu.ro\/en\/shop\/\"},{\"@type\":\"ListItem\",\"position\":3,\"name\":\"Despre \u00eengeri\"}]},{\"@type\":\"WebSite\",\"@id\":\"https:\/\/www.ovidiudragosargesanu.ro\/en\/#website\",\"url\":\"https:\/\/www.ovidiudragosargesanu.ro\/en\/\",\"name\":\"Ovidiu Drago\u0219 Arge\u0219anu\",\"description\":\"\",\"publisher\":{\"@id\":\"https:\/\/www.ovidiudragosargesanu.ro\/en\/#organization\"},\"potentialAction\":[{\"@type\":\"SearchAction\",\"target\":{\"@type\":\"EntryPoint\",\"urlTemplate\":\"https:\/\/www.ovidiudragosargesanu.ro\/en\/?s={search_term_string}\"},\"query-input\":{\"@type\":\"PropertyValueSpecification\",\"valueRequired\":true,\"valueName\":\"search_term_string\"}}],\"inLanguage\":\"en-US\"},{\"@type\":\"Organization\",\"@id\":\"https:\/\/www.ovidiudragosargesanu.ro\/en\/#organization\",\"name\":\"Ovidiu Drago\u0219 Arge\u0219anu\",\"url\":\"https:\/\/www.ovidiudragosargesanu.ro\/en\/\",\"logo\":{\"@type\":\"ImageObject\",\"inLanguage\":\"en-US\",\"@id\":\"https:\/\/www.ovidiudragosargesanu.ro\/en\/#\/schema\/logo\/image\/\",\"url\":\"https:\/\/www.ovidiudragosargesanu.ro\/en\/wp-content\/uploads\/2018\/03\/dragos-logo-lotus-black-400.svg\",\"contentUrl\":\"https:\/\/www.ovidiudragosargesanu.ro\/en\/wp-content\/uploads\/2018\/03\/dragos-logo-lotus-black-400.svg\",\"width\":300,\"height\":150,\"caption\":\"Ovidiu Drago\u0219 Arge\u0219anu\"},\"image\":{\"@id\":\"https:\/\/www.ovidiudragosargesanu.ro\/en\/#\/schema\/logo\/image\/\"}}]}<\/script>\n<!-- \/ Yoast SEO plugin. -->","yoast_head_json":{"title":"Despre \u00eengeri - Ovidiu Drago\u0219 Arge\u0219anu","description":"Geometria sacr\u0103 reprezint\u0103 primordialul \u00eengerilor. Ea pleac\u0103 de la cerc, primul \u00eenger, intersec\u021bia a dou\u0103 cercuri, semin\u021bele vie\u021bii, mai multe cercuri","robots":{"index":"noindex","follow":"follow","max-snippet":"max-snippet:-1","max-image-preview":"max-image-preview:large","max-video-preview":"max-video-preview:-1"},"og_locale":"en_US","og_type":"article","og_title":"Despre \u00eengeri - Ovidiu Drago\u0219 Arge\u0219anu","og_description":"Geometria sacr\u0103 reprezint\u0103 primordialul \u00eengerilor. Ea pleac\u0103 de la cerc, primul \u00eenger, intersec\u021bia a dou\u0103 cercuri, semin\u021bele vie\u021bii, mai multe cercuri","og_url":"https:\/\/www.ovidiudragosargesanu.ro\/en\/shop\/cursuri-premium\/entitati-cursuri-premium\/curs-despre-ingeri\/","og_site_name":"Ovidiu Drago\u0219 Arge\u0219anu","article_modified_time":"2025-02-27T16:21:02+00:00","og_image":[{"width":2268,"height":3024,"url":"https:\/\/www.ovidiudragosargesanu.ro\/en\/wp-content\/uploads\/2024\/02\/despre-ingeri-600x800-1.png","type":"image\/png"}],"twitter_card":"summary_large_image","twitter_misc":{"Est. reading time":"1 minute"},"schema":{"@context":"https:\/\/schema.org","@graph":[{"@type":"WebPage","@id":"https:\/\/www.ovidiudragosargesanu.ro\/en\/shop\/cursuri-premium\/entitati-cursuri-premium\/curs-despre-ingeri\/","url":"https:\/\/www.ovidiudragosargesanu.ro\/en\/shop\/cursuri-premium\/entitati-cursuri-premium\/curs-despre-ingeri\/","name":"Despre \u00eengeri - Ovidiu Drago\u0219 Arge\u0219anu","isPartOf":{"@id":"https:\/\/www.ovidiudragosargesanu.ro\/en\/#website"},"primaryImageOfPage":{"@id":"https:\/\/www.ovidiudragosargesanu.ro\/en\/shop\/cursuri-premium\/entitati-cursuri-premium\/curs-despre-ingeri\/#primaryimage"},"image":{"@id":"https:\/\/www.ovidiudragosargesanu.ro\/en\/shop\/cursuri-premium\/entitati-cursuri-premium\/curs-despre-ingeri\/#primaryimage"},"thumbnailUrl":"https:\/\/www.ovidiudragosargesanu.ro\/en\/wp-content\/uploads\/2024\/02\/despre-ingeri-600x800-1.png","datePublished":"2024-02-12T19:10:23+00:00","dateModified":"2025-02-27T16:21:02+00:00","description":"Geometria sacr\u0103 reprezint\u0103 primordialul \u00eengerilor. Ea pleac\u0103 de la cerc, primul \u00eenger, intersec\u021bia a dou\u0103 cercuri, semin\u021bele vie\u021bii, mai multe cercuri","breadcrumb":{"@id":"https:\/\/www.ovidiudragosargesanu.ro\/en\/shop\/cursuri-premium\/entitati-cursuri-premium\/curs-despre-ingeri\/#breadcrumb"},"inLanguage":"en-US","potentialAction":[{"@type":"ReadAction","target":["https:\/\/www.ovidiudragosargesanu.ro\/en\/shop\/cursuri-premium\/entitati-cursuri-premium\/curs-despre-ingeri\/"]}]},{"@type":"ImageObject","inLanguage":"en-US","@id":"https:\/\/www.ovidiudragosargesanu.ro\/en\/shop\/cursuri-premium\/entitati-cursuri-premium\/curs-despre-ingeri\/#primaryimage","url":"https:\/\/www.ovidiudragosargesanu.ro\/en\/wp-content\/uploads\/2024\/02\/despre-ingeri-600x800-1.png","contentUrl":"https:\/\/www.ovidiudragosargesanu.ro\/en\/wp-content\/uploads\/2024\/02\/despre-ingeri-600x800-1.png","width":2268,"height":3024},{"@type":"BreadcrumbList","@id":"https:\/\/www.ovidiudragosargesanu.ro\/en\/shop\/cursuri-premium\/entitati-cursuri-premium\/curs-despre-ingeri\/#breadcrumb","itemListElement":[{"@type":"ListItem","position":1,"name":"Prima pagin\u0103","item":"https:\/\/www.ovidiudragosargesanu.ro\/en\/"},{"@type":"ListItem","position":2,"name":"Shop","item":"https:\/\/www.ovidiudragosargesanu.ro\/en\/shop\/"},{"@type":"ListItem","position":3,"name":"Despre \u00eengeri"}]},{"@type":"WebSite","@id":"https:\/\/www.ovidiudragosargesanu.ro\/en\/#website","url":"https:\/\/www.ovidiudragosargesanu.ro\/en\/","name":"Ovidiu Drago\u0219 Arge\u0219anu","description":"","publisher":{"@id":"https:\/\/www.ovidiudragosargesanu.ro\/en\/#organization"},"potentialAction":[{"@type":"SearchAction","target":{"@type":"EntryPoint","urlTemplate":"https:\/\/www.ovidiudragosargesanu.ro\/en\/?s={search_term_string}"},"query-input":{"@type":"PropertyValueSpecification","valueRequired":true,"valueName":"search_term_string"}}],"inLanguage":"en-US"},{"@type":"Organization","@id":"https:\/\/www.ovidiudragosargesanu.ro\/en\/#organization","name":"Ovidiu Drago\u0219 Arge\u0219anu","url":"https:\/\/www.ovidiudragosargesanu.ro\/en\/","logo":{"@type":"ImageObject","inLanguage":"en-US","@id":"https:\/\/www.ovidiudragosargesanu.ro\/en\/#\/schema\/logo\/image\/","url":"https:\/\/www.ovidiudragosargesanu.ro\/en\/wp-content\/uploads\/2018\/03\/dragos-logo-lotus-black-400.svg","contentUrl":"https:\/\/www.ovidiudragosargesanu.ro\/en\/wp-content\/uploads\/2018\/03\/dragos-logo-lotus-black-400.svg","width":300,"height":150,"caption":"Ovidiu Drago\u0219 Arge\u0219anu"},"image":{"@id":"https:\/\/www.ovidiudragosargesanu.ro\/en\/#\/schema\/logo\/image\/"}}]}},"_links":{"self":[{"href":"https:\/\/www.ovidiudragosargesanu.ro\/en\/wp-json\/wp\/v2\/product\/5671","targetHints":{"allow":["GET"]}}],"collection":[{"href":"https:\/\/www.ovidiudragosargesanu.ro\/en\/wp-json\/wp\/v2\/product"}],"about":[{"href":"https:\/\/www.ovidiudragosargesanu.ro\/en\/wp-json\/wp\/v2\/types\/product"}],"version-history":[{"count":4,"href":"https:\/\/www.ovidiudragosargesanu.ro\/en\/wp-json\/wp\/v2\/product\/5671\/revisions"}],"predecessor-version":[{"id":26531,"href":"https:\/\/www.ovidiudragosargesanu.ro\/en\/wp-json\/wp\/v2\/product\/5671\/revisions\/26531"}],"wp:featuredmedia":[{"embeddable":true,"href":"https:\/\/www.ovidiudragosargesanu.ro\/en\/wp-json\/wp\/v2\/media\/9574"}],"wp:attachment":[{"href":"https:\/\/www.ovidiudragosargesanu.ro\/en\/wp-json\/wp\/v2\/media?parent=5671"}],"wp:term":[{"taxonomy":"product_brand","embeddable":true,"href":"https:\/\/www.ovidiudragosargesanu.ro\/en\/wp-json\/wp\/v2\/product_brand?post=5671"},{"taxonomy":"product_cat","embeddable":true,"href":"https:\/\/www.ovidiudragosargesanu.ro\/en\/wp-json\/wp\/v2\/product_cat?post=5671"},{"taxonomy":"product_tag","embeddable":true,"href":"https:\/\/www.ovidiudragosargesanu.ro\/en\/wp-json\/wp\/v2\/product_tag?post=5671"}],"curies":[{"name":"wp","href":"https:\/\/api.w.org\/{rel}","templated":true}]}}