{"id":5696,"date":"2024-02-12T21:26:56","date_gmt":"2024-02-12T19:26:56","guid":{"rendered":"https:\/\/www.ovidiudragosargesanu.ro\/?post_type=product&#038;p=5696"},"modified":"2025-10-07T18:26:27","modified_gmt":"2025-10-07T15:26:27","slug":"curs-melchisedek","status":"publish","type":"product","link":"https:\/\/www.ovidiudragosargesanu.ro\/en\/shop\/cursuri-premium\/supraconstiinta-cursuri-premium\/curs-melchisedek\/","title":{"rendered":"Curs: Melchisedek"},"content":{"rendered":"<p><span style=\"font-weight: 400;\">Ordinul lui Melchisedek este preo\u021bia dinainte de Hristos. \u021aine\u021bi minte: g\u00e2ndul conecteaz\u0103. M\u0103 intereseaz\u0103 s\u0103 \u00een\u021belege\u021bi principiile, pentru c\u0103 dac\u0103 \u00een\u021belege\u021bi principiile o s\u0103 \u00een\u021belege\u021bi s\u0103 face\u021bi \u0219i tainele. Dac\u0103 nu \u00een\u021belege\u021bi principiile nu o s\u0103 \u00een\u021belege\u021bi nimic. Dac\u0103 eu fac o rug\u0103ciune c\u0103tre Melchisedek, la cine conecteaza? Deci g\u00e2ndul conecteaz\u0103 la nivelul la care este acea energie. Vreau s\u0103 \u00een\u021belege\u021bi treaba asta, ca \u00een momentul \u00een care v\u0103 ruga\u021bi s\u0103 \u0219ti\u021bi cui v\u0103 adresa\u021bi \u0219i cu cine v\u0103 uni\u021bi. Cum putem transforma gandurile negative \u00een sens pozitiv? Care e diferen\u021ba \u00eentre sfin\u021bire \u0219i energizare? <\/span><\/p>\n","protected":false},"excerpt":{"rendered":"<p>ACCES NELIMITAT!<\/p>\n<p>Descoper\u0103 \u00een cursul \u201cMelchisedek\u201c sus\u021binut de dr. Ovidiu Drago\u0219 Arge\u0219anu informa\u021bii despre cine a fost Melchisedek \u0219i primele atest\u0103ri despre acesta, ce sunt programele negative, cum le identific\u0103m \u0219i care modalit\u0103\u021bile prin care putem s\u0103 ne deprogram\u0103m, \u00een ce const\u0103 ini\u021bierea \u00een Ordinul lui Melchisedek \u0219i ce daruri primim.<\/p>\n<p>&nbsp;<\/p>\n","protected":false},"featured_media":66454,"template":"","meta":{"inline_featured_image":false},"product_brand":[],"product_cat":[602,737],"product_tag":[738],"class_list":{"0":"post-5696","1":"product","2":"type-product","3":"status-publish","4":"has-post-thumbnail","6":"product_cat-cursuri-premium","7":"product_cat-supraconstiinta-cursuri-premium","8":"product_tag-supraconstiinta","10":"first","11":"instock","12":"virtual","13":"sold-individually","14":"taxable","15":"purchasable","16":"product-type-simple"},"yoast_head":"<!-- This site is optimized with the Yoast SEO plugin v26.9 - https:\/\/yoast.com\/product\/yoast-seo-wordpress\/ -->\n<title>Curs: Melchisedek - Ovidiu Drago\u0219 Arge\u0219anu<\/title>\n<meta name=\"description\" content=\"Ordinul lui Melchisedek este preo\u021bia dinainte de Hristos. Tine\u021bi minte: g\u00e2ndul conecteaz\u0103. M\u0103 intereseaz\u0103 s\u0103 \u00een\u021belege\u021bi principiile, pentru c\u0103\" \/>\n<meta name=\"robots\" content=\"noindex, follow, max-snippet:-1, max-image-preview:large, max-video-preview:-1\" \/>\n<meta property=\"og:locale\" content=\"en_US\" \/>\n<meta property=\"og:type\" content=\"article\" \/>\n<meta property=\"og:title\" content=\"Curs: Melchisedek - Ovidiu Drago\u0219 Arge\u0219anu\" \/>\n<meta property=\"og:description\" content=\"Ordinul lui Melchisedek este preo\u021bia dinainte de Hristos. Tine\u021bi minte: g\u00e2ndul conecteaz\u0103. M\u0103 intereseaz\u0103 s\u0103 \u00een\u021belege\u021bi principiile, pentru c\u0103\" \/>\n<meta property=\"og:url\" content=\"https:\/\/www.ovidiudragosargesanu.ro\/en\/shop\/cursuri-premium\/supraconstiinta-cursuri-premium\/curs-melchisedek\/\" \/>\n<meta property=\"og:site_name\" content=\"Ovidiu Drago\u0219 Arge\u0219anu\" \/>\n<meta property=\"article:modified_time\" content=\"2025-10-07T15:26:27+00:00\" \/>\n<meta property=\"og:image\" content=\"https:\/\/www.ovidiudragosargesanu.ro\/en\/wp-content\/uploads\/2024\/02\/Conferinta-premium-Abundenta-si-bunastarea-600X800-1.png\" \/>\n\t<meta property=\"og:image:width\" content=\"600\" \/>\n\t<meta property=\"og:image:height\" content=\"800\" \/>\n\t<meta property=\"og:image:type\" content=\"image\/png\" \/>\n<meta name=\"twitter:card\" content=\"summary_large_image\" \/>\n<meta name=\"twitter:label1\" content=\"Est. reading time\" \/>\n\t<meta name=\"twitter:data1\" content=\"1 minute\" \/>\n<script type=\"application\/ld+json\" class=\"yoast-schema-graph\">{\"@context\":\"https:\/\/schema.org\",\"@graph\":[{\"@type\":\"WebPage\",\"@id\":\"https:\/\/www.ovidiudragosargesanu.ro\/en\/shop\/cursuri-premium\/supraconstiinta-cursuri-premium\/curs-melchisedek\/\",\"url\":\"https:\/\/www.ovidiudragosargesanu.ro\/en\/shop\/cursuri-premium\/supraconstiinta-cursuri-premium\/curs-melchisedek\/\",\"name\":\"Curs: Melchisedek - Ovidiu Drago\u0219 Arge\u0219anu\",\"isPartOf\":{\"@id\":\"https:\/\/www.ovidiudragosargesanu.ro\/en\/#website\"},\"primaryImageOfPage\":{\"@id\":\"https:\/\/www.ovidiudragosargesanu.ro\/en\/shop\/cursuri-premium\/supraconstiinta-cursuri-premium\/curs-melchisedek\/#primaryimage\"},\"image\":{\"@id\":\"https:\/\/www.ovidiudragosargesanu.ro\/en\/shop\/cursuri-premium\/supraconstiinta-cursuri-premium\/curs-melchisedek\/#primaryimage\"},\"thumbnailUrl\":\"https:\/\/www.ovidiudragosargesanu.ro\/en\/wp-content\/uploads\/2024\/02\/Conferinta-premium-Abundenta-si-bunastarea-600X800-1.png\",\"datePublished\":\"2024-02-12T19:26:56+00:00\",\"dateModified\":\"2025-10-07T15:26:27+00:00\",\"description\":\"Ordinul lui Melchisedek este preo\u021bia dinainte de Hristos. Tine\u021bi minte: g\u00e2ndul conecteaz\u0103. M\u0103 intereseaz\u0103 s\u0103 \u00een\u021belege\u021bi principiile, pentru c\u0103\",\"breadcrumb\":{\"@id\":\"https:\/\/www.ovidiudragosargesanu.ro\/en\/shop\/cursuri-premium\/supraconstiinta-cursuri-premium\/curs-melchisedek\/#breadcrumb\"},\"inLanguage\":\"en-US\",\"potentialAction\":[{\"@type\":\"ReadAction\",\"target\":[\"https:\/\/www.ovidiudragosargesanu.ro\/en\/shop\/cursuri-premium\/supraconstiinta-cursuri-premium\/curs-melchisedek\/\"]}]},{\"@type\":\"ImageObject\",\"inLanguage\":\"en-US\",\"@id\":\"https:\/\/www.ovidiudragosargesanu.ro\/en\/shop\/cursuri-premium\/supraconstiinta-cursuri-premium\/curs-melchisedek\/#primaryimage\",\"url\":\"https:\/\/www.ovidiudragosargesanu.ro\/en\/wp-content\/uploads\/2024\/02\/Conferinta-premium-Abundenta-si-bunastarea-600X800-1.png\",\"contentUrl\":\"https:\/\/www.ovidiudragosargesanu.ro\/en\/wp-content\/uploads\/2024\/02\/Conferinta-premium-Abundenta-si-bunastarea-600X800-1.png\",\"width\":600,\"height\":800},{\"@type\":\"BreadcrumbList\",\"@id\":\"https:\/\/www.ovidiudragosargesanu.ro\/en\/shop\/cursuri-premium\/supraconstiinta-cursuri-premium\/curs-melchisedek\/#breadcrumb\",\"itemListElement\":[{\"@type\":\"ListItem\",\"position\":1,\"name\":\"Prima pagin\u0103\",\"item\":\"https:\/\/www.ovidiudragosargesanu.ro\/en\/\"},{\"@type\":\"ListItem\",\"position\":2,\"name\":\"Shop\",\"item\":\"https:\/\/www.ovidiudragosargesanu.ro\/en\/shop\/\"},{\"@type\":\"ListItem\",\"position\":3,\"name\":\"Curs: Melchisedek\"}]},{\"@type\":\"WebSite\",\"@id\":\"https:\/\/www.ovidiudragosargesanu.ro\/en\/#website\",\"url\":\"https:\/\/www.ovidiudragosargesanu.ro\/en\/\",\"name\":\"Ovidiu Drago\u0219 Arge\u0219anu\",\"description\":\"\",\"publisher\":{\"@id\":\"https:\/\/www.ovidiudragosargesanu.ro\/en\/#organization\"},\"potentialAction\":[{\"@type\":\"SearchAction\",\"target\":{\"@type\":\"EntryPoint\",\"urlTemplate\":\"https:\/\/www.ovidiudragosargesanu.ro\/en\/?s={search_term_string}\"},\"query-input\":{\"@type\":\"PropertyValueSpecification\",\"valueRequired\":true,\"valueName\":\"search_term_string\"}}],\"inLanguage\":\"en-US\"},{\"@type\":\"Organization\",\"@id\":\"https:\/\/www.ovidiudragosargesanu.ro\/en\/#organization\",\"name\":\"Ovidiu Drago\u0219 Arge\u0219anu\",\"url\":\"https:\/\/www.ovidiudragosargesanu.ro\/en\/\",\"logo\":{\"@type\":\"ImageObject\",\"inLanguage\":\"en-US\",\"@id\":\"https:\/\/www.ovidiudragosargesanu.ro\/en\/#\/schema\/logo\/image\/\",\"url\":\"https:\/\/www.ovidiudragosargesanu.ro\/en\/wp-content\/uploads\/2018\/03\/dragos-logo-lotus-black-400.svg\",\"contentUrl\":\"https:\/\/www.ovidiudragosargesanu.ro\/en\/wp-content\/uploads\/2018\/03\/dragos-logo-lotus-black-400.svg\",\"width\":300,\"height\":150,\"caption\":\"Ovidiu Drago\u0219 Arge\u0219anu\"},\"image\":{\"@id\":\"https:\/\/www.ovidiudragosargesanu.ro\/en\/#\/schema\/logo\/image\/\"}}]}<\/script>\n<!-- \/ Yoast SEO plugin. -->","yoast_head_json":{"title":"Curs: Melchisedek - Ovidiu Drago\u0219 Arge\u0219anu","description":"Ordinul lui Melchisedek este preo\u021bia dinainte de Hristos. Tine\u021bi minte: g\u00e2ndul conecteaz\u0103. M\u0103 intereseaz\u0103 s\u0103 \u00een\u021belege\u021bi principiile, pentru c\u0103","robots":{"index":"noindex","follow":"follow","max-snippet":"max-snippet:-1","max-image-preview":"max-image-preview:large","max-video-preview":"max-video-preview:-1"},"og_locale":"en_US","og_type":"article","og_title":"Curs: Melchisedek - Ovidiu Drago\u0219 Arge\u0219anu","og_description":"Ordinul lui Melchisedek este preo\u021bia dinainte de Hristos. Tine\u021bi minte: g\u00e2ndul conecteaz\u0103. M\u0103 intereseaz\u0103 s\u0103 \u00een\u021belege\u021bi principiile, pentru c\u0103","og_url":"https:\/\/www.ovidiudragosargesanu.ro\/en\/shop\/cursuri-premium\/supraconstiinta-cursuri-premium\/curs-melchisedek\/","og_site_name":"Ovidiu Drago\u0219 Arge\u0219anu","article_modified_time":"2025-10-07T15:26:27+00:00","og_image":[{"width":600,"height":800,"url":"https:\/\/www.ovidiudragosargesanu.ro\/en\/wp-content\/uploads\/2024\/02\/Conferinta-premium-Abundenta-si-bunastarea-600X800-1.png","type":"image\/png"}],"twitter_card":"summary_large_image","twitter_misc":{"Est. reading time":"1 minute"},"schema":{"@context":"https:\/\/schema.org","@graph":[{"@type":"WebPage","@id":"https:\/\/www.ovidiudragosargesanu.ro\/en\/shop\/cursuri-premium\/supraconstiinta-cursuri-premium\/curs-melchisedek\/","url":"https:\/\/www.ovidiudragosargesanu.ro\/en\/shop\/cursuri-premium\/supraconstiinta-cursuri-premium\/curs-melchisedek\/","name":"Curs: Melchisedek - Ovidiu Drago\u0219 Arge\u0219anu","isPartOf":{"@id":"https:\/\/www.ovidiudragosargesanu.ro\/en\/#website"},"primaryImageOfPage":{"@id":"https:\/\/www.ovidiudragosargesanu.ro\/en\/shop\/cursuri-premium\/supraconstiinta-cursuri-premium\/curs-melchisedek\/#primaryimage"},"image":{"@id":"https:\/\/www.ovidiudragosargesanu.ro\/en\/shop\/cursuri-premium\/supraconstiinta-cursuri-premium\/curs-melchisedek\/#primaryimage"},"thumbnailUrl":"https:\/\/www.ovidiudragosargesanu.ro\/en\/wp-content\/uploads\/2024\/02\/Conferinta-premium-Abundenta-si-bunastarea-600X800-1.png","datePublished":"2024-02-12T19:26:56+00:00","dateModified":"2025-10-07T15:26:27+00:00","description":"Ordinul lui Melchisedek este preo\u021bia dinainte de Hristos. Tine\u021bi minte: g\u00e2ndul conecteaz\u0103. M\u0103 intereseaz\u0103 s\u0103 \u00een\u021belege\u021bi principiile, pentru c\u0103","breadcrumb":{"@id":"https:\/\/www.ovidiudragosargesanu.ro\/en\/shop\/cursuri-premium\/supraconstiinta-cursuri-premium\/curs-melchisedek\/#breadcrumb"},"inLanguage":"en-US","potentialAction":[{"@type":"ReadAction","target":["https:\/\/www.ovidiudragosargesanu.ro\/en\/shop\/cursuri-premium\/supraconstiinta-cursuri-premium\/curs-melchisedek\/"]}]},{"@type":"ImageObject","inLanguage":"en-US","@id":"https:\/\/www.ovidiudragosargesanu.ro\/en\/shop\/cursuri-premium\/supraconstiinta-cursuri-premium\/curs-melchisedek\/#primaryimage","url":"https:\/\/www.ovidiudragosargesanu.ro\/en\/wp-content\/uploads\/2024\/02\/Conferinta-premium-Abundenta-si-bunastarea-600X800-1.png","contentUrl":"https:\/\/www.ovidiudragosargesanu.ro\/en\/wp-content\/uploads\/2024\/02\/Conferinta-premium-Abundenta-si-bunastarea-600X800-1.png","width":600,"height":800},{"@type":"BreadcrumbList","@id":"https:\/\/www.ovidiudragosargesanu.ro\/en\/shop\/cursuri-premium\/supraconstiinta-cursuri-premium\/curs-melchisedek\/#breadcrumb","itemListElement":[{"@type":"ListItem","position":1,"name":"Prima pagin\u0103","item":"https:\/\/www.ovidiudragosargesanu.ro\/en\/"},{"@type":"ListItem","position":2,"name":"Shop","item":"https:\/\/www.ovidiudragosargesanu.ro\/en\/shop\/"},{"@type":"ListItem","position":3,"name":"Curs: Melchisedek"}]},{"@type":"WebSite","@id":"https:\/\/www.ovidiudragosargesanu.ro\/en\/#website","url":"https:\/\/www.ovidiudragosargesanu.ro\/en\/","name":"Ovidiu Drago\u0219 Arge\u0219anu","description":"","publisher":{"@id":"https:\/\/www.ovidiudragosargesanu.ro\/en\/#organization"},"potentialAction":[{"@type":"SearchAction","target":{"@type":"EntryPoint","urlTemplate":"https:\/\/www.ovidiudragosargesanu.ro\/en\/?s={search_term_string}"},"query-input":{"@type":"PropertyValueSpecification","valueRequired":true,"valueName":"search_term_string"}}],"inLanguage":"en-US"},{"@type":"Organization","@id":"https:\/\/www.ovidiudragosargesanu.ro\/en\/#organization","name":"Ovidiu Drago\u0219 Arge\u0219anu","url":"https:\/\/www.ovidiudragosargesanu.ro\/en\/","logo":{"@type":"ImageObject","inLanguage":"en-US","@id":"https:\/\/www.ovidiudragosargesanu.ro\/en\/#\/schema\/logo\/image\/","url":"https:\/\/www.ovidiudragosargesanu.ro\/en\/wp-content\/uploads\/2018\/03\/dragos-logo-lotus-black-400.svg","contentUrl":"https:\/\/www.ovidiudragosargesanu.ro\/en\/wp-content\/uploads\/2018\/03\/dragos-logo-lotus-black-400.svg","width":300,"height":150,"caption":"Ovidiu Drago\u0219 Arge\u0219anu"},"image":{"@id":"https:\/\/www.ovidiudragosargesanu.ro\/en\/#\/schema\/logo\/image\/"}}]}},"_links":{"self":[{"href":"https:\/\/www.ovidiudragosargesanu.ro\/en\/wp-json\/wp\/v2\/product\/5696","targetHints":{"allow":["GET"]}}],"collection":[{"href":"https:\/\/www.ovidiudragosargesanu.ro\/en\/wp-json\/wp\/v2\/product"}],"about":[{"href":"https:\/\/www.ovidiudragosargesanu.ro\/en\/wp-json\/wp\/v2\/types\/product"}],"version-history":[{"count":4,"href":"https:\/\/www.ovidiudragosargesanu.ro\/en\/wp-json\/wp\/v2\/product\/5696\/revisions"}],"predecessor-version":[{"id":26528,"href":"https:\/\/www.ovidiudragosargesanu.ro\/en\/wp-json\/wp\/v2\/product\/5696\/revisions\/26528"}],"wp:featuredmedia":[{"embeddable":true,"href":"https:\/\/www.ovidiudragosargesanu.ro\/en\/wp-json\/wp\/v2\/media\/66454"}],"wp:attachment":[{"href":"https:\/\/www.ovidiudragosargesanu.ro\/en\/wp-json\/wp\/v2\/media?parent=5696"}],"wp:term":[{"taxonomy":"product_brand","embeddable":true,"href":"https:\/\/www.ovidiudragosargesanu.ro\/en\/wp-json\/wp\/v2\/product_brand?post=5696"},{"taxonomy":"product_cat","embeddable":true,"href":"https:\/\/www.ovidiudragosargesanu.ro\/en\/wp-json\/wp\/v2\/product_cat?post=5696"},{"taxonomy":"product_tag","embeddable":true,"href":"https:\/\/www.ovidiudragosargesanu.ro\/en\/wp-json\/wp\/v2\/product_tag?post=5696"}],"curies":[{"name":"wp","href":"https:\/\/api.w.org\/{rel}","templated":true}]}}