{"id":5792,"date":"2024-02-16T13:25:29","date_gmt":"2024-02-16T11:25:29","guid":{"rendered":"https:\/\/www.ovidiudragosargesanu.ro\/?post_type=product&#038;p=5792"},"modified":"2025-10-02T17:12:20","modified_gmt":"2025-10-02T14:12:20","slug":"curs-ghizii-spirituali-si-conexiunea-cu-acestia-in-evolutia-spirituala","status":"publish","type":"product","link":"https:\/\/www.ovidiudragosargesanu.ro\/en\/shop\/cursuri-premium\/entitati-cursuri-premium\/curs-ghizii-spirituali-si-conexiunea-cu-acestia-in-evolutia-spirituala\/","title":{"rendered":"Curs: Ghizii spirituali si conexiunea cu acestia in evolutia spirituala"},"content":{"rendered":"<p>Ghizii spirituali, fie c\u0103 sunt \u00eengeri, mae\u0219tri ascensiona\u021bi sau spirite ale naturii, joac\u0103 un rol esen\u021bial \u00een c\u0103l\u0103toria noastr\u0103, oferindu-ne \u00een\u021belepciune, protec\u021bie \u0219i \u00eendrumare pe m\u0103sur\u0103 ce navig\u0103m prin provoc\u0103rile vie\u021bii.<\/p>\n<p>Este foarte important\u0103 conexiunea cu ghizii nostri spirituali \u0219i interpretarea mesajelor pe care ace\u0219tia ni le transmit, adesea prin simboluri, sincronicit\u0103\u021bi sau intui\u021bii profunde. Merit\u0103 s\u0103 le recunoa\u0219tem prezen\u021ba \u0219i contribu\u021bia la cre\u0219terea noastr\u0103 spiritual\u0103. Fiecare dintre noi are acces la aceast\u0103 asisten\u021b\u0103 divin\u0103, indiferent de stadiul nostru spirtual sau religie. Prin acest\u0103 colaborare con\u0219tient\u0103 cu ghizii spirituali, ne putem \u00eembun\u0103t\u0103\u021bi calitatea vie\u021bii, putem g\u0103si r\u0103spunsuri la \u00eentreb\u0103ri profunde \u0219i putem parcurge prin aceast\u0103 via\u021b\u0103 cu mult mai mult\u0103 u\u0219urin\u021b\u0103.<\/p>\n","protected":false},"excerpt":{"rendered":"<p>ACCES NELIMITAT!<\/p>\n<p>Descoper\u0103 \u00een cursul \u201cGhizii spirituali \u0219i conexiunea cu ace\u0219tia \u00een evolu\u021bia spiritual\u0103\u201c sus\u021binut de dr. Ovidiu Drago\u0219 Arge\u0219anu informa\u021bii despre c\u00e2t de important\u0103 este conexiunea cu ghizii nostri spirituali \u0219i interpretarea mesajelor pe care ace\u0219tia ni le transmit, adesea prin simboluri, sincronicit\u0103\u021bi sau intui\u021bii profunde. Merit\u0103 s\u0103 le recunoa\u0219tem prezen\u021ba \u0219i contribu\u021bia la cre\u0219terea noastr\u0103 spiritual\u0103.<\/p>\n","protected":false},"featured_media":65963,"template":"","meta":{"inline_featured_image":false},"product_brand":[],"product_cat":[602,734],"product_tag":[744],"class_list":{"0":"post-5792","1":"product","2":"type-product","3":"status-publish","4":"has-post-thumbnail","6":"product_cat-cursuri-premium","7":"product_cat-entitati-cursuri-premium","8":"product_tag-entitati","10":"first","11":"instock","12":"virtual","13":"sold-individually","14":"taxable","15":"purchasable","16":"product-type-simple"},"yoast_head":"<!-- This site is optimized with the Yoast SEO plugin v26.9 - https:\/\/yoast.com\/product\/yoast-seo-wordpress\/ -->\n<title>Curs: Ghizii spirituali si conexiunea cu acestia in evolutia spirituala - Ovidiu Drago\u0219 Arge\u0219anu<\/title>\n<meta name=\"description\" content=\"Cursul ,,Ghizii spirituali \u0219i conexiunea cu ace\u0219tia \u00een evolu\u021bia spiritual\u0103\u201d sus\u021binut de dr. Ovidiu Drago\u0219 Arge\u0219anu reprezint\u0103 c\u00e2t de important\u0103 este\" \/>\n<meta name=\"robots\" content=\"noindex, follow, max-snippet:-1, max-image-preview:large, max-video-preview:-1\" \/>\n<meta property=\"og:locale\" content=\"en_US\" \/>\n<meta property=\"og:type\" content=\"article\" \/>\n<meta property=\"og:title\" content=\"Curs: Ghizii spirituali si conexiunea cu acestia in evolutia spirituala - Ovidiu Drago\u0219 Arge\u0219anu\" \/>\n<meta property=\"og:description\" content=\"Cursul ,,Ghizii spirituali \u0219i conexiunea cu ace\u0219tia \u00een evolu\u021bia spiritual\u0103\u201d sus\u021binut de dr. Ovidiu Drago\u0219 Arge\u0219anu reprezint\u0103 c\u00e2t de important\u0103 este\" \/>\n<meta property=\"og:url\" content=\"https:\/\/www.ovidiudragosargesanu.ro\/en\/shop\/cursuri-premium\/entitati-cursuri-premium\/curs-ghizii-spirituali-si-conexiunea-cu-acestia-in-evolutia-spirituala\/\" \/>\n<meta property=\"og:site_name\" content=\"Ovidiu Drago\u0219 Arge\u0219anu\" \/>\n<meta property=\"article:modified_time\" content=\"2025-10-02T14:12:20+00:00\" \/>\n<meta property=\"og:image\" content=\"https:\/\/www.ovidiudragosargesanu.ro\/en\/wp-content\/uploads\/2024\/02\/Curs-premium-Ghizii-spirituali-si-conexiunea-cu-acestia-in-evolutia-spirituala-600X800.png\" \/>\n\t<meta property=\"og:image:width\" content=\"600\" \/>\n\t<meta property=\"og:image:height\" content=\"800\" \/>\n\t<meta property=\"og:image:type\" content=\"image\/png\" \/>\n<meta name=\"twitter:card\" content=\"summary_large_image\" \/>\n<meta name=\"twitter:label1\" content=\"Est. reading time\" \/>\n\t<meta name=\"twitter:data1\" content=\"1 minute\" \/>\n<script type=\"application\/ld+json\" class=\"yoast-schema-graph\">{\"@context\":\"https:\/\/schema.org\",\"@graph\":[{\"@type\":\"WebPage\",\"@id\":\"https:\/\/www.ovidiudragosargesanu.ro\/en\/shop\/cursuri-premium\/entitati-cursuri-premium\/curs-ghizii-spirituali-si-conexiunea-cu-acestia-in-evolutia-spirituala\/\",\"url\":\"https:\/\/www.ovidiudragosargesanu.ro\/en\/shop\/cursuri-premium\/entitati-cursuri-premium\/curs-ghizii-spirituali-si-conexiunea-cu-acestia-in-evolutia-spirituala\/\",\"name\":\"Curs: Ghizii spirituali si conexiunea cu acestia in evolutia spirituala - Ovidiu Drago\u0219 Arge\u0219anu\",\"isPartOf\":{\"@id\":\"https:\/\/www.ovidiudragosargesanu.ro\/en\/#website\"},\"primaryImageOfPage\":{\"@id\":\"https:\/\/www.ovidiudragosargesanu.ro\/en\/shop\/cursuri-premium\/entitati-cursuri-premium\/curs-ghizii-spirituali-si-conexiunea-cu-acestia-in-evolutia-spirituala\/#primaryimage\"},\"image\":{\"@id\":\"https:\/\/www.ovidiudragosargesanu.ro\/en\/shop\/cursuri-premium\/entitati-cursuri-premium\/curs-ghizii-spirituali-si-conexiunea-cu-acestia-in-evolutia-spirituala\/#primaryimage\"},\"thumbnailUrl\":\"https:\/\/www.ovidiudragosargesanu.ro\/en\/wp-content\/uploads\/2024\/02\/Curs-premium-Ghizii-spirituali-si-conexiunea-cu-acestia-in-evolutia-spirituala-600X800.png\",\"datePublished\":\"2024-02-16T11:25:29+00:00\",\"dateModified\":\"2025-10-02T14:12:20+00:00\",\"description\":\"Cursul ,,Ghizii spirituali \u0219i conexiunea cu ace\u0219tia \u00een evolu\u021bia spiritual\u0103\u201d sus\u021binut de dr. Ovidiu Drago\u0219 Arge\u0219anu reprezint\u0103 c\u00e2t de important\u0103 este\",\"breadcrumb\":{\"@id\":\"https:\/\/www.ovidiudragosargesanu.ro\/en\/shop\/cursuri-premium\/entitati-cursuri-premium\/curs-ghizii-spirituali-si-conexiunea-cu-acestia-in-evolutia-spirituala\/#breadcrumb\"},\"inLanguage\":\"en-US\",\"potentialAction\":[{\"@type\":\"ReadAction\",\"target\":[\"https:\/\/www.ovidiudragosargesanu.ro\/en\/shop\/cursuri-premium\/entitati-cursuri-premium\/curs-ghizii-spirituali-si-conexiunea-cu-acestia-in-evolutia-spirituala\/\"]}]},{\"@type\":\"ImageObject\",\"inLanguage\":\"en-US\",\"@id\":\"https:\/\/www.ovidiudragosargesanu.ro\/en\/shop\/cursuri-premium\/entitati-cursuri-premium\/curs-ghizii-spirituali-si-conexiunea-cu-acestia-in-evolutia-spirituala\/#primaryimage\",\"url\":\"https:\/\/www.ovidiudragosargesanu.ro\/en\/wp-content\/uploads\/2024\/02\/Curs-premium-Ghizii-spirituali-si-conexiunea-cu-acestia-in-evolutia-spirituala-600X800.png\",\"contentUrl\":\"https:\/\/www.ovidiudragosargesanu.ro\/en\/wp-content\/uploads\/2024\/02\/Curs-premium-Ghizii-spirituali-si-conexiunea-cu-acestia-in-evolutia-spirituala-600X800.png\",\"width\":600,\"height\":800},{\"@type\":\"BreadcrumbList\",\"@id\":\"https:\/\/www.ovidiudragosargesanu.ro\/en\/shop\/cursuri-premium\/entitati-cursuri-premium\/curs-ghizii-spirituali-si-conexiunea-cu-acestia-in-evolutia-spirituala\/#breadcrumb\",\"itemListElement\":[{\"@type\":\"ListItem\",\"position\":1,\"name\":\"Prima pagin\u0103\",\"item\":\"https:\/\/www.ovidiudragosargesanu.ro\/en\/\"},{\"@type\":\"ListItem\",\"position\":2,\"name\":\"Shop\",\"item\":\"https:\/\/www.ovidiudragosargesanu.ro\/en\/shop\/\"},{\"@type\":\"ListItem\",\"position\":3,\"name\":\"Curs: Ghizii spirituali si conexiunea cu acestia in evolutia spirituala\"}]},{\"@type\":\"WebSite\",\"@id\":\"https:\/\/www.ovidiudragosargesanu.ro\/en\/#website\",\"url\":\"https:\/\/www.ovidiudragosargesanu.ro\/en\/\",\"name\":\"Ovidiu Drago\u0219 Arge\u0219anu\",\"description\":\"\",\"publisher\":{\"@id\":\"https:\/\/www.ovidiudragosargesanu.ro\/en\/#organization\"},\"potentialAction\":[{\"@type\":\"SearchAction\",\"target\":{\"@type\":\"EntryPoint\",\"urlTemplate\":\"https:\/\/www.ovidiudragosargesanu.ro\/en\/?s={search_term_string}\"},\"query-input\":{\"@type\":\"PropertyValueSpecification\",\"valueRequired\":true,\"valueName\":\"search_term_string\"}}],\"inLanguage\":\"en-US\"},{\"@type\":\"Organization\",\"@id\":\"https:\/\/www.ovidiudragosargesanu.ro\/en\/#organization\",\"name\":\"Ovidiu Drago\u0219 Arge\u0219anu\",\"url\":\"https:\/\/www.ovidiudragosargesanu.ro\/en\/\",\"logo\":{\"@type\":\"ImageObject\",\"inLanguage\":\"en-US\",\"@id\":\"https:\/\/www.ovidiudragosargesanu.ro\/en\/#\/schema\/logo\/image\/\",\"url\":\"https:\/\/www.ovidiudragosargesanu.ro\/en\/wp-content\/uploads\/2018\/03\/dragos-logo-lotus-black-400.svg\",\"contentUrl\":\"https:\/\/www.ovidiudragosargesanu.ro\/en\/wp-content\/uploads\/2018\/03\/dragos-logo-lotus-black-400.svg\",\"width\":300,\"height\":150,\"caption\":\"Ovidiu Drago\u0219 Arge\u0219anu\"},\"image\":{\"@id\":\"https:\/\/www.ovidiudragosargesanu.ro\/en\/#\/schema\/logo\/image\/\"}}]}<\/script>\n<!-- \/ Yoast SEO plugin. -->","yoast_head_json":{"title":"Curs: Ghizii spirituali si conexiunea cu acestia in evolutia spirituala - Ovidiu Drago\u0219 Arge\u0219anu","description":"Cursul ,,Ghizii spirituali \u0219i conexiunea cu ace\u0219tia \u00een evolu\u021bia spiritual\u0103\u201d sus\u021binut de dr. Ovidiu Drago\u0219 Arge\u0219anu reprezint\u0103 c\u00e2t de important\u0103 este","robots":{"index":"noindex","follow":"follow","max-snippet":"max-snippet:-1","max-image-preview":"max-image-preview:large","max-video-preview":"max-video-preview:-1"},"og_locale":"en_US","og_type":"article","og_title":"Curs: Ghizii spirituali si conexiunea cu acestia in evolutia spirituala - Ovidiu Drago\u0219 Arge\u0219anu","og_description":"Cursul ,,Ghizii spirituali \u0219i conexiunea cu ace\u0219tia \u00een evolu\u021bia spiritual\u0103\u201d sus\u021binut de dr. Ovidiu Drago\u0219 Arge\u0219anu reprezint\u0103 c\u00e2t de important\u0103 este","og_url":"https:\/\/www.ovidiudragosargesanu.ro\/en\/shop\/cursuri-premium\/entitati-cursuri-premium\/curs-ghizii-spirituali-si-conexiunea-cu-acestia-in-evolutia-spirituala\/","og_site_name":"Ovidiu Drago\u0219 Arge\u0219anu","article_modified_time":"2025-10-02T14:12:20+00:00","og_image":[{"width":600,"height":800,"url":"https:\/\/www.ovidiudragosargesanu.ro\/en\/wp-content\/uploads\/2024\/02\/Curs-premium-Ghizii-spirituali-si-conexiunea-cu-acestia-in-evolutia-spirituala-600X800.png","type":"image\/png"}],"twitter_card":"summary_large_image","twitter_misc":{"Est. reading time":"1 minute"},"schema":{"@context":"https:\/\/schema.org","@graph":[{"@type":"WebPage","@id":"https:\/\/www.ovidiudragosargesanu.ro\/en\/shop\/cursuri-premium\/entitati-cursuri-premium\/curs-ghizii-spirituali-si-conexiunea-cu-acestia-in-evolutia-spirituala\/","url":"https:\/\/www.ovidiudragosargesanu.ro\/en\/shop\/cursuri-premium\/entitati-cursuri-premium\/curs-ghizii-spirituali-si-conexiunea-cu-acestia-in-evolutia-spirituala\/","name":"Curs: Ghizii spirituali si conexiunea cu acestia in evolutia spirituala - Ovidiu Drago\u0219 Arge\u0219anu","isPartOf":{"@id":"https:\/\/www.ovidiudragosargesanu.ro\/en\/#website"},"primaryImageOfPage":{"@id":"https:\/\/www.ovidiudragosargesanu.ro\/en\/shop\/cursuri-premium\/entitati-cursuri-premium\/curs-ghizii-spirituali-si-conexiunea-cu-acestia-in-evolutia-spirituala\/#primaryimage"},"image":{"@id":"https:\/\/www.ovidiudragosargesanu.ro\/en\/shop\/cursuri-premium\/entitati-cursuri-premium\/curs-ghizii-spirituali-si-conexiunea-cu-acestia-in-evolutia-spirituala\/#primaryimage"},"thumbnailUrl":"https:\/\/www.ovidiudragosargesanu.ro\/en\/wp-content\/uploads\/2024\/02\/Curs-premium-Ghizii-spirituali-si-conexiunea-cu-acestia-in-evolutia-spirituala-600X800.png","datePublished":"2024-02-16T11:25:29+00:00","dateModified":"2025-10-02T14:12:20+00:00","description":"Cursul ,,Ghizii spirituali \u0219i conexiunea cu ace\u0219tia \u00een evolu\u021bia spiritual\u0103\u201d sus\u021binut de dr. Ovidiu Drago\u0219 Arge\u0219anu reprezint\u0103 c\u00e2t de important\u0103 este","breadcrumb":{"@id":"https:\/\/www.ovidiudragosargesanu.ro\/en\/shop\/cursuri-premium\/entitati-cursuri-premium\/curs-ghizii-spirituali-si-conexiunea-cu-acestia-in-evolutia-spirituala\/#breadcrumb"},"inLanguage":"en-US","potentialAction":[{"@type":"ReadAction","target":["https:\/\/www.ovidiudragosargesanu.ro\/en\/shop\/cursuri-premium\/entitati-cursuri-premium\/curs-ghizii-spirituali-si-conexiunea-cu-acestia-in-evolutia-spirituala\/"]}]},{"@type":"ImageObject","inLanguage":"en-US","@id":"https:\/\/www.ovidiudragosargesanu.ro\/en\/shop\/cursuri-premium\/entitati-cursuri-premium\/curs-ghizii-spirituali-si-conexiunea-cu-acestia-in-evolutia-spirituala\/#primaryimage","url":"https:\/\/www.ovidiudragosargesanu.ro\/en\/wp-content\/uploads\/2024\/02\/Curs-premium-Ghizii-spirituali-si-conexiunea-cu-acestia-in-evolutia-spirituala-600X800.png","contentUrl":"https:\/\/www.ovidiudragosargesanu.ro\/en\/wp-content\/uploads\/2024\/02\/Curs-premium-Ghizii-spirituali-si-conexiunea-cu-acestia-in-evolutia-spirituala-600X800.png","width":600,"height":800},{"@type":"BreadcrumbList","@id":"https:\/\/www.ovidiudragosargesanu.ro\/en\/shop\/cursuri-premium\/entitati-cursuri-premium\/curs-ghizii-spirituali-si-conexiunea-cu-acestia-in-evolutia-spirituala\/#breadcrumb","itemListElement":[{"@type":"ListItem","position":1,"name":"Prima pagin\u0103","item":"https:\/\/www.ovidiudragosargesanu.ro\/en\/"},{"@type":"ListItem","position":2,"name":"Shop","item":"https:\/\/www.ovidiudragosargesanu.ro\/en\/shop\/"},{"@type":"ListItem","position":3,"name":"Curs: Ghizii spirituali si conexiunea cu acestia in evolutia spirituala"}]},{"@type":"WebSite","@id":"https:\/\/www.ovidiudragosargesanu.ro\/en\/#website","url":"https:\/\/www.ovidiudragosargesanu.ro\/en\/","name":"Ovidiu Drago\u0219 Arge\u0219anu","description":"","publisher":{"@id":"https:\/\/www.ovidiudragosargesanu.ro\/en\/#organization"},"potentialAction":[{"@type":"SearchAction","target":{"@type":"EntryPoint","urlTemplate":"https:\/\/www.ovidiudragosargesanu.ro\/en\/?s={search_term_string}"},"query-input":{"@type":"PropertyValueSpecification","valueRequired":true,"valueName":"search_term_string"}}],"inLanguage":"en-US"},{"@type":"Organization","@id":"https:\/\/www.ovidiudragosargesanu.ro\/en\/#organization","name":"Ovidiu Drago\u0219 Arge\u0219anu","url":"https:\/\/www.ovidiudragosargesanu.ro\/en\/","logo":{"@type":"ImageObject","inLanguage":"en-US","@id":"https:\/\/www.ovidiudragosargesanu.ro\/en\/#\/schema\/logo\/image\/","url":"https:\/\/www.ovidiudragosargesanu.ro\/en\/wp-content\/uploads\/2018\/03\/dragos-logo-lotus-black-400.svg","contentUrl":"https:\/\/www.ovidiudragosargesanu.ro\/en\/wp-content\/uploads\/2018\/03\/dragos-logo-lotus-black-400.svg","width":300,"height":150,"caption":"Ovidiu Drago\u0219 Arge\u0219anu"},"image":{"@id":"https:\/\/www.ovidiudragosargesanu.ro\/en\/#\/schema\/logo\/image\/"}}]}},"_links":{"self":[{"href":"https:\/\/www.ovidiudragosargesanu.ro\/en\/wp-json\/wp\/v2\/product\/5792","targetHints":{"allow":["GET"]}}],"collection":[{"href":"https:\/\/www.ovidiudragosargesanu.ro\/en\/wp-json\/wp\/v2\/product"}],"about":[{"href":"https:\/\/www.ovidiudragosargesanu.ro\/en\/wp-json\/wp\/v2\/types\/product"}],"version-history":[{"count":4,"href":"https:\/\/www.ovidiudragosargesanu.ro\/en\/wp-json\/wp\/v2\/product\/5792\/revisions"}],"predecessor-version":[{"id":26523,"href":"https:\/\/www.ovidiudragosargesanu.ro\/en\/wp-json\/wp\/v2\/product\/5792\/revisions\/26523"}],"wp:featuredmedia":[{"embeddable":true,"href":"https:\/\/www.ovidiudragosargesanu.ro\/en\/wp-json\/wp\/v2\/media\/65963"}],"wp:attachment":[{"href":"https:\/\/www.ovidiudragosargesanu.ro\/en\/wp-json\/wp\/v2\/media?parent=5792"}],"wp:term":[{"taxonomy":"product_brand","embeddable":true,"href":"https:\/\/www.ovidiudragosargesanu.ro\/en\/wp-json\/wp\/v2\/product_brand?post=5792"},{"taxonomy":"product_cat","embeddable":true,"href":"https:\/\/www.ovidiudragosargesanu.ro\/en\/wp-json\/wp\/v2\/product_cat?post=5792"},{"taxonomy":"product_tag","embeddable":true,"href":"https:\/\/www.ovidiudragosargesanu.ro\/en\/wp-json\/wp\/v2\/product_tag?post=5792"}],"curies":[{"name":"wp","href":"https:\/\/api.w.org\/{rel}","templated":true}]}}