{"id":58228,"date":"2025-08-03T19:55:49","date_gmt":"2025-08-03T16:55:49","guid":{"rendered":"https:\/\/www.ovidiudragosargesanu.ro\/?post_type=product&#038;p=58228"},"modified":"2025-08-18T00:01:00","modified_gmt":"2025-08-17T21:01:00","slug":"despre-sexualitate-intrebari-si-raspunsuri-seniori","status":"publish","type":"product","link":"https:\/\/www.ovidiudragosargesanu.ro\/en\/shop\/seniori\/despre-sexualitate-intrebari-si-raspunsuri-seniori\/","title":{"rendered":"Despre sexualitate. Intrebari si raspunsuri (Seniori)"},"content":{"rendered":"<h4><span style=\"font-weight: 400;\">\u201eNu sexul e p\u0103cat, ci faptul c\u0103 oamenii \u00eel tr\u0103iesc f\u0103r\u0103 iubire, f\u0103r\u0103 responsabilitate, f\u0103r\u0103 suflet. Sexul mecanic, comercializat, manipulatoriu sau abuziv este opusul actului sacru.\u201d\u00a0\u00a0\u00a0\u00a0\u00a0\u00a0\u00a0\u00a0\u00a0\u00a0\u00a0\u00a0\u00a0\u00a0\u00a0\u00a0\u00a0\u00a0\u00a0\u00a0\u00a0\u00a0\u00a0\u00a0\u00a0\u00a0\u00a0\u00a0\u00a0\u00a0\u00a0\u00a0\u00a0\u00a0\u00a0\u00a0\u00a0\u00a0\u00a0\u00a0\u00a0\u00a0<\/span><\/h4>\n<p><span style=\"font-weight: 400;\">De ce este important s\u0103 vorbim despre sexualitate?<\/span><\/p>\n<p><span style=\"font-weight: 400;\">Pentru c\u0103 \u00eemi doresc s\u0103 \u00een\u021belegem c\u0103 sexualitatea nu este un p\u0103cat, este o poart\u0103. Este primul dar pe care Dumnezeu l-a pus \u00een trup \u2013 nu ca ru\u0219ine, ci ca for\u021b\u0103 vital\u0103, energie de crea\u021bie \u0219i cheie a ini\u021bierii spirituale. Dar pentru c\u0103 oamenii au pierdut leg\u0103tura cu Divinul, au transformat sexul \u00een dependen\u021b\u0103, \u00een ru\u0219ine sau \u00een form\u0103 de putere asupra celuilalt.<\/span><\/p>\n<p><span style=\"font-weight: 400;\">Aceast\u0103 carte nu este despre \u201etehnici sexuale\u201d, ci despre adev\u0103rul spiritual \u0219i energetic din spatele actului sexual.<\/span><\/p>\n<p><span style=\"font-weight: 400;\">R\u0103spunde la \u00eentreb\u0103rile pe care majoritatea oamenilor nu au avut curajul s\u0103 le pun\u0103 \u00een biserici, \u00een familie sau \u00een fa\u021ba oglinzii. Pentru c\u0103, sexul nu te duce \u00een Iad. Incon\u0219tien\u021ba te duce.<\/span><\/p>\n<p><span style=\"font-weight: 400;\">Aceast\u0103 carte nu vrea s\u0103 \u00ee\u021bi spun\u0103 \u201ecu cine s\u0103 faci sex\u201d sau \u201ecum\u201d. Vrea doar s\u0103 \u00ee\u021bi aduc\u0103 adev\u0103rul spiritual al sexualit\u0103\u021bii \u00eenapoi \u00een corpul t\u0103u. Ca s\u0103 nu te mai foloseasc\u0103 nimeni. Ca s\u0103 nu mai pierzi Lumina. Ca s\u0103 devii, din rob al dorin\u021bei, st\u0103p\u00e2nul Focului t\u0103u.<\/span><\/p>\n<p><span style=\"font-weight: 400;\">\u201eSexul nu e p\u0103cat. Ne\u0219tiin\u021ba e p\u0103cat. Neasumarea propriei sexualit\u0103\u021bi \u0219i blamarea ei este p\u0103cat. Energia sexual\u0103 e ca o sabie. Po\u021bi t\u0103ia cu ea \u00eentunericul sau te po\u021bi t\u0103ia singur. Tu alegi. Fie e\u0219ti st\u0103p\u00e2nul energiei sexuale, fie e\u0219ti robul ei.\u201d<\/span><\/p>\n<p>&nbsp;<\/p>\n","protected":false},"excerpt":{"rendered":"\n<table id=\"tablepress-82\" class=\"tablepress tablepress-id-82\">\n<tbody class=\"row-striping row-hover\">\n<tr class=\"row-1\">\n\t<td class=\"column-1\">Editura<\/td><td class=\"column-2\"><b>PRO DAO<\/b><\/td>\n<\/tr>\n<tr class=\"row-2\">\n\t<td class=\"column-1\">Anul Public\u0103rii<\/td><td class=\"column-2\">2025<\/td>\n<\/tr>\n<tr class=\"row-3\">\n\t<td class=\"column-1\">ISBN<\/td><td class=\"column-2\">978-606-9721-29-2<\/td>\n<\/tr>\n<tr class=\"row-4\">\n\t<td class=\"column-1\">Nr. pagini<\/td><td class=\"column-2\">292<\/td>\n<\/tr>\n<\/tbody>\n<\/table>\n<!-- #tablepress-82 from cache -->\n","protected":false},"featured_media":57009,"template":"","meta":{"inline_featured_image":false},"product_brand":[],"product_cat":[795],"product_tag":[],"class_list":{"0":"post-58228","1":"product","2":"type-product","3":"status-publish","4":"has-post-thumbnail","6":"product_cat-seniori","8":"first","9":"instock","10":"sale","11":"featured","12":"taxable","13":"shipping-taxable","14":"purchasable","15":"product-type-simple"},"yoast_head":"<!-- This site is optimized with the Yoast SEO plugin v26.9 - https:\/\/yoast.com\/product\/yoast-seo-wordpress\/ -->\n<title>Despre sexualitate. Intrebari si raspunsuri (Seniori) - Ovidiu Drago\u0219 Arge\u0219anu<\/title>\n<meta name=\"description\" content=\"Aceast\u0103 carte nu este despre \u201etehnici sexuale\u201d, ci despre adev\u0103rul spiritual \u0219i energetic din spatele actului sexual. R\u0103spunde la \u00eentreb\u0103rile pe care majoritatea\" \/>\n<meta name=\"robots\" content=\"noindex, follow, max-snippet:-1, max-image-preview:large, max-video-preview:-1\" \/>\n<meta property=\"og:locale\" content=\"en_US\" \/>\n<meta property=\"og:type\" content=\"article\" \/>\n<meta property=\"og:title\" content=\"Despre sexualitate. Intrebari si raspunsuri (Seniori) - Ovidiu Drago\u0219 Arge\u0219anu\" \/>\n<meta property=\"og:description\" content=\"Aceast\u0103 carte nu este despre \u201etehnici sexuale\u201d, ci despre adev\u0103rul spiritual \u0219i energetic din spatele actului sexual. R\u0103spunde la \u00eentreb\u0103rile pe care majoritatea\" \/>\n<meta property=\"og:url\" content=\"https:\/\/www.ovidiudragosargesanu.ro\/en\/shop\/seniori\/despre-sexualitate-intrebari-si-raspunsuri-seniori\/\" \/>\n<meta property=\"og:site_name\" content=\"Ovidiu Drago\u0219 Arge\u0219anu\" \/>\n<meta property=\"article:modified_time\" content=\"2025-08-17T21:01:00+00:00\" \/>\n<meta property=\"og:image\" content=\"https:\/\/www.ovidiudragosargesanu.ro\/en\/wp-content\/uploads\/2025\/07\/Coperta-Despre-sexualitate-logo-1000-x-1000-px.png\" \/>\n\t<meta property=\"og:image:width\" content=\"1000\" \/>\n\t<meta property=\"og:image:height\" content=\"1000\" \/>\n\t<meta property=\"og:image:type\" content=\"image\/png\" \/>\n<meta name=\"twitter:card\" content=\"summary_large_image\" \/>\n<meta name=\"twitter:label1\" content=\"Est. reading time\" \/>\n\t<meta name=\"twitter:data1\" content=\"2 minutes\" \/>\n<script type=\"application\/ld+json\" class=\"yoast-schema-graph\">{\"@context\":\"https:\/\/schema.org\",\"@graph\":[{\"@type\":\"WebPage\",\"@id\":\"https:\/\/www.ovidiudragosargesanu.ro\/en\/shop\/seniori\/despre-sexualitate-intrebari-si-raspunsuri-seniori\/\",\"url\":\"https:\/\/www.ovidiudragosargesanu.ro\/en\/shop\/seniori\/despre-sexualitate-intrebari-si-raspunsuri-seniori\/\",\"name\":\"Despre sexualitate. Intrebari si raspunsuri (Seniori) - Ovidiu Drago\u0219 Arge\u0219anu\",\"isPartOf\":{\"@id\":\"https:\/\/www.ovidiudragosargesanu.ro\/en\/#website\"},\"primaryImageOfPage\":{\"@id\":\"https:\/\/www.ovidiudragosargesanu.ro\/en\/shop\/seniori\/despre-sexualitate-intrebari-si-raspunsuri-seniori\/#primaryimage\"},\"image\":{\"@id\":\"https:\/\/www.ovidiudragosargesanu.ro\/en\/shop\/seniori\/despre-sexualitate-intrebari-si-raspunsuri-seniori\/#primaryimage\"},\"thumbnailUrl\":\"https:\/\/www.ovidiudragosargesanu.ro\/en\/wp-content\/uploads\/2025\/07\/Coperta-Despre-sexualitate-logo-1000-x-1000-px.png\",\"datePublished\":\"2025-08-03T16:55:49+00:00\",\"dateModified\":\"2025-08-17T21:01:00+00:00\",\"description\":\"Aceast\u0103 carte nu este despre \u201etehnici sexuale\u201d, ci despre adev\u0103rul spiritual \u0219i energetic din spatele actului sexual. R\u0103spunde la \u00eentreb\u0103rile pe care majoritatea\",\"breadcrumb\":{\"@id\":\"https:\/\/www.ovidiudragosargesanu.ro\/en\/shop\/seniori\/despre-sexualitate-intrebari-si-raspunsuri-seniori\/#breadcrumb\"},\"inLanguage\":\"en-US\",\"potentialAction\":[{\"@type\":\"ReadAction\",\"target\":[\"https:\/\/www.ovidiudragosargesanu.ro\/en\/shop\/seniori\/despre-sexualitate-intrebari-si-raspunsuri-seniori\/\"]}]},{\"@type\":\"ImageObject\",\"inLanguage\":\"en-US\",\"@id\":\"https:\/\/www.ovidiudragosargesanu.ro\/en\/shop\/seniori\/despre-sexualitate-intrebari-si-raspunsuri-seniori\/#primaryimage\",\"url\":\"https:\/\/www.ovidiudragosargesanu.ro\/en\/wp-content\/uploads\/2025\/07\/Coperta-Despre-sexualitate-logo-1000-x-1000-px.png\",\"contentUrl\":\"https:\/\/www.ovidiudragosargesanu.ro\/en\/wp-content\/uploads\/2025\/07\/Coperta-Despre-sexualitate-logo-1000-x-1000-px.png\",\"width\":1000,\"height\":1000,\"caption\":\"Coperta Despre sexualitate + logo (1000 x 1000 px)\"},{\"@type\":\"BreadcrumbList\",\"@id\":\"https:\/\/www.ovidiudragosargesanu.ro\/en\/shop\/seniori\/despre-sexualitate-intrebari-si-raspunsuri-seniori\/#breadcrumb\",\"itemListElement\":[{\"@type\":\"ListItem\",\"position\":1,\"name\":\"Prima pagin\u0103\",\"item\":\"https:\/\/www.ovidiudragosargesanu.ro\/en\/\"},{\"@type\":\"ListItem\",\"position\":2,\"name\":\"Shop\",\"item\":\"https:\/\/www.ovidiudragosargesanu.ro\/en\/shop\/\"},{\"@type\":\"ListItem\",\"position\":3,\"name\":\"Despre sexualitate. Intrebari si raspunsuri (Seniori)\"}]},{\"@type\":\"WebSite\",\"@id\":\"https:\/\/www.ovidiudragosargesanu.ro\/en\/#website\",\"url\":\"https:\/\/www.ovidiudragosargesanu.ro\/en\/\",\"name\":\"Ovidiu Drago\u0219 Arge\u0219anu\",\"description\":\"\",\"publisher\":{\"@id\":\"https:\/\/www.ovidiudragosargesanu.ro\/en\/#organization\"},\"potentialAction\":[{\"@type\":\"SearchAction\",\"target\":{\"@type\":\"EntryPoint\",\"urlTemplate\":\"https:\/\/www.ovidiudragosargesanu.ro\/en\/?s={search_term_string}\"},\"query-input\":{\"@type\":\"PropertyValueSpecification\",\"valueRequired\":true,\"valueName\":\"search_term_string\"}}],\"inLanguage\":\"en-US\"},{\"@type\":\"Organization\",\"@id\":\"https:\/\/www.ovidiudragosargesanu.ro\/en\/#organization\",\"name\":\"Ovidiu Drago\u0219 Arge\u0219anu\",\"url\":\"https:\/\/www.ovidiudragosargesanu.ro\/en\/\",\"logo\":{\"@type\":\"ImageObject\",\"inLanguage\":\"en-US\",\"@id\":\"https:\/\/www.ovidiudragosargesanu.ro\/en\/#\/schema\/logo\/image\/\",\"url\":\"https:\/\/www.ovidiudragosargesanu.ro\/en\/wp-content\/uploads\/2018\/03\/dragos-logo-lotus-black-400.svg\",\"contentUrl\":\"https:\/\/www.ovidiudragosargesanu.ro\/en\/wp-content\/uploads\/2018\/03\/dragos-logo-lotus-black-400.svg\",\"width\":300,\"height\":150,\"caption\":\"Ovidiu Drago\u0219 Arge\u0219anu\"},\"image\":{\"@id\":\"https:\/\/www.ovidiudragosargesanu.ro\/en\/#\/schema\/logo\/image\/\"}}]}<\/script>\n<!-- \/ Yoast SEO plugin. -->","yoast_head_json":{"title":"Despre sexualitate. Intrebari si raspunsuri (Seniori) - Ovidiu Drago\u0219 Arge\u0219anu","description":"Aceast\u0103 carte nu este despre \u201etehnici sexuale\u201d, ci despre adev\u0103rul spiritual \u0219i energetic din spatele actului sexual. R\u0103spunde la \u00eentreb\u0103rile pe care majoritatea","robots":{"index":"noindex","follow":"follow","max-snippet":"max-snippet:-1","max-image-preview":"max-image-preview:large","max-video-preview":"max-video-preview:-1"},"og_locale":"en_US","og_type":"article","og_title":"Despre sexualitate. Intrebari si raspunsuri (Seniori) - Ovidiu Drago\u0219 Arge\u0219anu","og_description":"Aceast\u0103 carte nu este despre \u201etehnici sexuale\u201d, ci despre adev\u0103rul spiritual \u0219i energetic din spatele actului sexual. R\u0103spunde la \u00eentreb\u0103rile pe care majoritatea","og_url":"https:\/\/www.ovidiudragosargesanu.ro\/en\/shop\/seniori\/despre-sexualitate-intrebari-si-raspunsuri-seniori\/","og_site_name":"Ovidiu Drago\u0219 Arge\u0219anu","article_modified_time":"2025-08-17T21:01:00+00:00","og_image":[{"width":1000,"height":1000,"url":"https:\/\/www.ovidiudragosargesanu.ro\/en\/wp-content\/uploads\/2025\/07\/Coperta-Despre-sexualitate-logo-1000-x-1000-px.png","type":"image\/png"}],"twitter_card":"summary_large_image","twitter_misc":{"Est. reading time":"2 minutes"},"schema":{"@context":"https:\/\/schema.org","@graph":[{"@type":"WebPage","@id":"https:\/\/www.ovidiudragosargesanu.ro\/en\/shop\/seniori\/despre-sexualitate-intrebari-si-raspunsuri-seniori\/","url":"https:\/\/www.ovidiudragosargesanu.ro\/en\/shop\/seniori\/despre-sexualitate-intrebari-si-raspunsuri-seniori\/","name":"Despre sexualitate. Intrebari si raspunsuri (Seniori) - Ovidiu Drago\u0219 Arge\u0219anu","isPartOf":{"@id":"https:\/\/www.ovidiudragosargesanu.ro\/en\/#website"},"primaryImageOfPage":{"@id":"https:\/\/www.ovidiudragosargesanu.ro\/en\/shop\/seniori\/despre-sexualitate-intrebari-si-raspunsuri-seniori\/#primaryimage"},"image":{"@id":"https:\/\/www.ovidiudragosargesanu.ro\/en\/shop\/seniori\/despre-sexualitate-intrebari-si-raspunsuri-seniori\/#primaryimage"},"thumbnailUrl":"https:\/\/www.ovidiudragosargesanu.ro\/en\/wp-content\/uploads\/2025\/07\/Coperta-Despre-sexualitate-logo-1000-x-1000-px.png","datePublished":"2025-08-03T16:55:49+00:00","dateModified":"2025-08-17T21:01:00+00:00","description":"Aceast\u0103 carte nu este despre \u201etehnici sexuale\u201d, ci despre adev\u0103rul spiritual \u0219i energetic din spatele actului sexual. R\u0103spunde la \u00eentreb\u0103rile pe care majoritatea","breadcrumb":{"@id":"https:\/\/www.ovidiudragosargesanu.ro\/en\/shop\/seniori\/despre-sexualitate-intrebari-si-raspunsuri-seniori\/#breadcrumb"},"inLanguage":"en-US","potentialAction":[{"@type":"ReadAction","target":["https:\/\/www.ovidiudragosargesanu.ro\/en\/shop\/seniori\/despre-sexualitate-intrebari-si-raspunsuri-seniori\/"]}]},{"@type":"ImageObject","inLanguage":"en-US","@id":"https:\/\/www.ovidiudragosargesanu.ro\/en\/shop\/seniori\/despre-sexualitate-intrebari-si-raspunsuri-seniori\/#primaryimage","url":"https:\/\/www.ovidiudragosargesanu.ro\/en\/wp-content\/uploads\/2025\/07\/Coperta-Despre-sexualitate-logo-1000-x-1000-px.png","contentUrl":"https:\/\/www.ovidiudragosargesanu.ro\/en\/wp-content\/uploads\/2025\/07\/Coperta-Despre-sexualitate-logo-1000-x-1000-px.png","width":1000,"height":1000,"caption":"Coperta Despre sexualitate + logo (1000 x 1000 px)"},{"@type":"BreadcrumbList","@id":"https:\/\/www.ovidiudragosargesanu.ro\/en\/shop\/seniori\/despre-sexualitate-intrebari-si-raspunsuri-seniori\/#breadcrumb","itemListElement":[{"@type":"ListItem","position":1,"name":"Prima pagin\u0103","item":"https:\/\/www.ovidiudragosargesanu.ro\/en\/"},{"@type":"ListItem","position":2,"name":"Shop","item":"https:\/\/www.ovidiudragosargesanu.ro\/en\/shop\/"},{"@type":"ListItem","position":3,"name":"Despre sexualitate. Intrebari si raspunsuri (Seniori)"}]},{"@type":"WebSite","@id":"https:\/\/www.ovidiudragosargesanu.ro\/en\/#website","url":"https:\/\/www.ovidiudragosargesanu.ro\/en\/","name":"Ovidiu Drago\u0219 Arge\u0219anu","description":"","publisher":{"@id":"https:\/\/www.ovidiudragosargesanu.ro\/en\/#organization"},"potentialAction":[{"@type":"SearchAction","target":{"@type":"EntryPoint","urlTemplate":"https:\/\/www.ovidiudragosargesanu.ro\/en\/?s={search_term_string}"},"query-input":{"@type":"PropertyValueSpecification","valueRequired":true,"valueName":"search_term_string"}}],"inLanguage":"en-US"},{"@type":"Organization","@id":"https:\/\/www.ovidiudragosargesanu.ro\/en\/#organization","name":"Ovidiu Drago\u0219 Arge\u0219anu","url":"https:\/\/www.ovidiudragosargesanu.ro\/en\/","logo":{"@type":"ImageObject","inLanguage":"en-US","@id":"https:\/\/www.ovidiudragosargesanu.ro\/en\/#\/schema\/logo\/image\/","url":"https:\/\/www.ovidiudragosargesanu.ro\/en\/wp-content\/uploads\/2018\/03\/dragos-logo-lotus-black-400.svg","contentUrl":"https:\/\/www.ovidiudragosargesanu.ro\/en\/wp-content\/uploads\/2018\/03\/dragos-logo-lotus-black-400.svg","width":300,"height":150,"caption":"Ovidiu Drago\u0219 Arge\u0219anu"},"image":{"@id":"https:\/\/www.ovidiudragosargesanu.ro\/en\/#\/schema\/logo\/image\/"}}]}},"_links":{"self":[{"href":"https:\/\/www.ovidiudragosargesanu.ro\/en\/wp-json\/wp\/v2\/product\/58228","targetHints":{"allow":["GET"]}}],"collection":[{"href":"https:\/\/www.ovidiudragosargesanu.ro\/en\/wp-json\/wp\/v2\/product"}],"about":[{"href":"https:\/\/www.ovidiudragosargesanu.ro\/en\/wp-json\/wp\/v2\/types\/product"}],"version-history":[{"count":2,"href":"https:\/\/www.ovidiudragosargesanu.ro\/en\/wp-json\/wp\/v2\/product\/58228\/revisions"}],"predecessor-version":[{"id":59663,"href":"https:\/\/www.ovidiudragosargesanu.ro\/en\/wp-json\/wp\/v2\/product\/58228\/revisions\/59663"}],"wp:featuredmedia":[{"embeddable":true,"href":"https:\/\/www.ovidiudragosargesanu.ro\/en\/wp-json\/wp\/v2\/media\/57009"}],"wp:attachment":[{"href":"https:\/\/www.ovidiudragosargesanu.ro\/en\/wp-json\/wp\/v2\/media?parent=58228"}],"wp:term":[{"taxonomy":"product_brand","embeddable":true,"href":"https:\/\/www.ovidiudragosargesanu.ro\/en\/wp-json\/wp\/v2\/product_brand?post=58228"},{"taxonomy":"product_cat","embeddable":true,"href":"https:\/\/www.ovidiudragosargesanu.ro\/en\/wp-json\/wp\/v2\/product_cat?post=58228"},{"taxonomy":"product_tag","embeddable":true,"href":"https:\/\/www.ovidiudragosargesanu.ro\/en\/wp-json\/wp\/v2\/product_tag?post=58228"}],"curies":[{"name":"wp","href":"https:\/\/api.w.org\/{rel}","templated":true}]}}