{"id":58262,"date":"2025-08-04T20:43:10","date_gmt":"2025-08-04T17:43:10","guid":{"rendered":"https:\/\/www.ovidiudragosargesanu.ro\/shop\/fara-categorie\/curs-dragonii-in-viata-ta-protectie-putere-si-evolutie-deva-acces-online\/"},"modified":"2025-09-19T17:14:15","modified_gmt":"2025-09-19T14:14:15","slug":"curs-dragonii-in-viata-ta-protectie-putere-si-evolutie-deva-acces-online","status":"publish","type":"product","link":"https:\/\/www.ovidiudragosargesanu.ro\/en\/shop\/cursuri-premium\/entitati-cursuri-premium\/curs-dragonii-in-viata-ta-protectie-putere-si-evolutie-deva-acces-online\/","title":{"rendered":"Curs Dragonii in viata ta &#8211; protectie, putere si evolutie &#8211; Deva &#8211; acces online"},"content":{"rendered":"<p><span style=\"font-weight: 400;\">\ud83d\udc09<\/span><b> CURS: Dragonii \u00een Via\u021ba Ta \u2013 Protec\u021bie, Putere \u0219i Evolu\u021bie<\/b><\/p>\n<p><span style=\"font-weight: 400;\">Curs Esen\u021bial pentru Lucrul cu Dragonii \u0219i Transformarea Interioar\u0103<\/span><span style=\"font-weight: 400;\"><br \/>\n<\/span><span style=\"font-weight: 400;\"> \ud83d\udcc5 <\/span><b><i>10 septembrie 2025\u00a0<\/i><\/b><\/p>\n<p><span style=\"font-weight: 400;\">Descoper\u0103 lumea dragonilor \u0219i \u00eenva\u021b\u0103 cum s\u0103 colaborezi cu aceste spirite puternice pentru protec\u021bie, echilibru, abunden\u021b\u0103 \u0219i vindecare personal\u0103.<\/span><\/p>\n<p><span style=\"font-weight: 400;\">Ai auzit despre dragoni, dar nu ai \u0219tiut cum s\u0103 te raportezi la ei?<\/span><span style=\"font-weight: 400;\"><br \/>\n<\/span><span style=\"font-weight: 400;\"> Acest curs este pentru tine dac\u0103 \u00ee\u021bi dore\u0219ti o \u00een\u021belegere clar\u0103, aplicabil\u0103 \u0219i profund\u0103 a prezen\u021bei dragonilor \u00een via\u021ba ta \u2013 \u0219i mai ales a modului \u00een care \u00eei po\u021bi transforma din influen\u021be incon\u0219tiente \u00een alia\u021bi puternici.<\/span><\/p>\n<p><span style=\"font-weight: 400;\">\ud83d\udd25 <\/span><b>Ce vei \u00eenv\u0103\u021ba \u00een acest curs transformator:<\/b><\/p>\n<ul>\n<li style=\"font-weight: 400;\"><span style=\"font-weight: 400;\">Ce sunt dragonii \u0219i de unde vin<\/span><\/li>\n<li style=\"font-weight: 400;\"><span style=\"font-weight: 400;\">Cum se manifest\u0103 \u0219i cum recuno\u0219ti prezen\u021ba unui dragon<\/span><\/li>\n<li style=\"font-weight: 400;\"><span style=\"font-weight: 400;\">Ce tipuri de dragoni exist\u0103 \u0219i cum se coreleaz\u0103 cu domeniile din via\u021ba ta (dragoni ai elementelor, profesiilor, calit\u0103\u021bilor)<\/span><\/li>\n<li style=\"font-weight: 400;\"><span style=\"font-weight: 400;\">Dragoni \u0219i arhetipuri interioare: cum te pot ajuta \u00een dezvoltarea personal\u0103 (cum devii mai puternic, disciplinat, creativ, iubitor)<\/span><\/li>\n<li style=\"font-weight: 400;\"><span style=\"font-weight: 400;\">Deschiderea de drumuri \u0219i dragonii<\/span><\/li>\n<li style=\"font-weight: 400;\"><span style=\"font-weight: 400;\">Despre dragonul t\u0103u gardian (cum \u00eel identifici, cum \u00eel activezi, cum \u00eei ceri protec\u021bie, diferen\u021bele dintre protec\u021bia oferit\u0103 de un dragon \u0219i cea a unui \u00eenger)\u00a0<\/span><\/li>\n<li style=\"font-weight: 400;\"><span style=\"font-weight: 400;\">Medita\u021bia cu dragonul t\u0103u<\/span><\/li>\n<li style=\"font-weight: 400;\"><span style=\"font-weight: 400;\">Metode de protec\u021bie cu ajutorul dragonilor\u00a0<\/span><\/li>\n<\/ul>\n<ul>\n<li style=\"font-weight: 400;\"><span style=\"font-weight: 400;\">Leg\u0103tura dintre dragoni \u0219i Reiki, Taoism, artele mar\u021biale \u0219i ini\u021bieri \u0219i alte sisteme<\/span><\/li>\n<li style=\"font-weight: 400;\"><span style=\"font-weight: 400;\">Diferen\u021ba dintre integrarea \u0219i \u00eenvingerea unui dragon<\/span><\/li>\n<li style=\"font-weight: 400;\"><span style=\"font-weight: 400;\">Cum alegi con\u0219tient ce dragoni s\u0103 integrezi<\/span><\/li>\n<li style=\"font-weight: 400;\"><span style=\"font-weight: 400;\">Cum s\u0103 construie\u0219ti o dimensiune\/ un spa\u021biu pentru dragonii t\u0103i de antrenament, vindecare sau evolu\u021bie<\/span><\/li>\n<\/ul>\n<ul>\n<li style=\"font-weight: 400;\"><span style=\"font-weight: 400;\">Cum ne influen\u021beaz\u0103 dragonii rela\u021biile de cuplu \u0219i sexualitatea<\/span><\/li>\n<li style=\"font-weight: 400;\"><span style=\"font-weight: 400;\">Dragonii \u0219i copiii: cum \u00ee\u021bi po\u021bi ajuta copilul s\u0103 se echilibreze energetic<\/span><\/li>\n<li style=\"font-weight: 400;\"><span style=\"font-weight: 400;\">Tehnici de vindecare a umbrei cu ajutorul dragonilor<\/span><\/li>\n<li style=\"font-weight: 400;\"><span style=\"font-weight: 400;\">Dragonii \u0219i s\u0103n\u0103tatea mental\u0103: influen\u021be, dezechilibre \u0219i solu\u021bii<\/span><\/li>\n<li style=\"font-weight: 400;\"><span style=\"font-weight: 400;\">Cum se transform\u0103 un dragon \u0219i cum afli dac\u0103 e preg\u0103tit<\/span><\/li>\n<li style=\"font-weight: 400;\"><span style=\"font-weight: 400;\">Ce beneficii ai dup\u0103 ce ai transformat un dragon\u00a0<\/span><\/li>\n<\/ul>\n<ul>\n<li style=\"font-weight: 400;\"><span style=\"font-weight: 400;\">Dragonii \u0219i succesul material: atragerea banilor \u0219i energiei abunden\u021bei<\/span><\/li>\n<li style=\"font-weight: 400;\"><span style=\"font-weight: 400;\">Karma fa\u021b\u0103 de dragoni \u0219i cum te pot ajuta \u00een pl\u0103\u021bile karmei tale<\/span><\/li>\n<li style=\"font-weight: 400;\"><span style=\"font-weight: 400;\">Conexiunea cu dragonii Yin \u0219i Yang ai Rom\u00e2niei<\/span><\/li>\n<li style=\"font-weight: 400;\"><span style=\"font-weight: 400;\">Exemple de locuri cu dragoni din Rom\u00e2nia \u0219i din alte \u021b\u0103ri.<\/span><\/li>\n<\/ul>\n<p>&nbsp;<\/p>\n","protected":false},"excerpt":{"rendered":"<p><b>ACCES NELIMITAT!<\/b><\/p>\n<p><span style=\"font-weight: 400;\">\u00a0Te invit s\u0103 accesezi cursul<\/span> <b>\u201e<\/b><b><i>Dragonii \u00een via\u021ba ta \u2013 Protec\u021bie, Putere \u0219i Evolu\u021bie<\/i><\/b><b>\u201d<\/b><span style=\"font-weight: 400;\">, pe care l-am sus\u021binut \u00een Deva.<\/span><\/p>\n<p><b>Cum accesezi cursul t\u0103u live &#8211; online dup\u0103 achizi\u021bie:<\/b><\/p>\n<p><span style=\"font-weight: 400;\">Imediat dup\u0103 finalizarea comenzii, vei primi automat un email care confirm\u0103 \u00eenscrierea ta la curs.\u00a0<\/span><\/p>\n<ol>\n<li style=\"font-weight: 400;\" aria-level=\"1\"><span style=\"font-weight: 400;\">Intr\u0103 pe site \u0219i acceseaz\u0103 meniul <\/span><b>\u201eContul meu\u201d<\/b><span style=\"font-weight: 400;\">.<\/span><\/li>\n<li style=\"font-weight: 400;\" aria-level=\"1\"><span style=\"font-weight: 400;\">Mergi la sec\u021biunea <\/span><b>\u201eCursuri \u00eenscrise\u201d<\/b><span style=\"font-weight: 400;\"> \u0219i apas\u0103 pe butonul <\/span><b>\u201e\u00cencepe s\u0103 \u00eenve\u021bi\u201d<\/b><span style=\"font-weight: 400;\"> din dreptul cursului.<\/span><\/li>\n<\/ol>\n<p><b>Important:<\/b><span style=\"font-weight: 400;\"> Dup\u0103 \u00eencheierea sesiunii live, cursul va fi \u00eenregistrat \u0219i \u00eenc\u0103rcat \u00een contul t\u0103u, \u00een aceea\u0219i sec\u021biune (<\/span><b>\u201eCursuri \u00eenscrise\u201d<\/b><span style=\"font-weight: 400;\">). Procesul poate dura c\u00e2teva ore (timp necesar pentru desc\u0103rcare \u0219i \u00eenc\u0103rcare pe platform\u0103), a\u0219a c\u0103 <\/span><b>nu te \u00eengrijora dac\u0103 nu apare imediat<\/b><span style=\"font-weight: 400;\">. \u00ce\u021bi r\u0103m\u00e2ne salvat \u0219i \u00eel po\u021bi viziona oric\u00e2nd dore\u0219ti, \u00een ritmul t\u0103u.<\/span><\/p>\n<p><span style=\"font-weight: 400;\">M\u0103 bucur s\u0103 te am al\u0103turi la acest curs!<\/span><\/p>\n","protected":false},"featured_media":62918,"template":"","meta":{"inline_featured_image":false},"product_brand":[],"product_cat":[602,734],"product_tag":[],"class_list":{"0":"post-58262","1":"product","2":"type-product","3":"status-publish","4":"has-post-thumbnail","6":"product_cat-cursuri-premium","7":"product_cat-entitati-cursuri-premium","9":"first","10":"instock","11":"virtual","12":"sold-individually","13":"taxable","14":"purchasable","15":"product-type-simple"},"yoast_head":"<!-- This site is optimized with the Yoast SEO plugin v26.9 - https:\/\/yoast.com\/product\/yoast-seo-wordpress\/ -->\n<title>Curs Dragonii in viata ta - protectie, putere si evolutie - Deva - acces online - Ovidiu Drago\u0219 Arge\u0219anu<\/title>\n<meta name=\"robots\" content=\"noindex, follow, max-snippet:-1, max-image-preview:large, max-video-preview:-1\" \/>\n<meta property=\"og:locale\" content=\"en_US\" \/>\n<meta property=\"og:type\" content=\"article\" \/>\n<meta property=\"og:title\" content=\"Curs Dragonii in viata ta - protectie, putere si evolutie - Deva - acces online - Ovidiu Drago\u0219 Arge\u0219anu\" \/>\n<meta property=\"og:description\" content=\"ACCES NELIMITAT!  \u00a0Te invit s\u0103 accesezi cursul \u201eDragonii \u00een via\u021ba ta \u2013 Protec\u021bie, Putere \u0219i Evolu\u021bie\u201d, pe care l-am sus\u021binut \u00een Deva.  Cum accesezi cursul t\u0103u live - online dup\u0103 achizi\u021bie:  Imediat dup\u0103 finalizarea comenzii, vei primi automat un email care confirm\u0103 \u00eenscrierea ta la curs.\u00a0   Intr\u0103 pe site \u0219i acceseaz\u0103 meniul \u201eContul meu\u201d.  Mergi la sec\u021biunea \u201eCursuri \u00eenscrise\u201d \u0219i apas\u0103 pe butonul \u201e\u00cencepe s\u0103 \u00eenve\u021bi\u201d din dreptul cursului.  Important: Dup\u0103 \u00eencheierea sesiunii live, cursul va fi \u00eenregistrat \u0219i \u00eenc\u0103rcat \u00een contul t\u0103u, \u00een aceea\u0219i sec\u021biune (\u201eCursuri \u00eenscrise\u201d). Procesul poate dura c\u00e2teva ore (timp necesar pentru desc\u0103rcare \u0219i \u00eenc\u0103rcare pe platform\u0103), a\u0219a c\u0103 nu te \u00eengrijora dac\u0103 nu apare imediat. \u00ce\u021bi r\u0103m\u00e2ne salvat \u0219i \u00eel po\u021bi viziona oric\u00e2nd dore\u0219ti, \u00een ritmul t\u0103u.  M\u0103 bucur s\u0103 te am al\u0103turi la acest curs!\" \/>\n<meta property=\"og:url\" content=\"https:\/\/www.ovidiudragosargesanu.ro\/en\/shop\/cursuri-premium\/entitati-cursuri-premium\/curs-dragonii-in-viata-ta-protectie-putere-si-evolutie-deva-acces-online\/\" \/>\n<meta property=\"og:site_name\" content=\"Ovidiu Drago\u0219 Arge\u0219anu\" \/>\n<meta property=\"article:modified_time\" content=\"2025-09-19T14:14:15+00:00\" \/>\n<meta property=\"og:image\" content=\"https:\/\/www.ovidiudragosargesanu.ro\/en\/wp-content\/uploads\/2025\/09\/Curs-premium-Dragonii-in-viata-ta-protectie-putere-si-evolutie-Deva-600X800.jpg\" \/>\n\t<meta property=\"og:image:width\" content=\"600\" \/>\n\t<meta property=\"og:image:height\" content=\"800\" \/>\n\t<meta property=\"og:image:type\" content=\"image\/jpeg\" \/>\n<meta name=\"twitter:card\" content=\"summary_large_image\" \/>\n<meta name=\"twitter:label1\" content=\"Est. reading time\" \/>\n\t<meta name=\"twitter:data1\" content=\"3 minutes\" \/>\n<script type=\"application\/ld+json\" class=\"yoast-schema-graph\">{\"@context\":\"https:\/\/schema.org\",\"@graph\":[{\"@type\":\"WebPage\",\"@id\":\"https:\/\/www.ovidiudragosargesanu.ro\/en\/shop\/cursuri-premium\/entitati-cursuri-premium\/curs-dragonii-in-viata-ta-protectie-putere-si-evolutie-deva-acces-online\/\",\"url\":\"https:\/\/www.ovidiudragosargesanu.ro\/en\/shop\/cursuri-premium\/entitati-cursuri-premium\/curs-dragonii-in-viata-ta-protectie-putere-si-evolutie-deva-acces-online\/\",\"name\":\"Curs Dragonii in viata ta - protectie, putere si evolutie - Deva - acces online - Ovidiu Drago\u0219 Arge\u0219anu\",\"isPartOf\":{\"@id\":\"https:\/\/www.ovidiudragosargesanu.ro\/en\/#website\"},\"primaryImageOfPage\":{\"@id\":\"https:\/\/www.ovidiudragosargesanu.ro\/en\/shop\/cursuri-premium\/entitati-cursuri-premium\/curs-dragonii-in-viata-ta-protectie-putere-si-evolutie-deva-acces-online\/#primaryimage\"},\"image\":{\"@id\":\"https:\/\/www.ovidiudragosargesanu.ro\/en\/shop\/cursuri-premium\/entitati-cursuri-premium\/curs-dragonii-in-viata-ta-protectie-putere-si-evolutie-deva-acces-online\/#primaryimage\"},\"thumbnailUrl\":\"https:\/\/www.ovidiudragosargesanu.ro\/en\/wp-content\/uploads\/2025\/09\/Curs-premium-Dragonii-in-viata-ta-protectie-putere-si-evolutie-Deva-600X800.jpg\",\"datePublished\":\"2025-08-04T17:43:10+00:00\",\"dateModified\":\"2025-09-19T14:14:15+00:00\",\"breadcrumb\":{\"@id\":\"https:\/\/www.ovidiudragosargesanu.ro\/en\/shop\/cursuri-premium\/entitati-cursuri-premium\/curs-dragonii-in-viata-ta-protectie-putere-si-evolutie-deva-acces-online\/#breadcrumb\"},\"inLanguage\":\"en-US\",\"potentialAction\":[{\"@type\":\"ReadAction\",\"target\":[\"https:\/\/www.ovidiudragosargesanu.ro\/en\/shop\/cursuri-premium\/entitati-cursuri-premium\/curs-dragonii-in-viata-ta-protectie-putere-si-evolutie-deva-acces-online\/\"]}]},{\"@type\":\"ImageObject\",\"inLanguage\":\"en-US\",\"@id\":\"https:\/\/www.ovidiudragosargesanu.ro\/en\/shop\/cursuri-premium\/entitati-cursuri-premium\/curs-dragonii-in-viata-ta-protectie-putere-si-evolutie-deva-acces-online\/#primaryimage\",\"url\":\"https:\/\/www.ovidiudragosargesanu.ro\/en\/wp-content\/uploads\/2025\/09\/Curs-premium-Dragonii-in-viata-ta-protectie-putere-si-evolutie-Deva-600X800.jpg\",\"contentUrl\":\"https:\/\/www.ovidiudragosargesanu.ro\/en\/wp-content\/uploads\/2025\/09\/Curs-premium-Dragonii-in-viata-ta-protectie-putere-si-evolutie-Deva-600X800.jpg\",\"width\":600,\"height\":800,\"caption\":\"Curs premium Dragonii in viata ta-protectie, putere si evolutie - Deva 600X800\"},{\"@type\":\"BreadcrumbList\",\"@id\":\"https:\/\/www.ovidiudragosargesanu.ro\/en\/shop\/cursuri-premium\/entitati-cursuri-premium\/curs-dragonii-in-viata-ta-protectie-putere-si-evolutie-deva-acces-online\/#breadcrumb\",\"itemListElement\":[{\"@type\":\"ListItem\",\"position\":1,\"name\":\"Prima pagin\u0103\",\"item\":\"https:\/\/www.ovidiudragosargesanu.ro\/en\/\"},{\"@type\":\"ListItem\",\"position\":2,\"name\":\"Shop\",\"item\":\"https:\/\/www.ovidiudragosargesanu.ro\/en\/shop\/\"},{\"@type\":\"ListItem\",\"position\":3,\"name\":\"Curs Dragonii in viata ta &#8211; protectie, putere si evolutie &#8211; Deva &#8211; acces online\"}]},{\"@type\":\"WebSite\",\"@id\":\"https:\/\/www.ovidiudragosargesanu.ro\/en\/#website\",\"url\":\"https:\/\/www.ovidiudragosargesanu.ro\/en\/\",\"name\":\"Ovidiu Drago\u0219 Arge\u0219anu\",\"description\":\"\",\"publisher\":{\"@id\":\"https:\/\/www.ovidiudragosargesanu.ro\/en\/#organization\"},\"potentialAction\":[{\"@type\":\"SearchAction\",\"target\":{\"@type\":\"EntryPoint\",\"urlTemplate\":\"https:\/\/www.ovidiudragosargesanu.ro\/en\/?s={search_term_string}\"},\"query-input\":{\"@type\":\"PropertyValueSpecification\",\"valueRequired\":true,\"valueName\":\"search_term_string\"}}],\"inLanguage\":\"en-US\"},{\"@type\":\"Organization\",\"@id\":\"https:\/\/www.ovidiudragosargesanu.ro\/en\/#organization\",\"name\":\"Ovidiu Drago\u0219 Arge\u0219anu\",\"url\":\"https:\/\/www.ovidiudragosargesanu.ro\/en\/\",\"logo\":{\"@type\":\"ImageObject\",\"inLanguage\":\"en-US\",\"@id\":\"https:\/\/www.ovidiudragosargesanu.ro\/en\/#\/schema\/logo\/image\/\",\"url\":\"https:\/\/www.ovidiudragosargesanu.ro\/en\/wp-content\/uploads\/2018\/03\/dragos-logo-lotus-black-400.svg\",\"contentUrl\":\"https:\/\/www.ovidiudragosargesanu.ro\/en\/wp-content\/uploads\/2018\/03\/dragos-logo-lotus-black-400.svg\",\"width\":300,\"height\":150,\"caption\":\"Ovidiu Drago\u0219 Arge\u0219anu\"},\"image\":{\"@id\":\"https:\/\/www.ovidiudragosargesanu.ro\/en\/#\/schema\/logo\/image\/\"}}]}<\/script>\n<!-- \/ Yoast SEO plugin. -->","yoast_head_json":{"title":"Curs Dragonii in viata ta - protectie, putere si evolutie - Deva - acces online - Ovidiu Drago\u0219 Arge\u0219anu","robots":{"index":"noindex","follow":"follow","max-snippet":"max-snippet:-1","max-image-preview":"max-image-preview:large","max-video-preview":"max-video-preview:-1"},"og_locale":"en_US","og_type":"article","og_title":"Curs Dragonii in viata ta - protectie, putere si evolutie - Deva - acces online - Ovidiu Drago\u0219 Arge\u0219anu","og_description":"ACCES NELIMITAT!  \u00a0Te invit s\u0103 accesezi cursul \u201eDragonii \u00een via\u021ba ta \u2013 Protec\u021bie, Putere \u0219i Evolu\u021bie\u201d, pe care l-am sus\u021binut \u00een Deva.  Cum accesezi cursul t\u0103u live - online dup\u0103 achizi\u021bie:  Imediat dup\u0103 finalizarea comenzii, vei primi automat un email care confirm\u0103 \u00eenscrierea ta la curs.\u00a0   Intr\u0103 pe site \u0219i acceseaz\u0103 meniul \u201eContul meu\u201d.  Mergi la sec\u021biunea \u201eCursuri \u00eenscrise\u201d \u0219i apas\u0103 pe butonul \u201e\u00cencepe s\u0103 \u00eenve\u021bi\u201d din dreptul cursului.  Important: Dup\u0103 \u00eencheierea sesiunii live, cursul va fi \u00eenregistrat \u0219i \u00eenc\u0103rcat \u00een contul t\u0103u, \u00een aceea\u0219i sec\u021biune (\u201eCursuri \u00eenscrise\u201d). Procesul poate dura c\u00e2teva ore (timp necesar pentru desc\u0103rcare \u0219i \u00eenc\u0103rcare pe platform\u0103), a\u0219a c\u0103 nu te \u00eengrijora dac\u0103 nu apare imediat. \u00ce\u021bi r\u0103m\u00e2ne salvat \u0219i \u00eel po\u021bi viziona oric\u00e2nd dore\u0219ti, \u00een ritmul t\u0103u.  M\u0103 bucur s\u0103 te am al\u0103turi la acest curs!","og_url":"https:\/\/www.ovidiudragosargesanu.ro\/en\/shop\/cursuri-premium\/entitati-cursuri-premium\/curs-dragonii-in-viata-ta-protectie-putere-si-evolutie-deva-acces-online\/","og_site_name":"Ovidiu Drago\u0219 Arge\u0219anu","article_modified_time":"2025-09-19T14:14:15+00:00","og_image":[{"width":600,"height":800,"url":"https:\/\/www.ovidiudragosargesanu.ro\/en\/wp-content\/uploads\/2025\/09\/Curs-premium-Dragonii-in-viata-ta-protectie-putere-si-evolutie-Deva-600X800.jpg","type":"image\/jpeg"}],"twitter_card":"summary_large_image","twitter_misc":{"Est. reading time":"3 minutes"},"schema":{"@context":"https:\/\/schema.org","@graph":[{"@type":"WebPage","@id":"https:\/\/www.ovidiudragosargesanu.ro\/en\/shop\/cursuri-premium\/entitati-cursuri-premium\/curs-dragonii-in-viata-ta-protectie-putere-si-evolutie-deva-acces-online\/","url":"https:\/\/www.ovidiudragosargesanu.ro\/en\/shop\/cursuri-premium\/entitati-cursuri-premium\/curs-dragonii-in-viata-ta-protectie-putere-si-evolutie-deva-acces-online\/","name":"Curs Dragonii in viata ta - protectie, putere si evolutie - Deva - acces online - Ovidiu Drago\u0219 Arge\u0219anu","isPartOf":{"@id":"https:\/\/www.ovidiudragosargesanu.ro\/en\/#website"},"primaryImageOfPage":{"@id":"https:\/\/www.ovidiudragosargesanu.ro\/en\/shop\/cursuri-premium\/entitati-cursuri-premium\/curs-dragonii-in-viata-ta-protectie-putere-si-evolutie-deva-acces-online\/#primaryimage"},"image":{"@id":"https:\/\/www.ovidiudragosargesanu.ro\/en\/shop\/cursuri-premium\/entitati-cursuri-premium\/curs-dragonii-in-viata-ta-protectie-putere-si-evolutie-deva-acces-online\/#primaryimage"},"thumbnailUrl":"https:\/\/www.ovidiudragosargesanu.ro\/en\/wp-content\/uploads\/2025\/09\/Curs-premium-Dragonii-in-viata-ta-protectie-putere-si-evolutie-Deva-600X800.jpg","datePublished":"2025-08-04T17:43:10+00:00","dateModified":"2025-09-19T14:14:15+00:00","breadcrumb":{"@id":"https:\/\/www.ovidiudragosargesanu.ro\/en\/shop\/cursuri-premium\/entitati-cursuri-premium\/curs-dragonii-in-viata-ta-protectie-putere-si-evolutie-deva-acces-online\/#breadcrumb"},"inLanguage":"en-US","potentialAction":[{"@type":"ReadAction","target":["https:\/\/www.ovidiudragosargesanu.ro\/en\/shop\/cursuri-premium\/entitati-cursuri-premium\/curs-dragonii-in-viata-ta-protectie-putere-si-evolutie-deva-acces-online\/"]}]},{"@type":"ImageObject","inLanguage":"en-US","@id":"https:\/\/www.ovidiudragosargesanu.ro\/en\/shop\/cursuri-premium\/entitati-cursuri-premium\/curs-dragonii-in-viata-ta-protectie-putere-si-evolutie-deva-acces-online\/#primaryimage","url":"https:\/\/www.ovidiudragosargesanu.ro\/en\/wp-content\/uploads\/2025\/09\/Curs-premium-Dragonii-in-viata-ta-protectie-putere-si-evolutie-Deva-600X800.jpg","contentUrl":"https:\/\/www.ovidiudragosargesanu.ro\/en\/wp-content\/uploads\/2025\/09\/Curs-premium-Dragonii-in-viata-ta-protectie-putere-si-evolutie-Deva-600X800.jpg","width":600,"height":800,"caption":"Curs premium Dragonii in viata ta-protectie, putere si evolutie - Deva 600X800"},{"@type":"BreadcrumbList","@id":"https:\/\/www.ovidiudragosargesanu.ro\/en\/shop\/cursuri-premium\/entitati-cursuri-premium\/curs-dragonii-in-viata-ta-protectie-putere-si-evolutie-deva-acces-online\/#breadcrumb","itemListElement":[{"@type":"ListItem","position":1,"name":"Prima pagin\u0103","item":"https:\/\/www.ovidiudragosargesanu.ro\/en\/"},{"@type":"ListItem","position":2,"name":"Shop","item":"https:\/\/www.ovidiudragosargesanu.ro\/en\/shop\/"},{"@type":"ListItem","position":3,"name":"Curs Dragonii in viata ta &#8211; protectie, putere si evolutie &#8211; Deva &#8211; acces online"}]},{"@type":"WebSite","@id":"https:\/\/www.ovidiudragosargesanu.ro\/en\/#website","url":"https:\/\/www.ovidiudragosargesanu.ro\/en\/","name":"Ovidiu Drago\u0219 Arge\u0219anu","description":"","publisher":{"@id":"https:\/\/www.ovidiudragosargesanu.ro\/en\/#organization"},"potentialAction":[{"@type":"SearchAction","target":{"@type":"EntryPoint","urlTemplate":"https:\/\/www.ovidiudragosargesanu.ro\/en\/?s={search_term_string}"},"query-input":{"@type":"PropertyValueSpecification","valueRequired":true,"valueName":"search_term_string"}}],"inLanguage":"en-US"},{"@type":"Organization","@id":"https:\/\/www.ovidiudragosargesanu.ro\/en\/#organization","name":"Ovidiu Drago\u0219 Arge\u0219anu","url":"https:\/\/www.ovidiudragosargesanu.ro\/en\/","logo":{"@type":"ImageObject","inLanguage":"en-US","@id":"https:\/\/www.ovidiudragosargesanu.ro\/en\/#\/schema\/logo\/image\/","url":"https:\/\/www.ovidiudragosargesanu.ro\/en\/wp-content\/uploads\/2018\/03\/dragos-logo-lotus-black-400.svg","contentUrl":"https:\/\/www.ovidiudragosargesanu.ro\/en\/wp-content\/uploads\/2018\/03\/dragos-logo-lotus-black-400.svg","width":300,"height":150,"caption":"Ovidiu Drago\u0219 Arge\u0219anu"},"image":{"@id":"https:\/\/www.ovidiudragosargesanu.ro\/en\/#\/schema\/logo\/image\/"}}]}},"_links":{"self":[{"href":"https:\/\/www.ovidiudragosargesanu.ro\/en\/wp-json\/wp\/v2\/product\/58262","targetHints":{"allow":["GET"]}}],"collection":[{"href":"https:\/\/www.ovidiudragosargesanu.ro\/en\/wp-json\/wp\/v2\/product"}],"about":[{"href":"https:\/\/www.ovidiudragosargesanu.ro\/en\/wp-json\/wp\/v2\/types\/product"}],"version-history":[{"count":6,"href":"https:\/\/www.ovidiudragosargesanu.ro\/en\/wp-json\/wp\/v2\/product\/58262\/revisions"}],"predecessor-version":[{"id":61317,"href":"https:\/\/www.ovidiudragosargesanu.ro\/en\/wp-json\/wp\/v2\/product\/58262\/revisions\/61317"}],"wp:featuredmedia":[{"embeddable":true,"href":"https:\/\/www.ovidiudragosargesanu.ro\/en\/wp-json\/wp\/v2\/media\/62918"}],"wp:attachment":[{"href":"https:\/\/www.ovidiudragosargesanu.ro\/en\/wp-json\/wp\/v2\/media?parent=58262"}],"wp:term":[{"taxonomy":"product_brand","embeddable":true,"href":"https:\/\/www.ovidiudragosargesanu.ro\/en\/wp-json\/wp\/v2\/product_brand?post=58262"},{"taxonomy":"product_cat","embeddable":true,"href":"https:\/\/www.ovidiudragosargesanu.ro\/en\/wp-json\/wp\/v2\/product_cat?post=58262"},{"taxonomy":"product_tag","embeddable":true,"href":"https:\/\/www.ovidiudragosargesanu.ro\/en\/wp-json\/wp\/v2\/product_tag?post=58262"}],"curies":[{"name":"wp","href":"https:\/\/api.w.org\/{rel}","templated":true}]}}