{"id":59877,"date":"2025-08-22T14:36:37","date_gmt":"2025-08-22T11:36:37","guid":{"rendered":"https:\/\/www.ovidiudragosargesanu.ro\/shop\/fara-categorie\/seminar-reiki-usui-grad-3-brasov-acces-online\/"},"modified":"2025-09-27T20:57:32","modified_gmt":"2025-09-27T17:57:32","slug":"seminar-reiki-usui-grad-3-brasov-acces-online","status":"publish","type":"product","link":"https:\/\/www.ovidiudragosargesanu.ro\/en\/shop\/cursuri-premium\/reiki-cursuri-premium\/seminar-reiki-usui-grad-3-brasov-acces-online\/","title":{"rendered":"Seminar Reiki Usui Grad 3 &#8211; Brasov &#8211; acces online"},"content":{"rendered":"<p><b>Seminar Practic Reiki Usui \u2013 Grad 3<\/b><span style=\"font-weight: 400;\">, <\/span><b>Bra\u0219ov<\/b><span style=\"font-weight: 400;\">, <\/span><b>9 septembrie.<\/b><\/p>\n<p><b>Teme principale:\u00a0<\/b><\/p>\n<ul>\n<li style=\"font-weight: 400;\"><span style=\"font-weight: 400;\">Reiki 3<\/span><\/li>\n<li style=\"font-weight: 400;\"><span style=\"font-weight: 400;\">Medita\u021bie cu valea minunat\u0103<\/span><\/li>\n<li style=\"font-weight: 400;\"><span style=\"font-weight: 400;\">Meditatia cu umbra &#8211; integrare \u0219ii vindecare<\/span><\/li>\n<li style=\"font-weight: 400;\"><span style=\"font-weight: 400;\">Meditatia cu ghidul reiki<\/span><\/li>\n<li style=\"font-weight: 400;\"><span style=\"font-weight: 400;\">Simboluri: Shi-Ka-So, Shika-Sei-Ki, Dai-Ko-Mio<\/span><\/li>\n<li style=\"font-weight: 400;\"><span style=\"font-weight: 400;\">Tehnici de combinare a simbolurilor din toate gradele pentru armoniz\u0103ri karmice \u0219i cur\u0103\u021b\u0103ri profunde<\/span><\/li>\n<li style=\"font-weight: 400;\"><span style=\"font-weight: 400;\">Cre\u0219terea vibra\u021biei personale \u0219i conectarea cu sursa energiei universale<\/span><\/li>\n<\/ul>\n<p><b>Simbolul Shika-So<\/b><span style=\"font-weight: 400;\"> este simbol de comunicare \u00een rela\u021bii personale cu lumea, cu lumea spiritual\u0103, copii, familie, \u00een business \u00een rela\u021bia cu ceilal\u021bi, \u00eentr-o conferin\u021b\u0103, cu lumea de dincolo, pentru ca mesajul t\u0103u s\u0103 ajung\u0103 \u00een mod optim la ceilal\u021bi. Prin acest simbol afli <\/span><span style=\"font-weight: 400;\">r\u0103spunsuri din univers \u0219i te ajut\u0103 \u00een rela\u021bia cu Dumnezeu, cu sfin\u021bii \u0219i cu \u00eengerii.<\/span><\/p>\n<p><b>Shika-Sei-Ki<\/b><span style=\"font-weight: 400;\"> (simbolul pentru inim\u0103) este simbolul folosit la vindecarea inimii, a sufletului, \u00een vindecarea traumelor emo\u021bionale \u0219i chiar \u0219i \u00een vindecarea rela\u021biilor.<\/span><\/p>\n<p><b>Simbolul Dai-Ko-Mio<\/b><span style=\"font-weight: 400;\"> este simbolul maestru, un simbol cu cea mai mare vibra\u021bie \u0219i face leg\u0103tura direct cu Sursa de Lumin\u0103, cu Duhul Sf\u00e2nt.<\/span><\/p>\n","protected":false},"excerpt":{"rendered":"<p><b>ACCES NELIMITAT!<\/b><\/p>\n<p><span style=\"font-weight: 400;\">Te invit s\u0103 vizionezi <\/span><b>Seminarul Practic Reiki Usui \u2013 Grad 3<\/b><span style=\"font-weight: 400;\">, din <\/span><b>Bra\u0219ov<\/b><span style=\"font-weight: 400;\">, <\/span><b>9 septembrie.<\/b><\/p>\n<p><b>Cum accesezi cursul t\u0103u live &#8211; online dup\u0103 achizi\u021bie:<\/b><\/p>\n<p><span style=\"font-weight: 400;\">Imediat dup\u0103 finalizarea comenzii, vei primi automat un email care confirm\u0103 \u00eenscrierea ta la curs. Pentru a viziona cursul:<\/span><\/p>\n<ol>\n<li style=\"font-weight: 400;\" aria-level=\"1\"><span style=\"font-weight: 400;\">Intr\u0103 pe site \u0219i acceseaz\u0103 meniul <\/span><b>\u201eContul meu\u201d<\/b><span style=\"font-weight: 400;\">.<\/span><\/li>\n<li style=\"font-weight: 400;\" aria-level=\"1\"><span style=\"font-weight: 400;\">Mergi la sec\u021biunea <\/span><b>\u201eCursuri \u00eenscrise\u201d<\/b><span style=\"font-weight: 400;\"> \u0219i apas\u0103 pe butonul <\/span><b>\u201e\u00cencepe s\u0103 \u00eenve\u021bi\u201d<\/b><span style=\"font-weight: 400;\"> din dreptul cursului.<\/span><span style=\"font-weight: 400;\">.<\/span><\/li>\n<\/ol>\n<p><b>Important:<\/b><span style=\"font-weight: 400;\"> Dup\u0103 \u00eencheierea sesiunii live, cursul va fi \u00eenregistrat \u0219i \u00eenc\u0103rcat \u00een contul t\u0103u, \u00een aceea\u0219i sec\u021biune (<\/span><b>\u201eCursuri \u00eenscrise\u201d<\/b><span style=\"font-weight: 400;\">). Procesul poate dura c\u00e2teva ore (timp necesar pentru desc\u0103rcare \u0219i \u00eenc\u0103rcare pe platform\u0103), a\u0219a c\u0103 <\/span><b>nu te \u00eengrijora dac\u0103 nu apare imediat<\/b><span style=\"font-weight: 400;\">. \u00ce\u021bi r\u0103m\u00e2ne salvat \u0219i \u00eel po\u021bi viziona oric\u00e2nd dore\u0219ti, \u00een ritmul t\u0103u.<\/span><\/p>\n<p><span style=\"font-weight: 400;\">M\u0103 bucur s\u0103 te am al\u0103turi la acest curs!<\/span><\/p>\n","protected":false},"featured_media":62914,"template":"","meta":{"inline_featured_image":false},"product_brand":[],"product_cat":[602,711],"product_tag":[],"class_list":{"0":"post-59877","1":"product","2":"type-product","3":"status-publish","4":"has-post-thumbnail","6":"product_cat-cursuri-premium","7":"product_cat-reiki-cursuri-premium","9":"first","10":"instock","11":"virtual","12":"sold-individually","13":"taxable","14":"purchasable","15":"product-type-simple"},"yoast_head":"<!-- This site is optimized with the Yoast SEO plugin v26.9 - https:\/\/yoast.com\/product\/yoast-seo-wordpress\/ -->\n<title>Seminar Reiki Usui Grad 3 - Brasov - acces online - Ovidiu Drago\u0219 Arge\u0219anu<\/title>\n<meta name=\"robots\" content=\"noindex, follow, max-snippet:-1, max-image-preview:large, max-video-preview:-1\" \/>\n<meta property=\"og:locale\" content=\"en_US\" \/>\n<meta property=\"og:type\" content=\"article\" \/>\n<meta property=\"og:title\" content=\"Seminar Reiki Usui Grad 3 - Brasov - acces online - Ovidiu Drago\u0219 Arge\u0219anu\" \/>\n<meta property=\"og:description\" content=\"ACCES NELIMITAT!  Te invit s\u0103 vizionezi Seminarul Practic Reiki Usui \u2013 Grad 3, din Bra\u0219ov, 9 septembrie.  Cum accesezi cursul t\u0103u live - online dup\u0103 achizi\u021bie:  Imediat dup\u0103 finalizarea comenzii, vei primi automat un email care confirm\u0103 \u00eenscrierea ta la curs. Pentru a viziona cursul:   Intr\u0103 pe site \u0219i acceseaz\u0103 meniul \u201eContul meu\u201d.  Mergi la sec\u021biunea \u201eCursuri \u00eenscrise\u201d \u0219i apas\u0103 pe butonul \u201e\u00cencepe s\u0103 \u00eenve\u021bi\u201d din dreptul cursului..  Important: Dup\u0103 \u00eencheierea sesiunii live, cursul va fi \u00eenregistrat \u0219i \u00eenc\u0103rcat \u00een contul t\u0103u, \u00een aceea\u0219i sec\u021biune (\u201eCursuri \u00eenscrise\u201d). Procesul poate dura c\u00e2teva ore (timp necesar pentru desc\u0103rcare \u0219i \u00eenc\u0103rcare pe platform\u0103), a\u0219a c\u0103 nu te \u00eengrijora dac\u0103 nu apare imediat. \u00ce\u021bi r\u0103m\u00e2ne salvat \u0219i \u00eel po\u021bi viziona oric\u00e2nd dore\u0219ti, \u00een ritmul t\u0103u.  M\u0103 bucur s\u0103 te am al\u0103turi la acest curs!\" \/>\n<meta property=\"og:url\" content=\"https:\/\/www.ovidiudragosargesanu.ro\/en\/shop\/cursuri-premium\/reiki-cursuri-premium\/seminar-reiki-usui-grad-3-brasov-acces-online\/\" \/>\n<meta property=\"og:site_name\" content=\"Ovidiu Drago\u0219 Arge\u0219anu\" \/>\n<meta property=\"article:modified_time\" content=\"2025-09-27T17:57:32+00:00\" \/>\n<meta property=\"og:image\" content=\"https:\/\/www.ovidiudragosargesanu.ro\/en\/wp-content\/uploads\/2025\/09\/Conferinta-premium-Abundenta-si-bunastarea-600X800.jpg\" \/>\n\t<meta property=\"og:image:width\" content=\"600\" \/>\n\t<meta property=\"og:image:height\" content=\"800\" \/>\n\t<meta property=\"og:image:type\" content=\"image\/jpeg\" \/>\n<meta name=\"twitter:card\" content=\"summary_large_image\" \/>\n<meta name=\"twitter:label1\" content=\"Est. reading time\" \/>\n\t<meta name=\"twitter:data1\" content=\"2 minutes\" \/>\n<script type=\"application\/ld+json\" class=\"yoast-schema-graph\">{\"@context\":\"https:\/\/schema.org\",\"@graph\":[{\"@type\":\"WebPage\",\"@id\":\"https:\/\/www.ovidiudragosargesanu.ro\/en\/shop\/cursuri-premium\/reiki-cursuri-premium\/seminar-reiki-usui-grad-3-brasov-acces-online\/\",\"url\":\"https:\/\/www.ovidiudragosargesanu.ro\/en\/shop\/cursuri-premium\/reiki-cursuri-premium\/seminar-reiki-usui-grad-3-brasov-acces-online\/\",\"name\":\"Seminar Reiki Usui Grad 3 - Brasov - acces online - Ovidiu Drago\u0219 Arge\u0219anu\",\"isPartOf\":{\"@id\":\"https:\/\/www.ovidiudragosargesanu.ro\/en\/#website\"},\"primaryImageOfPage\":{\"@id\":\"https:\/\/www.ovidiudragosargesanu.ro\/en\/shop\/cursuri-premium\/reiki-cursuri-premium\/seminar-reiki-usui-grad-3-brasov-acces-online\/#primaryimage\"},\"image\":{\"@id\":\"https:\/\/www.ovidiudragosargesanu.ro\/en\/shop\/cursuri-premium\/reiki-cursuri-premium\/seminar-reiki-usui-grad-3-brasov-acces-online\/#primaryimage\"},\"thumbnailUrl\":\"https:\/\/www.ovidiudragosargesanu.ro\/en\/wp-content\/uploads\/2025\/09\/Conferinta-premium-Abundenta-si-bunastarea-600X800.jpg\",\"datePublished\":\"2025-08-22T11:36:37+00:00\",\"dateModified\":\"2025-09-27T17:57:32+00:00\",\"breadcrumb\":{\"@id\":\"https:\/\/www.ovidiudragosargesanu.ro\/en\/shop\/cursuri-premium\/reiki-cursuri-premium\/seminar-reiki-usui-grad-3-brasov-acces-online\/#breadcrumb\"},\"inLanguage\":\"en-US\",\"potentialAction\":[{\"@type\":\"ReadAction\",\"target\":[\"https:\/\/www.ovidiudragosargesanu.ro\/en\/shop\/cursuri-premium\/reiki-cursuri-premium\/seminar-reiki-usui-grad-3-brasov-acces-online\/\"]}]},{\"@type\":\"ImageObject\",\"inLanguage\":\"en-US\",\"@id\":\"https:\/\/www.ovidiudragosargesanu.ro\/en\/shop\/cursuri-premium\/reiki-cursuri-premium\/seminar-reiki-usui-grad-3-brasov-acces-online\/#primaryimage\",\"url\":\"https:\/\/www.ovidiudragosargesanu.ro\/en\/wp-content\/uploads\/2025\/09\/Conferinta-premium-Abundenta-si-bunastarea-600X800.jpg\",\"contentUrl\":\"https:\/\/www.ovidiudragosargesanu.ro\/en\/wp-content\/uploads\/2025\/09\/Conferinta-premium-Abundenta-si-bunastarea-600X800.jpg\",\"width\":600,\"height\":800},{\"@type\":\"BreadcrumbList\",\"@id\":\"https:\/\/www.ovidiudragosargesanu.ro\/en\/shop\/cursuri-premium\/reiki-cursuri-premium\/seminar-reiki-usui-grad-3-brasov-acces-online\/#breadcrumb\",\"itemListElement\":[{\"@type\":\"ListItem\",\"position\":1,\"name\":\"Prima pagin\u0103\",\"item\":\"https:\/\/www.ovidiudragosargesanu.ro\/en\/\"},{\"@type\":\"ListItem\",\"position\":2,\"name\":\"Shop\",\"item\":\"https:\/\/www.ovidiudragosargesanu.ro\/en\/shop\/\"},{\"@type\":\"ListItem\",\"position\":3,\"name\":\"Seminar Reiki Usui Grad 3 &#8211; Brasov &#8211; acces online\"}]},{\"@type\":\"WebSite\",\"@id\":\"https:\/\/www.ovidiudragosargesanu.ro\/en\/#website\",\"url\":\"https:\/\/www.ovidiudragosargesanu.ro\/en\/\",\"name\":\"Ovidiu Drago\u0219 Arge\u0219anu\",\"description\":\"\",\"publisher\":{\"@id\":\"https:\/\/www.ovidiudragosargesanu.ro\/en\/#organization\"},\"potentialAction\":[{\"@type\":\"SearchAction\",\"target\":{\"@type\":\"EntryPoint\",\"urlTemplate\":\"https:\/\/www.ovidiudragosargesanu.ro\/en\/?s={search_term_string}\"},\"query-input\":{\"@type\":\"PropertyValueSpecification\",\"valueRequired\":true,\"valueName\":\"search_term_string\"}}],\"inLanguage\":\"en-US\"},{\"@type\":\"Organization\",\"@id\":\"https:\/\/www.ovidiudragosargesanu.ro\/en\/#organization\",\"name\":\"Ovidiu Drago\u0219 Arge\u0219anu\",\"url\":\"https:\/\/www.ovidiudragosargesanu.ro\/en\/\",\"logo\":{\"@type\":\"ImageObject\",\"inLanguage\":\"en-US\",\"@id\":\"https:\/\/www.ovidiudragosargesanu.ro\/en\/#\/schema\/logo\/image\/\",\"url\":\"https:\/\/www.ovidiudragosargesanu.ro\/en\/wp-content\/uploads\/2018\/03\/dragos-logo-lotus-black-400.svg\",\"contentUrl\":\"https:\/\/www.ovidiudragosargesanu.ro\/en\/wp-content\/uploads\/2018\/03\/dragos-logo-lotus-black-400.svg\",\"width\":300,\"height\":150,\"caption\":\"Ovidiu Drago\u0219 Arge\u0219anu\"},\"image\":{\"@id\":\"https:\/\/www.ovidiudragosargesanu.ro\/en\/#\/schema\/logo\/image\/\"}}]}<\/script>\n<!-- \/ Yoast SEO plugin. -->","yoast_head_json":{"title":"Seminar Reiki Usui Grad 3 - Brasov - acces online - Ovidiu Drago\u0219 Arge\u0219anu","robots":{"index":"noindex","follow":"follow","max-snippet":"max-snippet:-1","max-image-preview":"max-image-preview:large","max-video-preview":"max-video-preview:-1"},"og_locale":"en_US","og_type":"article","og_title":"Seminar Reiki Usui Grad 3 - Brasov - acces online - Ovidiu Drago\u0219 Arge\u0219anu","og_description":"ACCES NELIMITAT!  Te invit s\u0103 vizionezi Seminarul Practic Reiki Usui \u2013 Grad 3, din Bra\u0219ov, 9 septembrie.  Cum accesezi cursul t\u0103u live - online dup\u0103 achizi\u021bie:  Imediat dup\u0103 finalizarea comenzii, vei primi automat un email care confirm\u0103 \u00eenscrierea ta la curs. Pentru a viziona cursul:   Intr\u0103 pe site \u0219i acceseaz\u0103 meniul \u201eContul meu\u201d.  Mergi la sec\u021biunea \u201eCursuri \u00eenscrise\u201d \u0219i apas\u0103 pe butonul \u201e\u00cencepe s\u0103 \u00eenve\u021bi\u201d din dreptul cursului..  Important: Dup\u0103 \u00eencheierea sesiunii live, cursul va fi \u00eenregistrat \u0219i \u00eenc\u0103rcat \u00een contul t\u0103u, \u00een aceea\u0219i sec\u021biune (\u201eCursuri \u00eenscrise\u201d). Procesul poate dura c\u00e2teva ore (timp necesar pentru desc\u0103rcare \u0219i \u00eenc\u0103rcare pe platform\u0103), a\u0219a c\u0103 nu te \u00eengrijora dac\u0103 nu apare imediat. \u00ce\u021bi r\u0103m\u00e2ne salvat \u0219i \u00eel po\u021bi viziona oric\u00e2nd dore\u0219ti, \u00een ritmul t\u0103u.  M\u0103 bucur s\u0103 te am al\u0103turi la acest curs!","og_url":"https:\/\/www.ovidiudragosargesanu.ro\/en\/shop\/cursuri-premium\/reiki-cursuri-premium\/seminar-reiki-usui-grad-3-brasov-acces-online\/","og_site_name":"Ovidiu Drago\u0219 Arge\u0219anu","article_modified_time":"2025-09-27T17:57:32+00:00","og_image":[{"width":600,"height":800,"url":"https:\/\/www.ovidiudragosargesanu.ro\/en\/wp-content\/uploads\/2025\/09\/Conferinta-premium-Abundenta-si-bunastarea-600X800.jpg","type":"image\/jpeg"}],"twitter_card":"summary_large_image","twitter_misc":{"Est. reading time":"2 minutes"},"schema":{"@context":"https:\/\/schema.org","@graph":[{"@type":"WebPage","@id":"https:\/\/www.ovidiudragosargesanu.ro\/en\/shop\/cursuri-premium\/reiki-cursuri-premium\/seminar-reiki-usui-grad-3-brasov-acces-online\/","url":"https:\/\/www.ovidiudragosargesanu.ro\/en\/shop\/cursuri-premium\/reiki-cursuri-premium\/seminar-reiki-usui-grad-3-brasov-acces-online\/","name":"Seminar Reiki Usui Grad 3 - Brasov - acces online - Ovidiu Drago\u0219 Arge\u0219anu","isPartOf":{"@id":"https:\/\/www.ovidiudragosargesanu.ro\/en\/#website"},"primaryImageOfPage":{"@id":"https:\/\/www.ovidiudragosargesanu.ro\/en\/shop\/cursuri-premium\/reiki-cursuri-premium\/seminar-reiki-usui-grad-3-brasov-acces-online\/#primaryimage"},"image":{"@id":"https:\/\/www.ovidiudragosargesanu.ro\/en\/shop\/cursuri-premium\/reiki-cursuri-premium\/seminar-reiki-usui-grad-3-brasov-acces-online\/#primaryimage"},"thumbnailUrl":"https:\/\/www.ovidiudragosargesanu.ro\/en\/wp-content\/uploads\/2025\/09\/Conferinta-premium-Abundenta-si-bunastarea-600X800.jpg","datePublished":"2025-08-22T11:36:37+00:00","dateModified":"2025-09-27T17:57:32+00:00","breadcrumb":{"@id":"https:\/\/www.ovidiudragosargesanu.ro\/en\/shop\/cursuri-premium\/reiki-cursuri-premium\/seminar-reiki-usui-grad-3-brasov-acces-online\/#breadcrumb"},"inLanguage":"en-US","potentialAction":[{"@type":"ReadAction","target":["https:\/\/www.ovidiudragosargesanu.ro\/en\/shop\/cursuri-premium\/reiki-cursuri-premium\/seminar-reiki-usui-grad-3-brasov-acces-online\/"]}]},{"@type":"ImageObject","inLanguage":"en-US","@id":"https:\/\/www.ovidiudragosargesanu.ro\/en\/shop\/cursuri-premium\/reiki-cursuri-premium\/seminar-reiki-usui-grad-3-brasov-acces-online\/#primaryimage","url":"https:\/\/www.ovidiudragosargesanu.ro\/en\/wp-content\/uploads\/2025\/09\/Conferinta-premium-Abundenta-si-bunastarea-600X800.jpg","contentUrl":"https:\/\/www.ovidiudragosargesanu.ro\/en\/wp-content\/uploads\/2025\/09\/Conferinta-premium-Abundenta-si-bunastarea-600X800.jpg","width":600,"height":800},{"@type":"BreadcrumbList","@id":"https:\/\/www.ovidiudragosargesanu.ro\/en\/shop\/cursuri-premium\/reiki-cursuri-premium\/seminar-reiki-usui-grad-3-brasov-acces-online\/#breadcrumb","itemListElement":[{"@type":"ListItem","position":1,"name":"Prima pagin\u0103","item":"https:\/\/www.ovidiudragosargesanu.ro\/en\/"},{"@type":"ListItem","position":2,"name":"Shop","item":"https:\/\/www.ovidiudragosargesanu.ro\/en\/shop\/"},{"@type":"ListItem","position":3,"name":"Seminar Reiki Usui Grad 3 &#8211; Brasov &#8211; acces online"}]},{"@type":"WebSite","@id":"https:\/\/www.ovidiudragosargesanu.ro\/en\/#website","url":"https:\/\/www.ovidiudragosargesanu.ro\/en\/","name":"Ovidiu Drago\u0219 Arge\u0219anu","description":"","publisher":{"@id":"https:\/\/www.ovidiudragosargesanu.ro\/en\/#organization"},"potentialAction":[{"@type":"SearchAction","target":{"@type":"EntryPoint","urlTemplate":"https:\/\/www.ovidiudragosargesanu.ro\/en\/?s={search_term_string}"},"query-input":{"@type":"PropertyValueSpecification","valueRequired":true,"valueName":"search_term_string"}}],"inLanguage":"en-US"},{"@type":"Organization","@id":"https:\/\/www.ovidiudragosargesanu.ro\/en\/#organization","name":"Ovidiu Drago\u0219 Arge\u0219anu","url":"https:\/\/www.ovidiudragosargesanu.ro\/en\/","logo":{"@type":"ImageObject","inLanguage":"en-US","@id":"https:\/\/www.ovidiudragosargesanu.ro\/en\/#\/schema\/logo\/image\/","url":"https:\/\/www.ovidiudragosargesanu.ro\/en\/wp-content\/uploads\/2018\/03\/dragos-logo-lotus-black-400.svg","contentUrl":"https:\/\/www.ovidiudragosargesanu.ro\/en\/wp-content\/uploads\/2018\/03\/dragos-logo-lotus-black-400.svg","width":300,"height":150,"caption":"Ovidiu Drago\u0219 Arge\u0219anu"},"image":{"@id":"https:\/\/www.ovidiudragosargesanu.ro\/en\/#\/schema\/logo\/image\/"}}]}},"_links":{"self":[{"href":"https:\/\/www.ovidiudragosargesanu.ro\/en\/wp-json\/wp\/v2\/product\/59877","targetHints":{"allow":["GET"]}}],"collection":[{"href":"https:\/\/www.ovidiudragosargesanu.ro\/en\/wp-json\/wp\/v2\/product"}],"about":[{"href":"https:\/\/www.ovidiudragosargesanu.ro\/en\/wp-json\/wp\/v2\/types\/product"}],"version-history":[{"count":4,"href":"https:\/\/www.ovidiudragosargesanu.ro\/en\/wp-json\/wp\/v2\/product\/59877\/revisions"}],"predecessor-version":[{"id":62077,"href":"https:\/\/www.ovidiudragosargesanu.ro\/en\/wp-json\/wp\/v2\/product\/59877\/revisions\/62077"}],"wp:featuredmedia":[{"embeddable":true,"href":"https:\/\/www.ovidiudragosargesanu.ro\/en\/wp-json\/wp\/v2\/media\/62914"}],"wp:attachment":[{"href":"https:\/\/www.ovidiudragosargesanu.ro\/en\/wp-json\/wp\/v2\/media?parent=59877"}],"wp:term":[{"taxonomy":"product_brand","embeddable":true,"href":"https:\/\/www.ovidiudragosargesanu.ro\/en\/wp-json\/wp\/v2\/product_brand?post=59877"},{"taxonomy":"product_cat","embeddable":true,"href":"https:\/\/www.ovidiudragosargesanu.ro\/en\/wp-json\/wp\/v2\/product_cat?post=59877"},{"taxonomy":"product_tag","embeddable":true,"href":"https:\/\/www.ovidiudragosargesanu.ro\/en\/wp-json\/wp\/v2\/product_tag?post=59877"}],"curies":[{"name":"wp","href":"https:\/\/api.w.org\/{rel}","templated":true}]}}