{"id":60151,"date":"2025-08-24T15:02:21","date_gmt":"2025-08-24T12:02:21","guid":{"rendered":"https:\/\/www.ovidiudragosargesanu.ro\/shop\/fara-categorie\/curs-misiunile-personale-bistrita-acces-online-seniori\/"},"modified":"2025-09-27T20:59:37","modified_gmt":"2025-09-27T17:59:37","slug":"curs-misiunile-personale-bistrita-acces-online-seniori","status":"publish","type":"product","link":"https:\/\/www.ovidiudragosargesanu.ro\/en\/shop\/seniori\/curs-misiunile-personale-bistrita-acces-online-seniori\/","title":{"rendered":"Curs Misiunile personale &#8211; Bistrita &#8211; acces online (Seniori)"},"content":{"rendered":"<p><b>Curs \u201eMisiunile personale\u201d \u2013 Bistri\u021ba | 3 septembrie\u00a0<\/b><\/p>\n<p>Misiunea personal\u0103 este foarte important\u0103. C\u00e2t timp nu \u021bi-o cuno\u0219ti sau nu o urmezi, via\u021ba poate p\u0103rea lipsit\u0103 de sens, haotic\u0103 sau plin\u0103 de blocaje.<\/p>\n<p>C\u00e2nd \u00ee\u021bi tr\u0103ie\u0219ti misiunea, intri pe fluxul t\u0103u real de via\u021b\u0103: atragi oamenii potrivi\u021bi, resursele vin mai u\u0219or, iar obstacolele dispar sau cap\u0103t\u0103 sens.<\/p>\n<p>Este una dintre cele mai importante chei \u00een evolu\u021bia spiritual\u0103.<\/p>\n<p>\ud83c\udfaf<b>\u00a0Ce vei descoperi \u00een acest curs?<\/b><\/p>\n<ul>\n<li aria-level=\"1\">Ce este misiunea personal\u0103, de unde o prime\u0219ti \u0219i c\u00e2nd \u00eencepe<\/li>\n<li aria-level=\"1\">Tipuri de misiuni: generale, personale, speciale<\/li>\n<li aria-level=\"1\">Leg\u0103tura dintre job, carier\u0103 \u0219i misiunea personal\u0103<\/li>\n<li aria-level=\"1\">Diferen\u021ba dintre roluri \u0219i misiunea real\u0103<\/li>\n<li aria-level=\"1\">Abunden\u021ba financiar\u0103 \u0219i misiunea personal\u0103<\/li>\n<li aria-level=\"1\">Misiunile copiilor \u0219i ghidarea lor<\/li>\n<li aria-level=\"1\">Misiunea personal\u0103 de a face r\u0103u<\/li>\n<li aria-level=\"1\">Sexualitatea, c\u0103s\u0103toria \u0219i misiunea personal\u0103<\/li>\n<li aria-level=\"1\">Karma \u0219i influen\u021ba ei asupra misiunii (universului, planetei, \u021b\u0103rii, str\u0103mo\u0219ilor, personal\u0103)<\/li>\n<li aria-level=\"1\">\u00cengerii \u0219i entit\u0103\u021bile \u00een sus\u021binerea misiunii tale<\/li>\n<li aria-level=\"1\">Umbra \u0219i beneficiile vindec\u0103rii ei<\/li>\n<li aria-level=\"1\">Importan\u021ba sufletului \u00een \u00eendeplinirea misiunii<\/li>\n<li aria-level=\"1\">C\u00e2nd se \u00eencheie o misiune \u0219i cum o po\u021bi prelungi<\/li>\n<li aria-level=\"1\">Parametrii radiestezia utiliza\u021bi pentru verificarea misiunilor<\/li>\n<\/ul>\n<p>&nbsp;<\/p>\n","protected":false},"excerpt":{"rendered":"<p><b>ACCES NELIMITAT!<\/b><\/p>\n<p>Te invit s\u0103 parcurgi cursul <b>\u201e<\/b><b><i>Misiunea personal\u0103<\/i><\/b><b>\u201d<\/b>\u00a0pe care l-am sus\u021binut \u00een Bistri\u021ba.<\/p>\n<p><b>Cum accesezi cursul t\u0103u live \u2013 online dup\u0103 achizi\u021bie:<\/b><\/p>\n<p>Imediat dup\u0103 finalizarea comenzii, vei primi automat un email care confirm\u0103 \u00eenscrierea ta la curs. Pentru a participa la sesiunea live:<\/p>\n<ol>\n<li aria-level=\"1\">Intr\u0103 pe site \u0219i acceseaz\u0103 meniul\u00a0<b>\u201eContul meu\u201d<\/b>.<\/li>\n<li aria-level=\"1\">Mergi la sec\u021biunea\u00a0<b>\u201eCursuri \u00eenscrise\u201d<\/b>\u00a0\u0219i apas\u0103 pe butonul\u00a0<b>\u201e\u00cencepe s\u0103 \u00eenve\u021bi\u201d<\/b>\u00a0din dreptul cursului.<\/li>\n<li aria-level=\"1\">Vei vedea un cronometru care \u00ee\u021bi arat\u0103 c\u00e2t timp mai este p\u00e2n\u0103 \u00eencepe cursul<\/li>\n<li aria-level=\"1\">Sub acesta, apas\u0103 pe\u00a0<b>\u201eContinue to meeting\u201d<\/b>\u00a0pentru a intra \u00een direct, prin Zoom.<\/li>\n<\/ol>\n<p><b>Nu este necesar s\u0103 ai aplica\u021bia Zoom instalat\u0103<\/b>\u00a0\u2013 te po\u021bi conecta direct din browser.<\/p>\n<p><b>Important:<\/b>\u00a0Dup\u0103 \u00eencheierea sesiunii live, cursul va fi \u00eenregistrat \u0219i \u00eenc\u0103rcat \u00een contul t\u0103u, \u00een aceea\u0219i sec\u021biune (<b>\u201eCursuri \u00eenscrise\u201d<\/b>). Procesul poate dura c\u00e2teva ore (timp necesar pentru desc\u0103rcare \u0219i \u00eenc\u0103rcare pe platform\u0103), a\u0219a c\u0103\u00a0<b>nu te \u00eengrijora dac\u0103 nu apare imediat<\/b>. \u00ce\u021bi r\u0103m\u00e2ne salvat \u0219i \u00eel po\u021bi viziona oric\u00e2nd dore\u0219ti, \u00een ritmul t\u0103u.<\/p>\n<p>M\u0103 bucur s\u0103 te am al\u0103turi la acest curs!<\/p>\n","protected":false},"featured_media":62916,"template":"","meta":{"inline_featured_image":false},"product_brand":[],"product_cat":[795],"product_tag":[],"class_list":{"0":"post-60151","1":"product","2":"type-product","3":"status-publish","4":"has-post-thumbnail","6":"product_cat-seniori","8":"first","9":"instock","10":"sale","11":"virtual","12":"sold-individually","13":"taxable","14":"purchasable","15":"product-type-simple"},"yoast_head":"<!-- This site is optimized with the Yoast SEO plugin v26.9 - https:\/\/yoast.com\/product\/yoast-seo-wordpress\/ -->\n<title>Curs Misiunile personale - Bistrita - acces online (Seniori) - Ovidiu Drago\u0219 Arge\u0219anu<\/title>\n<meta name=\"robots\" content=\"noindex, follow, max-snippet:-1, max-image-preview:large, max-video-preview:-1\" \/>\n<meta property=\"og:locale\" content=\"en_US\" \/>\n<meta property=\"og:type\" content=\"article\" \/>\n<meta property=\"og:title\" content=\"Curs Misiunile personale - Bistrita - acces online (Seniori) - Ovidiu Drago\u0219 Arge\u0219anu\" \/>\n<meta property=\"og:description\" content=\"ACCES NELIMITAT!  Te invit s\u0103 parcurgi cursul \u201eMisiunea personal\u0103\u201d\u00a0pe care l-am sus\u021binut \u00een Bistri\u021ba.  Cum accesezi cursul t\u0103u live \u2013 online dup\u0103 achizi\u021bie:  Imediat dup\u0103 finalizarea comenzii, vei primi automat un email care confirm\u0103 \u00eenscrierea ta la curs. Pentru a participa la sesiunea live:   Intr\u0103 pe site \u0219i acceseaz\u0103 meniul\u00a0\u201eContul meu\u201d.  Mergi la sec\u021biunea\u00a0\u201eCursuri \u00eenscrise\u201d\u00a0\u0219i apas\u0103 pe butonul\u00a0\u201e\u00cencepe s\u0103 \u00eenve\u021bi\u201d\u00a0din dreptul cursului.  Vei vedea un cronometru care \u00ee\u021bi arat\u0103 c\u00e2t timp mai este p\u00e2n\u0103 \u00eencepe cursul  Sub acesta, apas\u0103 pe\u00a0\u201eContinue to meeting\u201d\u00a0pentru a intra \u00een direct, prin Zoom.  Nu este necesar s\u0103 ai aplica\u021bia Zoom instalat\u0103\u00a0\u2013 te po\u021bi conecta direct din browser.  Important:\u00a0Dup\u0103 \u00eencheierea sesiunii live, cursul va fi \u00eenregistrat \u0219i \u00eenc\u0103rcat \u00een contul t\u0103u, \u00een aceea\u0219i sec\u021biune (\u201eCursuri \u00eenscrise\u201d). Procesul poate dura c\u00e2teva ore (timp necesar pentru desc\u0103rcare \u0219i \u00eenc\u0103rcare pe platform\u0103), a\u0219a c\u0103\u00a0nu te \u00eengrijora dac\u0103 nu apare imediat. \u00ce\u021bi r\u0103m\u00e2ne salvat \u0219i \u00eel po\u021bi viziona oric\u00e2nd dore\u0219ti, \u00een ritmul t\u0103u.  M\u0103 bucur s\u0103 te am al\u0103turi la acest curs!\" \/>\n<meta property=\"og:url\" content=\"https:\/\/www.ovidiudragosargesanu.ro\/en\/shop\/seniori\/curs-misiunile-personale-bistrita-acces-online-seniori\/\" \/>\n<meta property=\"og:site_name\" content=\"Ovidiu Drago\u0219 Arge\u0219anu\" \/>\n<meta property=\"article:modified_time\" content=\"2025-09-27T17:59:37+00:00\" \/>\n<meta property=\"og:image\" content=\"https:\/\/www.ovidiudragosargesanu.ro\/en\/wp-content\/uploads\/2025\/09\/Curs-premium-Misiunile-personale-Bistrita-600X800.png\" \/>\n\t<meta property=\"og:image:width\" content=\"600\" \/>\n\t<meta property=\"og:image:height\" content=\"800\" \/>\n\t<meta property=\"og:image:type\" content=\"image\/png\" \/>\n<meta name=\"twitter:card\" content=\"summary_large_image\" \/>\n<meta name=\"twitter:label1\" content=\"Est. reading time\" \/>\n\t<meta name=\"twitter:data1\" content=\"2 minutes\" \/>\n<script type=\"application\/ld+json\" class=\"yoast-schema-graph\">{\"@context\":\"https:\/\/schema.org\",\"@graph\":[{\"@type\":\"WebPage\",\"@id\":\"https:\/\/www.ovidiudragosargesanu.ro\/en\/shop\/seniori\/curs-misiunile-personale-bistrita-acces-online-seniori\/\",\"url\":\"https:\/\/www.ovidiudragosargesanu.ro\/en\/shop\/seniori\/curs-misiunile-personale-bistrita-acces-online-seniori\/\",\"name\":\"Curs Misiunile personale - Bistrita - acces online (Seniori) - Ovidiu Drago\u0219 Arge\u0219anu\",\"isPartOf\":{\"@id\":\"https:\/\/www.ovidiudragosargesanu.ro\/en\/#website\"},\"primaryImageOfPage\":{\"@id\":\"https:\/\/www.ovidiudragosargesanu.ro\/en\/shop\/seniori\/curs-misiunile-personale-bistrita-acces-online-seniori\/#primaryimage\"},\"image\":{\"@id\":\"https:\/\/www.ovidiudragosargesanu.ro\/en\/shop\/seniori\/curs-misiunile-personale-bistrita-acces-online-seniori\/#primaryimage\"},\"thumbnailUrl\":\"https:\/\/www.ovidiudragosargesanu.ro\/en\/wp-content\/uploads\/2025\/09\/Curs-premium-Misiunile-personale-Bistrita-600X800.png\",\"datePublished\":\"2025-08-24T12:02:21+00:00\",\"dateModified\":\"2025-09-27T17:59:37+00:00\",\"breadcrumb\":{\"@id\":\"https:\/\/www.ovidiudragosargesanu.ro\/en\/shop\/seniori\/curs-misiunile-personale-bistrita-acces-online-seniori\/#breadcrumb\"},\"inLanguage\":\"en-US\",\"potentialAction\":[{\"@type\":\"ReadAction\",\"target\":[\"https:\/\/www.ovidiudragosargesanu.ro\/en\/shop\/seniori\/curs-misiunile-personale-bistrita-acces-online-seniori\/\"]}]},{\"@type\":\"ImageObject\",\"inLanguage\":\"en-US\",\"@id\":\"https:\/\/www.ovidiudragosargesanu.ro\/en\/shop\/seniori\/curs-misiunile-personale-bistrita-acces-online-seniori\/#primaryimage\",\"url\":\"https:\/\/www.ovidiudragosargesanu.ro\/en\/wp-content\/uploads\/2025\/09\/Curs-premium-Misiunile-personale-Bistrita-600X800.png\",\"contentUrl\":\"https:\/\/www.ovidiudragosargesanu.ro\/en\/wp-content\/uploads\/2025\/09\/Curs-premium-Misiunile-personale-Bistrita-600X800.png\",\"width\":600,\"height\":800,\"caption\":\"Curs premium Misiunile personale Bistri\u021ba 600X800\"},{\"@type\":\"BreadcrumbList\",\"@id\":\"https:\/\/www.ovidiudragosargesanu.ro\/en\/shop\/seniori\/curs-misiunile-personale-bistrita-acces-online-seniori\/#breadcrumb\",\"itemListElement\":[{\"@type\":\"ListItem\",\"position\":1,\"name\":\"Prima pagin\u0103\",\"item\":\"https:\/\/www.ovidiudragosargesanu.ro\/en\/\"},{\"@type\":\"ListItem\",\"position\":2,\"name\":\"Shop\",\"item\":\"https:\/\/www.ovidiudragosargesanu.ro\/en\/shop\/\"},{\"@type\":\"ListItem\",\"position\":3,\"name\":\"Curs Misiunile personale &#8211; Bistrita &#8211; acces online (Seniori)\"}]},{\"@type\":\"WebSite\",\"@id\":\"https:\/\/www.ovidiudragosargesanu.ro\/en\/#website\",\"url\":\"https:\/\/www.ovidiudragosargesanu.ro\/en\/\",\"name\":\"Ovidiu Drago\u0219 Arge\u0219anu\",\"description\":\"\",\"publisher\":{\"@id\":\"https:\/\/www.ovidiudragosargesanu.ro\/en\/#organization\"},\"potentialAction\":[{\"@type\":\"SearchAction\",\"target\":{\"@type\":\"EntryPoint\",\"urlTemplate\":\"https:\/\/www.ovidiudragosargesanu.ro\/en\/?s={search_term_string}\"},\"query-input\":{\"@type\":\"PropertyValueSpecification\",\"valueRequired\":true,\"valueName\":\"search_term_string\"}}],\"inLanguage\":\"en-US\"},{\"@type\":\"Organization\",\"@id\":\"https:\/\/www.ovidiudragosargesanu.ro\/en\/#organization\",\"name\":\"Ovidiu Drago\u0219 Arge\u0219anu\",\"url\":\"https:\/\/www.ovidiudragosargesanu.ro\/en\/\",\"logo\":{\"@type\":\"ImageObject\",\"inLanguage\":\"en-US\",\"@id\":\"https:\/\/www.ovidiudragosargesanu.ro\/en\/#\/schema\/logo\/image\/\",\"url\":\"https:\/\/www.ovidiudragosargesanu.ro\/en\/wp-content\/uploads\/2018\/03\/dragos-logo-lotus-black-400.svg\",\"contentUrl\":\"https:\/\/www.ovidiudragosargesanu.ro\/en\/wp-content\/uploads\/2018\/03\/dragos-logo-lotus-black-400.svg\",\"width\":300,\"height\":150,\"caption\":\"Ovidiu Drago\u0219 Arge\u0219anu\"},\"image\":{\"@id\":\"https:\/\/www.ovidiudragosargesanu.ro\/en\/#\/schema\/logo\/image\/\"}}]}<\/script>\n<!-- \/ Yoast SEO plugin. -->","yoast_head_json":{"title":"Curs Misiunile personale - Bistrita - acces online (Seniori) - Ovidiu Drago\u0219 Arge\u0219anu","robots":{"index":"noindex","follow":"follow","max-snippet":"max-snippet:-1","max-image-preview":"max-image-preview:large","max-video-preview":"max-video-preview:-1"},"og_locale":"en_US","og_type":"article","og_title":"Curs Misiunile personale - Bistrita - acces online (Seniori) - Ovidiu Drago\u0219 Arge\u0219anu","og_description":"ACCES NELIMITAT!  Te invit s\u0103 parcurgi cursul \u201eMisiunea personal\u0103\u201d\u00a0pe care l-am sus\u021binut \u00een Bistri\u021ba.  Cum accesezi cursul t\u0103u live \u2013 online dup\u0103 achizi\u021bie:  Imediat dup\u0103 finalizarea comenzii, vei primi automat un email care confirm\u0103 \u00eenscrierea ta la curs. Pentru a participa la sesiunea live:   Intr\u0103 pe site \u0219i acceseaz\u0103 meniul\u00a0\u201eContul meu\u201d.  Mergi la sec\u021biunea\u00a0\u201eCursuri \u00eenscrise\u201d\u00a0\u0219i apas\u0103 pe butonul\u00a0\u201e\u00cencepe s\u0103 \u00eenve\u021bi\u201d\u00a0din dreptul cursului.  Vei vedea un cronometru care \u00ee\u021bi arat\u0103 c\u00e2t timp mai este p\u00e2n\u0103 \u00eencepe cursul  Sub acesta, apas\u0103 pe\u00a0\u201eContinue to meeting\u201d\u00a0pentru a intra \u00een direct, prin Zoom.  Nu este necesar s\u0103 ai aplica\u021bia Zoom instalat\u0103\u00a0\u2013 te po\u021bi conecta direct din browser.  Important:\u00a0Dup\u0103 \u00eencheierea sesiunii live, cursul va fi \u00eenregistrat \u0219i \u00eenc\u0103rcat \u00een contul t\u0103u, \u00een aceea\u0219i sec\u021biune (\u201eCursuri \u00eenscrise\u201d). Procesul poate dura c\u00e2teva ore (timp necesar pentru desc\u0103rcare \u0219i \u00eenc\u0103rcare pe platform\u0103), a\u0219a c\u0103\u00a0nu te \u00eengrijora dac\u0103 nu apare imediat. \u00ce\u021bi r\u0103m\u00e2ne salvat \u0219i \u00eel po\u021bi viziona oric\u00e2nd dore\u0219ti, \u00een ritmul t\u0103u.  M\u0103 bucur s\u0103 te am al\u0103turi la acest curs!","og_url":"https:\/\/www.ovidiudragosargesanu.ro\/en\/shop\/seniori\/curs-misiunile-personale-bistrita-acces-online-seniori\/","og_site_name":"Ovidiu Drago\u0219 Arge\u0219anu","article_modified_time":"2025-09-27T17:59:37+00:00","og_image":[{"width":600,"height":800,"url":"https:\/\/www.ovidiudragosargesanu.ro\/en\/wp-content\/uploads\/2025\/09\/Curs-premium-Misiunile-personale-Bistrita-600X800.png","type":"image\/png"}],"twitter_card":"summary_large_image","twitter_misc":{"Est. reading time":"2 minutes"},"schema":{"@context":"https:\/\/schema.org","@graph":[{"@type":"WebPage","@id":"https:\/\/www.ovidiudragosargesanu.ro\/en\/shop\/seniori\/curs-misiunile-personale-bistrita-acces-online-seniori\/","url":"https:\/\/www.ovidiudragosargesanu.ro\/en\/shop\/seniori\/curs-misiunile-personale-bistrita-acces-online-seniori\/","name":"Curs Misiunile personale - Bistrita - acces online (Seniori) - Ovidiu Drago\u0219 Arge\u0219anu","isPartOf":{"@id":"https:\/\/www.ovidiudragosargesanu.ro\/en\/#website"},"primaryImageOfPage":{"@id":"https:\/\/www.ovidiudragosargesanu.ro\/en\/shop\/seniori\/curs-misiunile-personale-bistrita-acces-online-seniori\/#primaryimage"},"image":{"@id":"https:\/\/www.ovidiudragosargesanu.ro\/en\/shop\/seniori\/curs-misiunile-personale-bistrita-acces-online-seniori\/#primaryimage"},"thumbnailUrl":"https:\/\/www.ovidiudragosargesanu.ro\/en\/wp-content\/uploads\/2025\/09\/Curs-premium-Misiunile-personale-Bistrita-600X800.png","datePublished":"2025-08-24T12:02:21+00:00","dateModified":"2025-09-27T17:59:37+00:00","breadcrumb":{"@id":"https:\/\/www.ovidiudragosargesanu.ro\/en\/shop\/seniori\/curs-misiunile-personale-bistrita-acces-online-seniori\/#breadcrumb"},"inLanguage":"en-US","potentialAction":[{"@type":"ReadAction","target":["https:\/\/www.ovidiudragosargesanu.ro\/en\/shop\/seniori\/curs-misiunile-personale-bistrita-acces-online-seniori\/"]}]},{"@type":"ImageObject","inLanguage":"en-US","@id":"https:\/\/www.ovidiudragosargesanu.ro\/en\/shop\/seniori\/curs-misiunile-personale-bistrita-acces-online-seniori\/#primaryimage","url":"https:\/\/www.ovidiudragosargesanu.ro\/en\/wp-content\/uploads\/2025\/09\/Curs-premium-Misiunile-personale-Bistrita-600X800.png","contentUrl":"https:\/\/www.ovidiudragosargesanu.ro\/en\/wp-content\/uploads\/2025\/09\/Curs-premium-Misiunile-personale-Bistrita-600X800.png","width":600,"height":800,"caption":"Curs premium Misiunile personale Bistri\u021ba 600X800"},{"@type":"BreadcrumbList","@id":"https:\/\/www.ovidiudragosargesanu.ro\/en\/shop\/seniori\/curs-misiunile-personale-bistrita-acces-online-seniori\/#breadcrumb","itemListElement":[{"@type":"ListItem","position":1,"name":"Prima pagin\u0103","item":"https:\/\/www.ovidiudragosargesanu.ro\/en\/"},{"@type":"ListItem","position":2,"name":"Shop","item":"https:\/\/www.ovidiudragosargesanu.ro\/en\/shop\/"},{"@type":"ListItem","position":3,"name":"Curs Misiunile personale &#8211; Bistrita &#8211; acces online (Seniori)"}]},{"@type":"WebSite","@id":"https:\/\/www.ovidiudragosargesanu.ro\/en\/#website","url":"https:\/\/www.ovidiudragosargesanu.ro\/en\/","name":"Ovidiu Drago\u0219 Arge\u0219anu","description":"","publisher":{"@id":"https:\/\/www.ovidiudragosargesanu.ro\/en\/#organization"},"potentialAction":[{"@type":"SearchAction","target":{"@type":"EntryPoint","urlTemplate":"https:\/\/www.ovidiudragosargesanu.ro\/en\/?s={search_term_string}"},"query-input":{"@type":"PropertyValueSpecification","valueRequired":true,"valueName":"search_term_string"}}],"inLanguage":"en-US"},{"@type":"Organization","@id":"https:\/\/www.ovidiudragosargesanu.ro\/en\/#organization","name":"Ovidiu Drago\u0219 Arge\u0219anu","url":"https:\/\/www.ovidiudragosargesanu.ro\/en\/","logo":{"@type":"ImageObject","inLanguage":"en-US","@id":"https:\/\/www.ovidiudragosargesanu.ro\/en\/#\/schema\/logo\/image\/","url":"https:\/\/www.ovidiudragosargesanu.ro\/en\/wp-content\/uploads\/2018\/03\/dragos-logo-lotus-black-400.svg","contentUrl":"https:\/\/www.ovidiudragosargesanu.ro\/en\/wp-content\/uploads\/2018\/03\/dragos-logo-lotus-black-400.svg","width":300,"height":150,"caption":"Ovidiu Drago\u0219 Arge\u0219anu"},"image":{"@id":"https:\/\/www.ovidiudragosargesanu.ro\/en\/#\/schema\/logo\/image\/"}}]}},"_links":{"self":[{"href":"https:\/\/www.ovidiudragosargesanu.ro\/en\/wp-json\/wp\/v2\/product\/60151","targetHints":{"allow":["GET"]}}],"collection":[{"href":"https:\/\/www.ovidiudragosargesanu.ro\/en\/wp-json\/wp\/v2\/product"}],"about":[{"href":"https:\/\/www.ovidiudragosargesanu.ro\/en\/wp-json\/wp\/v2\/types\/product"}],"version-history":[{"count":3,"href":"https:\/\/www.ovidiudragosargesanu.ro\/en\/wp-json\/wp\/v2\/product\/60151\/revisions"}],"predecessor-version":[{"id":60667,"href":"https:\/\/www.ovidiudragosargesanu.ro\/en\/wp-json\/wp\/v2\/product\/60151\/revisions\/60667"}],"wp:featuredmedia":[{"embeddable":true,"href":"https:\/\/www.ovidiudragosargesanu.ro\/en\/wp-json\/wp\/v2\/media\/62916"}],"wp:attachment":[{"href":"https:\/\/www.ovidiudragosargesanu.ro\/en\/wp-json\/wp\/v2\/media?parent=60151"}],"wp:term":[{"taxonomy":"product_brand","embeddable":true,"href":"https:\/\/www.ovidiudragosargesanu.ro\/en\/wp-json\/wp\/v2\/product_brand?post=60151"},{"taxonomy":"product_cat","embeddable":true,"href":"https:\/\/www.ovidiudragosargesanu.ro\/en\/wp-json\/wp\/v2\/product_cat?post=60151"},{"taxonomy":"product_tag","embeddable":true,"href":"https:\/\/www.ovidiudragosargesanu.ro\/en\/wp-json\/wp\/v2\/product_tag?post=60151"}],"curies":[{"name":"wp","href":"https:\/\/api.w.org\/{rel}","templated":true}]}}