{"id":60935,"date":"2025-09-08T14:39:21","date_gmt":"2025-09-08T11:39:21","guid":{"rendered":"https:\/\/www.ovidiudragosargesanu.ro\/shop\/fara-categorie\/curs-vindecarea-umbrei-galati-acces-online\/"},"modified":"2025-10-06T13:50:15","modified_gmt":"2025-10-06T10:50:15","slug":"curs-vindecarea-umbrei-galati-acces-online","status":"publish","type":"product","link":"https:\/\/www.ovidiudragosargesanu.ro\/en\/shop\/cursuri-premium\/vindecarea-umbrei\/curs-vindecarea-umbrei-galati-acces-online\/","title":{"rendered":"Curs Vindecarea umbrei &#8211; Galati &#8211; acces online"},"content":{"rendered":"<p><strong>Curs: Vindecarea umbrei | Gala\u021bi | 1 octombrie 2025\u00a0<\/strong><\/p>\n<p>Cunoa\u0219terea de sine presupune inclusiv manifestarea ta \u00een cea mai ad\u00e2nc\u0103, Umbra. Un curent mai nou de terapie se refer\u0103 mai pu\u021bin la tratarea Luminii din noi \u0219i nici m\u0103car la tratarea Sinelui, c\u00e2t la tratarea Umbrei. Umbra este cea care ne d\u0103 adev\u0103rata valoare. Exist\u0103 un moment \u00een evolu\u021bia fiec\u0103ruia c\u00e2nd va fi l\u0103sat singur cu propria Umbr\u0103 \u0219i atunci va vedea cine este cu adev\u0103rat. Nu este nimic de speriat, este doar momentul \u00een care \u00ee\u021bi dai seama cum e\u0219ti tu \u00een realitate.<\/p>\n<p><strong>Teme atinse \u00een cadrul cursului:<\/strong><br \/>\n&#8211; Ce este umbra, ce con\u021bine \u0219i cum se manifest\u0103<br \/>\n&#8211; Orgoliul \u0219i umbra<br \/>\n&#8211; Sexualitatea<br \/>\n&#8211; Umbra \u00eengerilor de lumin\u0103, de \u00eentuneric \u0219i a entit\u0103\u021bilor divine<br \/>\n&#8211; Karma<br \/>\n&#8211; Umbra lui Dumnezeu \u0219i a planetelor<br \/>\n&#8211; Ce po\u021bi face practic pentru diminuarea \u0219i vindecarea umbrei<br \/>\n&#8211; Parametrii radiestezici lega\u021bi de umbr\u0103<\/p>\n<p>&nbsp;<\/p>\n","protected":false},"excerpt":{"rendered":"<p><b>ACCES NELIMITAT!<\/b><\/p>\n<p><b>Un nou curs:<\/b> <b><i>Vindecarea umbrei<\/i><\/b><span style=\"font-weight: 400;\">, din Gala\u021bi, 1 octombrie 2025.<\/span><\/p>\n<p><b>Cum accesezi evenimentul t\u0103u online dup\u0103 achizi\u021bie:<\/b><\/p>\n<p><span style=\"font-weight: 400;\">Imediat dup\u0103 finalizarea comenzii, vei primi automat un email care confirm\u0103 \u00eenscrierea ta la eveniment. Pentru a viziona evenimentul online:<\/span><\/p>\n<ol>\n<li style=\"font-weight: 400;\" aria-level=\"1\"><span style=\"font-weight: 400;\">Intr\u0103 pe site \u0219i acceseaz\u0103 butonul <\/span><b>\u201eLogin\u201d<\/b><span style=\"font-weight: 400;\">.<\/span><\/li>\n<li style=\"font-weight: 400;\" aria-level=\"1\"><span style=\"font-weight: 400;\">Mergi la sec\u021biunea <\/span><b>\u201eCursuri \u00eenscrise\u201d<\/b><span style=\"font-weight: 400;\"> \u0219i apas\u0103 pe butonul <\/span><b>\u201e\u00cencepe s\u0103 \u00eenve\u021bi\u201d<\/b><span style=\"font-weight: 400;\"> din dreptul evenimentului.<\/span><\/li>\n<\/ol>\n<p><b>Important:<\/b><span style=\"font-weight: 400;\"> Dup\u0103 \u00eencheierea sesiunii live, evenimentul va fi \u00eenregistrat \u0219i \u00eenc\u0103rcat \u00een contul t\u0103u, \u00een aceea\u0219i sec\u021biune (<\/span><b>\u201eCursuri \u00eenscrise\u201d<\/b><span style=\"font-weight: 400;\">). Procesul poate dura c\u00e2teva ore (timp necesar pentru desc\u0103rcare \u0219i \u00eenc\u0103rcare pe platform\u0103), a\u0219a c\u0103 <\/span><b>nu te \u00eengrijora dac\u0103 nu apare imediat<\/b><span style=\"font-weight: 400;\">. \u00ce\u021bi r\u0103m\u00e2ne salvat \u0219i \u00eel po\u021bi viziona oric\u00e2nd dore\u0219ti, \u00een ritmul t\u0103u.<\/span><\/p>\n<p><span style=\"font-weight: 400;\">M\u0103 bucur s\u0103 te am al\u0103turi la acest eveniment!<\/span><\/p>\n","protected":false},"featured_media":66348,"template":"","meta":{"inline_featured_image":false},"product_brand":[],"product_cat":[709],"product_tag":[],"class_list":{"0":"post-60935","1":"product","2":"type-product","3":"status-publish","4":"has-post-thumbnail","6":"product_cat-vindecarea-umbrei","8":"first","9":"instock","10":"virtual","11":"sold-individually","12":"taxable","13":"purchasable","14":"product-type-simple"},"yoast_head":"<!-- This site is optimized with the Yoast SEO plugin v26.9 - https:\/\/yoast.com\/product\/yoast-seo-wordpress\/ -->\n<title>Curs Vindecarea umbrei - Galati - acces online - Ovidiu Drago\u0219 Arge\u0219anu<\/title>\n<meta name=\"robots\" content=\"noindex, follow, max-snippet:-1, max-image-preview:large, max-video-preview:-1\" \/>\n<meta property=\"og:locale\" content=\"en_US\" \/>\n<meta property=\"og:type\" content=\"article\" \/>\n<meta property=\"og:title\" content=\"Curs Vindecarea umbrei - Galati - acces online - Ovidiu Drago\u0219 Arge\u0219anu\" \/>\n<meta property=\"og:description\" content=\"ACCES NELIMITAT!  Un nou curs: Vindecarea umbrei, din Gala\u021bi, 1 octombrie 2025.  Cum accesezi evenimentul t\u0103u online dup\u0103 achizi\u021bie:  Imediat dup\u0103 finalizarea comenzii, vei primi automat un email care confirm\u0103 \u00eenscrierea ta la eveniment. Pentru a viziona evenimentul online:   Intr\u0103 pe site \u0219i acceseaz\u0103 butonul \u201eLogin\u201d.  Mergi la sec\u021biunea \u201eCursuri \u00eenscrise\u201d \u0219i apas\u0103 pe butonul \u201e\u00cencepe s\u0103 \u00eenve\u021bi\u201d din dreptul evenimentului.  Important: Dup\u0103 \u00eencheierea sesiunii live, evenimentul va fi \u00eenregistrat \u0219i \u00eenc\u0103rcat \u00een contul t\u0103u, \u00een aceea\u0219i sec\u021biune (\u201eCursuri \u00eenscrise\u201d). Procesul poate dura c\u00e2teva ore (timp necesar pentru desc\u0103rcare \u0219i \u00eenc\u0103rcare pe platform\u0103), a\u0219a c\u0103 nu te \u00eengrijora dac\u0103 nu apare imediat. \u00ce\u021bi r\u0103m\u00e2ne salvat \u0219i \u00eel po\u021bi viziona oric\u00e2nd dore\u0219ti, \u00een ritmul t\u0103u.  M\u0103 bucur s\u0103 te am al\u0103turi la acest eveniment!\" \/>\n<meta property=\"og:url\" content=\"https:\/\/www.ovidiudragosargesanu.ro\/en\/shop\/cursuri-premium\/vindecarea-umbrei\/curs-vindecarea-umbrei-galati-acces-online\/\" \/>\n<meta property=\"og:site_name\" content=\"Ovidiu Drago\u0219 Arge\u0219anu\" \/>\n<meta property=\"article:modified_time\" content=\"2025-10-06T10:50:15+00:00\" \/>\n<meta property=\"og:image\" content=\"https:\/\/www.ovidiudragosargesanu.ro\/en\/wp-content\/uploads\/2025\/09\/Curs-premium-Vindecarea-umbrei-Galati-1.jpg\" \/>\n\t<meta property=\"og:image:width\" content=\"600\" \/>\n\t<meta property=\"og:image:height\" content=\"800\" \/>\n\t<meta property=\"og:image:type\" content=\"image\/jpeg\" \/>\n<meta name=\"twitter:card\" content=\"summary_large_image\" \/>\n<meta name=\"twitter:label1\" content=\"Est. reading time\" \/>\n\t<meta name=\"twitter:data1\" content=\"1 minute\" \/>\n<script type=\"application\/ld+json\" class=\"yoast-schema-graph\">{\"@context\":\"https:\/\/schema.org\",\"@graph\":[{\"@type\":\"WebPage\",\"@id\":\"https:\/\/www.ovidiudragosargesanu.ro\/en\/shop\/cursuri-premium\/vindecarea-umbrei\/curs-vindecarea-umbrei-galati-acces-online\/\",\"url\":\"https:\/\/www.ovidiudragosargesanu.ro\/en\/shop\/cursuri-premium\/vindecarea-umbrei\/curs-vindecarea-umbrei-galati-acces-online\/\",\"name\":\"Curs Vindecarea umbrei - Galati - acces online - Ovidiu Drago\u0219 Arge\u0219anu\",\"isPartOf\":{\"@id\":\"https:\/\/www.ovidiudragosargesanu.ro\/en\/#website\"},\"primaryImageOfPage\":{\"@id\":\"https:\/\/www.ovidiudragosargesanu.ro\/en\/shop\/cursuri-premium\/vindecarea-umbrei\/curs-vindecarea-umbrei-galati-acces-online\/#primaryimage\"},\"image\":{\"@id\":\"https:\/\/www.ovidiudragosargesanu.ro\/en\/shop\/cursuri-premium\/vindecarea-umbrei\/curs-vindecarea-umbrei-galati-acces-online\/#primaryimage\"},\"thumbnailUrl\":\"https:\/\/www.ovidiudragosargesanu.ro\/en\/wp-content\/uploads\/2025\/09\/Curs-premium-Vindecarea-umbrei-Galati-1.jpg\",\"datePublished\":\"2025-09-08T11:39:21+00:00\",\"dateModified\":\"2025-10-06T10:50:15+00:00\",\"breadcrumb\":{\"@id\":\"https:\/\/www.ovidiudragosargesanu.ro\/en\/shop\/cursuri-premium\/vindecarea-umbrei\/curs-vindecarea-umbrei-galati-acces-online\/#breadcrumb\"},\"inLanguage\":\"en-US\",\"potentialAction\":[{\"@type\":\"ReadAction\",\"target\":[\"https:\/\/www.ovidiudragosargesanu.ro\/en\/shop\/cursuri-premium\/vindecarea-umbrei\/curs-vindecarea-umbrei-galati-acces-online\/\"]}]},{\"@type\":\"ImageObject\",\"inLanguage\":\"en-US\",\"@id\":\"https:\/\/www.ovidiudragosargesanu.ro\/en\/shop\/cursuri-premium\/vindecarea-umbrei\/curs-vindecarea-umbrei-galati-acces-online\/#primaryimage\",\"url\":\"https:\/\/www.ovidiudragosargesanu.ro\/en\/wp-content\/uploads\/2025\/09\/Curs-premium-Vindecarea-umbrei-Galati-1.jpg\",\"contentUrl\":\"https:\/\/www.ovidiudragosargesanu.ro\/en\/wp-content\/uploads\/2025\/09\/Curs-premium-Vindecarea-umbrei-Galati-1.jpg\",\"width\":600,\"height\":800,\"caption\":\"Curs premium Vindecarea umbrei Gala\u021bi (1)\"},{\"@type\":\"BreadcrumbList\",\"@id\":\"https:\/\/www.ovidiudragosargesanu.ro\/en\/shop\/cursuri-premium\/vindecarea-umbrei\/curs-vindecarea-umbrei-galati-acces-online\/#breadcrumb\",\"itemListElement\":[{\"@type\":\"ListItem\",\"position\":1,\"name\":\"Prima pagin\u0103\",\"item\":\"https:\/\/www.ovidiudragosargesanu.ro\/en\/\"},{\"@type\":\"ListItem\",\"position\":2,\"name\":\"Shop\",\"item\":\"https:\/\/www.ovidiudragosargesanu.ro\/en\/shop\/\"},{\"@type\":\"ListItem\",\"position\":3,\"name\":\"Curs Vindecarea umbrei &#8211; Galati &#8211; acces online\"}]},{\"@type\":\"WebSite\",\"@id\":\"https:\/\/www.ovidiudragosargesanu.ro\/en\/#website\",\"url\":\"https:\/\/www.ovidiudragosargesanu.ro\/en\/\",\"name\":\"Ovidiu Drago\u0219 Arge\u0219anu\",\"description\":\"\",\"publisher\":{\"@id\":\"https:\/\/www.ovidiudragosargesanu.ro\/en\/#organization\"},\"potentialAction\":[{\"@type\":\"SearchAction\",\"target\":{\"@type\":\"EntryPoint\",\"urlTemplate\":\"https:\/\/www.ovidiudragosargesanu.ro\/en\/?s={search_term_string}\"},\"query-input\":{\"@type\":\"PropertyValueSpecification\",\"valueRequired\":true,\"valueName\":\"search_term_string\"}}],\"inLanguage\":\"en-US\"},{\"@type\":\"Organization\",\"@id\":\"https:\/\/www.ovidiudragosargesanu.ro\/en\/#organization\",\"name\":\"Ovidiu Drago\u0219 Arge\u0219anu\",\"url\":\"https:\/\/www.ovidiudragosargesanu.ro\/en\/\",\"logo\":{\"@type\":\"ImageObject\",\"inLanguage\":\"en-US\",\"@id\":\"https:\/\/www.ovidiudragosargesanu.ro\/en\/#\/schema\/logo\/image\/\",\"url\":\"https:\/\/www.ovidiudragosargesanu.ro\/en\/wp-content\/uploads\/2018\/03\/dragos-logo-lotus-black-400.svg\",\"contentUrl\":\"https:\/\/www.ovidiudragosargesanu.ro\/en\/wp-content\/uploads\/2018\/03\/dragos-logo-lotus-black-400.svg\",\"width\":300,\"height\":150,\"caption\":\"Ovidiu Drago\u0219 Arge\u0219anu\"},\"image\":{\"@id\":\"https:\/\/www.ovidiudragosargesanu.ro\/en\/#\/schema\/logo\/image\/\"}}]}<\/script>\n<!-- \/ Yoast SEO plugin. -->","yoast_head_json":{"title":"Curs Vindecarea umbrei - Galati - acces online - Ovidiu Drago\u0219 Arge\u0219anu","robots":{"index":"noindex","follow":"follow","max-snippet":"max-snippet:-1","max-image-preview":"max-image-preview:large","max-video-preview":"max-video-preview:-1"},"og_locale":"en_US","og_type":"article","og_title":"Curs Vindecarea umbrei - Galati - acces online - Ovidiu Drago\u0219 Arge\u0219anu","og_description":"ACCES NELIMITAT!  Un nou curs: Vindecarea umbrei, din Gala\u021bi, 1 octombrie 2025.  Cum accesezi evenimentul t\u0103u online dup\u0103 achizi\u021bie:  Imediat dup\u0103 finalizarea comenzii, vei primi automat un email care confirm\u0103 \u00eenscrierea ta la eveniment. Pentru a viziona evenimentul online:   Intr\u0103 pe site \u0219i acceseaz\u0103 butonul \u201eLogin\u201d.  Mergi la sec\u021biunea \u201eCursuri \u00eenscrise\u201d \u0219i apas\u0103 pe butonul \u201e\u00cencepe s\u0103 \u00eenve\u021bi\u201d din dreptul evenimentului.  Important: Dup\u0103 \u00eencheierea sesiunii live, evenimentul va fi \u00eenregistrat \u0219i \u00eenc\u0103rcat \u00een contul t\u0103u, \u00een aceea\u0219i sec\u021biune (\u201eCursuri \u00eenscrise\u201d). Procesul poate dura c\u00e2teva ore (timp necesar pentru desc\u0103rcare \u0219i \u00eenc\u0103rcare pe platform\u0103), a\u0219a c\u0103 nu te \u00eengrijora dac\u0103 nu apare imediat. \u00ce\u021bi r\u0103m\u00e2ne salvat \u0219i \u00eel po\u021bi viziona oric\u00e2nd dore\u0219ti, \u00een ritmul t\u0103u.  M\u0103 bucur s\u0103 te am al\u0103turi la acest eveniment!","og_url":"https:\/\/www.ovidiudragosargesanu.ro\/en\/shop\/cursuri-premium\/vindecarea-umbrei\/curs-vindecarea-umbrei-galati-acces-online\/","og_site_name":"Ovidiu Drago\u0219 Arge\u0219anu","article_modified_time":"2025-10-06T10:50:15+00:00","og_image":[{"width":600,"height":800,"url":"https:\/\/www.ovidiudragosargesanu.ro\/en\/wp-content\/uploads\/2025\/09\/Curs-premium-Vindecarea-umbrei-Galati-1.jpg","type":"image\/jpeg"}],"twitter_card":"summary_large_image","twitter_misc":{"Est. reading time":"1 minute"},"schema":{"@context":"https:\/\/schema.org","@graph":[{"@type":"WebPage","@id":"https:\/\/www.ovidiudragosargesanu.ro\/en\/shop\/cursuri-premium\/vindecarea-umbrei\/curs-vindecarea-umbrei-galati-acces-online\/","url":"https:\/\/www.ovidiudragosargesanu.ro\/en\/shop\/cursuri-premium\/vindecarea-umbrei\/curs-vindecarea-umbrei-galati-acces-online\/","name":"Curs Vindecarea umbrei - Galati - acces online - Ovidiu Drago\u0219 Arge\u0219anu","isPartOf":{"@id":"https:\/\/www.ovidiudragosargesanu.ro\/en\/#website"},"primaryImageOfPage":{"@id":"https:\/\/www.ovidiudragosargesanu.ro\/en\/shop\/cursuri-premium\/vindecarea-umbrei\/curs-vindecarea-umbrei-galati-acces-online\/#primaryimage"},"image":{"@id":"https:\/\/www.ovidiudragosargesanu.ro\/en\/shop\/cursuri-premium\/vindecarea-umbrei\/curs-vindecarea-umbrei-galati-acces-online\/#primaryimage"},"thumbnailUrl":"https:\/\/www.ovidiudragosargesanu.ro\/en\/wp-content\/uploads\/2025\/09\/Curs-premium-Vindecarea-umbrei-Galati-1.jpg","datePublished":"2025-09-08T11:39:21+00:00","dateModified":"2025-10-06T10:50:15+00:00","breadcrumb":{"@id":"https:\/\/www.ovidiudragosargesanu.ro\/en\/shop\/cursuri-premium\/vindecarea-umbrei\/curs-vindecarea-umbrei-galati-acces-online\/#breadcrumb"},"inLanguage":"en-US","potentialAction":[{"@type":"ReadAction","target":["https:\/\/www.ovidiudragosargesanu.ro\/en\/shop\/cursuri-premium\/vindecarea-umbrei\/curs-vindecarea-umbrei-galati-acces-online\/"]}]},{"@type":"ImageObject","inLanguage":"en-US","@id":"https:\/\/www.ovidiudragosargesanu.ro\/en\/shop\/cursuri-premium\/vindecarea-umbrei\/curs-vindecarea-umbrei-galati-acces-online\/#primaryimage","url":"https:\/\/www.ovidiudragosargesanu.ro\/en\/wp-content\/uploads\/2025\/09\/Curs-premium-Vindecarea-umbrei-Galati-1.jpg","contentUrl":"https:\/\/www.ovidiudragosargesanu.ro\/en\/wp-content\/uploads\/2025\/09\/Curs-premium-Vindecarea-umbrei-Galati-1.jpg","width":600,"height":800,"caption":"Curs premium Vindecarea umbrei Gala\u021bi (1)"},{"@type":"BreadcrumbList","@id":"https:\/\/www.ovidiudragosargesanu.ro\/en\/shop\/cursuri-premium\/vindecarea-umbrei\/curs-vindecarea-umbrei-galati-acces-online\/#breadcrumb","itemListElement":[{"@type":"ListItem","position":1,"name":"Prima pagin\u0103","item":"https:\/\/www.ovidiudragosargesanu.ro\/en\/"},{"@type":"ListItem","position":2,"name":"Shop","item":"https:\/\/www.ovidiudragosargesanu.ro\/en\/shop\/"},{"@type":"ListItem","position":3,"name":"Curs Vindecarea umbrei &#8211; Galati &#8211; acces online"}]},{"@type":"WebSite","@id":"https:\/\/www.ovidiudragosargesanu.ro\/en\/#website","url":"https:\/\/www.ovidiudragosargesanu.ro\/en\/","name":"Ovidiu Drago\u0219 Arge\u0219anu","description":"","publisher":{"@id":"https:\/\/www.ovidiudragosargesanu.ro\/en\/#organization"},"potentialAction":[{"@type":"SearchAction","target":{"@type":"EntryPoint","urlTemplate":"https:\/\/www.ovidiudragosargesanu.ro\/en\/?s={search_term_string}"},"query-input":{"@type":"PropertyValueSpecification","valueRequired":true,"valueName":"search_term_string"}}],"inLanguage":"en-US"},{"@type":"Organization","@id":"https:\/\/www.ovidiudragosargesanu.ro\/en\/#organization","name":"Ovidiu Drago\u0219 Arge\u0219anu","url":"https:\/\/www.ovidiudragosargesanu.ro\/en\/","logo":{"@type":"ImageObject","inLanguage":"en-US","@id":"https:\/\/www.ovidiudragosargesanu.ro\/en\/#\/schema\/logo\/image\/","url":"https:\/\/www.ovidiudragosargesanu.ro\/en\/wp-content\/uploads\/2018\/03\/dragos-logo-lotus-black-400.svg","contentUrl":"https:\/\/www.ovidiudragosargesanu.ro\/en\/wp-content\/uploads\/2018\/03\/dragos-logo-lotus-black-400.svg","width":300,"height":150,"caption":"Ovidiu Drago\u0219 Arge\u0219anu"},"image":{"@id":"https:\/\/www.ovidiudragosargesanu.ro\/en\/#\/schema\/logo\/image\/"}}]}},"_links":{"self":[{"href":"https:\/\/www.ovidiudragosargesanu.ro\/en\/wp-json\/wp\/v2\/product\/60935","targetHints":{"allow":["GET"]}}],"collection":[{"href":"https:\/\/www.ovidiudragosargesanu.ro\/en\/wp-json\/wp\/v2\/product"}],"about":[{"href":"https:\/\/www.ovidiudragosargesanu.ro\/en\/wp-json\/wp\/v2\/types\/product"}],"version-history":[{"count":4,"href":"https:\/\/www.ovidiudragosargesanu.ro\/en\/wp-json\/wp\/v2\/product\/60935\/revisions"}],"predecessor-version":[{"id":66349,"href":"https:\/\/www.ovidiudragosargesanu.ro\/en\/wp-json\/wp\/v2\/product\/60935\/revisions\/66349"}],"wp:featuredmedia":[{"embeddable":true,"href":"https:\/\/www.ovidiudragosargesanu.ro\/en\/wp-json\/wp\/v2\/media\/66348"}],"wp:attachment":[{"href":"https:\/\/www.ovidiudragosargesanu.ro\/en\/wp-json\/wp\/v2\/media?parent=60935"}],"wp:term":[{"taxonomy":"product_brand","embeddable":true,"href":"https:\/\/www.ovidiudragosargesanu.ro\/en\/wp-json\/wp\/v2\/product_brand?post=60935"},{"taxonomy":"product_cat","embeddable":true,"href":"https:\/\/www.ovidiudragosargesanu.ro\/en\/wp-json\/wp\/v2\/product_cat?post=60935"},{"taxonomy":"product_tag","embeddable":true,"href":"https:\/\/www.ovidiudragosargesanu.ro\/en\/wp-json\/wp\/v2\/product_tag?post=60935"}],"curies":[{"name":"wp","href":"https:\/\/api.w.org\/{rel}","templated":true}]}}