{"id":60956,"date":"2025-09-08T14:49:27","date_gmt":"2025-09-08T11:49:27","guid":{"rendered":"https:\/\/www.ovidiudragosargesanu.ro\/shop\/fara-categorie\/curs-ordinul-lui-melchisedek-reverend-galati-acces-online\/"},"modified":"2025-10-06T13:57:38","modified_gmt":"2025-10-06T10:57:38","slug":"curs-ordinul-lui-melchisedek-reverend-galati-acces-online","status":"publish","type":"product","link":"https:\/\/www.ovidiudragosargesanu.ro\/en\/shop\/cursuri-premium\/supraconstiinta-cursuri-premium\/curs-ordinul-lui-melchisedek-reverend-galati-acces-online\/","title":{"rendered":"Curs Ordinul lui Melchisedek \u2013 Reverend &#8211; Galati &#8211; acces online"},"content":{"rendered":"<p><b>Curs: Ordinul lui Melchisedek \u2013 Reverend | Gala\u021bi | 2 octombrie 2025<\/b><\/p>\n<p><span style=\"font-weight: 400;\">Acest curs avansat este o ini\u021biere practic\u0103 \u0219i profund\u0103 \u00een Ordinul lui Melchisedek &#8211; Reverend, pentru cei care au parcurs deja Preo\u021bia lui Melchisedek \u0219i pentru cei care sunt preg\u0103ti\u021bi s\u0103 integreze o leg\u0103tur\u0103 permanent\u0103 cu <\/span><b>raza de sintez\u0103<\/b><span style=\"font-weight: 400;\"> a lui Melchisedek.<\/span><\/p>\n<p><b>Ce vei primi:<\/b><\/p>\n<ul>\n<li style=\"font-weight: 400;\">\n<h3><span style=\"font-weight: 400;\">Activarea leg\u0103turii permanente cu raza de sintez\u0103 a lui Melchisedek<\/span><\/h3>\n<\/li>\n<li style=\"font-weight: 400;\"><span style=\"font-weight: 400;\">Reconfigurarea ADN-ului astfel \u00eenc\u00e2t s\u0103 \u00ee\u021bi po\u021bi activa capacit\u0103\u021bile spirituale<\/span><\/li>\n<li style=\"font-weight: 400;\"><span style=\"font-weight: 400;\">Activarea \u00een matricea ta celular\u0103 originar\u0103 literele de foc din Torah<\/span><\/li>\n<li style=\"font-weight: 400;\"><span style=\"font-weight: 400;\">Cre\u0219terea puterii interiorare personale pe lumin\u0103<\/span><\/li>\n<li style=\"font-weight: 400;\"><span style=\"font-weight: 400;\">Cre\u0219terea puterii \u00eengerilor t\u0103i<\/span><\/li>\n<li style=\"font-weight: 400;\"><span style=\"font-weight: 400;\">Metode practice de a folosi \u00eengerii \u00een evolu\u021bia ta \u0219i \u00een ajutorarea celorlal\u021bi<\/span><\/li>\n<li style=\"font-weight: 400;\"><span style=\"font-weight: 400;\">Informa\u021bii despre glandele: pineal\u0103 \u0219i pituitar\u0103<\/span><\/li>\n<li style=\"font-weight: 400;\"><span style=\"font-weight: 400;\">Ata\u0219amentele<\/span><\/li>\n<li style=\"font-weight: 400;\"><span style=\"font-weight: 400;\">Cur\u0103\u021bare energetic\u0103 \u0219i cre\u0219terea num\u0103rului de ghizi<\/span><\/li>\n<\/ul>\n","protected":false},"excerpt":{"rendered":"<p><b>ACCES NELIMITAT!<\/b><\/p>\n<p><span style=\"font-weight: 400;\">Te invit s\u0103 vizionezi <\/span><b>cursul meu: <\/b><b><i>Ordinul lui Melchisedek &#8211; Reverend<\/i><\/b><span style=\"font-weight: 400;\">, din Gala\u021bi, 2 octombrie.<\/span><\/p>\n<p><b>Cum accesezi evenimentul t\u0103u online dup\u0103 achizi\u021bie:<\/b><\/p>\n<p>Imediat dup\u0103 finalizarea comenzii, vei primi automat un email care confirm\u0103 \u00eenscrierea ta la eveniment. Pentru a viziona evenimentul online:<\/p>\n<ol>\n<li aria-level=\"1\">Intr\u0103 pe site \u0219i acceseaz\u0103 butonul\u00a0<b>\u201eLogin\u201d<\/b>.<\/li>\n<li aria-level=\"1\">Mergi la sec\u021biunea\u00a0<b>\u201eCursuri \u00eenscrise\u201d<\/b>\u00a0\u0219i apas\u0103 pe butonul\u00a0<b>\u201e\u00cencepe s\u0103 \u00eenve\u021bi\u201d<\/b>\u00a0din dreptul evenimentului.<\/li>\n<\/ol>\n<p><b>Important:<\/b>\u00a0Dup\u0103 \u00eencheierea sesiunii live, evenimentul va fi \u00eenregistrat \u0219i \u00eenc\u0103rcat \u00een contul t\u0103u, \u00een aceea\u0219i sec\u021biune (<b>\u201eCursuri \u00eenscrise\u201d<\/b>). Procesul poate dura c\u00e2teva ore (timp necesar pentru desc\u0103rcare \u0219i \u00eenc\u0103rcare pe platform\u0103), a\u0219a c\u0103\u00a0<b>nu te \u00eengrijora dac\u0103 nu apare imediat<\/b>. \u00ce\u021bi r\u0103m\u00e2ne salvat \u0219i \u00eel po\u021bi viziona oric\u00e2nd dore\u0219ti, \u00een ritmul t\u0103u.<\/p>\n<p>M\u0103 bucur s\u0103 te am al\u0103turi la acest eveniment!<\/p>\n","protected":false},"featured_media":66353,"template":"","meta":{"inline_featured_image":false},"product_brand":[],"product_cat":[602,737],"product_tag":[],"class_list":{"0":"post-60956","1":"product","2":"type-product","3":"status-publish","4":"has-post-thumbnail","6":"product_cat-cursuri-premium","7":"product_cat-supraconstiinta-cursuri-premium","9":"first","10":"instock","11":"virtual","12":"sold-individually","13":"taxable","14":"purchasable","15":"product-type-simple"},"yoast_head":"<!-- This site is optimized with the Yoast SEO plugin v26.9 - https:\/\/yoast.com\/product\/yoast-seo-wordpress\/ -->\n<title>Curs Ordinul lui Melchisedek \u2013 Reverend - Galati - acces online - Ovidiu Drago\u0219 Arge\u0219anu<\/title>\n<meta name=\"robots\" content=\"noindex, follow, max-snippet:-1, max-image-preview:large, max-video-preview:-1\" \/>\n<meta property=\"og:locale\" content=\"en_US\" \/>\n<meta property=\"og:type\" content=\"article\" \/>\n<meta property=\"og:title\" content=\"Curs Ordinul lui Melchisedek \u2013 Reverend - Galati - acces online - Ovidiu Drago\u0219 Arge\u0219anu\" \/>\n<meta property=\"og:description\" content=\"ACCES NELIMITAT!  Te invit s\u0103 vizionezi cursul meu: Ordinul lui Melchisedek - Reverend, din Gala\u021bi, 2 octombrie.  Cum accesezi evenimentul t\u0103u online dup\u0103 achizi\u021bie:  Imediat dup\u0103 finalizarea comenzii, vei primi automat un email care confirm\u0103 \u00eenscrierea ta la eveniment. Pentru a viziona evenimentul online:   Intr\u0103 pe site \u0219i acceseaz\u0103 butonul\u00a0\u201eLogin\u201d.  Mergi la sec\u021biunea\u00a0\u201eCursuri \u00eenscrise\u201d\u00a0\u0219i apas\u0103 pe butonul\u00a0\u201e\u00cencepe s\u0103 \u00eenve\u021bi\u201d\u00a0din dreptul evenimentului.  Important:\u00a0Dup\u0103 \u00eencheierea sesiunii live, evenimentul va fi \u00eenregistrat \u0219i \u00eenc\u0103rcat \u00een contul t\u0103u, \u00een aceea\u0219i sec\u021biune (\u201eCursuri \u00eenscrise\u201d). Procesul poate dura c\u00e2teva ore (timp necesar pentru desc\u0103rcare \u0219i \u00eenc\u0103rcare pe platform\u0103), a\u0219a c\u0103\u00a0nu te \u00eengrijora dac\u0103 nu apare imediat. \u00ce\u021bi r\u0103m\u00e2ne salvat \u0219i \u00eel po\u021bi viziona oric\u00e2nd dore\u0219ti, \u00een ritmul t\u0103u.  M\u0103 bucur s\u0103 te am al\u0103turi la acest eveniment!\" \/>\n<meta property=\"og:url\" content=\"https:\/\/www.ovidiudragosargesanu.ro\/en\/shop\/cursuri-premium\/supraconstiinta-cursuri-premium\/curs-ordinul-lui-melchisedek-reverend-galati-acces-online\/\" \/>\n<meta property=\"og:site_name\" content=\"Ovidiu Drago\u0219 Arge\u0219anu\" \/>\n<meta property=\"article:modified_time\" content=\"2025-10-06T10:57:38+00:00\" \/>\n<meta property=\"og:image\" content=\"https:\/\/www.ovidiudragosargesanu.ro\/en\/wp-content\/uploads\/2025\/09\/Curs-premium-Ordinul-lui-Melchisedek-Reverend-Galati-1.jpg\" \/>\n\t<meta property=\"og:image:width\" content=\"600\" \/>\n\t<meta property=\"og:image:height\" content=\"800\" \/>\n\t<meta property=\"og:image:type\" content=\"image\/jpeg\" \/>\n<meta name=\"twitter:card\" content=\"summary_large_image\" \/>\n<meta name=\"twitter:label1\" content=\"Est. reading time\" \/>\n\t<meta name=\"twitter:data1\" content=\"1 minute\" \/>\n<script type=\"application\/ld+json\" class=\"yoast-schema-graph\">{\"@context\":\"https:\/\/schema.org\",\"@graph\":[{\"@type\":\"WebPage\",\"@id\":\"https:\/\/www.ovidiudragosargesanu.ro\/en\/shop\/cursuri-premium\/supraconstiinta-cursuri-premium\/curs-ordinul-lui-melchisedek-reverend-galati-acces-online\/\",\"url\":\"https:\/\/www.ovidiudragosargesanu.ro\/en\/shop\/cursuri-premium\/supraconstiinta-cursuri-premium\/curs-ordinul-lui-melchisedek-reverend-galati-acces-online\/\",\"name\":\"Curs Ordinul lui Melchisedek \u2013 Reverend - Galati - acces online - Ovidiu Drago\u0219 Arge\u0219anu\",\"isPartOf\":{\"@id\":\"https:\/\/www.ovidiudragosargesanu.ro\/en\/#website\"},\"primaryImageOfPage\":{\"@id\":\"https:\/\/www.ovidiudragosargesanu.ro\/en\/shop\/cursuri-premium\/supraconstiinta-cursuri-premium\/curs-ordinul-lui-melchisedek-reverend-galati-acces-online\/#primaryimage\"},\"image\":{\"@id\":\"https:\/\/www.ovidiudragosargesanu.ro\/en\/shop\/cursuri-premium\/supraconstiinta-cursuri-premium\/curs-ordinul-lui-melchisedek-reverend-galati-acces-online\/#primaryimage\"},\"thumbnailUrl\":\"https:\/\/www.ovidiudragosargesanu.ro\/en\/wp-content\/uploads\/2025\/09\/Curs-premium-Ordinul-lui-Melchisedek-Reverend-Galati-1.jpg\",\"datePublished\":\"2025-09-08T11:49:27+00:00\",\"dateModified\":\"2025-10-06T10:57:38+00:00\",\"breadcrumb\":{\"@id\":\"https:\/\/www.ovidiudragosargesanu.ro\/en\/shop\/cursuri-premium\/supraconstiinta-cursuri-premium\/curs-ordinul-lui-melchisedek-reverend-galati-acces-online\/#breadcrumb\"},\"inLanguage\":\"en-US\",\"potentialAction\":[{\"@type\":\"ReadAction\",\"target\":[\"https:\/\/www.ovidiudragosargesanu.ro\/en\/shop\/cursuri-premium\/supraconstiinta-cursuri-premium\/curs-ordinul-lui-melchisedek-reverend-galati-acces-online\/\"]}]},{\"@type\":\"ImageObject\",\"inLanguage\":\"en-US\",\"@id\":\"https:\/\/www.ovidiudragosargesanu.ro\/en\/shop\/cursuri-premium\/supraconstiinta-cursuri-premium\/curs-ordinul-lui-melchisedek-reverend-galati-acces-online\/#primaryimage\",\"url\":\"https:\/\/www.ovidiudragosargesanu.ro\/en\/wp-content\/uploads\/2025\/09\/Curs-premium-Ordinul-lui-Melchisedek-Reverend-Galati-1.jpg\",\"contentUrl\":\"https:\/\/www.ovidiudragosargesanu.ro\/en\/wp-content\/uploads\/2025\/09\/Curs-premium-Ordinul-lui-Melchisedek-Reverend-Galati-1.jpg\",\"width\":600,\"height\":800,\"caption\":\"Curs premium Ordinul lui Melchisedek-Reverend Gala\u021bi (1)\"},{\"@type\":\"BreadcrumbList\",\"@id\":\"https:\/\/www.ovidiudragosargesanu.ro\/en\/shop\/cursuri-premium\/supraconstiinta-cursuri-premium\/curs-ordinul-lui-melchisedek-reverend-galati-acces-online\/#breadcrumb\",\"itemListElement\":[{\"@type\":\"ListItem\",\"position\":1,\"name\":\"Prima pagin\u0103\",\"item\":\"https:\/\/www.ovidiudragosargesanu.ro\/en\/\"},{\"@type\":\"ListItem\",\"position\":2,\"name\":\"Shop\",\"item\":\"https:\/\/www.ovidiudragosargesanu.ro\/en\/shop\/\"},{\"@type\":\"ListItem\",\"position\":3,\"name\":\"Curs Ordinul lui Melchisedek \u2013 Reverend &#8211; Galati &#8211; acces online\"}]},{\"@type\":\"WebSite\",\"@id\":\"https:\/\/www.ovidiudragosargesanu.ro\/en\/#website\",\"url\":\"https:\/\/www.ovidiudragosargesanu.ro\/en\/\",\"name\":\"Ovidiu Drago\u0219 Arge\u0219anu\",\"description\":\"\",\"publisher\":{\"@id\":\"https:\/\/www.ovidiudragosargesanu.ro\/en\/#organization\"},\"potentialAction\":[{\"@type\":\"SearchAction\",\"target\":{\"@type\":\"EntryPoint\",\"urlTemplate\":\"https:\/\/www.ovidiudragosargesanu.ro\/en\/?s={search_term_string}\"},\"query-input\":{\"@type\":\"PropertyValueSpecification\",\"valueRequired\":true,\"valueName\":\"search_term_string\"}}],\"inLanguage\":\"en-US\"},{\"@type\":\"Organization\",\"@id\":\"https:\/\/www.ovidiudragosargesanu.ro\/en\/#organization\",\"name\":\"Ovidiu Drago\u0219 Arge\u0219anu\",\"url\":\"https:\/\/www.ovidiudragosargesanu.ro\/en\/\",\"logo\":{\"@type\":\"ImageObject\",\"inLanguage\":\"en-US\",\"@id\":\"https:\/\/www.ovidiudragosargesanu.ro\/en\/#\/schema\/logo\/image\/\",\"url\":\"https:\/\/www.ovidiudragosargesanu.ro\/en\/wp-content\/uploads\/2018\/03\/dragos-logo-lotus-black-400.svg\",\"contentUrl\":\"https:\/\/www.ovidiudragosargesanu.ro\/en\/wp-content\/uploads\/2018\/03\/dragos-logo-lotus-black-400.svg\",\"width\":300,\"height\":150,\"caption\":\"Ovidiu Drago\u0219 Arge\u0219anu\"},\"image\":{\"@id\":\"https:\/\/www.ovidiudragosargesanu.ro\/en\/#\/schema\/logo\/image\/\"}}]}<\/script>\n<!-- \/ Yoast SEO plugin. -->","yoast_head_json":{"title":"Curs Ordinul lui Melchisedek \u2013 Reverend - Galati - acces online - Ovidiu Drago\u0219 Arge\u0219anu","robots":{"index":"noindex","follow":"follow","max-snippet":"max-snippet:-1","max-image-preview":"max-image-preview:large","max-video-preview":"max-video-preview:-1"},"og_locale":"en_US","og_type":"article","og_title":"Curs Ordinul lui Melchisedek \u2013 Reverend - Galati - acces online - Ovidiu Drago\u0219 Arge\u0219anu","og_description":"ACCES NELIMITAT!  Te invit s\u0103 vizionezi cursul meu: Ordinul lui Melchisedek - Reverend, din Gala\u021bi, 2 octombrie.  Cum accesezi evenimentul t\u0103u online dup\u0103 achizi\u021bie:  Imediat dup\u0103 finalizarea comenzii, vei primi automat un email care confirm\u0103 \u00eenscrierea ta la eveniment. Pentru a viziona evenimentul online:   Intr\u0103 pe site \u0219i acceseaz\u0103 butonul\u00a0\u201eLogin\u201d.  Mergi la sec\u021biunea\u00a0\u201eCursuri \u00eenscrise\u201d\u00a0\u0219i apas\u0103 pe butonul\u00a0\u201e\u00cencepe s\u0103 \u00eenve\u021bi\u201d\u00a0din dreptul evenimentului.  Important:\u00a0Dup\u0103 \u00eencheierea sesiunii live, evenimentul va fi \u00eenregistrat \u0219i \u00eenc\u0103rcat \u00een contul t\u0103u, \u00een aceea\u0219i sec\u021biune (\u201eCursuri \u00eenscrise\u201d). Procesul poate dura c\u00e2teva ore (timp necesar pentru desc\u0103rcare \u0219i \u00eenc\u0103rcare pe platform\u0103), a\u0219a c\u0103\u00a0nu te \u00eengrijora dac\u0103 nu apare imediat. \u00ce\u021bi r\u0103m\u00e2ne salvat \u0219i \u00eel po\u021bi viziona oric\u00e2nd dore\u0219ti, \u00een ritmul t\u0103u.  M\u0103 bucur s\u0103 te am al\u0103turi la acest eveniment!","og_url":"https:\/\/www.ovidiudragosargesanu.ro\/en\/shop\/cursuri-premium\/supraconstiinta-cursuri-premium\/curs-ordinul-lui-melchisedek-reverend-galati-acces-online\/","og_site_name":"Ovidiu Drago\u0219 Arge\u0219anu","article_modified_time":"2025-10-06T10:57:38+00:00","og_image":[{"width":600,"height":800,"url":"https:\/\/www.ovidiudragosargesanu.ro\/en\/wp-content\/uploads\/2025\/09\/Curs-premium-Ordinul-lui-Melchisedek-Reverend-Galati-1.jpg","type":"image\/jpeg"}],"twitter_card":"summary_large_image","twitter_misc":{"Est. reading time":"1 minute"},"schema":{"@context":"https:\/\/schema.org","@graph":[{"@type":"WebPage","@id":"https:\/\/www.ovidiudragosargesanu.ro\/en\/shop\/cursuri-premium\/supraconstiinta-cursuri-premium\/curs-ordinul-lui-melchisedek-reverend-galati-acces-online\/","url":"https:\/\/www.ovidiudragosargesanu.ro\/en\/shop\/cursuri-premium\/supraconstiinta-cursuri-premium\/curs-ordinul-lui-melchisedek-reverend-galati-acces-online\/","name":"Curs Ordinul lui Melchisedek \u2013 Reverend - Galati - acces online - Ovidiu Drago\u0219 Arge\u0219anu","isPartOf":{"@id":"https:\/\/www.ovidiudragosargesanu.ro\/en\/#website"},"primaryImageOfPage":{"@id":"https:\/\/www.ovidiudragosargesanu.ro\/en\/shop\/cursuri-premium\/supraconstiinta-cursuri-premium\/curs-ordinul-lui-melchisedek-reverend-galati-acces-online\/#primaryimage"},"image":{"@id":"https:\/\/www.ovidiudragosargesanu.ro\/en\/shop\/cursuri-premium\/supraconstiinta-cursuri-premium\/curs-ordinul-lui-melchisedek-reverend-galati-acces-online\/#primaryimage"},"thumbnailUrl":"https:\/\/www.ovidiudragosargesanu.ro\/en\/wp-content\/uploads\/2025\/09\/Curs-premium-Ordinul-lui-Melchisedek-Reverend-Galati-1.jpg","datePublished":"2025-09-08T11:49:27+00:00","dateModified":"2025-10-06T10:57:38+00:00","breadcrumb":{"@id":"https:\/\/www.ovidiudragosargesanu.ro\/en\/shop\/cursuri-premium\/supraconstiinta-cursuri-premium\/curs-ordinul-lui-melchisedek-reverend-galati-acces-online\/#breadcrumb"},"inLanguage":"en-US","potentialAction":[{"@type":"ReadAction","target":["https:\/\/www.ovidiudragosargesanu.ro\/en\/shop\/cursuri-premium\/supraconstiinta-cursuri-premium\/curs-ordinul-lui-melchisedek-reverend-galati-acces-online\/"]}]},{"@type":"ImageObject","inLanguage":"en-US","@id":"https:\/\/www.ovidiudragosargesanu.ro\/en\/shop\/cursuri-premium\/supraconstiinta-cursuri-premium\/curs-ordinul-lui-melchisedek-reverend-galati-acces-online\/#primaryimage","url":"https:\/\/www.ovidiudragosargesanu.ro\/en\/wp-content\/uploads\/2025\/09\/Curs-premium-Ordinul-lui-Melchisedek-Reverend-Galati-1.jpg","contentUrl":"https:\/\/www.ovidiudragosargesanu.ro\/en\/wp-content\/uploads\/2025\/09\/Curs-premium-Ordinul-lui-Melchisedek-Reverend-Galati-1.jpg","width":600,"height":800,"caption":"Curs premium Ordinul lui Melchisedek-Reverend Gala\u021bi (1)"},{"@type":"BreadcrumbList","@id":"https:\/\/www.ovidiudragosargesanu.ro\/en\/shop\/cursuri-premium\/supraconstiinta-cursuri-premium\/curs-ordinul-lui-melchisedek-reverend-galati-acces-online\/#breadcrumb","itemListElement":[{"@type":"ListItem","position":1,"name":"Prima pagin\u0103","item":"https:\/\/www.ovidiudragosargesanu.ro\/en\/"},{"@type":"ListItem","position":2,"name":"Shop","item":"https:\/\/www.ovidiudragosargesanu.ro\/en\/shop\/"},{"@type":"ListItem","position":3,"name":"Curs Ordinul lui Melchisedek \u2013 Reverend &#8211; Galati &#8211; acces online"}]},{"@type":"WebSite","@id":"https:\/\/www.ovidiudragosargesanu.ro\/en\/#website","url":"https:\/\/www.ovidiudragosargesanu.ro\/en\/","name":"Ovidiu Drago\u0219 Arge\u0219anu","description":"","publisher":{"@id":"https:\/\/www.ovidiudragosargesanu.ro\/en\/#organization"},"potentialAction":[{"@type":"SearchAction","target":{"@type":"EntryPoint","urlTemplate":"https:\/\/www.ovidiudragosargesanu.ro\/en\/?s={search_term_string}"},"query-input":{"@type":"PropertyValueSpecification","valueRequired":true,"valueName":"search_term_string"}}],"inLanguage":"en-US"},{"@type":"Organization","@id":"https:\/\/www.ovidiudragosargesanu.ro\/en\/#organization","name":"Ovidiu Drago\u0219 Arge\u0219anu","url":"https:\/\/www.ovidiudragosargesanu.ro\/en\/","logo":{"@type":"ImageObject","inLanguage":"en-US","@id":"https:\/\/www.ovidiudragosargesanu.ro\/en\/#\/schema\/logo\/image\/","url":"https:\/\/www.ovidiudragosargesanu.ro\/en\/wp-content\/uploads\/2018\/03\/dragos-logo-lotus-black-400.svg","contentUrl":"https:\/\/www.ovidiudragosargesanu.ro\/en\/wp-content\/uploads\/2018\/03\/dragos-logo-lotus-black-400.svg","width":300,"height":150,"caption":"Ovidiu Drago\u0219 Arge\u0219anu"},"image":{"@id":"https:\/\/www.ovidiudragosargesanu.ro\/en\/#\/schema\/logo\/image\/"}}]}},"_links":{"self":[{"href":"https:\/\/www.ovidiudragosargesanu.ro\/en\/wp-json\/wp\/v2\/product\/60956","targetHints":{"allow":["GET"]}}],"collection":[{"href":"https:\/\/www.ovidiudragosargesanu.ro\/en\/wp-json\/wp\/v2\/product"}],"about":[{"href":"https:\/\/www.ovidiudragosargesanu.ro\/en\/wp-json\/wp\/v2\/types\/product"}],"version-history":[{"count":5,"href":"https:\/\/www.ovidiudragosargesanu.ro\/en\/wp-json\/wp\/v2\/product\/60956\/revisions"}],"predecessor-version":[{"id":66355,"href":"https:\/\/www.ovidiudragosargesanu.ro\/en\/wp-json\/wp\/v2\/product\/60956\/revisions\/66355"}],"wp:featuredmedia":[{"embeddable":true,"href":"https:\/\/www.ovidiudragosargesanu.ro\/en\/wp-json\/wp\/v2\/media\/66353"}],"wp:attachment":[{"href":"https:\/\/www.ovidiudragosargesanu.ro\/en\/wp-json\/wp\/v2\/media?parent=60956"}],"wp:term":[{"taxonomy":"product_brand","embeddable":true,"href":"https:\/\/www.ovidiudragosargesanu.ro\/en\/wp-json\/wp\/v2\/product_brand?post=60956"},{"taxonomy":"product_cat","embeddable":true,"href":"https:\/\/www.ovidiudragosargesanu.ro\/en\/wp-json\/wp\/v2\/product_cat?post=60956"},{"taxonomy":"product_tag","embeddable":true,"href":"https:\/\/www.ovidiudragosargesanu.ro\/en\/wp-json\/wp\/v2\/product_tag?post=60956"}],"curies":[{"name":"wp","href":"https:\/\/api.w.org\/{rel}","templated":true}]}}