{"id":63091,"date":"2025-09-21T15:24:05","date_gmt":"2025-09-21T12:24:05","guid":{"rendered":"https:\/\/www.ovidiudragosargesanu.ro\/shop\/fara-categorie\/curs-legatura-dintre-sexualitate-sine-suflet-si-supraconstiinta-arad-acces-online\/"},"modified":"2025-10-07T11:27:51","modified_gmt":"2025-10-07T08:27:51","slug":"curs-legatura-dintre-sexualitate-sine-suflet-si-supraconstiinta-arad-acces-online","status":"publish","type":"product","link":"https:\/\/www.ovidiudragosargesanu.ro\/en\/shop\/evenimente-live-online\/curs-legatura-dintre-sexualitate-sine-suflet-si-supraconstiinta-arad-acces-online\/","title":{"rendered":"Curs Legatura dintre Sexualitate, Sine, Suflet si Supraconstiinta &#8211; Arad &#8211; acces online"},"content":{"rendered":"<p><b>\ud83c\udf1f Curs: \u201eLeg\u0103tura dintre Sexualitate, Sine, Suflet \u0219i Supracon\u0219tiin\u021b\u0103\u201d \ud83c\udf1f<\/b><\/p>\n<p><span style=\"font-weight: 400;\">\ud83d\udccd <\/span><b>ARAD <\/b><span style=\"font-weight: 400;\">\u2013 Hotel Continental Forum<\/span><\/p>\n<p><b>\ud83d\udcc5 Miercuri, 15 octombrie | \ud83d\udd61 Ora: 18:30<\/b><\/p>\n<p><span style=\"font-weight: 400;\">\ud83d\udcbb <\/span><i><span style=\"font-weight: 400;\">\u00cen sal\u0103 &amp;\u00a0 Live-Online<\/span><\/i><b><br \/>\n<\/b><b><br \/>\n<\/b><span style=\"font-weight: 400;\">Te invit la un eveniment profund \u0219i transforma\u021bional, \u00een care vei explora leg\u0103tura subtil\u0103, dar esen\u021bial\u0103, dintre sexualitate, identitatea interioar\u0103, vocea sufletului \u0219i nivelurile extinse ale con\u0219tiin\u021bei.<\/span><\/p>\n<p><span style=\"font-weight: 400;\">Acest curs deschide spa\u021biul pentru \u00een\u021belegerea principiilor universale care guverneaz\u0103 via\u021ba \u0219i armonizarea cu ele \u00eentr-un mod con\u0219tient \u0219i autentic.<\/span><\/p>\n<p><b>\ud83c\udf00 PUNCTE ESEN\u021aIALE ABORDATE:<\/b><\/p>\n<p><span style=\"font-weight: 400;\">\ud83d\udd39 Ce sunt Principiile Divine<\/span><\/p>\n<p><span style=\"font-weight: 400;\">\ud83d\udd39 Rolul lor \u00een via\u021ba noastr\u0103\u00a0<\/span><\/p>\n<p><span style=\"font-weight: 400;\">\ud83d\udd39 Modalit\u0103\u021bi de a te \u00eemp\u0103ca cu Principiile Divine \u2013 dincolo de iertare<\/span><\/p>\n<p><span style=\"font-weight: 400;\">\ud83d\udd39 M\u0103iestriile sistemelor Reiki, Karuna, Shamballa &#8211; asumarea, responsabilitate \u0219i beneficii<\/span><\/p>\n<p><span style=\"font-weight: 400;\">\ud83d\udd39 Cum po\u021bi afla misiunea ta principal\u0103 \u0219i secundar\u0103 \u00een aceast\u0103 via\u021b\u0103\u00a0<\/span><\/p>\n<p><b>Acest curs este pentru tine dac\u0103:<\/b><b><br \/>\n<\/b><span style=\"font-weight: 400;\"> \u2714 sim\u021bi nevoia unei reconcilieri \u00eentre latura ta spiritual\u0103 \u0219i sexual\u0103<\/span><span style=\"font-weight: 400;\"><br \/>\n<\/span><span style=\"font-weight: 400;\"> \u2714 cau\u021bi \u00een\u021belesuri mai profunde despre via\u021b\u0103, suflet \u0219i misiunea ta<\/span><span style=\"font-weight: 400;\"><br \/>\n<\/span><span style=\"font-weight: 400;\"> \u2714 dore\u0219ti s\u0103 \u00een\u021belegi principiile divine <\/span><span style=\"font-weight: 400;\"><br \/>\n<\/span><span style=\"font-weight: 400;\"> \u2714 sim\u021bi c\u0103 e timpul s\u0103-\u021bi asumi rolul de creator con\u0219tient al propriei vie\u021bi<\/span><\/p>\n<p><b>\ud83d\udcd8 PROGRAMUL COMPLET \u2013 15 &amp; 16 OCTOMBRIE, ARAD<\/b><\/p>\n<p><b>\ud83d\udcc5 Miercuri, 15 octombrie<\/b><\/p>\n<p><span style=\"font-weight: 400;\">\ud83d\udd39 09:00 \u2013 16:30 \u2013 Consulta\u021bii individuale \u0219i terapie (cu programare)<\/span><\/p>\n<p><span style=\"font-weight: 400;\">\ud83d\udd39 17:00 \u2013 Ini\u021bieri energetice \u00een sistemele: Reiki Usui, Karuna, Melchisedek, Shamballa<\/span><\/p>\n<p><span style=\"font-weight: 400;\">\ud83d\udd39 17:30 \u2013 <\/span><a href=\"https:\/\/www.ovidiudragosargesanu.ro\/cursuri\/lansare-carte-despre-sexualitate-intrebari-si-raspunsuri-arad-acces-online\/\"><b>Lansare de carte: \u201eDespre SEXUALITATE. \u00centreb\u0103ri \u0219i r\u0103spunsuri\u201d<\/b><\/a><\/p>\n<p><span style=\"font-weight: 400;\">\ud83d\udd39 18:00 \u2013 <\/span><a href=\"https:\/\/www.ovidiudragosargesanu.ro\/shop\/evenimente-live-online\/curs-legatura-dintre-sexualitate-sine-suflet-si-supraconstiinta-arad-acces-online\/\"><b>Curs: \u201eLeg\u0103tura dintre Sexualitate, Sine, Suflet \u0219i Supracon\u0219tiin\u021b\u0103\u201d<\/b><\/a><\/p>\n<p><b>\ud83d\udcc5 Joi, 16 octombrie<\/b><\/p>\n<p><span style=\"font-weight: 400;\">\ud83d\udd39 09:00 \u2013 16:30 \u2013 Consulta\u021bii individuale, terapii \u0219i ini\u021bieri Reiki Usui, Karuna, Melchisedek (cu programare)<\/span><\/p>\n<p><span style=\"font-weight: 400;\">\ud83d\udcde \u00censcrieri \u00een sal\u0103 &amp; program\u0103ri: <\/span><b>0745.317.582<\/b><\/p>\n<p><span style=\"font-weight: 400;\">\ud83d\udcab Energia ta sexual\u0103 este for\u021ba creatoare cu care ai venit pe P\u0103m\u00e2nt. Atunci c\u00e2nd o \u00een\u021belegi, o vindeci \u0219i o aliniezi cu sufletul t\u0103u \u0219i cu con\u0219tiin\u021ba superioar\u0103, devii un canal pur de manifestare \u0219i lumin\u0103.<\/span><\/p>\n<p><span style=\"font-weight: 400;\">Te a\u0219tept s\u0103 p\u0103trundem \u00eempreun\u0103 \u00een spa\u021biul profund al reconect\u0103rii cu ceea ce e\u0219ti cu adev\u0103rat.<\/span><\/p>\n","protected":false},"excerpt":{"rendered":"<p><b>LOCURI NELIMITATE!<\/b><\/p>\n<p><b>\u00a0Curs: \u201eLeg\u0103tura dintre Sexualitate, Sine, Suflet \u0219i Supracon\u0219tiin\u021b\u0103\u201d<\/b><span style=\"font-weight: 400;\"> \u00een Arad, 15 octombrie 2025 \u00eencep\u00e2nd cu ora 18:30.<\/span><\/p>\n<p>\ud83d\udccdLoca\u021bie: Bulevardul Revolu\u021biei 79-81, Hotel Continental Forum, Arad<\/p>\n<p><span style=\"font-weight: 400;\">Pentru program\u0103ri, informa\u021bii \u0219i participare \u00ceN SAL\u0102: <\/span><b>0745.317.582<\/b><\/p>\n<p><span style=\"font-weight: 400;\">M\u0103 bucur s\u0103 te am al\u0103turi la acest eveniment!<\/span><\/p>\n","protected":false},"featured_media":63100,"template":"","meta":{"inline_featured_image":false},"product_brand":[],"product_cat":[756],"product_tag":[],"class_list":{"0":"post-63091","1":"product","2":"type-product","3":"status-publish","4":"has-post-thumbnail","6":"product_cat-evenimente-live-online","8":"first","9":"instock","10":"virtual","11":"sold-individually","12":"taxable","13":"purchasable","14":"product-type-simple"},"yoast_head":"<!-- This site is optimized with the Yoast SEO plugin v26.9 - https:\/\/yoast.com\/product\/yoast-seo-wordpress\/ -->\n<title>Curs Legatura dintre Sexualitate, Sine, Suflet si Supraconstiinta - Arad - acces online - Ovidiu Drago\u0219 Arge\u0219anu<\/title>\n<meta name=\"robots\" content=\"noindex, follow, max-snippet:-1, max-image-preview:large, max-video-preview:-1\" \/>\n<meta property=\"og:locale\" content=\"en_US\" \/>\n<meta property=\"og:type\" content=\"article\" \/>\n<meta property=\"og:title\" content=\"Curs Legatura dintre Sexualitate, Sine, Suflet si Supraconstiinta - Arad - acces online - Ovidiu Drago\u0219 Arge\u0219anu\" \/>\n<meta property=\"og:description\" content=\"LOCURI NELIMITATE!  \u00a0Curs: \u201eLeg\u0103tura dintre Sexualitate, Sine, Suflet \u0219i Supracon\u0219tiin\u021b\u0103\u201d \u00een Arad, 15 octombrie 2025 \u00eencep\u00e2nd cu ora 18:30.  \ud83d\udccdLoca\u021bie: Bulevardul Revolu\u021biei 79-81, Hotel Continental Forum, Arad  Pentru program\u0103ri, informa\u021bii \u0219i participare \u00ceN SAL\u0102: 0745.317.582  M\u0103 bucur s\u0103 te am al\u0103turi la acest eveniment!\" \/>\n<meta property=\"og:url\" content=\"https:\/\/www.ovidiudragosargesanu.ro\/en\/shop\/evenimente-live-online\/curs-legatura-dintre-sexualitate-sine-suflet-si-supraconstiinta-arad-acces-online\/\" \/>\n<meta property=\"og:site_name\" content=\"Ovidiu Drago\u0219 Arge\u0219anu\" \/>\n<meta property=\"article:modified_time\" content=\"2025-10-07T08:27:51+00:00\" \/>\n<meta property=\"og:image\" content=\"https:\/\/www.ovidiudragosargesanu.ro\/en\/wp-content\/uploads\/2025\/09\/curs-arad-600-x-800-px.png\" \/>\n\t<meta property=\"og:image:width\" content=\"600\" \/>\n\t<meta property=\"og:image:height\" content=\"800\" \/>\n\t<meta property=\"og:image:type\" content=\"image\/png\" \/>\n<meta name=\"twitter:card\" content=\"summary_large_image\" \/>\n<meta name=\"twitter:label1\" content=\"Est. reading time\" \/>\n\t<meta name=\"twitter:data1\" content=\"2 minutes\" \/>\n<script type=\"application\/ld+json\" class=\"yoast-schema-graph\">{\"@context\":\"https:\/\/schema.org\",\"@graph\":[{\"@type\":\"WebPage\",\"@id\":\"https:\/\/www.ovidiudragosargesanu.ro\/en\/shop\/evenimente-live-online\/curs-legatura-dintre-sexualitate-sine-suflet-si-supraconstiinta-arad-acces-online\/\",\"url\":\"https:\/\/www.ovidiudragosargesanu.ro\/en\/shop\/evenimente-live-online\/curs-legatura-dintre-sexualitate-sine-suflet-si-supraconstiinta-arad-acces-online\/\",\"name\":\"Curs Legatura dintre Sexualitate, Sine, Suflet si Supraconstiinta - Arad - acces online - Ovidiu Drago\u0219 Arge\u0219anu\",\"isPartOf\":{\"@id\":\"https:\/\/www.ovidiudragosargesanu.ro\/en\/#website\"},\"primaryImageOfPage\":{\"@id\":\"https:\/\/www.ovidiudragosargesanu.ro\/en\/shop\/evenimente-live-online\/curs-legatura-dintre-sexualitate-sine-suflet-si-supraconstiinta-arad-acces-online\/#primaryimage\"},\"image\":{\"@id\":\"https:\/\/www.ovidiudragosargesanu.ro\/en\/shop\/evenimente-live-online\/curs-legatura-dintre-sexualitate-sine-suflet-si-supraconstiinta-arad-acces-online\/#primaryimage\"},\"thumbnailUrl\":\"https:\/\/www.ovidiudragosargesanu.ro\/en\/wp-content\/uploads\/2025\/09\/curs-arad-600-x-800-px.png\",\"datePublished\":\"2025-09-21T12:24:05+00:00\",\"dateModified\":\"2025-10-07T08:27:51+00:00\",\"breadcrumb\":{\"@id\":\"https:\/\/www.ovidiudragosargesanu.ro\/en\/shop\/evenimente-live-online\/curs-legatura-dintre-sexualitate-sine-suflet-si-supraconstiinta-arad-acces-online\/#breadcrumb\"},\"inLanguage\":\"en-US\",\"potentialAction\":[{\"@type\":\"ReadAction\",\"target\":[\"https:\/\/www.ovidiudragosargesanu.ro\/en\/shop\/evenimente-live-online\/curs-legatura-dintre-sexualitate-sine-suflet-si-supraconstiinta-arad-acces-online\/\"]}]},{\"@type\":\"ImageObject\",\"inLanguage\":\"en-US\",\"@id\":\"https:\/\/www.ovidiudragosargesanu.ro\/en\/shop\/evenimente-live-online\/curs-legatura-dintre-sexualitate-sine-suflet-si-supraconstiinta-arad-acces-online\/#primaryimage\",\"url\":\"https:\/\/www.ovidiudragosargesanu.ro\/en\/wp-content\/uploads\/2025\/09\/curs-arad-600-x-800-px.png\",\"contentUrl\":\"https:\/\/www.ovidiudragosargesanu.ro\/en\/wp-content\/uploads\/2025\/09\/curs-arad-600-x-800-px.png\",\"width\":600,\"height\":800,\"caption\":\"curs arad 600 x 800 px)\"},{\"@type\":\"BreadcrumbList\",\"@id\":\"https:\/\/www.ovidiudragosargesanu.ro\/en\/shop\/evenimente-live-online\/curs-legatura-dintre-sexualitate-sine-suflet-si-supraconstiinta-arad-acces-online\/#breadcrumb\",\"itemListElement\":[{\"@type\":\"ListItem\",\"position\":1,\"name\":\"Prima pagin\u0103\",\"item\":\"https:\/\/www.ovidiudragosargesanu.ro\/en\/\"},{\"@type\":\"ListItem\",\"position\":2,\"name\":\"Shop\",\"item\":\"https:\/\/www.ovidiudragosargesanu.ro\/en\/shop\/\"},{\"@type\":\"ListItem\",\"position\":3,\"name\":\"Curs Legatura dintre Sexualitate, Sine, Suflet si Supraconstiinta &#8211; Arad &#8211; acces online\"}]},{\"@type\":\"WebSite\",\"@id\":\"https:\/\/www.ovidiudragosargesanu.ro\/en\/#website\",\"url\":\"https:\/\/www.ovidiudragosargesanu.ro\/en\/\",\"name\":\"Ovidiu Drago\u0219 Arge\u0219anu\",\"description\":\"\",\"publisher\":{\"@id\":\"https:\/\/www.ovidiudragosargesanu.ro\/en\/#organization\"},\"potentialAction\":[{\"@type\":\"SearchAction\",\"target\":{\"@type\":\"EntryPoint\",\"urlTemplate\":\"https:\/\/www.ovidiudragosargesanu.ro\/en\/?s={search_term_string}\"},\"query-input\":{\"@type\":\"PropertyValueSpecification\",\"valueRequired\":true,\"valueName\":\"search_term_string\"}}],\"inLanguage\":\"en-US\"},{\"@type\":\"Organization\",\"@id\":\"https:\/\/www.ovidiudragosargesanu.ro\/en\/#organization\",\"name\":\"Ovidiu Drago\u0219 Arge\u0219anu\",\"url\":\"https:\/\/www.ovidiudragosargesanu.ro\/en\/\",\"logo\":{\"@type\":\"ImageObject\",\"inLanguage\":\"en-US\",\"@id\":\"https:\/\/www.ovidiudragosargesanu.ro\/en\/#\/schema\/logo\/image\/\",\"url\":\"https:\/\/www.ovidiudragosargesanu.ro\/en\/wp-content\/uploads\/2018\/03\/dragos-logo-lotus-black-400.svg\",\"contentUrl\":\"https:\/\/www.ovidiudragosargesanu.ro\/en\/wp-content\/uploads\/2018\/03\/dragos-logo-lotus-black-400.svg\",\"width\":300,\"height\":150,\"caption\":\"Ovidiu Drago\u0219 Arge\u0219anu\"},\"image\":{\"@id\":\"https:\/\/www.ovidiudragosargesanu.ro\/en\/#\/schema\/logo\/image\/\"}}]}<\/script>\n<!-- \/ Yoast SEO plugin. -->","yoast_head_json":{"title":"Curs Legatura dintre Sexualitate, Sine, Suflet si Supraconstiinta - Arad - acces online - Ovidiu Drago\u0219 Arge\u0219anu","robots":{"index":"noindex","follow":"follow","max-snippet":"max-snippet:-1","max-image-preview":"max-image-preview:large","max-video-preview":"max-video-preview:-1"},"og_locale":"en_US","og_type":"article","og_title":"Curs Legatura dintre Sexualitate, Sine, Suflet si Supraconstiinta - Arad - acces online - Ovidiu Drago\u0219 Arge\u0219anu","og_description":"LOCURI NELIMITATE!  \u00a0Curs: \u201eLeg\u0103tura dintre Sexualitate, Sine, Suflet \u0219i Supracon\u0219tiin\u021b\u0103\u201d \u00een Arad, 15 octombrie 2025 \u00eencep\u00e2nd cu ora 18:30.  \ud83d\udccdLoca\u021bie: Bulevardul Revolu\u021biei 79-81, Hotel Continental Forum, Arad  Pentru program\u0103ri, informa\u021bii \u0219i participare \u00ceN SAL\u0102: 0745.317.582  M\u0103 bucur s\u0103 te am al\u0103turi la acest eveniment!","og_url":"https:\/\/www.ovidiudragosargesanu.ro\/en\/shop\/evenimente-live-online\/curs-legatura-dintre-sexualitate-sine-suflet-si-supraconstiinta-arad-acces-online\/","og_site_name":"Ovidiu Drago\u0219 Arge\u0219anu","article_modified_time":"2025-10-07T08:27:51+00:00","og_image":[{"width":600,"height":800,"url":"https:\/\/www.ovidiudragosargesanu.ro\/en\/wp-content\/uploads\/2025\/09\/curs-arad-600-x-800-px.png","type":"image\/png"}],"twitter_card":"summary_large_image","twitter_misc":{"Est. reading time":"2 minutes"},"schema":{"@context":"https:\/\/schema.org","@graph":[{"@type":"WebPage","@id":"https:\/\/www.ovidiudragosargesanu.ro\/en\/shop\/evenimente-live-online\/curs-legatura-dintre-sexualitate-sine-suflet-si-supraconstiinta-arad-acces-online\/","url":"https:\/\/www.ovidiudragosargesanu.ro\/en\/shop\/evenimente-live-online\/curs-legatura-dintre-sexualitate-sine-suflet-si-supraconstiinta-arad-acces-online\/","name":"Curs Legatura dintre Sexualitate, Sine, Suflet si Supraconstiinta - Arad - acces online - Ovidiu Drago\u0219 Arge\u0219anu","isPartOf":{"@id":"https:\/\/www.ovidiudragosargesanu.ro\/en\/#website"},"primaryImageOfPage":{"@id":"https:\/\/www.ovidiudragosargesanu.ro\/en\/shop\/evenimente-live-online\/curs-legatura-dintre-sexualitate-sine-suflet-si-supraconstiinta-arad-acces-online\/#primaryimage"},"image":{"@id":"https:\/\/www.ovidiudragosargesanu.ro\/en\/shop\/evenimente-live-online\/curs-legatura-dintre-sexualitate-sine-suflet-si-supraconstiinta-arad-acces-online\/#primaryimage"},"thumbnailUrl":"https:\/\/www.ovidiudragosargesanu.ro\/en\/wp-content\/uploads\/2025\/09\/curs-arad-600-x-800-px.png","datePublished":"2025-09-21T12:24:05+00:00","dateModified":"2025-10-07T08:27:51+00:00","breadcrumb":{"@id":"https:\/\/www.ovidiudragosargesanu.ro\/en\/shop\/evenimente-live-online\/curs-legatura-dintre-sexualitate-sine-suflet-si-supraconstiinta-arad-acces-online\/#breadcrumb"},"inLanguage":"en-US","potentialAction":[{"@type":"ReadAction","target":["https:\/\/www.ovidiudragosargesanu.ro\/en\/shop\/evenimente-live-online\/curs-legatura-dintre-sexualitate-sine-suflet-si-supraconstiinta-arad-acces-online\/"]}]},{"@type":"ImageObject","inLanguage":"en-US","@id":"https:\/\/www.ovidiudragosargesanu.ro\/en\/shop\/evenimente-live-online\/curs-legatura-dintre-sexualitate-sine-suflet-si-supraconstiinta-arad-acces-online\/#primaryimage","url":"https:\/\/www.ovidiudragosargesanu.ro\/en\/wp-content\/uploads\/2025\/09\/curs-arad-600-x-800-px.png","contentUrl":"https:\/\/www.ovidiudragosargesanu.ro\/en\/wp-content\/uploads\/2025\/09\/curs-arad-600-x-800-px.png","width":600,"height":800,"caption":"curs arad 600 x 800 px)"},{"@type":"BreadcrumbList","@id":"https:\/\/www.ovidiudragosargesanu.ro\/en\/shop\/evenimente-live-online\/curs-legatura-dintre-sexualitate-sine-suflet-si-supraconstiinta-arad-acces-online\/#breadcrumb","itemListElement":[{"@type":"ListItem","position":1,"name":"Prima pagin\u0103","item":"https:\/\/www.ovidiudragosargesanu.ro\/en\/"},{"@type":"ListItem","position":2,"name":"Shop","item":"https:\/\/www.ovidiudragosargesanu.ro\/en\/shop\/"},{"@type":"ListItem","position":3,"name":"Curs Legatura dintre Sexualitate, Sine, Suflet si Supraconstiinta &#8211; Arad &#8211; acces online"}]},{"@type":"WebSite","@id":"https:\/\/www.ovidiudragosargesanu.ro\/en\/#website","url":"https:\/\/www.ovidiudragosargesanu.ro\/en\/","name":"Ovidiu Drago\u0219 Arge\u0219anu","description":"","publisher":{"@id":"https:\/\/www.ovidiudragosargesanu.ro\/en\/#organization"},"potentialAction":[{"@type":"SearchAction","target":{"@type":"EntryPoint","urlTemplate":"https:\/\/www.ovidiudragosargesanu.ro\/en\/?s={search_term_string}"},"query-input":{"@type":"PropertyValueSpecification","valueRequired":true,"valueName":"search_term_string"}}],"inLanguage":"en-US"},{"@type":"Organization","@id":"https:\/\/www.ovidiudragosargesanu.ro\/en\/#organization","name":"Ovidiu Drago\u0219 Arge\u0219anu","url":"https:\/\/www.ovidiudragosargesanu.ro\/en\/","logo":{"@type":"ImageObject","inLanguage":"en-US","@id":"https:\/\/www.ovidiudragosargesanu.ro\/en\/#\/schema\/logo\/image\/","url":"https:\/\/www.ovidiudragosargesanu.ro\/en\/wp-content\/uploads\/2018\/03\/dragos-logo-lotus-black-400.svg","contentUrl":"https:\/\/www.ovidiudragosargesanu.ro\/en\/wp-content\/uploads\/2018\/03\/dragos-logo-lotus-black-400.svg","width":300,"height":150,"caption":"Ovidiu Drago\u0219 Arge\u0219anu"},"image":{"@id":"https:\/\/www.ovidiudragosargesanu.ro\/en\/#\/schema\/logo\/image\/"}}]}},"_links":{"self":[{"href":"https:\/\/www.ovidiudragosargesanu.ro\/en\/wp-json\/wp\/v2\/product\/63091","targetHints":{"allow":["GET"]}}],"collection":[{"href":"https:\/\/www.ovidiudragosargesanu.ro\/en\/wp-json\/wp\/v2\/product"}],"about":[{"href":"https:\/\/www.ovidiudragosargesanu.ro\/en\/wp-json\/wp\/v2\/types\/product"}],"version-history":[{"count":8,"href":"https:\/\/www.ovidiudragosargesanu.ro\/en\/wp-json\/wp\/v2\/product\/63091\/revisions"}],"predecessor-version":[{"id":66431,"href":"https:\/\/www.ovidiudragosargesanu.ro\/en\/wp-json\/wp\/v2\/product\/63091\/revisions\/66431"}],"wp:featuredmedia":[{"embeddable":true,"href":"https:\/\/www.ovidiudragosargesanu.ro\/en\/wp-json\/wp\/v2\/media\/63100"}],"wp:attachment":[{"href":"https:\/\/www.ovidiudragosargesanu.ro\/en\/wp-json\/wp\/v2\/media?parent=63091"}],"wp:term":[{"taxonomy":"product_brand","embeddable":true,"href":"https:\/\/www.ovidiudragosargesanu.ro\/en\/wp-json\/wp\/v2\/product_brand?post=63091"},{"taxonomy":"product_cat","embeddable":true,"href":"https:\/\/www.ovidiudragosargesanu.ro\/en\/wp-json\/wp\/v2\/product_cat?post=63091"},{"taxonomy":"product_tag","embeddable":true,"href":"https:\/\/www.ovidiudragosargesanu.ro\/en\/wp-json\/wp\/v2\/product_tag?post=63091"}],"curies":[{"name":"wp","href":"https:\/\/api.w.org\/{rel}","templated":true}]}}