{"id":63134,"date":"2025-09-21T16:08:48","date_gmt":"2025-09-21T13:08:48","guid":{"rendered":"https:\/\/www.ovidiudragosargesanu.ro\/shop\/fara-categorie\/curs-transformarea-energiilor-negative-si-a-blocajelor-ce-vin-asupra-noastra-in-scopul-realizarii-dorintelor-personale-prin-drept-divin-satu-mare-acces-online\/"},"modified":"2025-10-07T11:21:35","modified_gmt":"2025-10-07T08:21:35","slug":"curs-transformarea-energiilor-negative-si-a-blocajelor-ce-vin-asupra-noastra-in-scopul-realizarii-dorintelor-personale-prin-drept-divin-satu-mare-acces-online","status":"publish","type":"product","link":"https:\/\/www.ovidiudragosargesanu.ro\/en\/shop\/evenimente-live-online\/curs-transformarea-energiilor-negative-si-a-blocajelor-ce-vin-asupra-noastra-in-scopul-realizarii-dorintelor-personale-prin-drept-divin-satu-mare-acces-online\/","title":{"rendered":"Curs Transformarea energiilor negative si a blocajelor ce vin asupra noastra in scopul realizarii dorintelor personale prin drept divin &#8211; Satu Mare &#8211; acces online"},"content":{"rendered":"<p><b>\ud83c\udf1fSatu Mare \u2013 13 noiembrie 2025 \ud83c\udf1f<\/b><\/p>\n<p><b>Curs: \u201eTransformarea energiilor negative \u0219i a blocajelor ce vin asupra noastr\u0103 \u00een scopul realiz\u0103rii dorin\u021belor personale prin drept divin\u201d<\/b><\/p>\n<p><span style=\"font-weight: 400;\">Te invit la un eveniment de reconectare, eliberare \u0219i transformare, dedicat celor care simt c\u0103 sunt gata s\u0103 dep\u0103\u0219easc\u0103 limitele impuse de energiile negative, frici, ne\u00eencredere sau influen\u021be externe, \u0219i s\u0103-\u0219i acceseze dreptul divin la \u00eemplinirea personal\u0103.<\/span><\/p>\n<p><span style=\"font-weight: 400;\">Acest curs este mai mult dec\u00e2t o simpl\u0103 \u00eent\u00e2lnire \u2013 este o c\u0103l\u0103torie ini\u021biatic\u0103 \u00een care vei lucra energetic, mental \u0219i spiritual pentru dizolvarea blocajelor care te \u021bin departe de ceea ce meri\u021bi cu adev\u0103rat: iubire, abunden\u021b\u0103, lini\u0219te, \u00eemplinire.<\/span><\/p>\n<p><span style=\"font-weight: 400;\">\ud83d\udccc <\/span><b>Ce vei descoperi \u00een cadrul acestui curs?<\/b><\/p>\n<p><span style=\"font-weight: 400;\">\ud83d\udd39 Cum s\u0103 identifici \u0219i s\u0103 \u00een\u021belegi sursa energiilor negative care te afecteaz\u0103 (proprii sau preluate)<\/span><\/p>\n<p><span style=\"font-weight: 400;\">\ud83d\udd39 Tehnici de alchimie interioar\u0103 pentru a transforma negativul \u00een combustibil pentru evolu\u021bie<\/span><\/p>\n<p><span style=\"font-weight: 400;\">\ud83d\udd39 Metode de cur\u0103\u021bare energetic\u0103\u00a0<\/span><\/p>\n<p><span style=\"font-weight: 400;\">\ud83d\udd39 Contractelor karmice, programelor de autosabotaj \u0219i jur\u0103minte de s\u0103r\u0103cie, castitate \u0219i obedien\u021b\u0103<\/span><\/p>\n<p><span style=\"font-weight: 400;\">\ud83d\udd39 Activarea dreptului divin \u0219i manifestarea \u2013 cum s\u0103-\u021bi activezi puterea interioar\u0103 \u0219i s\u0103 creezi con\u0219tient via\u021ba pe care o dore\u0219ti<\/span><\/p>\n<p><span style=\"font-weight: 400;\">\ud83d\udd39 Cum s\u0103-\u021bi aliniezi dorin\u021bele cu voin\u021ba divin\u0103 \u0219i s\u0103 le manife\u0219ti \u00een armonie cu misiunea ta personal\u0103<\/span><\/p>\n<p><b>PROGRAMUL COMPLET \u2013 12 &amp; 13 noiembrie<\/b><\/p>\n<p><b>\ud83d\udcc5 Miercuri, 12 noiembrie<\/b><\/p>\n<p><span style=\"font-weight: 400;\">\ud83d\udd39 09:00 \u2013 17:00 \u2013 Consulta\u021bii individuale \u0219i terapie (cu programare)<\/span><\/p>\n<p><span style=\"font-weight: 400;\">\ud83d\udd39 17:30 \u2013 Ini\u021bieri energetice \u00een sistemele: Reiki Usui, Karuna, Melchisedek, Shamballa etc<\/span><\/p>\n<p><span style=\"font-weight: 400;\">\ud83d\udd39 18:00 \u2013 <\/span><a href=\"https:\/\/www.ovidiudragosargesanu.ro\/shop\/evenimente-live-online\/curs-bani-aur-aur-spiritual-obtinere-evolutie-transformare-satu-mare-acces-online\/\"><b>Curs ,,Bani. Aur. Aur spiritual &#8211; Ob\u021binere. Evolu\u021bie. Transformare\u201d<\/b><\/a><\/p>\n<p><b>\ud83d\udcc5 Joi, 13 noiembrie<\/b><\/p>\n<p><span style=\"font-weight: 400;\">\ud83d\udd39 09:00 \u2013 17:00 \u2013 Consulta\u021bii individuale \u0219i terapie (cu programare)<\/span><\/p>\n<p><span style=\"font-weight: 400;\">\ud83d\udd39 17:30 \u2013 Ini\u021bieri energetice \u00een sistemele: Reiki Usui, Karuna, Melchisedek, Shamballa etc<\/span><\/p>\n<p><span style=\"font-weight: 400;\">\ud83d\udd39 18:00 \u2013 <\/span><a href=\"https:\/\/www.ovidiudragosargesanu.ro\/shop\/evenimente-live-online\/curs-transformarea-energiilor-negative-si-a-blocajelor-ce-vin-asupra-noastra-in-scopul-realizarii-dorintelor-personale-prin-drept-divin-satu-mare-acces-online\/\"><b>Curs ,,<\/b><b>Transformarea energiilor negative \u0219i a blocajelor ce vin asupra noastr\u0103 \u00een scopul realiz\u0103rii dorin\u021belor personale prin drept divin\u201d<\/b><\/a><\/p>\n<p><span style=\"font-weight: 400;\">\ud83d\udcde \u00censcrieri \u00een sal\u0103 &amp; program\u0103ri: <\/span><b>0754.625.858<\/b><\/p>\n","protected":false},"excerpt":{"rendered":"<p><b>LOCURI NELIMITATE!<\/b><\/p>\n<p><b>Curs \u201eTransformarea energiilor negative \u0219i a blocajelor ce vin asupra noastr\u0103 \u00een scopul realiz\u0103rii dorin\u021belor personale prin drept divin\u201d<\/b><span style=\"font-weight: 400;\"> \u00een Satu-Mare, 13 noiembrie 2025 \u00eencep\u00e2nd cu ora 18:00.<\/span><\/p>\n<p>\ud83d\udccdLoca\u021bie: Sala Onyx, Hotel Aurora, Satu-Mare<\/p>\n<p><span style=\"font-weight: 400;\">Pentru program\u0103ri, informa\u021bii \u0219i participare \u00ceN SAL\u0102: <\/span><b>0754.625.858<\/b><\/p>\n<p><span style=\"font-weight: 400;\">M\u0103 bucur s\u0103 te am al\u0103turi la acest eveniment!<\/span><\/p>\n","protected":false},"featured_media":63147,"template":"","meta":{"inline_featured_image":false},"product_brand":[],"product_cat":[756],"product_tag":[],"class_list":{"0":"post-63134","1":"product","2":"type-product","3":"status-publish","4":"has-post-thumbnail","6":"product_cat-evenimente-live-online","8":"first","9":"instock","10":"virtual","11":"sold-individually","12":"taxable","13":"purchasable","14":"product-type-simple"},"yoast_head":"<!-- This site is optimized with the Yoast SEO plugin v26.9 - https:\/\/yoast.com\/product\/yoast-seo-wordpress\/ -->\n<title>Curs Transformarea energiilor negative si a blocajelor ce vin asupra noastra in scopul realizarii dorintelor personale prin drept divin - Satu Mare - acces online - Ovidiu Drago\u0219 Arge\u0219anu<\/title>\n<meta name=\"robots\" content=\"noindex, follow, max-snippet:-1, max-image-preview:large, max-video-preview:-1\" \/>\n<meta property=\"og:locale\" content=\"en_US\" \/>\n<meta property=\"og:type\" content=\"article\" \/>\n<meta property=\"og:title\" content=\"Curs Transformarea energiilor negative si a blocajelor ce vin asupra noastra in scopul realizarii dorintelor personale prin drept divin - Satu Mare - acces online - Ovidiu Drago\u0219 Arge\u0219anu\" \/>\n<meta property=\"og:description\" content=\"LOCURI NELIMITATE!  Curs \u201eTransformarea energiilor negative \u0219i a blocajelor ce vin asupra noastr\u0103 \u00een scopul realiz\u0103rii dorin\u021belor personale prin drept divin\u201d \u00een Satu-Mare, 13 noiembrie 2025 \u00eencep\u00e2nd cu ora 18:00.  \ud83d\udccdLoca\u021bie: Sala Onyx, Hotel Aurora, Satu-Mare  Pentru program\u0103ri, informa\u021bii \u0219i participare \u00ceN SAL\u0102: 0754.625.858  M\u0103 bucur s\u0103 te am al\u0103turi la acest eveniment!\" \/>\n<meta property=\"og:url\" content=\"https:\/\/www.ovidiudragosargesanu.ro\/en\/shop\/evenimente-live-online\/curs-transformarea-energiilor-negative-si-a-blocajelor-ce-vin-asupra-noastra-in-scopul-realizarii-dorintelor-personale-prin-drept-divin-satu-mare-acces-online\/\" \/>\n<meta property=\"og:site_name\" content=\"Ovidiu Drago\u0219 Arge\u0219anu\" \/>\n<meta property=\"article:modified_time\" content=\"2025-10-07T08:21:35+00:00\" \/>\n<meta property=\"og:image\" content=\"https:\/\/www.ovidiudragosargesanu.ro\/en\/wp-content\/uploads\/2025\/09\/satu-mare-curs-Transformarea-energiilor-13-600-x-800-px.jpg\" \/>\n\t<meta property=\"og:image:width\" content=\"600\" \/>\n\t<meta property=\"og:image:height\" content=\"800\" \/>\n\t<meta property=\"og:image:type\" content=\"image\/jpeg\" \/>\n<meta name=\"twitter:card\" content=\"summary_large_image\" \/>\n<meta name=\"twitter:label1\" content=\"Est. reading time\" \/>\n\t<meta name=\"twitter:data1\" content=\"2 minutes\" \/>\n<script type=\"application\/ld+json\" class=\"yoast-schema-graph\">{\"@context\":\"https:\/\/schema.org\",\"@graph\":[{\"@type\":\"WebPage\",\"@id\":\"https:\/\/www.ovidiudragosargesanu.ro\/en\/shop\/evenimente-live-online\/curs-transformarea-energiilor-negative-si-a-blocajelor-ce-vin-asupra-noastra-in-scopul-realizarii-dorintelor-personale-prin-drept-divin-satu-mare-acces-online\/\",\"url\":\"https:\/\/www.ovidiudragosargesanu.ro\/en\/shop\/evenimente-live-online\/curs-transformarea-energiilor-negative-si-a-blocajelor-ce-vin-asupra-noastra-in-scopul-realizarii-dorintelor-personale-prin-drept-divin-satu-mare-acces-online\/\",\"name\":\"Curs Transformarea energiilor negative si a blocajelor ce vin asupra noastra in scopul realizarii dorintelor personale prin drept divin - Satu Mare - acces online - Ovidiu Drago\u0219 Arge\u0219anu\",\"isPartOf\":{\"@id\":\"https:\/\/www.ovidiudragosargesanu.ro\/en\/#website\"},\"primaryImageOfPage\":{\"@id\":\"https:\/\/www.ovidiudragosargesanu.ro\/en\/shop\/evenimente-live-online\/curs-transformarea-energiilor-negative-si-a-blocajelor-ce-vin-asupra-noastra-in-scopul-realizarii-dorintelor-personale-prin-drept-divin-satu-mare-acces-online\/#primaryimage\"},\"image\":{\"@id\":\"https:\/\/www.ovidiudragosargesanu.ro\/en\/shop\/evenimente-live-online\/curs-transformarea-energiilor-negative-si-a-blocajelor-ce-vin-asupra-noastra-in-scopul-realizarii-dorintelor-personale-prin-drept-divin-satu-mare-acces-online\/#primaryimage\"},\"thumbnailUrl\":\"https:\/\/www.ovidiudragosargesanu.ro\/en\/wp-content\/uploads\/2025\/09\/satu-mare-curs-Transformarea-energiilor-13-600-x-800-px.jpg\",\"datePublished\":\"2025-09-21T13:08:48+00:00\",\"dateModified\":\"2025-10-07T08:21:35+00:00\",\"breadcrumb\":{\"@id\":\"https:\/\/www.ovidiudragosargesanu.ro\/en\/shop\/evenimente-live-online\/curs-transformarea-energiilor-negative-si-a-blocajelor-ce-vin-asupra-noastra-in-scopul-realizarii-dorintelor-personale-prin-drept-divin-satu-mare-acces-online\/#breadcrumb\"},\"inLanguage\":\"en-US\",\"potentialAction\":[{\"@type\":\"ReadAction\",\"target\":[\"https:\/\/www.ovidiudragosargesanu.ro\/en\/shop\/evenimente-live-online\/curs-transformarea-energiilor-negative-si-a-blocajelor-ce-vin-asupra-noastra-in-scopul-realizarii-dorintelor-personale-prin-drept-divin-satu-mare-acces-online\/\"]}]},{\"@type\":\"ImageObject\",\"inLanguage\":\"en-US\",\"@id\":\"https:\/\/www.ovidiudragosargesanu.ro\/en\/shop\/evenimente-live-online\/curs-transformarea-energiilor-negative-si-a-blocajelor-ce-vin-asupra-noastra-in-scopul-realizarii-dorintelor-personale-prin-drept-divin-satu-mare-acces-online\/#primaryimage\",\"url\":\"https:\/\/www.ovidiudragosargesanu.ro\/en\/wp-content\/uploads\/2025\/09\/satu-mare-curs-Transformarea-energiilor-13-600-x-800-px.jpg\",\"contentUrl\":\"https:\/\/www.ovidiudragosargesanu.ro\/en\/wp-content\/uploads\/2025\/09\/satu-mare-curs-Transformarea-energiilor-13-600-x-800-px.jpg\",\"width\":600,\"height\":800,\"caption\":\"satu mare curs Transformarea energiilor 13 (600 x 800 px)\"},{\"@type\":\"BreadcrumbList\",\"@id\":\"https:\/\/www.ovidiudragosargesanu.ro\/en\/shop\/evenimente-live-online\/curs-transformarea-energiilor-negative-si-a-blocajelor-ce-vin-asupra-noastra-in-scopul-realizarii-dorintelor-personale-prin-drept-divin-satu-mare-acces-online\/#breadcrumb\",\"itemListElement\":[{\"@type\":\"ListItem\",\"position\":1,\"name\":\"Prima pagin\u0103\",\"item\":\"https:\/\/www.ovidiudragosargesanu.ro\/en\/\"},{\"@type\":\"ListItem\",\"position\":2,\"name\":\"Shop\",\"item\":\"https:\/\/www.ovidiudragosargesanu.ro\/en\/shop\/\"},{\"@type\":\"ListItem\",\"position\":3,\"name\":\"Curs Transformarea energiilor negative si a blocajelor ce vin asupra noastra in scopul realizarii dorintelor personale prin drept divin &#8211; Satu Mare &#8211; acces online\"}]},{\"@type\":\"WebSite\",\"@id\":\"https:\/\/www.ovidiudragosargesanu.ro\/en\/#website\",\"url\":\"https:\/\/www.ovidiudragosargesanu.ro\/en\/\",\"name\":\"Ovidiu Drago\u0219 Arge\u0219anu\",\"description\":\"\",\"publisher\":{\"@id\":\"https:\/\/www.ovidiudragosargesanu.ro\/en\/#organization\"},\"potentialAction\":[{\"@type\":\"SearchAction\",\"target\":{\"@type\":\"EntryPoint\",\"urlTemplate\":\"https:\/\/www.ovidiudragosargesanu.ro\/en\/?s={search_term_string}\"},\"query-input\":{\"@type\":\"PropertyValueSpecification\",\"valueRequired\":true,\"valueName\":\"search_term_string\"}}],\"inLanguage\":\"en-US\"},{\"@type\":\"Organization\",\"@id\":\"https:\/\/www.ovidiudragosargesanu.ro\/en\/#organization\",\"name\":\"Ovidiu Drago\u0219 Arge\u0219anu\",\"url\":\"https:\/\/www.ovidiudragosargesanu.ro\/en\/\",\"logo\":{\"@type\":\"ImageObject\",\"inLanguage\":\"en-US\",\"@id\":\"https:\/\/www.ovidiudragosargesanu.ro\/en\/#\/schema\/logo\/image\/\",\"url\":\"https:\/\/www.ovidiudragosargesanu.ro\/en\/wp-content\/uploads\/2018\/03\/dragos-logo-lotus-black-400.svg\",\"contentUrl\":\"https:\/\/www.ovidiudragosargesanu.ro\/en\/wp-content\/uploads\/2018\/03\/dragos-logo-lotus-black-400.svg\",\"width\":300,\"height\":150,\"caption\":\"Ovidiu Drago\u0219 Arge\u0219anu\"},\"image\":{\"@id\":\"https:\/\/www.ovidiudragosargesanu.ro\/en\/#\/schema\/logo\/image\/\"}}]}<\/script>\n<!-- \/ Yoast SEO plugin. -->","yoast_head_json":{"title":"Curs Transformarea energiilor negative si a blocajelor ce vin asupra noastra in scopul realizarii dorintelor personale prin drept divin - Satu Mare - acces online - Ovidiu Drago\u0219 Arge\u0219anu","robots":{"index":"noindex","follow":"follow","max-snippet":"max-snippet:-1","max-image-preview":"max-image-preview:large","max-video-preview":"max-video-preview:-1"},"og_locale":"en_US","og_type":"article","og_title":"Curs Transformarea energiilor negative si a blocajelor ce vin asupra noastra in scopul realizarii dorintelor personale prin drept divin - Satu Mare - acces online - Ovidiu Drago\u0219 Arge\u0219anu","og_description":"LOCURI NELIMITATE!  Curs \u201eTransformarea energiilor negative \u0219i a blocajelor ce vin asupra noastr\u0103 \u00een scopul realiz\u0103rii dorin\u021belor personale prin drept divin\u201d \u00een Satu-Mare, 13 noiembrie 2025 \u00eencep\u00e2nd cu ora 18:00.  \ud83d\udccdLoca\u021bie: Sala Onyx, Hotel Aurora, Satu-Mare  Pentru program\u0103ri, informa\u021bii \u0219i participare \u00ceN SAL\u0102: 0754.625.858  M\u0103 bucur s\u0103 te am al\u0103turi la acest eveniment!","og_url":"https:\/\/www.ovidiudragosargesanu.ro\/en\/shop\/evenimente-live-online\/curs-transformarea-energiilor-negative-si-a-blocajelor-ce-vin-asupra-noastra-in-scopul-realizarii-dorintelor-personale-prin-drept-divin-satu-mare-acces-online\/","og_site_name":"Ovidiu Drago\u0219 Arge\u0219anu","article_modified_time":"2025-10-07T08:21:35+00:00","og_image":[{"width":600,"height":800,"url":"https:\/\/www.ovidiudragosargesanu.ro\/en\/wp-content\/uploads\/2025\/09\/satu-mare-curs-Transformarea-energiilor-13-600-x-800-px.jpg","type":"image\/jpeg"}],"twitter_card":"summary_large_image","twitter_misc":{"Est. reading time":"2 minutes"},"schema":{"@context":"https:\/\/schema.org","@graph":[{"@type":"WebPage","@id":"https:\/\/www.ovidiudragosargesanu.ro\/en\/shop\/evenimente-live-online\/curs-transformarea-energiilor-negative-si-a-blocajelor-ce-vin-asupra-noastra-in-scopul-realizarii-dorintelor-personale-prin-drept-divin-satu-mare-acces-online\/","url":"https:\/\/www.ovidiudragosargesanu.ro\/en\/shop\/evenimente-live-online\/curs-transformarea-energiilor-negative-si-a-blocajelor-ce-vin-asupra-noastra-in-scopul-realizarii-dorintelor-personale-prin-drept-divin-satu-mare-acces-online\/","name":"Curs Transformarea energiilor negative si a blocajelor ce vin asupra noastra in scopul realizarii dorintelor personale prin drept divin - Satu Mare - acces online - Ovidiu Drago\u0219 Arge\u0219anu","isPartOf":{"@id":"https:\/\/www.ovidiudragosargesanu.ro\/en\/#website"},"primaryImageOfPage":{"@id":"https:\/\/www.ovidiudragosargesanu.ro\/en\/shop\/evenimente-live-online\/curs-transformarea-energiilor-negative-si-a-blocajelor-ce-vin-asupra-noastra-in-scopul-realizarii-dorintelor-personale-prin-drept-divin-satu-mare-acces-online\/#primaryimage"},"image":{"@id":"https:\/\/www.ovidiudragosargesanu.ro\/en\/shop\/evenimente-live-online\/curs-transformarea-energiilor-negative-si-a-blocajelor-ce-vin-asupra-noastra-in-scopul-realizarii-dorintelor-personale-prin-drept-divin-satu-mare-acces-online\/#primaryimage"},"thumbnailUrl":"https:\/\/www.ovidiudragosargesanu.ro\/en\/wp-content\/uploads\/2025\/09\/satu-mare-curs-Transformarea-energiilor-13-600-x-800-px.jpg","datePublished":"2025-09-21T13:08:48+00:00","dateModified":"2025-10-07T08:21:35+00:00","breadcrumb":{"@id":"https:\/\/www.ovidiudragosargesanu.ro\/en\/shop\/evenimente-live-online\/curs-transformarea-energiilor-negative-si-a-blocajelor-ce-vin-asupra-noastra-in-scopul-realizarii-dorintelor-personale-prin-drept-divin-satu-mare-acces-online\/#breadcrumb"},"inLanguage":"en-US","potentialAction":[{"@type":"ReadAction","target":["https:\/\/www.ovidiudragosargesanu.ro\/en\/shop\/evenimente-live-online\/curs-transformarea-energiilor-negative-si-a-blocajelor-ce-vin-asupra-noastra-in-scopul-realizarii-dorintelor-personale-prin-drept-divin-satu-mare-acces-online\/"]}]},{"@type":"ImageObject","inLanguage":"en-US","@id":"https:\/\/www.ovidiudragosargesanu.ro\/en\/shop\/evenimente-live-online\/curs-transformarea-energiilor-negative-si-a-blocajelor-ce-vin-asupra-noastra-in-scopul-realizarii-dorintelor-personale-prin-drept-divin-satu-mare-acces-online\/#primaryimage","url":"https:\/\/www.ovidiudragosargesanu.ro\/en\/wp-content\/uploads\/2025\/09\/satu-mare-curs-Transformarea-energiilor-13-600-x-800-px.jpg","contentUrl":"https:\/\/www.ovidiudragosargesanu.ro\/en\/wp-content\/uploads\/2025\/09\/satu-mare-curs-Transformarea-energiilor-13-600-x-800-px.jpg","width":600,"height":800,"caption":"satu mare curs Transformarea energiilor 13 (600 x 800 px)"},{"@type":"BreadcrumbList","@id":"https:\/\/www.ovidiudragosargesanu.ro\/en\/shop\/evenimente-live-online\/curs-transformarea-energiilor-negative-si-a-blocajelor-ce-vin-asupra-noastra-in-scopul-realizarii-dorintelor-personale-prin-drept-divin-satu-mare-acces-online\/#breadcrumb","itemListElement":[{"@type":"ListItem","position":1,"name":"Prima pagin\u0103","item":"https:\/\/www.ovidiudragosargesanu.ro\/en\/"},{"@type":"ListItem","position":2,"name":"Shop","item":"https:\/\/www.ovidiudragosargesanu.ro\/en\/shop\/"},{"@type":"ListItem","position":3,"name":"Curs Transformarea energiilor negative si a blocajelor ce vin asupra noastra in scopul realizarii dorintelor personale prin drept divin &#8211; Satu Mare &#8211; acces online"}]},{"@type":"WebSite","@id":"https:\/\/www.ovidiudragosargesanu.ro\/en\/#website","url":"https:\/\/www.ovidiudragosargesanu.ro\/en\/","name":"Ovidiu Drago\u0219 Arge\u0219anu","description":"","publisher":{"@id":"https:\/\/www.ovidiudragosargesanu.ro\/en\/#organization"},"potentialAction":[{"@type":"SearchAction","target":{"@type":"EntryPoint","urlTemplate":"https:\/\/www.ovidiudragosargesanu.ro\/en\/?s={search_term_string}"},"query-input":{"@type":"PropertyValueSpecification","valueRequired":true,"valueName":"search_term_string"}}],"inLanguage":"en-US"},{"@type":"Organization","@id":"https:\/\/www.ovidiudragosargesanu.ro\/en\/#organization","name":"Ovidiu Drago\u0219 Arge\u0219anu","url":"https:\/\/www.ovidiudragosargesanu.ro\/en\/","logo":{"@type":"ImageObject","inLanguage":"en-US","@id":"https:\/\/www.ovidiudragosargesanu.ro\/en\/#\/schema\/logo\/image\/","url":"https:\/\/www.ovidiudragosargesanu.ro\/en\/wp-content\/uploads\/2018\/03\/dragos-logo-lotus-black-400.svg","contentUrl":"https:\/\/www.ovidiudragosargesanu.ro\/en\/wp-content\/uploads\/2018\/03\/dragos-logo-lotus-black-400.svg","width":300,"height":150,"caption":"Ovidiu Drago\u0219 Arge\u0219anu"},"image":{"@id":"https:\/\/www.ovidiudragosargesanu.ro\/en\/#\/schema\/logo\/image\/"}}]}},"_links":{"self":[{"href":"https:\/\/www.ovidiudragosargesanu.ro\/en\/wp-json\/wp\/v2\/product\/63134","targetHints":{"allow":["GET"]}}],"collection":[{"href":"https:\/\/www.ovidiudragosargesanu.ro\/en\/wp-json\/wp\/v2\/product"}],"about":[{"href":"https:\/\/www.ovidiudragosargesanu.ro\/en\/wp-json\/wp\/v2\/types\/product"}],"version-history":[{"count":8,"href":"https:\/\/www.ovidiudragosargesanu.ro\/en\/wp-json\/wp\/v2\/product\/63134\/revisions"}],"predecessor-version":[{"id":63148,"href":"https:\/\/www.ovidiudragosargesanu.ro\/en\/wp-json\/wp\/v2\/product\/63134\/revisions\/63148"}],"wp:featuredmedia":[{"embeddable":true,"href":"https:\/\/www.ovidiudragosargesanu.ro\/en\/wp-json\/wp\/v2\/media\/63147"}],"wp:attachment":[{"href":"https:\/\/www.ovidiudragosargesanu.ro\/en\/wp-json\/wp\/v2\/media?parent=63134"}],"wp:term":[{"taxonomy":"product_brand","embeddable":true,"href":"https:\/\/www.ovidiudragosargesanu.ro\/en\/wp-json\/wp\/v2\/product_brand?post=63134"},{"taxonomy":"product_cat","embeddable":true,"href":"https:\/\/www.ovidiudragosargesanu.ro\/en\/wp-json\/wp\/v2\/product_cat?post=63134"},{"taxonomy":"product_tag","embeddable":true,"href":"https:\/\/www.ovidiudragosargesanu.ro\/en\/wp-json\/wp\/v2\/product_tag?post=63134"}],"curies":[{"name":"wp","href":"https:\/\/api.w.org\/{rel}","templated":true}]}}