{"id":66485,"date":"2025-10-07T22:32:26","date_gmt":"2025-10-07T19:32:26","guid":{"rendered":"https:\/\/www.ovidiudragosargesanu.ro\/shop\/fara-categorie\/seminar-practic-incepatori-reiki-usui-gradele-1-2-3-si-karuna-gradele-1-2-bucuresti-acces-online\/"},"modified":"2025-10-07T22:38:35","modified_gmt":"2025-10-07T19:38:35","slug":"seminar-practic-incepatori-reiki-usui-gradele-1-2-3-si-karuna-gradele-1-2-bucuresti-acces-online","status":"publish","type":"product","link":"https:\/\/www.ovidiudragosargesanu.ro\/en\/shop\/evenimente-live-online\/seminar-practic-incepatori-reiki-usui-gradele-1-2-3-si-karuna-gradele-1-2-bucuresti-acces-online\/","title":{"rendered":"Seminar Practic Incepatori &#8211; Reiki Usui gradele 1, 2, 3 si Karuna gradele 1, 2 &#8211; Bucuresti &#8211; acces online"},"content":{"rendered":"<p>\ud83d\udd39<strong> Seminar Practic \u00cencep\u0103tori &#8211; Reiki Usui gradele 1, 2, 3 \u0219i Karuna gradele 1, 2<\/strong><\/p>\n<p>\ud83d\uddd3 13 Octombrie 2025<br \/>\n\ud83d\udd55 Ora 18:00 \u2013 20:00<br \/>\n\ud83d\udccd Bucure\u0219ti \u2013 participare \u00een sal\u0103 sau Live-Online<\/p>\n<p>Te invit la o nou\u0103 edi\u021bie din seriile seminariilor practice care \u00eembin\u0103 armonios 2 sisteme energetice \u2013 \u00eentr-un cadru dedicat evolu\u021biei, integr\u0103rii \u0219i aplic\u0103rii reale a energiei.<\/p>\n<p>Acest seminar este conceput pentru practican\u021bi activi, interesa\u021bi s\u0103 aprofundeze, s\u0103 exerseze \u0219i s\u0103 evolueze \u00een mod concret prin lucrul cu:<\/p>\n<p>\u2728 Reiki Usui Gradele 1, 2, 3\u2013 baza disciplinei energetice<br \/>\n\u2728 Karuna Gradele 1, 2 \u2013 sistemul compasiunii \u00eenalte<\/p>\n<p>\ud83d\udd39 <strong>PRACTICI INCLUSE:<\/strong><br \/>\n* cur\u0103\u021barea caselor<br \/>\n* ajutorarea str\u0103mo\u0219ilor<br \/>\n* ridicarea la Cer a copiilor avorta\u021bi de pe neam<br \/>\n* vindecare emo\u021bional\u0103<br \/>\n* cur\u0103\u021barea \u0219i refacerea sufletului<br \/>\n* pl\u0103\u021bi karmice personale \u0219i de neam<br \/>\n* cum ob\u021bin aur spiritual prin Reiki<br \/>\n* cum ajut \u0219i m\u0103 folosesc de \u00eengerii bisericilor \u0219i catedralelor<br \/>\n* medita\u021bie<\/p>\n<p>\ud83d\udd2e Vino preg\u0103tit\/\u0103 pentru un spa\u021biu de lucru profund, deschis celor care doresc s\u0103 se transforme, nu doar s\u0103 \u00eenve\u021be.<\/p>\n<p><strong>Acest seminar este pentru tine dac\u0103:<\/strong><br \/>\n\u2714 Practici Reiki constant<br \/>\n\u2714 Cau\u021bi profunzime, claritate \u0219i energie pur\u0103<br \/>\n\u2714 Sim\u021bi c\u0103 e timpul s\u0103 accesezi o nou\u0103 treapt\u0103 \u00een vibra\u021bia ta<\/p>\n<p><strong>\ud83d\udd14 REGULI DE PARTICIPARE \u00ceN SAL\u0102:<\/strong><\/p>\n<p>\ud83e\udded Pentru a participa fizic (\u00een sal\u0103, \u00een Bucure\u0219ti), este necesar s\u0103 \u00eendepline\u0219ti toate condi\u021biile de mai jos:<\/p>\n<p>\u2714\ufe0f S\u0103 fi parcurs anterior un curs complet Reiki Usui \u2013 Gradele 1, 2, 3<br \/>\n\u2714\ufe0f S\u0103 fi primit cel pu\u021bin o ini\u021biere Reiki Usui pe gradele 1, 2, 3<br \/>\n\u2714\ufe0f S\u0103 fi integrat sistemul Reiki Usui \u00eentr-o propor\u021bie de minimum 81%<\/p>\n<p>\ud83d\udcde\u00censcrieri pentru participarea \u00een sal\u0103: <strong>0721.908.140<\/strong><br \/>\n<strong>! Locurile din sal\u0103 sunt limitate.<\/strong><\/p>\n","protected":false},"excerpt":{"rendered":"<p><strong>LOCURI NELIMITATE!<\/strong><\/p>\n<p>\ud83d\uddd3 13 Octombrie 2025 \ud83d\udd55 Ora 18:00 \u2013 20:00\ud83d\udccd Bucure\u0219ti \u2013 participare \u00een sal\u0103 sau Live-Online<\/p>\n<p>\ud83d\udcde\u00censcrieri pentru participarea \u00een sal\u0103: <strong>0721.908.140 <\/strong><\/p>\n<p><strong><b>LOCURI LIMITATE \u00een\u00a0 Sal\u0103!<\/b><\/strong><\/p>\n<p>M\u0103 bucur s\u0103 te am al\u0103turi la acest eveniment!<\/p>\n","protected":false},"featured_media":66493,"template":"","meta":{"inline_featured_image":false},"product_brand":[],"product_cat":[756],"product_tag":[],"class_list":{"0":"post-66485","1":"product","2":"type-product","3":"status-publish","4":"has-post-thumbnail","6":"product_cat-evenimente-live-online","8":"first","9":"instock","10":"virtual","11":"sold-individually","12":"taxable","13":"purchasable","14":"product-type-simple"},"yoast_head":"<!-- This site is optimized with the Yoast SEO plugin v26.9 - https:\/\/yoast.com\/product\/yoast-seo-wordpress\/ -->\n<title>Seminar Practic Incepatori - Reiki Usui gradele 1, 2, 3 si Karuna gradele 1, 2 - Bucuresti - acces online - Ovidiu Drago\u0219 Arge\u0219anu<\/title>\n<meta name=\"robots\" content=\"noindex, follow, max-snippet:-1, max-image-preview:large, max-video-preview:-1\" \/>\n<meta property=\"og:locale\" content=\"en_US\" \/>\n<meta property=\"og:type\" content=\"article\" \/>\n<meta property=\"og:title\" content=\"Seminar Practic Incepatori - Reiki Usui gradele 1, 2, 3 si Karuna gradele 1, 2 - Bucuresti - acces online - Ovidiu Drago\u0219 Arge\u0219anu\" \/>\n<meta property=\"og:description\" content=\"LOCURI NELIMITATE!  \ud83d\uddd3 13 Octombrie 2025 \ud83d\udd55 Ora 18:00 \u2013 20:00\ud83d\udccd Bucure\u0219ti \u2013 participare \u00een sal\u0103 sau Live-Online  \ud83d\udcde\u00censcrieri pentru participarea \u00een sal\u0103: 0721.908.140   LOCURI LIMITATE \u00een\u00a0 Sal\u0103!  M\u0103 bucur s\u0103 te am al\u0103turi la acest eveniment!\" \/>\n<meta property=\"og:url\" content=\"https:\/\/www.ovidiudragosargesanu.ro\/en\/shop\/evenimente-live-online\/seminar-practic-incepatori-reiki-usui-gradele-1-2-3-si-karuna-gradele-1-2-bucuresti-acces-online\/\" \/>\n<meta property=\"og:site_name\" content=\"Ovidiu Drago\u0219 Arge\u0219anu\" \/>\n<meta property=\"article:modified_time\" content=\"2025-10-07T19:38:35+00:00\" \/>\n<meta property=\"og:image\" content=\"https:\/\/www.ovidiudragosargesanu.ro\/en\/wp-content\/uploads\/2025\/10\/seminar-incepatori-Reiki-Karuna-13-octombrie-600-x-800-px.jpg\" \/>\n\t<meta property=\"og:image:width\" content=\"600\" \/>\n\t<meta property=\"og:image:height\" content=\"800\" \/>\n\t<meta property=\"og:image:type\" content=\"image\/jpeg\" \/>\n<meta name=\"twitter:card\" content=\"summary_large_image\" \/>\n<meta name=\"twitter:label1\" content=\"Est. reading time\" \/>\n\t<meta name=\"twitter:data1\" content=\"2 minutes\" \/>\n<script type=\"application\/ld+json\" class=\"yoast-schema-graph\">{\"@context\":\"https:\/\/schema.org\",\"@graph\":[{\"@type\":\"WebPage\",\"@id\":\"https:\/\/www.ovidiudragosargesanu.ro\/en\/shop\/evenimente-live-online\/seminar-practic-incepatori-reiki-usui-gradele-1-2-3-si-karuna-gradele-1-2-bucuresti-acces-online\/\",\"url\":\"https:\/\/www.ovidiudragosargesanu.ro\/en\/shop\/evenimente-live-online\/seminar-practic-incepatori-reiki-usui-gradele-1-2-3-si-karuna-gradele-1-2-bucuresti-acces-online\/\",\"name\":\"Seminar Practic Incepatori - Reiki Usui gradele 1, 2, 3 si Karuna gradele 1, 2 - Bucuresti - acces online - Ovidiu Drago\u0219 Arge\u0219anu\",\"isPartOf\":{\"@id\":\"https:\/\/www.ovidiudragosargesanu.ro\/en\/#website\"},\"primaryImageOfPage\":{\"@id\":\"https:\/\/www.ovidiudragosargesanu.ro\/en\/shop\/evenimente-live-online\/seminar-practic-incepatori-reiki-usui-gradele-1-2-3-si-karuna-gradele-1-2-bucuresti-acces-online\/#primaryimage\"},\"image\":{\"@id\":\"https:\/\/www.ovidiudragosargesanu.ro\/en\/shop\/evenimente-live-online\/seminar-practic-incepatori-reiki-usui-gradele-1-2-3-si-karuna-gradele-1-2-bucuresti-acces-online\/#primaryimage\"},\"thumbnailUrl\":\"https:\/\/www.ovidiudragosargesanu.ro\/en\/wp-content\/uploads\/2025\/10\/seminar-incepatori-Reiki-Karuna-13-octombrie-600-x-800-px.jpg\",\"datePublished\":\"2025-10-07T19:32:26+00:00\",\"dateModified\":\"2025-10-07T19:38:35+00:00\",\"breadcrumb\":{\"@id\":\"https:\/\/www.ovidiudragosargesanu.ro\/en\/shop\/evenimente-live-online\/seminar-practic-incepatori-reiki-usui-gradele-1-2-3-si-karuna-gradele-1-2-bucuresti-acces-online\/#breadcrumb\"},\"inLanguage\":\"en-US\",\"potentialAction\":[{\"@type\":\"ReadAction\",\"target\":[\"https:\/\/www.ovidiudragosargesanu.ro\/en\/shop\/evenimente-live-online\/seminar-practic-incepatori-reiki-usui-gradele-1-2-3-si-karuna-gradele-1-2-bucuresti-acces-online\/\"]}]},{\"@type\":\"ImageObject\",\"inLanguage\":\"en-US\",\"@id\":\"https:\/\/www.ovidiudragosargesanu.ro\/en\/shop\/evenimente-live-online\/seminar-practic-incepatori-reiki-usui-gradele-1-2-3-si-karuna-gradele-1-2-bucuresti-acces-online\/#primaryimage\",\"url\":\"https:\/\/www.ovidiudragosargesanu.ro\/en\/wp-content\/uploads\/2025\/10\/seminar-incepatori-Reiki-Karuna-13-octombrie-600-x-800-px.jpg\",\"contentUrl\":\"https:\/\/www.ovidiudragosargesanu.ro\/en\/wp-content\/uploads\/2025\/10\/seminar-incepatori-Reiki-Karuna-13-octombrie-600-x-800-px.jpg\",\"width\":600,\"height\":800,\"caption\":\"seminar \u00eencep\u0103tori Reiki Karuna 13 octombrie (600 x 800 px)\"},{\"@type\":\"BreadcrumbList\",\"@id\":\"https:\/\/www.ovidiudragosargesanu.ro\/en\/shop\/evenimente-live-online\/seminar-practic-incepatori-reiki-usui-gradele-1-2-3-si-karuna-gradele-1-2-bucuresti-acces-online\/#breadcrumb\",\"itemListElement\":[{\"@type\":\"ListItem\",\"position\":1,\"name\":\"Prima pagin\u0103\",\"item\":\"https:\/\/www.ovidiudragosargesanu.ro\/en\/\"},{\"@type\":\"ListItem\",\"position\":2,\"name\":\"Shop\",\"item\":\"https:\/\/www.ovidiudragosargesanu.ro\/en\/shop\/\"},{\"@type\":\"ListItem\",\"position\":3,\"name\":\"Seminar Practic Incepatori &#8211; Reiki Usui gradele 1, 2, 3 si Karuna gradele 1, 2 &#8211; Bucuresti &#8211; acces online\"}]},{\"@type\":\"WebSite\",\"@id\":\"https:\/\/www.ovidiudragosargesanu.ro\/en\/#website\",\"url\":\"https:\/\/www.ovidiudragosargesanu.ro\/en\/\",\"name\":\"Ovidiu Drago\u0219 Arge\u0219anu\",\"description\":\"\",\"publisher\":{\"@id\":\"https:\/\/www.ovidiudragosargesanu.ro\/en\/#organization\"},\"potentialAction\":[{\"@type\":\"SearchAction\",\"target\":{\"@type\":\"EntryPoint\",\"urlTemplate\":\"https:\/\/www.ovidiudragosargesanu.ro\/en\/?s={search_term_string}\"},\"query-input\":{\"@type\":\"PropertyValueSpecification\",\"valueRequired\":true,\"valueName\":\"search_term_string\"}}],\"inLanguage\":\"en-US\"},{\"@type\":\"Organization\",\"@id\":\"https:\/\/www.ovidiudragosargesanu.ro\/en\/#organization\",\"name\":\"Ovidiu Drago\u0219 Arge\u0219anu\",\"url\":\"https:\/\/www.ovidiudragosargesanu.ro\/en\/\",\"logo\":{\"@type\":\"ImageObject\",\"inLanguage\":\"en-US\",\"@id\":\"https:\/\/www.ovidiudragosargesanu.ro\/en\/#\/schema\/logo\/image\/\",\"url\":\"https:\/\/www.ovidiudragosargesanu.ro\/en\/wp-content\/uploads\/2018\/03\/dragos-logo-lotus-black-400.svg\",\"contentUrl\":\"https:\/\/www.ovidiudragosargesanu.ro\/en\/wp-content\/uploads\/2018\/03\/dragos-logo-lotus-black-400.svg\",\"width\":300,\"height\":150,\"caption\":\"Ovidiu Drago\u0219 Arge\u0219anu\"},\"image\":{\"@id\":\"https:\/\/www.ovidiudragosargesanu.ro\/en\/#\/schema\/logo\/image\/\"}}]}<\/script>\n<!-- \/ Yoast SEO plugin. -->","yoast_head_json":{"title":"Seminar Practic Incepatori - Reiki Usui gradele 1, 2, 3 si Karuna gradele 1, 2 - Bucuresti - acces online - Ovidiu Drago\u0219 Arge\u0219anu","robots":{"index":"noindex","follow":"follow","max-snippet":"max-snippet:-1","max-image-preview":"max-image-preview:large","max-video-preview":"max-video-preview:-1"},"og_locale":"en_US","og_type":"article","og_title":"Seminar Practic Incepatori - Reiki Usui gradele 1, 2, 3 si Karuna gradele 1, 2 - Bucuresti - acces online - Ovidiu Drago\u0219 Arge\u0219anu","og_description":"LOCURI NELIMITATE!  \ud83d\uddd3 13 Octombrie 2025 \ud83d\udd55 Ora 18:00 \u2013 20:00\ud83d\udccd Bucure\u0219ti \u2013 participare \u00een sal\u0103 sau Live-Online  \ud83d\udcde\u00censcrieri pentru participarea \u00een sal\u0103: 0721.908.140   LOCURI LIMITATE \u00een\u00a0 Sal\u0103!  M\u0103 bucur s\u0103 te am al\u0103turi la acest eveniment!","og_url":"https:\/\/www.ovidiudragosargesanu.ro\/en\/shop\/evenimente-live-online\/seminar-practic-incepatori-reiki-usui-gradele-1-2-3-si-karuna-gradele-1-2-bucuresti-acces-online\/","og_site_name":"Ovidiu Drago\u0219 Arge\u0219anu","article_modified_time":"2025-10-07T19:38:35+00:00","og_image":[{"width":600,"height":800,"url":"https:\/\/www.ovidiudragosargesanu.ro\/en\/wp-content\/uploads\/2025\/10\/seminar-incepatori-Reiki-Karuna-13-octombrie-600-x-800-px.jpg","type":"image\/jpeg"}],"twitter_card":"summary_large_image","twitter_misc":{"Est. reading time":"2 minutes"},"schema":{"@context":"https:\/\/schema.org","@graph":[{"@type":"WebPage","@id":"https:\/\/www.ovidiudragosargesanu.ro\/en\/shop\/evenimente-live-online\/seminar-practic-incepatori-reiki-usui-gradele-1-2-3-si-karuna-gradele-1-2-bucuresti-acces-online\/","url":"https:\/\/www.ovidiudragosargesanu.ro\/en\/shop\/evenimente-live-online\/seminar-practic-incepatori-reiki-usui-gradele-1-2-3-si-karuna-gradele-1-2-bucuresti-acces-online\/","name":"Seminar Practic Incepatori - Reiki Usui gradele 1, 2, 3 si Karuna gradele 1, 2 - Bucuresti - acces online - Ovidiu Drago\u0219 Arge\u0219anu","isPartOf":{"@id":"https:\/\/www.ovidiudragosargesanu.ro\/en\/#website"},"primaryImageOfPage":{"@id":"https:\/\/www.ovidiudragosargesanu.ro\/en\/shop\/evenimente-live-online\/seminar-practic-incepatori-reiki-usui-gradele-1-2-3-si-karuna-gradele-1-2-bucuresti-acces-online\/#primaryimage"},"image":{"@id":"https:\/\/www.ovidiudragosargesanu.ro\/en\/shop\/evenimente-live-online\/seminar-practic-incepatori-reiki-usui-gradele-1-2-3-si-karuna-gradele-1-2-bucuresti-acces-online\/#primaryimage"},"thumbnailUrl":"https:\/\/www.ovidiudragosargesanu.ro\/en\/wp-content\/uploads\/2025\/10\/seminar-incepatori-Reiki-Karuna-13-octombrie-600-x-800-px.jpg","datePublished":"2025-10-07T19:32:26+00:00","dateModified":"2025-10-07T19:38:35+00:00","breadcrumb":{"@id":"https:\/\/www.ovidiudragosargesanu.ro\/en\/shop\/evenimente-live-online\/seminar-practic-incepatori-reiki-usui-gradele-1-2-3-si-karuna-gradele-1-2-bucuresti-acces-online\/#breadcrumb"},"inLanguage":"en-US","potentialAction":[{"@type":"ReadAction","target":["https:\/\/www.ovidiudragosargesanu.ro\/en\/shop\/evenimente-live-online\/seminar-practic-incepatori-reiki-usui-gradele-1-2-3-si-karuna-gradele-1-2-bucuresti-acces-online\/"]}]},{"@type":"ImageObject","inLanguage":"en-US","@id":"https:\/\/www.ovidiudragosargesanu.ro\/en\/shop\/evenimente-live-online\/seminar-practic-incepatori-reiki-usui-gradele-1-2-3-si-karuna-gradele-1-2-bucuresti-acces-online\/#primaryimage","url":"https:\/\/www.ovidiudragosargesanu.ro\/en\/wp-content\/uploads\/2025\/10\/seminar-incepatori-Reiki-Karuna-13-octombrie-600-x-800-px.jpg","contentUrl":"https:\/\/www.ovidiudragosargesanu.ro\/en\/wp-content\/uploads\/2025\/10\/seminar-incepatori-Reiki-Karuna-13-octombrie-600-x-800-px.jpg","width":600,"height":800,"caption":"seminar \u00eencep\u0103tori Reiki Karuna 13 octombrie (600 x 800 px)"},{"@type":"BreadcrumbList","@id":"https:\/\/www.ovidiudragosargesanu.ro\/en\/shop\/evenimente-live-online\/seminar-practic-incepatori-reiki-usui-gradele-1-2-3-si-karuna-gradele-1-2-bucuresti-acces-online\/#breadcrumb","itemListElement":[{"@type":"ListItem","position":1,"name":"Prima pagin\u0103","item":"https:\/\/www.ovidiudragosargesanu.ro\/en\/"},{"@type":"ListItem","position":2,"name":"Shop","item":"https:\/\/www.ovidiudragosargesanu.ro\/en\/shop\/"},{"@type":"ListItem","position":3,"name":"Seminar Practic Incepatori &#8211; Reiki Usui gradele 1, 2, 3 si Karuna gradele 1, 2 &#8211; Bucuresti &#8211; acces online"}]},{"@type":"WebSite","@id":"https:\/\/www.ovidiudragosargesanu.ro\/en\/#website","url":"https:\/\/www.ovidiudragosargesanu.ro\/en\/","name":"Ovidiu Drago\u0219 Arge\u0219anu","description":"","publisher":{"@id":"https:\/\/www.ovidiudragosargesanu.ro\/en\/#organization"},"potentialAction":[{"@type":"SearchAction","target":{"@type":"EntryPoint","urlTemplate":"https:\/\/www.ovidiudragosargesanu.ro\/en\/?s={search_term_string}"},"query-input":{"@type":"PropertyValueSpecification","valueRequired":true,"valueName":"search_term_string"}}],"inLanguage":"en-US"},{"@type":"Organization","@id":"https:\/\/www.ovidiudragosargesanu.ro\/en\/#organization","name":"Ovidiu Drago\u0219 Arge\u0219anu","url":"https:\/\/www.ovidiudragosargesanu.ro\/en\/","logo":{"@type":"ImageObject","inLanguage":"en-US","@id":"https:\/\/www.ovidiudragosargesanu.ro\/en\/#\/schema\/logo\/image\/","url":"https:\/\/www.ovidiudragosargesanu.ro\/en\/wp-content\/uploads\/2018\/03\/dragos-logo-lotus-black-400.svg","contentUrl":"https:\/\/www.ovidiudragosargesanu.ro\/en\/wp-content\/uploads\/2018\/03\/dragos-logo-lotus-black-400.svg","width":300,"height":150,"caption":"Ovidiu Drago\u0219 Arge\u0219anu"},"image":{"@id":"https:\/\/www.ovidiudragosargesanu.ro\/en\/#\/schema\/logo\/image\/"}}]}},"_links":{"self":[{"href":"https:\/\/www.ovidiudragosargesanu.ro\/en\/wp-json\/wp\/v2\/product\/66485","targetHints":{"allow":["GET"]}}],"collection":[{"href":"https:\/\/www.ovidiudragosargesanu.ro\/en\/wp-json\/wp\/v2\/product"}],"about":[{"href":"https:\/\/www.ovidiudragosargesanu.ro\/en\/wp-json\/wp\/v2\/types\/product"}],"version-history":[{"count":3,"href":"https:\/\/www.ovidiudragosargesanu.ro\/en\/wp-json\/wp\/v2\/product\/66485\/revisions"}],"predecessor-version":[{"id":66495,"href":"https:\/\/www.ovidiudragosargesanu.ro\/en\/wp-json\/wp\/v2\/product\/66485\/revisions\/66495"}],"wp:featuredmedia":[{"embeddable":true,"href":"https:\/\/www.ovidiudragosargesanu.ro\/en\/wp-json\/wp\/v2\/media\/66493"}],"wp:attachment":[{"href":"https:\/\/www.ovidiudragosargesanu.ro\/en\/wp-json\/wp\/v2\/media?parent=66485"}],"wp:term":[{"taxonomy":"product_brand","embeddable":true,"href":"https:\/\/www.ovidiudragosargesanu.ro\/en\/wp-json\/wp\/v2\/product_brand?post=66485"},{"taxonomy":"product_cat","embeddable":true,"href":"https:\/\/www.ovidiudragosargesanu.ro\/en\/wp-json\/wp\/v2\/product_cat?post=66485"},{"taxonomy":"product_tag","embeddable":true,"href":"https:\/\/www.ovidiudragosargesanu.ro\/en\/wp-json\/wp\/v2\/product_tag?post=66485"}],"curies":[{"name":"wp","href":"https:\/\/api.w.org\/{rel}","templated":true}]}}