{"id":66506,"date":"2025-10-07T22:55:04","date_gmt":"2025-10-07T19:55:04","guid":{"rendered":"https:\/\/www.ovidiudragosargesanu.ro\/shop\/fara-categorie\/seminar-practic-maestri-reiki-usui-si-karuna-bucuresti-acces-online\/"},"modified":"2025-10-07T22:59:03","modified_gmt":"2025-10-07T19:59:03","slug":"seminar-practic-maestri-reiki-usui-si-karuna-bucuresti-acces-online","status":"publish","type":"product","link":"https:\/\/www.ovidiudragosargesanu.ro\/en\/shop\/evenimente-live-online\/seminar-practic-maestri-reiki-usui-si-karuna-bucuresti-acces-online\/","title":{"rendered":"Seminar Practic Maestri \u2013 Reiki Usui si Karuna &#8211; Bucuresti &#8211; acces online"},"content":{"rendered":"<p><strong>Seminar Practic Mae\u0219tri \u2013 Reiki Usui \u0219i Karuna<\/strong><\/p>\n<p>\ud83d\udccd Bucure\u0219ti | \ud83d\uddd3\ufe0f <strong>13 octombrie 2025<\/strong> | \ud83d\udd57 Ora 20:00 &#8211; 22:00<br \/>\n\ud83d\udcbb \u00cen sal\u0103 &amp; LIVE-ONLINE<br \/>\n\ud83d\udcde \u00censcrieri \u00een sal\u0103: <strong>0721.908.140<\/strong><\/p>\n<p>Un eveniment dedicat exclusiv mae\u0219trilor Reiki Usui \u0219i Karuna, conceput ca un spa\u021biu de lucru energetic profund \u0219i multidimensional, unde dou\u0103 mari sisteme de Lumin\u0103 se reunesc \u00eentr-un flux unic de vindecare, con\u0219tientizare \u0219i transformare spiritual\u0103.<br \/>\nSeminarul este 100% practic, centrat pe activare, integrare \u0219i lucrul direct cu tehnicile de maestru.<\/p>\n<p>\ud83d\udd38 <strong>CE VEI PRACTICA:<\/strong><br \/>\n* cur\u0103\u021barea caselor<br \/>\n* ajutorarea str\u0103mo\u0219ilor<br \/>\n* ridicarea la Cer a copiilor avorta\u021bi de pe neam<br \/>\n* vindecare emo\u021bional\u0103<br \/>\n* cur\u0103\u021barea \u0219i refacerea sufletului<br \/>\n* pl\u0103\u021bi karmice personale \u0219i de neam<br \/>\n* cum ob\u021bin aur spiritual prin Reiki<br \/>\n* cum ajut \u0219i m\u0103 folosesc de \u00eengerii bisericilor \u0219i catedralelor<br \/>\n* medita\u021bie<br \/>\n* m\u0103sur\u0103tori radiestezice pentru a identifica no\u021biunile neclare sau lips\u0103 \u0219i clarificarea acestora<\/p>\n<p>\ud83d\udd12 <strong>REGULI DE PARTICIPARE \u00ceN SAL\u0102:<\/strong><\/p>\n<p>\u2714\ufe0fPot participa doar persoanele care au primit cel pu\u021bin o ini\u021biere \u00een una dintre maiestriile Reiki Usui \u0219i Karuna<br \/>\n\u2714\ufe0fParticipan\u021bii trebuie s\u0103 fi integrat cel pu\u021bin 81% din sistemul Reiki Usui \u2013 M\u0103iestrie.<\/p>\n<p>\ud83d\udcde\u00censcrieri pentru participarea \u00een sal\u0103: <strong>0721.908.140<\/strong><br \/>\n<strong>! Locurile din sal\u0103 sunt limitate.<\/strong><\/p>\n<p>&nbsp;<\/p>\n","protected":false},"excerpt":{"rendered":"<p><strong>LOCURI NELIMITATE!<\/strong><\/p>\n<p>\ud83d\uddd3 13 Octombrie 2025 \ud83d\udd55 Ora 20:00 \u2013 22:00\ud83d\udccd Bucure\u0219ti \u2013 participare \u00een sal\u0103 sau Live-Online<\/p>\n<p>\ud83d\udcde\u00censcrieri pentru participarea \u00een sal\u0103:\u00a0<strong>0721.908.140<\/strong><\/p>\n<p><strong><b>LOCURI LIMITATE \u00een\u00a0 Sal\u0103!<\/b><\/strong><\/p>\n<p>M\u0103 bucur s\u0103 te am al\u0103turi la acest eveniment!<\/p>\n","protected":false},"featured_media":66514,"template":"","meta":{"inline_featured_image":false},"product_brand":[],"product_cat":[756],"product_tag":[],"class_list":{"0":"post-66506","1":"product","2":"type-product","3":"status-publish","4":"has-post-thumbnail","6":"product_cat-evenimente-live-online","8":"first","9":"instock","10":"virtual","11":"sold-individually","12":"taxable","13":"purchasable","14":"product-type-simple"},"yoast_head":"<!-- This site is optimized with the Yoast SEO plugin v26.9 - https:\/\/yoast.com\/product\/yoast-seo-wordpress\/ -->\n<title>Seminar Practic Maestri \u2013 Reiki Usui si Karuna - Bucuresti - acces online - Ovidiu Drago\u0219 Arge\u0219anu<\/title>\n<meta name=\"robots\" content=\"noindex, follow, max-snippet:-1, max-image-preview:large, max-video-preview:-1\" \/>\n<meta property=\"og:locale\" content=\"en_US\" \/>\n<meta property=\"og:type\" content=\"article\" \/>\n<meta property=\"og:title\" content=\"Seminar Practic Maestri \u2013 Reiki Usui si Karuna - Bucuresti - acces online - Ovidiu Drago\u0219 Arge\u0219anu\" \/>\n<meta property=\"og:description\" content=\"LOCURI NELIMITATE!  \ud83d\uddd3 13 Octombrie 2025 \ud83d\udd55 Ora 20:00 \u2013 22:00\ud83d\udccd Bucure\u0219ti \u2013 participare \u00een sal\u0103 sau Live-Online  \ud83d\udcde\u00censcrieri pentru participarea \u00een sal\u0103:\u00a00721.908.140  LOCURI LIMITATE \u00een\u00a0 Sal\u0103!  M\u0103 bucur s\u0103 te am al\u0103turi la acest eveniment!\" \/>\n<meta property=\"og:url\" content=\"https:\/\/www.ovidiudragosargesanu.ro\/en\/shop\/evenimente-live-online\/seminar-practic-maestri-reiki-usui-si-karuna-bucuresti-acces-online\/\" \/>\n<meta property=\"og:site_name\" content=\"Ovidiu Drago\u0219 Arge\u0219anu\" \/>\n<meta property=\"article:modified_time\" content=\"2025-10-07T19:59:03+00:00\" \/>\n<meta property=\"og:image\" content=\"https:\/\/www.ovidiudragosargesanu.ro\/en\/wp-content\/uploads\/2025\/10\/seminar-maestri-Reiki-Karuna-13-octombrie-600-x-800-px.jpg\" \/>\n\t<meta property=\"og:image:width\" content=\"600\" \/>\n\t<meta property=\"og:image:height\" content=\"800\" \/>\n\t<meta property=\"og:image:type\" content=\"image\/jpeg\" \/>\n<meta name=\"twitter:card\" content=\"summary_large_image\" \/>\n<meta name=\"twitter:label1\" content=\"Est. reading time\" \/>\n\t<meta name=\"twitter:data1\" content=\"2 minutes\" \/>\n<script type=\"application\/ld+json\" class=\"yoast-schema-graph\">{\"@context\":\"https:\/\/schema.org\",\"@graph\":[{\"@type\":\"WebPage\",\"@id\":\"https:\/\/www.ovidiudragosargesanu.ro\/en\/shop\/evenimente-live-online\/seminar-practic-maestri-reiki-usui-si-karuna-bucuresti-acces-online\/\",\"url\":\"https:\/\/www.ovidiudragosargesanu.ro\/en\/shop\/evenimente-live-online\/seminar-practic-maestri-reiki-usui-si-karuna-bucuresti-acces-online\/\",\"name\":\"Seminar Practic Maestri \u2013 Reiki Usui si Karuna - Bucuresti - acces online - Ovidiu Drago\u0219 Arge\u0219anu\",\"isPartOf\":{\"@id\":\"https:\/\/www.ovidiudragosargesanu.ro\/en\/#website\"},\"primaryImageOfPage\":{\"@id\":\"https:\/\/www.ovidiudragosargesanu.ro\/en\/shop\/evenimente-live-online\/seminar-practic-maestri-reiki-usui-si-karuna-bucuresti-acces-online\/#primaryimage\"},\"image\":{\"@id\":\"https:\/\/www.ovidiudragosargesanu.ro\/en\/shop\/evenimente-live-online\/seminar-practic-maestri-reiki-usui-si-karuna-bucuresti-acces-online\/#primaryimage\"},\"thumbnailUrl\":\"https:\/\/www.ovidiudragosargesanu.ro\/en\/wp-content\/uploads\/2025\/10\/seminar-maestri-Reiki-Karuna-13-octombrie-600-x-800-px.jpg\",\"datePublished\":\"2025-10-07T19:55:04+00:00\",\"dateModified\":\"2025-10-07T19:59:03+00:00\",\"breadcrumb\":{\"@id\":\"https:\/\/www.ovidiudragosargesanu.ro\/en\/shop\/evenimente-live-online\/seminar-practic-maestri-reiki-usui-si-karuna-bucuresti-acces-online\/#breadcrumb\"},\"inLanguage\":\"en-US\",\"potentialAction\":[{\"@type\":\"ReadAction\",\"target\":[\"https:\/\/www.ovidiudragosargesanu.ro\/en\/shop\/evenimente-live-online\/seminar-practic-maestri-reiki-usui-si-karuna-bucuresti-acces-online\/\"]}]},{\"@type\":\"ImageObject\",\"inLanguage\":\"en-US\",\"@id\":\"https:\/\/www.ovidiudragosargesanu.ro\/en\/shop\/evenimente-live-online\/seminar-practic-maestri-reiki-usui-si-karuna-bucuresti-acces-online\/#primaryimage\",\"url\":\"https:\/\/www.ovidiudragosargesanu.ro\/en\/wp-content\/uploads\/2025\/10\/seminar-maestri-Reiki-Karuna-13-octombrie-600-x-800-px.jpg\",\"contentUrl\":\"https:\/\/www.ovidiudragosargesanu.ro\/en\/wp-content\/uploads\/2025\/10\/seminar-maestri-Reiki-Karuna-13-octombrie-600-x-800-px.jpg\",\"width\":600,\"height\":800,\"caption\":\"seminar maestri Reiki Karuna 13 octombrie (600 x 800 px)\"},{\"@type\":\"BreadcrumbList\",\"@id\":\"https:\/\/www.ovidiudragosargesanu.ro\/en\/shop\/evenimente-live-online\/seminar-practic-maestri-reiki-usui-si-karuna-bucuresti-acces-online\/#breadcrumb\",\"itemListElement\":[{\"@type\":\"ListItem\",\"position\":1,\"name\":\"Prima pagin\u0103\",\"item\":\"https:\/\/www.ovidiudragosargesanu.ro\/en\/\"},{\"@type\":\"ListItem\",\"position\":2,\"name\":\"Shop\",\"item\":\"https:\/\/www.ovidiudragosargesanu.ro\/en\/shop\/\"},{\"@type\":\"ListItem\",\"position\":3,\"name\":\"Seminar Practic Maestri \u2013 Reiki Usui si Karuna &#8211; Bucuresti &#8211; acces online\"}]},{\"@type\":\"WebSite\",\"@id\":\"https:\/\/www.ovidiudragosargesanu.ro\/en\/#website\",\"url\":\"https:\/\/www.ovidiudragosargesanu.ro\/en\/\",\"name\":\"Ovidiu Drago\u0219 Arge\u0219anu\",\"description\":\"\",\"publisher\":{\"@id\":\"https:\/\/www.ovidiudragosargesanu.ro\/en\/#organization\"},\"potentialAction\":[{\"@type\":\"SearchAction\",\"target\":{\"@type\":\"EntryPoint\",\"urlTemplate\":\"https:\/\/www.ovidiudragosargesanu.ro\/en\/?s={search_term_string}\"},\"query-input\":{\"@type\":\"PropertyValueSpecification\",\"valueRequired\":true,\"valueName\":\"search_term_string\"}}],\"inLanguage\":\"en-US\"},{\"@type\":\"Organization\",\"@id\":\"https:\/\/www.ovidiudragosargesanu.ro\/en\/#organization\",\"name\":\"Ovidiu Drago\u0219 Arge\u0219anu\",\"url\":\"https:\/\/www.ovidiudragosargesanu.ro\/en\/\",\"logo\":{\"@type\":\"ImageObject\",\"inLanguage\":\"en-US\",\"@id\":\"https:\/\/www.ovidiudragosargesanu.ro\/en\/#\/schema\/logo\/image\/\",\"url\":\"https:\/\/www.ovidiudragosargesanu.ro\/en\/wp-content\/uploads\/2018\/03\/dragos-logo-lotus-black-400.svg\",\"contentUrl\":\"https:\/\/www.ovidiudragosargesanu.ro\/en\/wp-content\/uploads\/2018\/03\/dragos-logo-lotus-black-400.svg\",\"width\":300,\"height\":150,\"caption\":\"Ovidiu Drago\u0219 Arge\u0219anu\"},\"image\":{\"@id\":\"https:\/\/www.ovidiudragosargesanu.ro\/en\/#\/schema\/logo\/image\/\"}}]}<\/script>\n<!-- \/ Yoast SEO plugin. -->","yoast_head_json":{"title":"Seminar Practic Maestri \u2013 Reiki Usui si Karuna - Bucuresti - acces online - Ovidiu Drago\u0219 Arge\u0219anu","robots":{"index":"noindex","follow":"follow","max-snippet":"max-snippet:-1","max-image-preview":"max-image-preview:large","max-video-preview":"max-video-preview:-1"},"og_locale":"en_US","og_type":"article","og_title":"Seminar Practic Maestri \u2013 Reiki Usui si Karuna - Bucuresti - acces online - Ovidiu Drago\u0219 Arge\u0219anu","og_description":"LOCURI NELIMITATE!  \ud83d\uddd3 13 Octombrie 2025 \ud83d\udd55 Ora 20:00 \u2013 22:00\ud83d\udccd Bucure\u0219ti \u2013 participare \u00een sal\u0103 sau Live-Online  \ud83d\udcde\u00censcrieri pentru participarea \u00een sal\u0103:\u00a00721.908.140  LOCURI LIMITATE \u00een\u00a0 Sal\u0103!  M\u0103 bucur s\u0103 te am al\u0103turi la acest eveniment!","og_url":"https:\/\/www.ovidiudragosargesanu.ro\/en\/shop\/evenimente-live-online\/seminar-practic-maestri-reiki-usui-si-karuna-bucuresti-acces-online\/","og_site_name":"Ovidiu Drago\u0219 Arge\u0219anu","article_modified_time":"2025-10-07T19:59:03+00:00","og_image":[{"width":600,"height":800,"url":"https:\/\/www.ovidiudragosargesanu.ro\/en\/wp-content\/uploads\/2025\/10\/seminar-maestri-Reiki-Karuna-13-octombrie-600-x-800-px.jpg","type":"image\/jpeg"}],"twitter_card":"summary_large_image","twitter_misc":{"Est. reading time":"2 minutes"},"schema":{"@context":"https:\/\/schema.org","@graph":[{"@type":"WebPage","@id":"https:\/\/www.ovidiudragosargesanu.ro\/en\/shop\/evenimente-live-online\/seminar-practic-maestri-reiki-usui-si-karuna-bucuresti-acces-online\/","url":"https:\/\/www.ovidiudragosargesanu.ro\/en\/shop\/evenimente-live-online\/seminar-practic-maestri-reiki-usui-si-karuna-bucuresti-acces-online\/","name":"Seminar Practic Maestri \u2013 Reiki Usui si Karuna - Bucuresti - acces online - Ovidiu Drago\u0219 Arge\u0219anu","isPartOf":{"@id":"https:\/\/www.ovidiudragosargesanu.ro\/en\/#website"},"primaryImageOfPage":{"@id":"https:\/\/www.ovidiudragosargesanu.ro\/en\/shop\/evenimente-live-online\/seminar-practic-maestri-reiki-usui-si-karuna-bucuresti-acces-online\/#primaryimage"},"image":{"@id":"https:\/\/www.ovidiudragosargesanu.ro\/en\/shop\/evenimente-live-online\/seminar-practic-maestri-reiki-usui-si-karuna-bucuresti-acces-online\/#primaryimage"},"thumbnailUrl":"https:\/\/www.ovidiudragosargesanu.ro\/en\/wp-content\/uploads\/2025\/10\/seminar-maestri-Reiki-Karuna-13-octombrie-600-x-800-px.jpg","datePublished":"2025-10-07T19:55:04+00:00","dateModified":"2025-10-07T19:59:03+00:00","breadcrumb":{"@id":"https:\/\/www.ovidiudragosargesanu.ro\/en\/shop\/evenimente-live-online\/seminar-practic-maestri-reiki-usui-si-karuna-bucuresti-acces-online\/#breadcrumb"},"inLanguage":"en-US","potentialAction":[{"@type":"ReadAction","target":["https:\/\/www.ovidiudragosargesanu.ro\/en\/shop\/evenimente-live-online\/seminar-practic-maestri-reiki-usui-si-karuna-bucuresti-acces-online\/"]}]},{"@type":"ImageObject","inLanguage":"en-US","@id":"https:\/\/www.ovidiudragosargesanu.ro\/en\/shop\/evenimente-live-online\/seminar-practic-maestri-reiki-usui-si-karuna-bucuresti-acces-online\/#primaryimage","url":"https:\/\/www.ovidiudragosargesanu.ro\/en\/wp-content\/uploads\/2025\/10\/seminar-maestri-Reiki-Karuna-13-octombrie-600-x-800-px.jpg","contentUrl":"https:\/\/www.ovidiudragosargesanu.ro\/en\/wp-content\/uploads\/2025\/10\/seminar-maestri-Reiki-Karuna-13-octombrie-600-x-800-px.jpg","width":600,"height":800,"caption":"seminar maestri Reiki Karuna 13 octombrie (600 x 800 px)"},{"@type":"BreadcrumbList","@id":"https:\/\/www.ovidiudragosargesanu.ro\/en\/shop\/evenimente-live-online\/seminar-practic-maestri-reiki-usui-si-karuna-bucuresti-acces-online\/#breadcrumb","itemListElement":[{"@type":"ListItem","position":1,"name":"Prima pagin\u0103","item":"https:\/\/www.ovidiudragosargesanu.ro\/en\/"},{"@type":"ListItem","position":2,"name":"Shop","item":"https:\/\/www.ovidiudragosargesanu.ro\/en\/shop\/"},{"@type":"ListItem","position":3,"name":"Seminar Practic Maestri \u2013 Reiki Usui si Karuna &#8211; Bucuresti &#8211; acces online"}]},{"@type":"WebSite","@id":"https:\/\/www.ovidiudragosargesanu.ro\/en\/#website","url":"https:\/\/www.ovidiudragosargesanu.ro\/en\/","name":"Ovidiu Drago\u0219 Arge\u0219anu","description":"","publisher":{"@id":"https:\/\/www.ovidiudragosargesanu.ro\/en\/#organization"},"potentialAction":[{"@type":"SearchAction","target":{"@type":"EntryPoint","urlTemplate":"https:\/\/www.ovidiudragosargesanu.ro\/en\/?s={search_term_string}"},"query-input":{"@type":"PropertyValueSpecification","valueRequired":true,"valueName":"search_term_string"}}],"inLanguage":"en-US"},{"@type":"Organization","@id":"https:\/\/www.ovidiudragosargesanu.ro\/en\/#organization","name":"Ovidiu Drago\u0219 Arge\u0219anu","url":"https:\/\/www.ovidiudragosargesanu.ro\/en\/","logo":{"@type":"ImageObject","inLanguage":"en-US","@id":"https:\/\/www.ovidiudragosargesanu.ro\/en\/#\/schema\/logo\/image\/","url":"https:\/\/www.ovidiudragosargesanu.ro\/en\/wp-content\/uploads\/2018\/03\/dragos-logo-lotus-black-400.svg","contentUrl":"https:\/\/www.ovidiudragosargesanu.ro\/en\/wp-content\/uploads\/2018\/03\/dragos-logo-lotus-black-400.svg","width":300,"height":150,"caption":"Ovidiu Drago\u0219 Arge\u0219anu"},"image":{"@id":"https:\/\/www.ovidiudragosargesanu.ro\/en\/#\/schema\/logo\/image\/"}}]}},"_links":{"self":[{"href":"https:\/\/www.ovidiudragosargesanu.ro\/en\/wp-json\/wp\/v2\/product\/66506","targetHints":{"allow":["GET"]}}],"collection":[{"href":"https:\/\/www.ovidiudragosargesanu.ro\/en\/wp-json\/wp\/v2\/product"}],"about":[{"href":"https:\/\/www.ovidiudragosargesanu.ro\/en\/wp-json\/wp\/v2\/types\/product"}],"version-history":[{"count":2,"href":"https:\/\/www.ovidiudragosargesanu.ro\/en\/wp-json\/wp\/v2\/product\/66506\/revisions"}],"predecessor-version":[{"id":66515,"href":"https:\/\/www.ovidiudragosargesanu.ro\/en\/wp-json\/wp\/v2\/product\/66506\/revisions\/66515"}],"wp:featuredmedia":[{"embeddable":true,"href":"https:\/\/www.ovidiudragosargesanu.ro\/en\/wp-json\/wp\/v2\/media\/66514"}],"wp:attachment":[{"href":"https:\/\/www.ovidiudragosargesanu.ro\/en\/wp-json\/wp\/v2\/media?parent=66506"}],"wp:term":[{"taxonomy":"product_brand","embeddable":true,"href":"https:\/\/www.ovidiudragosargesanu.ro\/en\/wp-json\/wp\/v2\/product_brand?post=66506"},{"taxonomy":"product_cat","embeddable":true,"href":"https:\/\/www.ovidiudragosargesanu.ro\/en\/wp-json\/wp\/v2\/product_cat?post=66506"},{"taxonomy":"product_tag","embeddable":true,"href":"https:\/\/www.ovidiudragosargesanu.ro\/en\/wp-json\/wp\/v2\/product_tag?post=66506"}],"curies":[{"name":"wp","href":"https:\/\/api.w.org\/{rel}","templated":true}]}}