{"id":6807,"date":"2024-03-07T13:15:32","date_gmt":"2024-03-07T11:15:32","guid":{"rendered":"https:\/\/www.ovidiudragosargesanu.ro\/?post_type=product&#038;p=6807"},"modified":"2024-11-11T16:06:17","modified_gmt":"2024-11-11T14:06:17","slug":"conferinta-crestere-si-evolutie-in-relatii-bilet-in-sala","status":"publish","type":"product","link":"https:\/\/www.ovidiudragosargesanu.ro\/en\/shop\/conferinte-live-online\/conferinta-crestere-si-evolutie-in-relatii-bilet-in-sala\/","title":{"rendered":"Conferinta: Crestere si evolutie in relatii &#8211; Bilet in sala"},"content":{"rendered":"<div dir=\"auto\">\n<p><span style=\"font-weight: 400;\">,, C\u00e2nd \u00eencepi s\u0103 te \u00een\u021belegi pe tine, \u00eencepi s\u0103 \u00eel \u00een\u021belegi \u0219i pe cel\u0103lalt. &#8220;<\/span><\/p>\n<p><span style=\"font-weight: 400;\">Atunci c\u00e2nd intri \u00eentr-o rela\u021bie, ai ocazia s\u0103 vezi c\u00e2t de mult te cuno\u0219ti, c\u00e2t de mult te-ai schimbat \u00een timp \u0219i care este partea din tine care se reflect\u0103 \u00een cel\u0103lalt \u0219i pe care \u00ee\u021bi este inc\u0103 greu s\u0103 o accep\u021bi! O rela\u021bie poate s\u0103 \u00ee\u021bi aduc\u0103 vindecarea dar \u0219i distrugerea! Care este diferen\u021ba, o s\u0103 afli la conferin\u021b\u0103.\u00a0<\/span><\/p>\n<p><span style=\"font-weight: 400;\">Cum po\u021bi cre\u0219te \u00eentr-o rela\u021bie?<\/span><\/p>\n<p><span style=\"font-weight: 400;\">Care sunt miturile despre rela\u021bii?<\/span><\/p>\n<p><span style=\"font-weight: 400;\">Ce define\u0219te s\u0103n\u0103tatea rela\u021bional\u0103?\u00a0<\/span><\/p>\n<p><span style=\"font-weight: 400;\">Ce rol joac\u0103 karma de neam \u00een alegerea unui partener?<\/span><\/p>\n<p><span style=\"font-weight: 400;\">C\u00e2nd \u0219tii c\u0103 este momentul s\u0103 ie\u0219i dintr-o rela\u021bie \u0219i ce implic\u0103 asta din punct de vedere spiritual?<\/span><\/p>\n<p><span style=\"font-weight: 400;\">Te a\u0219tept\u0103m mar\u021bi, 26 martie, la o \u00eent\u00e2lnire \u021binut\u0103 de Dr. Ovidiu Drago\u0219 Arge\u0219anu \u0219i Psihoterapeut Iulia Roxana Oroviceanu, la care ai ocazia s\u0103 \u00ee\u021bi g\u0103se\u0219ti r\u0103spunsuri la \u00eentreb\u0103rile care te fr\u0103m\u00e2nt\u0103 \u0219i s\u0103 afli mai mult despre tot ce \u00eenseamn\u0103 evolu\u021bia \u00een rela\u021bii.<\/span><\/p>\n<\/div>\n","protected":false},"excerpt":{"rendered":"<p>LOCURI LIMITATE \u00ceN SAL\u0102!<\/p>\n<p>Achizi\u021bion\u00e2nd acum ave\u021bi automat locul \u00een sal\u0103 rezervat \u0219i accesul online.\u00a0 Dup\u0103 finalizarea transmisiunii Live-Online, ave\u021bi acces nelimitat pentru a reviziona conferin\u021ba oric\u00e2nd dori\u021bi.<\/p>\n<p>Conferin\u021ba ,,Cre\u0219tere \u0219i evolu\u021bie \u00een rela\u021bii\u201d sus\u021binut\u0103 de Dr. Ovidiu Drago\u0219 Arge\u0219anu \u0219i Psihoterapeut Iulia Roxana Oroviceanu este o modalitate prin care <span style=\"font-weight: 400;\">ai ocazia s\u0103 \u00ee\u021bi g\u0103se\u0219ti r\u0103spunsuri la \u00eentreb\u0103rile care te fr\u0103m\u00e2nt\u0103 \u0219i s\u0103 afli mai mult despre tot ce \u00eenseamn\u0103 evolu\u021bia \u00een rela\u021bii.<\/span><\/p>\n<p>&nbsp;<\/p>\n<p>&nbsp;<\/p>\n","protected":false},"featured_media":6819,"template":"","meta":{"inline_featured_image":false},"product_brand":[],"product_cat":[747],"product_tag":[738],"class_list":{"0":"post-6807","1":"product","2":"type-product","3":"status-publish","4":"has-post-thumbnail","6":"product_cat-conferinte-live-online","7":"product_tag-supraconstiinta","9":"first","10":"instock","11":"virtual","12":"sold-individually","13":"taxable","14":"purchasable","15":"product-type-simple"},"yoast_head":"<!-- This site is optimized with the Yoast SEO plugin v26.9 - https:\/\/yoast.com\/product\/yoast-seo-wordpress\/ -->\n<title>Conferinta: Crestere si evolutie in relatii - Bilet in sala - Ovidiu Drago\u0219 Arge\u0219anu<\/title>\n<meta name=\"description\" content=\"Conferinta ,,Crestere si evolutie in relatii\u201d sus\u021binuta de Dr. Ovidiu Drago\u0219 Argesanu si Psihoterapeut Iulia Roxana Oroviceanu este o modalitate prin care\" \/>\n<meta name=\"robots\" content=\"noindex, follow, max-snippet:-1, max-image-preview:large, max-video-preview:-1\" \/>\n<meta property=\"og:locale\" content=\"en_US\" \/>\n<meta property=\"og:type\" content=\"article\" \/>\n<meta property=\"og:title\" content=\"Conferinta: Crestere si evolutie in relatii - Bilet in sala - Ovidiu Drago\u0219 Arge\u0219anu\" \/>\n<meta property=\"og:description\" content=\"Conferinta ,,Crestere si evolutie in relatii\u201d sus\u021binuta de Dr. Ovidiu Drago\u0219 Argesanu si Psihoterapeut Iulia Roxana Oroviceanu este o modalitate prin care\" \/>\n<meta property=\"og:url\" content=\"https:\/\/www.ovidiudragosargesanu.ro\/en\/shop\/conferinte-live-online\/conferinta-crestere-si-evolutie-in-relatii-bilet-in-sala\/\" \/>\n<meta property=\"og:site_name\" content=\"Ovidiu Drago\u0219 Arge\u0219anu\" \/>\n<meta property=\"article:modified_time\" content=\"2024-11-11T14:06:17+00:00\" \/>\n<meta property=\"og:image\" content=\"https:\/\/www.ovidiudragosargesanu.ro\/en\/wp-content\/uploads\/2024\/03\/Curs_Crestere_si_evolutie_in_relatii_bilet_in_sala.png\" \/>\n\t<meta property=\"og:image:width\" content=\"600\" \/>\n\t<meta property=\"og:image:height\" content=\"800\" \/>\n\t<meta property=\"og:image:type\" content=\"image\/png\" \/>\n<meta name=\"twitter:card\" content=\"summary_large_image\" \/>\n<meta name=\"twitter:label1\" content=\"Est. reading time\" \/>\n\t<meta name=\"twitter:data1\" content=\"2 minutes\" \/>\n<script type=\"application\/ld+json\" class=\"yoast-schema-graph\">{\"@context\":\"https:\/\/schema.org\",\"@graph\":[{\"@type\":\"WebPage\",\"@id\":\"https:\/\/www.ovidiudragosargesanu.ro\/en\/shop\/conferinte-live-online\/conferinta-crestere-si-evolutie-in-relatii-bilet-in-sala\/\",\"url\":\"https:\/\/www.ovidiudragosargesanu.ro\/en\/shop\/conferinte-live-online\/conferinta-crestere-si-evolutie-in-relatii-bilet-in-sala\/\",\"name\":\"Conferinta: Crestere si evolutie in relatii - Bilet in sala - Ovidiu Drago\u0219 Arge\u0219anu\",\"isPartOf\":{\"@id\":\"https:\/\/www.ovidiudragosargesanu.ro\/en\/#website\"},\"primaryImageOfPage\":{\"@id\":\"https:\/\/www.ovidiudragosargesanu.ro\/en\/shop\/conferinte-live-online\/conferinta-crestere-si-evolutie-in-relatii-bilet-in-sala\/#primaryimage\"},\"image\":{\"@id\":\"https:\/\/www.ovidiudragosargesanu.ro\/en\/shop\/conferinte-live-online\/conferinta-crestere-si-evolutie-in-relatii-bilet-in-sala\/#primaryimage\"},\"thumbnailUrl\":\"https:\/\/www.ovidiudragosargesanu.ro\/en\/wp-content\/uploads\/2024\/03\/Curs_Crestere_si_evolutie_in_relatii_bilet_in_sala.png\",\"datePublished\":\"2024-03-07T11:15:32+00:00\",\"dateModified\":\"2024-11-11T14:06:17+00:00\",\"description\":\"Conferinta ,,Crestere si evolutie in relatii\u201d sus\u021binuta de Dr. Ovidiu Drago\u0219 Argesanu si Psihoterapeut Iulia Roxana Oroviceanu este o modalitate prin care\",\"breadcrumb\":{\"@id\":\"https:\/\/www.ovidiudragosargesanu.ro\/en\/shop\/conferinte-live-online\/conferinta-crestere-si-evolutie-in-relatii-bilet-in-sala\/#breadcrumb\"},\"inLanguage\":\"en-US\",\"potentialAction\":[{\"@type\":\"ReadAction\",\"target\":[\"https:\/\/www.ovidiudragosargesanu.ro\/en\/shop\/conferinte-live-online\/conferinta-crestere-si-evolutie-in-relatii-bilet-in-sala\/\"]}]},{\"@type\":\"ImageObject\",\"inLanguage\":\"en-US\",\"@id\":\"https:\/\/www.ovidiudragosargesanu.ro\/en\/shop\/conferinte-live-online\/conferinta-crestere-si-evolutie-in-relatii-bilet-in-sala\/#primaryimage\",\"url\":\"https:\/\/www.ovidiudragosargesanu.ro\/en\/wp-content\/uploads\/2024\/03\/Curs_Crestere_si_evolutie_in_relatii_bilet_in_sala.png\",\"contentUrl\":\"https:\/\/www.ovidiudragosargesanu.ro\/en\/wp-content\/uploads\/2024\/03\/Curs_Crestere_si_evolutie_in_relatii_bilet_in_sala.png\",\"width\":600,\"height\":800},{\"@type\":\"BreadcrumbList\",\"@id\":\"https:\/\/www.ovidiudragosargesanu.ro\/en\/shop\/conferinte-live-online\/conferinta-crestere-si-evolutie-in-relatii-bilet-in-sala\/#breadcrumb\",\"itemListElement\":[{\"@type\":\"ListItem\",\"position\":1,\"name\":\"Prima pagin\u0103\",\"item\":\"https:\/\/www.ovidiudragosargesanu.ro\/en\/\"},{\"@type\":\"ListItem\",\"position\":2,\"name\":\"Shop\",\"item\":\"https:\/\/www.ovidiudragosargesanu.ro\/en\/shop\/\"},{\"@type\":\"ListItem\",\"position\":3,\"name\":\"Conferinta: Crestere si evolutie in relatii &#8211; Bilet in sala\"}]},{\"@type\":\"WebSite\",\"@id\":\"https:\/\/www.ovidiudragosargesanu.ro\/en\/#website\",\"url\":\"https:\/\/www.ovidiudragosargesanu.ro\/en\/\",\"name\":\"Ovidiu Drago\u0219 Arge\u0219anu\",\"description\":\"\",\"publisher\":{\"@id\":\"https:\/\/www.ovidiudragosargesanu.ro\/en\/#organization\"},\"potentialAction\":[{\"@type\":\"SearchAction\",\"target\":{\"@type\":\"EntryPoint\",\"urlTemplate\":\"https:\/\/www.ovidiudragosargesanu.ro\/en\/?s={search_term_string}\"},\"query-input\":{\"@type\":\"PropertyValueSpecification\",\"valueRequired\":true,\"valueName\":\"search_term_string\"}}],\"inLanguage\":\"en-US\"},{\"@type\":\"Organization\",\"@id\":\"https:\/\/www.ovidiudragosargesanu.ro\/en\/#organization\",\"name\":\"Ovidiu Drago\u0219 Arge\u0219anu\",\"url\":\"https:\/\/www.ovidiudragosargesanu.ro\/en\/\",\"logo\":{\"@type\":\"ImageObject\",\"inLanguage\":\"en-US\",\"@id\":\"https:\/\/www.ovidiudragosargesanu.ro\/en\/#\/schema\/logo\/image\/\",\"url\":\"https:\/\/www.ovidiudragosargesanu.ro\/en\/wp-content\/uploads\/2018\/03\/dragos-logo-lotus-black-400.svg\",\"contentUrl\":\"https:\/\/www.ovidiudragosargesanu.ro\/en\/wp-content\/uploads\/2018\/03\/dragos-logo-lotus-black-400.svg\",\"width\":300,\"height\":150,\"caption\":\"Ovidiu Drago\u0219 Arge\u0219anu\"},\"image\":{\"@id\":\"https:\/\/www.ovidiudragosargesanu.ro\/en\/#\/schema\/logo\/image\/\"}}]}<\/script>\n<!-- \/ Yoast SEO plugin. -->","yoast_head_json":{"title":"Conferinta: Crestere si evolutie in relatii - Bilet in sala - Ovidiu Drago\u0219 Arge\u0219anu","description":"Conferinta ,,Crestere si evolutie in relatii\u201d sus\u021binuta de Dr. Ovidiu Drago\u0219 Argesanu si Psihoterapeut Iulia Roxana Oroviceanu este o modalitate prin care","robots":{"index":"noindex","follow":"follow","max-snippet":"max-snippet:-1","max-image-preview":"max-image-preview:large","max-video-preview":"max-video-preview:-1"},"og_locale":"en_US","og_type":"article","og_title":"Conferinta: Crestere si evolutie in relatii - Bilet in sala - Ovidiu Drago\u0219 Arge\u0219anu","og_description":"Conferinta ,,Crestere si evolutie in relatii\u201d sus\u021binuta de Dr. Ovidiu Drago\u0219 Argesanu si Psihoterapeut Iulia Roxana Oroviceanu este o modalitate prin care","og_url":"https:\/\/www.ovidiudragosargesanu.ro\/en\/shop\/conferinte-live-online\/conferinta-crestere-si-evolutie-in-relatii-bilet-in-sala\/","og_site_name":"Ovidiu Drago\u0219 Arge\u0219anu","article_modified_time":"2024-11-11T14:06:17+00:00","og_image":[{"width":600,"height":800,"url":"https:\/\/www.ovidiudragosargesanu.ro\/en\/wp-content\/uploads\/2024\/03\/Curs_Crestere_si_evolutie_in_relatii_bilet_in_sala.png","type":"image\/png"}],"twitter_card":"summary_large_image","twitter_misc":{"Est. reading time":"2 minutes"},"schema":{"@context":"https:\/\/schema.org","@graph":[{"@type":"WebPage","@id":"https:\/\/www.ovidiudragosargesanu.ro\/en\/shop\/conferinte-live-online\/conferinta-crestere-si-evolutie-in-relatii-bilet-in-sala\/","url":"https:\/\/www.ovidiudragosargesanu.ro\/en\/shop\/conferinte-live-online\/conferinta-crestere-si-evolutie-in-relatii-bilet-in-sala\/","name":"Conferinta: Crestere si evolutie in relatii - Bilet in sala - Ovidiu Drago\u0219 Arge\u0219anu","isPartOf":{"@id":"https:\/\/www.ovidiudragosargesanu.ro\/en\/#website"},"primaryImageOfPage":{"@id":"https:\/\/www.ovidiudragosargesanu.ro\/en\/shop\/conferinte-live-online\/conferinta-crestere-si-evolutie-in-relatii-bilet-in-sala\/#primaryimage"},"image":{"@id":"https:\/\/www.ovidiudragosargesanu.ro\/en\/shop\/conferinte-live-online\/conferinta-crestere-si-evolutie-in-relatii-bilet-in-sala\/#primaryimage"},"thumbnailUrl":"https:\/\/www.ovidiudragosargesanu.ro\/en\/wp-content\/uploads\/2024\/03\/Curs_Crestere_si_evolutie_in_relatii_bilet_in_sala.png","datePublished":"2024-03-07T11:15:32+00:00","dateModified":"2024-11-11T14:06:17+00:00","description":"Conferinta ,,Crestere si evolutie in relatii\u201d sus\u021binuta de Dr. Ovidiu Drago\u0219 Argesanu si Psihoterapeut Iulia Roxana Oroviceanu este o modalitate prin care","breadcrumb":{"@id":"https:\/\/www.ovidiudragosargesanu.ro\/en\/shop\/conferinte-live-online\/conferinta-crestere-si-evolutie-in-relatii-bilet-in-sala\/#breadcrumb"},"inLanguage":"en-US","potentialAction":[{"@type":"ReadAction","target":["https:\/\/www.ovidiudragosargesanu.ro\/en\/shop\/conferinte-live-online\/conferinta-crestere-si-evolutie-in-relatii-bilet-in-sala\/"]}]},{"@type":"ImageObject","inLanguage":"en-US","@id":"https:\/\/www.ovidiudragosargesanu.ro\/en\/shop\/conferinte-live-online\/conferinta-crestere-si-evolutie-in-relatii-bilet-in-sala\/#primaryimage","url":"https:\/\/www.ovidiudragosargesanu.ro\/en\/wp-content\/uploads\/2024\/03\/Curs_Crestere_si_evolutie_in_relatii_bilet_in_sala.png","contentUrl":"https:\/\/www.ovidiudragosargesanu.ro\/en\/wp-content\/uploads\/2024\/03\/Curs_Crestere_si_evolutie_in_relatii_bilet_in_sala.png","width":600,"height":800},{"@type":"BreadcrumbList","@id":"https:\/\/www.ovidiudragosargesanu.ro\/en\/shop\/conferinte-live-online\/conferinta-crestere-si-evolutie-in-relatii-bilet-in-sala\/#breadcrumb","itemListElement":[{"@type":"ListItem","position":1,"name":"Prima pagin\u0103","item":"https:\/\/www.ovidiudragosargesanu.ro\/en\/"},{"@type":"ListItem","position":2,"name":"Shop","item":"https:\/\/www.ovidiudragosargesanu.ro\/en\/shop\/"},{"@type":"ListItem","position":3,"name":"Conferinta: Crestere si evolutie in relatii &#8211; Bilet in sala"}]},{"@type":"WebSite","@id":"https:\/\/www.ovidiudragosargesanu.ro\/en\/#website","url":"https:\/\/www.ovidiudragosargesanu.ro\/en\/","name":"Ovidiu Drago\u0219 Arge\u0219anu","description":"","publisher":{"@id":"https:\/\/www.ovidiudragosargesanu.ro\/en\/#organization"},"potentialAction":[{"@type":"SearchAction","target":{"@type":"EntryPoint","urlTemplate":"https:\/\/www.ovidiudragosargesanu.ro\/en\/?s={search_term_string}"},"query-input":{"@type":"PropertyValueSpecification","valueRequired":true,"valueName":"search_term_string"}}],"inLanguage":"en-US"},{"@type":"Organization","@id":"https:\/\/www.ovidiudragosargesanu.ro\/en\/#organization","name":"Ovidiu Drago\u0219 Arge\u0219anu","url":"https:\/\/www.ovidiudragosargesanu.ro\/en\/","logo":{"@type":"ImageObject","inLanguage":"en-US","@id":"https:\/\/www.ovidiudragosargesanu.ro\/en\/#\/schema\/logo\/image\/","url":"https:\/\/www.ovidiudragosargesanu.ro\/en\/wp-content\/uploads\/2018\/03\/dragos-logo-lotus-black-400.svg","contentUrl":"https:\/\/www.ovidiudragosargesanu.ro\/en\/wp-content\/uploads\/2018\/03\/dragos-logo-lotus-black-400.svg","width":300,"height":150,"caption":"Ovidiu Drago\u0219 Arge\u0219anu"},"image":{"@id":"https:\/\/www.ovidiudragosargesanu.ro\/en\/#\/schema\/logo\/image\/"}}]}},"_links":{"self":[{"href":"https:\/\/www.ovidiudragosargesanu.ro\/en\/wp-json\/wp\/v2\/product\/6807","targetHints":{"allow":["GET"]}}],"collection":[{"href":"https:\/\/www.ovidiudragosargesanu.ro\/en\/wp-json\/wp\/v2\/product"}],"about":[{"href":"https:\/\/www.ovidiudragosargesanu.ro\/en\/wp-json\/wp\/v2\/types\/product"}],"version-history":[{"count":4,"href":"https:\/\/www.ovidiudragosargesanu.ro\/en\/wp-json\/wp\/v2\/product\/6807\/revisions"}],"predecessor-version":[{"id":6830,"href":"https:\/\/www.ovidiudragosargesanu.ro\/en\/wp-json\/wp\/v2\/product\/6807\/revisions\/6830"}],"wp:featuredmedia":[{"embeddable":true,"href":"https:\/\/www.ovidiudragosargesanu.ro\/en\/wp-json\/wp\/v2\/media\/6819"}],"wp:attachment":[{"href":"https:\/\/www.ovidiudragosargesanu.ro\/en\/wp-json\/wp\/v2\/media?parent=6807"}],"wp:term":[{"taxonomy":"product_brand","embeddable":true,"href":"https:\/\/www.ovidiudragosargesanu.ro\/en\/wp-json\/wp\/v2\/product_brand?post=6807"},{"taxonomy":"product_cat","embeddable":true,"href":"https:\/\/www.ovidiudragosargesanu.ro\/en\/wp-json\/wp\/v2\/product_cat?post=6807"},{"taxonomy":"product_tag","embeddable":true,"href":"https:\/\/www.ovidiudragosargesanu.ro\/en\/wp-json\/wp\/v2\/product_tag?post=6807"}],"curies":[{"name":"wp","href":"https:\/\/api.w.org\/{rel}","templated":true}]}}