{"id":6910,"date":"2024-03-08T14:38:33","date_gmt":"2024-03-08T12:38:33","guid":{"rendered":"https:\/\/www.ovidiudragosargesanu.ro\/?post_type=product&#038;p=6910"},"modified":"2024-11-11T16:06:17","modified_gmt":"2024-11-11T14:06:17","slug":"curs-preotia-lui-melchisedek-bilet-in-sala","status":"publish","type":"product","link":"https:\/\/www.ovidiudragosargesanu.ro\/en\/shop\/cursuri-live-online\/curs-preotia-lui-melchisedek-bilet-in-sala\/","title":{"rendered":"Curs: Preotia lui Melchisedek \u2013 Bilet in sala"},"content":{"rendered":"<div dir=\"auto\">\n<p>V\u0103 a\u0219tept\u0103m cu mult drag!<\/p>\n<p>Cursul ,,Preo\u021bia lui Melchisedek\u201d sus\u021binut de dr. Ovidiu Drago\u0219 Arge\u0219anu la Ia\u0219i \u00een data de 20.03.2024, la ora 18.00, loca\u021bia Hotel Ramada.<\/p>\n<p>Principalele teme atinse:<\/p>\n<ul>\n<li>explicarea tainelor preo\u021biei lui Melchisedek<\/li>\n<li>leg\u0103tura cu preo\u021bia cristic\u0103<\/li>\n<li>Sfera lui Melchisedek<\/li>\n<li>ritualul de sfin\u021bire a apei<\/li>\n<li>ritualul de sfin\u021bire a vinului pentru \u00eemp\u0103rt\u0103\u0219anie. Euharistia.<\/li>\n<li>dezleg\u0103rile de magie<\/li>\n<li>spovedania<\/li>\n<li>tainele: botez\/ maslu\/ cununie\/ c\u0103lug\u0103rie\/ etc.<\/li>\n<\/ul>\n<p>Pentru terapii individuale, consulta\u021bii, ini\u021bieri la num\u0103rul de telefon: 0729.026.970.<\/p>\n<\/div>\n","protected":false},"excerpt":{"rendered":"<p>LOCURI LIMITATE \u00ceN SAL\u0102!<\/p>\n<p>Achizi\u021bion\u00e2nd acum ave\u021bi automat locul \u00een sal\u0103 rezervat \u0219i accesul online.\u00a0 Dup\u0103 finalizarea transmisiunii Live-Online, ave\u021bi acces nelimitat pentru a reviziona cursul oric\u00e2nd dori\u021bi.<\/p>\n<p>Cursul ,,Preo\u021bia lui Melchisedek\u201d sus\u021binut de dr. Ovidiu Drago\u0219 Arge\u0219anu la Ia\u0219i \u00een data de 20.03.2024, la ora 18.00, loca\u021bia Hotel Ramada.<\/p>\n<p>&nbsp;<\/p>\n<p>&nbsp;<\/p>\n","protected":false},"featured_media":6911,"template":"","meta":{"inline_featured_image":false},"product_brand":[],"product_cat":[741],"product_tag":[738],"class_list":{"0":"post-6910","1":"product","2":"type-product","3":"status-publish","4":"has-post-thumbnail","6":"product_cat-cursuri-live-online","7":"product_tag-supraconstiinta","9":"first","10":"instock","11":"virtual","12":"sold-individually","13":"taxable","14":"purchasable","15":"product-type-simple"},"yoast_head":"<!-- This site is optimized with the Yoast SEO plugin v26.9 - https:\/\/yoast.com\/product\/yoast-seo-wordpress\/ -->\n<title>Curs: Preotia lui Melchisedek \u2013 Bilet in sala - Ovidiu Drago\u0219 Arge\u0219anu<\/title>\n<meta name=\"description\" content=\"Cursul ,,Preo\u021bia lui Melchisedek\u201d sus\u021binut de dr. Ovidiu Drago\u0219 Arge\u0219anu la Ia\u0219i \u00een data de 20.03.2024, la ora 18.00\" \/>\n<meta name=\"robots\" content=\"noindex, follow, max-snippet:-1, max-image-preview:large, max-video-preview:-1\" \/>\n<meta property=\"og:locale\" content=\"en_US\" \/>\n<meta property=\"og:type\" content=\"article\" \/>\n<meta property=\"og:title\" content=\"Curs: Preotia lui Melchisedek \u2013 Bilet in sala - Ovidiu Drago\u0219 Arge\u0219anu\" \/>\n<meta property=\"og:description\" content=\"Cursul ,,Preo\u021bia lui Melchisedek\u201d sus\u021binut de dr. Ovidiu Drago\u0219 Arge\u0219anu la Ia\u0219i \u00een data de 20.03.2024, la ora 18.00\" \/>\n<meta property=\"og:url\" content=\"https:\/\/www.ovidiudragosargesanu.ro\/en\/shop\/cursuri-live-online\/curs-preotia-lui-melchisedek-bilet-in-sala\/\" \/>\n<meta property=\"og:site_name\" content=\"Ovidiu Drago\u0219 Arge\u0219anu\" \/>\n<meta property=\"article:modified_time\" content=\"2024-11-11T14:06:17+00:00\" \/>\n<meta property=\"og:image\" content=\"https:\/\/www.ovidiudragosargesanu.ro\/en\/wp-content\/uploads\/2024\/03\/Curs-preotia-lui-melchisedek-bilet-in-sala-600-800-768x1024.png\" \/>\n\t<meta property=\"og:image:width\" content=\"768\" \/>\n\t<meta property=\"og:image:height\" content=\"1024\" \/>\n\t<meta property=\"og:image:type\" content=\"image\/png\" \/>\n<meta name=\"twitter:card\" content=\"summary_large_image\" \/>\n<meta name=\"twitter:label1\" content=\"Est. reading time\" \/>\n\t<meta name=\"twitter:data1\" content=\"1 minute\" \/>\n<script type=\"application\/ld+json\" class=\"yoast-schema-graph\">{\"@context\":\"https:\/\/schema.org\",\"@graph\":[{\"@type\":\"WebPage\",\"@id\":\"https:\/\/www.ovidiudragosargesanu.ro\/en\/shop\/cursuri-live-online\/curs-preotia-lui-melchisedek-bilet-in-sala\/\",\"url\":\"https:\/\/www.ovidiudragosargesanu.ro\/en\/shop\/cursuri-live-online\/curs-preotia-lui-melchisedek-bilet-in-sala\/\",\"name\":\"Curs: Preotia lui Melchisedek \u2013 Bilet in sala - Ovidiu Drago\u0219 Arge\u0219anu\",\"isPartOf\":{\"@id\":\"https:\/\/www.ovidiudragosargesanu.ro\/en\/#website\"},\"primaryImageOfPage\":{\"@id\":\"https:\/\/www.ovidiudragosargesanu.ro\/en\/shop\/cursuri-live-online\/curs-preotia-lui-melchisedek-bilet-in-sala\/#primaryimage\"},\"image\":{\"@id\":\"https:\/\/www.ovidiudragosargesanu.ro\/en\/shop\/cursuri-live-online\/curs-preotia-lui-melchisedek-bilet-in-sala\/#primaryimage\"},\"thumbnailUrl\":\"https:\/\/www.ovidiudragosargesanu.ro\/en\/wp-content\/uploads\/2024\/03\/Curs-preotia-lui-melchisedek-bilet-in-sala-600-800.png\",\"datePublished\":\"2024-03-08T12:38:33+00:00\",\"dateModified\":\"2024-11-11T14:06:17+00:00\",\"description\":\"Cursul ,,Preo\u021bia lui Melchisedek\u201d sus\u021binut de dr. Ovidiu Drago\u0219 Arge\u0219anu la Ia\u0219i \u00een data de 20.03.2024, la ora 18.00\",\"breadcrumb\":{\"@id\":\"https:\/\/www.ovidiudragosargesanu.ro\/en\/shop\/cursuri-live-online\/curs-preotia-lui-melchisedek-bilet-in-sala\/#breadcrumb\"},\"inLanguage\":\"en-US\",\"potentialAction\":[{\"@type\":\"ReadAction\",\"target\":[\"https:\/\/www.ovidiudragosargesanu.ro\/en\/shop\/cursuri-live-online\/curs-preotia-lui-melchisedek-bilet-in-sala\/\"]}]},{\"@type\":\"ImageObject\",\"inLanguage\":\"en-US\",\"@id\":\"https:\/\/www.ovidiudragosargesanu.ro\/en\/shop\/cursuri-live-online\/curs-preotia-lui-melchisedek-bilet-in-sala\/#primaryimage\",\"url\":\"https:\/\/www.ovidiudragosargesanu.ro\/en\/wp-content\/uploads\/2024\/03\/Curs-preotia-lui-melchisedek-bilet-in-sala-600-800.png\",\"contentUrl\":\"https:\/\/www.ovidiudragosargesanu.ro\/en\/wp-content\/uploads\/2024\/03\/Curs-preotia-lui-melchisedek-bilet-in-sala-600-800.png\",\"width\":2268,\"height\":3024},{\"@type\":\"BreadcrumbList\",\"@id\":\"https:\/\/www.ovidiudragosargesanu.ro\/en\/shop\/cursuri-live-online\/curs-preotia-lui-melchisedek-bilet-in-sala\/#breadcrumb\",\"itemListElement\":[{\"@type\":\"ListItem\",\"position\":1,\"name\":\"Prima pagin\u0103\",\"item\":\"https:\/\/www.ovidiudragosargesanu.ro\/en\/\"},{\"@type\":\"ListItem\",\"position\":2,\"name\":\"Shop\",\"item\":\"https:\/\/www.ovidiudragosargesanu.ro\/en\/shop\/\"},{\"@type\":\"ListItem\",\"position\":3,\"name\":\"Curs: Preotia lui Melchisedek \u2013 Bilet in sala\"}]},{\"@type\":\"WebSite\",\"@id\":\"https:\/\/www.ovidiudragosargesanu.ro\/en\/#website\",\"url\":\"https:\/\/www.ovidiudragosargesanu.ro\/en\/\",\"name\":\"Ovidiu Drago\u0219 Arge\u0219anu\",\"description\":\"\",\"publisher\":{\"@id\":\"https:\/\/www.ovidiudragosargesanu.ro\/en\/#organization\"},\"potentialAction\":[{\"@type\":\"SearchAction\",\"target\":{\"@type\":\"EntryPoint\",\"urlTemplate\":\"https:\/\/www.ovidiudragosargesanu.ro\/en\/?s={search_term_string}\"},\"query-input\":{\"@type\":\"PropertyValueSpecification\",\"valueRequired\":true,\"valueName\":\"search_term_string\"}}],\"inLanguage\":\"en-US\"},{\"@type\":\"Organization\",\"@id\":\"https:\/\/www.ovidiudragosargesanu.ro\/en\/#organization\",\"name\":\"Ovidiu Drago\u0219 Arge\u0219anu\",\"url\":\"https:\/\/www.ovidiudragosargesanu.ro\/en\/\",\"logo\":{\"@type\":\"ImageObject\",\"inLanguage\":\"en-US\",\"@id\":\"https:\/\/www.ovidiudragosargesanu.ro\/en\/#\/schema\/logo\/image\/\",\"url\":\"https:\/\/www.ovidiudragosargesanu.ro\/en\/wp-content\/uploads\/2018\/03\/dragos-logo-lotus-black-400.svg\",\"contentUrl\":\"https:\/\/www.ovidiudragosargesanu.ro\/en\/wp-content\/uploads\/2018\/03\/dragos-logo-lotus-black-400.svg\",\"width\":300,\"height\":150,\"caption\":\"Ovidiu Drago\u0219 Arge\u0219anu\"},\"image\":{\"@id\":\"https:\/\/www.ovidiudragosargesanu.ro\/en\/#\/schema\/logo\/image\/\"}}]}<\/script>\n<!-- \/ Yoast SEO plugin. -->","yoast_head_json":{"title":"Curs: Preotia lui Melchisedek \u2013 Bilet in sala - Ovidiu Drago\u0219 Arge\u0219anu","description":"Cursul ,,Preo\u021bia lui Melchisedek\u201d sus\u021binut de dr. Ovidiu Drago\u0219 Arge\u0219anu la Ia\u0219i \u00een data de 20.03.2024, la ora 18.00","robots":{"index":"noindex","follow":"follow","max-snippet":"max-snippet:-1","max-image-preview":"max-image-preview:large","max-video-preview":"max-video-preview:-1"},"og_locale":"en_US","og_type":"article","og_title":"Curs: Preotia lui Melchisedek \u2013 Bilet in sala - Ovidiu Drago\u0219 Arge\u0219anu","og_description":"Cursul ,,Preo\u021bia lui Melchisedek\u201d sus\u021binut de dr. Ovidiu Drago\u0219 Arge\u0219anu la Ia\u0219i \u00een data de 20.03.2024, la ora 18.00","og_url":"https:\/\/www.ovidiudragosargesanu.ro\/en\/shop\/cursuri-live-online\/curs-preotia-lui-melchisedek-bilet-in-sala\/","og_site_name":"Ovidiu Drago\u0219 Arge\u0219anu","article_modified_time":"2024-11-11T14:06:17+00:00","og_image":[{"width":768,"height":1024,"url":"https:\/\/www.ovidiudragosargesanu.ro\/en\/wp-content\/uploads\/2024\/03\/Curs-preotia-lui-melchisedek-bilet-in-sala-600-800-768x1024.png","type":"image\/png"}],"twitter_card":"summary_large_image","twitter_misc":{"Est. reading time":"1 minute"},"schema":{"@context":"https:\/\/schema.org","@graph":[{"@type":"WebPage","@id":"https:\/\/www.ovidiudragosargesanu.ro\/en\/shop\/cursuri-live-online\/curs-preotia-lui-melchisedek-bilet-in-sala\/","url":"https:\/\/www.ovidiudragosargesanu.ro\/en\/shop\/cursuri-live-online\/curs-preotia-lui-melchisedek-bilet-in-sala\/","name":"Curs: Preotia lui Melchisedek \u2013 Bilet in sala - Ovidiu Drago\u0219 Arge\u0219anu","isPartOf":{"@id":"https:\/\/www.ovidiudragosargesanu.ro\/en\/#website"},"primaryImageOfPage":{"@id":"https:\/\/www.ovidiudragosargesanu.ro\/en\/shop\/cursuri-live-online\/curs-preotia-lui-melchisedek-bilet-in-sala\/#primaryimage"},"image":{"@id":"https:\/\/www.ovidiudragosargesanu.ro\/en\/shop\/cursuri-live-online\/curs-preotia-lui-melchisedek-bilet-in-sala\/#primaryimage"},"thumbnailUrl":"https:\/\/www.ovidiudragosargesanu.ro\/en\/wp-content\/uploads\/2024\/03\/Curs-preotia-lui-melchisedek-bilet-in-sala-600-800.png","datePublished":"2024-03-08T12:38:33+00:00","dateModified":"2024-11-11T14:06:17+00:00","description":"Cursul ,,Preo\u021bia lui Melchisedek\u201d sus\u021binut de dr. Ovidiu Drago\u0219 Arge\u0219anu la Ia\u0219i \u00een data de 20.03.2024, la ora 18.00","breadcrumb":{"@id":"https:\/\/www.ovidiudragosargesanu.ro\/en\/shop\/cursuri-live-online\/curs-preotia-lui-melchisedek-bilet-in-sala\/#breadcrumb"},"inLanguage":"en-US","potentialAction":[{"@type":"ReadAction","target":["https:\/\/www.ovidiudragosargesanu.ro\/en\/shop\/cursuri-live-online\/curs-preotia-lui-melchisedek-bilet-in-sala\/"]}]},{"@type":"ImageObject","inLanguage":"en-US","@id":"https:\/\/www.ovidiudragosargesanu.ro\/en\/shop\/cursuri-live-online\/curs-preotia-lui-melchisedek-bilet-in-sala\/#primaryimage","url":"https:\/\/www.ovidiudragosargesanu.ro\/en\/wp-content\/uploads\/2024\/03\/Curs-preotia-lui-melchisedek-bilet-in-sala-600-800.png","contentUrl":"https:\/\/www.ovidiudragosargesanu.ro\/en\/wp-content\/uploads\/2024\/03\/Curs-preotia-lui-melchisedek-bilet-in-sala-600-800.png","width":2268,"height":3024},{"@type":"BreadcrumbList","@id":"https:\/\/www.ovidiudragosargesanu.ro\/en\/shop\/cursuri-live-online\/curs-preotia-lui-melchisedek-bilet-in-sala\/#breadcrumb","itemListElement":[{"@type":"ListItem","position":1,"name":"Prima pagin\u0103","item":"https:\/\/www.ovidiudragosargesanu.ro\/en\/"},{"@type":"ListItem","position":2,"name":"Shop","item":"https:\/\/www.ovidiudragosargesanu.ro\/en\/shop\/"},{"@type":"ListItem","position":3,"name":"Curs: Preotia lui Melchisedek \u2013 Bilet in sala"}]},{"@type":"WebSite","@id":"https:\/\/www.ovidiudragosargesanu.ro\/en\/#website","url":"https:\/\/www.ovidiudragosargesanu.ro\/en\/","name":"Ovidiu Drago\u0219 Arge\u0219anu","description":"","publisher":{"@id":"https:\/\/www.ovidiudragosargesanu.ro\/en\/#organization"},"potentialAction":[{"@type":"SearchAction","target":{"@type":"EntryPoint","urlTemplate":"https:\/\/www.ovidiudragosargesanu.ro\/en\/?s={search_term_string}"},"query-input":{"@type":"PropertyValueSpecification","valueRequired":true,"valueName":"search_term_string"}}],"inLanguage":"en-US"},{"@type":"Organization","@id":"https:\/\/www.ovidiudragosargesanu.ro\/en\/#organization","name":"Ovidiu Drago\u0219 Arge\u0219anu","url":"https:\/\/www.ovidiudragosargesanu.ro\/en\/","logo":{"@type":"ImageObject","inLanguage":"en-US","@id":"https:\/\/www.ovidiudragosargesanu.ro\/en\/#\/schema\/logo\/image\/","url":"https:\/\/www.ovidiudragosargesanu.ro\/en\/wp-content\/uploads\/2018\/03\/dragos-logo-lotus-black-400.svg","contentUrl":"https:\/\/www.ovidiudragosargesanu.ro\/en\/wp-content\/uploads\/2018\/03\/dragos-logo-lotus-black-400.svg","width":300,"height":150,"caption":"Ovidiu Drago\u0219 Arge\u0219anu"},"image":{"@id":"https:\/\/www.ovidiudragosargesanu.ro\/en\/#\/schema\/logo\/image\/"}}]}},"_links":{"self":[{"href":"https:\/\/www.ovidiudragosargesanu.ro\/en\/wp-json\/wp\/v2\/product\/6910","targetHints":{"allow":["GET"]}}],"collection":[{"href":"https:\/\/www.ovidiudragosargesanu.ro\/en\/wp-json\/wp\/v2\/product"}],"about":[{"href":"https:\/\/www.ovidiudragosargesanu.ro\/en\/wp-json\/wp\/v2\/types\/product"}],"version-history":[{"count":2,"href":"https:\/\/www.ovidiudragosargesanu.ro\/en\/wp-json\/wp\/v2\/product\/6910\/revisions"}],"predecessor-version":[{"id":6933,"href":"https:\/\/www.ovidiudragosargesanu.ro\/en\/wp-json\/wp\/v2\/product\/6910\/revisions\/6933"}],"wp:featuredmedia":[{"embeddable":true,"href":"https:\/\/www.ovidiudragosargesanu.ro\/en\/wp-json\/wp\/v2\/media\/6911"}],"wp:attachment":[{"href":"https:\/\/www.ovidiudragosargesanu.ro\/en\/wp-json\/wp\/v2\/media?parent=6910"}],"wp:term":[{"taxonomy":"product_brand","embeddable":true,"href":"https:\/\/www.ovidiudragosargesanu.ro\/en\/wp-json\/wp\/v2\/product_brand?post=6910"},{"taxonomy":"product_cat","embeddable":true,"href":"https:\/\/www.ovidiudragosargesanu.ro\/en\/wp-json\/wp\/v2\/product_cat?post=6910"},{"taxonomy":"product_tag","embeddable":true,"href":"https:\/\/www.ovidiudragosargesanu.ro\/en\/wp-json\/wp\/v2\/product_tag?post=6910"}],"curies":[{"name":"wp","href":"https:\/\/api.w.org\/{rel}","templated":true}]}}