{"id":7728,"date":"2024-04-05T19:03:33","date_gmt":"2024-04-05T17:03:33","guid":{"rendered":"https:\/\/www.ovidiudragosargesanu.ro\/?post_type=product&#038;p=7728"},"modified":"2025-04-24T09:15:46","modified_gmt":"2025-04-24T06:15:46","slug":"jumatatea-mea-barbatul","status":"publish","type":"product","link":"https:\/\/www.ovidiudragosargesanu.ro\/en\/shop\/carti\/dezvoltare-personala\/jumatatea-mea-barbatul\/","title":{"rendered":"Jumatatea mea, barbatul"},"content":{"rendered":"<p>\u201eAceast\u0103 carte este un altfel de examen personal. \u0218i dac\u0103 p\u00e2n\u0103 acum examenele le-am dat ori \u00een lume, ori \u00een afar\u0103, acesta este unul dintre examenele scrise pe care \u00eel dau printre lumi. \u0218i o s\u0103 vede\u021bi de ce.\u201d (Ovidiu-Drago\u0219 Arge\u0219anu)<\/p>\n<p>Au trecut mai mult de 10 ani de c\u00e2nd a ap\u0103rut cartea\u00a0<em>Jum\u0103tatea mea, femeia<\/em>. Acum realizez c\u0103 ceva din mine m-a \u00eempiedicat sa scriu despre b\u0103rbat. \u0218i m-am \u00eentrebat ce. Simplu: este \u201emai u\u0219or s\u0103 vezi paiul din ochiul altuia, dec\u00e2t b\u00e2rna din ochiul t\u0103u!\u201d A\u0219a c\u0103 da, pot spune c\u0103 a scrie cartea despre femeie a fost cu mult mai u\u0219or.<\/p>\n<p>\u00cen timpul care s-a scurs, am \u00eenv\u0103\u021bat multe, am \u00een\u021beles \u0219i mai multe \u0219i, evident, am realizat c\u00e2te sunt de spus \u00een plus fa\u021b\u0103 de tot ceea ce am scris p\u00e2n\u0103 acum. Perioada de dup\u0103 cartea despre femeie a fost una \u00een care via\u021ba mi-a confirmat multe din ce am spus, dar mi-a \u0219i d\u0103r\u00e2mat parte din ideile preconcepute. Fondul meu de pustnic cre\u0219tin ortodox a fost c\u0103lcat \u00een picioare de realit\u0103\u021bile vie\u021bii.<\/p>\n<p>Sim\u021bindu-m\u0103 foarte bine singur, cu mine \u00eensumi, via\u021ba \u0219i Dumnezeu m-au pus \u00een cuplu, \u00een rela\u021bie, \u00een c\u0103s\u0103torie.<\/p>\n<p>\u0218i-atunci am acceptat asta, pentru c\u0103 menirea mea era s\u0103 trec, ca orice om, prin ni\u0219te evenimente, ca s\u0103-mi iau lec\u021biile de b\u0103rbat, de om, dar \u0219i s\u0103 le \u00een\u021beleg, cu scopul spre a le spune celorlal\u021bi oameni.<\/p>\n<p>\u00cen rela\u021bia de cuplu am fost obligat s\u0103 m\u0103 eliberez de gelozie, de ideea c\u0103 persoana pe care o iube\u0219ti \u0219i cu care e\u0219ti \u00ee\u021bi apar\u021bine. M-am eliberat de multe dintre programele \u0219i fricile mele, de judecata celorlal\u021bi \u0219i de frica de pedeapsa lui Dumnezeu. Astfel c\u0103 pot acum s\u0103 scriu despre lucruri pe care ori nu le \u0219tiam, ori nu aveam curajul nici m\u0103car s\u0103 le rostesc pe-atunci.<\/p>\n","protected":false},"excerpt":{"rendered":"\n<table id=\"tablepress-73\" class=\"tablepress tablepress-id-73\">\n<tbody class=\"row-striping row-hover\">\n<tr class=\"row-1\">\n\t<td class=\"column-1\">Editura<\/td><td class=\"column-2\"><b>PRO DAO<\/b><\/td>\n<\/tr>\n<tr class=\"row-2\">\n\t<td class=\"column-1\">Autor<\/td><td class=\"column-2\">Ovidiu Drago\u0219 Arge\u0219anu<\/td>\n<\/tr>\n<tr class=\"row-3\">\n\t<td class=\"column-1\">Cod produs - SKU<\/td><td class=\"column-2\">9786069721186<\/td>\n<\/tr>\n<\/tbody>\n<\/table>\n<!-- #tablepress-73 from cache -->\n","protected":false},"featured_media":7735,"template":"","meta":{"inline_featured_image":false},"product_brand":[],"product_cat":[527,662],"product_tag":[],"class_list":{"0":"post-7728","1":"product","2":"type-product","3":"status-publish","4":"has-post-thumbnail","6":"product_cat-carti","7":"product_cat-dezvoltare-personala","9":"first","10":"instock","11":"taxable","12":"shipping-taxable","13":"purchasable","14":"product-type-simple"},"yoast_head":"<!-- This site is optimized with the Yoast SEO plugin v26.9 - https:\/\/yoast.com\/product\/yoast-seo-wordpress\/ -->\n<title>Jumatatea mea, barbatul - Ovidiu Drago\u0219 Arge\u0219anu<\/title>\n<meta name=\"description\" content=\"\u201eAceast\u0103 carte este un altfel de examen personal. \u0218i dac\u0103 p\u00e2n\u0103 acum examenele le-am dat ori \u00een lume, ori \u00een afar\u0103, acesta este unul dintre examenele\" \/>\n<meta name=\"robots\" content=\"noindex, follow, max-snippet:-1, max-image-preview:large, max-video-preview:-1\" \/>\n<meta property=\"og:locale\" content=\"en_US\" \/>\n<meta property=\"og:type\" content=\"article\" \/>\n<meta property=\"og:title\" content=\"Jumatatea mea, barbatul - Ovidiu Drago\u0219 Arge\u0219anu\" \/>\n<meta property=\"og:description\" content=\"\u201eAceast\u0103 carte este un altfel de examen personal. \u0218i dac\u0103 p\u00e2n\u0103 acum examenele le-am dat ori \u00een lume, ori \u00een afar\u0103, acesta este unul dintre examenele\" \/>\n<meta property=\"og:url\" content=\"https:\/\/www.ovidiudragosargesanu.ro\/en\/shop\/carti\/dezvoltare-personala\/jumatatea-mea-barbatul\/\" \/>\n<meta property=\"og:site_name\" content=\"Ovidiu Drago\u0219 Arge\u0219anu\" \/>\n<meta property=\"article:modified_time\" content=\"2025-04-24T06:15:46+00:00\" \/>\n<meta property=\"og:image\" content=\"https:\/\/www.ovidiudragosargesanu.ro\/en\/wp-content\/uploads\/2024\/04\/Jumatatea-mea-barbatul.png\" \/>\n\t<meta property=\"og:image:width\" content=\"1000\" \/>\n\t<meta property=\"og:image:height\" content=\"1000\" \/>\n\t<meta property=\"og:image:type\" content=\"image\/png\" \/>\n<meta name=\"twitter:card\" content=\"summary_large_image\" \/>\n<meta name=\"twitter:label1\" content=\"Est. reading time\" \/>\n\t<meta name=\"twitter:data1\" content=\"2 minutes\" \/>\n<script type=\"application\/ld+json\" class=\"yoast-schema-graph\">{\"@context\":\"https:\/\/schema.org\",\"@graph\":[{\"@type\":\"WebPage\",\"@id\":\"https:\/\/www.ovidiudragosargesanu.ro\/en\/shop\/carti\/dezvoltare-personala\/jumatatea-mea-barbatul\/\",\"url\":\"https:\/\/www.ovidiudragosargesanu.ro\/en\/shop\/carti\/dezvoltare-personala\/jumatatea-mea-barbatul\/\",\"name\":\"Jumatatea mea, barbatul - Ovidiu Drago\u0219 Arge\u0219anu\",\"isPartOf\":{\"@id\":\"https:\/\/www.ovidiudragosargesanu.ro\/en\/#website\"},\"primaryImageOfPage\":{\"@id\":\"https:\/\/www.ovidiudragosargesanu.ro\/en\/shop\/carti\/dezvoltare-personala\/jumatatea-mea-barbatul\/#primaryimage\"},\"image\":{\"@id\":\"https:\/\/www.ovidiudragosargesanu.ro\/en\/shop\/carti\/dezvoltare-personala\/jumatatea-mea-barbatul\/#primaryimage\"},\"thumbnailUrl\":\"https:\/\/www.ovidiudragosargesanu.ro\/en\/wp-content\/uploads\/2024\/04\/Jumatatea-mea-barbatul.png\",\"datePublished\":\"2024-04-05T17:03:33+00:00\",\"dateModified\":\"2025-04-24T06:15:46+00:00\",\"description\":\"\u201eAceast\u0103 carte este un altfel de examen personal. \u0218i dac\u0103 p\u00e2n\u0103 acum examenele le-am dat ori \u00een lume, ori \u00een afar\u0103, acesta este unul dintre examenele\",\"breadcrumb\":{\"@id\":\"https:\/\/www.ovidiudragosargesanu.ro\/en\/shop\/carti\/dezvoltare-personala\/jumatatea-mea-barbatul\/#breadcrumb\"},\"inLanguage\":\"en-US\",\"potentialAction\":[{\"@type\":\"ReadAction\",\"target\":[\"https:\/\/www.ovidiudragosargesanu.ro\/en\/shop\/carti\/dezvoltare-personala\/jumatatea-mea-barbatul\/\"]}]},{\"@type\":\"ImageObject\",\"inLanguage\":\"en-US\",\"@id\":\"https:\/\/www.ovidiudragosargesanu.ro\/en\/shop\/carti\/dezvoltare-personala\/jumatatea-mea-barbatul\/#primaryimage\",\"url\":\"https:\/\/www.ovidiudragosargesanu.ro\/en\/wp-content\/uploads\/2024\/04\/Jumatatea-mea-barbatul.png\",\"contentUrl\":\"https:\/\/www.ovidiudragosargesanu.ro\/en\/wp-content\/uploads\/2024\/04\/Jumatatea-mea-barbatul.png\",\"width\":1000,\"height\":1000},{\"@type\":\"BreadcrumbList\",\"@id\":\"https:\/\/www.ovidiudragosargesanu.ro\/en\/shop\/carti\/dezvoltare-personala\/jumatatea-mea-barbatul\/#breadcrumb\",\"itemListElement\":[{\"@type\":\"ListItem\",\"position\":1,\"name\":\"Prima pagin\u0103\",\"item\":\"https:\/\/www.ovidiudragosargesanu.ro\/en\/\"},{\"@type\":\"ListItem\",\"position\":2,\"name\":\"Shop\",\"item\":\"https:\/\/www.ovidiudragosargesanu.ro\/en\/shop\/\"},{\"@type\":\"ListItem\",\"position\":3,\"name\":\"Jumatatea mea, barbatul\"}]},{\"@type\":\"WebSite\",\"@id\":\"https:\/\/www.ovidiudragosargesanu.ro\/en\/#website\",\"url\":\"https:\/\/www.ovidiudragosargesanu.ro\/en\/\",\"name\":\"Ovidiu Drago\u0219 Arge\u0219anu\",\"description\":\"\",\"publisher\":{\"@id\":\"https:\/\/www.ovidiudragosargesanu.ro\/en\/#organization\"},\"potentialAction\":[{\"@type\":\"SearchAction\",\"target\":{\"@type\":\"EntryPoint\",\"urlTemplate\":\"https:\/\/www.ovidiudragosargesanu.ro\/en\/?s={search_term_string}\"},\"query-input\":{\"@type\":\"PropertyValueSpecification\",\"valueRequired\":true,\"valueName\":\"search_term_string\"}}],\"inLanguage\":\"en-US\"},{\"@type\":\"Organization\",\"@id\":\"https:\/\/www.ovidiudragosargesanu.ro\/en\/#organization\",\"name\":\"Ovidiu Drago\u0219 Arge\u0219anu\",\"url\":\"https:\/\/www.ovidiudragosargesanu.ro\/en\/\",\"logo\":{\"@type\":\"ImageObject\",\"inLanguage\":\"en-US\",\"@id\":\"https:\/\/www.ovidiudragosargesanu.ro\/en\/#\/schema\/logo\/image\/\",\"url\":\"https:\/\/www.ovidiudragosargesanu.ro\/en\/wp-content\/uploads\/2018\/03\/dragos-logo-lotus-black-400.svg\",\"contentUrl\":\"https:\/\/www.ovidiudragosargesanu.ro\/en\/wp-content\/uploads\/2018\/03\/dragos-logo-lotus-black-400.svg\",\"width\":300,\"height\":150,\"caption\":\"Ovidiu Drago\u0219 Arge\u0219anu\"},\"image\":{\"@id\":\"https:\/\/www.ovidiudragosargesanu.ro\/en\/#\/schema\/logo\/image\/\"}}]}<\/script>\n<!-- \/ Yoast SEO plugin. -->","yoast_head_json":{"title":"Jumatatea mea, barbatul - Ovidiu Drago\u0219 Arge\u0219anu","description":"\u201eAceast\u0103 carte este un altfel de examen personal. \u0218i dac\u0103 p\u00e2n\u0103 acum examenele le-am dat ori \u00een lume, ori \u00een afar\u0103, acesta este unul dintre examenele","robots":{"index":"noindex","follow":"follow","max-snippet":"max-snippet:-1","max-image-preview":"max-image-preview:large","max-video-preview":"max-video-preview:-1"},"og_locale":"en_US","og_type":"article","og_title":"Jumatatea mea, barbatul - Ovidiu Drago\u0219 Arge\u0219anu","og_description":"\u201eAceast\u0103 carte este un altfel de examen personal. \u0218i dac\u0103 p\u00e2n\u0103 acum examenele le-am dat ori \u00een lume, ori \u00een afar\u0103, acesta este unul dintre examenele","og_url":"https:\/\/www.ovidiudragosargesanu.ro\/en\/shop\/carti\/dezvoltare-personala\/jumatatea-mea-barbatul\/","og_site_name":"Ovidiu Drago\u0219 Arge\u0219anu","article_modified_time":"2025-04-24T06:15:46+00:00","og_image":[{"width":1000,"height":1000,"url":"https:\/\/www.ovidiudragosargesanu.ro\/en\/wp-content\/uploads\/2024\/04\/Jumatatea-mea-barbatul.png","type":"image\/png"}],"twitter_card":"summary_large_image","twitter_misc":{"Est. reading time":"2 minutes"},"schema":{"@context":"https:\/\/schema.org","@graph":[{"@type":"WebPage","@id":"https:\/\/www.ovidiudragosargesanu.ro\/en\/shop\/carti\/dezvoltare-personala\/jumatatea-mea-barbatul\/","url":"https:\/\/www.ovidiudragosargesanu.ro\/en\/shop\/carti\/dezvoltare-personala\/jumatatea-mea-barbatul\/","name":"Jumatatea mea, barbatul - Ovidiu Drago\u0219 Arge\u0219anu","isPartOf":{"@id":"https:\/\/www.ovidiudragosargesanu.ro\/en\/#website"},"primaryImageOfPage":{"@id":"https:\/\/www.ovidiudragosargesanu.ro\/en\/shop\/carti\/dezvoltare-personala\/jumatatea-mea-barbatul\/#primaryimage"},"image":{"@id":"https:\/\/www.ovidiudragosargesanu.ro\/en\/shop\/carti\/dezvoltare-personala\/jumatatea-mea-barbatul\/#primaryimage"},"thumbnailUrl":"https:\/\/www.ovidiudragosargesanu.ro\/en\/wp-content\/uploads\/2024\/04\/Jumatatea-mea-barbatul.png","datePublished":"2024-04-05T17:03:33+00:00","dateModified":"2025-04-24T06:15:46+00:00","description":"\u201eAceast\u0103 carte este un altfel de examen personal. \u0218i dac\u0103 p\u00e2n\u0103 acum examenele le-am dat ori \u00een lume, ori \u00een afar\u0103, acesta este unul dintre examenele","breadcrumb":{"@id":"https:\/\/www.ovidiudragosargesanu.ro\/en\/shop\/carti\/dezvoltare-personala\/jumatatea-mea-barbatul\/#breadcrumb"},"inLanguage":"en-US","potentialAction":[{"@type":"ReadAction","target":["https:\/\/www.ovidiudragosargesanu.ro\/en\/shop\/carti\/dezvoltare-personala\/jumatatea-mea-barbatul\/"]}]},{"@type":"ImageObject","inLanguage":"en-US","@id":"https:\/\/www.ovidiudragosargesanu.ro\/en\/shop\/carti\/dezvoltare-personala\/jumatatea-mea-barbatul\/#primaryimage","url":"https:\/\/www.ovidiudragosargesanu.ro\/en\/wp-content\/uploads\/2024\/04\/Jumatatea-mea-barbatul.png","contentUrl":"https:\/\/www.ovidiudragosargesanu.ro\/en\/wp-content\/uploads\/2024\/04\/Jumatatea-mea-barbatul.png","width":1000,"height":1000},{"@type":"BreadcrumbList","@id":"https:\/\/www.ovidiudragosargesanu.ro\/en\/shop\/carti\/dezvoltare-personala\/jumatatea-mea-barbatul\/#breadcrumb","itemListElement":[{"@type":"ListItem","position":1,"name":"Prima pagin\u0103","item":"https:\/\/www.ovidiudragosargesanu.ro\/en\/"},{"@type":"ListItem","position":2,"name":"Shop","item":"https:\/\/www.ovidiudragosargesanu.ro\/en\/shop\/"},{"@type":"ListItem","position":3,"name":"Jumatatea mea, barbatul"}]},{"@type":"WebSite","@id":"https:\/\/www.ovidiudragosargesanu.ro\/en\/#website","url":"https:\/\/www.ovidiudragosargesanu.ro\/en\/","name":"Ovidiu Drago\u0219 Arge\u0219anu","description":"","publisher":{"@id":"https:\/\/www.ovidiudragosargesanu.ro\/en\/#organization"},"potentialAction":[{"@type":"SearchAction","target":{"@type":"EntryPoint","urlTemplate":"https:\/\/www.ovidiudragosargesanu.ro\/en\/?s={search_term_string}"},"query-input":{"@type":"PropertyValueSpecification","valueRequired":true,"valueName":"search_term_string"}}],"inLanguage":"en-US"},{"@type":"Organization","@id":"https:\/\/www.ovidiudragosargesanu.ro\/en\/#organization","name":"Ovidiu Drago\u0219 Arge\u0219anu","url":"https:\/\/www.ovidiudragosargesanu.ro\/en\/","logo":{"@type":"ImageObject","inLanguage":"en-US","@id":"https:\/\/www.ovidiudragosargesanu.ro\/en\/#\/schema\/logo\/image\/","url":"https:\/\/www.ovidiudragosargesanu.ro\/en\/wp-content\/uploads\/2018\/03\/dragos-logo-lotus-black-400.svg","contentUrl":"https:\/\/www.ovidiudragosargesanu.ro\/en\/wp-content\/uploads\/2018\/03\/dragos-logo-lotus-black-400.svg","width":300,"height":150,"caption":"Ovidiu Drago\u0219 Arge\u0219anu"},"image":{"@id":"https:\/\/www.ovidiudragosargesanu.ro\/en\/#\/schema\/logo\/image\/"}}]}},"_links":{"self":[{"href":"https:\/\/www.ovidiudragosargesanu.ro\/en\/wp-json\/wp\/v2\/product\/7728","targetHints":{"allow":["GET"]}}],"collection":[{"href":"https:\/\/www.ovidiudragosargesanu.ro\/en\/wp-json\/wp\/v2\/product"}],"about":[{"href":"https:\/\/www.ovidiudragosargesanu.ro\/en\/wp-json\/wp\/v2\/types\/product"}],"version-history":[{"count":2,"href":"https:\/\/www.ovidiudragosargesanu.ro\/en\/wp-json\/wp\/v2\/product\/7728\/revisions"}],"predecessor-version":[{"id":7734,"href":"https:\/\/www.ovidiudragosargesanu.ro\/en\/wp-json\/wp\/v2\/product\/7728\/revisions\/7734"}],"wp:featuredmedia":[{"embeddable":true,"href":"https:\/\/www.ovidiudragosargesanu.ro\/en\/wp-json\/wp\/v2\/media\/7735"}],"wp:attachment":[{"href":"https:\/\/www.ovidiudragosargesanu.ro\/en\/wp-json\/wp\/v2\/media?parent=7728"}],"wp:term":[{"taxonomy":"product_brand","embeddable":true,"href":"https:\/\/www.ovidiudragosargesanu.ro\/en\/wp-json\/wp\/v2\/product_brand?post=7728"},{"taxonomy":"product_cat","embeddable":true,"href":"https:\/\/www.ovidiudragosargesanu.ro\/en\/wp-json\/wp\/v2\/product_cat?post=7728"},{"taxonomy":"product_tag","embeddable":true,"href":"https:\/\/www.ovidiudragosargesanu.ro\/en\/wp-json\/wp\/v2\/product_tag?post=7728"}],"curies":[{"name":"wp","href":"https:\/\/api.w.org\/{rel}","templated":true}]}}