{"id":7901,"date":"2024-04-11T20:36:24","date_gmt":"2024-04-11T18:36:24","guid":{"rendered":"https:\/\/www.ovidiudragosargesanu.ro\/?post_type=product&#038;p=7901"},"modified":"2025-10-07T18:42:07","modified_gmt":"2025-10-07T15:42:07","slug":"curs-vindecarea-sufletului-cale-catre-vindecarea-mintii-si-trupului-timisoara-acces-online","status":"publish","type":"product","link":"https:\/\/www.ovidiudragosargesanu.ro\/en\/shop\/cursuri-premium\/vindecarea-ranilor-emotionale\/curs-vindecarea-sufletului-cale-catre-vindecarea-mintii-si-trupului-timisoara-acces-online\/","title":{"rendered":"Curs: Vindecarea sufletului &#8211; cale catre vindecarea mintii si trupului &#8211; Timisoara &#8211; acces online"},"content":{"rendered":"<div dir=\"auto\">\n<p>Cursul: ,,Vindecarea sufletului &#8211; cale c\u0103tre vindecarea min\u021bii \u0219i trupului &#8211; acces online\u201d sus\u021binut de dr. Ovidiu Drago\u0219 Arge\u0219anu la Timi\u0219oara \u00een data de 15.05.2024.<\/p>\n<p>,,\u00cen momentul \u00een care, \u00eentr-o zon\u0103, se produce un cumul de energie negativ\u0103 substan\u021ba noesic\u0103 de la nivelul organului respectiv, zon\u0103 ce poate s\u0103 fie \u00een cap, \u00een um\u0103r, \u00eentr-un genunchi, \u00een splin\u0103, nu are importan\u021b\u0103, poate s\u0103 fie la nivelul organului, de fapt acestea sunt g\u00e2nduri, fapte, energie negativ\u0103. \u00cen momentul respectiv, SN-ul din zona respectiv\u0103 se distruge, organul din zona respectiv\u0103 se distruge \u0219i apare boala. Deci principala cauz\u0103 a \u00eemboln\u0103virii este \u00eemboln\u0103virea sufletului. At\u00e2t de important este sufletul. Mai \u00eent\u00e2i se \u00eemboln\u0103ve\u0219te sufletul, apoi se \u00eemboln\u0103ve\u0219te energeticul \u0219i dup\u0103 aceea se \u00eemboln\u0103ve\u0219te fizicul.\u201d &#8211; dr. Ovidiu Drago\u0219 Arge\u0219anu<\/p>\n<p>\u00cen cadrul acestui curs se va pune accentul pe leg\u0103tura sufletului cu bolile psihice, genetice, autoimune, cronice.<\/p>\n<p>&nbsp;<\/p>\n<\/div>\n<p>&nbsp;<\/p>\n<div dir=\"auto\">\n<p>&nbsp;<\/p>\n<p>&nbsp;<\/p>\n<\/div>\n","protected":false},"excerpt":{"rendered":"<p>ACCES NELIMITAT!<\/p>\n<p>Cursul: ,,Vindecarea sufletului &#8211; cale c\u0103tre vindecarea min\u021bii \u0219i trupului &#8211; acces online\u201d sus\u021binut de dr. Ovidiu Drago\u0219 Arge\u0219anu la Timi\u0219oara \u00een data de 15.05.2024.<\/p>\n<p>&nbsp;<\/p>\n","protected":false},"featured_media":66466,"template":"","meta":{"inline_featured_image":false},"product_brand":[],"product_cat":[602,698],"product_tag":[],"class_list":{"0":"post-7901","1":"product","2":"type-product","3":"status-publish","4":"has-post-thumbnail","6":"product_cat-cursuri-premium","7":"product_cat-vindecarea-ranilor-emotionale","9":"first","10":"instock","11":"virtual","12":"sold-individually","13":"taxable","14":"purchasable","15":"product-type-simple"},"yoast_head":"<!-- This site is optimized with the Yoast SEO plugin v26.9 - https:\/\/yoast.com\/product\/yoast-seo-wordpress\/ -->\n<title>Curs: Vindecarea sufletului - cale catre vindecarea mintii si trupului - Timisoara - acces online - Ovidiu Drago\u0219 Arge\u0219anu<\/title>\n<meta name=\"description\" content=\"Cursul: ,,Vindecarea sufletului - cale c\u0103tre vindecarea min\u021bii \u0219i trupului - acces online\u201d sus\u021binut de dr. Ovidiu Drago\u0219 Arge\u0219anu la Timi\u0219oara \u00een data de\" \/>\n<meta name=\"robots\" content=\"noindex, follow, max-snippet:-1, max-image-preview:large, max-video-preview:-1\" \/>\n<meta property=\"og:locale\" content=\"en_US\" \/>\n<meta property=\"og:type\" content=\"article\" \/>\n<meta property=\"og:title\" content=\"Curs: Vindecarea sufletului - cale catre vindecarea mintii si trupului - Timisoara - acces online - Ovidiu Drago\u0219 Arge\u0219anu\" \/>\n<meta property=\"og:description\" content=\"Cursul: ,,Vindecarea sufletului - cale c\u0103tre vindecarea min\u021bii \u0219i trupului - acces online\u201d sus\u021binut de dr. Ovidiu Drago\u0219 Arge\u0219anu la Timi\u0219oara \u00een data de\" \/>\n<meta property=\"og:url\" content=\"https:\/\/www.ovidiudragosargesanu.ro\/en\/shop\/cursuri-premium\/vindecarea-ranilor-emotionale\/curs-vindecarea-sufletului-cale-catre-vindecarea-mintii-si-trupului-timisoara-acces-online\/\" \/>\n<meta property=\"og:site_name\" content=\"Ovidiu Drago\u0219 Arge\u0219anu\" \/>\n<meta property=\"article:modified_time\" content=\"2025-10-07T15:42:07+00:00\" \/>\n<meta property=\"og:image\" content=\"https:\/\/www.ovidiudragosargesanu.ro\/en\/wp-content\/uploads\/2024\/04\/Conferinta-premium-Abundenta-si-bunastarea-600X800-10.png\" \/>\n\t<meta property=\"og:image:width\" content=\"600\" \/>\n\t<meta property=\"og:image:height\" content=\"800\" \/>\n\t<meta property=\"og:image:type\" content=\"image\/png\" \/>\n<meta name=\"twitter:card\" content=\"summary_large_image\" \/>\n<meta name=\"twitter:label1\" content=\"Est. reading time\" \/>\n\t<meta name=\"twitter:data1\" content=\"1 minute\" \/>\n<script type=\"application\/ld+json\" class=\"yoast-schema-graph\">{\"@context\":\"https:\/\/schema.org\",\"@graph\":[{\"@type\":\"WebPage\",\"@id\":\"https:\/\/www.ovidiudragosargesanu.ro\/en\/shop\/cursuri-premium\/vindecarea-ranilor-emotionale\/curs-vindecarea-sufletului-cale-catre-vindecarea-mintii-si-trupului-timisoara-acces-online\/\",\"url\":\"https:\/\/www.ovidiudragosargesanu.ro\/en\/shop\/cursuri-premium\/vindecarea-ranilor-emotionale\/curs-vindecarea-sufletului-cale-catre-vindecarea-mintii-si-trupului-timisoara-acces-online\/\",\"name\":\"Curs: Vindecarea sufletului - cale catre vindecarea mintii si trupului - Timisoara - acces online - Ovidiu Drago\u0219 Arge\u0219anu\",\"isPartOf\":{\"@id\":\"https:\/\/www.ovidiudragosargesanu.ro\/en\/#website\"},\"primaryImageOfPage\":{\"@id\":\"https:\/\/www.ovidiudragosargesanu.ro\/en\/shop\/cursuri-premium\/vindecarea-ranilor-emotionale\/curs-vindecarea-sufletului-cale-catre-vindecarea-mintii-si-trupului-timisoara-acces-online\/#primaryimage\"},\"image\":{\"@id\":\"https:\/\/www.ovidiudragosargesanu.ro\/en\/shop\/cursuri-premium\/vindecarea-ranilor-emotionale\/curs-vindecarea-sufletului-cale-catre-vindecarea-mintii-si-trupului-timisoara-acces-online\/#primaryimage\"},\"thumbnailUrl\":\"https:\/\/www.ovidiudragosargesanu.ro\/en\/wp-content\/uploads\/2024\/04\/Conferinta-premium-Abundenta-si-bunastarea-600X800-10.png\",\"datePublished\":\"2024-04-11T18:36:24+00:00\",\"dateModified\":\"2025-10-07T15:42:07+00:00\",\"description\":\"Cursul: ,,Vindecarea sufletului - cale c\u0103tre vindecarea min\u021bii \u0219i trupului - acces online\u201d sus\u021binut de dr. Ovidiu Drago\u0219 Arge\u0219anu la Timi\u0219oara \u00een data de\",\"breadcrumb\":{\"@id\":\"https:\/\/www.ovidiudragosargesanu.ro\/en\/shop\/cursuri-premium\/vindecarea-ranilor-emotionale\/curs-vindecarea-sufletului-cale-catre-vindecarea-mintii-si-trupului-timisoara-acces-online\/#breadcrumb\"},\"inLanguage\":\"en-US\",\"potentialAction\":[{\"@type\":\"ReadAction\",\"target\":[\"https:\/\/www.ovidiudragosargesanu.ro\/en\/shop\/cursuri-premium\/vindecarea-ranilor-emotionale\/curs-vindecarea-sufletului-cale-catre-vindecarea-mintii-si-trupului-timisoara-acces-online\/\"]}]},{\"@type\":\"ImageObject\",\"inLanguage\":\"en-US\",\"@id\":\"https:\/\/www.ovidiudragosargesanu.ro\/en\/shop\/cursuri-premium\/vindecarea-ranilor-emotionale\/curs-vindecarea-sufletului-cale-catre-vindecarea-mintii-si-trupului-timisoara-acces-online\/#primaryimage\",\"url\":\"https:\/\/www.ovidiudragosargesanu.ro\/en\/wp-content\/uploads\/2024\/04\/Conferinta-premium-Abundenta-si-bunastarea-600X800-10.png\",\"contentUrl\":\"https:\/\/www.ovidiudragosargesanu.ro\/en\/wp-content\/uploads\/2024\/04\/Conferinta-premium-Abundenta-si-bunastarea-600X800-10.png\",\"width\":600,\"height\":800},{\"@type\":\"BreadcrumbList\",\"@id\":\"https:\/\/www.ovidiudragosargesanu.ro\/en\/shop\/cursuri-premium\/vindecarea-ranilor-emotionale\/curs-vindecarea-sufletului-cale-catre-vindecarea-mintii-si-trupului-timisoara-acces-online\/#breadcrumb\",\"itemListElement\":[{\"@type\":\"ListItem\",\"position\":1,\"name\":\"Prima pagin\u0103\",\"item\":\"https:\/\/www.ovidiudragosargesanu.ro\/en\/\"},{\"@type\":\"ListItem\",\"position\":2,\"name\":\"Shop\",\"item\":\"https:\/\/www.ovidiudragosargesanu.ro\/en\/shop\/\"},{\"@type\":\"ListItem\",\"position\":3,\"name\":\"Curs: Vindecarea sufletului &#8211; cale catre vindecarea mintii si trupului &#8211; Timisoara &#8211; acces online\"}]},{\"@type\":\"WebSite\",\"@id\":\"https:\/\/www.ovidiudragosargesanu.ro\/en\/#website\",\"url\":\"https:\/\/www.ovidiudragosargesanu.ro\/en\/\",\"name\":\"Ovidiu Drago\u0219 Arge\u0219anu\",\"description\":\"\",\"publisher\":{\"@id\":\"https:\/\/www.ovidiudragosargesanu.ro\/en\/#organization\"},\"potentialAction\":[{\"@type\":\"SearchAction\",\"target\":{\"@type\":\"EntryPoint\",\"urlTemplate\":\"https:\/\/www.ovidiudragosargesanu.ro\/en\/?s={search_term_string}\"},\"query-input\":{\"@type\":\"PropertyValueSpecification\",\"valueRequired\":true,\"valueName\":\"search_term_string\"}}],\"inLanguage\":\"en-US\"},{\"@type\":\"Organization\",\"@id\":\"https:\/\/www.ovidiudragosargesanu.ro\/en\/#organization\",\"name\":\"Ovidiu Drago\u0219 Arge\u0219anu\",\"url\":\"https:\/\/www.ovidiudragosargesanu.ro\/en\/\",\"logo\":{\"@type\":\"ImageObject\",\"inLanguage\":\"en-US\",\"@id\":\"https:\/\/www.ovidiudragosargesanu.ro\/en\/#\/schema\/logo\/image\/\",\"url\":\"https:\/\/www.ovidiudragosargesanu.ro\/en\/wp-content\/uploads\/2018\/03\/dragos-logo-lotus-black-400.svg\",\"contentUrl\":\"https:\/\/www.ovidiudragosargesanu.ro\/en\/wp-content\/uploads\/2018\/03\/dragos-logo-lotus-black-400.svg\",\"width\":300,\"height\":150,\"caption\":\"Ovidiu Drago\u0219 Arge\u0219anu\"},\"image\":{\"@id\":\"https:\/\/www.ovidiudragosargesanu.ro\/en\/#\/schema\/logo\/image\/\"}}]}<\/script>\n<!-- \/ Yoast SEO plugin. -->","yoast_head_json":{"title":"Curs: Vindecarea sufletului - cale catre vindecarea mintii si trupului - Timisoara - acces online - Ovidiu Drago\u0219 Arge\u0219anu","description":"Cursul: ,,Vindecarea sufletului - cale c\u0103tre vindecarea min\u021bii \u0219i trupului - acces online\u201d sus\u021binut de dr. Ovidiu Drago\u0219 Arge\u0219anu la Timi\u0219oara \u00een data de","robots":{"index":"noindex","follow":"follow","max-snippet":"max-snippet:-1","max-image-preview":"max-image-preview:large","max-video-preview":"max-video-preview:-1"},"og_locale":"en_US","og_type":"article","og_title":"Curs: Vindecarea sufletului - cale catre vindecarea mintii si trupului - Timisoara - acces online - Ovidiu Drago\u0219 Arge\u0219anu","og_description":"Cursul: ,,Vindecarea sufletului - cale c\u0103tre vindecarea min\u021bii \u0219i trupului - acces online\u201d sus\u021binut de dr. Ovidiu Drago\u0219 Arge\u0219anu la Timi\u0219oara \u00een data de","og_url":"https:\/\/www.ovidiudragosargesanu.ro\/en\/shop\/cursuri-premium\/vindecarea-ranilor-emotionale\/curs-vindecarea-sufletului-cale-catre-vindecarea-mintii-si-trupului-timisoara-acces-online\/","og_site_name":"Ovidiu Drago\u0219 Arge\u0219anu","article_modified_time":"2025-10-07T15:42:07+00:00","og_image":[{"width":600,"height":800,"url":"https:\/\/www.ovidiudragosargesanu.ro\/en\/wp-content\/uploads\/2024\/04\/Conferinta-premium-Abundenta-si-bunastarea-600X800-10.png","type":"image\/png"}],"twitter_card":"summary_large_image","twitter_misc":{"Est. reading time":"1 minute"},"schema":{"@context":"https:\/\/schema.org","@graph":[{"@type":"WebPage","@id":"https:\/\/www.ovidiudragosargesanu.ro\/en\/shop\/cursuri-premium\/vindecarea-ranilor-emotionale\/curs-vindecarea-sufletului-cale-catre-vindecarea-mintii-si-trupului-timisoara-acces-online\/","url":"https:\/\/www.ovidiudragosargesanu.ro\/en\/shop\/cursuri-premium\/vindecarea-ranilor-emotionale\/curs-vindecarea-sufletului-cale-catre-vindecarea-mintii-si-trupului-timisoara-acces-online\/","name":"Curs: Vindecarea sufletului - cale catre vindecarea mintii si trupului - Timisoara - acces online - Ovidiu Drago\u0219 Arge\u0219anu","isPartOf":{"@id":"https:\/\/www.ovidiudragosargesanu.ro\/en\/#website"},"primaryImageOfPage":{"@id":"https:\/\/www.ovidiudragosargesanu.ro\/en\/shop\/cursuri-premium\/vindecarea-ranilor-emotionale\/curs-vindecarea-sufletului-cale-catre-vindecarea-mintii-si-trupului-timisoara-acces-online\/#primaryimage"},"image":{"@id":"https:\/\/www.ovidiudragosargesanu.ro\/en\/shop\/cursuri-premium\/vindecarea-ranilor-emotionale\/curs-vindecarea-sufletului-cale-catre-vindecarea-mintii-si-trupului-timisoara-acces-online\/#primaryimage"},"thumbnailUrl":"https:\/\/www.ovidiudragosargesanu.ro\/en\/wp-content\/uploads\/2024\/04\/Conferinta-premium-Abundenta-si-bunastarea-600X800-10.png","datePublished":"2024-04-11T18:36:24+00:00","dateModified":"2025-10-07T15:42:07+00:00","description":"Cursul: ,,Vindecarea sufletului - cale c\u0103tre vindecarea min\u021bii \u0219i trupului - acces online\u201d sus\u021binut de dr. Ovidiu Drago\u0219 Arge\u0219anu la Timi\u0219oara \u00een data de","breadcrumb":{"@id":"https:\/\/www.ovidiudragosargesanu.ro\/en\/shop\/cursuri-premium\/vindecarea-ranilor-emotionale\/curs-vindecarea-sufletului-cale-catre-vindecarea-mintii-si-trupului-timisoara-acces-online\/#breadcrumb"},"inLanguage":"en-US","potentialAction":[{"@type":"ReadAction","target":["https:\/\/www.ovidiudragosargesanu.ro\/en\/shop\/cursuri-premium\/vindecarea-ranilor-emotionale\/curs-vindecarea-sufletului-cale-catre-vindecarea-mintii-si-trupului-timisoara-acces-online\/"]}]},{"@type":"ImageObject","inLanguage":"en-US","@id":"https:\/\/www.ovidiudragosargesanu.ro\/en\/shop\/cursuri-premium\/vindecarea-ranilor-emotionale\/curs-vindecarea-sufletului-cale-catre-vindecarea-mintii-si-trupului-timisoara-acces-online\/#primaryimage","url":"https:\/\/www.ovidiudragosargesanu.ro\/en\/wp-content\/uploads\/2024\/04\/Conferinta-premium-Abundenta-si-bunastarea-600X800-10.png","contentUrl":"https:\/\/www.ovidiudragosargesanu.ro\/en\/wp-content\/uploads\/2024\/04\/Conferinta-premium-Abundenta-si-bunastarea-600X800-10.png","width":600,"height":800},{"@type":"BreadcrumbList","@id":"https:\/\/www.ovidiudragosargesanu.ro\/en\/shop\/cursuri-premium\/vindecarea-ranilor-emotionale\/curs-vindecarea-sufletului-cale-catre-vindecarea-mintii-si-trupului-timisoara-acces-online\/#breadcrumb","itemListElement":[{"@type":"ListItem","position":1,"name":"Prima pagin\u0103","item":"https:\/\/www.ovidiudragosargesanu.ro\/en\/"},{"@type":"ListItem","position":2,"name":"Shop","item":"https:\/\/www.ovidiudragosargesanu.ro\/en\/shop\/"},{"@type":"ListItem","position":3,"name":"Curs: Vindecarea sufletului &#8211; cale catre vindecarea mintii si trupului &#8211; Timisoara &#8211; acces online"}]},{"@type":"WebSite","@id":"https:\/\/www.ovidiudragosargesanu.ro\/en\/#website","url":"https:\/\/www.ovidiudragosargesanu.ro\/en\/","name":"Ovidiu Drago\u0219 Arge\u0219anu","description":"","publisher":{"@id":"https:\/\/www.ovidiudragosargesanu.ro\/en\/#organization"},"potentialAction":[{"@type":"SearchAction","target":{"@type":"EntryPoint","urlTemplate":"https:\/\/www.ovidiudragosargesanu.ro\/en\/?s={search_term_string}"},"query-input":{"@type":"PropertyValueSpecification","valueRequired":true,"valueName":"search_term_string"}}],"inLanguage":"en-US"},{"@type":"Organization","@id":"https:\/\/www.ovidiudragosargesanu.ro\/en\/#organization","name":"Ovidiu Drago\u0219 Arge\u0219anu","url":"https:\/\/www.ovidiudragosargesanu.ro\/en\/","logo":{"@type":"ImageObject","inLanguage":"en-US","@id":"https:\/\/www.ovidiudragosargesanu.ro\/en\/#\/schema\/logo\/image\/","url":"https:\/\/www.ovidiudragosargesanu.ro\/en\/wp-content\/uploads\/2018\/03\/dragos-logo-lotus-black-400.svg","contentUrl":"https:\/\/www.ovidiudragosargesanu.ro\/en\/wp-content\/uploads\/2018\/03\/dragos-logo-lotus-black-400.svg","width":300,"height":150,"caption":"Ovidiu Drago\u0219 Arge\u0219anu"},"image":{"@id":"https:\/\/www.ovidiudragosargesanu.ro\/en\/#\/schema\/logo\/image\/"}}]}},"_links":{"self":[{"href":"https:\/\/www.ovidiudragosargesanu.ro\/en\/wp-json\/wp\/v2\/product\/7901","targetHints":{"allow":["GET"]}}],"collection":[{"href":"https:\/\/www.ovidiudragosargesanu.ro\/en\/wp-json\/wp\/v2\/product"}],"about":[{"href":"https:\/\/www.ovidiudragosargesanu.ro\/en\/wp-json\/wp\/v2\/types\/product"}],"version-history":[{"count":7,"href":"https:\/\/www.ovidiudragosargesanu.ro\/en\/wp-json\/wp\/v2\/product\/7901\/revisions"}],"predecessor-version":[{"id":26491,"href":"https:\/\/www.ovidiudragosargesanu.ro\/en\/wp-json\/wp\/v2\/product\/7901\/revisions\/26491"}],"wp:featuredmedia":[{"embeddable":true,"href":"https:\/\/www.ovidiudragosargesanu.ro\/en\/wp-json\/wp\/v2\/media\/66466"}],"wp:attachment":[{"href":"https:\/\/www.ovidiudragosargesanu.ro\/en\/wp-json\/wp\/v2\/media?parent=7901"}],"wp:term":[{"taxonomy":"product_brand","embeddable":true,"href":"https:\/\/www.ovidiudragosargesanu.ro\/en\/wp-json\/wp\/v2\/product_brand?post=7901"},{"taxonomy":"product_cat","embeddable":true,"href":"https:\/\/www.ovidiudragosargesanu.ro\/en\/wp-json\/wp\/v2\/product_cat?post=7901"},{"taxonomy":"product_tag","embeddable":true,"href":"https:\/\/www.ovidiudragosargesanu.ro\/en\/wp-json\/wp\/v2\/product_tag?post=7901"}],"curies":[{"name":"wp","href":"https:\/\/api.w.org\/{rel}","templated":true}]}}