{"id":7906,"date":"2024-04-19T08:35:28","date_gmt":"2024-04-19T06:35:28","guid":{"rendered":"https:\/\/www.ovidiudragosargesanu.ro\/?post_type=product&#038;p=7906"},"modified":"2025-10-05T13:06:37","modified_gmt":"2025-10-05T10:06:37","slug":"curs-reiki-usui-gradul-1-bucuresti-acces-oline","status":"publish","type":"product","link":"https:\/\/www.ovidiudragosargesanu.ro\/en\/shop\/cursuri-premium\/reiki-cursuri-premium\/curs-reiki-usui-gradul-1-bucuresti-acces-oline\/","title":{"rendered":"Curs: Reiki Usui Gradul 1 &#8211; Bucuresti &#8211; acces online"},"content":{"rendered":"<div dir=\"auto\">\n<p>Cursul: ,,Reiki Usui Gradul 1 &#8211; acces online\u201d sus\u021binut de dr. Ovidiu Drago\u0219 Arge\u0219anu la Bucure\u0219ti \u00een data de 13 mai 2024.<\/p>\n<p>Universul material este energie, a reu\u0219it s\u0103 demonstreze fizica modern\u0103. Aceast\u0103 energie exist\u0103 \u00een orice form\u0103 de via\u021b\u0103, vie sau nevie, solid\u0103, lichid\u0103 sau gazoas\u0103. Ea are diverse praguri de vibra\u021bie de la cele mai \u00eenalte, lumina sau energia CHI (KI), la cele joase, \u00eentunericul sau energia KA.<\/p>\n<p><em>Reiki<\/em> \u00een joponez\u0103, are multiple \u00een\u021belesuri pornind de la silabele din care este compus:<\/p>\n<ul>\n<li>,,REI\u201d care \u00eenseamn\u0103 \u00een\u021belepciunea divin\u0103, minune, universal, omagiu, omniprezent, omniscient<\/li>\n<li>,,KI\u201d care \u00eenseamn\u0103 energia vital\u0103, for\u021b\u0103, putere.<\/li>\n<\/ul>\n<p>Puterea nu este dec\u00e2t a lui Dumnezeu. P\u00e2n\u0103 \u0219i puterea din \u00eengeri \u0219i puterea din demoni este tot puterea lui Dumnezeu care I-a creat \u0219i pe unii \u0219i pe al\u021bii. De asta e important\u0103 \u0219i puterea. Puterea \u00eenseamn\u0103 Dumnezeu.<\/p>\n<p>&nbsp;<\/p>\n<p>&nbsp;<\/p>\n<\/div>\n<p>&nbsp;<\/p>\n<div dir=\"auto\">\n<p>&nbsp;<\/p>\n<p>&nbsp;<\/p>\n<\/div>\n","protected":false},"excerpt":{"rendered":"<p>ACCES NELIMITAT!<\/p>\n<p>Cursul: ,,Reiki Usui Gradul 1 &#8211; acces online\u201d sus\u021binut de dr. Ovidiu Drago\u0219 Arge\u0219anu la Bucure\u0219ti \u00een data de 13 mai 2024.<\/p>\n","protected":false},"featured_media":66276,"template":"","meta":{"inline_featured_image":false},"product_brand":[],"product_cat":[602,711],"product_tag":[],"class_list":{"0":"post-7906","1":"product","2":"type-product","3":"status-publish","4":"has-post-thumbnail","6":"product_cat-cursuri-premium","7":"product_cat-reiki-cursuri-premium","9":"first","10":"instock","11":"virtual","12":"sold-individually","13":"taxable","14":"purchasable","15":"product-type-simple"},"yoast_head":"<!-- This site is optimized with the Yoast SEO plugin v26.9 - https:\/\/yoast.com\/product\/yoast-seo-wordpress\/ -->\n<title>Curs: Reiki Usui Gradul 1 - Bucuresti - acces online - Ovidiu Drago\u0219 Arge\u0219anu<\/title>\n<meta name=\"description\" content=\"Curs ,,Reiki Usui Gradul 1- acces online\u201d sus\u021binut de dr. Ovidiu Drago\u0219 Arge\u0219anu la Bucure\u0219ti \u00een data de 13 mai 2024\" \/>\n<meta name=\"robots\" content=\"noindex, follow, max-snippet:-1, max-image-preview:large, max-video-preview:-1\" \/>\n<meta property=\"og:locale\" content=\"en_US\" \/>\n<meta property=\"og:type\" content=\"article\" \/>\n<meta property=\"og:title\" content=\"Curs: Reiki Usui Gradul 1 - Bucuresti - acces online - Ovidiu Drago\u0219 Arge\u0219anu\" \/>\n<meta property=\"og:description\" content=\"Curs ,,Reiki Usui Gradul 1- acces online\u201d sus\u021binut de dr. Ovidiu Drago\u0219 Arge\u0219anu la Bucure\u0219ti \u00een data de 13 mai 2024\" \/>\n<meta property=\"og:url\" content=\"https:\/\/www.ovidiudragosargesanu.ro\/en\/shop\/cursuri-premium\/reiki-cursuri-premium\/curs-reiki-usui-gradul-1-bucuresti-acces-oline\/\" \/>\n<meta property=\"og:site_name\" content=\"Ovidiu Drago\u0219 Arge\u0219anu\" \/>\n<meta property=\"article:modified_time\" content=\"2025-10-05T10:06:37+00:00\" \/>\n<meta property=\"og:image\" content=\"https:\/\/www.ovidiudragosargesanu.ro\/en\/wp-content\/uploads\/2024\/04\/Curs-premium-REIKI-USUI-GRADUL-I-BUCURESTI-600X800.png\" \/>\n\t<meta property=\"og:image:width\" content=\"600\" \/>\n\t<meta property=\"og:image:height\" content=\"800\" \/>\n\t<meta property=\"og:image:type\" content=\"image\/png\" \/>\n<meta name=\"twitter:card\" content=\"summary_large_image\" \/>\n<meta name=\"twitter:label1\" content=\"Est. reading time\" \/>\n\t<meta name=\"twitter:data1\" content=\"1 minute\" \/>\n<script type=\"application\/ld+json\" class=\"yoast-schema-graph\">{\"@context\":\"https:\/\/schema.org\",\"@graph\":[{\"@type\":\"WebPage\",\"@id\":\"https:\/\/www.ovidiudragosargesanu.ro\/en\/shop\/cursuri-premium\/reiki-cursuri-premium\/curs-reiki-usui-gradul-1-bucuresti-acces-oline\/\",\"url\":\"https:\/\/www.ovidiudragosargesanu.ro\/en\/shop\/cursuri-premium\/reiki-cursuri-premium\/curs-reiki-usui-gradul-1-bucuresti-acces-oline\/\",\"name\":\"Curs: Reiki Usui Gradul 1 - Bucuresti - acces online - Ovidiu Drago\u0219 Arge\u0219anu\",\"isPartOf\":{\"@id\":\"https:\/\/www.ovidiudragosargesanu.ro\/en\/#website\"},\"primaryImageOfPage\":{\"@id\":\"https:\/\/www.ovidiudragosargesanu.ro\/en\/shop\/cursuri-premium\/reiki-cursuri-premium\/curs-reiki-usui-gradul-1-bucuresti-acces-oline\/#primaryimage\"},\"image\":{\"@id\":\"https:\/\/www.ovidiudragosargesanu.ro\/en\/shop\/cursuri-premium\/reiki-cursuri-premium\/curs-reiki-usui-gradul-1-bucuresti-acces-oline\/#primaryimage\"},\"thumbnailUrl\":\"https:\/\/www.ovidiudragosargesanu.ro\/en\/wp-content\/uploads\/2024\/04\/Curs-premium-REIKI-USUI-GRADUL-I-BUCURESTI-600X800.png\",\"datePublished\":\"2024-04-19T06:35:28+00:00\",\"dateModified\":\"2025-10-05T10:06:37+00:00\",\"description\":\"Curs ,,Reiki Usui Gradul 1- acces online\u201d sus\u021binut de dr. Ovidiu Drago\u0219 Arge\u0219anu la Bucure\u0219ti \u00een data de 13 mai 2024\",\"breadcrumb\":{\"@id\":\"https:\/\/www.ovidiudragosargesanu.ro\/en\/shop\/cursuri-premium\/reiki-cursuri-premium\/curs-reiki-usui-gradul-1-bucuresti-acces-oline\/#breadcrumb\"},\"inLanguage\":\"en-US\",\"potentialAction\":[{\"@type\":\"ReadAction\",\"target\":[\"https:\/\/www.ovidiudragosargesanu.ro\/en\/shop\/cursuri-premium\/reiki-cursuri-premium\/curs-reiki-usui-gradul-1-bucuresti-acces-oline\/\"]}]},{\"@type\":\"ImageObject\",\"inLanguage\":\"en-US\",\"@id\":\"https:\/\/www.ovidiudragosargesanu.ro\/en\/shop\/cursuri-premium\/reiki-cursuri-premium\/curs-reiki-usui-gradul-1-bucuresti-acces-oline\/#primaryimage\",\"url\":\"https:\/\/www.ovidiudragosargesanu.ro\/en\/wp-content\/uploads\/2024\/04\/Curs-premium-REIKI-USUI-GRADUL-I-BUCURESTI-600X800.png\",\"contentUrl\":\"https:\/\/www.ovidiudragosargesanu.ro\/en\/wp-content\/uploads\/2024\/04\/Curs-premium-REIKI-USUI-GRADUL-I-BUCURESTI-600X800.png\",\"width\":600,\"height\":800},{\"@type\":\"BreadcrumbList\",\"@id\":\"https:\/\/www.ovidiudragosargesanu.ro\/en\/shop\/cursuri-premium\/reiki-cursuri-premium\/curs-reiki-usui-gradul-1-bucuresti-acces-oline\/#breadcrumb\",\"itemListElement\":[{\"@type\":\"ListItem\",\"position\":1,\"name\":\"Prima pagin\u0103\",\"item\":\"https:\/\/www.ovidiudragosargesanu.ro\/en\/\"},{\"@type\":\"ListItem\",\"position\":2,\"name\":\"Shop\",\"item\":\"https:\/\/www.ovidiudragosargesanu.ro\/en\/shop\/\"},{\"@type\":\"ListItem\",\"position\":3,\"name\":\"Curs: Reiki Usui Gradul 1 &#8211; Bucuresti &#8211; acces online\"}]},{\"@type\":\"WebSite\",\"@id\":\"https:\/\/www.ovidiudragosargesanu.ro\/en\/#website\",\"url\":\"https:\/\/www.ovidiudragosargesanu.ro\/en\/\",\"name\":\"Ovidiu Drago\u0219 Arge\u0219anu\",\"description\":\"\",\"publisher\":{\"@id\":\"https:\/\/www.ovidiudragosargesanu.ro\/en\/#organization\"},\"potentialAction\":[{\"@type\":\"SearchAction\",\"target\":{\"@type\":\"EntryPoint\",\"urlTemplate\":\"https:\/\/www.ovidiudragosargesanu.ro\/en\/?s={search_term_string}\"},\"query-input\":{\"@type\":\"PropertyValueSpecification\",\"valueRequired\":true,\"valueName\":\"search_term_string\"}}],\"inLanguage\":\"en-US\"},{\"@type\":\"Organization\",\"@id\":\"https:\/\/www.ovidiudragosargesanu.ro\/en\/#organization\",\"name\":\"Ovidiu Drago\u0219 Arge\u0219anu\",\"url\":\"https:\/\/www.ovidiudragosargesanu.ro\/en\/\",\"logo\":{\"@type\":\"ImageObject\",\"inLanguage\":\"en-US\",\"@id\":\"https:\/\/www.ovidiudragosargesanu.ro\/en\/#\/schema\/logo\/image\/\",\"url\":\"https:\/\/www.ovidiudragosargesanu.ro\/en\/wp-content\/uploads\/2018\/03\/dragos-logo-lotus-black-400.svg\",\"contentUrl\":\"https:\/\/www.ovidiudragosargesanu.ro\/en\/wp-content\/uploads\/2018\/03\/dragos-logo-lotus-black-400.svg\",\"width\":300,\"height\":150,\"caption\":\"Ovidiu Drago\u0219 Arge\u0219anu\"},\"image\":{\"@id\":\"https:\/\/www.ovidiudragosargesanu.ro\/en\/#\/schema\/logo\/image\/\"}}]}<\/script>\n<!-- \/ Yoast SEO plugin. -->","yoast_head_json":{"title":"Curs: Reiki Usui Gradul 1 - Bucuresti - acces online - Ovidiu Drago\u0219 Arge\u0219anu","description":"Curs ,,Reiki Usui Gradul 1- acces online\u201d sus\u021binut de dr. Ovidiu Drago\u0219 Arge\u0219anu la Bucure\u0219ti \u00een data de 13 mai 2024","robots":{"index":"noindex","follow":"follow","max-snippet":"max-snippet:-1","max-image-preview":"max-image-preview:large","max-video-preview":"max-video-preview:-1"},"og_locale":"en_US","og_type":"article","og_title":"Curs: Reiki Usui Gradul 1 - Bucuresti - acces online - Ovidiu Drago\u0219 Arge\u0219anu","og_description":"Curs ,,Reiki Usui Gradul 1- acces online\u201d sus\u021binut de dr. Ovidiu Drago\u0219 Arge\u0219anu la Bucure\u0219ti \u00een data de 13 mai 2024","og_url":"https:\/\/www.ovidiudragosargesanu.ro\/en\/shop\/cursuri-premium\/reiki-cursuri-premium\/curs-reiki-usui-gradul-1-bucuresti-acces-oline\/","og_site_name":"Ovidiu Drago\u0219 Arge\u0219anu","article_modified_time":"2025-10-05T10:06:37+00:00","og_image":[{"width":600,"height":800,"url":"https:\/\/www.ovidiudragosargesanu.ro\/en\/wp-content\/uploads\/2024\/04\/Curs-premium-REIKI-USUI-GRADUL-I-BUCURESTI-600X800.png","type":"image\/png"}],"twitter_card":"summary_large_image","twitter_misc":{"Est. reading time":"1 minute"},"schema":{"@context":"https:\/\/schema.org","@graph":[{"@type":"WebPage","@id":"https:\/\/www.ovidiudragosargesanu.ro\/en\/shop\/cursuri-premium\/reiki-cursuri-premium\/curs-reiki-usui-gradul-1-bucuresti-acces-oline\/","url":"https:\/\/www.ovidiudragosargesanu.ro\/en\/shop\/cursuri-premium\/reiki-cursuri-premium\/curs-reiki-usui-gradul-1-bucuresti-acces-oline\/","name":"Curs: Reiki Usui Gradul 1 - Bucuresti - acces online - Ovidiu Drago\u0219 Arge\u0219anu","isPartOf":{"@id":"https:\/\/www.ovidiudragosargesanu.ro\/en\/#website"},"primaryImageOfPage":{"@id":"https:\/\/www.ovidiudragosargesanu.ro\/en\/shop\/cursuri-premium\/reiki-cursuri-premium\/curs-reiki-usui-gradul-1-bucuresti-acces-oline\/#primaryimage"},"image":{"@id":"https:\/\/www.ovidiudragosargesanu.ro\/en\/shop\/cursuri-premium\/reiki-cursuri-premium\/curs-reiki-usui-gradul-1-bucuresti-acces-oline\/#primaryimage"},"thumbnailUrl":"https:\/\/www.ovidiudragosargesanu.ro\/en\/wp-content\/uploads\/2024\/04\/Curs-premium-REIKI-USUI-GRADUL-I-BUCURESTI-600X800.png","datePublished":"2024-04-19T06:35:28+00:00","dateModified":"2025-10-05T10:06:37+00:00","description":"Curs ,,Reiki Usui Gradul 1- acces online\u201d sus\u021binut de dr. Ovidiu Drago\u0219 Arge\u0219anu la Bucure\u0219ti \u00een data de 13 mai 2024","breadcrumb":{"@id":"https:\/\/www.ovidiudragosargesanu.ro\/en\/shop\/cursuri-premium\/reiki-cursuri-premium\/curs-reiki-usui-gradul-1-bucuresti-acces-oline\/#breadcrumb"},"inLanguage":"en-US","potentialAction":[{"@type":"ReadAction","target":["https:\/\/www.ovidiudragosargesanu.ro\/en\/shop\/cursuri-premium\/reiki-cursuri-premium\/curs-reiki-usui-gradul-1-bucuresti-acces-oline\/"]}]},{"@type":"ImageObject","inLanguage":"en-US","@id":"https:\/\/www.ovidiudragosargesanu.ro\/en\/shop\/cursuri-premium\/reiki-cursuri-premium\/curs-reiki-usui-gradul-1-bucuresti-acces-oline\/#primaryimage","url":"https:\/\/www.ovidiudragosargesanu.ro\/en\/wp-content\/uploads\/2024\/04\/Curs-premium-REIKI-USUI-GRADUL-I-BUCURESTI-600X800.png","contentUrl":"https:\/\/www.ovidiudragosargesanu.ro\/en\/wp-content\/uploads\/2024\/04\/Curs-premium-REIKI-USUI-GRADUL-I-BUCURESTI-600X800.png","width":600,"height":800},{"@type":"BreadcrumbList","@id":"https:\/\/www.ovidiudragosargesanu.ro\/en\/shop\/cursuri-premium\/reiki-cursuri-premium\/curs-reiki-usui-gradul-1-bucuresti-acces-oline\/#breadcrumb","itemListElement":[{"@type":"ListItem","position":1,"name":"Prima pagin\u0103","item":"https:\/\/www.ovidiudragosargesanu.ro\/en\/"},{"@type":"ListItem","position":2,"name":"Shop","item":"https:\/\/www.ovidiudragosargesanu.ro\/en\/shop\/"},{"@type":"ListItem","position":3,"name":"Curs: Reiki Usui Gradul 1 &#8211; Bucuresti &#8211; acces online"}]},{"@type":"WebSite","@id":"https:\/\/www.ovidiudragosargesanu.ro\/en\/#website","url":"https:\/\/www.ovidiudragosargesanu.ro\/en\/","name":"Ovidiu Drago\u0219 Arge\u0219anu","description":"","publisher":{"@id":"https:\/\/www.ovidiudragosargesanu.ro\/en\/#organization"},"potentialAction":[{"@type":"SearchAction","target":{"@type":"EntryPoint","urlTemplate":"https:\/\/www.ovidiudragosargesanu.ro\/en\/?s={search_term_string}"},"query-input":{"@type":"PropertyValueSpecification","valueRequired":true,"valueName":"search_term_string"}}],"inLanguage":"en-US"},{"@type":"Organization","@id":"https:\/\/www.ovidiudragosargesanu.ro\/en\/#organization","name":"Ovidiu Drago\u0219 Arge\u0219anu","url":"https:\/\/www.ovidiudragosargesanu.ro\/en\/","logo":{"@type":"ImageObject","inLanguage":"en-US","@id":"https:\/\/www.ovidiudragosargesanu.ro\/en\/#\/schema\/logo\/image\/","url":"https:\/\/www.ovidiudragosargesanu.ro\/en\/wp-content\/uploads\/2018\/03\/dragos-logo-lotus-black-400.svg","contentUrl":"https:\/\/www.ovidiudragosargesanu.ro\/en\/wp-content\/uploads\/2018\/03\/dragos-logo-lotus-black-400.svg","width":300,"height":150,"caption":"Ovidiu Drago\u0219 Arge\u0219anu"},"image":{"@id":"https:\/\/www.ovidiudragosargesanu.ro\/en\/#\/schema\/logo\/image\/"}}]}},"_links":{"self":[{"href":"https:\/\/www.ovidiudragosargesanu.ro\/en\/wp-json\/wp\/v2\/product\/7906","targetHints":{"allow":["GET"]}}],"collection":[{"href":"https:\/\/www.ovidiudragosargesanu.ro\/en\/wp-json\/wp\/v2\/product"}],"about":[{"href":"https:\/\/www.ovidiudragosargesanu.ro\/en\/wp-json\/wp\/v2\/types\/product"}],"version-history":[{"count":10,"href":"https:\/\/www.ovidiudragosargesanu.ro\/en\/wp-json\/wp\/v2\/product\/7906\/revisions"}],"predecessor-version":[{"id":26490,"href":"https:\/\/www.ovidiudragosargesanu.ro\/en\/wp-json\/wp\/v2\/product\/7906\/revisions\/26490"}],"wp:featuredmedia":[{"embeddable":true,"href":"https:\/\/www.ovidiudragosargesanu.ro\/en\/wp-json\/wp\/v2\/media\/66276"}],"wp:attachment":[{"href":"https:\/\/www.ovidiudragosargesanu.ro\/en\/wp-json\/wp\/v2\/media?parent=7906"}],"wp:term":[{"taxonomy":"product_brand","embeddable":true,"href":"https:\/\/www.ovidiudragosargesanu.ro\/en\/wp-json\/wp\/v2\/product_brand?post=7906"},{"taxonomy":"product_cat","embeddable":true,"href":"https:\/\/www.ovidiudragosargesanu.ro\/en\/wp-json\/wp\/v2\/product_cat?post=7906"},{"taxonomy":"product_tag","embeddable":true,"href":"https:\/\/www.ovidiudragosargesanu.ro\/en\/wp-json\/wp\/v2\/product_tag?post=7906"}],"curies":[{"name":"wp","href":"https:\/\/api.w.org\/{rel}","templated":true}]}}