{"id":7911,"date":"2024-04-19T09:02:26","date_gmt":"2024-04-19T07:02:26","guid":{"rendered":"https:\/\/www.ovidiudragosargesanu.ro\/?post_type=product&#038;p=7911"},"modified":"2025-10-02T17:22:23","modified_gmt":"2025-10-02T14:22:23","slug":"curs-karuna-1-2-oradea-acces-online","status":"publish","type":"product","link":"https:\/\/www.ovidiudragosargesanu.ro\/en\/shop\/cursuri-premium\/karuna\/curs-karuna-1-2-oradea-acces-online\/","title":{"rendered":"Curs: Karuna 1, 2 &#8211; Oradea- acces online"},"content":{"rendered":"<div dir=\"auto\">\n<p>Cursul: ,,Karuna 1, 2- acces online\u201d sus\u021binut de dr. Ovidiu Drago\u0219 Arge\u0219anu la Oradea \u00een data de 29 mai 2024.<\/p>\n<div dir=\"auto\">A\u0219a cum fiecare maestru prin evolu\u021bia personal\u0103 \u00eesi aduce contribu\u021bia lui la dezvoltarea unui anumit sistem Reiki, a\u0219a \u0219i William Lee Rand \u0219i-a adus contribu\u021bia la apari\u021bia \u0219i dezvoltarea sistemului Karuna Reiki.<\/div>\n<div dir=\"auto\">Karuna este un sistem care are ca esen\u021b\u0103 vindecarea prin compasiune, iubire \u0219i iertare. Este o treapt\u0103 superioar\u0103 de evolu\u021bie spiritual\u0103 fa\u021b\u0103 de Reiki Usui.<\/div>\n<div dir=\"auto\">Karuna lucreaz\u0103 cu entit\u0103\u021bi de Lumin\u0103 \u00cengeri \u0219i Arhangheli \u0219i cultiv\u0103 compasiunea, deta\u0219area \u0219i iubirea.<\/div>\n<div dir=\"auto\">Cuv\u00e2ntul Karuna provine din sanscrit\u0103 \u0219i a fost tradus ca \u0219i compasiune, de aceea este considerat un sistem superior Reiki-ului, o treapt\u0103 de evolu\u021bie spiritual\u0103 superioar\u0103.<\/div>\n<div dir=\"auto\">Noi suntem \u00eenzestra\u021bi cu multe daruri divine. Unele le-am primit de la na\u0219tere, altele se completeaz\u0103 pe parcursul existen\u021bei noastre \u00een func\u021bie de eforturile personale, altele se pierd din cauza gre\u0219elilor personale. Karuna ne poate ajuta s\u0103 ne dezvolt\u0103m aceste daruri prin metodele \u0219i simbolurile acestui sistem. Ne ajut\u0103 foarte mult s\u0103 ne dezvolt\u0103m extrasensibilit\u0103\u021bile, intui\u021bia \u0219i darurile noastre latente.<\/div>\n<div dir=\"auto\">A\u0219a cum spuneam, Karuna ne conecteaz\u0103 la cele mai pure entit\u0103\u021bi de Lumin\u0103: \u00cengerii, Arhanghelii, Divinul Feminin, la Mae\u0219trii spirituali \u0219i la entit\u0103\u021bile budiste ale compasiunii.<\/div>\n<div dir=\"auto\">Simbolurile Karuna sunt simboluri de vibra\u021bie mare, care au o eficien\u021b\u0103 sporit\u0103 \u0219i dac\u0103 reu\u0219im s\u0103 \u00eenv\u0103\u021b\u0103m s\u0103 le \u00eembin\u0103m cu simboluri specifice Reiki \u0219i cu tehnici de redresare energetic\u0103, eficien\u021ba lor cre\u0219te exponen\u021bial.<\/div>\n<div dir=\"auto\">V\u0103 invit\u0103m al\u0103turi de Maestrul dr. Ovidiu Drago\u0219 Arge\u0219anu s\u0103 \u00eenv\u0103\u021ba\u021bi s\u0103 lucra\u021bi cu energia Karuna, s\u0103 \u00eenv\u0103\u021ba\u021bi s\u0103 v\u0103 conecta\u021bi la entit\u0103\u021bile spirituale specifice sistemului, s\u0103 v\u0103 dezvolta\u021bi darurile cu care a\u021bi fost \u00eenzestra\u021bi \u0219i s\u0103 deveni\u021bi o persoan\u0103 care \u00een\u021belege esen\u021ba compasiunii \u0219i a iubirii.<\/div>\n<p>&nbsp;<\/p>\n<p>&nbsp;<\/p>\n<\/div>\n<p>&nbsp;<\/p>\n<div dir=\"auto\">\n<p>&nbsp;<\/p>\n<p>&nbsp;<\/p>\n<\/div>\n","protected":false},"excerpt":{"rendered":"<p>LOCURI NELIMITATE!<\/p>\n<p>Cursul: ,,Karuna 1, 2- acces online\u201d sus\u021binut de dr. Ovidiu Drago\u0219 Arge\u0219anu la Oradea \u00een data de 29 mai 2024.<\/p>\n<p>&nbsp;<\/p>\n<p>&nbsp;<\/p>\n","protected":false},"featured_media":65968,"template":"","meta":{"inline_featured_image":false},"product_brand":[],"product_cat":[602,760],"product_tag":[],"class_list":{"0":"post-7911","1":"product","2":"type-product","3":"status-publish","4":"has-post-thumbnail","6":"product_cat-cursuri-premium","7":"product_cat-karuna","9":"first","10":"instock","11":"virtual","12":"sold-individually","13":"taxable","14":"purchasable","15":"product-type-simple"},"yoast_head":"<!-- This site is optimized with the Yoast SEO plugin v26.9 - https:\/\/yoast.com\/product\/yoast-seo-wordpress\/ -->\n<title>Curs: Karuna 1, 2 - Oradea- acces online - Ovidiu Drago\u0219 Arge\u0219anu<\/title>\n<meta name=\"description\" content=\"Cursul: ,,Karuna 1, 2- acces online\u201d sus\u021binut de dr. Ovidiu Drago\u0219 Arge\u0219anu la Oradea \u00een data de 29 mai 2024 \u00eencep\u00e2nd cu ora 18.00 la Hotel Maxim Oradea.\" \/>\n<meta name=\"robots\" content=\"noindex, follow, max-snippet:-1, max-image-preview:large, max-video-preview:-1\" \/>\n<meta property=\"og:locale\" content=\"en_US\" \/>\n<meta property=\"og:type\" content=\"article\" \/>\n<meta property=\"og:title\" content=\"Curs: Karuna 1, 2 - Oradea- acces online - Ovidiu Drago\u0219 Arge\u0219anu\" \/>\n<meta property=\"og:description\" content=\"Cursul: ,,Karuna 1, 2- acces online\u201d sus\u021binut de dr. Ovidiu Drago\u0219 Arge\u0219anu la Oradea \u00een data de 29 mai 2024 \u00eencep\u00e2nd cu ora 18.00 la Hotel Maxim Oradea.\" \/>\n<meta property=\"og:url\" content=\"https:\/\/www.ovidiudragosargesanu.ro\/en\/shop\/cursuri-premium\/karuna\/curs-karuna-1-2-oradea-acces-online\/\" \/>\n<meta property=\"og:site_name\" content=\"Ovidiu Drago\u0219 Arge\u0219anu\" \/>\n<meta property=\"article:modified_time\" content=\"2025-10-02T14:22:23+00:00\" \/>\n<meta property=\"og:image\" content=\"https:\/\/www.ovidiudragosargesanu.ro\/en\/wp-content\/uploads\/2024\/04\/Curs-premium-Karuna-gradul-1-si-2-Oradea-600X800.png\" \/>\n\t<meta property=\"og:image:width\" content=\"600\" \/>\n\t<meta property=\"og:image:height\" content=\"800\" \/>\n\t<meta property=\"og:image:type\" content=\"image\/png\" \/>\n<meta name=\"twitter:card\" content=\"summary_large_image\" \/>\n<meta name=\"twitter:label1\" content=\"Est. reading time\" \/>\n\t<meta name=\"twitter:data1\" content=\"2 minutes\" \/>\n<script type=\"application\/ld+json\" class=\"yoast-schema-graph\">{\"@context\":\"https:\/\/schema.org\",\"@graph\":[{\"@type\":\"WebPage\",\"@id\":\"https:\/\/www.ovidiudragosargesanu.ro\/en\/shop\/cursuri-premium\/karuna\/curs-karuna-1-2-oradea-acces-online\/\",\"url\":\"https:\/\/www.ovidiudragosargesanu.ro\/en\/shop\/cursuri-premium\/karuna\/curs-karuna-1-2-oradea-acces-online\/\",\"name\":\"Curs: Karuna 1, 2 - Oradea- acces online - Ovidiu Drago\u0219 Arge\u0219anu\",\"isPartOf\":{\"@id\":\"https:\/\/www.ovidiudragosargesanu.ro\/en\/#website\"},\"primaryImageOfPage\":{\"@id\":\"https:\/\/www.ovidiudragosargesanu.ro\/en\/shop\/cursuri-premium\/karuna\/curs-karuna-1-2-oradea-acces-online\/#primaryimage\"},\"image\":{\"@id\":\"https:\/\/www.ovidiudragosargesanu.ro\/en\/shop\/cursuri-premium\/karuna\/curs-karuna-1-2-oradea-acces-online\/#primaryimage\"},\"thumbnailUrl\":\"https:\/\/www.ovidiudragosargesanu.ro\/en\/wp-content\/uploads\/2024\/04\/Curs-premium-Karuna-gradul-1-si-2-Oradea-600X800.png\",\"datePublished\":\"2024-04-19T07:02:26+00:00\",\"dateModified\":\"2025-10-02T14:22:23+00:00\",\"description\":\"Cursul: ,,Karuna 1, 2- acces online\u201d sus\u021binut de dr. Ovidiu Drago\u0219 Arge\u0219anu la Oradea \u00een data de 29 mai 2024 \u00eencep\u00e2nd cu ora 18.00 la Hotel Maxim Oradea.\",\"breadcrumb\":{\"@id\":\"https:\/\/www.ovidiudragosargesanu.ro\/en\/shop\/cursuri-premium\/karuna\/curs-karuna-1-2-oradea-acces-online\/#breadcrumb\"},\"inLanguage\":\"en-US\",\"potentialAction\":[{\"@type\":\"ReadAction\",\"target\":[\"https:\/\/www.ovidiudragosargesanu.ro\/en\/shop\/cursuri-premium\/karuna\/curs-karuna-1-2-oradea-acces-online\/\"]}]},{\"@type\":\"ImageObject\",\"inLanguage\":\"en-US\",\"@id\":\"https:\/\/www.ovidiudragosargesanu.ro\/en\/shop\/cursuri-premium\/karuna\/curs-karuna-1-2-oradea-acces-online\/#primaryimage\",\"url\":\"https:\/\/www.ovidiudragosargesanu.ro\/en\/wp-content\/uploads\/2024\/04\/Curs-premium-Karuna-gradul-1-si-2-Oradea-600X800.png\",\"contentUrl\":\"https:\/\/www.ovidiudragosargesanu.ro\/en\/wp-content\/uploads\/2024\/04\/Curs-premium-Karuna-gradul-1-si-2-Oradea-600X800.png\",\"width\":600,\"height\":800},{\"@type\":\"BreadcrumbList\",\"@id\":\"https:\/\/www.ovidiudragosargesanu.ro\/en\/shop\/cursuri-premium\/karuna\/curs-karuna-1-2-oradea-acces-online\/#breadcrumb\",\"itemListElement\":[{\"@type\":\"ListItem\",\"position\":1,\"name\":\"Prima pagin\u0103\",\"item\":\"https:\/\/www.ovidiudragosargesanu.ro\/en\/\"},{\"@type\":\"ListItem\",\"position\":2,\"name\":\"Shop\",\"item\":\"https:\/\/www.ovidiudragosargesanu.ro\/en\/shop\/\"},{\"@type\":\"ListItem\",\"position\":3,\"name\":\"Curs: Karuna 1, 2 &#8211; Oradea- acces online\"}]},{\"@type\":\"WebSite\",\"@id\":\"https:\/\/www.ovidiudragosargesanu.ro\/en\/#website\",\"url\":\"https:\/\/www.ovidiudragosargesanu.ro\/en\/\",\"name\":\"Ovidiu Drago\u0219 Arge\u0219anu\",\"description\":\"\",\"publisher\":{\"@id\":\"https:\/\/www.ovidiudragosargesanu.ro\/en\/#organization\"},\"potentialAction\":[{\"@type\":\"SearchAction\",\"target\":{\"@type\":\"EntryPoint\",\"urlTemplate\":\"https:\/\/www.ovidiudragosargesanu.ro\/en\/?s={search_term_string}\"},\"query-input\":{\"@type\":\"PropertyValueSpecification\",\"valueRequired\":true,\"valueName\":\"search_term_string\"}}],\"inLanguage\":\"en-US\"},{\"@type\":\"Organization\",\"@id\":\"https:\/\/www.ovidiudragosargesanu.ro\/en\/#organization\",\"name\":\"Ovidiu Drago\u0219 Arge\u0219anu\",\"url\":\"https:\/\/www.ovidiudragosargesanu.ro\/en\/\",\"logo\":{\"@type\":\"ImageObject\",\"inLanguage\":\"en-US\",\"@id\":\"https:\/\/www.ovidiudragosargesanu.ro\/en\/#\/schema\/logo\/image\/\",\"url\":\"https:\/\/www.ovidiudragosargesanu.ro\/en\/wp-content\/uploads\/2018\/03\/dragos-logo-lotus-black-400.svg\",\"contentUrl\":\"https:\/\/www.ovidiudragosargesanu.ro\/en\/wp-content\/uploads\/2018\/03\/dragos-logo-lotus-black-400.svg\",\"width\":300,\"height\":150,\"caption\":\"Ovidiu Drago\u0219 Arge\u0219anu\"},\"image\":{\"@id\":\"https:\/\/www.ovidiudragosargesanu.ro\/en\/#\/schema\/logo\/image\/\"}}]}<\/script>\n<!-- \/ Yoast SEO plugin. -->","yoast_head_json":{"title":"Curs: Karuna 1, 2 - Oradea- acces online - Ovidiu Drago\u0219 Arge\u0219anu","description":"Cursul: ,,Karuna 1, 2- acces online\u201d sus\u021binut de dr. Ovidiu Drago\u0219 Arge\u0219anu la Oradea \u00een data de 29 mai 2024 \u00eencep\u00e2nd cu ora 18.00 la Hotel Maxim Oradea.","robots":{"index":"noindex","follow":"follow","max-snippet":"max-snippet:-1","max-image-preview":"max-image-preview:large","max-video-preview":"max-video-preview:-1"},"og_locale":"en_US","og_type":"article","og_title":"Curs: Karuna 1, 2 - Oradea- acces online - Ovidiu Drago\u0219 Arge\u0219anu","og_description":"Cursul: ,,Karuna 1, 2- acces online\u201d sus\u021binut de dr. Ovidiu Drago\u0219 Arge\u0219anu la Oradea \u00een data de 29 mai 2024 \u00eencep\u00e2nd cu ora 18.00 la Hotel Maxim Oradea.","og_url":"https:\/\/www.ovidiudragosargesanu.ro\/en\/shop\/cursuri-premium\/karuna\/curs-karuna-1-2-oradea-acces-online\/","og_site_name":"Ovidiu Drago\u0219 Arge\u0219anu","article_modified_time":"2025-10-02T14:22:23+00:00","og_image":[{"width":600,"height":800,"url":"https:\/\/www.ovidiudragosargesanu.ro\/en\/wp-content\/uploads\/2024\/04\/Curs-premium-Karuna-gradul-1-si-2-Oradea-600X800.png","type":"image\/png"}],"twitter_card":"summary_large_image","twitter_misc":{"Est. reading time":"2 minutes"},"schema":{"@context":"https:\/\/schema.org","@graph":[{"@type":"WebPage","@id":"https:\/\/www.ovidiudragosargesanu.ro\/en\/shop\/cursuri-premium\/karuna\/curs-karuna-1-2-oradea-acces-online\/","url":"https:\/\/www.ovidiudragosargesanu.ro\/en\/shop\/cursuri-premium\/karuna\/curs-karuna-1-2-oradea-acces-online\/","name":"Curs: Karuna 1, 2 - Oradea- acces online - Ovidiu Drago\u0219 Arge\u0219anu","isPartOf":{"@id":"https:\/\/www.ovidiudragosargesanu.ro\/en\/#website"},"primaryImageOfPage":{"@id":"https:\/\/www.ovidiudragosargesanu.ro\/en\/shop\/cursuri-premium\/karuna\/curs-karuna-1-2-oradea-acces-online\/#primaryimage"},"image":{"@id":"https:\/\/www.ovidiudragosargesanu.ro\/en\/shop\/cursuri-premium\/karuna\/curs-karuna-1-2-oradea-acces-online\/#primaryimage"},"thumbnailUrl":"https:\/\/www.ovidiudragosargesanu.ro\/en\/wp-content\/uploads\/2024\/04\/Curs-premium-Karuna-gradul-1-si-2-Oradea-600X800.png","datePublished":"2024-04-19T07:02:26+00:00","dateModified":"2025-10-02T14:22:23+00:00","description":"Cursul: ,,Karuna 1, 2- acces online\u201d sus\u021binut de dr. Ovidiu Drago\u0219 Arge\u0219anu la Oradea \u00een data de 29 mai 2024 \u00eencep\u00e2nd cu ora 18.00 la Hotel Maxim Oradea.","breadcrumb":{"@id":"https:\/\/www.ovidiudragosargesanu.ro\/en\/shop\/cursuri-premium\/karuna\/curs-karuna-1-2-oradea-acces-online\/#breadcrumb"},"inLanguage":"en-US","potentialAction":[{"@type":"ReadAction","target":["https:\/\/www.ovidiudragosargesanu.ro\/en\/shop\/cursuri-premium\/karuna\/curs-karuna-1-2-oradea-acces-online\/"]}]},{"@type":"ImageObject","inLanguage":"en-US","@id":"https:\/\/www.ovidiudragosargesanu.ro\/en\/shop\/cursuri-premium\/karuna\/curs-karuna-1-2-oradea-acces-online\/#primaryimage","url":"https:\/\/www.ovidiudragosargesanu.ro\/en\/wp-content\/uploads\/2024\/04\/Curs-premium-Karuna-gradul-1-si-2-Oradea-600X800.png","contentUrl":"https:\/\/www.ovidiudragosargesanu.ro\/en\/wp-content\/uploads\/2024\/04\/Curs-premium-Karuna-gradul-1-si-2-Oradea-600X800.png","width":600,"height":800},{"@type":"BreadcrumbList","@id":"https:\/\/www.ovidiudragosargesanu.ro\/en\/shop\/cursuri-premium\/karuna\/curs-karuna-1-2-oradea-acces-online\/#breadcrumb","itemListElement":[{"@type":"ListItem","position":1,"name":"Prima pagin\u0103","item":"https:\/\/www.ovidiudragosargesanu.ro\/en\/"},{"@type":"ListItem","position":2,"name":"Shop","item":"https:\/\/www.ovidiudragosargesanu.ro\/en\/shop\/"},{"@type":"ListItem","position":3,"name":"Curs: Karuna 1, 2 &#8211; Oradea- acces online"}]},{"@type":"WebSite","@id":"https:\/\/www.ovidiudragosargesanu.ro\/en\/#website","url":"https:\/\/www.ovidiudragosargesanu.ro\/en\/","name":"Ovidiu Drago\u0219 Arge\u0219anu","description":"","publisher":{"@id":"https:\/\/www.ovidiudragosargesanu.ro\/en\/#organization"},"potentialAction":[{"@type":"SearchAction","target":{"@type":"EntryPoint","urlTemplate":"https:\/\/www.ovidiudragosargesanu.ro\/en\/?s={search_term_string}"},"query-input":{"@type":"PropertyValueSpecification","valueRequired":true,"valueName":"search_term_string"}}],"inLanguage":"en-US"},{"@type":"Organization","@id":"https:\/\/www.ovidiudragosargesanu.ro\/en\/#organization","name":"Ovidiu Drago\u0219 Arge\u0219anu","url":"https:\/\/www.ovidiudragosargesanu.ro\/en\/","logo":{"@type":"ImageObject","inLanguage":"en-US","@id":"https:\/\/www.ovidiudragosargesanu.ro\/en\/#\/schema\/logo\/image\/","url":"https:\/\/www.ovidiudragosargesanu.ro\/en\/wp-content\/uploads\/2018\/03\/dragos-logo-lotus-black-400.svg","contentUrl":"https:\/\/www.ovidiudragosargesanu.ro\/en\/wp-content\/uploads\/2018\/03\/dragos-logo-lotus-black-400.svg","width":300,"height":150,"caption":"Ovidiu Drago\u0219 Arge\u0219anu"},"image":{"@id":"https:\/\/www.ovidiudragosargesanu.ro\/en\/#\/schema\/logo\/image\/"}}]}},"_links":{"self":[{"href":"https:\/\/www.ovidiudragosargesanu.ro\/en\/wp-json\/wp\/v2\/product\/7911","targetHints":{"allow":["GET"]}}],"collection":[{"href":"https:\/\/www.ovidiudragosargesanu.ro\/en\/wp-json\/wp\/v2\/product"}],"about":[{"href":"https:\/\/www.ovidiudragosargesanu.ro\/en\/wp-json\/wp\/v2\/types\/product"}],"version-history":[{"count":5,"href":"https:\/\/www.ovidiudragosargesanu.ro\/en\/wp-json\/wp\/v2\/product\/7911\/revisions"}],"predecessor-version":[{"id":10812,"href":"https:\/\/www.ovidiudragosargesanu.ro\/en\/wp-json\/wp\/v2\/product\/7911\/revisions\/10812"}],"wp:featuredmedia":[{"embeddable":true,"href":"https:\/\/www.ovidiudragosargesanu.ro\/en\/wp-json\/wp\/v2\/media\/65968"}],"wp:attachment":[{"href":"https:\/\/www.ovidiudragosargesanu.ro\/en\/wp-json\/wp\/v2\/media?parent=7911"}],"wp:term":[{"taxonomy":"product_brand","embeddable":true,"href":"https:\/\/www.ovidiudragosargesanu.ro\/en\/wp-json\/wp\/v2\/product_brand?post=7911"},{"taxonomy":"product_cat","embeddable":true,"href":"https:\/\/www.ovidiudragosargesanu.ro\/en\/wp-json\/wp\/v2\/product_cat?post=7911"},{"taxonomy":"product_tag","embeddable":true,"href":"https:\/\/www.ovidiudragosargesanu.ro\/en\/wp-json\/wp\/v2\/product_tag?post=7911"}],"curies":[{"name":"wp","href":"https:\/\/api.w.org\/{rel}","templated":true}]}}