{"id":9662,"date":"2024-05-24T17:01:26","date_gmt":"2024-05-24T15:01:26","guid":{"rendered":"https:\/\/www.ovidiudragosargesanu.ro\/?post_type=product&#038;p=9662"},"modified":"2025-10-07T18:25:26","modified_gmt":"2025-10-07T15:25:26","slug":"curs-jumatatea-mea-barbatul-londra-acces-online","status":"publish","type":"product","link":"https:\/\/www.ovidiudragosargesanu.ro\/en\/shop\/cursuri-premium\/supraconstiinta-cursuri-premium\/curs-jumatatea-mea-barbatul-londra-acces-online\/","title":{"rendered":"Curs: Jumatatea mea, barbatul &#8211; Londra- acces online"},"content":{"rendered":"<div dir=\"auto\">\n<p><span style=\"font-weight: 400;\">Cursul: ,,Jum\u0103tatea mea, b\u0103rbatul &#8211; acces online\u201d sus\u021binut de dr. Ovidiu Drago\u0219 Arge\u0219anu la Londra \u00een data de 18 iulie 2024 \u00ee\u021bi ofer\u0103 un spa\u021biu pentru auto-reflec\u021bie facilit\u00e2nd transformarea rela\u021biei tale.\u00a0<\/span><\/p>\n<p><span style=\"font-weight: 400;\">,,Am v\u0103zut atitudinea prietenilor \u0219i femeilor schimb\u00e2ndu-se fa\u021b\u0103 de ei pe m\u0103sur\u0103 ce au crescut ca spirite. \u00cemi plac oamenii. Acum \u00eei admir \u0219i \u00eei iubesc \u0219i mai mult pentru poten\u021bialul pe care au ajuns s\u0103-l ating\u0103 unii dintre ei. \u00cemi place s\u0103 v\u0103d b\u0103rbatul ridic\u00e2ndu-se, dezvolt\u00e2ndu-se \u0219i lumin\u00e2nd. \u00cemi place, ca maestru, ca om \u0219i ca b\u0103rbat s\u0103 admir puterea, determinarea \u0219i str\u0103lucirea Yang-ului din b\u0103rbat \u0219i nimic nu se compar\u0103 cu observarea DEVENIRII LUI, A B\u0102RBATULUI\u2026\u201d &#8211; dr. Ovidiu Drago\u0219 Arge\u0219anu.<\/span><\/p>\n<p>&nbsp;<\/p>\n<\/div>\n<p>&nbsp;<\/p>\n<div dir=\"auto\">\n<p>&nbsp;<\/p>\n<p>&nbsp;<\/p>\n<\/div>\n","protected":false},"excerpt":{"rendered":"<p><span style=\"font-weight: 400;\">Cursul: ,,Jum\u0103tatea mea, b\u0103rbatul &#8211; acces online\u201d sus\u021binut de dr. Ovidiu Drago\u0219 Arge\u0219anu la Londra \u00een data de 18 iulie 2024.<\/span><\/p>\n<p><span style=\"font-weight: 400;\">Pute\u021bi achizi\u021biona cartea ,,Jum\u0103tatea mea, b\u0103rbatul\u201d de <a href=\"https:\/\/www.ovidiudragosargesanu.ro\/product\/carti\/dezvoltare-personala\/jumatatea-mea-barbatul\/\">aici<\/a>.<\/span><\/p>\n","protected":false},"featured_media":66453,"template":"","meta":{"inline_featured_image":false},"product_brand":[],"product_cat":[602,737],"product_tag":[],"class_list":{"0":"post-9662","1":"product","2":"type-product","3":"status-publish","4":"has-post-thumbnail","6":"product_cat-cursuri-premium","7":"product_cat-supraconstiinta-cursuri-premium","9":"first","10":"instock","11":"virtual","12":"sold-individually","13":"taxable","14":"purchasable","15":"product-type-simple"},"yoast_head":"<!-- This site is optimized with the Yoast SEO plugin v26.9 - https:\/\/yoast.com\/product\/yoast-seo-wordpress\/ -->\n<title>Curs: Jumatatea mea, barbatul - Londra- acces online - Ovidiu Drago\u0219 Arge\u0219anu<\/title>\n<meta name=\"description\" content=\"Cursul: ,,Jum\u0103tatea mea, b\u0103rbatul - acces online\u201d sus\u021binut de dr. Ovidiu Drago\u0219 Arge\u0219anu la Londra \u00een data de 18 iulie 2024\" \/>\n<meta name=\"robots\" content=\"noindex, follow, max-snippet:-1, max-image-preview:large, max-video-preview:-1\" \/>\n<meta property=\"og:locale\" content=\"en_US\" \/>\n<meta property=\"og:type\" content=\"article\" \/>\n<meta property=\"og:title\" content=\"Curs: Jumatatea mea, barbatul - Londra- acces online - Ovidiu Drago\u0219 Arge\u0219anu\" \/>\n<meta property=\"og:description\" content=\"Cursul: ,,Jum\u0103tatea mea, b\u0103rbatul - acces online\u201d sus\u021binut de dr. Ovidiu Drago\u0219 Arge\u0219anu la Londra \u00een data de 18 iulie 2024\" \/>\n<meta property=\"og:url\" content=\"https:\/\/www.ovidiudragosargesanu.ro\/en\/shop\/cursuri-premium\/supraconstiinta-cursuri-premium\/curs-jumatatea-mea-barbatul-londra-acces-online\/\" \/>\n<meta property=\"og:site_name\" content=\"Ovidiu Drago\u0219 Arge\u0219anu\" \/>\n<meta property=\"article:modified_time\" content=\"2025-10-07T15:25:26+00:00\" \/>\n<meta property=\"og:image\" content=\"https:\/\/www.ovidiudragosargesanu.ro\/en\/wp-content\/uploads\/2024\/05\/Conferinta-premium-Abundenta-si-bunastarea-600X800.png\" \/>\n\t<meta property=\"og:image:width\" content=\"600\" \/>\n\t<meta property=\"og:image:height\" content=\"800\" \/>\n\t<meta property=\"og:image:type\" content=\"image\/png\" \/>\n<meta name=\"twitter:card\" content=\"summary_large_image\" \/>\n<meta name=\"twitter:label1\" content=\"Est. reading time\" \/>\n\t<meta name=\"twitter:data1\" content=\"1 minute\" \/>\n<script type=\"application\/ld+json\" class=\"yoast-schema-graph\">{\"@context\":\"https:\/\/schema.org\",\"@graph\":[{\"@type\":\"WebPage\",\"@id\":\"https:\/\/www.ovidiudragosargesanu.ro\/en\/shop\/cursuri-premium\/supraconstiinta-cursuri-premium\/curs-jumatatea-mea-barbatul-londra-acces-online\/\",\"url\":\"https:\/\/www.ovidiudragosargesanu.ro\/en\/shop\/cursuri-premium\/supraconstiinta-cursuri-premium\/curs-jumatatea-mea-barbatul-londra-acces-online\/\",\"name\":\"Curs: Jumatatea mea, barbatul - Londra- acces online - Ovidiu Drago\u0219 Arge\u0219anu\",\"isPartOf\":{\"@id\":\"https:\/\/www.ovidiudragosargesanu.ro\/en\/#website\"},\"primaryImageOfPage\":{\"@id\":\"https:\/\/www.ovidiudragosargesanu.ro\/en\/shop\/cursuri-premium\/supraconstiinta-cursuri-premium\/curs-jumatatea-mea-barbatul-londra-acces-online\/#primaryimage\"},\"image\":{\"@id\":\"https:\/\/www.ovidiudragosargesanu.ro\/en\/shop\/cursuri-premium\/supraconstiinta-cursuri-premium\/curs-jumatatea-mea-barbatul-londra-acces-online\/#primaryimage\"},\"thumbnailUrl\":\"https:\/\/www.ovidiudragosargesanu.ro\/en\/wp-content\/uploads\/2024\/05\/Conferinta-premium-Abundenta-si-bunastarea-600X800.png\",\"datePublished\":\"2024-05-24T15:01:26+00:00\",\"dateModified\":\"2025-10-07T15:25:26+00:00\",\"description\":\"Cursul: ,,Jum\u0103tatea mea, b\u0103rbatul - acces online\u201d sus\u021binut de dr. Ovidiu Drago\u0219 Arge\u0219anu la Londra \u00een data de 18 iulie 2024\",\"breadcrumb\":{\"@id\":\"https:\/\/www.ovidiudragosargesanu.ro\/en\/shop\/cursuri-premium\/supraconstiinta-cursuri-premium\/curs-jumatatea-mea-barbatul-londra-acces-online\/#breadcrumb\"},\"inLanguage\":\"en-US\",\"potentialAction\":[{\"@type\":\"ReadAction\",\"target\":[\"https:\/\/www.ovidiudragosargesanu.ro\/en\/shop\/cursuri-premium\/supraconstiinta-cursuri-premium\/curs-jumatatea-mea-barbatul-londra-acces-online\/\"]}]},{\"@type\":\"ImageObject\",\"inLanguage\":\"en-US\",\"@id\":\"https:\/\/www.ovidiudragosargesanu.ro\/en\/shop\/cursuri-premium\/supraconstiinta-cursuri-premium\/curs-jumatatea-mea-barbatul-londra-acces-online\/#primaryimage\",\"url\":\"https:\/\/www.ovidiudragosargesanu.ro\/en\/wp-content\/uploads\/2024\/05\/Conferinta-premium-Abundenta-si-bunastarea-600X800.png\",\"contentUrl\":\"https:\/\/www.ovidiudragosargesanu.ro\/en\/wp-content\/uploads\/2024\/05\/Conferinta-premium-Abundenta-si-bunastarea-600X800.png\",\"width\":600,\"height\":800},{\"@type\":\"BreadcrumbList\",\"@id\":\"https:\/\/www.ovidiudragosargesanu.ro\/en\/shop\/cursuri-premium\/supraconstiinta-cursuri-premium\/curs-jumatatea-mea-barbatul-londra-acces-online\/#breadcrumb\",\"itemListElement\":[{\"@type\":\"ListItem\",\"position\":1,\"name\":\"Prima pagin\u0103\",\"item\":\"https:\/\/www.ovidiudragosargesanu.ro\/en\/\"},{\"@type\":\"ListItem\",\"position\":2,\"name\":\"Shop\",\"item\":\"https:\/\/www.ovidiudragosargesanu.ro\/en\/shop\/\"},{\"@type\":\"ListItem\",\"position\":3,\"name\":\"Curs: Jumatatea mea, barbatul &#8211; Londra- acces online\"}]},{\"@type\":\"WebSite\",\"@id\":\"https:\/\/www.ovidiudragosargesanu.ro\/en\/#website\",\"url\":\"https:\/\/www.ovidiudragosargesanu.ro\/en\/\",\"name\":\"Ovidiu Drago\u0219 Arge\u0219anu\",\"description\":\"\",\"publisher\":{\"@id\":\"https:\/\/www.ovidiudragosargesanu.ro\/en\/#organization\"},\"potentialAction\":[{\"@type\":\"SearchAction\",\"target\":{\"@type\":\"EntryPoint\",\"urlTemplate\":\"https:\/\/www.ovidiudragosargesanu.ro\/en\/?s={search_term_string}\"},\"query-input\":{\"@type\":\"PropertyValueSpecification\",\"valueRequired\":true,\"valueName\":\"search_term_string\"}}],\"inLanguage\":\"en-US\"},{\"@type\":\"Organization\",\"@id\":\"https:\/\/www.ovidiudragosargesanu.ro\/en\/#organization\",\"name\":\"Ovidiu Drago\u0219 Arge\u0219anu\",\"url\":\"https:\/\/www.ovidiudragosargesanu.ro\/en\/\",\"logo\":{\"@type\":\"ImageObject\",\"inLanguage\":\"en-US\",\"@id\":\"https:\/\/www.ovidiudragosargesanu.ro\/en\/#\/schema\/logo\/image\/\",\"url\":\"https:\/\/www.ovidiudragosargesanu.ro\/en\/wp-content\/uploads\/2018\/03\/dragos-logo-lotus-black-400.svg\",\"contentUrl\":\"https:\/\/www.ovidiudragosargesanu.ro\/en\/wp-content\/uploads\/2018\/03\/dragos-logo-lotus-black-400.svg\",\"width\":300,\"height\":150,\"caption\":\"Ovidiu Drago\u0219 Arge\u0219anu\"},\"image\":{\"@id\":\"https:\/\/www.ovidiudragosargesanu.ro\/en\/#\/schema\/logo\/image\/\"}}]}<\/script>\n<!-- \/ Yoast SEO plugin. -->","yoast_head_json":{"title":"Curs: Jumatatea mea, barbatul - Londra- acces online - Ovidiu Drago\u0219 Arge\u0219anu","description":"Cursul: ,,Jum\u0103tatea mea, b\u0103rbatul - acces online\u201d sus\u021binut de dr. Ovidiu Drago\u0219 Arge\u0219anu la Londra \u00een data de 18 iulie 2024","robots":{"index":"noindex","follow":"follow","max-snippet":"max-snippet:-1","max-image-preview":"max-image-preview:large","max-video-preview":"max-video-preview:-1"},"og_locale":"en_US","og_type":"article","og_title":"Curs: Jumatatea mea, barbatul - Londra- acces online - Ovidiu Drago\u0219 Arge\u0219anu","og_description":"Cursul: ,,Jum\u0103tatea mea, b\u0103rbatul - acces online\u201d sus\u021binut de dr. Ovidiu Drago\u0219 Arge\u0219anu la Londra \u00een data de 18 iulie 2024","og_url":"https:\/\/www.ovidiudragosargesanu.ro\/en\/shop\/cursuri-premium\/supraconstiinta-cursuri-premium\/curs-jumatatea-mea-barbatul-londra-acces-online\/","og_site_name":"Ovidiu Drago\u0219 Arge\u0219anu","article_modified_time":"2025-10-07T15:25:26+00:00","og_image":[{"width":600,"height":800,"url":"https:\/\/www.ovidiudragosargesanu.ro\/en\/wp-content\/uploads\/2024\/05\/Conferinta-premium-Abundenta-si-bunastarea-600X800.png","type":"image\/png"}],"twitter_card":"summary_large_image","twitter_misc":{"Est. reading time":"1 minute"},"schema":{"@context":"https:\/\/schema.org","@graph":[{"@type":"WebPage","@id":"https:\/\/www.ovidiudragosargesanu.ro\/en\/shop\/cursuri-premium\/supraconstiinta-cursuri-premium\/curs-jumatatea-mea-barbatul-londra-acces-online\/","url":"https:\/\/www.ovidiudragosargesanu.ro\/en\/shop\/cursuri-premium\/supraconstiinta-cursuri-premium\/curs-jumatatea-mea-barbatul-londra-acces-online\/","name":"Curs: Jumatatea mea, barbatul - Londra- acces online - Ovidiu Drago\u0219 Arge\u0219anu","isPartOf":{"@id":"https:\/\/www.ovidiudragosargesanu.ro\/en\/#website"},"primaryImageOfPage":{"@id":"https:\/\/www.ovidiudragosargesanu.ro\/en\/shop\/cursuri-premium\/supraconstiinta-cursuri-premium\/curs-jumatatea-mea-barbatul-londra-acces-online\/#primaryimage"},"image":{"@id":"https:\/\/www.ovidiudragosargesanu.ro\/en\/shop\/cursuri-premium\/supraconstiinta-cursuri-premium\/curs-jumatatea-mea-barbatul-londra-acces-online\/#primaryimage"},"thumbnailUrl":"https:\/\/www.ovidiudragosargesanu.ro\/en\/wp-content\/uploads\/2024\/05\/Conferinta-premium-Abundenta-si-bunastarea-600X800.png","datePublished":"2024-05-24T15:01:26+00:00","dateModified":"2025-10-07T15:25:26+00:00","description":"Cursul: ,,Jum\u0103tatea mea, b\u0103rbatul - acces online\u201d sus\u021binut de dr. Ovidiu Drago\u0219 Arge\u0219anu la Londra \u00een data de 18 iulie 2024","breadcrumb":{"@id":"https:\/\/www.ovidiudragosargesanu.ro\/en\/shop\/cursuri-premium\/supraconstiinta-cursuri-premium\/curs-jumatatea-mea-barbatul-londra-acces-online\/#breadcrumb"},"inLanguage":"en-US","potentialAction":[{"@type":"ReadAction","target":["https:\/\/www.ovidiudragosargesanu.ro\/en\/shop\/cursuri-premium\/supraconstiinta-cursuri-premium\/curs-jumatatea-mea-barbatul-londra-acces-online\/"]}]},{"@type":"ImageObject","inLanguage":"en-US","@id":"https:\/\/www.ovidiudragosargesanu.ro\/en\/shop\/cursuri-premium\/supraconstiinta-cursuri-premium\/curs-jumatatea-mea-barbatul-londra-acces-online\/#primaryimage","url":"https:\/\/www.ovidiudragosargesanu.ro\/en\/wp-content\/uploads\/2024\/05\/Conferinta-premium-Abundenta-si-bunastarea-600X800.png","contentUrl":"https:\/\/www.ovidiudragosargesanu.ro\/en\/wp-content\/uploads\/2024\/05\/Conferinta-premium-Abundenta-si-bunastarea-600X800.png","width":600,"height":800},{"@type":"BreadcrumbList","@id":"https:\/\/www.ovidiudragosargesanu.ro\/en\/shop\/cursuri-premium\/supraconstiinta-cursuri-premium\/curs-jumatatea-mea-barbatul-londra-acces-online\/#breadcrumb","itemListElement":[{"@type":"ListItem","position":1,"name":"Prima pagin\u0103","item":"https:\/\/www.ovidiudragosargesanu.ro\/en\/"},{"@type":"ListItem","position":2,"name":"Shop","item":"https:\/\/www.ovidiudragosargesanu.ro\/en\/shop\/"},{"@type":"ListItem","position":3,"name":"Curs: Jumatatea mea, barbatul &#8211; Londra- acces online"}]},{"@type":"WebSite","@id":"https:\/\/www.ovidiudragosargesanu.ro\/en\/#website","url":"https:\/\/www.ovidiudragosargesanu.ro\/en\/","name":"Ovidiu Drago\u0219 Arge\u0219anu","description":"","publisher":{"@id":"https:\/\/www.ovidiudragosargesanu.ro\/en\/#organization"},"potentialAction":[{"@type":"SearchAction","target":{"@type":"EntryPoint","urlTemplate":"https:\/\/www.ovidiudragosargesanu.ro\/en\/?s={search_term_string}"},"query-input":{"@type":"PropertyValueSpecification","valueRequired":true,"valueName":"search_term_string"}}],"inLanguage":"en-US"},{"@type":"Organization","@id":"https:\/\/www.ovidiudragosargesanu.ro\/en\/#organization","name":"Ovidiu Drago\u0219 Arge\u0219anu","url":"https:\/\/www.ovidiudragosargesanu.ro\/en\/","logo":{"@type":"ImageObject","inLanguage":"en-US","@id":"https:\/\/www.ovidiudragosargesanu.ro\/en\/#\/schema\/logo\/image\/","url":"https:\/\/www.ovidiudragosargesanu.ro\/en\/wp-content\/uploads\/2018\/03\/dragos-logo-lotus-black-400.svg","contentUrl":"https:\/\/www.ovidiudragosargesanu.ro\/en\/wp-content\/uploads\/2018\/03\/dragos-logo-lotus-black-400.svg","width":300,"height":150,"caption":"Ovidiu Drago\u0219 Arge\u0219anu"},"image":{"@id":"https:\/\/www.ovidiudragosargesanu.ro\/en\/#\/schema\/logo\/image\/"}}]}},"_links":{"self":[{"href":"https:\/\/www.ovidiudragosargesanu.ro\/en\/wp-json\/wp\/v2\/product\/9662","targetHints":{"allow":["GET"]}}],"collection":[{"href":"https:\/\/www.ovidiudragosargesanu.ro\/en\/wp-json\/wp\/v2\/product"}],"about":[{"href":"https:\/\/www.ovidiudragosargesanu.ro\/en\/wp-json\/wp\/v2\/types\/product"}],"version-history":[{"count":4,"href":"https:\/\/www.ovidiudragosargesanu.ro\/en\/wp-json\/wp\/v2\/product\/9662\/revisions"}],"predecessor-version":[{"id":13109,"href":"https:\/\/www.ovidiudragosargesanu.ro\/en\/wp-json\/wp\/v2\/product\/9662\/revisions\/13109"}],"wp:featuredmedia":[{"embeddable":true,"href":"https:\/\/www.ovidiudragosargesanu.ro\/en\/wp-json\/wp\/v2\/media\/66453"}],"wp:attachment":[{"href":"https:\/\/www.ovidiudragosargesanu.ro\/en\/wp-json\/wp\/v2\/media?parent=9662"}],"wp:term":[{"taxonomy":"product_brand","embeddable":true,"href":"https:\/\/www.ovidiudragosargesanu.ro\/en\/wp-json\/wp\/v2\/product_brand?post=9662"},{"taxonomy":"product_cat","embeddable":true,"href":"https:\/\/www.ovidiudragosargesanu.ro\/en\/wp-json\/wp\/v2\/product_cat?post=9662"},{"taxonomy":"product_tag","embeddable":true,"href":"https:\/\/www.ovidiudragosargesanu.ro\/en\/wp-json\/wp\/v2\/product_tag?post=9662"}],"curies":[{"name":"wp","href":"https:\/\/api.w.org\/{rel}","templated":true}]}}